{"id":2050,"date":"2019-09-04T10:49:46","date_gmt":"2019-09-04T10:49:46","guid":{"rendered":"http:\/\/impreza15.us-themes.com\/?page_id=2050"},"modified":"2023-08-27T11:26:54","modified_gmt":"2023-08-27T11:26:54","slug":"shipping","status":"publish","type":"page","link":"https:\/\/decolights.eu\/cs\/shipping\/","title":{"rendered":"Lodn\u00ed doprava"},"content":{"rendered":"<section class=\"section\" id=\"section_308413807\">\n\t\t<div class=\"bg section-bg fill bg-fill\" >\n\n\t\t\t\n\t\t\t\n\t\t\t\n\n\t\t<\/div>\n\n\t\t\n\n\t\t<div class=\"section-content relative\">\n\t\t\t\n\n<div class=\"row row-collapse\"  id=\"row-1350771945\">\n\n\n\t<div id=\"col-480922413\" class=\"col small-12 large-12\"  >\n\t\t\t\t<div class=\"col-inner\"  >\n\t\t\t\n\t\t\t\n\n\t<div id=\"text-3347059772\" class=\"text\">\n\t\t\n\n<h2><strong>Lodn\u00ed doprava<\/strong><\/h2>\n\t\t\n<style>\n#text-3347059772 {\n  font-size: 2rem;\n  text-align: center;\n  color: rgb(255,255,255);\n}\n#text-3347059772 > * {\n  color: rgb(255,255,255);\n}\n<\/style>\n\t<\/div>\n\t\n\n\t\t<\/div>\n\t\t\t\t\n<style>\n#col-480922413 > .col-inner {\n  margin: 0px 0px -10px 0px;\n}\n<\/style>\n\t<\/div>\n\n\t\n\n<\/div>\n\n\t\t<\/div>\n\n\t\t\n<style>\n#section_308413807 {\n  padding-top: 30px;\n  padding-bottom: 30px;\n  background-color: rgb(0,0,0);\n}\n#section_308413807 .section-bg.bg-loaded {\n  background-image: url(https:\/\/decolights.eu\/wp-content\/uploads\/2023\/07\/decolights-shop-banner-black-new-scaled.jpg);\n}\n<\/style>\n\t<\/section>\n\t\n\t<section class=\"section\" id=\"section_717113190\">\n\t\t<div class=\"bg section-bg fill bg-fill  bg-loaded\" >\n\n\t\t\t\n\t\t\t\n\t\t\t\n\n\t\t<\/div>\n\n\t\t\n\n\t\t<div class=\"section-content relative\">\n\t\t\t\n\n<div class=\"row row-small align-center\"  id=\"row-572904472\">\n\n\n\t<div id=\"col-973145169\" class=\"col medium-11 small-12 large-11\"  >\n\t\t\t\t<div class=\"col-inner\"  >\n\t\t\t\n\t\t\t\n\n<div class=\"PageContent PageContent--narrow Rte\">\n<p>V\u011bt\u0161ina na\u0161ich objedn\u00e1vek je doru\u010dena p\u0159ibli\u017en\u011b za 3\u20137 pracovn\u00edch dn\u016f, ale jak v\u00edte, existuje spousta prom\u011bnn\u00fdch, kter\u00e9 mohou ovlivnit dodac\u00ed lh\u016fty.<\/p>\n<div class=\"TableWrapper\">\n<table style=\"height: 317px;\" width=\"232\">\n<tbody>\n<tr>\n<td>Polsko<\/td>\n<td>3 \u2013 5 pracovn\u00edch dn\u016f<\/td>\n<\/tr>\n<tr>\n<td>Litva<\/td>\n<td>3 \u2013 5 pracovn\u00edch dn\u016f<\/td>\n<\/tr>\n<tr>\n<td>N\u011bmecko<\/td>\n<td>3 \u2013 5 pracovn\u00edch dn\u016f<\/td>\n<\/tr>\n<tr>\n<td>\u0160pan\u011blsko<\/td>\n<td>3 \u2013 5 pracovn\u00edch dn\u016f<\/td>\n<\/tr>\n<tr>\n<td>\u010cesko<\/td>\n<td>3 \u2013 5 pracovn\u00edch dn\u016f<\/td>\n<\/tr>\n<tr>\n<td>Slovensko<\/td>\n<td>3 \u2013 5 pracovn\u00edch dn\u016f<\/td>\n<\/tr>\n<\/tbody>\n<\/table>\n<\/div>\n<ul>\n<li>\n<div class=\"TableWrapper\">Doprava zdarma od 99 \u20ac (3\u20137 pracovn\u00edch dn\u016f) \u2013 <strong>\u20ac0<\/strong><\/div>\n<\/li>\n<\/ul>\n<p>We will ship your order with an international post and logistics companies or other local postal courier.<\/p>\n<p>Pokud uplynulo 20 pracovn\u00edch dn\u016f a vy jste neobdr\u017eeli svou objedn\u00e1vku, pros\u00edm\u00a0<a href=\"https:\/\/decolights.eu\/cs\/contact\/\">Kontaktujte n\u00e1s<\/a>.<\/p>\n<p><strong>P\u0159epravn\u00ed podm\u00ednky:<\/strong><\/p>\n<ul>\n<li>V\u0161echny objedn\u00e1vky jsou expedov\u00e1ny z na\u0161eho skladu b\u011bhem 1-2 pracovn\u00edch dn\u016f.<\/li>\n<\/ul>\n<h5><a href=\"https:\/\/decolights.eu\/cs\/contact\/\"><strong><span style=\"color: #f09e33;\">POKUD M\u00c1TE DAL\u0160\u00cd DOTAZY, NEV\u00c1HEJTE N\u00c1M PO\u0160LETE DOPIS!<\/span><\/strong><\/a><\/h5>\n<\/div>\n\n\t\t<\/div>\n\t\t\t\t\t<\/div>\n\n\t\n\n<\/div>\n\n\t\t<\/div>\n\n\t\t\n<style>\n#section_717113190 {\n  padding-top: 40px;\n  padding-bottom: 40px;\n  background-color: rgb(255,255,255);\n}\n<\/style>\n\t<\/section>","protected":false},"excerpt":{"rendered":"","protected":false},"author":1,"featured_media":0,"parent":0,"menu_order":0,"comment_status":"closed","ping_status":"closed","template":"page-blank.php","meta":{"footnotes":""},"class_list":["post-2050","page","type-page","status-publish","hentry"],"yoast_head":"<!-- This site is optimized with the Yoast SEO plugin v27.3 - https:\/\/yoast.com\/product\/yoast-seo-wordpress\/ -->\n<title>Shipping Information - Decolights.eu<\/title>\n<meta name=\"description\" content=\"Decolights.eu Information about the timing and types of delivery. We operate a next business day dispatch policy.\" \/>\n<meta name=\"robots\" content=\"index, follow, max-snippet:-1, max-image-preview:large, max-video-preview:-1\" \/>\n<link rel=\"canonical\" href=\"https:\/\/decolights.eu\/cs\/shipping\/\" \/>\n<meta property=\"og:locale\" content=\"cs_CZ\" \/>\n<meta property=\"og:type\" content=\"article\" \/>\n<meta property=\"og:title\" content=\"Shipping Information - Decolights.eu\" \/>\n<meta property=\"og:description\" content=\"Decolights.eu Information about the timing and types of delivery. We operate a next business day dispatch policy.\" \/>\n<meta property=\"og:url\" content=\"https:\/\/decolights.eu\/cs\/shipping\/\" \/>\n<meta property=\"og:site_name\" content=\"Decolights.eu\" \/>\n<meta property=\"article:modified_time\" content=\"2023-08-27T11:26:54+00:00\" \/>\n<meta property=\"og:image\" content=\"https:\/\/decolights.eu\/wp-content\/uploads\/2023\/07\/DecoLights-yoast-logo.jpg\" \/>\n\t<meta property=\"og:image:width\" content=\"1200\" \/>\n\t<meta property=\"og:image:height\" content=\"675\" \/>\n\t<meta property=\"og:image:type\" content=\"image\/jpeg\" \/>\n<meta name=\"twitter:card\" content=\"summary_large_image\" \/>\n<meta name=\"twitter:label1\" content=\"Odhadovan\u00e1 doba \u010dten\u00ed\" \/>\n\t<meta name=\"twitter:data1\" content=\"1 minuta\" \/>\n<script type=\"application\/ld+json\" class=\"yoast-schema-graph\">{\"@context\":\"https:\\\/\\\/schema.org\",\"@graph\":[{\"@type\":\"WebPage\",\"@id\":\"https:\\\/\\\/decolights.eu\\\/shipping\\\/\",\"url\":\"https:\\\/\\\/decolights.eu\\\/shipping\\\/\",\"name\":\"Shipping Information - Decolights.eu\",\"isPartOf\":{\"@id\":\"https:\\\/\\\/decolights.eu\\\/#website\"},\"datePublished\":\"2019-09-04T10:49:46+00:00\",\"dateModified\":\"2023-08-27T11:26:54+00:00\",\"description\":\"Decolights.eu Information about the timing and types of delivery. We operate a next business day dispatch policy.\",\"inLanguage\":\"cs\",\"potentialAction\":[{\"@type\":\"ReadAction\",\"target\":[\"https:\\\/\\\/decolights.eu\\\/shipping\\\/\"]}]},{\"@type\":\"WebSite\",\"@id\":\"https:\\\/\\\/decolights.eu\\\/#website\",\"url\":\"https:\\\/\\\/decolights.eu\\\/\",\"name\":\"decolights\",\"description\":\"Led Decorations for Home and Garden\",\"publisher\":{\"@id\":\"https:\\\/\\\/decolights.eu\\\/#organization\"},\"alternateName\":\"decolights.eu\",\"potentialAction\":[{\"@type\":\"SearchAction\",\"target\":{\"@type\":\"EntryPoint\",\"urlTemplate\":\"https:\\\/\\\/decolights.eu\\\/?s={search_term_string}\"},\"query-input\":{\"@type\":\"PropertyValueSpecification\",\"valueRequired\":true,\"valueName\":\"search_term_string\"}}],\"inLanguage\":\"cs\"},{\"@type\":\"Organization\",\"@id\":\"https:\\\/\\\/decolights.eu\\\/#organization\",\"name\":\"decolights\",\"url\":\"https:\\\/\\\/decolights.eu\\\/\",\"logo\":{\"@type\":\"ImageObject\",\"inLanguage\":\"cs\",\"@id\":\"https:\\\/\\\/decolights.eu\\\/#\\\/schema\\\/logo\\\/image\\\/\",\"url\":\"https:\\\/\\\/decolights.eu\\\/wp-content\\\/uploads\\\/2023\\\/07\\\/cropped-decolight-siteicon.png\",\"contentUrl\":\"https:\\\/\\\/decolights.eu\\\/wp-content\\\/uploads\\\/2023\\\/07\\\/cropped-decolight-siteicon.png\",\"width\":512,\"height\":512,\"caption\":\"decolights\"},\"image\":{\"@id\":\"https:\\\/\\\/decolights.eu\\\/#\\\/schema\\\/logo\\\/image\\\/\"}}]}<\/script>\n<!-- \/ Yoast SEO plugin. -->","yoast_head_json":{"title":"Informace o doprav\u011b - Decolights.eu","description":"Decolights.eu Informace o na\u010dasov\u00e1n\u00ed a typech doru\u010den\u00ed. Dodr\u017eujeme z\u00e1sady odesl\u00e1n\u00ed n\u00e1sleduj\u00edc\u00ed pracovn\u00ed den.","robots":{"index":"index","follow":"follow","max-snippet":"max-snippet:-1","max-image-preview":"max-image-preview:large","max-video-preview":"max-video-preview:-1"},"canonical":"https:\/\/decolights.eu\/cs\/shipping\/","og_locale":"cs_CZ","og_type":"article","og_title":"Shipping Information - Decolights.eu","og_description":"Decolights.eu Information about the timing and types of delivery. We operate a next business day dispatch policy.","og_url":"https:\/\/decolights.eu\/cs\/shipping\/","og_site_name":"Decolights.eu","article_modified_time":"2023-08-27T11:26:54+00:00","og_image":[{"width":1200,"height":675,"url":"https:\/\/decolights.eu\/wp-content\/uploads\/2023\/07\/DecoLights-yoast-logo.jpg","type":"image\/jpeg"}],"twitter_card":"summary_large_image","twitter_misc":{"Odhadovan\u00e1 doba \u010dten\u00ed":"1 minuta"},"schema":{"@context":"https:\/\/schema.org","@graph":[{"@type":"WebPage","@id":"https:\/\/decolights.eu\/shipping\/","url":"https:\/\/decolights.eu\/shipping\/","name":"Informace o doprav\u011b - Decolights.eu","isPartOf":{"@id":"https:\/\/decolights.eu\/#website"},"datePublished":"2019-09-04T10:49:46+00:00","dateModified":"2023-08-27T11:26:54+00:00","description":"Decolights.eu Informace o na\u010dasov\u00e1n\u00ed a typech doru\u010den\u00ed. Dodr\u017eujeme z\u00e1sady odesl\u00e1n\u00ed n\u00e1sleduj\u00edc\u00ed pracovn\u00ed den.","inLanguage":"cs","potentialAction":[{"@type":"ReadAction","target":["https:\/\/decolights.eu\/shipping\/"]}]},{"@type":"WebSite","@id":"https:\/\/decolights.eu\/#website","url":"https:\/\/decolights.eu\/","name":"decolights","description":"Led dekorace pro d\u016fm a zahradu","publisher":{"@id":"https:\/\/decolights.eu\/#organization"},"alternateName":"decolights.eu","potentialAction":[{"@type":"SearchAction","target":{"@type":"EntryPoint","urlTemplate":"https:\/\/decolights.eu\/?s={search_term_string}"},"query-input":{"@type":"PropertyValueSpecification","valueRequired":true,"valueName":"search_term_string"}}],"inLanguage":"cs"},{"@type":"Organization","@id":"https:\/\/decolights.eu\/#organization","name":"decolights","url":"https:\/\/decolights.eu\/","logo":{"@type":"ImageObject","inLanguage":"cs","@id":"https:\/\/decolights.eu\/#\/schema\/logo\/image\/","url":"https:\/\/decolights.eu\/wp-content\/uploads\/2023\/07\/cropped-decolight-siteicon.png","contentUrl":"https:\/\/decolights.eu\/wp-content\/uploads\/2023\/07\/cropped-decolight-siteicon.png","width":512,"height":512,"caption":"decolights"},"image":{"@id":"https:\/\/decolights.eu\/#\/schema\/logo\/image\/"}}]}},"jetpack_sharing_enabled":true,"_links":{"self":[{"href":"https:\/\/decolights.eu\/cs\/wp-json\/wp\/v2\/pages\/2050","targetHints":{"allow":["GET"]}}],"collection":[{"href":"https:\/\/decolights.eu\/cs\/wp-json\/wp\/v2\/pages"}],"about":[{"href":"https:\/\/decolights.eu\/cs\/wp-json\/wp\/v2\/types\/page"}],"author":[{"embeddable":true,"href":"https:\/\/decolights.eu\/cs\/wp-json\/wp\/v2\/users\/1"}],"replies":[{"embeddable":true,"href":"https:\/\/decolights.eu\/cs\/wp-json\/wp\/v2\/comments?post=2050"}],"version-history":[{"count":2,"href":"https:\/\/decolights.eu\/cs\/wp-json\/wp\/v2\/pages\/2050\/revisions"}],"predecessor-version":[{"id":44731,"href":"https:\/\/decolights.eu\/cs\/wp-json\/wp\/v2\/pages\/2050\/revisions\/44731"}],"wp:attachment":[{"href":"https:\/\/decolights.eu\/cs\/wp-json\/wp\/v2\/media?parent=2050"}],"curies":[{"name":"wp","href":"https:\/\/api.w.org\/{rel}","templated":true}]}}