{"id":43724,"date":"2023-04-24T14:39:05","date_gmt":"2023-04-24T14:39:05","guid":{"rendered":"https:\/\/decolights.eu\/?post_type=product&#038;p=43724"},"modified":"2023-06-09T09:54:45","modified_gmt":"2023-06-09T09:54:45","slug":"led-lambiketi-komplekt-rippuvate-pesadega-4-5m-10-pirni-paikesepaneeliga","status":"publish","type":"product","link":"https:\/\/decolights.eu\/cs\/produkt-2\/led-lambiketi-komplekt-rippuvate-pesadega-4-5m-10-pirni-paikesepaneeliga\/","title":{"rendered":"Festoon LED sv\u011btla se z\u00e1v\u011bsn\u00fdmi \u017e\u00e1rovkami Sol\u00e1rn\u00ed nap\u00e1jen\u00ed 4,5 m 10 \u017e\u00e1rovek"},"content":{"rendered":"<p>Z\u00e1v\u011bsn\u00e1 \u017e\u00e1rovka je pozoruhodn\u00fd v\u00fdrobek, kter\u00fd se skv\u011ble hod\u00ed pro dekorativn\u00ed i praktick\u00e9 osv\u011btlen\u00ed v zahrad\u011b nebo na pozemku. Je to tak\u00e9 velmi dobr\u00e9 sv\u00edtidlo pro v\u00fdzdobu restaurace nebo kancel\u00e1\u0159e. Strh\u00e1v\u00e1 na sebe pozornost a vytv\u00e1\u0159\u00ed velmi kr\u00e1sn\u00fd v\u00fdsledek a n\u00e1ladu.<\/p>\n<p>V\u00fdrobek m\u00e1 sol\u00e1rn\u00ed panel, d\u00edky kter\u00e9mu je energeticky \u00fa\u010dinn\u00fd. Um\u00edst\u011bte sol\u00e1rn\u00ed panel na slunn\u00e9 m\u00edsto a ka\u017ed\u00fd ve\u010der si u\u017eijte v\u00fdsledek!<\/p>\n<ul>\n<li>Celkov\u00e1 d\u00e9lka produktu: 6,6M<\/li>\n<li>Po\u010det \u010dl\u00e1nk\u016f: 10ks<\/li>\n<li>Patice: E27 \/ G45<\/li>\n<li>\u017d\u00e1rovky: 10ks \u017e\u00e1rovky tepl\u00e9 b\u00edl\u00e9 E27<\/li>\n<li>P\u0159\u00edkon \u017e\u00e1rovky: 1W<\/li>\n<li>Pr\u016fm\u011br \u017e\u00e1rovky: 4 cm<\/li>\n<li>D\u00e9lka z\u00e1v\u011bsn\u00fdch \u010d\u00e1st\u00ed: 25 cm<\/li>\n<li>Vzd\u00e1lenost mezi z\u00e1suvkami: 0,5M<\/li>\n<li>D\u00e9lka nap\u00e1jec\u00edho kabelu: 1,6M<\/li>\n<li>Vod\u011bodolnost: IP44<\/li>\n<li>Olovo: PVC<\/li>\n<li>Barva kabelu: \u010cern\u00e1<\/li>\n<li>V\u00fdstupn\u00ed proud: 24V<\/li>\n<li>Nep\u0159etr\u017eit\u011b: Ano, do 5<\/li>\n<\/ul>\n<p>Pozn\u00e1mka: Toto je kompletn\u00ed sada v\u010detn\u011b \u0159et\u011bzu a \u017e\u00e1rovek! \u017d\u00e1rovky jsou zam\u011bniteln\u00e9.<\/p>","protected":false},"excerpt":{"rendered":"<p>The hanging light bulb is a remarkable product that is perfect for decorative and practical lighting in the garden or on a plot. It&#8217;s also a very good lighting fixture for decorating a restaurant or office. It draws attention to itself and creates a very beautiful result and mood. The product has a solar panel [&#8230;]\n","protected":false},"featured_media":43791,"comment_status":"open","ping_status":"closed","template":"","meta":[],"product_brand":[],"product_cat":[226,195,232,171],"product_tag":[],"class_list":{"0":"post-43724","1":"product","2":"type-product","3":"status-publish","4":"has-post-thumbnail","6":"product_cat-outdoor-lights","7":"product_cat-solar-festoon-lights","8":"product_cat-solar-festoon-lights-outdoor-lights","9":"product_cat-solar-lights","11":"first","12":"instock","13":"sale","14":"shipping-taxable","15":"purchasable","16":"product-type-simple"},"yoast_head":"<!-- This site is optimized with the Yoast SEO plugin v27.3 - https:\/\/yoast.com\/product\/yoast-seo-wordpress\/ -->\n<title>Festoon LED Lights with hanging bulbs Solarpowered 4.5m 10 bulbs - Decolights.eu<\/title>\n<meta name=\"description\" content=\"P\u00e4ikesepaneeliga LED lambikett on suve terasside lahutamatu osa! Kaunista sellega nii oma koduaed kui ka restorani v\u00f5i kontori hoov. Osta kohe!\" \/>\n<meta name=\"robots\" content=\"index, follow, max-snippet:-1, max-image-preview:large, max-video-preview:-1\" \/>\n<link rel=\"canonical\" href=\"https:\/\/decolights.eu\/cs\/produkt-2\/led-lambiketi-komplekt-rippuvate-pesadega-4-5m-10-pirni-paikesepaneeliga\/\" \/>\n<meta property=\"og:locale\" content=\"cs_CZ\" \/>\n<meta property=\"og:type\" content=\"article\" \/>\n<meta property=\"og:title\" content=\"Festoon LED Lights with hanging bulbs Solarpowered 4.5m 10 bulbs - Decolights.eu\" \/>\n<meta property=\"og:description\" content=\"P\u00e4ikesepaneeliga LED lambikett on suve terasside lahutamatu osa! Kaunista sellega nii oma koduaed kui ka restorani v\u00f5i kontori hoov. Osta kohe!\" \/>\n<meta property=\"og:url\" content=\"https:\/\/decolights.eu\/cs\/produkt-2\/led-lambiketi-komplekt-rippuvate-pesadega-4-5m-10-pirni-paikesepaneeliga\/\" \/>\n<meta property=\"og:site_name\" content=\"Decolights.eu\" \/>\n<meta property=\"article:modified_time\" content=\"2023-06-09T09:54:45+00:00\" \/>\n<meta property=\"og:image\" content=\"https:\/\/decolights.eu\/wp-content\/uploads\/2023\/05\/23534_s.jpg\" \/>\n\t<meta property=\"og:image:width\" content=\"1417\" \/>\n\t<meta property=\"og:image:height\" content=\"1093\" \/>\n\t<meta property=\"og:image:type\" content=\"image\/jpeg\" \/>\n<meta name=\"twitter:card\" content=\"summary_large_image\" \/>\n<meta name=\"twitter:label1\" content=\"Odhadovan\u00e1 doba \u010dten\u00ed\" \/>\n\t<meta name=\"twitter:data1\" content=\"1 minuta\" \/>\n<script type=\"application\/ld+json\" class=\"yoast-schema-graph\">{\"@context\":\"https:\\\/\\\/schema.org\",\"@graph\":[{\"@type\":\"WebPage\",\"@id\":\"https:\\\/\\\/decolights.eu\\\/product\\\/led-lambiketi-komplekt-rippuvate-pesadega-4-5m-10-pirni-paikesepaneeliga\\\/\",\"url\":\"https:\\\/\\\/decolights.eu\\\/product\\\/led-lambiketi-komplekt-rippuvate-pesadega-4-5m-10-pirni-paikesepaneeliga\\\/\",\"name\":\"Festoon LED Lights with hanging bulbs Solarpowered 4.5m 10 bulbs - Decolights.eu\",\"isPartOf\":{\"@id\":\"https:\\\/\\\/decolights.eu\\\/#website\"},\"primaryImageOfPage\":{\"@id\":\"https:\\\/\\\/decolights.eu\\\/product\\\/led-lambiketi-komplekt-rippuvate-pesadega-4-5m-10-pirni-paikesepaneeliga\\\/#primaryimage\"},\"image\":{\"@id\":\"https:\\\/\\\/decolights.eu\\\/product\\\/led-lambiketi-komplekt-rippuvate-pesadega-4-5m-10-pirni-paikesepaneeliga\\\/#primaryimage\"},\"thumbnailUrl\":\"https:\\\/\\\/decolights.eu\\\/wp-content\\\/uploads\\\/2023\\\/05\\\/23534_s.jpg\",\"datePublished\":\"2023-04-24T14:39:05+00:00\",\"dateModified\":\"2023-06-09T09:54:45+00:00\",\"description\":\"P\u00e4ikesepaneeliga LED lambikett on suve terasside lahutamatu osa! Kaunista sellega nii oma koduaed kui ka restorani v\u00f5i kontori hoov. Osta kohe!\",\"breadcrumb\":{\"@id\":\"https:\\\/\\\/decolights.eu\\\/product\\\/led-lambiketi-komplekt-rippuvate-pesadega-4-5m-10-pirni-paikesepaneeliga\\\/#breadcrumb\"},\"inLanguage\":\"cs\",\"potentialAction\":[{\"@type\":\"ReadAction\",\"target\":[\"https:\\\/\\\/decolights.eu\\\/product\\\/led-lambiketi-komplekt-rippuvate-pesadega-4-5m-10-pirni-paikesepaneeliga\\\/\"]}]},{\"@type\":\"ImageObject\",\"inLanguage\":\"cs\",\"@id\":\"https:\\\/\\\/decolights.eu\\\/product\\\/led-lambiketi-komplekt-rippuvate-pesadega-4-5m-10-pirni-paikesepaneeliga\\\/#primaryimage\",\"url\":\"https:\\\/\\\/decolights.eu\\\/wp-content\\\/uploads\\\/2023\\\/05\\\/23534_s.jpg\",\"contentUrl\":\"https:\\\/\\\/decolights.eu\\\/wp-content\\\/uploads\\\/2023\\\/05\\\/23534_s.jpg\",\"width\":1417,\"height\":1093},{\"@type\":\"BreadcrumbList\",\"@id\":\"https:\\\/\\\/decolights.eu\\\/product\\\/led-lambiketi-komplekt-rippuvate-pesadega-4-5m-10-pirni-paikesepaneeliga\\\/#breadcrumb\",\"itemListElement\":[{\"@type\":\"ListItem\",\"position\":1,\"name\":\"Shop\",\"item\":\"https:\\\/\\\/decolights.eu\\\/shop\\\/\"},{\"@type\":\"ListItem\",\"position\":2,\"name\":\"Festoon LED Lights with hanging bulbs Solarpowered 4.5m 10 bulbs\"}]},{\"@type\":\"WebSite\",\"@id\":\"https:\\\/\\\/decolights.eu\\\/#website\",\"url\":\"https:\\\/\\\/decolights.eu\\\/\",\"name\":\"decolights\",\"description\":\"Led Decorations for Home and Garden\",\"publisher\":{\"@id\":\"https:\\\/\\\/decolights.eu\\\/#organization\"},\"alternateName\":\"decolights.eu\",\"potentialAction\":[{\"@type\":\"SearchAction\",\"target\":{\"@type\":\"EntryPoint\",\"urlTemplate\":\"https:\\\/\\\/decolights.eu\\\/?s={search_term_string}\"},\"query-input\":{\"@type\":\"PropertyValueSpecification\",\"valueRequired\":true,\"valueName\":\"search_term_string\"}}],\"inLanguage\":\"cs\"},{\"@type\":\"Organization\",\"@id\":\"https:\\\/\\\/decolights.eu\\\/#organization\",\"name\":\"decolights\",\"url\":\"https:\\\/\\\/decolights.eu\\\/\",\"logo\":{\"@type\":\"ImageObject\",\"inLanguage\":\"cs\",\"@id\":\"https:\\\/\\\/decolights.eu\\\/#\\\/schema\\\/logo\\\/image\\\/\",\"url\":\"https:\\\/\\\/decolights.eu\\\/wp-content\\\/uploads\\\/2023\\\/07\\\/cropped-decolight-siteicon.png\",\"contentUrl\":\"https:\\\/\\\/decolights.eu\\\/wp-content\\\/uploads\\\/2023\\\/07\\\/cropped-decolight-siteicon.png\",\"width\":512,\"height\":512,\"caption\":\"decolights\"},\"image\":{\"@id\":\"https:\\\/\\\/decolights.eu\\\/#\\\/schema\\\/logo\\\/image\\\/\"}}]}<\/script>\n<!-- \/ Yoast SEO plugin. -->","yoast_head_json":{"title":"Festoon LED sv\u011btla se z\u00e1v\u011bsn\u00fdmi \u017e\u00e1rovkami Sol\u00e1rn\u00ed nap\u00e1jen\u00ed 4,5 m 10 \u017e\u00e1rovek - Decolights.eu","description":"P\u00e4ikesepaneeliga LED lambikett na suve terasside lahutamatu osa! Kaunista sellega nii oma koduaed kui ka restorani v\u00f5i kontori hoov. Osta kohe!","robots":{"index":"index","follow":"follow","max-snippet":"max-snippet:-1","max-image-preview":"max-image-preview:large","max-video-preview":"max-video-preview:-1"},"canonical":"https:\/\/decolights.eu\/cs\/produkt-2\/led-lambiketi-komplekt-rippuvate-pesadega-4-5m-10-pirni-paikesepaneeliga\/","og_locale":"cs_CZ","og_type":"article","og_title":"Festoon LED Lights with hanging bulbs Solarpowered 4.5m 10 bulbs - Decolights.eu","og_description":"P\u00e4ikesepaneeliga LED lambikett on suve terasside lahutamatu osa! Kaunista sellega nii oma koduaed kui ka restorani v\u00f5i kontori hoov. Osta kohe!","og_url":"https:\/\/decolights.eu\/cs\/produkt-2\/led-lambiketi-komplekt-rippuvate-pesadega-4-5m-10-pirni-paikesepaneeliga\/","og_site_name":"Decolights.eu","article_modified_time":"2023-06-09T09:54:45+00:00","og_image":[{"width":1417,"height":1093,"url":"https:\/\/decolights.eu\/wp-content\/uploads\/2023\/05\/23534_s.jpg","type":"image\/jpeg"}],"twitter_card":"summary_large_image","twitter_misc":{"Odhadovan\u00e1 doba \u010dten\u00ed":"1 minuta"},"schema":{"@context":"https:\/\/schema.org","@graph":[{"@type":"WebPage","@id":"https:\/\/decolights.eu\/product\/led-lambiketi-komplekt-rippuvate-pesadega-4-5m-10-pirni-paikesepaneeliga\/","url":"https:\/\/decolights.eu\/product\/led-lambiketi-komplekt-rippuvate-pesadega-4-5m-10-pirni-paikesepaneeliga\/","name":"Festoon LED sv\u011btla se z\u00e1v\u011bsn\u00fdmi \u017e\u00e1rovkami Sol\u00e1rn\u00ed nap\u00e1jen\u00ed 4,5 m 10 \u017e\u00e1rovek - Decolights.eu","isPartOf":{"@id":"https:\/\/decolights.eu\/#website"},"primaryImageOfPage":{"@id":"https:\/\/decolights.eu\/product\/led-lambiketi-komplekt-rippuvate-pesadega-4-5m-10-pirni-paikesepaneeliga\/#primaryimage"},"image":{"@id":"https:\/\/decolights.eu\/product\/led-lambiketi-komplekt-rippuvate-pesadega-4-5m-10-pirni-paikesepaneeliga\/#primaryimage"},"thumbnailUrl":"https:\/\/decolights.eu\/wp-content\/uploads\/2023\/05\/23534_s.jpg","datePublished":"2023-04-24T14:39:05+00:00","dateModified":"2023-06-09T09:54:45+00:00","description":"P\u00e4ikesepaneeliga LED lambikett na suve terasside lahutamatu osa! Kaunista sellega nii oma koduaed kui ka restorani v\u00f5i kontori hoov. Osta kohe!","breadcrumb":{"@id":"https:\/\/decolights.eu\/product\/led-lambiketi-komplekt-rippuvate-pesadega-4-5m-10-pirni-paikesepaneeliga\/#breadcrumb"},"inLanguage":"cs","potentialAction":[{"@type":"ReadAction","target":["https:\/\/decolights.eu\/product\/led-lambiketi-komplekt-rippuvate-pesadega-4-5m-10-pirni-paikesepaneeliga\/"]}]},{"@type":"ImageObject","inLanguage":"cs","@id":"https:\/\/decolights.eu\/product\/led-lambiketi-komplekt-rippuvate-pesadega-4-5m-10-pirni-paikesepaneeliga\/#primaryimage","url":"https:\/\/decolights.eu\/wp-content\/uploads\/2023\/05\/23534_s.jpg","contentUrl":"https:\/\/decolights.eu\/wp-content\/uploads\/2023\/05\/23534_s.jpg","width":1417,"height":1093},{"@type":"BreadcrumbList","@id":"https:\/\/decolights.eu\/product\/led-lambiketi-komplekt-rippuvate-pesadega-4-5m-10-pirni-paikesepaneeliga\/#breadcrumb","itemListElement":[{"@type":"ListItem","position":1,"name":"Shop","item":"https:\/\/decolights.eu\/shop\/"},{"@type":"ListItem","position":2,"name":"Festoon LED Lights with hanging bulbs Solarpowered 4.5m 10 bulbs"}]},{"@type":"WebSite","@id":"https:\/\/decolights.eu\/#website","url":"https:\/\/decolights.eu\/","name":"decolights","description":"Led dekorace pro d\u016fm a zahradu","publisher":{"@id":"https:\/\/decolights.eu\/#organization"},"alternateName":"decolights.eu","potentialAction":[{"@type":"SearchAction","target":{"@type":"EntryPoint","urlTemplate":"https:\/\/decolights.eu\/?s={search_term_string}"},"query-input":{"@type":"PropertyValueSpecification","valueRequired":true,"valueName":"search_term_string"}}],"inLanguage":"cs"},{"@type":"Organization","@id":"https:\/\/decolights.eu\/#organization","name":"decolights","url":"https:\/\/decolights.eu\/","logo":{"@type":"ImageObject","inLanguage":"cs","@id":"https:\/\/decolights.eu\/#\/schema\/logo\/image\/","url":"https:\/\/decolights.eu\/wp-content\/uploads\/2023\/07\/cropped-decolight-siteicon.png","contentUrl":"https:\/\/decolights.eu\/wp-content\/uploads\/2023\/07\/cropped-decolight-siteicon.png","width":512,"height":512,"caption":"decolights"},"image":{"@id":"https:\/\/decolights.eu\/#\/schema\/logo\/image\/"}}]}},"jetpack_sharing_enabled":true,"_links":{"self":[{"href":"https:\/\/decolights.eu\/cs\/wp-json\/wp\/v2\/product\/43724","targetHints":{"allow":["GET"]}}],"collection":[{"href":"https:\/\/decolights.eu\/cs\/wp-json\/wp\/v2\/product"}],"about":[{"href":"https:\/\/decolights.eu\/cs\/wp-json\/wp\/v2\/types\/product"}],"replies":[{"embeddable":true,"href":"https:\/\/decolights.eu\/cs\/wp-json\/wp\/v2\/comments?post=43724"}],"wp:featuredmedia":[{"embeddable":true,"href":"https:\/\/decolights.eu\/cs\/wp-json\/wp\/v2\/media\/43791"}],"wp:attachment":[{"href":"https:\/\/decolights.eu\/cs\/wp-json\/wp\/v2\/media?parent=43724"}],"wp:term":[{"taxonomy":"product_brand","embeddable":true,"href":"https:\/\/decolights.eu\/cs\/wp-json\/wp\/v2\/product_brand?post=43724"},{"taxonomy":"product_cat","embeddable":true,"href":"https:\/\/decolights.eu\/cs\/wp-json\/wp\/v2\/product_cat?post=43724"},{"taxonomy":"product_tag","embeddable":true,"href":"https:\/\/decolights.eu\/cs\/wp-json\/wp\/v2\/product_tag?post=43724"}],"curies":[{"name":"wp","href":"https:\/\/api.w.org\/{rel}","templated":true}]}}