{"id":44574,"date":"2023-07-28T22:20:20","date_gmt":"2023-07-28T22:20:20","guid":{"rendered":"https:\/\/decolights.eu\/?post_type=product&#038;p=44574"},"modified":"2023-08-11T14:56:29","modified_gmt":"2023-08-11T14:56:29","slug":"solar-latern-lumiz-diamond28-sashiko-light-green","status":"publish","type":"product","link":"https:\/\/decolights.eu\/cs\/produkt-2\/solar-latern-lumiz-diamond28-sashiko-light-green\/","title":{"rendered":"Solar Latern Lumiz Diamond28 Sashiko sv\u011btle zelen\u00e1"},"content":{"rendered":"<p><strong>Velikost: \u00d8 28 cm x K 28 cm<\/strong><\/p>\n<p><strong>Barva: sv\u011btle zelen\u00e1<\/strong><\/p>\n<p><strong><img loading=\"lazy\" decoding=\"async\" src=\"https:\/\/lumiz.nl\/wp-content\/uploads\/2021\/04\/LUMIZ_PATRON_Sashiko-119x300.jpg\" alt=\"LUMIZ_PATRON_Sashiko\" width=\"72\" height=\"182\" \/>\u00a0<img loading=\"lazy\" decoding=\"async\" src=\"https:\/\/lumiz.nl\/wp-content\/uploads\/2022\/02\/lichtgroen-2.png\" width=\"142\" height=\"142\" \/><\/strong><\/p>\n<p><strong>Vytvo\u0159te kouzelnou atmosf\u00e9ru se sol\u00e1rn\u00edmi lucernami Lumiz.<\/strong><\/p>\n<p><strong>Perfektn\u00ed zp\u016fsob, jak vytvo\u0159it kouzelnou atmosf\u00e9ru na ka\u017ed\u00e9 zahrad\u011b, dvorku nebo verand\u011b. P\u0159ich\u00e1zej\u00ed v \u0161irok\u00e9 \u0161k\u00e1le lahodn\u00fdch barev, tvar\u016f a vzor\u016f. Nechte plynout svou kreativitu \u2013 tyto lucerny lze kombinovat a vytv\u00e1\u0159et dokonalou atmosf\u00e9ru.<\/strong><\/p>\n<p>Sol\u00e1rn\u00ed sv\u00edtilny Lumizi lze pou\u017e\u00edvat venku po cel\u00fd rok. Zav\u011bste je na slun\u00ed\u010dko a lampiony se ve\u010der postaraj\u00ed o kouzeln\u00e9 sv\u011btlo.<\/p>\n<p><strong>Lumiz je udr\u017eiteln\u00e1 LED sv\u00edtilna<\/strong> vyrobeno z pevn\u00e9ho, pov\u011btrnostn\u00edm vliv\u016fm odoln\u00e9ho a 100% recyklovateln\u00e9ho Tyvek, patentovan\u00e9ho materi\u00e1lu. Tyvek je vysoce kvalitn\u00ed materi\u00e1l, co\u017e znamen\u00e1, \u017ee lucerny vydr\u017e\u00ed.<\/p>\n<p><strong>Sol\u00e1rn\u00ed sv\u00edtilna je LED sv\u00edtilna, kter\u00e1 se po cel\u00fd den nab\u00edj\u00ed sol\u00e1rn\u00edmi bateriemi.<\/strong> Modul sol\u00e1rn\u00ed baterie v lucern\u011b je vyroben v barv\u011b, kter\u00e1 lad\u00ed s Tyvekem a poskytuje teplou barvu sv\u011btla LED. Aby lucerna sv\u00edtila co nejl\u00e9pe, rozhodla se spole\u010dnost Lumiz vyvinout vlastn\u00ed sol\u00e1rn\u00ed modul. Modul obsahuje dob\u00edjec\u00ed AAA baterie, kter\u00e9 se optim\u00e1ln\u011b nab\u00edjej\u00ed na slunci.<\/p>\n<p><strong>Za optim\u00e1ln\u00edch slune\u010dn\u00fdch podm\u00ednek m\u016f\u017ee lucerna sv\u00edtit 6-8 hodin. Intenzita sv\u011btla se m\u016f\u017ee sn\u00ed\u017eit po 5-6 hodin\u00e1ch.<\/strong><\/p>\n<p><strong>Nab\u00edjec\u00ed tip<\/strong>: zav\u011bste lucernu tam, kde m\u016f\u017ee sv\u00edtit slunce p\u0159\u00edmo na sol\u00e1rn\u00ed panel.<\/p>\n<p><strong>\u00dadr\u017eba<\/strong>: \u010dist\u011bte sol\u00e1rn\u00ed panel m\u011bkk\u00fdm vlhk\u00fdm had\u0159\u00edkem. Absorpce slune\u010dn\u00ed energie pak z\u016fstane na maxim\u00e1ln\u00ed kapacit\u011b. Materi\u00e1l Tyvek lze v p\u0159\u00edpad\u011b pot\u0159eby ot\u0159\u00edt m\u011bkk\u00fdm vlhk\u00fdm had\u0159\u00edkem.<\/p>\n<p>Pokud chcete lucernu v zim\u011b sbalit, lze je snadno slo\u017eit tak, aby byly zcela ploch\u00e9. Doporu\u010dujeme vyjmout baterie ze sol\u00e1rn\u00edho modulu. (Ponech\u00e1n\u00ed bateri\u00ed v sol\u00e1rn\u00edm panelu po dlouhou dobu m\u016f\u017ee zp\u016fsobit vyte\u010den\u00ed a po\u0161kozen\u00ed elektronick\u00fdch sou\u010d\u00e1st\u00ed).<\/p>","protected":false},"excerpt":{"rendered":"<p>Size: \u00d8\u00a0 28 cm x K 28 cm Colour: Light Green \u00a0 Create a magical atmosphere with Lumiz solar lanterns. The perfect way to create a magical atmosphere in any garden, backyard or porch. They come in a wide variety of delicious colours, shapes and patterns. Let your creativity flow &#8211; these lanterns can be [&#8230;]\n","protected":false},"featured_media":44575,"comment_status":"open","ping_status":"closed","template":"","meta":[],"product_brand":[],"product_cat":[381],"product_tag":[],"class_list":{"0":"post-44574","1":"product","2":"type-product","3":"status-publish","4":"has-post-thumbnail","6":"product_cat-lumiz","8":"first","9":"instock","10":"sale","11":"shipping-taxable","12":"purchasable","13":"product-type-simple"},"yoast_head":"<!-- This site is optimized with the Yoast SEO plugin v27.3 - https:\/\/yoast.com\/product\/yoast-seo-wordpress\/ -->\n<title>Solar Latern Lumiz Diamond28 Sashiko Light Green - Decolights.eu<\/title>\n<meta name=\"description\" content=\"Buy Solar Latern Lumiz Diamond28 Sashiko Light Green for . Browse our range of . Buy for the best price today and enjoy cozy atmosphere.\" \/>\n<meta name=\"robots\" content=\"index, follow, max-snippet:-1, max-image-preview:large, max-video-preview:-1\" \/>\n<link rel=\"canonical\" href=\"https:\/\/decolights.eu\/cs\/produkt-2\/solar-latern-lumiz-diamond28-sashiko-light-green\/\" \/>\n<meta property=\"og:locale\" content=\"cs_CZ\" \/>\n<meta property=\"og:type\" content=\"article\" \/>\n<meta property=\"og:title\" content=\"Solar Latern Lumiz Diamond28 Sashiko Light Green - Decolights.eu\" \/>\n<meta property=\"og:description\" content=\"Buy Solar Latern Lumiz Diamond28 Sashiko Light Green for . Browse our range of . Buy for the best price today and enjoy cozy atmosphere.\" \/>\n<meta property=\"og:url\" content=\"https:\/\/decolights.eu\/cs\/produkt-2\/solar-latern-lumiz-diamond28-sashiko-light-green\/\" \/>\n<meta property=\"og:site_name\" content=\"Decolights.eu\" \/>\n<meta property=\"article:modified_time\" content=\"2023-08-11T14:56:29+00:00\" \/>\n<meta property=\"og:image\" content=\"https:\/\/decolights.eu\/wp-content\/uploads\/2023\/08\/9.-Diamond-28-Sashiko-Licht-groen.jpg\" \/>\n\t<meta property=\"og:image:width\" content=\"1200\" \/>\n\t<meta property=\"og:image:height\" content=\"1142\" \/>\n\t<meta property=\"og:image:type\" content=\"image\/jpeg\" \/>\n<meta name=\"twitter:card\" content=\"summary_large_image\" \/>\n<meta name=\"twitter:label1\" content=\"Odhadovan\u00e1 doba \u010dten\u00ed\" \/>\n\t<meta name=\"twitter:data1\" content=\"2 minuty\" \/>\n<script type=\"application\/ld+json\" class=\"yoast-schema-graph\">{\"@context\":\"https:\\\/\\\/schema.org\",\"@graph\":[{\"@type\":\"WebPage\",\"@id\":\"https:\\\/\\\/decolights.eu\\\/product\\\/solar-latern-lumiz-diamond28-sashiko-light-green\\\/\",\"url\":\"https:\\\/\\\/decolights.eu\\\/product\\\/solar-latern-lumiz-diamond28-sashiko-light-green\\\/\",\"name\":\"Solar Latern Lumiz Diamond28 Sashiko Light Green - Decolights.eu\",\"isPartOf\":{\"@id\":\"https:\\\/\\\/decolights.eu\\\/#website\"},\"primaryImageOfPage\":{\"@id\":\"https:\\\/\\\/decolights.eu\\\/product\\\/solar-latern-lumiz-diamond28-sashiko-light-green\\\/#primaryimage\"},\"image\":{\"@id\":\"https:\\\/\\\/decolights.eu\\\/product\\\/solar-latern-lumiz-diamond28-sashiko-light-green\\\/#primaryimage\"},\"thumbnailUrl\":\"https:\\\/\\\/decolights.eu\\\/wp-content\\\/uploads\\\/2023\\\/08\\\/9.-Diamond-28-Sashiko-Licht-groen.jpg\",\"datePublished\":\"2023-07-28T22:20:20+00:00\",\"dateModified\":\"2023-08-11T14:56:29+00:00\",\"description\":\"Buy Solar Latern Lumiz Diamond28 Sashiko Light Green for . Browse our range of . Buy for the best price today and enjoy cozy atmosphere.\",\"breadcrumb\":{\"@id\":\"https:\\\/\\\/decolights.eu\\\/product\\\/solar-latern-lumiz-diamond28-sashiko-light-green\\\/#breadcrumb\"},\"inLanguage\":\"cs\",\"potentialAction\":[{\"@type\":\"ReadAction\",\"target\":[\"https:\\\/\\\/decolights.eu\\\/product\\\/solar-latern-lumiz-diamond28-sashiko-light-green\\\/\"]}]},{\"@type\":\"ImageObject\",\"inLanguage\":\"cs\",\"@id\":\"https:\\\/\\\/decolights.eu\\\/product\\\/solar-latern-lumiz-diamond28-sashiko-light-green\\\/#primaryimage\",\"url\":\"https:\\\/\\\/decolights.eu\\\/wp-content\\\/uploads\\\/2023\\\/08\\\/9.-Diamond-28-Sashiko-Licht-groen.jpg\",\"contentUrl\":\"https:\\\/\\\/decolights.eu\\\/wp-content\\\/uploads\\\/2023\\\/08\\\/9.-Diamond-28-Sashiko-Licht-groen.jpg\",\"width\":1200,\"height\":1142},{\"@type\":\"BreadcrumbList\",\"@id\":\"https:\\\/\\\/decolights.eu\\\/product\\\/solar-latern-lumiz-diamond28-sashiko-light-green\\\/#breadcrumb\",\"itemListElement\":[{\"@type\":\"ListItem\",\"position\":1,\"name\":\"Shop\",\"item\":\"https:\\\/\\\/decolights.eu\\\/shop\\\/\"},{\"@type\":\"ListItem\",\"position\":2,\"name\":\"Solar Latern Lumiz Diamond28 Sashiko Light Green\"}]},{\"@type\":\"WebSite\",\"@id\":\"https:\\\/\\\/decolights.eu\\\/#website\",\"url\":\"https:\\\/\\\/decolights.eu\\\/\",\"name\":\"decolights\",\"description\":\"Led Decorations for Home and Garden\",\"publisher\":{\"@id\":\"https:\\\/\\\/decolights.eu\\\/#organization\"},\"alternateName\":\"decolights.eu\",\"potentialAction\":[{\"@type\":\"SearchAction\",\"target\":{\"@type\":\"EntryPoint\",\"urlTemplate\":\"https:\\\/\\\/decolights.eu\\\/?s={search_term_string}\"},\"query-input\":{\"@type\":\"PropertyValueSpecification\",\"valueRequired\":true,\"valueName\":\"search_term_string\"}}],\"inLanguage\":\"cs\"},{\"@type\":\"Organization\",\"@id\":\"https:\\\/\\\/decolights.eu\\\/#organization\",\"name\":\"decolights\",\"url\":\"https:\\\/\\\/decolights.eu\\\/\",\"logo\":{\"@type\":\"ImageObject\",\"inLanguage\":\"cs\",\"@id\":\"https:\\\/\\\/decolights.eu\\\/#\\\/schema\\\/logo\\\/image\\\/\",\"url\":\"https:\\\/\\\/decolights.eu\\\/wp-content\\\/uploads\\\/2023\\\/07\\\/cropped-decolight-siteicon.png\",\"contentUrl\":\"https:\\\/\\\/decolights.eu\\\/wp-content\\\/uploads\\\/2023\\\/07\\\/cropped-decolight-siteicon.png\",\"width\":512,\"height\":512,\"caption\":\"decolights\"},\"image\":{\"@id\":\"https:\\\/\\\/decolights.eu\\\/#\\\/schema\\\/logo\\\/image\\\/\"}}]}<\/script>\n<!-- \/ Yoast SEO plugin. -->","yoast_head_json":{"title":"Solar Latern Lumiz Diamond28 Sashiko Sv\u011btle zelen\u00e1 - Decolights.eu","description":"Koupit Solar Latern Lumiz Diamond28 Sashiko Sv\u011btle zelen\u00e1 za . Prohl\u00e9dn\u011bte si na\u0161i nab\u00eddku . Nakupte za nejlep\u0161\u00ed cenu je\u0161t\u011b dnes a u\u017eijte si \u00fatulnou atmosf\u00e9ru.","robots":{"index":"index","follow":"follow","max-snippet":"max-snippet:-1","max-image-preview":"max-image-preview:large","max-video-preview":"max-video-preview:-1"},"canonical":"https:\/\/decolights.eu\/cs\/produkt-2\/solar-latern-lumiz-diamond28-sashiko-light-green\/","og_locale":"cs_CZ","og_type":"article","og_title":"Solar Latern Lumiz Diamond28 Sashiko Light Green - Decolights.eu","og_description":"Buy Solar Latern Lumiz Diamond28 Sashiko Light Green for . Browse our range of . Buy for the best price today and enjoy cozy atmosphere.","og_url":"https:\/\/decolights.eu\/cs\/produkt-2\/solar-latern-lumiz-diamond28-sashiko-light-green\/","og_site_name":"Decolights.eu","article_modified_time":"2023-08-11T14:56:29+00:00","og_image":[{"width":1200,"height":1142,"url":"https:\/\/decolights.eu\/wp-content\/uploads\/2023\/08\/9.-Diamond-28-Sashiko-Licht-groen.jpg","type":"image\/jpeg"}],"twitter_card":"summary_large_image","twitter_misc":{"Odhadovan\u00e1 doba \u010dten\u00ed":"2 minuty"},"schema":{"@context":"https:\/\/schema.org","@graph":[{"@type":"WebPage","@id":"https:\/\/decolights.eu\/product\/solar-latern-lumiz-diamond28-sashiko-light-green\/","url":"https:\/\/decolights.eu\/product\/solar-latern-lumiz-diamond28-sashiko-light-green\/","name":"Solar Latern Lumiz Diamond28 Sashiko Sv\u011btle zelen\u00e1 - Decolights.eu","isPartOf":{"@id":"https:\/\/decolights.eu\/#website"},"primaryImageOfPage":{"@id":"https:\/\/decolights.eu\/product\/solar-latern-lumiz-diamond28-sashiko-light-green\/#primaryimage"},"image":{"@id":"https:\/\/decolights.eu\/product\/solar-latern-lumiz-diamond28-sashiko-light-green\/#primaryimage"},"thumbnailUrl":"https:\/\/decolights.eu\/wp-content\/uploads\/2023\/08\/9.-Diamond-28-Sashiko-Licht-groen.jpg","datePublished":"2023-07-28T22:20:20+00:00","dateModified":"2023-08-11T14:56:29+00:00","description":"Koupit Solar Latern Lumiz Diamond28 Sashiko Sv\u011btle zelen\u00e1 za . Prohl\u00e9dn\u011bte si na\u0161i nab\u00eddku . Nakupte za nejlep\u0161\u00ed cenu je\u0161t\u011b dnes a u\u017eijte si \u00fatulnou atmosf\u00e9ru.","breadcrumb":{"@id":"https:\/\/decolights.eu\/product\/solar-latern-lumiz-diamond28-sashiko-light-green\/#breadcrumb"},"inLanguage":"cs","potentialAction":[{"@type":"ReadAction","target":["https:\/\/decolights.eu\/product\/solar-latern-lumiz-diamond28-sashiko-light-green\/"]}]},{"@type":"ImageObject","inLanguage":"cs","@id":"https:\/\/decolights.eu\/product\/solar-latern-lumiz-diamond28-sashiko-light-green\/#primaryimage","url":"https:\/\/decolights.eu\/wp-content\/uploads\/2023\/08\/9.-Diamond-28-Sashiko-Licht-groen.jpg","contentUrl":"https:\/\/decolights.eu\/wp-content\/uploads\/2023\/08\/9.-Diamond-28-Sashiko-Licht-groen.jpg","width":1200,"height":1142},{"@type":"BreadcrumbList","@id":"https:\/\/decolights.eu\/product\/solar-latern-lumiz-diamond28-sashiko-light-green\/#breadcrumb","itemListElement":[{"@type":"ListItem","position":1,"name":"Shop","item":"https:\/\/decolights.eu\/shop\/"},{"@type":"ListItem","position":2,"name":"Solar Latern Lumiz Diamond28 Sashiko Light Green"}]},{"@type":"WebSite","@id":"https:\/\/decolights.eu\/#website","url":"https:\/\/decolights.eu\/","name":"decolights","description":"Led dekorace pro d\u016fm a zahradu","publisher":{"@id":"https:\/\/decolights.eu\/#organization"},"alternateName":"decolights.eu","potentialAction":[{"@type":"SearchAction","target":{"@type":"EntryPoint","urlTemplate":"https:\/\/decolights.eu\/?s={search_term_string}"},"query-input":{"@type":"PropertyValueSpecification","valueRequired":true,"valueName":"search_term_string"}}],"inLanguage":"cs"},{"@type":"Organization","@id":"https:\/\/decolights.eu\/#organization","name":"decolights","url":"https:\/\/decolights.eu\/","logo":{"@type":"ImageObject","inLanguage":"cs","@id":"https:\/\/decolights.eu\/#\/schema\/logo\/image\/","url":"https:\/\/decolights.eu\/wp-content\/uploads\/2023\/07\/cropped-decolight-siteicon.png","contentUrl":"https:\/\/decolights.eu\/wp-content\/uploads\/2023\/07\/cropped-decolight-siteicon.png","width":512,"height":512,"caption":"decolights"},"image":{"@id":"https:\/\/decolights.eu\/#\/schema\/logo\/image\/"}}]}},"jetpack_sharing_enabled":true,"_links":{"self":[{"href":"https:\/\/decolights.eu\/cs\/wp-json\/wp\/v2\/product\/44574","targetHints":{"allow":["GET"]}}],"collection":[{"href":"https:\/\/decolights.eu\/cs\/wp-json\/wp\/v2\/product"}],"about":[{"href":"https:\/\/decolights.eu\/cs\/wp-json\/wp\/v2\/types\/product"}],"replies":[{"embeddable":true,"href":"https:\/\/decolights.eu\/cs\/wp-json\/wp\/v2\/comments?post=44574"}],"wp:featuredmedia":[{"embeddable":true,"href":"https:\/\/decolights.eu\/cs\/wp-json\/wp\/v2\/media\/44575"}],"wp:attachment":[{"href":"https:\/\/decolights.eu\/cs\/wp-json\/wp\/v2\/media?parent=44574"}],"wp:term":[{"taxonomy":"product_brand","embeddable":true,"href":"https:\/\/decolights.eu\/cs\/wp-json\/wp\/v2\/product_brand?post=44574"},{"taxonomy":"product_cat","embeddable":true,"href":"https:\/\/decolights.eu\/cs\/wp-json\/wp\/v2\/product_cat?post=44574"},{"taxonomy":"product_tag","embeddable":true,"href":"https:\/\/decolights.eu\/cs\/wp-json\/wp\/v2\/product_tag?post=44574"}],"curies":[{"name":"wp","href":"https:\/\/api.w.org\/{rel}","templated":true}]}}