{"id":44670,"date":"2023-07-29T15:47:47","date_gmt":"2023-07-29T15:47:47","guid":{"rendered":"https:\/\/decolights.eu\/?post_type=product&#038;p=44670"},"modified":"2023-08-11T15:11:25","modified_gmt":"2023-08-11T15:11:25","slug":"lumiz-terrace-stand-190cm","status":"publish","type":"product","link":"https:\/\/decolights.eu\/cs\/produkt-2\/lumiz-terrace-stand-190cm\/","title":{"rendered":"Terasov\u00fd stojan Lumiz 190 cm"},"content":{"rendered":"<p>\u010cern\u00fd kovov\u00fd dr\u017e\u00e1k na lucernu Lumiz na va\u0161i terasu. Tento dr\u017e\u00e1k je vynikaj\u00edc\u00ed zp\u016fsob, jak zav\u011bsit lampy na terasy nebo venkovn\u00ed prostory s n\u011bkolika mo\u017enostmi zav\u011b\u0161en\u00ed.<\/p>\n<p>Rozm\u011br nohy dr\u017e\u00e1ku je 50\u00d750 cm a jeho v\u00fd\u0161ka je 192 cm.<\/p>\n<p>Jako sv\u00edtilny lze dr\u017e\u00e1k pou\u017e\u00edt v interi\u00e9ru i exteri\u00e9ru.<\/p>","protected":false},"excerpt":{"rendered":"<p>A black metal Lumiz lantern holder for your terrace. This holder is an excellent way to hang lamps on terraces or outdoor spaces with few hanging options. The size of the holder&#8217;s leg is 50&#215;50 cm and its height is 192 cm. As the lanterns, the holder can be used both indoors and outdoors.<\/p>","protected":false},"featured_media":44671,"comment_status":"open","ping_status":"closed","template":"","meta":[],"product_brand":[],"product_cat":[381,171],"product_tag":[],"class_list":{"0":"post-44670","1":"product","2":"type-product","3":"status-publish","4":"has-post-thumbnail","6":"product_cat-lumiz","7":"product_cat-solar-lights","9":"first","10":"instock","11":"sale","12":"shipping-taxable","13":"purchasable","14":"product-type-simple"},"yoast_head":"<!-- This site is optimized with the Yoast SEO plugin v27.3 - https:\/\/yoast.com\/product\/yoast-seo-wordpress\/ -->\n<title>Lumiz Terrace Stand 190CM - Decolights.eu<\/title>\n<meta name=\"description\" content=\"Buy Lumiz Terrace Stand 190CM for . Browse our range of . Buy for the best price today and enjoy cozy atmosphere.\" \/>\n<meta name=\"robots\" content=\"index, follow, max-snippet:-1, max-image-preview:large, max-video-preview:-1\" \/>\n<link rel=\"canonical\" href=\"https:\/\/decolights.eu\/cs\/produkt-2\/lumiz-terrace-stand-190cm\/\" \/>\n<meta property=\"og:locale\" content=\"cs_CZ\" \/>\n<meta property=\"og:type\" content=\"article\" \/>\n<meta property=\"og:title\" content=\"Lumiz Terrace Stand 190CM - Decolights.eu\" \/>\n<meta property=\"og:description\" content=\"Buy Lumiz Terrace Stand 190CM for . Browse our range of . Buy for the best price today and enjoy cozy atmosphere.\" \/>\n<meta property=\"og:url\" content=\"https:\/\/decolights.eu\/cs\/produkt-2\/lumiz-terrace-stand-190cm\/\" \/>\n<meta property=\"og:site_name\" content=\"Decolights.eu\" \/>\n<meta property=\"article:modified_time\" content=\"2023-08-11T15:11:25+00:00\" \/>\n<meta property=\"og:image\" content=\"https:\/\/decolights.eu\/wp-content\/uploads\/2023\/08\/ACC-TS-scaled-1.jpg\" \/>\n\t<meta property=\"og:image:width\" content=\"1707\" \/>\n\t<meta property=\"og:image:height\" content=\"2560\" \/>\n\t<meta property=\"og:image:type\" content=\"image\/jpeg\" \/>\n<meta name=\"twitter:card\" content=\"summary_large_image\" \/>\n<meta name=\"twitter:label1\" content=\"Odhadovan\u00e1 doba \u010dten\u00ed\" \/>\n\t<meta name=\"twitter:data1\" content=\"1 minuta\" \/>\n<script type=\"application\/ld+json\" class=\"yoast-schema-graph\">{\"@context\":\"https:\\\/\\\/schema.org\",\"@graph\":[{\"@type\":\"WebPage\",\"@id\":\"https:\\\/\\\/decolights.eu\\\/product\\\/lumiz-terrace-stand-190cm\\\/\",\"url\":\"https:\\\/\\\/decolights.eu\\\/product\\\/lumiz-terrace-stand-190cm\\\/\",\"name\":\"Lumiz Terrace Stand 190CM - Decolights.eu\",\"isPartOf\":{\"@id\":\"https:\\\/\\\/decolights.eu\\\/#website\"},\"primaryImageOfPage\":{\"@id\":\"https:\\\/\\\/decolights.eu\\\/product\\\/lumiz-terrace-stand-190cm\\\/#primaryimage\"},\"image\":{\"@id\":\"https:\\\/\\\/decolights.eu\\\/product\\\/lumiz-terrace-stand-190cm\\\/#primaryimage\"},\"thumbnailUrl\":\"https:\\\/\\\/decolights.eu\\\/wp-content\\\/uploads\\\/2023\\\/08\\\/ACC-TS-scaled-1.jpg\",\"datePublished\":\"2023-07-29T15:47:47+00:00\",\"dateModified\":\"2023-08-11T15:11:25+00:00\",\"description\":\"Buy Lumiz Terrace Stand 190CM for . Browse our range of . Buy for the best price today and enjoy cozy atmosphere.\",\"breadcrumb\":{\"@id\":\"https:\\\/\\\/decolights.eu\\\/product\\\/lumiz-terrace-stand-190cm\\\/#breadcrumb\"},\"inLanguage\":\"cs\",\"potentialAction\":[{\"@type\":\"ReadAction\",\"target\":[\"https:\\\/\\\/decolights.eu\\\/product\\\/lumiz-terrace-stand-190cm\\\/\"]}]},{\"@type\":\"ImageObject\",\"inLanguage\":\"cs\",\"@id\":\"https:\\\/\\\/decolights.eu\\\/product\\\/lumiz-terrace-stand-190cm\\\/#primaryimage\",\"url\":\"https:\\\/\\\/decolights.eu\\\/wp-content\\\/uploads\\\/2023\\\/08\\\/ACC-TS-scaled-1.jpg\",\"contentUrl\":\"https:\\\/\\\/decolights.eu\\\/wp-content\\\/uploads\\\/2023\\\/08\\\/ACC-TS-scaled-1.jpg\",\"width\":1707,\"height\":2560},{\"@type\":\"BreadcrumbList\",\"@id\":\"https:\\\/\\\/decolights.eu\\\/product\\\/lumiz-terrace-stand-190cm\\\/#breadcrumb\",\"itemListElement\":[{\"@type\":\"ListItem\",\"position\":1,\"name\":\"Shop\",\"item\":\"https:\\\/\\\/decolights.eu\\\/shop\\\/\"},{\"@type\":\"ListItem\",\"position\":2,\"name\":\"Lumiz Terrace Stand 190CM\"}]},{\"@type\":\"WebSite\",\"@id\":\"https:\\\/\\\/decolights.eu\\\/#website\",\"url\":\"https:\\\/\\\/decolights.eu\\\/\",\"name\":\"decolights\",\"description\":\"Led Decorations for Home and Garden\",\"publisher\":{\"@id\":\"https:\\\/\\\/decolights.eu\\\/#organization\"},\"alternateName\":\"decolights.eu\",\"potentialAction\":[{\"@type\":\"SearchAction\",\"target\":{\"@type\":\"EntryPoint\",\"urlTemplate\":\"https:\\\/\\\/decolights.eu\\\/?s={search_term_string}\"},\"query-input\":{\"@type\":\"PropertyValueSpecification\",\"valueRequired\":true,\"valueName\":\"search_term_string\"}}],\"inLanguage\":\"cs\"},{\"@type\":\"Organization\",\"@id\":\"https:\\\/\\\/decolights.eu\\\/#organization\",\"name\":\"decolights\",\"url\":\"https:\\\/\\\/decolights.eu\\\/\",\"logo\":{\"@type\":\"ImageObject\",\"inLanguage\":\"cs\",\"@id\":\"https:\\\/\\\/decolights.eu\\\/#\\\/schema\\\/logo\\\/image\\\/\",\"url\":\"https:\\\/\\\/decolights.eu\\\/wp-content\\\/uploads\\\/2023\\\/07\\\/cropped-decolight-siteicon.png\",\"contentUrl\":\"https:\\\/\\\/decolights.eu\\\/wp-content\\\/uploads\\\/2023\\\/07\\\/cropped-decolight-siteicon.png\",\"width\":512,\"height\":512,\"caption\":\"decolights\"},\"image\":{\"@id\":\"https:\\\/\\\/decolights.eu\\\/#\\\/schema\\\/logo\\\/image\\\/\"}}]}<\/script>\n<!-- \/ Yoast SEO plugin. -->","yoast_head_json":{"title":"Stojan na terasu Lumiz 190CM - Decolights.eu","description":"Prod\u00e1m Lumiz Terasov\u00fd stojan 190CM za . Prohl\u00e9dn\u011bte si na\u0161i nab\u00eddku . Nakupte za nejlep\u0161\u00ed cenu je\u0161t\u011b dnes a u\u017eijte si \u00fatulnou atmosf\u00e9ru.","robots":{"index":"index","follow":"follow","max-snippet":"max-snippet:-1","max-image-preview":"max-image-preview:large","max-video-preview":"max-video-preview:-1"},"canonical":"https:\/\/decolights.eu\/cs\/produkt-2\/lumiz-terrace-stand-190cm\/","og_locale":"cs_CZ","og_type":"article","og_title":"Lumiz Terrace Stand 190CM - Decolights.eu","og_description":"Buy Lumiz Terrace Stand 190CM for . Browse our range of . Buy for the best price today and enjoy cozy atmosphere.","og_url":"https:\/\/decolights.eu\/cs\/produkt-2\/lumiz-terrace-stand-190cm\/","og_site_name":"Decolights.eu","article_modified_time":"2023-08-11T15:11:25+00:00","og_image":[{"width":1707,"height":2560,"url":"https:\/\/decolights.eu\/wp-content\/uploads\/2023\/08\/ACC-TS-scaled-1.jpg","type":"image\/jpeg"}],"twitter_card":"summary_large_image","twitter_misc":{"Odhadovan\u00e1 doba \u010dten\u00ed":"1 minuta"},"schema":{"@context":"https:\/\/schema.org","@graph":[{"@type":"WebPage","@id":"https:\/\/decolights.eu\/product\/lumiz-terrace-stand-190cm\/","url":"https:\/\/decolights.eu\/product\/lumiz-terrace-stand-190cm\/","name":"Stojan na terasu Lumiz 190CM - Decolights.eu","isPartOf":{"@id":"https:\/\/decolights.eu\/#website"},"primaryImageOfPage":{"@id":"https:\/\/decolights.eu\/product\/lumiz-terrace-stand-190cm\/#primaryimage"},"image":{"@id":"https:\/\/decolights.eu\/product\/lumiz-terrace-stand-190cm\/#primaryimage"},"thumbnailUrl":"https:\/\/decolights.eu\/wp-content\/uploads\/2023\/08\/ACC-TS-scaled-1.jpg","datePublished":"2023-07-29T15:47:47+00:00","dateModified":"2023-08-11T15:11:25+00:00","description":"Prod\u00e1m Lumiz Terasov\u00fd stojan 190CM za . Prohl\u00e9dn\u011bte si na\u0161i nab\u00eddku . Nakupte za nejlep\u0161\u00ed cenu je\u0161t\u011b dnes a u\u017eijte si \u00fatulnou atmosf\u00e9ru.","breadcrumb":{"@id":"https:\/\/decolights.eu\/product\/lumiz-terrace-stand-190cm\/#breadcrumb"},"inLanguage":"cs","potentialAction":[{"@type":"ReadAction","target":["https:\/\/decolights.eu\/product\/lumiz-terrace-stand-190cm\/"]}]},{"@type":"ImageObject","inLanguage":"cs","@id":"https:\/\/decolights.eu\/product\/lumiz-terrace-stand-190cm\/#primaryimage","url":"https:\/\/decolights.eu\/wp-content\/uploads\/2023\/08\/ACC-TS-scaled-1.jpg","contentUrl":"https:\/\/decolights.eu\/wp-content\/uploads\/2023\/08\/ACC-TS-scaled-1.jpg","width":1707,"height":2560},{"@type":"BreadcrumbList","@id":"https:\/\/decolights.eu\/product\/lumiz-terrace-stand-190cm\/#breadcrumb","itemListElement":[{"@type":"ListItem","position":1,"name":"Shop","item":"https:\/\/decolights.eu\/shop\/"},{"@type":"ListItem","position":2,"name":"Lumiz Terrace Stand 190CM"}]},{"@type":"WebSite","@id":"https:\/\/decolights.eu\/#website","url":"https:\/\/decolights.eu\/","name":"decolights","description":"Led dekorace pro d\u016fm a zahradu","publisher":{"@id":"https:\/\/decolights.eu\/#organization"},"alternateName":"decolights.eu","potentialAction":[{"@type":"SearchAction","target":{"@type":"EntryPoint","urlTemplate":"https:\/\/decolights.eu\/?s={search_term_string}"},"query-input":{"@type":"PropertyValueSpecification","valueRequired":true,"valueName":"search_term_string"}}],"inLanguage":"cs"},{"@type":"Organization","@id":"https:\/\/decolights.eu\/#organization","name":"decolights","url":"https:\/\/decolights.eu\/","logo":{"@type":"ImageObject","inLanguage":"cs","@id":"https:\/\/decolights.eu\/#\/schema\/logo\/image\/","url":"https:\/\/decolights.eu\/wp-content\/uploads\/2023\/07\/cropped-decolight-siteicon.png","contentUrl":"https:\/\/decolights.eu\/wp-content\/uploads\/2023\/07\/cropped-decolight-siteicon.png","width":512,"height":512,"caption":"decolights"},"image":{"@id":"https:\/\/decolights.eu\/#\/schema\/logo\/image\/"}}]}},"jetpack_sharing_enabled":true,"_links":{"self":[{"href":"https:\/\/decolights.eu\/cs\/wp-json\/wp\/v2\/product\/44670","targetHints":{"allow":["GET"]}}],"collection":[{"href":"https:\/\/decolights.eu\/cs\/wp-json\/wp\/v2\/product"}],"about":[{"href":"https:\/\/decolights.eu\/cs\/wp-json\/wp\/v2\/types\/product"}],"replies":[{"embeddable":true,"href":"https:\/\/decolights.eu\/cs\/wp-json\/wp\/v2\/comments?post=44670"}],"wp:featuredmedia":[{"embeddable":true,"href":"https:\/\/decolights.eu\/cs\/wp-json\/wp\/v2\/media\/44671"}],"wp:attachment":[{"href":"https:\/\/decolights.eu\/cs\/wp-json\/wp\/v2\/media?parent=44670"}],"wp:term":[{"taxonomy":"product_brand","embeddable":true,"href":"https:\/\/decolights.eu\/cs\/wp-json\/wp\/v2\/product_brand?post=44670"},{"taxonomy":"product_cat","embeddable":true,"href":"https:\/\/decolights.eu\/cs\/wp-json\/wp\/v2\/product_cat?post=44670"},{"taxonomy":"product_tag","embeddable":true,"href":"https:\/\/decolights.eu\/cs\/wp-json\/wp\/v2\/product_tag?post=44670"}],"curies":[{"name":"wp","href":"https:\/\/api.w.org\/{rel}","templated":true}]}}