{"id":4612,"date":"2023-04-01T04:21:46","date_gmt":"2023-04-01T04:21:46","guid":{"rendered":"https:\/\/decolights.eu\/?post_type=product&#038;p=4612"},"modified":"2023-04-29T08:39:14","modified_gmt":"2023-04-29T08:39:14","slug":"2-in-1-rechargeable-mosquito-repellent-lamp-and-insect-killing-racquet","status":"publish","type":"product","link":"https:\/\/decolights.eu\/cs\/produkt-2\/2-in-1-rechargeable-mosquito-repellent-lamp-and-insect-killing-racquet\/","title":{"rendered":"Dob\u00edjec\u00ed lampa proti kom\u00e1r\u016fm 2 v 1 a raketa na huben\u00ed hmyzu"},"content":{"rendered":"<p>Origin\u00e1ln\u00ed lampa odpuzuj\u00edc\u00ed kom\u00e1ry se sv\u011bteln\u00fdm senzorem a raketou na huben\u00ed hmyzu s tla\u010d\u00edtkem na rukojeti pro aktivaci s\u00ed\u0165ky, v\u017edy v naprost\u00e9m bezpe\u010d\u00ed. Proto\u017ee je dob\u00edjec\u00ed a p\u0159enosn\u00fd, je vhodn\u00fd pro pou\u017eit\u00ed kdekoli. UV sv\u011btlo se automaticky zapne ve tm\u011b a b\u011bhem dne se vypne. M\u00e1 tak\u00e9 sp\u00edna\u010d pro aktivaci nebo deaktivaci no\u010dn\u00edho UV sv\u011btla a s\u00ed\u0165ky. Ide\u00e1ln\u00ed pro snadn\u00e9 zbaven\u00ed se much, kom\u00e1r\u016f a jin\u00e9ho hmyzu ekologi\u010dt\u011bji a bez pou\u017eit\u00ed chemick\u00fdch p\u0159\u00edpravk\u016f. Raketu a z\u00e1kladnu lze uzamknout a zav\u011bsit jako sv\u00edtilnu a jako bezpe\u010dnostn\u00ed opat\u0159en\u00ed pro d\u011bti.<\/p>\n<ul>\n<li><strong>Materi\u00e1l:<\/strong> b\u0159i\u0161n\u00ed svaly<\/li>\n<li><strong>Barva:\u00a0<\/strong>b\u00edl\u00fd<\/li>\n<li><strong>Velikost:<\/strong>17,5 x 29 x 5,5 cm<\/li>\n<li>Inovativn\u00ed a funk\u010dn\u00ed design<\/li>\n<li><strong>Typ:<\/strong>\n<ul>\n<li>Elektrick\u00fd<\/li>\n<li>Dob\u00edjec\u00ed<\/li>\n<\/ul>\n<\/li>\n<li><strong>Dvojit\u00e1 funkce:<\/strong>\n<ul>\n<li>Osv\u011btlen\u00ed<\/li>\n<li>Elektrick\u00fd repelent proti kom\u00e1r\u016fm<\/li>\n<\/ul>\n<\/li>\n<li><strong>UV lampa:<\/strong>\n<ul>\n<li>Sv\u011bteln\u00fd senzor<\/li>\n<li>3 x 0,06 W<\/li>\n<li>360-400 nm<\/li>\n<\/ul>\n<\/li>\n<li>Bezpe\u010dnostn\u00ed blok<\/li>\n<li>Vn\u011bj\u0161\u00ed ochrana proti n\u00e1razu<\/li>\n<li>Vod\u011bodolnost: IPX4<\/li>\n<li>Vnit\u0159n\u00ed i venkovn\u00ed pou\u017eit\u00ed<\/li>\n<li>V\u00fdsuvn\u00e9 no\u017ei\u010dky<\/li>\n<li>\u0160\u0148\u016fra na zav\u011b\u0161en\u00ed<\/li>\n<li>\u017d\u00e1dn\u00e9 pachy ani chemik\u00e1lie<\/li>\n<li>Pohodln\u00e9, jednoduch\u00e9 a bezpe\u010dn\u00e9 pou\u017eit\u00ed<\/li>\n<li>Snadn\u00e1 p\u0159eprava a skladov\u00e1n\u00ed<\/li>\n<li><strong>Zahrnuje:<\/strong>\n<ul>\n<li>USB kabel na Micro USB<\/li>\n<li>LED kontrolka nab\u00edjen\u00ed<\/li>\n<\/ul>\n<\/li>\n<li><strong>Nap\u00e1jen\u00ed:<\/strong> 1000 V<\/li>\n<li><strong>Baterie:<\/strong> 130 mAh \/ 3,7 V<\/li>\n<li><strong>Vstup:<\/strong> 40 mA \u2013 5 V<\/li>\n<\/ul>\n<p><iframe loading=\"lazy\" title=\"Lampa a pl\u00e1ca\u010dka proti hmyzu InnovaGoods\" width=\"1020\" height=\"574\" src=\"https:\/\/www.youtube.com\/embed\/I1wOFoEZyQw?feature=oembed\" frameborder=\"0\" allow=\"accelerometer; autoplay; clipboard-write; encrypted-media; gyroscope; picture-in-picture; web-share\" allowfullscreen><\/iframe><\/p>","protected":false},"excerpt":{"rendered":"<p>An original mosquito-repellent lamp with light sensor and an insect-killing racquet with a button on the handle to activate the mesh, always in complete safety. As it is rechargeable and portable, it is convenient for use anywhere. The UV light will automatically switch on in the dark and switch off during the day. It also [&#8230;]\n","protected":false},"featured_media":4645,"comment_status":"open","ping_status":"closed","template":"","meta":[],"product_brand":[],"product_cat":[276,226],"product_tag":[],"class_list":{"0":"post-4612","1":"product","2":"type-product","3":"status-publish","4":"has-post-thumbnail","6":"product_cat-mosquito-lamps-and-net","7":"product_cat-outdoor-lights","8":"pa_brand-deco","10":"first","11":"instock","12":"sale","13":"shipping-taxable","14":"purchasable","15":"product-type-simple"},"yoast_head":"<!-- This site is optimized with the Yoast SEO plugin v27.3 - https:\/\/yoast.com\/product\/yoast-seo-wordpress\/ -->\n<title>2 in 1 rechargeable mosquito repellent lamp and insect-killing racquet - Decolights.eu<\/title>\n<meta name=\"description\" content=\"A mosquito racquet and lamp is a very practical and effective device for removing insects(flies, mosquitoes, bees etc). Buy now to get the best price!\" \/>\n<meta name=\"robots\" content=\"index, follow, max-snippet:-1, max-image-preview:large, max-video-preview:-1\" \/>\n<link rel=\"canonical\" href=\"https:\/\/decolights.eu\/cs\/produkt-2\/2-in-1-rechargeable-mosquito-repellent-lamp-and-insect-killing-racquet\/\" \/>\n<meta property=\"og:locale\" content=\"cs_CZ\" \/>\n<meta property=\"og:type\" content=\"article\" \/>\n<meta property=\"og:title\" content=\"2 in 1 rechargeable mosquito repellent lamp and insect-killing racquet - Decolights.eu\" \/>\n<meta property=\"og:description\" content=\"A mosquito racquet and lamp is a very practical and effective device for removing insects(flies, mosquitoes, bees etc). Buy now to get the best price!\" \/>\n<meta property=\"og:url\" content=\"https:\/\/decolights.eu\/cs\/produkt-2\/2-in-1-rechargeable-mosquito-repellent-lamp-and-insect-killing-racquet\/\" \/>\n<meta property=\"og:site_name\" content=\"Decolights.eu\" \/>\n<meta property=\"article:modified_time\" content=\"2023-04-29T08:39:14+00:00\" \/>\n<meta property=\"og:image\" content=\"https:\/\/decolights.eu\/wp-content\/uploads\/2023\/04\/kaks-uhes-taaslaetav-saasetorjelamp-ja-putukate-tapmise-reket-swateck-innovagoods_121597.jpg\" \/>\n\t<meta property=\"og:image:width\" content=\"600\" \/>\n\t<meta property=\"og:image:height\" content=\"600\" \/>\n\t<meta property=\"og:image:type\" content=\"image\/jpeg\" \/>\n<meta name=\"twitter:card\" content=\"summary_large_image\" \/>\n<meta name=\"twitter:label1\" content=\"Odhadovan\u00e1 doba \u010dten\u00ed\" \/>\n\t<meta name=\"twitter:data1\" content=\"1 minuta\" \/>\n<script type=\"application\/ld+json\" class=\"yoast-schema-graph\">{\"@context\":\"https:\\\/\\\/schema.org\",\"@graph\":[{\"@type\":\"WebPage\",\"@id\":\"https:\\\/\\\/decolights.eu\\\/product\\\/2-in-1-rechargeable-mosquito-repellent-lamp-and-insect-killing-racquet\\\/\",\"url\":\"https:\\\/\\\/decolights.eu\\\/product\\\/2-in-1-rechargeable-mosquito-repellent-lamp-and-insect-killing-racquet\\\/\",\"name\":\"2 in 1 rechargeable mosquito repellent lamp and insect-killing racquet - Decolights.eu\",\"isPartOf\":{\"@id\":\"https:\\\/\\\/decolights.eu\\\/#website\"},\"primaryImageOfPage\":{\"@id\":\"https:\\\/\\\/decolights.eu\\\/product\\\/2-in-1-rechargeable-mosquito-repellent-lamp-and-insect-killing-racquet\\\/#primaryimage\"},\"image\":{\"@id\":\"https:\\\/\\\/decolights.eu\\\/product\\\/2-in-1-rechargeable-mosquito-repellent-lamp-and-insect-killing-racquet\\\/#primaryimage\"},\"thumbnailUrl\":\"https:\\\/\\\/decolights.eu\\\/wp-content\\\/uploads\\\/2023\\\/04\\\/kaks-uhes-taaslaetav-saasetorjelamp-ja-putukate-tapmise-reket-swateck-innovagoods_121597.jpg\",\"datePublished\":\"2023-04-01T04:21:46+00:00\",\"dateModified\":\"2023-04-29T08:39:14+00:00\",\"description\":\"A mosquito racquet and lamp is a very practical and effective device for removing insects(flies, mosquitoes, bees etc). Buy now to get the best price!\",\"breadcrumb\":{\"@id\":\"https:\\\/\\\/decolights.eu\\\/product\\\/2-in-1-rechargeable-mosquito-repellent-lamp-and-insect-killing-racquet\\\/#breadcrumb\"},\"inLanguage\":\"cs\",\"potentialAction\":[{\"@type\":\"ReadAction\",\"target\":[\"https:\\\/\\\/decolights.eu\\\/product\\\/2-in-1-rechargeable-mosquito-repellent-lamp-and-insect-killing-racquet\\\/\"]}]},{\"@type\":\"ImageObject\",\"inLanguage\":\"cs\",\"@id\":\"https:\\\/\\\/decolights.eu\\\/product\\\/2-in-1-rechargeable-mosquito-repellent-lamp-and-insect-killing-racquet\\\/#primaryimage\",\"url\":\"https:\\\/\\\/decolights.eu\\\/wp-content\\\/uploads\\\/2023\\\/04\\\/kaks-uhes-taaslaetav-saasetorjelamp-ja-putukate-tapmise-reket-swateck-innovagoods_121597.jpg\",\"contentUrl\":\"https:\\\/\\\/decolights.eu\\\/wp-content\\\/uploads\\\/2023\\\/04\\\/kaks-uhes-taaslaetav-saasetorjelamp-ja-putukate-tapmise-reket-swateck-innovagoods_121597.jpg\",\"width\":600,\"height\":600},{\"@type\":\"BreadcrumbList\",\"@id\":\"https:\\\/\\\/decolights.eu\\\/product\\\/2-in-1-rechargeable-mosquito-repellent-lamp-and-insect-killing-racquet\\\/#breadcrumb\",\"itemListElement\":[{\"@type\":\"ListItem\",\"position\":1,\"name\":\"Shop\",\"item\":\"https:\\\/\\\/decolights.eu\\\/shop\\\/\"},{\"@type\":\"ListItem\",\"position\":2,\"name\":\"2 in 1 rechargeable mosquito repellent lamp and insect-killing racquet\"}]},{\"@type\":\"WebSite\",\"@id\":\"https:\\\/\\\/decolights.eu\\\/#website\",\"url\":\"https:\\\/\\\/decolights.eu\\\/\",\"name\":\"decolights\",\"description\":\"Led Decorations for Home and Garden\",\"publisher\":{\"@id\":\"https:\\\/\\\/decolights.eu\\\/#organization\"},\"alternateName\":\"decolights.eu\",\"potentialAction\":[{\"@type\":\"SearchAction\",\"target\":{\"@type\":\"EntryPoint\",\"urlTemplate\":\"https:\\\/\\\/decolights.eu\\\/?s={search_term_string}\"},\"query-input\":{\"@type\":\"PropertyValueSpecification\",\"valueRequired\":true,\"valueName\":\"search_term_string\"}}],\"inLanguage\":\"cs\"},{\"@type\":\"Organization\",\"@id\":\"https:\\\/\\\/decolights.eu\\\/#organization\",\"name\":\"decolights\",\"url\":\"https:\\\/\\\/decolights.eu\\\/\",\"logo\":{\"@type\":\"ImageObject\",\"inLanguage\":\"cs\",\"@id\":\"https:\\\/\\\/decolights.eu\\\/#\\\/schema\\\/logo\\\/image\\\/\",\"url\":\"https:\\\/\\\/decolights.eu\\\/wp-content\\\/uploads\\\/2023\\\/07\\\/cropped-decolight-siteicon.png\",\"contentUrl\":\"https:\\\/\\\/decolights.eu\\\/wp-content\\\/uploads\\\/2023\\\/07\\\/cropped-decolight-siteicon.png\",\"width\":512,\"height\":512,\"caption\":\"decolights\"},\"image\":{\"@id\":\"https:\\\/\\\/decolights.eu\\\/#\\\/schema\\\/logo\\\/image\\\/\"}}]}<\/script>\n<!-- \/ Yoast SEO plugin. -->","yoast_head_json":{"title":"Dob\u00edjec\u00ed lampa proti kom\u00e1r\u016fm a raketa na huben\u00ed hmyzu 2 v 1 - Decolights.eu","description":"Raketa a lampa proti kom\u00e1r\u016fm je velmi praktick\u00e9 a efektivn\u00ed za\u0159\u00edzen\u00ed na odstra\u0148ov\u00e1n\u00ed hmyzu (mouchy, kom\u00e1\u0159i, v\u010dely atd.). Kupte nyn\u00ed a z\u00edskejte nejlep\u0161\u00ed cenu!","robots":{"index":"index","follow":"follow","max-snippet":"max-snippet:-1","max-image-preview":"max-image-preview:large","max-video-preview":"max-video-preview:-1"},"canonical":"https:\/\/decolights.eu\/cs\/produkt-2\/2-in-1-rechargeable-mosquito-repellent-lamp-and-insect-killing-racquet\/","og_locale":"cs_CZ","og_type":"article","og_title":"2 in 1 rechargeable mosquito repellent lamp and insect-killing racquet - Decolights.eu","og_description":"A mosquito racquet and lamp is a very practical and effective device for removing insects(flies, mosquitoes, bees etc). Buy now to get the best price!","og_url":"https:\/\/decolights.eu\/cs\/produkt-2\/2-in-1-rechargeable-mosquito-repellent-lamp-and-insect-killing-racquet\/","og_site_name":"Decolights.eu","article_modified_time":"2023-04-29T08:39:14+00:00","og_image":[{"width":600,"height":600,"url":"https:\/\/decolights.eu\/wp-content\/uploads\/2023\/04\/kaks-uhes-taaslaetav-saasetorjelamp-ja-putukate-tapmise-reket-swateck-innovagoods_121597.jpg","type":"image\/jpeg"}],"twitter_card":"summary_large_image","twitter_misc":{"Odhadovan\u00e1 doba \u010dten\u00ed":"1 minuta"},"schema":{"@context":"https:\/\/schema.org","@graph":[{"@type":"WebPage","@id":"https:\/\/decolights.eu\/product\/2-in-1-rechargeable-mosquito-repellent-lamp-and-insect-killing-racquet\/","url":"https:\/\/decolights.eu\/product\/2-in-1-rechargeable-mosquito-repellent-lamp-and-insect-killing-racquet\/","name":"Dob\u00edjec\u00ed lampa proti kom\u00e1r\u016fm a raketa na huben\u00ed hmyzu 2 v 1 - Decolights.eu","isPartOf":{"@id":"https:\/\/decolights.eu\/#website"},"primaryImageOfPage":{"@id":"https:\/\/decolights.eu\/product\/2-in-1-rechargeable-mosquito-repellent-lamp-and-insect-killing-racquet\/#primaryimage"},"image":{"@id":"https:\/\/decolights.eu\/product\/2-in-1-rechargeable-mosquito-repellent-lamp-and-insect-killing-racquet\/#primaryimage"},"thumbnailUrl":"https:\/\/decolights.eu\/wp-content\/uploads\/2023\/04\/kaks-uhes-taaslaetav-saasetorjelamp-ja-putukate-tapmise-reket-swateck-innovagoods_121597.jpg","datePublished":"2023-04-01T04:21:46+00:00","dateModified":"2023-04-29T08:39:14+00:00","description":"Raketa a lampa proti kom\u00e1r\u016fm je velmi praktick\u00e9 a efektivn\u00ed za\u0159\u00edzen\u00ed na odstra\u0148ov\u00e1n\u00ed hmyzu (mouchy, kom\u00e1\u0159i, v\u010dely atd.). Kupte nyn\u00ed a z\u00edskejte nejlep\u0161\u00ed cenu!","breadcrumb":{"@id":"https:\/\/decolights.eu\/product\/2-in-1-rechargeable-mosquito-repellent-lamp-and-insect-killing-racquet\/#breadcrumb"},"inLanguage":"cs","potentialAction":[{"@type":"ReadAction","target":["https:\/\/decolights.eu\/product\/2-in-1-rechargeable-mosquito-repellent-lamp-and-insect-killing-racquet\/"]}]},{"@type":"ImageObject","inLanguage":"cs","@id":"https:\/\/decolights.eu\/product\/2-in-1-rechargeable-mosquito-repellent-lamp-and-insect-killing-racquet\/#primaryimage","url":"https:\/\/decolights.eu\/wp-content\/uploads\/2023\/04\/kaks-uhes-taaslaetav-saasetorjelamp-ja-putukate-tapmise-reket-swateck-innovagoods_121597.jpg","contentUrl":"https:\/\/decolights.eu\/wp-content\/uploads\/2023\/04\/kaks-uhes-taaslaetav-saasetorjelamp-ja-putukate-tapmise-reket-swateck-innovagoods_121597.jpg","width":600,"height":600},{"@type":"BreadcrumbList","@id":"https:\/\/decolights.eu\/product\/2-in-1-rechargeable-mosquito-repellent-lamp-and-insect-killing-racquet\/#breadcrumb","itemListElement":[{"@type":"ListItem","position":1,"name":"Shop","item":"https:\/\/decolights.eu\/shop\/"},{"@type":"ListItem","position":2,"name":"2 in 1 rechargeable mosquito repellent lamp and insect-killing racquet"}]},{"@type":"WebSite","@id":"https:\/\/decolights.eu\/#website","url":"https:\/\/decolights.eu\/","name":"decolights","description":"Led dekorace pro d\u016fm a zahradu","publisher":{"@id":"https:\/\/decolights.eu\/#organization"},"alternateName":"decolights.eu","potentialAction":[{"@type":"SearchAction","target":{"@type":"EntryPoint","urlTemplate":"https:\/\/decolights.eu\/?s={search_term_string}"},"query-input":{"@type":"PropertyValueSpecification","valueRequired":true,"valueName":"search_term_string"}}],"inLanguage":"cs"},{"@type":"Organization","@id":"https:\/\/decolights.eu\/#organization","name":"decolights","url":"https:\/\/decolights.eu\/","logo":{"@type":"ImageObject","inLanguage":"cs","@id":"https:\/\/decolights.eu\/#\/schema\/logo\/image\/","url":"https:\/\/decolights.eu\/wp-content\/uploads\/2023\/07\/cropped-decolight-siteicon.png","contentUrl":"https:\/\/decolights.eu\/wp-content\/uploads\/2023\/07\/cropped-decolight-siteicon.png","width":512,"height":512,"caption":"decolights"},"image":{"@id":"https:\/\/decolights.eu\/#\/schema\/logo\/image\/"}}]}},"jetpack_sharing_enabled":true,"_links":{"self":[{"href":"https:\/\/decolights.eu\/cs\/wp-json\/wp\/v2\/product\/4612","targetHints":{"allow":["GET"]}}],"collection":[{"href":"https:\/\/decolights.eu\/cs\/wp-json\/wp\/v2\/product"}],"about":[{"href":"https:\/\/decolights.eu\/cs\/wp-json\/wp\/v2\/types\/product"}],"replies":[{"embeddable":true,"href":"https:\/\/decolights.eu\/cs\/wp-json\/wp\/v2\/comments?post=4612"}],"wp:featuredmedia":[{"embeddable":true,"href":"https:\/\/decolights.eu\/cs\/wp-json\/wp\/v2\/media\/4645"}],"wp:attachment":[{"href":"https:\/\/decolights.eu\/cs\/wp-json\/wp\/v2\/media?parent=4612"}],"wp:term":[{"taxonomy":"product_brand","embeddable":true,"href":"https:\/\/decolights.eu\/cs\/wp-json\/wp\/v2\/product_brand?post=4612"},{"taxonomy":"product_cat","embeddable":true,"href":"https:\/\/decolights.eu\/cs\/wp-json\/wp\/v2\/product_cat?post=4612"},{"taxonomy":"product_tag","embeddable":true,"href":"https:\/\/decolights.eu\/cs\/wp-json\/wp\/v2\/product_tag?post=4612"}],"curies":[{"name":"wp","href":"https:\/\/api.w.org\/{rel}","templated":true}]}}