{"id":4743,"date":"2023-04-01T04:22:59","date_gmt":"2023-04-01T04:22:59","guid":{"rendered":"https:\/\/decolights.eu\/?post_type=product&#038;p=4743"},"modified":"2023-05-12T05:01:22","modified_gmt":"2023-05-12T05:01:22","slug":"pro-meteor-led-light","status":"publish","type":"product","link":"https:\/\/decolights.eu\/cs\/produkt-2\/pro-meteor-led-light\/","title":{"rendered":"PRO Meteor LED sv\u011btlo"},"content":{"rendered":"<div class=\"spoiler_component_content_wrapper\">\n<div class=\"product_details_parameters spoiler_component_content\">\n<div class=\"spoiler_component_content_wrapper\">\n<div class=\"product_details_parameters spoiler_component_content\">\n<p>Na\u0161e \u0159ada PRO je vysoce kvalitn\u00ed \u0159ada LED sv\u011btel s dlouhou \u017eivotnost\u00ed. Girlandy maj\u00ed gumov\u00fd kabel odoln\u00fd v\u016f\u010di UV z\u00e1\u0159en\u00ed a lze je pou\u017e\u00edvat venku po cel\u00fd rok.<\/p>\n<p>PRO Meteor LED Light je ide\u00e1ln\u00ed pro zdoben\u00ed fas\u00e1d, balkon\u016f nebo strom\u016f. Poskytuje jasn\u00fd a b\u00e1je\u010dn\u00fd efekt blesku a v\u00e1\u0161 domov bude vypadat je\u0161t\u011b kr\u00e1sn\u011bj\u0161\u00ed a v\u00fdjime\u010dn\u011bj\u0161\u00ed.<\/p>\n<p>V p\u0159\u00edpad\u011b z\u00e1jmu o jinou barvu LED nebo kabelu n\u00e1s nev\u00e1hejte kontaktovat <a href=\"mailto:info@decolights.eu\">info@decolights.eu<\/a>.<\/p>\n<\/div>\n<\/div>\n<ul>\n<li><strong>Po\u010det meteor\u016f<\/strong><strong>:\u00a0<\/strong>5ks<\/li>\n<li><strong>Po\u010det LED diod:\u00a0<\/strong>320 LED<\/li>\n<li><strong>Celkov\u00e1 d\u00e9lka (v\u010detn\u011b nap\u00e1jec\u00edho kabelu): <\/strong>7M<\/li>\n<li><strong>D\u00e9lka osv\u011btlen\u00e9 \u010d\u00e1sti: <\/strong>5 mil<\/li>\n<li><strong>Nap\u00e1jec\u00ed kabel:<\/strong> 2,0 mil<\/li>\n<li><strong>D\u00e9lka meteoru:\u00a0<\/strong>50CM<\/li>\n<li><strong>Vzd\u00e1lenost mezi meteory:<\/strong> 1 mil<\/li>\n<li><strong>Velikost LED:<\/strong> 8MM<\/li>\n<li><strong>\u00dahel blesku:\u00a0<\/strong>360 stup\u0148\u016f<\/li>\n<li><strong>Blik\u00e1:\u00a0<\/strong>Ne<\/li>\n<li><strong>IP hodnocen\u00ed: <\/strong>IP65<\/li>\n<li><strong>Zdroj energie:\u00a0<\/strong>Zapojit<\/li>\n<li><strong>Materi\u00e1l kabelu:\u00a0<\/strong>Guma 3,2 mm<\/li>\n<li><strong>P\u0159ipojiteln\u00e9:\u00a0<\/strong>Ano (maxim\u00e1ln\u011b 3 sady)<\/li>\n<li><strong>CE certifikov\u00e1no:\u00a0<\/strong>Ano<\/li>\n<li>220-240V, 24W<\/li>\n<\/ul>\n<\/div>\n<\/div>","protected":false},"excerpt":{"rendered":"<p>Our PRO line is a high quality and long lasting LED light series. Garlands are with UV-proof, rubber cable and can be used outside all year around. PRO Meteor LED Light is perfect for decorating facades, balconies or trees. Gives a bright and fabulous lightning effect and will make your home look even more beautiful [&#8230;]\n","protected":false},"featured_media":4805,"comment_status":"open","ping_status":"closed","template":"","meta":[],"product_brand":[],"product_cat":[226,239],"product_tag":[],"class_list":{"0":"post-4743","1":"product","2":"type-product","3":"status-publish","4":"has-post-thumbnail","6":"product_cat-outdoor-lights","7":"product_cat-pro-christmas-lights","8":"pa_available-colours-cold-white","9":"pa_available-colours-warm-white","10":"pa_brand-deco","11":"pa_led-colour-cold-white","12":"pa_led-colour-warm-white","14":"first","15":"onbackorder","16":"sale","17":"shipping-taxable","18":"purchasable","19":"product-type-variable"},"yoast_head":"<!-- This site is optimized with the Yoast SEO plugin v27.3 - https:\/\/yoast.com\/product\/yoast-seo-wordpress\/ -->\n<title>PRO Meteor LED Light - Best price &amp; Quality - Decolights.eu<\/title>\n<meta name=\"description\" content=\"PRO Meteor LED light will create a magical atmosphere. Festive mood in guaranteed! Decorate your outside tree or facade. Buy now to get the best price.\" \/>\n<meta name=\"robots\" content=\"index, follow, max-snippet:-1, max-image-preview:large, max-video-preview:-1\" \/>\n<link rel=\"canonical\" href=\"https:\/\/decolights.eu\/cs\/produkt-2\/pro-meteor-led-light\/\" \/>\n<meta property=\"og:locale\" content=\"cs_CZ\" \/>\n<meta property=\"og:type\" content=\"article\" \/>\n<meta property=\"og:title\" content=\"PRO Meteor LED Light - Best price &amp; Quality - Decolights.eu\" \/>\n<meta property=\"og:description\" content=\"PRO Meteor LED light will create a magical atmosphere. Festive mood in guaranteed! Decorate your outside tree or facade. Buy now to get the best price.\" \/>\n<meta property=\"og:url\" content=\"https:\/\/decolights.eu\/cs\/produkt-2\/pro-meteor-led-light\/\" \/>\n<meta property=\"og:site_name\" content=\"Decolights.eu\" \/>\n<meta property=\"article:modified_time\" content=\"2023-05-12T05:01:22+00:00\" \/>\n<meta property=\"og:image\" content=\"https:\/\/decolights.eu\/wp-content\/uploads\/2023\/04\/dekor-puud-1.jpg\" \/>\n\t<meta property=\"og:image:width\" content=\"995\" \/>\n\t<meta property=\"og:image:height\" content=\"578\" \/>\n\t<meta property=\"og:image:type\" content=\"image\/jpeg\" \/>\n<meta name=\"twitter:card\" content=\"summary_large_image\" \/>\n<meta name=\"twitter:label1\" content=\"Odhadovan\u00e1 doba \u010dten\u00ed\" \/>\n\t<meta name=\"twitter:data1\" content=\"1 minuta\" \/>\n<script type=\"application\/ld+json\" class=\"yoast-schema-graph\">{\"@context\":\"https:\\\/\\\/schema.org\",\"@graph\":[{\"@type\":\"WebPage\",\"@id\":\"https:\\\/\\\/decolights.eu\\\/product\\\/pro-meteor-led-light\\\/\",\"url\":\"https:\\\/\\\/decolights.eu\\\/product\\\/pro-meteor-led-light\\\/\",\"name\":\"PRO Meteor LED Light - Best price & Quality - Decolights.eu\",\"isPartOf\":{\"@id\":\"https:\\\/\\\/decolights.eu\\\/#website\"},\"primaryImageOfPage\":{\"@id\":\"https:\\\/\\\/decolights.eu\\\/product\\\/pro-meteor-led-light\\\/#primaryimage\"},\"image\":{\"@id\":\"https:\\\/\\\/decolights.eu\\\/product\\\/pro-meteor-led-light\\\/#primaryimage\"},\"thumbnailUrl\":\"https:\\\/\\\/decolights.eu\\\/wp-content\\\/uploads\\\/2023\\\/04\\\/dekor-puud-1.jpg\",\"datePublished\":\"2023-04-01T04:22:59+00:00\",\"dateModified\":\"2023-05-12T05:01:22+00:00\",\"description\":\"PRO Meteor LED light will create a magical atmosphere. Festive mood in guaranteed! Decorate your outside tree or facade. Buy now to get the best price.\",\"breadcrumb\":{\"@id\":\"https:\\\/\\\/decolights.eu\\\/product\\\/pro-meteor-led-light\\\/#breadcrumb\"},\"inLanguage\":\"cs\",\"potentialAction\":[{\"@type\":\"ReadAction\",\"target\":[\"https:\\\/\\\/decolights.eu\\\/product\\\/pro-meteor-led-light\\\/\"]}]},{\"@type\":\"ImageObject\",\"inLanguage\":\"cs\",\"@id\":\"https:\\\/\\\/decolights.eu\\\/product\\\/pro-meteor-led-light\\\/#primaryimage\",\"url\":\"https:\\\/\\\/decolights.eu\\\/wp-content\\\/uploads\\\/2023\\\/04\\\/dekor-puud-1.jpg\",\"contentUrl\":\"https:\\\/\\\/decolights.eu\\\/wp-content\\\/uploads\\\/2023\\\/04\\\/dekor-puud-1.jpg\",\"width\":995,\"height\":578},{\"@type\":\"BreadcrumbList\",\"@id\":\"https:\\\/\\\/decolights.eu\\\/product\\\/pro-meteor-led-light\\\/#breadcrumb\",\"itemListElement\":[{\"@type\":\"ListItem\",\"position\":1,\"name\":\"Shop\",\"item\":\"https:\\\/\\\/decolights.eu\\\/shop\\\/\"},{\"@type\":\"ListItem\",\"position\":2,\"name\":\"PRO Meteor LED Light\"}]},{\"@type\":\"WebSite\",\"@id\":\"https:\\\/\\\/decolights.eu\\\/#website\",\"url\":\"https:\\\/\\\/decolights.eu\\\/\",\"name\":\"decolights\",\"description\":\"Led Decorations for Home and Garden\",\"publisher\":{\"@id\":\"https:\\\/\\\/decolights.eu\\\/#organization\"},\"alternateName\":\"decolights.eu\",\"potentialAction\":[{\"@type\":\"SearchAction\",\"target\":{\"@type\":\"EntryPoint\",\"urlTemplate\":\"https:\\\/\\\/decolights.eu\\\/?s={search_term_string}\"},\"query-input\":{\"@type\":\"PropertyValueSpecification\",\"valueRequired\":true,\"valueName\":\"search_term_string\"}}],\"inLanguage\":\"cs\"},{\"@type\":\"Organization\",\"@id\":\"https:\\\/\\\/decolights.eu\\\/#organization\",\"name\":\"decolights\",\"url\":\"https:\\\/\\\/decolights.eu\\\/\",\"logo\":{\"@type\":\"ImageObject\",\"inLanguage\":\"cs\",\"@id\":\"https:\\\/\\\/decolights.eu\\\/#\\\/schema\\\/logo\\\/image\\\/\",\"url\":\"https:\\\/\\\/decolights.eu\\\/wp-content\\\/uploads\\\/2023\\\/07\\\/cropped-decolight-siteicon.png\",\"contentUrl\":\"https:\\\/\\\/decolights.eu\\\/wp-content\\\/uploads\\\/2023\\\/07\\\/cropped-decolight-siteicon.png\",\"width\":512,\"height\":512,\"caption\":\"decolights\"},\"image\":{\"@id\":\"https:\\\/\\\/decolights.eu\\\/#\\\/schema\\\/logo\\\/image\\\/\"}}]}<\/script>\n<!-- \/ Yoast SEO plugin. -->","yoast_head_json":{"title":"PRO Meteor LED Light - Nejlep\u0161\u00ed cena a kvalita - Decolights.eu","description":"PRO Meteor LED sv\u011btlo vytvo\u0159\u00ed kouzelnou atmosf\u00e9ru. Slavnostn\u00ed n\u00e1lada zaru\u010dena! Ozdobte sv\u016fj venkovn\u00ed strom nebo fas\u00e1du. Kupte nyn\u00ed a z\u00edskejte nejlep\u0161\u00ed cenu.","robots":{"index":"index","follow":"follow","max-snippet":"max-snippet:-1","max-image-preview":"max-image-preview:large","max-video-preview":"max-video-preview:-1"},"canonical":"https:\/\/decolights.eu\/cs\/produkt-2\/pro-meteor-led-light\/","og_locale":"cs_CZ","og_type":"article","og_title":"PRO Meteor LED Light - Best price & Quality - Decolights.eu","og_description":"PRO Meteor LED light will create a magical atmosphere. Festive mood in guaranteed! Decorate your outside tree or facade. Buy now to get the best price.","og_url":"https:\/\/decolights.eu\/cs\/produkt-2\/pro-meteor-led-light\/","og_site_name":"Decolights.eu","article_modified_time":"2023-05-12T05:01:22+00:00","og_image":[{"width":995,"height":578,"url":"https:\/\/decolights.eu\/wp-content\/uploads\/2023\/04\/dekor-puud-1.jpg","type":"image\/jpeg"}],"twitter_card":"summary_large_image","twitter_misc":{"Odhadovan\u00e1 doba \u010dten\u00ed":"1 minuta"},"schema":{"@context":"https:\/\/schema.org","@graph":[{"@type":"WebPage","@id":"https:\/\/decolights.eu\/product\/pro-meteor-led-light\/","url":"https:\/\/decolights.eu\/product\/pro-meteor-led-light\/","name":"PRO Meteor LED Light - Nejlep\u0161\u00ed cena a kvalita - Decolights.eu","isPartOf":{"@id":"https:\/\/decolights.eu\/#website"},"primaryImageOfPage":{"@id":"https:\/\/decolights.eu\/product\/pro-meteor-led-light\/#primaryimage"},"image":{"@id":"https:\/\/decolights.eu\/product\/pro-meteor-led-light\/#primaryimage"},"thumbnailUrl":"https:\/\/decolights.eu\/wp-content\/uploads\/2023\/04\/dekor-puud-1.jpg","datePublished":"2023-04-01T04:22:59+00:00","dateModified":"2023-05-12T05:01:22+00:00","description":"PRO Meteor LED sv\u011btlo vytvo\u0159\u00ed kouzelnou atmosf\u00e9ru. Slavnostn\u00ed n\u00e1lada zaru\u010dena! Ozdobte sv\u016fj venkovn\u00ed strom nebo fas\u00e1du. Kupte nyn\u00ed a z\u00edskejte nejlep\u0161\u00ed cenu.","breadcrumb":{"@id":"https:\/\/decolights.eu\/product\/pro-meteor-led-light\/#breadcrumb"},"inLanguage":"cs","potentialAction":[{"@type":"ReadAction","target":["https:\/\/decolights.eu\/product\/pro-meteor-led-light\/"]}]},{"@type":"ImageObject","inLanguage":"cs","@id":"https:\/\/decolights.eu\/product\/pro-meteor-led-light\/#primaryimage","url":"https:\/\/decolights.eu\/wp-content\/uploads\/2023\/04\/dekor-puud-1.jpg","contentUrl":"https:\/\/decolights.eu\/wp-content\/uploads\/2023\/04\/dekor-puud-1.jpg","width":995,"height":578},{"@type":"BreadcrumbList","@id":"https:\/\/decolights.eu\/product\/pro-meteor-led-light\/#breadcrumb","itemListElement":[{"@type":"ListItem","position":1,"name":"Shop","item":"https:\/\/decolights.eu\/shop\/"},{"@type":"ListItem","position":2,"name":"PRO Meteor LED Light"}]},{"@type":"WebSite","@id":"https:\/\/decolights.eu\/#website","url":"https:\/\/decolights.eu\/","name":"decolights","description":"Led dekorace pro d\u016fm a zahradu","publisher":{"@id":"https:\/\/decolights.eu\/#organization"},"alternateName":"decolights.eu","potentialAction":[{"@type":"SearchAction","target":{"@type":"EntryPoint","urlTemplate":"https:\/\/decolights.eu\/?s={search_term_string}"},"query-input":{"@type":"PropertyValueSpecification","valueRequired":true,"valueName":"search_term_string"}}],"inLanguage":"cs"},{"@type":"Organization","@id":"https:\/\/decolights.eu\/#organization","name":"decolights","url":"https:\/\/decolights.eu\/","logo":{"@type":"ImageObject","inLanguage":"cs","@id":"https:\/\/decolights.eu\/#\/schema\/logo\/image\/","url":"https:\/\/decolights.eu\/wp-content\/uploads\/2023\/07\/cropped-decolight-siteicon.png","contentUrl":"https:\/\/decolights.eu\/wp-content\/uploads\/2023\/07\/cropped-decolight-siteicon.png","width":512,"height":512,"caption":"decolights"},"image":{"@id":"https:\/\/decolights.eu\/#\/schema\/logo\/image\/"}}]}},"jetpack_sharing_enabled":true,"_links":{"self":[{"href":"https:\/\/decolights.eu\/cs\/wp-json\/wp\/v2\/product\/4743","targetHints":{"allow":["GET"]}}],"collection":[{"href":"https:\/\/decolights.eu\/cs\/wp-json\/wp\/v2\/product"}],"about":[{"href":"https:\/\/decolights.eu\/cs\/wp-json\/wp\/v2\/types\/product"}],"replies":[{"embeddable":true,"href":"https:\/\/decolights.eu\/cs\/wp-json\/wp\/v2\/comments?post=4743"}],"wp:featuredmedia":[{"embeddable":true,"href":"https:\/\/decolights.eu\/cs\/wp-json\/wp\/v2\/media\/4805"}],"wp:attachment":[{"href":"https:\/\/decolights.eu\/cs\/wp-json\/wp\/v2\/media?parent=4743"}],"wp:term":[{"taxonomy":"product_brand","embeddable":true,"href":"https:\/\/decolights.eu\/cs\/wp-json\/wp\/v2\/product_brand?post=4743"},{"taxonomy":"product_cat","embeddable":true,"href":"https:\/\/decolights.eu\/cs\/wp-json\/wp\/v2\/product_cat?post=4743"},{"taxonomy":"product_tag","embeddable":true,"href":"https:\/\/decolights.eu\/cs\/wp-json\/wp\/v2\/product_tag?post=4743"}],"curies":[{"name":"wp","href":"https:\/\/api.w.org\/{rel}","templated":true}]}}