{"id":4907,"date":"2023-04-01T04:24:31","date_gmt":"2023-04-01T04:24:31","guid":{"rendered":"https:\/\/decolights.eu\/?post_type=product&#038;p=4907"},"modified":"2023-05-02T03:09:56","modified_gmt":"2023-05-02T03:09:56","slug":"pro-festoon-led-lights-21-5m-20-hanging-sockets-bulbs-not-included","status":"publish","type":"product","link":"https:\/\/decolights.eu\/cs\/produkt-2\/pro-festoon-led-lights-21-5m-20-hanging-sockets-bulbs-not-included\/","title":{"rendered":"PRO Festoon LED sv\u011btla 21,5M 20 z\u00e1v\u011bsn\u00fdch z\u00e1suvek (\u017e\u00e1rovky nejsou sou\u010d\u00e1st\u00ed dod\u00e1vky)"},"content":{"rendered":"<p>Na\u0161e \u0159ada PRO je vysoce kvalitn\u00ed a dlouhotrvaj\u00edc\u00ed sv\u011bteln\u00e1 \u0159ada. Girlandy jsou s kabelem odoln\u00fdm v\u016f\u010di UV z\u00e1\u0159en\u00ed a lze je pou\u017e\u00edvat venku po cel\u00fd rok.<\/p>\n<p>LED sv\u011bteln\u00fd \u0159et\u011bz PRO Festoon se z\u00e1v\u011bsn\u00fdmi obj\u00edmkami je pozoruhodn\u00fd produkt, kter\u00fd se skv\u011ble hod\u00ed pro dekorativn\u00ed i praktick\u00e9 osv\u011btlen\u00ed zahrady nebo terasy. Vyberte si samostatn\u011b sv\u00e9 obl\u00edben\u00e9 LED \u017e\u00e1rovky a vychutnejte si dokonal\u00fd v\u00fdsledek s p\u0159izp\u016fsoben\u00fdm a dokonal\u00fdm v\u011bnecov\u00fdm sv\u011btlem.<\/p>\n<ul>\n<li><strong>Po\u010det z\u00e1suvek<\/strong><strong>: <\/strong>20 ks<\/li>\n<li><strong>Celkov\u00e1 d\u00e9lka (v\u010detn\u011b nap\u00e1jec\u00edho kabelu): <\/strong>21,50 mil<\/li>\n<li><strong>D\u00e9lka osv\u011btlen\u00e9 \u010d\u00e1sti: <\/strong>20 mil<\/li>\n<li><strong>Nap\u00e1jec\u00ed kabel:<\/strong> 1,50 mil<\/li>\n<li><strong>D\u00e9lka z\u00e1v\u011bsn\u00e9 \u010d\u00e1sti: <\/strong>10CM<\/li>\n<li><strong>Vzd\u00e1lenost mezi z\u00e1suvkami:<\/strong> 1 mil<\/li>\n<li><strong>Barva kabelu: <\/strong>\u010cern\u00e1<\/li>\n<li><strong>IP hodnocen\u00ed: <\/strong>IP44<\/li>\n<li><strong>Zdroj energie:\u00a0<\/strong>Zapojit<\/li>\n<li><strong>Materi\u00e1l kabelu:\u00a0<\/strong>PVC gumov\u00fd kabel<\/li>\n<li><strong>P\u0159ipojiteln\u00e9:\u00a0<\/strong>Ano<\/li>\n<li><strong>V\u00ed\u010dko\/z\u00e1suvka:\u00a0<\/strong>Vym\u011bniteln\u00e9 \u017e\u00e1rovky E27<\/li>\n<li><strong>CE certifikov\u00e1no:\u00a0<\/strong>Ano<\/li>\n<li>220-240V<\/li>\n<\/ul>\n<p><strong>NB! \u017d\u00e1rovky nejsou sou\u010d\u00e1st\u00ed dod\u00e1vky. <a href=\"https:\/\/decolights.eu\/cs\/kategorie-produktu-2\/outdoor-lights\/bulbs\/\"><span style=\"color: #ed1c24;\">Kliknut\u00edm sem najdete sv\u00e9 obl\u00edben\u00e9 \u017e\u00e1rovky.<\/span><\/a><\/strong><\/p>","protected":false},"excerpt":{"rendered":"<p>Our PRO line is a high quality and long lasting light series. Garlands are with UV-proof cable and can be used outside all year around. PRO Festoon LED light chain with hanging sockets is a remarkable product that is perfect for decorative and practical lighting in the garden or patio. Choose separately your favourite LED [&#8230;]\n","protected":false},"featured_media":4957,"comment_status":"open","ping_status":"closed","template":"","meta":[],"product_brand":[],"product_cat":[226,228],"product_tag":[],"class_list":{"0":"post-4907","1":"product","2":"type-product","3":"status-publish","4":"has-post-thumbnail","6":"product_cat-outdoor-lights","7":"product_cat-pro-festoon-lights","8":"pa_brand-deco","10":"first","11":"instock","12":"sale","13":"shipping-taxable","14":"purchasable","15":"product-type-simple"},"yoast_head":"<!-- This site is optimized with the Yoast SEO plugin v27.3 - https:\/\/yoast.com\/product\/yoast-seo-wordpress\/ -->\n<title>PRO Festoon LED lights 21.5M 20 hanging sockets (bulbs not included) - Best price - Decolights.eu<\/title>\n<meta name=\"description\" content=\"Decorate your patio with a high quality PRO festoon LED lights 21.5M 20 hanging sockets to get cozy atmosphere. Buy now the get the best price!\" \/>\n<meta name=\"robots\" content=\"index, follow, max-snippet:-1, max-image-preview:large, max-video-preview:-1\" \/>\n<link rel=\"canonical\" href=\"https:\/\/decolights.eu\/cs\/produkt-2\/pro-festoon-led-lights-21-5m-20-hanging-sockets-bulbs-not-included\/\" \/>\n<meta property=\"og:locale\" content=\"cs_CZ\" \/>\n<meta property=\"og:type\" content=\"article\" \/>\n<meta property=\"og:title\" content=\"PRO Festoon LED lights 21.5M 20 hanging sockets (bulbs not included) - Best price - Decolights.eu\" \/>\n<meta property=\"og:description\" content=\"Decorate your patio with a high quality PRO festoon LED lights 21.5M 20 hanging sockets to get cozy atmosphere. Buy now the get the best price!\" \/>\n<meta property=\"og:url\" content=\"https:\/\/decolights.eu\/cs\/produkt-2\/pro-festoon-led-lights-21-5m-20-hanging-sockets-bulbs-not-included\/\" \/>\n<meta property=\"og:site_name\" content=\"Decolights.eu\" \/>\n<meta property=\"article:modified_time\" content=\"2023-05-02T03:09:56+00:00\" \/>\n<meta property=\"og:image\" content=\"https:\/\/decolights.eu\/wp-content\/uploads\/2023\/04\/filament.jpg\" \/>\n\t<meta property=\"og:image:width\" content=\"700\" \/>\n\t<meta property=\"og:image:height\" content=\"420\" \/>\n\t<meta property=\"og:image:type\" content=\"image\/jpeg\" \/>\n<meta name=\"twitter:card\" content=\"summary_large_image\" \/>\n<meta name=\"twitter:label1\" content=\"Odhadovan\u00e1 doba \u010dten\u00ed\" \/>\n\t<meta name=\"twitter:data1\" content=\"1 minuta\" \/>\n<script type=\"application\/ld+json\" class=\"yoast-schema-graph\">{\"@context\":\"https:\\\/\\\/schema.org\",\"@graph\":[{\"@type\":\"WebPage\",\"@id\":\"https:\\\/\\\/decolights.eu\\\/product\\\/pro-festoon-led-lights-21-5m-20-hanging-sockets-bulbs-not-included\\\/\",\"url\":\"https:\\\/\\\/decolights.eu\\\/product\\\/pro-festoon-led-lights-21-5m-20-hanging-sockets-bulbs-not-included\\\/\",\"name\":\"PRO Festoon LED lights 21.5M 20 hanging sockets (bulbs not included) - Best price - Decolights.eu\",\"isPartOf\":{\"@id\":\"https:\\\/\\\/decolights.eu\\\/#website\"},\"primaryImageOfPage\":{\"@id\":\"https:\\\/\\\/decolights.eu\\\/product\\\/pro-festoon-led-lights-21-5m-20-hanging-sockets-bulbs-not-included\\\/#primaryimage\"},\"image\":{\"@id\":\"https:\\\/\\\/decolights.eu\\\/product\\\/pro-festoon-led-lights-21-5m-20-hanging-sockets-bulbs-not-included\\\/#primaryimage\"},\"thumbnailUrl\":\"https:\\\/\\\/decolights.eu\\\/wp-content\\\/uploads\\\/2023\\\/04\\\/filament.jpg\",\"datePublished\":\"2023-04-01T04:24:31+00:00\",\"dateModified\":\"2023-05-02T03:09:56+00:00\",\"description\":\"Decorate your patio with a high quality PRO festoon LED lights 21.5M 20 hanging sockets to get cozy atmosphere. Buy now the get the best price!\",\"breadcrumb\":{\"@id\":\"https:\\\/\\\/decolights.eu\\\/product\\\/pro-festoon-led-lights-21-5m-20-hanging-sockets-bulbs-not-included\\\/#breadcrumb\"},\"inLanguage\":\"cs\",\"potentialAction\":[{\"@type\":\"ReadAction\",\"target\":[\"https:\\\/\\\/decolights.eu\\\/product\\\/pro-festoon-led-lights-21-5m-20-hanging-sockets-bulbs-not-included\\\/\"]}]},{\"@type\":\"ImageObject\",\"inLanguage\":\"cs\",\"@id\":\"https:\\\/\\\/decolights.eu\\\/product\\\/pro-festoon-led-lights-21-5m-20-hanging-sockets-bulbs-not-included\\\/#primaryimage\",\"url\":\"https:\\\/\\\/decolights.eu\\\/wp-content\\\/uploads\\\/2023\\\/04\\\/filament.jpg\",\"contentUrl\":\"https:\\\/\\\/decolights.eu\\\/wp-content\\\/uploads\\\/2023\\\/04\\\/filament.jpg\",\"width\":700,\"height\":420},{\"@type\":\"BreadcrumbList\",\"@id\":\"https:\\\/\\\/decolights.eu\\\/product\\\/pro-festoon-led-lights-21-5m-20-hanging-sockets-bulbs-not-included\\\/#breadcrumb\",\"itemListElement\":[{\"@type\":\"ListItem\",\"position\":1,\"name\":\"Shop\",\"item\":\"https:\\\/\\\/decolights.eu\\\/shop\\\/\"},{\"@type\":\"ListItem\",\"position\":2,\"name\":\"PRO Festoon LED lights 21.5M 20 hanging sockets (bulbs not included)\"}]},{\"@type\":\"WebSite\",\"@id\":\"https:\\\/\\\/decolights.eu\\\/#website\",\"url\":\"https:\\\/\\\/decolights.eu\\\/\",\"name\":\"decolights\",\"description\":\"Led Decorations for Home and Garden\",\"publisher\":{\"@id\":\"https:\\\/\\\/decolights.eu\\\/#organization\"},\"alternateName\":\"decolights.eu\",\"potentialAction\":[{\"@type\":\"SearchAction\",\"target\":{\"@type\":\"EntryPoint\",\"urlTemplate\":\"https:\\\/\\\/decolights.eu\\\/?s={search_term_string}\"},\"query-input\":{\"@type\":\"PropertyValueSpecification\",\"valueRequired\":true,\"valueName\":\"search_term_string\"}}],\"inLanguage\":\"cs\"},{\"@type\":\"Organization\",\"@id\":\"https:\\\/\\\/decolights.eu\\\/#organization\",\"name\":\"decolights\",\"url\":\"https:\\\/\\\/decolights.eu\\\/\",\"logo\":{\"@type\":\"ImageObject\",\"inLanguage\":\"cs\",\"@id\":\"https:\\\/\\\/decolights.eu\\\/#\\\/schema\\\/logo\\\/image\\\/\",\"url\":\"https:\\\/\\\/decolights.eu\\\/wp-content\\\/uploads\\\/2023\\\/07\\\/cropped-decolight-siteicon.png\",\"contentUrl\":\"https:\\\/\\\/decolights.eu\\\/wp-content\\\/uploads\\\/2023\\\/07\\\/cropped-decolight-siteicon.png\",\"width\":512,\"height\":512,\"caption\":\"decolights\"},\"image\":{\"@id\":\"https:\\\/\\\/decolights.eu\\\/#\\\/schema\\\/logo\\\/image\\\/\"}}]}<\/script>\n<!-- \/ Yoast SEO plugin. -->","yoast_head_json":{"title":"PRO Festoon LED sv\u011btla 21,5M 20 z\u00e1v\u011bsn\u00fdch obj\u00edmek (\u017e\u00e1rovky nejsou sou\u010d\u00e1st\u00ed balen\u00ed) - Nejlep\u0161\u00ed cena - Decolights.eu","description":"Ozdobte svou terasu vysoce kvalitn\u00edmi LED sv\u011btly PRO festoon 21,5M 20 z\u00e1v\u011bsn\u00fdch z\u00e1suvek pro z\u00edsk\u00e1n\u00ed \u00fatuln\u00e9 atmosf\u00e9ry. Kupte nyn\u00ed a z\u00edskejte nejlep\u0161\u00ed cenu!","robots":{"index":"index","follow":"follow","max-snippet":"max-snippet:-1","max-image-preview":"max-image-preview:large","max-video-preview":"max-video-preview:-1"},"canonical":"https:\/\/decolights.eu\/cs\/produkt-2\/pro-festoon-led-lights-21-5m-20-hanging-sockets-bulbs-not-included\/","og_locale":"cs_CZ","og_type":"article","og_title":"PRO Festoon LED lights 21.5M 20 hanging sockets (bulbs not included) - Best price - Decolights.eu","og_description":"Decorate your patio with a high quality PRO festoon LED lights 21.5M 20 hanging sockets to get cozy atmosphere. Buy now the get the best price!","og_url":"https:\/\/decolights.eu\/cs\/produkt-2\/pro-festoon-led-lights-21-5m-20-hanging-sockets-bulbs-not-included\/","og_site_name":"Decolights.eu","article_modified_time":"2023-05-02T03:09:56+00:00","og_image":[{"width":700,"height":420,"url":"https:\/\/decolights.eu\/wp-content\/uploads\/2023\/04\/filament.jpg","type":"image\/jpeg"}],"twitter_card":"summary_large_image","twitter_misc":{"Odhadovan\u00e1 doba \u010dten\u00ed":"1 minuta"},"schema":{"@context":"https:\/\/schema.org","@graph":[{"@type":"WebPage","@id":"https:\/\/decolights.eu\/product\/pro-festoon-led-lights-21-5m-20-hanging-sockets-bulbs-not-included\/","url":"https:\/\/decolights.eu\/product\/pro-festoon-led-lights-21-5m-20-hanging-sockets-bulbs-not-included\/","name":"PRO Festoon LED sv\u011btla 21,5M 20 z\u00e1v\u011bsn\u00fdch obj\u00edmek (\u017e\u00e1rovky nejsou sou\u010d\u00e1st\u00ed balen\u00ed) - Nejlep\u0161\u00ed cena - Decolights.eu","isPartOf":{"@id":"https:\/\/decolights.eu\/#website"},"primaryImageOfPage":{"@id":"https:\/\/decolights.eu\/product\/pro-festoon-led-lights-21-5m-20-hanging-sockets-bulbs-not-included\/#primaryimage"},"image":{"@id":"https:\/\/decolights.eu\/product\/pro-festoon-led-lights-21-5m-20-hanging-sockets-bulbs-not-included\/#primaryimage"},"thumbnailUrl":"https:\/\/decolights.eu\/wp-content\/uploads\/2023\/04\/filament.jpg","datePublished":"2023-04-01T04:24:31+00:00","dateModified":"2023-05-02T03:09:56+00:00","description":"Ozdobte svou terasu vysoce kvalitn\u00edmi LED sv\u011btly PRO festoon 21,5M 20 z\u00e1v\u011bsn\u00fdch z\u00e1suvek pro z\u00edsk\u00e1n\u00ed \u00fatuln\u00e9 atmosf\u00e9ry. Kupte nyn\u00ed a z\u00edskejte nejlep\u0161\u00ed cenu!","breadcrumb":{"@id":"https:\/\/decolights.eu\/product\/pro-festoon-led-lights-21-5m-20-hanging-sockets-bulbs-not-included\/#breadcrumb"},"inLanguage":"cs","potentialAction":[{"@type":"ReadAction","target":["https:\/\/decolights.eu\/product\/pro-festoon-led-lights-21-5m-20-hanging-sockets-bulbs-not-included\/"]}]},{"@type":"ImageObject","inLanguage":"cs","@id":"https:\/\/decolights.eu\/product\/pro-festoon-led-lights-21-5m-20-hanging-sockets-bulbs-not-included\/#primaryimage","url":"https:\/\/decolights.eu\/wp-content\/uploads\/2023\/04\/filament.jpg","contentUrl":"https:\/\/decolights.eu\/wp-content\/uploads\/2023\/04\/filament.jpg","width":700,"height":420},{"@type":"BreadcrumbList","@id":"https:\/\/decolights.eu\/product\/pro-festoon-led-lights-21-5m-20-hanging-sockets-bulbs-not-included\/#breadcrumb","itemListElement":[{"@type":"ListItem","position":1,"name":"Shop","item":"https:\/\/decolights.eu\/shop\/"},{"@type":"ListItem","position":2,"name":"PRO Festoon LED lights 21.5M 20 hanging sockets (bulbs not included)"}]},{"@type":"WebSite","@id":"https:\/\/decolights.eu\/#website","url":"https:\/\/decolights.eu\/","name":"decolights","description":"Led dekorace pro d\u016fm a zahradu","publisher":{"@id":"https:\/\/decolights.eu\/#organization"},"alternateName":"decolights.eu","potentialAction":[{"@type":"SearchAction","target":{"@type":"EntryPoint","urlTemplate":"https:\/\/decolights.eu\/?s={search_term_string}"},"query-input":{"@type":"PropertyValueSpecification","valueRequired":true,"valueName":"search_term_string"}}],"inLanguage":"cs"},{"@type":"Organization","@id":"https:\/\/decolights.eu\/#organization","name":"decolights","url":"https:\/\/decolights.eu\/","logo":{"@type":"ImageObject","inLanguage":"cs","@id":"https:\/\/decolights.eu\/#\/schema\/logo\/image\/","url":"https:\/\/decolights.eu\/wp-content\/uploads\/2023\/07\/cropped-decolight-siteicon.png","contentUrl":"https:\/\/decolights.eu\/wp-content\/uploads\/2023\/07\/cropped-decolight-siteicon.png","width":512,"height":512,"caption":"decolights"},"image":{"@id":"https:\/\/decolights.eu\/#\/schema\/logo\/image\/"}}]}},"jetpack_sharing_enabled":true,"_links":{"self":[{"href":"https:\/\/decolights.eu\/cs\/wp-json\/wp\/v2\/product\/4907","targetHints":{"allow":["GET"]}}],"collection":[{"href":"https:\/\/decolights.eu\/cs\/wp-json\/wp\/v2\/product"}],"about":[{"href":"https:\/\/decolights.eu\/cs\/wp-json\/wp\/v2\/types\/product"}],"replies":[{"embeddable":true,"href":"https:\/\/decolights.eu\/cs\/wp-json\/wp\/v2\/comments?post=4907"}],"wp:featuredmedia":[{"embeddable":true,"href":"https:\/\/decolights.eu\/cs\/wp-json\/wp\/v2\/media\/4957"}],"wp:attachment":[{"href":"https:\/\/decolights.eu\/cs\/wp-json\/wp\/v2\/media?parent=4907"}],"wp:term":[{"taxonomy":"product_brand","embeddable":true,"href":"https:\/\/decolights.eu\/cs\/wp-json\/wp\/v2\/product_brand?post=4907"},{"taxonomy":"product_cat","embeddable":true,"href":"https:\/\/decolights.eu\/cs\/wp-json\/wp\/v2\/product_cat?post=4907"},{"taxonomy":"product_tag","embeddable":true,"href":"https:\/\/decolights.eu\/cs\/wp-json\/wp\/v2\/product_tag?post=4907"}],"curies":[{"name":"wp","href":"https:\/\/api.w.org\/{rel}","templated":true}]}}