{"id":5006,"date":"2023-04-01T04:25:43","date_gmt":"2023-04-01T04:25:43","guid":{"rendered":"https:\/\/decolights.eu\/?post_type=product&#038;p=5006"},"modified":"2023-05-01T14:36:31","modified_gmt":"2023-05-01T14:36:31","slug":"mini-festoon-led-lights-hooky-9-5m-16-bulbs-3","status":"publish","type":"product","link":"https:\/\/decolights.eu\/cs\/produkt-2\/mini-festoon-led-lights-hooky-9-5m-16-bulbs-3\/","title":{"rendered":"Mini Festoon LED sv\u011btla Hooky 9,5M 16 \u017e\u00e1rovek"},"content":{"rendered":"<p>Mini Festoon LED Lights Hooky s o n\u011bco men\u0161\u00edmi pr\u016fhledn\u00fdmi kryty, s 16 ks tepl\u00fdch b\u00edl\u00fdch LED-sv\u011btel pro venkovn\u00ed pou\u017eit\u00ed. Poskytuje kr\u00e1sn\u00e9 a \u00fatuln\u00e9 sv\u011btlo ve tm\u011b.<\/p>\n<ul>\n<li><strong>Barva<\/strong>: pr\u016fhledn\u00e9 kryty<\/li>\n<li><strong>Barva LED:\u00a0<\/strong>tepl\u00e1 b\u00edl\u00e1<\/li>\n<li><strong>Po\u010det lamp<\/strong><strong>: <\/strong>16 ks<\/li>\n<li><strong>Celkov\u00e1 d\u00e9lka (v\u010detn\u011b nap\u00e1jec\u00edho kabelu): <\/strong>9,50 mil<\/li>\n<li><strong>D\u00e9lka sv\u00edcen\u00ed:\u00a0<\/strong>4,50 mil<\/li>\n<li><strong>Nap\u00e1jec\u00ed kabel:<\/strong> 5 mil<\/li>\n<li><strong>Velikost \u017e\u00e1rovky:\u00a0<\/strong>2,50 cm<\/li>\n<li><strong>Vzd\u00e1lenost mezi \u017e\u00e1rovkami:<\/strong> 30CM<\/li>\n<li><strong>Barva kabelu: <\/strong>\u010cern\u00e1<\/li>\n<li><strong>IP hodnocen\u00ed: <\/strong>IP44<\/li>\n<li><strong>Zdroj energie:\u00a0<\/strong>Zapojit<\/li>\n<li><strong>Materi\u00e1l kabelu:\u00a0<\/strong>PVC<\/li>\n<li><strong>P\u0159ipojiteln\u00e9:\u00a0<\/strong>Ne<\/li>\n<li><strong>V\u00ed\u010dko\/z\u00e1suvka:\u00a0<\/strong>Nevym\u011bniteln\u00e9<\/li>\n<li><strong>CE certifikov\u00e1no:\u00a0<\/strong>Ano<\/li>\n<li>3,2V DC 0,96W<\/li>\n<\/ul>","protected":false},"excerpt":{"rendered":"<p>Mini Festoon LED Lights Hooky with a little smaller transparent covers, with 16 pcs warm white LED-lights for outdoor use. Gives a beautiful and cozy light in the dark. Colour: transparent covers LED Colour:\u00a0warm white Number of lamps: 16pcs Total length (included power lead cable): 9.50M Lit length:\u00a04.50M Power lead cable: 5M Bulb size:\u00a02.50CM Spacing [&#8230;]\n","protected":false},"featured_media":5046,"comment_status":"open","ping_status":"closed","template":"","meta":[],"product_brand":[],"product_cat":[227,226],"product_tag":[],"class_list":{"0":"post-5006","1":"product","2":"type-product","3":"status-publish","4":"has-post-thumbnail","6":"product_cat-led-festoon-lights-outdoor-lights","7":"product_cat-outdoor-lights","8":"pa_brand-deco","9":"pa_led-colour-warm-white","11":"first","12":"instock","13":"sale","14":"shipping-taxable","15":"purchasable","16":"product-type-simple"},"yoast_head":"<!-- This site is optimized with the Yoast SEO plugin v27.3 - https:\/\/yoast.com\/product\/yoast-seo-wordpress\/ -->\n<title>Mini Festoon LED Lights Hooky 9.5M 16 bulbs - Best price - Decolights.eu<\/title>\n<meta name=\"description\" content=\"Decorate your patio or garden with a nice mini festoon LED lights Hooky to get a cozy atmosphere. Do not hesitate and buy now the get the best price!\" \/>\n<meta name=\"robots\" content=\"index, follow, max-snippet:-1, max-image-preview:large, max-video-preview:-1\" \/>\n<link rel=\"canonical\" href=\"https:\/\/decolights.eu\/cs\/produkt\/mini-festoon-led-lights-hooky-9-5m-16-bulbs-3\/\" \/>\n<meta property=\"og:locale\" content=\"cs_CZ\" \/>\n<meta property=\"og:type\" content=\"article\" \/>\n<meta property=\"og:title\" content=\"Mini Festoon LED Lights Hooky 9.5M 16 bulbs - Best price - Decolights.eu\" \/>\n<meta property=\"og:description\" content=\"Decorate your patio or garden with a nice mini festoon LED lights Hooky to get a cozy atmosphere. Do not hesitate and buy now the get the best price!\" \/>\n<meta property=\"og:url\" content=\"https:\/\/decolights.eu\/cs\/produkt\/mini-festoon-led-lights-hooky-9-5m-16-bulbs-3\/\" \/>\n<meta property=\"og:site_name\" content=\"Decolights.eu\" \/>\n<meta property=\"article:modified_time\" content=\"2023-05-01T14:36:31+00:00\" \/>\n<meta property=\"og:image\" content=\"https:\/\/decolights.eu\/wp-content\/uploads\/2023\/04\/HR-JPG_476-85_M2.jpg\" \/>\n\t<meta property=\"og:image:width\" content=\"1000\" \/>\n\t<meta property=\"og:image:height\" content=\"1000\" \/>\n\t<meta property=\"og:image:type\" content=\"image\/jpeg\" \/>\n<meta name=\"twitter:card\" content=\"summary_large_image\" \/>\n<meta name=\"twitter:label1\" content=\"Odhadovan\u00e1 doba \u010dten\u00ed\" \/>\n\t<meta name=\"twitter:data1\" content=\"1 minuta\" \/>\n<script type=\"application\/ld+json\" class=\"yoast-schema-graph\">{\"@context\":\"https:\\\/\\\/schema.org\",\"@graph\":[{\"@type\":\"WebPage\",\"@id\":\"https:\\\/\\\/decolights.eu\\\/de\\\/produkt\\\/mini-festoon-led-lights-hooky-9-5m-16-bulbs-3\\\/\",\"url\":\"https:\\\/\\\/decolights.eu\\\/de\\\/produkt\\\/mini-festoon-led-lights-hooky-9-5m-16-bulbs-3\\\/\",\"name\":\"Mini Festoon LED Lights Hooky 9.5M 16 bulbs - Best price - Decolights.eu\",\"isPartOf\":{\"@id\":\"https:\\\/\\\/decolights.eu\\\/#website\"},\"primaryImageOfPage\":{\"@id\":\"https:\\\/\\\/decolights.eu\\\/de\\\/produkt\\\/mini-festoon-led-lights-hooky-9-5m-16-bulbs-3\\\/#primaryimage\"},\"image\":{\"@id\":\"https:\\\/\\\/decolights.eu\\\/de\\\/produkt\\\/mini-festoon-led-lights-hooky-9-5m-16-bulbs-3\\\/#primaryimage\"},\"thumbnailUrl\":\"https:\\\/\\\/decolights.eu\\\/wp-content\\\/uploads\\\/2023\\\/04\\\/HR-JPG_476-85_M2.jpg\",\"datePublished\":\"2023-04-01T04:25:43+00:00\",\"dateModified\":\"2023-05-01T14:36:31+00:00\",\"description\":\"Decorate your patio or garden with a nice mini festoon LED lights Hooky to get a cozy atmosphere. Do not hesitate and buy now the get the best price!\",\"breadcrumb\":{\"@id\":\"https:\\\/\\\/decolights.eu\\\/de\\\/produkt\\\/mini-festoon-led-lights-hooky-9-5m-16-bulbs-3\\\/#breadcrumb\"},\"inLanguage\":\"cs\",\"potentialAction\":[{\"@type\":\"ReadAction\",\"target\":[\"https:\\\/\\\/decolights.eu\\\/de\\\/produkt\\\/mini-festoon-led-lights-hooky-9-5m-16-bulbs-3\\\/\"]}]},{\"@type\":\"ImageObject\",\"inLanguage\":\"cs\",\"@id\":\"https:\\\/\\\/decolights.eu\\\/de\\\/produkt\\\/mini-festoon-led-lights-hooky-9-5m-16-bulbs-3\\\/#primaryimage\",\"url\":\"https:\\\/\\\/decolights.eu\\\/wp-content\\\/uploads\\\/2023\\\/04\\\/HR-JPG_476-85_M2.jpg\",\"contentUrl\":\"https:\\\/\\\/decolights.eu\\\/wp-content\\\/uploads\\\/2023\\\/04\\\/HR-JPG_476-85_M2.jpg\",\"width\":1000,\"height\":1000},{\"@type\":\"BreadcrumbList\",\"@id\":\"https:\\\/\\\/decolights.eu\\\/de\\\/produkt\\\/mini-festoon-led-lights-hooky-9-5m-16-bulbs-3\\\/#breadcrumb\",\"itemListElement\":[{\"@type\":\"ListItem\",\"position\":1,\"name\":\"Shop\",\"item\":\"https:\\\/\\\/decolights.eu\\\/shop\\\/\"},{\"@type\":\"ListItem\",\"position\":2,\"name\":\"Mini Festoon LED Lights Hooky 9.5M 16 bulbs\"}]},{\"@type\":\"WebSite\",\"@id\":\"https:\\\/\\\/decolights.eu\\\/#website\",\"url\":\"https:\\\/\\\/decolights.eu\\\/\",\"name\":\"decolights\",\"description\":\"Led Decorations for Home and Garden\",\"publisher\":{\"@id\":\"https:\\\/\\\/decolights.eu\\\/#organization\"},\"alternateName\":\"decolights.eu\",\"potentialAction\":[{\"@type\":\"SearchAction\",\"target\":{\"@type\":\"EntryPoint\",\"urlTemplate\":\"https:\\\/\\\/decolights.eu\\\/?s={search_term_string}\"},\"query-input\":{\"@type\":\"PropertyValueSpecification\",\"valueRequired\":true,\"valueName\":\"search_term_string\"}}],\"inLanguage\":\"cs\"},{\"@type\":\"Organization\",\"@id\":\"https:\\\/\\\/decolights.eu\\\/#organization\",\"name\":\"decolights\",\"url\":\"https:\\\/\\\/decolights.eu\\\/\",\"logo\":{\"@type\":\"ImageObject\",\"inLanguage\":\"cs\",\"@id\":\"https:\\\/\\\/decolights.eu\\\/#\\\/schema\\\/logo\\\/image\\\/\",\"url\":\"https:\\\/\\\/decolights.eu\\\/wp-content\\\/uploads\\\/2023\\\/07\\\/cropped-decolight-siteicon.png\",\"contentUrl\":\"https:\\\/\\\/decolights.eu\\\/wp-content\\\/uploads\\\/2023\\\/07\\\/cropped-decolight-siteicon.png\",\"width\":512,\"height\":512,\"caption\":\"decolights\"},\"image\":{\"@id\":\"https:\\\/\\\/decolights.eu\\\/#\\\/schema\\\/logo\\\/image\\\/\"}}]}<\/script>\n<!-- \/ Yoast SEO plugin. -->","yoast_head_json":{"title":"Mini Festoon LED Lights Hooky 9,5M 16 \u017e\u00e1rovek - Nejlep\u0161\u00ed cena - Decolights.eu","description":"Vyzdobte si terasu nebo zahradu p\u011bkn\u00fdmi mini girlandov\u00fdmi LED sv\u011btly Hooky, abyste z\u00edskali \u00fatulnou atmosf\u00e9ru. Nev\u00e1hejte a kupte nyn\u00ed za nejlep\u0161\u00ed cenu!","robots":{"index":"index","follow":"follow","max-snippet":"max-snippet:-1","max-image-preview":"max-image-preview:large","max-video-preview":"max-video-preview:-1"},"canonical":"https:\/\/decolights.eu\/cs\/produkt\/mini-festoon-led-lights-hooky-9-5m-16-bulbs-3\/","og_locale":"cs_CZ","og_type":"article","og_title":"Mini Festoon LED Lights Hooky 9.5M 16 bulbs - Best price - Decolights.eu","og_description":"Decorate your patio or garden with a nice mini festoon LED lights Hooky to get a cozy atmosphere. Do not hesitate and buy now the get the best price!","og_url":"https:\/\/decolights.eu\/cs\/produkt\/mini-festoon-led-lights-hooky-9-5m-16-bulbs-3\/","og_site_name":"Decolights.eu","article_modified_time":"2023-05-01T14:36:31+00:00","og_image":[{"width":1000,"height":1000,"url":"https:\/\/decolights.eu\/wp-content\/uploads\/2023\/04\/HR-JPG_476-85_M2.jpg","type":"image\/jpeg"}],"twitter_card":"summary_large_image","twitter_misc":{"Odhadovan\u00e1 doba \u010dten\u00ed":"1 minuta"},"schema":{"@context":"https:\/\/schema.org","@graph":[{"@type":"WebPage","@id":"https:\/\/decolights.eu\/de\/produkt\/mini-festoon-led-lights-hooky-9-5m-16-bulbs-3\/","url":"https:\/\/decolights.eu\/de\/produkt\/mini-festoon-led-lights-hooky-9-5m-16-bulbs-3\/","name":"Mini Festoon LED Lights Hooky 9,5M 16 \u017e\u00e1rovek - Nejlep\u0161\u00ed cena - Decolights.eu","isPartOf":{"@id":"https:\/\/decolights.eu\/#website"},"primaryImageOfPage":{"@id":"https:\/\/decolights.eu\/de\/produkt\/mini-festoon-led-lights-hooky-9-5m-16-bulbs-3\/#primaryimage"},"image":{"@id":"https:\/\/decolights.eu\/de\/produkt\/mini-festoon-led-lights-hooky-9-5m-16-bulbs-3\/#primaryimage"},"thumbnailUrl":"https:\/\/decolights.eu\/wp-content\/uploads\/2023\/04\/HR-JPG_476-85_M2.jpg","datePublished":"2023-04-01T04:25:43+00:00","dateModified":"2023-05-01T14:36:31+00:00","description":"Vyzdobte si terasu nebo zahradu p\u011bkn\u00fdmi mini girlandov\u00fdmi LED sv\u011btly Hooky, abyste z\u00edskali \u00fatulnou atmosf\u00e9ru. Nev\u00e1hejte a kupte nyn\u00ed za nejlep\u0161\u00ed cenu!","breadcrumb":{"@id":"https:\/\/decolights.eu\/de\/produkt\/mini-festoon-led-lights-hooky-9-5m-16-bulbs-3\/#breadcrumb"},"inLanguage":"cs","potentialAction":[{"@type":"ReadAction","target":["https:\/\/decolights.eu\/de\/produkt\/mini-festoon-led-lights-hooky-9-5m-16-bulbs-3\/"]}]},{"@type":"ImageObject","inLanguage":"cs","@id":"https:\/\/decolights.eu\/de\/produkt\/mini-festoon-led-lights-hooky-9-5m-16-bulbs-3\/#primaryimage","url":"https:\/\/decolights.eu\/wp-content\/uploads\/2023\/04\/HR-JPG_476-85_M2.jpg","contentUrl":"https:\/\/decolights.eu\/wp-content\/uploads\/2023\/04\/HR-JPG_476-85_M2.jpg","width":1000,"height":1000},{"@type":"BreadcrumbList","@id":"https:\/\/decolights.eu\/de\/produkt\/mini-festoon-led-lights-hooky-9-5m-16-bulbs-3\/#breadcrumb","itemListElement":[{"@type":"ListItem","position":1,"name":"Shop","item":"https:\/\/decolights.eu\/shop\/"},{"@type":"ListItem","position":2,"name":"Mini Festoon LED Lights Hooky 9.5M 16 bulbs"}]},{"@type":"WebSite","@id":"https:\/\/decolights.eu\/#website","url":"https:\/\/decolights.eu\/","name":"decolights","description":"Led dekorace pro d\u016fm a zahradu","publisher":{"@id":"https:\/\/decolights.eu\/#organization"},"alternateName":"decolights.eu","potentialAction":[{"@type":"SearchAction","target":{"@type":"EntryPoint","urlTemplate":"https:\/\/decolights.eu\/?s={search_term_string}"},"query-input":{"@type":"PropertyValueSpecification","valueRequired":true,"valueName":"search_term_string"}}],"inLanguage":"cs"},{"@type":"Organization","@id":"https:\/\/decolights.eu\/#organization","name":"decolights","url":"https:\/\/decolights.eu\/","logo":{"@type":"ImageObject","inLanguage":"cs","@id":"https:\/\/decolights.eu\/#\/schema\/logo\/image\/","url":"https:\/\/decolights.eu\/wp-content\/uploads\/2023\/07\/cropped-decolight-siteicon.png","contentUrl":"https:\/\/decolights.eu\/wp-content\/uploads\/2023\/07\/cropped-decolight-siteicon.png","width":512,"height":512,"caption":"decolights"},"image":{"@id":"https:\/\/decolights.eu\/#\/schema\/logo\/image\/"}}]}},"jetpack_sharing_enabled":true,"_links":{"self":[{"href":"https:\/\/decolights.eu\/cs\/wp-json\/wp\/v2\/product\/5006","targetHints":{"allow":["GET"]}}],"collection":[{"href":"https:\/\/decolights.eu\/cs\/wp-json\/wp\/v2\/product"}],"about":[{"href":"https:\/\/decolights.eu\/cs\/wp-json\/wp\/v2\/types\/product"}],"replies":[{"embeddable":true,"href":"https:\/\/decolights.eu\/cs\/wp-json\/wp\/v2\/comments?post=5006"}],"wp:featuredmedia":[{"embeddable":true,"href":"https:\/\/decolights.eu\/cs\/wp-json\/wp\/v2\/media\/5046"}],"wp:attachment":[{"href":"https:\/\/decolights.eu\/cs\/wp-json\/wp\/v2\/media?parent=5006"}],"wp:term":[{"taxonomy":"product_brand","embeddable":true,"href":"https:\/\/decolights.eu\/cs\/wp-json\/wp\/v2\/product_brand?post=5006"},{"taxonomy":"product_cat","embeddable":true,"href":"https:\/\/decolights.eu\/cs\/wp-json\/wp\/v2\/product_cat?post=5006"},{"taxonomy":"product_tag","embeddable":true,"href":"https:\/\/decolights.eu\/cs\/wp-json\/wp\/v2\/product_tag?post=5006"}],"curies":[{"name":"wp","href":"https:\/\/api.w.org\/{rel}","templated":true}]}}