{"id":5053,"date":"2023-04-01T04:26:07","date_gmt":"2023-04-01T04:26:07","guid":{"rendered":"https:\/\/decolights.eu\/?post_type=product&#038;p=5053"},"modified":"2023-05-01T13:51:27","modified_gmt":"2023-05-01T13:51:27","slug":"festoon-led-lights-5-20m-20bulbs","status":"publish","type":"product","link":"https:\/\/decolights.eu\/cs\/produkt-2\/festoon-led-lights-5-20m-20bulbs\/","title":{"rendered":"V\u011bnec LED sv\u011btla 5,20M 20 \u017e\u00e1rovek"},"content":{"rendered":"<p id=\"tw-target-text\" class=\"tw-data-text tw-text-large XcVN5d tw-ta\" dir=\"ltr\" data-placeholder=\"Translation\">Energeticky \u00fasporn\u00e9 LED osv\u011btlen\u00ed nab\u00edz\u00ed mnoho mo\u017enost\u00ed pro design interi\u00e9ru. Sv\u00edt\u00edc\u00ed, p\u0159enosn\u00fd, bateriov\u011b nap\u00e1jen\u00fd retro v\u011bnec LED sv\u011bteln\u00fd \u0159et\u011bz je \u0159e\u0161en\u00edm, jak zv\u00fdraznit charakter sez\u00f3nn\u00edch dekorac\u00ed nebo atmosf\u00e9ru va\u0161eho domova. 20 lehk\u00fdch koul\u00ed lze libovoln\u011b um\u00edstit nebo zav\u011bsit na jak\u00fdkoli povrch, aby vyhovovaly va\u0161im aktu\u00e1ln\u00edm po\u017eadavk\u016fm na design. Pou\u017eit\u00ed plastu m\u00edsto skla zaji\u0161\u0165uje, \u017ee se lampy nerozbij\u00ed a mohou b\u00fdt pou\u017e\u00edv\u00e1ny po mnoho let. Odoln\u00fd a pr\u016fhledn\u00fd nap\u00e1jec\u00ed kabel, spojen\u00fd s mal\u00fdm pr\u016fhledn\u00fdm bateriov\u00fdm prostorem, umo\u017e\u0148uje libovoln\u011b navrhnout celou sadu z\u00e1v\u011bsn\u00fdch kompozic. Sada sv\u00edt\u00edc\u00edch kulov\u00fdch sv\u00edtidel m\u016f\u017ee b\u00fdt dlouh\u00e1 a\u017e 5,2 m, co\u017e umo\u017e\u0148uje vytv\u00e1\u0159et p\u016fsobiv\u00e9 prostorov\u00e9 kompozice. Ka\u017ed\u00e1 koule m\u00e1 pr\u016fm\u011br 5 cm, d\u00edky \u010demu\u017e jsou extr\u00e9mn\u011b diskr\u00e9tn\u00ed, ale jasn\u011b viditeln\u00e9.<\/p>\n<ul>\n<li><strong>Barva LED<\/strong>: tepl\u00e1 b\u00edl\u00e1<\/li>\n<li><strong>Po\u010det \u017e\u00e1rovek<\/strong><strong>: <\/strong>20 ks<\/li>\n<li><strong>Celkov\u00e1 d\u00e9lka (v\u010detn\u011b nap\u00e1jec\u00edho kabelu): <\/strong>5,20 mil<\/li>\n<li><strong>Nap\u00e1jec\u00ed kabel:<\/strong> 20CM<\/li>\n<li><strong>Velikost \u017e\u00e1rovky: <\/strong>5CM<\/li>\n<li><strong>Vzd\u00e1lenost mezi \u017e\u00e1rovkami:<\/strong> 25CM<\/li>\n<li><strong>Barva kabelu: <\/strong>pr\u016fhledn\u00fd<\/li>\n<li><strong>IP hodnocen\u00ed: <\/strong>IP20<\/li>\n<li><strong>Zdroj energie:<\/strong>3 x AAA baterie (nejsou sou\u010d\u00e1st\u00ed balen\u00ed)<\/li>\n<li><strong>Materi\u00e1l kabelu:\u00a0<\/strong>PVC<\/li>\n<li><strong>Funkce:\u00a0<\/strong>1 re\u017eim (ON\/OFF)<\/li>\n<li><strong>P\u0159ipojiteln\u00e9:\u00a0<\/strong>Ne<\/li>\n<li><strong>V\u00ed\u010dko\/z\u00e1suvka:\u00a0<\/strong>Nevym\u011bniteln\u00e9<\/li>\n<li><strong>CE certifikov\u00e1no:\u00a0<\/strong>Ano<\/li>\n<\/ul>","protected":false},"excerpt":{"rendered":"<p>Energy-saving LED lighting offers many possibilities for interior design. A luminous, portable, battery-powered retro festoon LED lights chain is the solution to accentuate the character of seasonal decorations or the atmosphere of your home. The 20 lightweight globes can be freely positioned or hung on any surface to suit your current design requirements.\u00a0 The use [&#8230;]\n","protected":false},"featured_media":5133,"comment_status":"open","ping_status":"closed","template":"","meta":[],"product_brand":[],"product_cat":[215,214],"product_tag":[],"class_list":{"0":"post-5053","1":"product","2":"type-product","3":"status-publish","4":"has-post-thumbnail","6":"product_cat-indoor-festoon-lights","7":"product_cat-indoor-lights","8":"pa_brand-deco","9":"pa_led-colour-warm-white","11":"first","12":"instock","13":"sale","14":"shipping-taxable","15":"purchasable","16":"product-type-simple"},"yoast_head":"<!-- This site is optimized with the Yoast SEO plugin v27.3 - https:\/\/yoast.com\/product\/yoast-seo-wordpress\/ -->\n<title>Festoon LED lights 5.20M 20bulbs - Best price - Decolights.eu<\/title>\n<meta name=\"description\" content=\"Decorate your patio or garden with a nice festoon LED lights with hanging bulbs to get cozy atmosphere. Do not hesitate and buy now the get the best price!\" \/>\n<meta name=\"robots\" content=\"index, follow, max-snippet:-1, max-image-preview:large, max-video-preview:-1\" \/>\n<link rel=\"canonical\" href=\"https:\/\/decolights.eu\/cs\/produkt-2\/festoon-led-lights-5-20m-20bulbs\/\" \/>\n<meta property=\"og:locale\" content=\"cs_CZ\" \/>\n<meta property=\"og:type\" content=\"article\" \/>\n<meta property=\"og:title\" content=\"Festoon LED lights 5.20M 20bulbs - Best price - Decolights.eu\" \/>\n<meta property=\"og:description\" content=\"Decorate your patio or garden with a nice festoon LED lights with hanging bulbs to get cozy atmosphere. Do not hesitate and buy now the get the best price!\" \/>\n<meta property=\"og:url\" content=\"https:\/\/decolights.eu\/cs\/produkt-2\/festoon-led-lights-5-20m-20bulbs\/\" \/>\n<meta property=\"og:site_name\" content=\"Decolights.eu\" \/>\n<meta property=\"article:modified_time\" content=\"2023-05-01T13:51:27+00:00\" \/>\n<meta property=\"og:image\" content=\"https:\/\/decolights.eu\/wp-content\/uploads\/2023\/04\/Festive-Lights-Festoon-String-Lights-Indoor-20-Warm-White-LEDs-Ball-Decorative-8623-13842_1.jpg\" \/>\n\t<meta property=\"og:image:width\" content=\"506\" \/>\n\t<meta property=\"og:image:height\" content=\"499\" \/>\n\t<meta property=\"og:image:type\" content=\"image\/jpeg\" \/>\n<meta name=\"twitter:card\" content=\"summary_large_image\" \/>\n<meta name=\"twitter:label1\" content=\"Odhadovan\u00e1 doba \u010dten\u00ed\" \/>\n\t<meta name=\"twitter:data1\" content=\"1 minuta\" \/>\n<script type=\"application\/ld+json\" class=\"yoast-schema-graph\">{\"@context\":\"https:\\\/\\\/schema.org\",\"@graph\":[{\"@type\":\"WebPage\",\"@id\":\"https:\\\/\\\/decolights.eu\\\/product\\\/festoon-led-lights-5-20m-20bulbs\\\/\",\"url\":\"https:\\\/\\\/decolights.eu\\\/product\\\/festoon-led-lights-5-20m-20bulbs\\\/\",\"name\":\"Festoon LED lights 5.20M 20bulbs - Best price - Decolights.eu\",\"isPartOf\":{\"@id\":\"https:\\\/\\\/decolights.eu\\\/#website\"},\"primaryImageOfPage\":{\"@id\":\"https:\\\/\\\/decolights.eu\\\/product\\\/festoon-led-lights-5-20m-20bulbs\\\/#primaryimage\"},\"image\":{\"@id\":\"https:\\\/\\\/decolights.eu\\\/product\\\/festoon-led-lights-5-20m-20bulbs\\\/#primaryimage\"},\"thumbnailUrl\":\"https:\\\/\\\/decolights.eu\\\/wp-content\\\/uploads\\\/2023\\\/04\\\/Festive-Lights-Festoon-String-Lights-Indoor-20-Warm-White-LEDs-Ball-Decorative-8623-13842_1.jpg\",\"datePublished\":\"2023-04-01T04:26:07+00:00\",\"dateModified\":\"2023-05-01T13:51:27+00:00\",\"description\":\"Decorate your patio or garden with a nice festoon LED lights with hanging bulbs to get cozy atmosphere. Do not hesitate and buy now the get the best price!\",\"breadcrumb\":{\"@id\":\"https:\\\/\\\/decolights.eu\\\/product\\\/festoon-led-lights-5-20m-20bulbs\\\/#breadcrumb\"},\"inLanguage\":\"cs\",\"potentialAction\":[{\"@type\":\"ReadAction\",\"target\":[\"https:\\\/\\\/decolights.eu\\\/product\\\/festoon-led-lights-5-20m-20bulbs\\\/\"]}]},{\"@type\":\"ImageObject\",\"inLanguage\":\"cs\",\"@id\":\"https:\\\/\\\/decolights.eu\\\/product\\\/festoon-led-lights-5-20m-20bulbs\\\/#primaryimage\",\"url\":\"https:\\\/\\\/decolights.eu\\\/wp-content\\\/uploads\\\/2023\\\/04\\\/Festive-Lights-Festoon-String-Lights-Indoor-20-Warm-White-LEDs-Ball-Decorative-8623-13842_1.jpg\",\"contentUrl\":\"https:\\\/\\\/decolights.eu\\\/wp-content\\\/uploads\\\/2023\\\/04\\\/Festive-Lights-Festoon-String-Lights-Indoor-20-Warm-White-LEDs-Ball-Decorative-8623-13842_1.jpg\",\"width\":506,\"height\":499},{\"@type\":\"BreadcrumbList\",\"@id\":\"https:\\\/\\\/decolights.eu\\\/product\\\/festoon-led-lights-5-20m-20bulbs\\\/#breadcrumb\",\"itemListElement\":[{\"@type\":\"ListItem\",\"position\":1,\"name\":\"Shop\",\"item\":\"https:\\\/\\\/decolights.eu\\\/shop\\\/\"},{\"@type\":\"ListItem\",\"position\":2,\"name\":\"Festoon LED lights 5.20M 20bulbs\"}]},{\"@type\":\"WebSite\",\"@id\":\"https:\\\/\\\/decolights.eu\\\/#website\",\"url\":\"https:\\\/\\\/decolights.eu\\\/\",\"name\":\"decolights\",\"description\":\"Led Decorations for Home and Garden\",\"publisher\":{\"@id\":\"https:\\\/\\\/decolights.eu\\\/#organization\"},\"alternateName\":\"decolights.eu\",\"potentialAction\":[{\"@type\":\"SearchAction\",\"target\":{\"@type\":\"EntryPoint\",\"urlTemplate\":\"https:\\\/\\\/decolights.eu\\\/?s={search_term_string}\"},\"query-input\":{\"@type\":\"PropertyValueSpecification\",\"valueRequired\":true,\"valueName\":\"search_term_string\"}}],\"inLanguage\":\"cs\"},{\"@type\":\"Organization\",\"@id\":\"https:\\\/\\\/decolights.eu\\\/#organization\",\"name\":\"decolights\",\"url\":\"https:\\\/\\\/decolights.eu\\\/\",\"logo\":{\"@type\":\"ImageObject\",\"inLanguage\":\"cs\",\"@id\":\"https:\\\/\\\/decolights.eu\\\/#\\\/schema\\\/logo\\\/image\\\/\",\"url\":\"https:\\\/\\\/decolights.eu\\\/wp-content\\\/uploads\\\/2023\\\/07\\\/cropped-decolight-siteicon.png\",\"contentUrl\":\"https:\\\/\\\/decolights.eu\\\/wp-content\\\/uploads\\\/2023\\\/07\\\/cropped-decolight-siteicon.png\",\"width\":512,\"height\":512,\"caption\":\"decolights\"},\"image\":{\"@id\":\"https:\\\/\\\/decolights.eu\\\/#\\\/schema\\\/logo\\\/image\\\/\"}}]}<\/script>\n<!-- \/ Yoast SEO plugin. -->","yoast_head_json":{"title":"Festoon LED sv\u011btla 5,20M 20 \u017e\u00e1rovek - Nejlep\u0161\u00ed cena - Decolights.eu","description":"Vyzdobte si terasu nebo zahradu p\u011bkn\u00fdmi v\u011bnecov\u00fdmi LED sv\u011btly se z\u00e1v\u011bsn\u00fdmi \u017e\u00e1rovkami, abyste z\u00edskali \u00fatulnou atmosf\u00e9ru. Nev\u00e1hejte a kupte nyn\u00ed za nejlep\u0161\u00ed cenu!","robots":{"index":"index","follow":"follow","max-snippet":"max-snippet:-1","max-image-preview":"max-image-preview:large","max-video-preview":"max-video-preview:-1"},"canonical":"https:\/\/decolights.eu\/cs\/produkt-2\/festoon-led-lights-5-20m-20bulbs\/","og_locale":"cs_CZ","og_type":"article","og_title":"Festoon LED lights 5.20M 20bulbs - Best price - Decolights.eu","og_description":"Decorate your patio or garden with a nice festoon LED lights with hanging bulbs to get cozy atmosphere. Do not hesitate and buy now the get the best price!","og_url":"https:\/\/decolights.eu\/cs\/produkt-2\/festoon-led-lights-5-20m-20bulbs\/","og_site_name":"Decolights.eu","article_modified_time":"2023-05-01T13:51:27+00:00","og_image":[{"width":506,"height":499,"url":"https:\/\/decolights.eu\/wp-content\/uploads\/2023\/04\/Festive-Lights-Festoon-String-Lights-Indoor-20-Warm-White-LEDs-Ball-Decorative-8623-13842_1.jpg","type":"image\/jpeg"}],"twitter_card":"summary_large_image","twitter_misc":{"Odhadovan\u00e1 doba \u010dten\u00ed":"1 minuta"},"schema":{"@context":"https:\/\/schema.org","@graph":[{"@type":"WebPage","@id":"https:\/\/decolights.eu\/product\/festoon-led-lights-5-20m-20bulbs\/","url":"https:\/\/decolights.eu\/product\/festoon-led-lights-5-20m-20bulbs\/","name":"Festoon LED sv\u011btla 5,20M 20 \u017e\u00e1rovek - Nejlep\u0161\u00ed cena - Decolights.eu","isPartOf":{"@id":"https:\/\/decolights.eu\/#website"},"primaryImageOfPage":{"@id":"https:\/\/decolights.eu\/product\/festoon-led-lights-5-20m-20bulbs\/#primaryimage"},"image":{"@id":"https:\/\/decolights.eu\/product\/festoon-led-lights-5-20m-20bulbs\/#primaryimage"},"thumbnailUrl":"https:\/\/decolights.eu\/wp-content\/uploads\/2023\/04\/Festive-Lights-Festoon-String-Lights-Indoor-20-Warm-White-LEDs-Ball-Decorative-8623-13842_1.jpg","datePublished":"2023-04-01T04:26:07+00:00","dateModified":"2023-05-01T13:51:27+00:00","description":"Vyzdobte si terasu nebo zahradu p\u011bkn\u00fdmi v\u011bnecov\u00fdmi LED sv\u011btly se z\u00e1v\u011bsn\u00fdmi \u017e\u00e1rovkami, abyste z\u00edskali \u00fatulnou atmosf\u00e9ru. Nev\u00e1hejte a kupte nyn\u00ed za nejlep\u0161\u00ed cenu!","breadcrumb":{"@id":"https:\/\/decolights.eu\/product\/festoon-led-lights-5-20m-20bulbs\/#breadcrumb"},"inLanguage":"cs","potentialAction":[{"@type":"ReadAction","target":["https:\/\/decolights.eu\/product\/festoon-led-lights-5-20m-20bulbs\/"]}]},{"@type":"ImageObject","inLanguage":"cs","@id":"https:\/\/decolights.eu\/product\/festoon-led-lights-5-20m-20bulbs\/#primaryimage","url":"https:\/\/decolights.eu\/wp-content\/uploads\/2023\/04\/Festive-Lights-Festoon-String-Lights-Indoor-20-Warm-White-LEDs-Ball-Decorative-8623-13842_1.jpg","contentUrl":"https:\/\/decolights.eu\/wp-content\/uploads\/2023\/04\/Festive-Lights-Festoon-String-Lights-Indoor-20-Warm-White-LEDs-Ball-Decorative-8623-13842_1.jpg","width":506,"height":499},{"@type":"BreadcrumbList","@id":"https:\/\/decolights.eu\/product\/festoon-led-lights-5-20m-20bulbs\/#breadcrumb","itemListElement":[{"@type":"ListItem","position":1,"name":"Shop","item":"https:\/\/decolights.eu\/shop\/"},{"@type":"ListItem","position":2,"name":"Festoon LED lights 5.20M 20bulbs"}]},{"@type":"WebSite","@id":"https:\/\/decolights.eu\/#website","url":"https:\/\/decolights.eu\/","name":"decolights","description":"Led dekorace pro d\u016fm a zahradu","publisher":{"@id":"https:\/\/decolights.eu\/#organization"},"alternateName":"decolights.eu","potentialAction":[{"@type":"SearchAction","target":{"@type":"EntryPoint","urlTemplate":"https:\/\/decolights.eu\/?s={search_term_string}"},"query-input":{"@type":"PropertyValueSpecification","valueRequired":true,"valueName":"search_term_string"}}],"inLanguage":"cs"},{"@type":"Organization","@id":"https:\/\/decolights.eu\/#organization","name":"decolights","url":"https:\/\/decolights.eu\/","logo":{"@type":"ImageObject","inLanguage":"cs","@id":"https:\/\/decolights.eu\/#\/schema\/logo\/image\/","url":"https:\/\/decolights.eu\/wp-content\/uploads\/2023\/07\/cropped-decolight-siteicon.png","contentUrl":"https:\/\/decolights.eu\/wp-content\/uploads\/2023\/07\/cropped-decolight-siteicon.png","width":512,"height":512,"caption":"decolights"},"image":{"@id":"https:\/\/decolights.eu\/#\/schema\/logo\/image\/"}}]}},"jetpack_sharing_enabled":true,"_links":{"self":[{"href":"https:\/\/decolights.eu\/cs\/wp-json\/wp\/v2\/product\/5053","targetHints":{"allow":["GET"]}}],"collection":[{"href":"https:\/\/decolights.eu\/cs\/wp-json\/wp\/v2\/product"}],"about":[{"href":"https:\/\/decolights.eu\/cs\/wp-json\/wp\/v2\/types\/product"}],"replies":[{"embeddable":true,"href":"https:\/\/decolights.eu\/cs\/wp-json\/wp\/v2\/comments?post=5053"}],"wp:featuredmedia":[{"embeddable":true,"href":"https:\/\/decolights.eu\/cs\/wp-json\/wp\/v2\/media\/5133"}],"wp:attachment":[{"href":"https:\/\/decolights.eu\/cs\/wp-json\/wp\/v2\/media?parent=5053"}],"wp:term":[{"taxonomy":"product_brand","embeddable":true,"href":"https:\/\/decolights.eu\/cs\/wp-json\/wp\/v2\/product_brand?post=5053"},{"taxonomy":"product_cat","embeddable":true,"href":"https:\/\/decolights.eu\/cs\/wp-json\/wp\/v2\/product_cat?post=5053"},{"taxonomy":"product_tag","embeddable":true,"href":"https:\/\/decolights.eu\/cs\/wp-json\/wp\/v2\/product_tag?post=5053"}],"curies":[{"name":"wp","href":"https:\/\/api.w.org\/{rel}","templated":true}]}}