{"id":5084,"date":"2023-04-01T04:26:32","date_gmt":"2023-04-01T04:26:32","guid":{"rendered":"https:\/\/decolights.eu\/?post_type=product&#038;p=5084"},"modified":"2023-05-09T12:31:37","modified_gmt":"2023-05-09T12:31:37","slug":"smart-festoon-lights-rgb-10m-20-bulbs-twinkly-festoon-gen-ii","status":"publish","type":"product","link":"https:\/\/decolights.eu\/cs\/produkt-2\/smart-festoon-lights-rgb-10m-20-bulbs-twinkly-festoon-gen-ii\/","title":{"rendered":"Chytr\u00e1 v\u011bncov\u00e1 sv\u011btla RGB 10M 20 \u017e\u00e1rovek Twinkly Festoon (Gen II)"},"content":{"rendered":"<p>V\u00e1no\u010dn\u00ed osv\u011btlen\u00ed Twinkly kombinuje v\u00edcebarevn\u00e1 RGB LED sv\u011btla a chytr\u00e9 technologie. Sv\u011btla m\u016f\u017eete ovl\u00e1dat p\u0159es Wi-Fi s\u00ed\u0165 nebo pomoc\u00ed Bluetooth \u2013 vytvo\u0159te si p\u0159esn\u011b takov\u00e9 osv\u011btlen\u00ed a vzor, kter\u00e9 se v\u00e1m l\u00edb\u00ed. Pou\u017e\u00edvejte r\u016fzn\u00e9 efekty a animace. <strong>MusicSync<\/strong> umo\u017e\u0148uje propojen\u00ed osv\u011btlen\u00ed s hudbou.<\/p>\n<p>Twinkly tak\u00e9 spolupracuje s virtu\u00e1ln\u00edmi asistenty Google Assistant a Amazon Alexa. M\u00e1 kryt\u00ed IP44, tak\u017ee sv\u011btla jsou vhodn\u00e1 pro vnit\u0159n\u00ed i venkovn\u00ed pou\u017eit\u00ed.<\/p>\n<p><strong>Celkov\u00e1 d\u00e9lka \u0161\u0148\u016fry v\u00e1no\u010dn\u00edho osv\u011btlen\u00ed je 24 metr\u016f (z toho 20 metr\u016f osv\u011btlen\u00fdch) a obsahuje 40 sv\u011btel ve tvaru G45. \u017divotnost sv\u011btel je p\u0159es 30 000 hodin.<\/strong><\/p>\n<p><iframe loading=\"lazy\" title=\"Rozsvi\u0165te sv\u00e9 letn\u00ed noci s Festoonem\" width=\"1020\" height=\"574\" src=\"https:\/\/www.youtube.com\/embed\/WIS5tJTZ0PQ?feature=oembed\" frameborder=\"0\" allow=\"accelerometer; autoplay; clipboard-write; encrypted-media; gyroscope; picture-in-picture; web-share\" allowfullscreen><\/iframe><\/p>\n<p>&nbsp;<\/p>\n<p><em>PS: Video je ilustrativn\u00ed a dan\u00fd produkt nemus\u00ed m\u00edt v\u0161echny funkce zobrazen\u00e9 na videu.<\/em><\/p>\n<p><strong>IP hodnocen\u00ed:<\/strong> IP44<br \/>\n<strong>Mno\u017estv\u00ed \u017e\u00e1rovek:<\/strong> 20 ks<br \/>\n<strong>Vzd\u00e1lenost mezi lampami:<\/strong> 50 cm<br \/>\n<strong>Pr\u016fm\u011br \u017e\u00e1rovky:<\/strong> 4,5 cm<br \/>\n<strong>Synchronizace hudby:<\/strong> Ano, pouze Twinkly Music USB Mic<br \/>\n<strong>Konektivita:<\/strong> Bluetooth\u00ae a Wi-Fi<\/p>","protected":false},"excerpt":{"rendered":"<p>Twinkly Christmas lighting combines multi-colored RGB LED lights and smart technologies. You can control the lights over a Wi-Fi network or using Bluetooth &#8211; create exactly the kind of lighting and pattern you like. Use different effects and animations. MusicSync allows lighting to be connected to music. Twinkly also works with Google Assistant and Amazon [&#8230;]\n","protected":false},"featured_media":5164,"comment_status":"open","ping_status":"closed","template":"","meta":[],"product_brand":[],"product_cat":[226,235],"product_tag":[],"class_list":{"0":"post-5084","1":"product","2":"type-product","3":"status-publish","4":"has-post-thumbnail","6":"product_cat-outdoor-lights","7":"product_cat-twinkly-outdoor-lights","8":"pa_brand-twinkly","9":"pa_led-colour-blue","10":"pa_led-colour-cold-white","11":"pa_led-colour-green","12":"pa_led-colour-multi-coloured","13":"pa_led-colour-pink","14":"pa_led-colour-red","15":"pa_led-colour-warm-white","17":"first","18":"instock","19":"sale","20":"shipping-taxable","21":"purchasable","22":"product-type-simple"},"yoast_head":"<!-- This site is optimized with the Yoast SEO plugin v27.3 - https:\/\/yoast.com\/product\/yoast-seo-wordpress\/ -->\n<title>Smart festoon lights RGB 10M 20 bulbs Twinkly Festoon (Gen II) - Best price - Decolights.eu<\/title>\n<meta name=\"description\" content=\"Twinkly festoon lights is a smart light chain with RGB bulbs that can be controlled via app and voice assistants. Get it now for the best price!\" \/>\n<meta name=\"robots\" content=\"index, follow, max-snippet:-1, max-image-preview:large, max-video-preview:-1\" \/>\n<link rel=\"canonical\" href=\"https:\/\/decolights.eu\/cs\/produkt-2\/smart-festoon-lights-rgb-10m-20-bulbs-twinkly-festoon-gen-ii\/\" \/>\n<meta property=\"og:locale\" content=\"cs_CZ\" \/>\n<meta property=\"og:type\" content=\"article\" \/>\n<meta property=\"og:title\" content=\"Smart festoon lights RGB 10M 20 bulbs Twinkly Festoon (Gen II) - Best price - Decolights.eu\" \/>\n<meta property=\"og:description\" content=\"Twinkly festoon lights is a smart light chain with RGB bulbs that can be controlled via app and voice assistants. Get it now for the best price!\" \/>\n<meta property=\"og:url\" content=\"https:\/\/decolights.eu\/cs\/produkt-2\/smart-festoon-lights-rgb-10m-20-bulbs-twinkly-festoon-gen-ii\/\" \/>\n<meta property=\"og:site_name\" content=\"Decolights.eu\" \/>\n<meta property=\"article:modified_time\" content=\"2023-05-09T12:31:37+00:00\" \/>\n<meta property=\"og:image\" content=\"https:\/\/decolights.eu\/wp-content\/uploads\/2023\/04\/medium-TWF020STP-BEU-\u2013-Out-of-the-box.jpg\" \/>\n\t<meta property=\"og:image:width\" content=\"768\" \/>\n\t<meta property=\"og:image:height\" content=\"768\" \/>\n\t<meta property=\"og:image:type\" content=\"image\/jpeg\" \/>\n<meta name=\"twitter:card\" content=\"summary_large_image\" \/>\n<meta name=\"twitter:label1\" content=\"Odhadovan\u00e1 doba \u010dten\u00ed\" \/>\n\t<meta name=\"twitter:data1\" content=\"1 minuta\" \/>\n<script type=\"application\/ld+json\" class=\"yoast-schema-graph\">{\"@context\":\"https:\\\/\\\/schema.org\",\"@graph\":[{\"@type\":\"WebPage\",\"@id\":\"https:\\\/\\\/decolights.eu\\\/product\\\/smart-festoon-lights-rgb-10m-20-bulbs-twinkly-festoon-gen-ii\\\/\",\"url\":\"https:\\\/\\\/decolights.eu\\\/product\\\/smart-festoon-lights-rgb-10m-20-bulbs-twinkly-festoon-gen-ii\\\/\",\"name\":\"Smart festoon lights RGB 10M 20 bulbs Twinkly Festoon (Gen II) - Best price - Decolights.eu\",\"isPartOf\":{\"@id\":\"https:\\\/\\\/decolights.eu\\\/#website\"},\"primaryImageOfPage\":{\"@id\":\"https:\\\/\\\/decolights.eu\\\/product\\\/smart-festoon-lights-rgb-10m-20-bulbs-twinkly-festoon-gen-ii\\\/#primaryimage\"},\"image\":{\"@id\":\"https:\\\/\\\/decolights.eu\\\/product\\\/smart-festoon-lights-rgb-10m-20-bulbs-twinkly-festoon-gen-ii\\\/#primaryimage\"},\"thumbnailUrl\":\"https:\\\/\\\/decolights.eu\\\/wp-content\\\/uploads\\\/2023\\\/04\\\/medium-TWF020STP-BEU-\u2013-Out-of-the-box.jpg\",\"datePublished\":\"2023-04-01T04:26:32+00:00\",\"dateModified\":\"2023-05-09T12:31:37+00:00\",\"description\":\"Twinkly festoon lights is a smart light chain with RGB bulbs that can be controlled via app and voice assistants. Get it now for the best price!\",\"breadcrumb\":{\"@id\":\"https:\\\/\\\/decolights.eu\\\/product\\\/smart-festoon-lights-rgb-10m-20-bulbs-twinkly-festoon-gen-ii\\\/#breadcrumb\"},\"inLanguage\":\"cs\",\"potentialAction\":[{\"@type\":\"ReadAction\",\"target\":[\"https:\\\/\\\/decolights.eu\\\/product\\\/smart-festoon-lights-rgb-10m-20-bulbs-twinkly-festoon-gen-ii\\\/\"]}]},{\"@type\":\"ImageObject\",\"inLanguage\":\"cs\",\"@id\":\"https:\\\/\\\/decolights.eu\\\/product\\\/smart-festoon-lights-rgb-10m-20-bulbs-twinkly-festoon-gen-ii\\\/#primaryimage\",\"url\":\"https:\\\/\\\/decolights.eu\\\/wp-content\\\/uploads\\\/2023\\\/04\\\/medium-TWF020STP-BEU-\u2013-Out-of-the-box.jpg\",\"contentUrl\":\"https:\\\/\\\/decolights.eu\\\/wp-content\\\/uploads\\\/2023\\\/04\\\/medium-TWF020STP-BEU-\u2013-Out-of-the-box.jpg\",\"width\":768,\"height\":768},{\"@type\":\"BreadcrumbList\",\"@id\":\"https:\\\/\\\/decolights.eu\\\/product\\\/smart-festoon-lights-rgb-10m-20-bulbs-twinkly-festoon-gen-ii\\\/#breadcrumb\",\"itemListElement\":[{\"@type\":\"ListItem\",\"position\":1,\"name\":\"Shop\",\"item\":\"https:\\\/\\\/decolights.eu\\\/shop\\\/\"},{\"@type\":\"ListItem\",\"position\":2,\"name\":\"Smart festoon lights RGB 10M 20 bulbs Twinkly Festoon (Gen II)\"}]},{\"@type\":\"WebSite\",\"@id\":\"https:\\\/\\\/decolights.eu\\\/#website\",\"url\":\"https:\\\/\\\/decolights.eu\\\/\",\"name\":\"decolights\",\"description\":\"Led Decorations for Home and Garden\",\"publisher\":{\"@id\":\"https:\\\/\\\/decolights.eu\\\/#organization\"},\"alternateName\":\"decolights.eu\",\"potentialAction\":[{\"@type\":\"SearchAction\",\"target\":{\"@type\":\"EntryPoint\",\"urlTemplate\":\"https:\\\/\\\/decolights.eu\\\/?s={search_term_string}\"},\"query-input\":{\"@type\":\"PropertyValueSpecification\",\"valueRequired\":true,\"valueName\":\"search_term_string\"}}],\"inLanguage\":\"cs\"},{\"@type\":\"Organization\",\"@id\":\"https:\\\/\\\/decolights.eu\\\/#organization\",\"name\":\"decolights\",\"url\":\"https:\\\/\\\/decolights.eu\\\/\",\"logo\":{\"@type\":\"ImageObject\",\"inLanguage\":\"cs\",\"@id\":\"https:\\\/\\\/decolights.eu\\\/#\\\/schema\\\/logo\\\/image\\\/\",\"url\":\"https:\\\/\\\/decolights.eu\\\/wp-content\\\/uploads\\\/2023\\\/07\\\/cropped-decolight-siteicon.png\",\"contentUrl\":\"https:\\\/\\\/decolights.eu\\\/wp-content\\\/uploads\\\/2023\\\/07\\\/cropped-decolight-siteicon.png\",\"width\":512,\"height\":512,\"caption\":\"decolights\"},\"image\":{\"@id\":\"https:\\\/\\\/decolights.eu\\\/#\\\/schema\\\/logo\\\/image\\\/\"}}]}<\/script>\n<!-- \/ Yoast SEO plugin. -->","yoast_head_json":{"title":"Chytr\u00e1 festoonov\u00e1 sv\u011btla RGB 10M 20 \u017e\u00e1rovek Twinkly Festoon (Gen II) - Nejlep\u0161\u00ed cena - Decolights.eu","description":"Twinkly festoon lights je chytr\u00fd sv\u011bteln\u00fd \u0159et\u011bz s RGB \u017e\u00e1rovkami, kter\u00fd lze ovl\u00e1dat pomoc\u00ed aplikace a hlasov\u00fdch asistent\u016f. Z\u00edskejte ji nyn\u00ed za nejlep\u0161\u00ed cenu!","robots":{"index":"index","follow":"follow","max-snippet":"max-snippet:-1","max-image-preview":"max-image-preview:large","max-video-preview":"max-video-preview:-1"},"canonical":"https:\/\/decolights.eu\/cs\/produkt-2\/smart-festoon-lights-rgb-10m-20-bulbs-twinkly-festoon-gen-ii\/","og_locale":"cs_CZ","og_type":"article","og_title":"Smart festoon lights RGB 10M 20 bulbs Twinkly Festoon (Gen II) - Best price - Decolights.eu","og_description":"Twinkly festoon lights is a smart light chain with RGB bulbs that can be controlled via app and voice assistants. Get it now for the best price!","og_url":"https:\/\/decolights.eu\/cs\/produkt-2\/smart-festoon-lights-rgb-10m-20-bulbs-twinkly-festoon-gen-ii\/","og_site_name":"Decolights.eu","article_modified_time":"2023-05-09T12:31:37+00:00","og_image":[{"width":768,"height":768,"url":"https:\/\/decolights.eu\/wp-content\/uploads\/2023\/04\/medium-TWF020STP-BEU-\u2013-Out-of-the-box.jpg","type":"image\/jpeg"}],"twitter_card":"summary_large_image","twitter_misc":{"Odhadovan\u00e1 doba \u010dten\u00ed":"1 minuta"},"schema":{"@context":"https:\/\/schema.org","@graph":[{"@type":"WebPage","@id":"https:\/\/decolights.eu\/product\/smart-festoon-lights-rgb-10m-20-bulbs-twinkly-festoon-gen-ii\/","url":"https:\/\/decolights.eu\/product\/smart-festoon-lights-rgb-10m-20-bulbs-twinkly-festoon-gen-ii\/","name":"Chytr\u00e1 festoonov\u00e1 sv\u011btla RGB 10M 20 \u017e\u00e1rovek Twinkly Festoon (Gen II) - Nejlep\u0161\u00ed cena - Decolights.eu","isPartOf":{"@id":"https:\/\/decolights.eu\/#website"},"primaryImageOfPage":{"@id":"https:\/\/decolights.eu\/product\/smart-festoon-lights-rgb-10m-20-bulbs-twinkly-festoon-gen-ii\/#primaryimage"},"image":{"@id":"https:\/\/decolights.eu\/product\/smart-festoon-lights-rgb-10m-20-bulbs-twinkly-festoon-gen-ii\/#primaryimage"},"thumbnailUrl":"https:\/\/decolights.eu\/wp-content\/uploads\/2023\/04\/medium-TWF020STP-BEU-\u2013-Out-of-the-box.jpg","datePublished":"2023-04-01T04:26:32+00:00","dateModified":"2023-05-09T12:31:37+00:00","description":"Twinkly festoon lights je chytr\u00fd sv\u011bteln\u00fd \u0159et\u011bz s RGB \u017e\u00e1rovkami, kter\u00fd lze ovl\u00e1dat pomoc\u00ed aplikace a hlasov\u00fdch asistent\u016f. Z\u00edskejte ji nyn\u00ed za nejlep\u0161\u00ed cenu!","breadcrumb":{"@id":"https:\/\/decolights.eu\/product\/smart-festoon-lights-rgb-10m-20-bulbs-twinkly-festoon-gen-ii\/#breadcrumb"},"inLanguage":"cs","potentialAction":[{"@type":"ReadAction","target":["https:\/\/decolights.eu\/product\/smart-festoon-lights-rgb-10m-20-bulbs-twinkly-festoon-gen-ii\/"]}]},{"@type":"ImageObject","inLanguage":"cs","@id":"https:\/\/decolights.eu\/product\/smart-festoon-lights-rgb-10m-20-bulbs-twinkly-festoon-gen-ii\/#primaryimage","url":"https:\/\/decolights.eu\/wp-content\/uploads\/2023\/04\/medium-TWF020STP-BEU-\u2013-Out-of-the-box.jpg","contentUrl":"https:\/\/decolights.eu\/wp-content\/uploads\/2023\/04\/medium-TWF020STP-BEU-\u2013-Out-of-the-box.jpg","width":768,"height":768},{"@type":"BreadcrumbList","@id":"https:\/\/decolights.eu\/product\/smart-festoon-lights-rgb-10m-20-bulbs-twinkly-festoon-gen-ii\/#breadcrumb","itemListElement":[{"@type":"ListItem","position":1,"name":"Shop","item":"https:\/\/decolights.eu\/shop\/"},{"@type":"ListItem","position":2,"name":"Smart festoon lights RGB 10M 20 bulbs Twinkly Festoon (Gen II)"}]},{"@type":"WebSite","@id":"https:\/\/decolights.eu\/#website","url":"https:\/\/decolights.eu\/","name":"decolights","description":"Led dekorace pro d\u016fm a zahradu","publisher":{"@id":"https:\/\/decolights.eu\/#organization"},"alternateName":"decolights.eu","potentialAction":[{"@type":"SearchAction","target":{"@type":"EntryPoint","urlTemplate":"https:\/\/decolights.eu\/?s={search_term_string}"},"query-input":{"@type":"PropertyValueSpecification","valueRequired":true,"valueName":"search_term_string"}}],"inLanguage":"cs"},{"@type":"Organization","@id":"https:\/\/decolights.eu\/#organization","name":"decolights","url":"https:\/\/decolights.eu\/","logo":{"@type":"ImageObject","inLanguage":"cs","@id":"https:\/\/decolights.eu\/#\/schema\/logo\/image\/","url":"https:\/\/decolights.eu\/wp-content\/uploads\/2023\/07\/cropped-decolight-siteicon.png","contentUrl":"https:\/\/decolights.eu\/wp-content\/uploads\/2023\/07\/cropped-decolight-siteicon.png","width":512,"height":512,"caption":"decolights"},"image":{"@id":"https:\/\/decolights.eu\/#\/schema\/logo\/image\/"}}]}},"jetpack_sharing_enabled":true,"_links":{"self":[{"href":"https:\/\/decolights.eu\/cs\/wp-json\/wp\/v2\/product\/5084","targetHints":{"allow":["GET"]}}],"collection":[{"href":"https:\/\/decolights.eu\/cs\/wp-json\/wp\/v2\/product"}],"about":[{"href":"https:\/\/decolights.eu\/cs\/wp-json\/wp\/v2\/types\/product"}],"replies":[{"embeddable":true,"href":"https:\/\/decolights.eu\/cs\/wp-json\/wp\/v2\/comments?post=5084"}],"wp:featuredmedia":[{"embeddable":true,"href":"https:\/\/decolights.eu\/cs\/wp-json\/wp\/v2\/media\/5164"}],"wp:attachment":[{"href":"https:\/\/decolights.eu\/cs\/wp-json\/wp\/v2\/media?parent=5084"}],"wp:term":[{"taxonomy":"product_brand","embeddable":true,"href":"https:\/\/decolights.eu\/cs\/wp-json\/wp\/v2\/product_brand?post=5084"},{"taxonomy":"product_cat","embeddable":true,"href":"https:\/\/decolights.eu\/cs\/wp-json\/wp\/v2\/product_cat?post=5084"},{"taxonomy":"product_tag","embeddable":true,"href":"https:\/\/decolights.eu\/cs\/wp-json\/wp\/v2\/product_tag?post=5084"}],"curies":[{"name":"wp","href":"https:\/\/api.w.org\/{rel}","templated":true}]}}