{"id":5382,"date":"2023-04-01T04:29:59","date_gmt":"2023-04-01T04:29:59","guid":{"rendered":"https:\/\/decolights.eu\/?post_type=product&#038;p=5382"},"modified":"2023-04-28T15:53:58","modified_gmt":"2023-04-28T15:53:58","slug":"led-paper-star-blue","status":"publish","type":"product","link":"https:\/\/decolights.eu\/cs\/produkt-2\/led-paper-star-blue\/","title":{"rendered":"LED pap\u00edrov\u00e1 hv\u011bzda modr\u00e1"},"content":{"rendered":"<p>Kr\u00e1sn\u00e1 dekorativn\u00ed pap\u00edrov\u00e1 hv\u011bzda pro vnit\u0159n\u00ed pou\u017eit\u00ed. \u0160\u00ed\u0159\u00ed kr\u00e1sn\u00fd lesk a vytv\u00e1\u0159\u00ed \u00fatulnou atmosf\u00e9ru v dom\u00e1cnosti.<\/p>\n<ul>\n<li><strong>Barva hv\u011bzdy:\u00a0<\/strong>modr\u00fd<\/li>\n<li><strong>Barva LED:<\/strong> tepl\u00e1 b\u00edl\u00e1<\/li>\n<li><b>Velikost:<\/b>Rozm\u011br 60x60x16 cm<\/li>\n<li><strong>Nap\u00e1jec\u00ed kabel:<\/strong> 3,50 mil<\/li>\n<li><strong>Barva kabelu: <\/strong>b\u00edl\u00fd<\/li>\n<li><strong>IP hodnocen\u00ed: <\/strong>IP20<\/li>\n<li><strong>Zdroj energie:\u00a0<\/strong>Zapojit<\/li>\n<li><strong>Materi\u00e1l kabelu:\u00a0<\/strong>PVC<\/li>\n<li><strong>V\u00ed\u010dko\/z\u00e1suvka:\u00a0<\/strong>E14 (\u017e\u00e1rovka nen\u00ed sou\u010d\u00e1st\u00ed balen\u00ed)<\/li>\n<li><strong>CE certifikov\u00e1no:\u00a0<\/strong>Ano<\/li>\n<li>230V AC<\/li>\n<\/ul>","protected":false},"excerpt":{"rendered":"<p>A beautiful decorative paper star for indoor use. Spreads lovely shine and creates cozy atmosphere in the home. Star colour:\u00a0blue LED colour: warm white Size:60x60x16 cm Power lead cable: 3.50M Cable colour: white IP Rating: IP20 Power source:\u00a0Plug in Cable material:\u00a0PVC Cap\/Socket:\u00a0E14 (Bulb is not included) CE Certified:\u00a0Yes 230V AC<\/p>","protected":false},"featured_media":5448,"comment_status":"open","ping_status":"closed","template":"","meta":[],"product_brand":[],"product_cat":[214,222],"product_tag":[],"class_list":{"0":"post-5382","1":"product","2":"type-product","3":"status-publish","4":"has-post-thumbnail","6":"product_cat-indoor-lights","7":"product_cat-led-stars-indoor-lights","8":"pa_brand-deco","9":"pa_led-colour-warm-white","11":"first","12":"instock","13":"sale","14":"shipping-taxable","15":"purchasable","16":"product-type-simple"},"yoast_head":"<!-- This site is optimized with the Yoast SEO plugin v27.3 - https:\/\/yoast.com\/product\/yoast-seo-wordpress\/ -->\n<title>LED Paper Star blue - Best price guarantee - Decolights.eu<\/title>\n<meta name=\"description\" content=\"A beautiful decorative paper star for indoor use. Spreads lovely shine and creates cozy atmosphere in the home. Buy now to get the best price!\" \/>\n<meta name=\"robots\" content=\"index, follow, max-snippet:-1, max-image-preview:large, max-video-preview:-1\" \/>\n<link rel=\"canonical\" href=\"https:\/\/decolights.eu\/cs\/produkt-2\/led-paper-star-blue\/\" \/>\n<meta property=\"og:locale\" content=\"cs_CZ\" \/>\n<meta property=\"og:type\" content=\"article\" \/>\n<meta property=\"og:title\" content=\"LED Paper Star blue - Best price guarantee - Decolights.eu\" \/>\n<meta property=\"og:description\" content=\"A beautiful decorative paper star for indoor use. Spreads lovely shine and creates cozy atmosphere in the home. Buy now to get the best price!\" \/>\n<meta property=\"og:url\" content=\"https:\/\/decolights.eu\/cs\/produkt-2\/led-paper-star-blue\/\" \/>\n<meta property=\"og:site_name\" content=\"Decolights.eu\" \/>\n<meta property=\"article:modified_time\" content=\"2023-04-28T15:53:58+00:00\" \/>\n<meta property=\"og:image\" content=\"https:\/\/decolights.eu\/wp-content\/uploads\/2023\/04\/231-61_MN.png\" \/>\n\t<meta property=\"og:image:width\" content=\"600\" \/>\n\t<meta property=\"og:image:height\" content=\"600\" \/>\n\t<meta property=\"og:image:type\" content=\"image\/png\" \/>\n<meta name=\"twitter:card\" content=\"summary_large_image\" \/>\n<meta name=\"twitter:label1\" content=\"Odhadovan\u00e1 doba \u010dten\u00ed\" \/>\n\t<meta name=\"twitter:data1\" content=\"1 minuta\" \/>\n<script type=\"application\/ld+json\" class=\"yoast-schema-graph\">{\"@context\":\"https:\\\/\\\/schema.org\",\"@graph\":[{\"@type\":\"WebPage\",\"@id\":\"https:\\\/\\\/decolights.eu\\\/product\\\/led-paper-star-blue\\\/\",\"url\":\"https:\\\/\\\/decolights.eu\\\/product\\\/led-paper-star-blue\\\/\",\"name\":\"LED Paper Star blue - Best price guarantee - Decolights.eu\",\"isPartOf\":{\"@id\":\"https:\\\/\\\/decolights.eu\\\/#website\"},\"primaryImageOfPage\":{\"@id\":\"https:\\\/\\\/decolights.eu\\\/product\\\/led-paper-star-blue\\\/#primaryimage\"},\"image\":{\"@id\":\"https:\\\/\\\/decolights.eu\\\/product\\\/led-paper-star-blue\\\/#primaryimage\"},\"thumbnailUrl\":\"https:\\\/\\\/decolights.eu\\\/wp-content\\\/uploads\\\/2023\\\/04\\\/231-61_MN.png\",\"datePublished\":\"2023-04-01T04:29:59+00:00\",\"dateModified\":\"2023-04-28T15:53:58+00:00\",\"description\":\"A beautiful decorative paper star for indoor use. Spreads lovely shine and creates cozy atmosphere in the home. Buy now to get the best price!\",\"breadcrumb\":{\"@id\":\"https:\\\/\\\/decolights.eu\\\/product\\\/led-paper-star-blue\\\/#breadcrumb\"},\"inLanguage\":\"cs\",\"potentialAction\":[{\"@type\":\"ReadAction\",\"target\":[\"https:\\\/\\\/decolights.eu\\\/product\\\/led-paper-star-blue\\\/\"]}]},{\"@type\":\"ImageObject\",\"inLanguage\":\"cs\",\"@id\":\"https:\\\/\\\/decolights.eu\\\/product\\\/led-paper-star-blue\\\/#primaryimage\",\"url\":\"https:\\\/\\\/decolights.eu\\\/wp-content\\\/uploads\\\/2023\\\/04\\\/231-61_MN.png\",\"contentUrl\":\"https:\\\/\\\/decolights.eu\\\/wp-content\\\/uploads\\\/2023\\\/04\\\/231-61_MN.png\",\"width\":600,\"height\":600},{\"@type\":\"BreadcrumbList\",\"@id\":\"https:\\\/\\\/decolights.eu\\\/product\\\/led-paper-star-blue\\\/#breadcrumb\",\"itemListElement\":[{\"@type\":\"ListItem\",\"position\":1,\"name\":\"Shop\",\"item\":\"https:\\\/\\\/decolights.eu\\\/shop\\\/\"},{\"@type\":\"ListItem\",\"position\":2,\"name\":\"LED Paper Star blue\"}]},{\"@type\":\"WebSite\",\"@id\":\"https:\\\/\\\/decolights.eu\\\/#website\",\"url\":\"https:\\\/\\\/decolights.eu\\\/\",\"name\":\"decolights\",\"description\":\"Led Decorations for Home and Garden\",\"publisher\":{\"@id\":\"https:\\\/\\\/decolights.eu\\\/#organization\"},\"alternateName\":\"decolights.eu\",\"potentialAction\":[{\"@type\":\"SearchAction\",\"target\":{\"@type\":\"EntryPoint\",\"urlTemplate\":\"https:\\\/\\\/decolights.eu\\\/?s={search_term_string}\"},\"query-input\":{\"@type\":\"PropertyValueSpecification\",\"valueRequired\":true,\"valueName\":\"search_term_string\"}}],\"inLanguage\":\"cs\"},{\"@type\":\"Organization\",\"@id\":\"https:\\\/\\\/decolights.eu\\\/#organization\",\"name\":\"decolights\",\"url\":\"https:\\\/\\\/decolights.eu\\\/\",\"logo\":{\"@type\":\"ImageObject\",\"inLanguage\":\"cs\",\"@id\":\"https:\\\/\\\/decolights.eu\\\/#\\\/schema\\\/logo\\\/image\\\/\",\"url\":\"https:\\\/\\\/decolights.eu\\\/wp-content\\\/uploads\\\/2023\\\/07\\\/cropped-decolight-siteicon.png\",\"contentUrl\":\"https:\\\/\\\/decolights.eu\\\/wp-content\\\/uploads\\\/2023\\\/07\\\/cropped-decolight-siteicon.png\",\"width\":512,\"height\":512,\"caption\":\"decolights\"},\"image\":{\"@id\":\"https:\\\/\\\/decolights.eu\\\/#\\\/schema\\\/logo\\\/image\\\/\"}}]}<\/script>\n<!-- \/ Yoast SEO plugin. -->","yoast_head_json":{"title":"LED Paper Star modr\u00e1 - Z\u00e1ruka nejni\u017e\u0161\u00ed ceny - Decolights.eu","description":"Kr\u00e1sn\u00e1 dekorativn\u00ed pap\u00edrov\u00e1 hv\u011bzda pro vnit\u0159n\u00ed pou\u017eit\u00ed. \u0160\u00ed\u0159\u00ed kr\u00e1sn\u00fd lesk a vytv\u00e1\u0159\u00ed \u00fatulnou atmosf\u00e9ru v dom\u00e1cnosti. Kupte nyn\u00ed a z\u00edskejte nejlep\u0161\u00ed cenu!","robots":{"index":"index","follow":"follow","max-snippet":"max-snippet:-1","max-image-preview":"max-image-preview:large","max-video-preview":"max-video-preview:-1"},"canonical":"https:\/\/decolights.eu\/cs\/produkt-2\/led-paper-star-blue\/","og_locale":"cs_CZ","og_type":"article","og_title":"LED Paper Star blue - Best price guarantee - Decolights.eu","og_description":"A beautiful decorative paper star for indoor use. Spreads lovely shine and creates cozy atmosphere in the home. Buy now to get the best price!","og_url":"https:\/\/decolights.eu\/cs\/produkt-2\/led-paper-star-blue\/","og_site_name":"Decolights.eu","article_modified_time":"2023-04-28T15:53:58+00:00","og_image":[{"width":600,"height":600,"url":"https:\/\/decolights.eu\/wp-content\/uploads\/2023\/04\/231-61_MN.png","type":"image\/png"}],"twitter_card":"summary_large_image","twitter_misc":{"Odhadovan\u00e1 doba \u010dten\u00ed":"1 minuta"},"schema":{"@context":"https:\/\/schema.org","@graph":[{"@type":"WebPage","@id":"https:\/\/decolights.eu\/product\/led-paper-star-blue\/","url":"https:\/\/decolights.eu\/product\/led-paper-star-blue\/","name":"LED Paper Star modr\u00e1 - Z\u00e1ruka nejni\u017e\u0161\u00ed ceny - Decolights.eu","isPartOf":{"@id":"https:\/\/decolights.eu\/#website"},"primaryImageOfPage":{"@id":"https:\/\/decolights.eu\/product\/led-paper-star-blue\/#primaryimage"},"image":{"@id":"https:\/\/decolights.eu\/product\/led-paper-star-blue\/#primaryimage"},"thumbnailUrl":"https:\/\/decolights.eu\/wp-content\/uploads\/2023\/04\/231-61_MN.png","datePublished":"2023-04-01T04:29:59+00:00","dateModified":"2023-04-28T15:53:58+00:00","description":"Kr\u00e1sn\u00e1 dekorativn\u00ed pap\u00edrov\u00e1 hv\u011bzda pro vnit\u0159n\u00ed pou\u017eit\u00ed. \u0160\u00ed\u0159\u00ed kr\u00e1sn\u00fd lesk a vytv\u00e1\u0159\u00ed \u00fatulnou atmosf\u00e9ru v dom\u00e1cnosti. Kupte nyn\u00ed a z\u00edskejte nejlep\u0161\u00ed cenu!","breadcrumb":{"@id":"https:\/\/decolights.eu\/product\/led-paper-star-blue\/#breadcrumb"},"inLanguage":"cs","potentialAction":[{"@type":"ReadAction","target":["https:\/\/decolights.eu\/product\/led-paper-star-blue\/"]}]},{"@type":"ImageObject","inLanguage":"cs","@id":"https:\/\/decolights.eu\/product\/led-paper-star-blue\/#primaryimage","url":"https:\/\/decolights.eu\/wp-content\/uploads\/2023\/04\/231-61_MN.png","contentUrl":"https:\/\/decolights.eu\/wp-content\/uploads\/2023\/04\/231-61_MN.png","width":600,"height":600},{"@type":"BreadcrumbList","@id":"https:\/\/decolights.eu\/product\/led-paper-star-blue\/#breadcrumb","itemListElement":[{"@type":"ListItem","position":1,"name":"Shop","item":"https:\/\/decolights.eu\/shop\/"},{"@type":"ListItem","position":2,"name":"LED Paper Star blue"}]},{"@type":"WebSite","@id":"https:\/\/decolights.eu\/#website","url":"https:\/\/decolights.eu\/","name":"decolights","description":"Led dekorace pro d\u016fm a zahradu","publisher":{"@id":"https:\/\/decolights.eu\/#organization"},"alternateName":"decolights.eu","potentialAction":[{"@type":"SearchAction","target":{"@type":"EntryPoint","urlTemplate":"https:\/\/decolights.eu\/?s={search_term_string}"},"query-input":{"@type":"PropertyValueSpecification","valueRequired":true,"valueName":"search_term_string"}}],"inLanguage":"cs"},{"@type":"Organization","@id":"https:\/\/decolights.eu\/#organization","name":"decolights","url":"https:\/\/decolights.eu\/","logo":{"@type":"ImageObject","inLanguage":"cs","@id":"https:\/\/decolights.eu\/#\/schema\/logo\/image\/","url":"https:\/\/decolights.eu\/wp-content\/uploads\/2023\/07\/cropped-decolight-siteicon.png","contentUrl":"https:\/\/decolights.eu\/wp-content\/uploads\/2023\/07\/cropped-decolight-siteicon.png","width":512,"height":512,"caption":"decolights"},"image":{"@id":"https:\/\/decolights.eu\/#\/schema\/logo\/image\/"}}]}},"jetpack_sharing_enabled":true,"_links":{"self":[{"href":"https:\/\/decolights.eu\/cs\/wp-json\/wp\/v2\/product\/5382","targetHints":{"allow":["GET"]}}],"collection":[{"href":"https:\/\/decolights.eu\/cs\/wp-json\/wp\/v2\/product"}],"about":[{"href":"https:\/\/decolights.eu\/cs\/wp-json\/wp\/v2\/types\/product"}],"replies":[{"embeddable":true,"href":"https:\/\/decolights.eu\/cs\/wp-json\/wp\/v2\/comments?post=5382"}],"wp:featuredmedia":[{"embeddable":true,"href":"https:\/\/decolights.eu\/cs\/wp-json\/wp\/v2\/media\/5448"}],"wp:attachment":[{"href":"https:\/\/decolights.eu\/cs\/wp-json\/wp\/v2\/media?parent=5382"}],"wp:term":[{"taxonomy":"product_brand","embeddable":true,"href":"https:\/\/decolights.eu\/cs\/wp-json\/wp\/v2\/product_brand?post=5382"},{"taxonomy":"product_cat","embeddable":true,"href":"https:\/\/decolights.eu\/cs\/wp-json\/wp\/v2\/product_cat?post=5382"},{"taxonomy":"product_tag","embeddable":true,"href":"https:\/\/decolights.eu\/cs\/wp-json\/wp\/v2\/product_tag?post=5382"}],"curies":[{"name":"wp","href":"https:\/\/api.w.org\/{rel}","templated":true}]}}