{"id":5665,"date":"2023-04-01T04:34:25","date_gmt":"2023-04-01T04:34:25","guid":{"rendered":"https:\/\/decolights.eu\/?post_type=product&#038;p=5665"},"modified":"2023-04-23T10:41:32","modified_gmt":"2023-04-23T10:41:32","slug":"led-light-chain-akku-with-batteries","status":"publish","type":"product","link":"https:\/\/decolights.eu\/cs\/produkt-2\/led-light-chain-akku-with-batteries\/","title":{"rendered":"LED sv\u011bteln\u00fd \u0159et\u011bz Akku s bateriemi"},"content":{"rendered":"<p>Sv\u011bteln\u00fd \u0159et\u011bz se 160 tepl\u00fdmi b\u00edl\u00fdmi LED sv\u011btly a s bateriov\u00fdm boxem pro vnit\u0159n\u00ed i venkovn\u00ed pou\u017eit\u00ed, nap\u00e1jen 3xAA bateriemi. Pro optim\u00e1ln\u00ed \u017eivotnost baterie m\u00e1 sv\u011bteln\u00fd \u0159et\u011bz funkci opakovac\u00edho \u010dasova\u010de, 6h zapnuto a 18h vypnuto. Polo\u017eku lze snadno um\u00edstit do va\u0161\u00ed zahrady pro \u00fatuln\u00e9 sv\u011btlo.<\/p>\n<ul>\n<li><strong>Barva LED<\/strong>: tepl\u00e1 b\u00edl\u00e1<\/li>\n<li><strong>Po\u010det LED diod<\/strong><strong>: <\/strong>160 LED<\/li>\n<li><strong>Celkov\u00e1 d\u00e9lka (v\u010detn\u011b nap\u00e1jec\u00edho kabelu): <\/strong>11,70 mil<\/li>\n<li><strong>D\u00e9lka sv\u00edcen\u00ed:\u00a0<\/strong>11,20 mil<\/li>\n<li><strong>Nap\u00e1jec\u00ed kabel:<\/strong> 50CM<\/li>\n<li><strong>Vzd\u00e1lenost mezi \u017e\u00e1rovkami:<\/strong> 7CM<\/li>\n<li><strong>Barva kabelu: <\/strong>\u010cern\u00e1<\/li>\n<li><strong>IP hodnocen\u00ed: <\/strong>IP44<\/li>\n<li dir=\"ltr\" data-placeholder=\"Translation\"><strong>Zdroj energie:<\/strong> 2 x AA baterie (nejsou sou\u010d\u00e1st\u00ed balen\u00ed)<\/li>\n<li dir=\"ltr\" data-placeholder=\"Translation\"><strong>\u010casova\u010d:<\/strong> 6h zapnuto\/18h vypnuto, opakujte<\/li>\n<li><strong>Materi\u00e1l kabelu:\u00a0<\/strong>PVC<\/li>\n<li><strong>P\u0159ipojiteln\u00e9:\u00a0<\/strong>Ne<\/li>\n<li><strong>V\u00ed\u010dko\/z\u00e1suvka:\u00a0<\/strong>Nevym\u011bniteln\u00e9<\/li>\n<li><strong>CE certifikov\u00e1no:\u00a0<\/strong>Ano<\/li>\n<li>4,5V DC<\/li>\n<\/ul>","protected":false},"excerpt":{"rendered":"<p>Light chain with 160 warm white LED lights and with battery box for in- or outdoor use, run by 3xAA batteries. For optimal battery life, the light chain has repeating timer function, 6h on and 18h off. Item easy to place in your garden for a cozy light. LED colour: warm white Number of LEDs: [&#8230;]\n","protected":false},"featured_media":5718,"comment_status":"open","ping_status":"closed","template":"","meta":[],"product_brand":[],"product_cat":[217,214,236,226,230],"product_tag":[],"class_list":{"0":"post-5665","1":"product","2":"type-product","3":"status-publish","4":"has-post-thumbnail","6":"product_cat-battery-operated-led-lights","7":"product_cat-indoor-lights","8":"product_cat-led-string-lights-outdoor-lights","9":"product_cat-outdoor-lights","10":"product_cat-patio-lights","11":"pa_brand-deco","12":"pa_led-colour-warm-white","14":"first","15":"instock","16":"sale","17":"shipping-taxable","18":"purchasable","19":"product-type-simple"},"yoast_head":"<!-- This site is optimized with the Yoast SEO plugin v27.3 - https:\/\/yoast.com\/product\/yoast-seo-wordpress\/ -->\n<title>LED Light Chain Akku with batteries - Decolights.eu<\/title>\n<meta name=\"description\" content=\"Decorate your patio or garden with a nice string LED lights to get a cosy atmosphere. Do not hesitate and buy now the get the best price!\" \/>\n<meta name=\"robots\" content=\"index, follow, max-snippet:-1, max-image-preview:large, max-video-preview:-1\" \/>\n<link rel=\"canonical\" href=\"https:\/\/decolights.eu\/cs\/produkt-2\/led-light-chain-akku-with-batteries\/\" \/>\n<meta property=\"og:locale\" content=\"cs_CZ\" \/>\n<meta property=\"og:type\" content=\"article\" \/>\n<meta property=\"og:title\" content=\"LED Light Chain Akku with batteries - Decolights.eu\" \/>\n<meta property=\"og:description\" content=\"Decorate your patio or garden with a nice string LED lights to get a cosy atmosphere. Do not hesitate and buy now the get the best price!\" \/>\n<meta property=\"og:url\" content=\"https:\/\/decolights.eu\/cs\/produkt-2\/led-light-chain-akku-with-batteries\/\" \/>\n<meta property=\"og:site_name\" content=\"Decolights.eu\" \/>\n<meta property=\"article:modified_time\" content=\"2023-04-23T10:41:32+00:00\" \/>\n<meta property=\"og:image\" content=\"https:\/\/decolights.eu\/wp-content\/uploads\/2023\/04\/727-34_MN.png\" \/>\n\t<meta property=\"og:image:width\" content=\"600\" \/>\n\t<meta property=\"og:image:height\" content=\"602\" \/>\n\t<meta property=\"og:image:type\" content=\"image\/png\" \/>\n<meta name=\"twitter:card\" content=\"summary_large_image\" \/>\n<meta name=\"twitter:label1\" content=\"Odhadovan\u00e1 doba \u010dten\u00ed\" \/>\n\t<meta name=\"twitter:data1\" content=\"1 minuta\" \/>\n<script type=\"application\/ld+json\" class=\"yoast-schema-graph\">{\"@context\":\"https:\\\/\\\/schema.org\",\"@graph\":[{\"@type\":\"WebPage\",\"@id\":\"https:\\\/\\\/decolights.eu\\\/product\\\/led-light-chain-akku-with-batteries\\\/\",\"url\":\"https:\\\/\\\/decolights.eu\\\/product\\\/led-light-chain-akku-with-batteries\\\/\",\"name\":\"LED Light Chain Akku with batteries - Decolights.eu\",\"isPartOf\":{\"@id\":\"https:\\\/\\\/decolights.eu\\\/#website\"},\"primaryImageOfPage\":{\"@id\":\"https:\\\/\\\/decolights.eu\\\/product\\\/led-light-chain-akku-with-batteries\\\/#primaryimage\"},\"image\":{\"@id\":\"https:\\\/\\\/decolights.eu\\\/product\\\/led-light-chain-akku-with-batteries\\\/#primaryimage\"},\"thumbnailUrl\":\"https:\\\/\\\/decolights.eu\\\/wp-content\\\/uploads\\\/2023\\\/04\\\/727-34_MN.png\",\"datePublished\":\"2023-04-01T04:34:25+00:00\",\"dateModified\":\"2023-04-23T10:41:32+00:00\",\"description\":\"Decorate your patio or garden with a nice string LED lights to get a cosy atmosphere. Do not hesitate and buy now the get the best price!\",\"breadcrumb\":{\"@id\":\"https:\\\/\\\/decolights.eu\\\/product\\\/led-light-chain-akku-with-batteries\\\/#breadcrumb\"},\"inLanguage\":\"cs\",\"potentialAction\":[{\"@type\":\"ReadAction\",\"target\":[\"https:\\\/\\\/decolights.eu\\\/product\\\/led-light-chain-akku-with-batteries\\\/\"]}]},{\"@type\":\"ImageObject\",\"inLanguage\":\"cs\",\"@id\":\"https:\\\/\\\/decolights.eu\\\/product\\\/led-light-chain-akku-with-batteries\\\/#primaryimage\",\"url\":\"https:\\\/\\\/decolights.eu\\\/wp-content\\\/uploads\\\/2023\\\/04\\\/727-34_MN.png\",\"contentUrl\":\"https:\\\/\\\/decolights.eu\\\/wp-content\\\/uploads\\\/2023\\\/04\\\/727-34_MN.png\",\"width\":600,\"height\":602},{\"@type\":\"BreadcrumbList\",\"@id\":\"https:\\\/\\\/decolights.eu\\\/product\\\/led-light-chain-akku-with-batteries\\\/#breadcrumb\",\"itemListElement\":[{\"@type\":\"ListItem\",\"position\":1,\"name\":\"Shop\",\"item\":\"https:\\\/\\\/decolights.eu\\\/shop\\\/\"},{\"@type\":\"ListItem\",\"position\":2,\"name\":\"LED Light Chain Akku with batteries\"}]},{\"@type\":\"WebSite\",\"@id\":\"https:\\\/\\\/decolights.eu\\\/#website\",\"url\":\"https:\\\/\\\/decolights.eu\\\/\",\"name\":\"decolights\",\"description\":\"Led Decorations for Home and Garden\",\"publisher\":{\"@id\":\"https:\\\/\\\/decolights.eu\\\/#organization\"},\"alternateName\":\"decolights.eu\",\"potentialAction\":[{\"@type\":\"SearchAction\",\"target\":{\"@type\":\"EntryPoint\",\"urlTemplate\":\"https:\\\/\\\/decolights.eu\\\/?s={search_term_string}\"},\"query-input\":{\"@type\":\"PropertyValueSpecification\",\"valueRequired\":true,\"valueName\":\"search_term_string\"}}],\"inLanguage\":\"cs\"},{\"@type\":\"Organization\",\"@id\":\"https:\\\/\\\/decolights.eu\\\/#organization\",\"name\":\"decolights\",\"url\":\"https:\\\/\\\/decolights.eu\\\/\",\"logo\":{\"@type\":\"ImageObject\",\"inLanguage\":\"cs\",\"@id\":\"https:\\\/\\\/decolights.eu\\\/#\\\/schema\\\/logo\\\/image\\\/\",\"url\":\"https:\\\/\\\/decolights.eu\\\/wp-content\\\/uploads\\\/2023\\\/07\\\/cropped-decolight-siteicon.png\",\"contentUrl\":\"https:\\\/\\\/decolights.eu\\\/wp-content\\\/uploads\\\/2023\\\/07\\\/cropped-decolight-siteicon.png\",\"width\":512,\"height\":512,\"caption\":\"decolights\"},\"image\":{\"@id\":\"https:\\\/\\\/decolights.eu\\\/#\\\/schema\\\/logo\\\/image\\\/\"}}]}<\/script>\n<!-- \/ Yoast SEO plugin. -->","yoast_head_json":{"title":"LED sv\u011bteln\u00fd \u0159et\u011bz Akku s bateriemi - Decolights.eu","description":"Vyzdobte si terasu nebo zahradu p\u011bkn\u00fdmi LED sv\u011btly, abyste z\u00edskali \u00fatulnou atmosf\u00e9ru. Nev\u00e1hejte a kupte nyn\u00ed za nejlep\u0161\u00ed cenu!","robots":{"index":"index","follow":"follow","max-snippet":"max-snippet:-1","max-image-preview":"max-image-preview:large","max-video-preview":"max-video-preview:-1"},"canonical":"https:\/\/decolights.eu\/cs\/produkt-2\/led-light-chain-akku-with-batteries\/","og_locale":"cs_CZ","og_type":"article","og_title":"LED Light Chain Akku with batteries - Decolights.eu","og_description":"Decorate your patio or garden with a nice string LED lights to get a cosy atmosphere. Do not hesitate and buy now the get the best price!","og_url":"https:\/\/decolights.eu\/cs\/produkt-2\/led-light-chain-akku-with-batteries\/","og_site_name":"Decolights.eu","article_modified_time":"2023-04-23T10:41:32+00:00","og_image":[{"width":600,"height":602,"url":"https:\/\/decolights.eu\/wp-content\/uploads\/2023\/04\/727-34_MN.png","type":"image\/png"}],"twitter_card":"summary_large_image","twitter_misc":{"Odhadovan\u00e1 doba \u010dten\u00ed":"1 minuta"},"schema":{"@context":"https:\/\/schema.org","@graph":[{"@type":"WebPage","@id":"https:\/\/decolights.eu\/product\/led-light-chain-akku-with-batteries\/","url":"https:\/\/decolights.eu\/product\/led-light-chain-akku-with-batteries\/","name":"LED sv\u011bteln\u00fd \u0159et\u011bz Akku s bateriemi - Decolights.eu","isPartOf":{"@id":"https:\/\/decolights.eu\/#website"},"primaryImageOfPage":{"@id":"https:\/\/decolights.eu\/product\/led-light-chain-akku-with-batteries\/#primaryimage"},"image":{"@id":"https:\/\/decolights.eu\/product\/led-light-chain-akku-with-batteries\/#primaryimage"},"thumbnailUrl":"https:\/\/decolights.eu\/wp-content\/uploads\/2023\/04\/727-34_MN.png","datePublished":"2023-04-01T04:34:25+00:00","dateModified":"2023-04-23T10:41:32+00:00","description":"Vyzdobte si terasu nebo zahradu p\u011bkn\u00fdmi LED sv\u011btly, abyste z\u00edskali \u00fatulnou atmosf\u00e9ru. Nev\u00e1hejte a kupte nyn\u00ed za nejlep\u0161\u00ed cenu!","breadcrumb":{"@id":"https:\/\/decolights.eu\/product\/led-light-chain-akku-with-batteries\/#breadcrumb"},"inLanguage":"cs","potentialAction":[{"@type":"ReadAction","target":["https:\/\/decolights.eu\/product\/led-light-chain-akku-with-batteries\/"]}]},{"@type":"ImageObject","inLanguage":"cs","@id":"https:\/\/decolights.eu\/product\/led-light-chain-akku-with-batteries\/#primaryimage","url":"https:\/\/decolights.eu\/wp-content\/uploads\/2023\/04\/727-34_MN.png","contentUrl":"https:\/\/decolights.eu\/wp-content\/uploads\/2023\/04\/727-34_MN.png","width":600,"height":602},{"@type":"BreadcrumbList","@id":"https:\/\/decolights.eu\/product\/led-light-chain-akku-with-batteries\/#breadcrumb","itemListElement":[{"@type":"ListItem","position":1,"name":"Shop","item":"https:\/\/decolights.eu\/shop\/"},{"@type":"ListItem","position":2,"name":"LED Light Chain Akku with batteries"}]},{"@type":"WebSite","@id":"https:\/\/decolights.eu\/#website","url":"https:\/\/decolights.eu\/","name":"decolights","description":"Led dekorace pro d\u016fm a zahradu","publisher":{"@id":"https:\/\/decolights.eu\/#organization"},"alternateName":"decolights.eu","potentialAction":[{"@type":"SearchAction","target":{"@type":"EntryPoint","urlTemplate":"https:\/\/decolights.eu\/?s={search_term_string}"},"query-input":{"@type":"PropertyValueSpecification","valueRequired":true,"valueName":"search_term_string"}}],"inLanguage":"cs"},{"@type":"Organization","@id":"https:\/\/decolights.eu\/#organization","name":"decolights","url":"https:\/\/decolights.eu\/","logo":{"@type":"ImageObject","inLanguage":"cs","@id":"https:\/\/decolights.eu\/#\/schema\/logo\/image\/","url":"https:\/\/decolights.eu\/wp-content\/uploads\/2023\/07\/cropped-decolight-siteicon.png","contentUrl":"https:\/\/decolights.eu\/wp-content\/uploads\/2023\/07\/cropped-decolight-siteicon.png","width":512,"height":512,"caption":"decolights"},"image":{"@id":"https:\/\/decolights.eu\/#\/schema\/logo\/image\/"}}]}},"jetpack_sharing_enabled":true,"_links":{"self":[{"href":"https:\/\/decolights.eu\/cs\/wp-json\/wp\/v2\/product\/5665","targetHints":{"allow":["GET"]}}],"collection":[{"href":"https:\/\/decolights.eu\/cs\/wp-json\/wp\/v2\/product"}],"about":[{"href":"https:\/\/decolights.eu\/cs\/wp-json\/wp\/v2\/types\/product"}],"replies":[{"embeddable":true,"href":"https:\/\/decolights.eu\/cs\/wp-json\/wp\/v2\/comments?post=5665"}],"wp:featuredmedia":[{"embeddable":true,"href":"https:\/\/decolights.eu\/cs\/wp-json\/wp\/v2\/media\/5718"}],"wp:attachment":[{"href":"https:\/\/decolights.eu\/cs\/wp-json\/wp\/v2\/media?parent=5665"}],"wp:term":[{"taxonomy":"product_brand","embeddable":true,"href":"https:\/\/decolights.eu\/cs\/wp-json\/wp\/v2\/product_brand?post=5665"},{"taxonomy":"product_cat","embeddable":true,"href":"https:\/\/decolights.eu\/cs\/wp-json\/wp\/v2\/product_cat?post=5665"},{"taxonomy":"product_tag","embeddable":true,"href":"https:\/\/decolights.eu\/cs\/wp-json\/wp\/v2\/product_tag?post=5665"}],"curies":[{"name":"wp","href":"https:\/\/api.w.org\/{rel}","templated":true}]}}