{"id":5702,"date":"2023-04-01T04:34:53","date_gmt":"2023-04-01T04:34:53","guid":{"rendered":"https:\/\/decolights.eu\/?post_type=product&#038;p=5702"},"modified":"2023-04-23T09:54:01","modified_gmt":"2023-04-23T09:54:01","slug":"light-chain-clippy","status":"publish","type":"product","link":"https:\/\/decolights.eu\/cs\/produkt-2\/light-chain-clippy\/","title":{"rendered":"Sv\u011bteln\u00fd \u0159et\u011bz Clippy"},"content":{"rendered":"<p>Sv\u011bteln\u00fd \u0159et\u011bz na baterie s klipy. Vyzdobte sv\u016fj ve\u010d\u00edrek nebo zav\u011bste sv\u00e9 obl\u00edben\u00e9 vzpom\u00ednky a obr\u00e1zky. 10 ks klip\u016f s LED sv\u011btlem.<\/p>\n<ul>\n<li><strong>Barva LED<\/strong>: tepl\u00e1 b\u00edl\u00e1<\/li>\n<li><strong>Po\u010det klip\u016f s LED diodami<\/strong><strong>: <\/strong>10ks<\/li>\n<li><strong>Celkov\u00e1 d\u00e9lka (v\u010detn\u011b nap\u00e1jec\u00edho kabelu): <\/strong>1,65 mil<\/li>\n<li><strong>D\u00e9lka sv\u00edcen\u00ed: <\/strong>1,35 mil<\/li>\n<li><strong>Nap\u00e1jec\u00ed kabel:<\/strong> 30CM<\/li>\n<li><strong>Vzd\u00e1lenost mezi \u017e\u00e1rovkami:<\/strong> 15CM<\/li>\n<li><strong>Barva kabelu: <\/strong>pr\u016fhledn\u00fd<\/li>\n<li><strong>IP hodnocen\u00ed: <\/strong>IP20<\/li>\n<li dir=\"ltr\" data-placeholder=\"Translation\"><strong>Zdroj energie:<\/strong> 3 x AA baterie (nejsou sou\u010d\u00e1st\u00ed balen\u00ed)<\/li>\n<li dir=\"ltr\" data-placeholder=\"Translation\"><strong>\u010casova\u010d:<\/strong> 6h zapnuto\/18h vypnuto, opakujte<\/li>\n<li><strong>P\u0159ipojiteln\u00e9:\u00a0<\/strong>Ne<\/li>\n<li><strong>CE certifikov\u00e1no:\u00a0<\/strong>Ano<\/li>\n<li>4,5V DC<\/li>\n<\/ul>","protected":false},"excerpt":{"rendered":"<p>Battery operated light chain with clips. Decorate your party or hang up your favourite memories and pictures. 10 pcs clips with LED light. LED colour: warm white Number of clips with LEDs: 10pcs Total length (included power lead cable): 1.65M Lit length: 1.35M Power lead cable: 30CM Spacing between bulbs: 15CM Cable colour: transparent IP [&#8230;]\n","protected":false},"featured_media":5748,"comment_status":"open","ping_status":"closed","template":"","meta":[],"product_brand":[],"product_cat":[217,218],"product_tag":[],"class_list":{"0":"post-5702","1":"product","2":"type-product","3":"status-publish","4":"has-post-thumbnail","6":"product_cat-battery-operated-led-lights","7":"product_cat-decorative-led-lights","8":"pa_brand-deco","9":"pa_led-colour-warm-white","11":"first","12":"instock","13":"sale","14":"shipping-taxable","15":"purchasable","16":"product-type-simple"},"yoast_head":"<!-- This site is optimized with the Yoast SEO plugin v27.3 - https:\/\/yoast.com\/product\/yoast-seo-wordpress\/ -->\n<title>Light chain Clippy - Decolights.eu<\/title>\n<meta name=\"description\" content=\"Decorate your bedroom with a nice LED light chain with clips to get a cosy atmosphere. Do not hesitate and buy now the get the best price!\" \/>\n<meta name=\"robots\" content=\"index, follow, max-snippet:-1, max-image-preview:large, max-video-preview:-1\" \/>\n<link rel=\"canonical\" href=\"https:\/\/decolights.eu\/cs\/produkt-2\/light-chain-clippy\/\" \/>\n<meta property=\"og:locale\" content=\"cs_CZ\" \/>\n<meta property=\"og:type\" content=\"article\" \/>\n<meta property=\"og:title\" content=\"Light chain Clippy - Decolights.eu\" \/>\n<meta property=\"og:description\" content=\"Decorate your bedroom with a nice LED light chain with clips to get a cosy atmosphere. Do not hesitate and buy now the get the best price!\" \/>\n<meta property=\"og:url\" content=\"https:\/\/decolights.eu\/cs\/produkt-2\/light-chain-clippy\/\" \/>\n<meta property=\"og:site_name\" content=\"Decolights.eu\" \/>\n<meta property=\"article:modified_time\" content=\"2023-04-23T09:54:01+00:00\" \/>\n<meta property=\"og:image\" content=\"https:\/\/decolights.eu\/wp-content\/uploads\/2023\/04\/728-79_M2.png\" \/>\n\t<meta property=\"og:image:width\" content=\"600\" \/>\n\t<meta property=\"og:image:height\" content=\"602\" \/>\n\t<meta property=\"og:image:type\" content=\"image\/png\" \/>\n<meta name=\"twitter:card\" content=\"summary_large_image\" \/>\n<meta name=\"twitter:label1\" content=\"Odhadovan\u00e1 doba \u010dten\u00ed\" \/>\n\t<meta name=\"twitter:data1\" content=\"1 minuta\" \/>\n<script type=\"application\/ld+json\" class=\"yoast-schema-graph\">{\"@context\":\"https:\\\/\\\/schema.org\",\"@graph\":[{\"@type\":\"WebPage\",\"@id\":\"https:\\\/\\\/decolights.eu\\\/product\\\/light-chain-clippy\\\/\",\"url\":\"https:\\\/\\\/decolights.eu\\\/product\\\/light-chain-clippy\\\/\",\"name\":\"Light chain Clippy - Decolights.eu\",\"isPartOf\":{\"@id\":\"https:\\\/\\\/decolights.eu\\\/#website\"},\"primaryImageOfPage\":{\"@id\":\"https:\\\/\\\/decolights.eu\\\/product\\\/light-chain-clippy\\\/#primaryimage\"},\"image\":{\"@id\":\"https:\\\/\\\/decolights.eu\\\/product\\\/light-chain-clippy\\\/#primaryimage\"},\"thumbnailUrl\":\"https:\\\/\\\/decolights.eu\\\/wp-content\\\/uploads\\\/2023\\\/04\\\/728-79_M2.png\",\"datePublished\":\"2023-04-01T04:34:53+00:00\",\"dateModified\":\"2023-04-23T09:54:01+00:00\",\"description\":\"Decorate your bedroom with a nice LED light chain with clips to get a cosy atmosphere. Do not hesitate and buy now the get the best price!\",\"breadcrumb\":{\"@id\":\"https:\\\/\\\/decolights.eu\\\/product\\\/light-chain-clippy\\\/#breadcrumb\"},\"inLanguage\":\"cs\",\"potentialAction\":[{\"@type\":\"ReadAction\",\"target\":[\"https:\\\/\\\/decolights.eu\\\/product\\\/light-chain-clippy\\\/\"]}]},{\"@type\":\"ImageObject\",\"inLanguage\":\"cs\",\"@id\":\"https:\\\/\\\/decolights.eu\\\/product\\\/light-chain-clippy\\\/#primaryimage\",\"url\":\"https:\\\/\\\/decolights.eu\\\/wp-content\\\/uploads\\\/2023\\\/04\\\/728-79_M2.png\",\"contentUrl\":\"https:\\\/\\\/decolights.eu\\\/wp-content\\\/uploads\\\/2023\\\/04\\\/728-79_M2.png\",\"width\":600,\"height\":602},{\"@type\":\"BreadcrumbList\",\"@id\":\"https:\\\/\\\/decolights.eu\\\/product\\\/light-chain-clippy\\\/#breadcrumb\",\"itemListElement\":[{\"@type\":\"ListItem\",\"position\":1,\"name\":\"Shop\",\"item\":\"https:\\\/\\\/decolights.eu\\\/shop\\\/\"},{\"@type\":\"ListItem\",\"position\":2,\"name\":\"Light chain Clippy\"}]},{\"@type\":\"WebSite\",\"@id\":\"https:\\\/\\\/decolights.eu\\\/#website\",\"url\":\"https:\\\/\\\/decolights.eu\\\/\",\"name\":\"decolights\",\"description\":\"Led Decorations for Home and Garden\",\"publisher\":{\"@id\":\"https:\\\/\\\/decolights.eu\\\/#organization\"},\"alternateName\":\"decolights.eu\",\"potentialAction\":[{\"@type\":\"SearchAction\",\"target\":{\"@type\":\"EntryPoint\",\"urlTemplate\":\"https:\\\/\\\/decolights.eu\\\/?s={search_term_string}\"},\"query-input\":{\"@type\":\"PropertyValueSpecification\",\"valueRequired\":true,\"valueName\":\"search_term_string\"}}],\"inLanguage\":\"cs\"},{\"@type\":\"Organization\",\"@id\":\"https:\\\/\\\/decolights.eu\\\/#organization\",\"name\":\"decolights\",\"url\":\"https:\\\/\\\/decolights.eu\\\/\",\"logo\":{\"@type\":\"ImageObject\",\"inLanguage\":\"cs\",\"@id\":\"https:\\\/\\\/decolights.eu\\\/#\\\/schema\\\/logo\\\/image\\\/\",\"url\":\"https:\\\/\\\/decolights.eu\\\/wp-content\\\/uploads\\\/2023\\\/07\\\/cropped-decolight-siteicon.png\",\"contentUrl\":\"https:\\\/\\\/decolights.eu\\\/wp-content\\\/uploads\\\/2023\\\/07\\\/cropped-decolight-siteicon.png\",\"width\":512,\"height\":512,\"caption\":\"decolights\"},\"image\":{\"@id\":\"https:\\\/\\\/decolights.eu\\\/#\\\/schema\\\/logo\\\/image\\\/\"}}]}<\/script>\n<!-- \/ Yoast SEO plugin. -->","yoast_head_json":{"title":"Sv\u011bteln\u00fd \u0159et\u011bz Clippy - Decolights.eu","description":"Ozdobte svou lo\u017enici p\u011bkn\u00fdm LED sv\u011bteln\u00fdm \u0159et\u011bzem s klipsy, abyste z\u00edskali \u00fatulnou atmosf\u00e9ru. Nev\u00e1hejte a kupte nyn\u00ed za nejlep\u0161\u00ed cenu!","robots":{"index":"index","follow":"follow","max-snippet":"max-snippet:-1","max-image-preview":"max-image-preview:large","max-video-preview":"max-video-preview:-1"},"canonical":"https:\/\/decolights.eu\/cs\/produkt-2\/light-chain-clippy\/","og_locale":"cs_CZ","og_type":"article","og_title":"Light chain Clippy - Decolights.eu","og_description":"Decorate your bedroom with a nice LED light chain with clips to get a cosy atmosphere. Do not hesitate and buy now the get the best price!","og_url":"https:\/\/decolights.eu\/cs\/produkt-2\/light-chain-clippy\/","og_site_name":"Decolights.eu","article_modified_time":"2023-04-23T09:54:01+00:00","og_image":[{"width":600,"height":602,"url":"https:\/\/decolights.eu\/wp-content\/uploads\/2023\/04\/728-79_M2.png","type":"image\/png"}],"twitter_card":"summary_large_image","twitter_misc":{"Odhadovan\u00e1 doba \u010dten\u00ed":"1 minuta"},"schema":{"@context":"https:\/\/schema.org","@graph":[{"@type":"WebPage","@id":"https:\/\/decolights.eu\/product\/light-chain-clippy\/","url":"https:\/\/decolights.eu\/product\/light-chain-clippy\/","name":"Sv\u011bteln\u00fd \u0159et\u011bz Clippy - Decolights.eu","isPartOf":{"@id":"https:\/\/decolights.eu\/#website"},"primaryImageOfPage":{"@id":"https:\/\/decolights.eu\/product\/light-chain-clippy\/#primaryimage"},"image":{"@id":"https:\/\/decolights.eu\/product\/light-chain-clippy\/#primaryimage"},"thumbnailUrl":"https:\/\/decolights.eu\/wp-content\/uploads\/2023\/04\/728-79_M2.png","datePublished":"2023-04-01T04:34:53+00:00","dateModified":"2023-04-23T09:54:01+00:00","description":"Ozdobte svou lo\u017enici p\u011bkn\u00fdm LED sv\u011bteln\u00fdm \u0159et\u011bzem s klipsy, abyste z\u00edskali \u00fatulnou atmosf\u00e9ru. Nev\u00e1hejte a kupte nyn\u00ed za nejlep\u0161\u00ed cenu!","breadcrumb":{"@id":"https:\/\/decolights.eu\/product\/light-chain-clippy\/#breadcrumb"},"inLanguage":"cs","potentialAction":[{"@type":"ReadAction","target":["https:\/\/decolights.eu\/product\/light-chain-clippy\/"]}]},{"@type":"ImageObject","inLanguage":"cs","@id":"https:\/\/decolights.eu\/product\/light-chain-clippy\/#primaryimage","url":"https:\/\/decolights.eu\/wp-content\/uploads\/2023\/04\/728-79_M2.png","contentUrl":"https:\/\/decolights.eu\/wp-content\/uploads\/2023\/04\/728-79_M2.png","width":600,"height":602},{"@type":"BreadcrumbList","@id":"https:\/\/decolights.eu\/product\/light-chain-clippy\/#breadcrumb","itemListElement":[{"@type":"ListItem","position":1,"name":"Shop","item":"https:\/\/decolights.eu\/shop\/"},{"@type":"ListItem","position":2,"name":"Light chain Clippy"}]},{"@type":"WebSite","@id":"https:\/\/decolights.eu\/#website","url":"https:\/\/decolights.eu\/","name":"decolights","description":"Led dekorace pro d\u016fm a zahradu","publisher":{"@id":"https:\/\/decolights.eu\/#organization"},"alternateName":"decolights.eu","potentialAction":[{"@type":"SearchAction","target":{"@type":"EntryPoint","urlTemplate":"https:\/\/decolights.eu\/?s={search_term_string}"},"query-input":{"@type":"PropertyValueSpecification","valueRequired":true,"valueName":"search_term_string"}}],"inLanguage":"cs"},{"@type":"Organization","@id":"https:\/\/decolights.eu\/#organization","name":"decolights","url":"https:\/\/decolights.eu\/","logo":{"@type":"ImageObject","inLanguage":"cs","@id":"https:\/\/decolights.eu\/#\/schema\/logo\/image\/","url":"https:\/\/decolights.eu\/wp-content\/uploads\/2023\/07\/cropped-decolight-siteicon.png","contentUrl":"https:\/\/decolights.eu\/wp-content\/uploads\/2023\/07\/cropped-decolight-siteicon.png","width":512,"height":512,"caption":"decolights"},"image":{"@id":"https:\/\/decolights.eu\/#\/schema\/logo\/image\/"}}]}},"jetpack_sharing_enabled":true,"_links":{"self":[{"href":"https:\/\/decolights.eu\/cs\/wp-json\/wp\/v2\/product\/5702","targetHints":{"allow":["GET"]}}],"collection":[{"href":"https:\/\/decolights.eu\/cs\/wp-json\/wp\/v2\/product"}],"about":[{"href":"https:\/\/decolights.eu\/cs\/wp-json\/wp\/v2\/types\/product"}],"replies":[{"embeddable":true,"href":"https:\/\/decolights.eu\/cs\/wp-json\/wp\/v2\/comments?post=5702"}],"wp:featuredmedia":[{"embeddable":true,"href":"https:\/\/decolights.eu\/cs\/wp-json\/wp\/v2\/media\/5748"}],"wp:attachment":[{"href":"https:\/\/decolights.eu\/cs\/wp-json\/wp\/v2\/media?parent=5702"}],"wp:term":[{"taxonomy":"product_brand","embeddable":true,"href":"https:\/\/decolights.eu\/cs\/wp-json\/wp\/v2\/product_brand?post=5702"},{"taxonomy":"product_cat","embeddable":true,"href":"https:\/\/decolights.eu\/cs\/wp-json\/wp\/v2\/product_cat?post=5702"},{"taxonomy":"product_tag","embeddable":true,"href":"https:\/\/decolights.eu\/cs\/wp-json\/wp\/v2\/product_tag?post=5702"}],"curies":[{"name":"wp","href":"https:\/\/api.w.org\/{rel}","templated":true}]}}