{"id":5732,"date":"2023-04-01T04:35:16","date_gmt":"2023-04-01T04:35:16","guid":{"rendered":"https:\/\/decolights.eu\/?post_type=product&#038;p=5732"},"modified":"2023-04-22T15:59:08","modified_gmt":"2023-04-22T15:59:08","slug":"solar-fairy-led-string-light","status":"publish","type":"product","link":"https:\/\/decolights.eu\/cs\/produkt-2\/solar-fairy-led-string-light\/","title":{"rendered":"\u0158et\u011bzov\u00e9 LED sv\u011btlo Solar Fairy"},"content":{"rendered":"<ul>\n<li><strong>Barva LED:<\/strong> tepl\u00e1 b\u00edl\u00e1<\/li>\n<li><strong>Po\u010det mikro LED:<\/strong> 200 LED<\/li>\n<li><strong>Barva dr\u00e1tu: <\/strong>st\u0159\u00edbrn\u00fd<\/li>\n<li><strong>Celkov\u00e1 d\u00e9lka (v\u010detn\u011b nap\u00e1jec\u00edho kabelu):<\/strong> 20 mil<\/li>\n<li><strong>D\u00e9lka sv\u00edcen\u00ed:\u00a0<\/strong>18 mil<\/li>\n<li><strong>D\u00e9lka nap\u00e1jec\u00edho kabelu<\/strong>: 2M<\/li>\n<li><b>IP hodnocen\u00ed:\u00a0<\/b>IP44<\/li>\n<li><strong>Zdroj energie:\u00a0<\/strong>Slune\u010dn\u00ed<\/li>\n<li><strong>\u010casova\u010d:\u00a0<\/strong>Sv\u00edt\u00ed ve tm\u011b<\/li>\n<li><strong>CE certifikov\u00e1no:\u00a0<\/strong>Ano<\/li>\n<\/ul>","protected":false},"excerpt":{"rendered":"<p>LED Colour: warm white Number of Micro LEDs: 200LED Wire colour: Silver Total length (including power lead cable): 20M Lit length:\u00a018M Power lead cable length: 2M IP Rating:\u00a0IP44 Power source:\u00a0Solar Timer:\u00a0Lit in the dark CE Certified:\u00a0Yes<\/p>","protected":false},"featured_media":5820,"comment_status":"open","ping_status":"closed","template":"","meta":[],"product_brand":[],"product_cat":[226,232,195,171],"product_tag":[],"class_list":{"0":"post-5732","1":"product","2":"type-product","3":"status-publish","4":"has-post-thumbnail","6":"product_cat-outdoor-lights","7":"product_cat-solar-festoon-lights-outdoor-lights","8":"product_cat-solar-festoon-lights","9":"product_cat-solar-lights","10":"pa_brand-deco","11":"pa_led-colour-warm-white","13":"first","14":"instock","15":"sale","16":"shipping-taxable","17":"purchasable","18":"product-type-simple"},"yoast_head":"<!-- This site is optimized with the Yoast SEO plugin v27.3 - https:\/\/yoast.com\/product\/yoast-seo-wordpress\/ -->\n<title>Solar Fairy LED string light - Best price guarantee - Decolights.eu<\/title>\n<meta name=\"description\" content=\"Fairy lights are miniature, almost hidden, micro led string lights are perfect for decorating plants, patio and vases. Buy now for the best price!\" \/>\n<meta name=\"robots\" content=\"index, follow, max-snippet:-1, max-image-preview:large, max-video-preview:-1\" \/>\n<link rel=\"canonical\" href=\"https:\/\/decolights.eu\/cs\/produkt-2\/solar-fairy-led-string-light\/\" \/>\n<meta property=\"og:locale\" content=\"cs_CZ\" \/>\n<meta property=\"og:type\" content=\"article\" \/>\n<meta property=\"og:title\" content=\"Solar Fairy LED string light - Best price guarantee - Decolights.eu\" \/>\n<meta property=\"og:description\" content=\"Fairy lights are miniature, almost hidden, micro led string lights are perfect for decorating plants, patio and vases. Buy now for the best price!\" \/>\n<meta property=\"og:url\" content=\"https:\/\/decolights.eu\/cs\/produkt-2\/solar-fairy-led-string-light\/\" \/>\n<meta property=\"og:site_name\" content=\"Decolights.eu\" \/>\n<meta property=\"article:modified_time\" content=\"2023-04-22T15:59:08+00:00\" \/>\n<meta property=\"og:image\" content=\"https:\/\/decolights.eu\/wp-content\/uploads\/2023\/04\/481-00_M2-1.png\" \/>\n\t<meta property=\"og:image:width\" content=\"600\" \/>\n\t<meta property=\"og:image:height\" content=\"602\" \/>\n\t<meta property=\"og:image:type\" content=\"image\/png\" \/>\n<meta name=\"twitter:card\" content=\"summary_large_image\" \/>\n<meta name=\"twitter:label1\" content=\"Odhadovan\u00e1 doba \u010dten\u00ed\" \/>\n\t<meta name=\"twitter:data1\" content=\"1 minuta\" \/>\n<script type=\"application\/ld+json\" class=\"yoast-schema-graph\">{\"@context\":\"https:\\\/\\\/schema.org\",\"@graph\":[{\"@type\":\"WebPage\",\"@id\":\"https:\\\/\\\/decolights.eu\\\/product\\\/solar-fairy-led-string-light\\\/\",\"url\":\"https:\\\/\\\/decolights.eu\\\/product\\\/solar-fairy-led-string-light\\\/\",\"name\":\"Solar Fairy LED string light - Best price guarantee - Decolights.eu\",\"isPartOf\":{\"@id\":\"https:\\\/\\\/decolights.eu\\\/#website\"},\"primaryImageOfPage\":{\"@id\":\"https:\\\/\\\/decolights.eu\\\/product\\\/solar-fairy-led-string-light\\\/#primaryimage\"},\"image\":{\"@id\":\"https:\\\/\\\/decolights.eu\\\/product\\\/solar-fairy-led-string-light\\\/#primaryimage\"},\"thumbnailUrl\":\"https:\\\/\\\/decolights.eu\\\/wp-content\\\/uploads\\\/2023\\\/04\\\/481-00_M2-1.png\",\"datePublished\":\"2023-04-01T04:35:16+00:00\",\"dateModified\":\"2023-04-22T15:59:08+00:00\",\"description\":\"Fairy lights are miniature, almost hidden, micro led string lights are perfect for decorating plants, patio and vases. Buy now for the best price!\",\"breadcrumb\":{\"@id\":\"https:\\\/\\\/decolights.eu\\\/product\\\/solar-fairy-led-string-light\\\/#breadcrumb\"},\"inLanguage\":\"cs\",\"potentialAction\":[{\"@type\":\"ReadAction\",\"target\":[\"https:\\\/\\\/decolights.eu\\\/product\\\/solar-fairy-led-string-light\\\/\"]}]},{\"@type\":\"ImageObject\",\"inLanguage\":\"cs\",\"@id\":\"https:\\\/\\\/decolights.eu\\\/product\\\/solar-fairy-led-string-light\\\/#primaryimage\",\"url\":\"https:\\\/\\\/decolights.eu\\\/wp-content\\\/uploads\\\/2023\\\/04\\\/481-00_M2-1.png\",\"contentUrl\":\"https:\\\/\\\/decolights.eu\\\/wp-content\\\/uploads\\\/2023\\\/04\\\/481-00_M2-1.png\",\"width\":600,\"height\":602},{\"@type\":\"BreadcrumbList\",\"@id\":\"https:\\\/\\\/decolights.eu\\\/product\\\/solar-fairy-led-string-light\\\/#breadcrumb\",\"itemListElement\":[{\"@type\":\"ListItem\",\"position\":1,\"name\":\"Shop\",\"item\":\"https:\\\/\\\/decolights.eu\\\/shop\\\/\"},{\"@type\":\"ListItem\",\"position\":2,\"name\":\"Solar Fairy LED string light\"}]},{\"@type\":\"WebSite\",\"@id\":\"https:\\\/\\\/decolights.eu\\\/#website\",\"url\":\"https:\\\/\\\/decolights.eu\\\/\",\"name\":\"decolights\",\"description\":\"Led Decorations for Home and Garden\",\"publisher\":{\"@id\":\"https:\\\/\\\/decolights.eu\\\/#organization\"},\"alternateName\":\"decolights.eu\",\"potentialAction\":[{\"@type\":\"SearchAction\",\"target\":{\"@type\":\"EntryPoint\",\"urlTemplate\":\"https:\\\/\\\/decolights.eu\\\/?s={search_term_string}\"},\"query-input\":{\"@type\":\"PropertyValueSpecification\",\"valueRequired\":true,\"valueName\":\"search_term_string\"}}],\"inLanguage\":\"cs\"},{\"@type\":\"Organization\",\"@id\":\"https:\\\/\\\/decolights.eu\\\/#organization\",\"name\":\"decolights\",\"url\":\"https:\\\/\\\/decolights.eu\\\/\",\"logo\":{\"@type\":\"ImageObject\",\"inLanguage\":\"cs\",\"@id\":\"https:\\\/\\\/decolights.eu\\\/#\\\/schema\\\/logo\\\/image\\\/\",\"url\":\"https:\\\/\\\/decolights.eu\\\/wp-content\\\/uploads\\\/2023\\\/07\\\/cropped-decolight-siteicon.png\",\"contentUrl\":\"https:\\\/\\\/decolights.eu\\\/wp-content\\\/uploads\\\/2023\\\/07\\\/cropped-decolight-siteicon.png\",\"width\":512,\"height\":512,\"caption\":\"decolights\"},\"image\":{\"@id\":\"https:\\\/\\\/decolights.eu\\\/#\\\/schema\\\/logo\\\/image\\\/\"}}]}<\/script>\n<!-- \/ Yoast SEO plugin. -->","yoast_head_json":{"title":"Solar Fairy LED \u0159et\u011bzov\u00e9 sv\u011btlo - Z\u00e1ruka nejni\u017e\u0161\u00ed ceny - Decolights.eu","description":"Poh\u00e1dkov\u00e1 sv\u011btla jsou miniaturn\u00ed, t\u00e9m\u011b\u0159 skryt\u00e1, mikro led sv\u011btla jsou ide\u00e1ln\u00ed pro zdoben\u00ed rostlin, terasy a v\u00e1z. Kupte nyn\u00ed za nejlep\u0161\u00ed cenu!","robots":{"index":"index","follow":"follow","max-snippet":"max-snippet:-1","max-image-preview":"max-image-preview:large","max-video-preview":"max-video-preview:-1"},"canonical":"https:\/\/decolights.eu\/cs\/produkt-2\/solar-fairy-led-string-light\/","og_locale":"cs_CZ","og_type":"article","og_title":"Solar Fairy LED string light - Best price guarantee - Decolights.eu","og_description":"Fairy lights are miniature, almost hidden, micro led string lights are perfect for decorating plants, patio and vases. Buy now for the best price!","og_url":"https:\/\/decolights.eu\/cs\/produkt-2\/solar-fairy-led-string-light\/","og_site_name":"Decolights.eu","article_modified_time":"2023-04-22T15:59:08+00:00","og_image":[{"width":600,"height":602,"url":"https:\/\/decolights.eu\/wp-content\/uploads\/2023\/04\/481-00_M2-1.png","type":"image\/png"}],"twitter_card":"summary_large_image","twitter_misc":{"Odhadovan\u00e1 doba \u010dten\u00ed":"1 minuta"},"schema":{"@context":"https:\/\/schema.org","@graph":[{"@type":"WebPage","@id":"https:\/\/decolights.eu\/product\/solar-fairy-led-string-light\/","url":"https:\/\/decolights.eu\/product\/solar-fairy-led-string-light\/","name":"Solar Fairy LED \u0159et\u011bzov\u00e9 sv\u011btlo - Z\u00e1ruka nejni\u017e\u0161\u00ed ceny - Decolights.eu","isPartOf":{"@id":"https:\/\/decolights.eu\/#website"},"primaryImageOfPage":{"@id":"https:\/\/decolights.eu\/product\/solar-fairy-led-string-light\/#primaryimage"},"image":{"@id":"https:\/\/decolights.eu\/product\/solar-fairy-led-string-light\/#primaryimage"},"thumbnailUrl":"https:\/\/decolights.eu\/wp-content\/uploads\/2023\/04\/481-00_M2-1.png","datePublished":"2023-04-01T04:35:16+00:00","dateModified":"2023-04-22T15:59:08+00:00","description":"Poh\u00e1dkov\u00e1 sv\u011btla jsou miniaturn\u00ed, t\u00e9m\u011b\u0159 skryt\u00e1, mikro led sv\u011btla jsou ide\u00e1ln\u00ed pro zdoben\u00ed rostlin, terasy a v\u00e1z. Kupte nyn\u00ed za nejlep\u0161\u00ed cenu!","breadcrumb":{"@id":"https:\/\/decolights.eu\/product\/solar-fairy-led-string-light\/#breadcrumb"},"inLanguage":"cs","potentialAction":[{"@type":"ReadAction","target":["https:\/\/decolights.eu\/product\/solar-fairy-led-string-light\/"]}]},{"@type":"ImageObject","inLanguage":"cs","@id":"https:\/\/decolights.eu\/product\/solar-fairy-led-string-light\/#primaryimage","url":"https:\/\/decolights.eu\/wp-content\/uploads\/2023\/04\/481-00_M2-1.png","contentUrl":"https:\/\/decolights.eu\/wp-content\/uploads\/2023\/04\/481-00_M2-1.png","width":600,"height":602},{"@type":"BreadcrumbList","@id":"https:\/\/decolights.eu\/product\/solar-fairy-led-string-light\/#breadcrumb","itemListElement":[{"@type":"ListItem","position":1,"name":"Shop","item":"https:\/\/decolights.eu\/shop\/"},{"@type":"ListItem","position":2,"name":"Solar Fairy LED string light"}]},{"@type":"WebSite","@id":"https:\/\/decolights.eu\/#website","url":"https:\/\/decolights.eu\/","name":"decolights","description":"Led dekorace pro d\u016fm a zahradu","publisher":{"@id":"https:\/\/decolights.eu\/#organization"},"alternateName":"decolights.eu","potentialAction":[{"@type":"SearchAction","target":{"@type":"EntryPoint","urlTemplate":"https:\/\/decolights.eu\/?s={search_term_string}"},"query-input":{"@type":"PropertyValueSpecification","valueRequired":true,"valueName":"search_term_string"}}],"inLanguage":"cs"},{"@type":"Organization","@id":"https:\/\/decolights.eu\/#organization","name":"decolights","url":"https:\/\/decolights.eu\/","logo":{"@type":"ImageObject","inLanguage":"cs","@id":"https:\/\/decolights.eu\/#\/schema\/logo\/image\/","url":"https:\/\/decolights.eu\/wp-content\/uploads\/2023\/07\/cropped-decolight-siteicon.png","contentUrl":"https:\/\/decolights.eu\/wp-content\/uploads\/2023\/07\/cropped-decolight-siteicon.png","width":512,"height":512,"caption":"decolights"},"image":{"@id":"https:\/\/decolights.eu\/#\/schema\/logo\/image\/"}}]}},"jetpack_sharing_enabled":true,"_links":{"self":[{"href":"https:\/\/decolights.eu\/cs\/wp-json\/wp\/v2\/product\/5732","targetHints":{"allow":["GET"]}}],"collection":[{"href":"https:\/\/decolights.eu\/cs\/wp-json\/wp\/v2\/product"}],"about":[{"href":"https:\/\/decolights.eu\/cs\/wp-json\/wp\/v2\/types\/product"}],"replies":[{"embeddable":true,"href":"https:\/\/decolights.eu\/cs\/wp-json\/wp\/v2\/comments?post=5732"}],"wp:featuredmedia":[{"embeddable":true,"href":"https:\/\/decolights.eu\/cs\/wp-json\/wp\/v2\/media\/5820"}],"wp:attachment":[{"href":"https:\/\/decolights.eu\/cs\/wp-json\/wp\/v2\/media?parent=5732"}],"wp:term":[{"taxonomy":"product_brand","embeddable":true,"href":"https:\/\/decolights.eu\/cs\/wp-json\/wp\/v2\/product_brand?post=5732"},{"taxonomy":"product_cat","embeddable":true,"href":"https:\/\/decolights.eu\/cs\/wp-json\/wp\/v2\/product_cat?post=5732"},{"taxonomy":"product_tag","embeddable":true,"href":"https:\/\/decolights.eu\/cs\/wp-json\/wp\/v2\/product_tag?post=5732"}],"curies":[{"name":"wp","href":"https:\/\/api.w.org\/{rel}","templated":true}]}}