{"id":5743,"date":"2023-04-01T04:35:17","date_gmt":"2023-04-01T04:35:17","guid":{"rendered":"https:\/\/decolights.eu\/?post_type=product&#038;p=5743"},"modified":"2023-04-22T15:28:09","modified_gmt":"2023-04-22T15:28:09","slug":"led-lamp-e27-ta60-plain-amber","status":"publish","type":"product","link":"https:\/\/decolights.eu\/cs\/produkt-2\/led-lamp-e27-ta60-plain-amber\/","title":{"rendered":"LED lampa E27 TA60 Plain Amber"},"content":{"rendered":"<p>Decoration LED-lamp in amber glass with a warm white glow.<\/p>\n<ul>\n<li><strong>Z\u00e1suvka\/uz\u00e1v\u011br:<\/strong> E27<\/li>\n<li><strong>Barva LED: <\/strong>tepl\u00e1 b\u00edl\u00e1<\/li>\n<li><strong>Teplota barev:<\/strong> 2000 tis<\/li>\n<li><strong>Velikost: <\/strong>6 x 10,90 x 6 cm<\/li>\n<li><strong>Lumen:<\/strong> 60 lm<\/li>\n<li><strong>\u017divot:<\/strong> 25 000 h<\/li>\n<li><strong>IP hodnocen\u00ed:\u00a0<\/strong>IP44<\/li>\n<li><strong>Certifikov\u00e1no EU:\u00a0<\/strong>Ano<\/li>\n<li>\u00daspora energie<\/li>\n<li>220-240V AC 2W<\/li>\n<\/ul>","protected":false},"excerpt":{"rendered":"<p>Decoration LED-lamp in amber glass with a warm white glow. Socket\/Cap: E27 LED Colour: warm white Colour temperature: 2000k Size: 6 x 10.90 x 6 CM Lumen: 60 lm Lifetime: 25000h IP Rating:\u00a0IP44 EU Certified:\u00a0Yes Energy saving 220-240V AC 2W<\/p>","protected":false},"featured_media":5872,"comment_status":"open","ping_status":"closed","template":"","meta":[],"product_brand":[],"product_cat":[229,226],"product_tag":[],"class_list":{"0":"post-5743","1":"product","2":"type-product","3":"status-publish","4":"has-post-thumbnail","6":"product_cat-bulbs","7":"product_cat-outdoor-lights","8":"pa_brand-deco","9":"pa_led-colour-golden-warm-white","11":"first","12":"instock","13":"sale","14":"shipping-taxable","15":"purchasable","16":"product-type-simple"},"yoast_head":"<!-- This site is optimized with the Yoast SEO plugin v27.3 - https:\/\/yoast.com\/product\/yoast-seo-wordpress\/ -->\n<title>LED lamp E27 TA60 Plain Amber - Best price - Decolights.eu<\/title>\n<meta name=\"description\" content=\"LED Lamp Plain Amber is a decorative bulb suitable for E27 socket. Will add a nice touch to your lamp and design. Don&#039;t miss the best price, buy now!\" \/>\n<meta name=\"robots\" content=\"index, follow, max-snippet:-1, max-image-preview:large, max-video-preview:-1\" \/>\n<link rel=\"canonical\" href=\"https:\/\/decolights.eu\/cs\/produkt-2\/led-lamp-e27-ta60-plain-amber\/\" \/>\n<meta property=\"og:locale\" content=\"cs_CZ\" \/>\n<meta property=\"og:type\" content=\"article\" \/>\n<meta property=\"og:title\" content=\"LED lamp E27 TA60 Plain Amber - Best price - Decolights.eu\" \/>\n<meta property=\"og:description\" content=\"LED Lamp Plain Amber is a decorative bulb suitable for E27 socket. Will add a nice touch to your lamp and design. Don&#039;t miss the best price, buy now!\" \/>\n<meta property=\"og:url\" content=\"https:\/\/decolights.eu\/cs\/produkt-2\/led-lamp-e27-ta60-plain-amber\/\" \/>\n<meta property=\"og:site_name\" content=\"Decolights.eu\" \/>\n<meta property=\"article:modified_time\" content=\"2023-04-22T15:28:09+00:00\" \/>\n<meta property=\"og:image\" content=\"https:\/\/decolights.eu\/wp-content\/uploads\/2023\/04\/355-49-1_MN.png\" \/>\n\t<meta property=\"og:image:width\" content=\"600\" \/>\n\t<meta property=\"og:image:height\" content=\"600\" \/>\n\t<meta property=\"og:image:type\" content=\"image\/png\" \/>\n<meta name=\"twitter:card\" content=\"summary_large_image\" \/>\n<meta name=\"twitter:label1\" content=\"Odhadovan\u00e1 doba \u010dten\u00ed\" \/>\n\t<meta name=\"twitter:data1\" content=\"1 minuta\" \/>\n<script type=\"application\/ld+json\" class=\"yoast-schema-graph\">{\"@context\":\"https:\\\/\\\/schema.org\",\"@graph\":[{\"@type\":\"WebPage\",\"@id\":\"https:\\\/\\\/decolights.eu\\\/product\\\/led-lamp-e27-ta60-plain-amber\\\/\",\"url\":\"https:\\\/\\\/decolights.eu\\\/product\\\/led-lamp-e27-ta60-plain-amber\\\/\",\"name\":\"LED lamp E27 TA60 Plain Amber - Best price - Decolights.eu\",\"isPartOf\":{\"@id\":\"https:\\\/\\\/decolights.eu\\\/#website\"},\"primaryImageOfPage\":{\"@id\":\"https:\\\/\\\/decolights.eu\\\/product\\\/led-lamp-e27-ta60-plain-amber\\\/#primaryimage\"},\"image\":{\"@id\":\"https:\\\/\\\/decolights.eu\\\/product\\\/led-lamp-e27-ta60-plain-amber\\\/#primaryimage\"},\"thumbnailUrl\":\"https:\\\/\\\/decolights.eu\\\/wp-content\\\/uploads\\\/2023\\\/04\\\/355-49-1_MN.png\",\"datePublished\":\"2023-04-01T04:35:17+00:00\",\"dateModified\":\"2023-04-22T15:28:09+00:00\",\"description\":\"LED Lamp Plain Amber is a decorative bulb suitable for E27 socket. Will add a nice touch to your lamp and design. Don't miss the best price, buy now!\",\"breadcrumb\":{\"@id\":\"https:\\\/\\\/decolights.eu\\\/product\\\/led-lamp-e27-ta60-plain-amber\\\/#breadcrumb\"},\"inLanguage\":\"cs\",\"potentialAction\":[{\"@type\":\"ReadAction\",\"target\":[\"https:\\\/\\\/decolights.eu\\\/product\\\/led-lamp-e27-ta60-plain-amber\\\/\"]}]},{\"@type\":\"ImageObject\",\"inLanguage\":\"cs\",\"@id\":\"https:\\\/\\\/decolights.eu\\\/product\\\/led-lamp-e27-ta60-plain-amber\\\/#primaryimage\",\"url\":\"https:\\\/\\\/decolights.eu\\\/wp-content\\\/uploads\\\/2023\\\/04\\\/355-49-1_MN.png\",\"contentUrl\":\"https:\\\/\\\/decolights.eu\\\/wp-content\\\/uploads\\\/2023\\\/04\\\/355-49-1_MN.png\",\"width\":600,\"height\":600},{\"@type\":\"BreadcrumbList\",\"@id\":\"https:\\\/\\\/decolights.eu\\\/product\\\/led-lamp-e27-ta60-plain-amber\\\/#breadcrumb\",\"itemListElement\":[{\"@type\":\"ListItem\",\"position\":1,\"name\":\"Shop\",\"item\":\"https:\\\/\\\/decolights.eu\\\/shop\\\/\"},{\"@type\":\"ListItem\",\"position\":2,\"name\":\"LED lamp E27 TA60 Plain Amber\"}]},{\"@type\":\"WebSite\",\"@id\":\"https:\\\/\\\/decolights.eu\\\/#website\",\"url\":\"https:\\\/\\\/decolights.eu\\\/\",\"name\":\"decolights\",\"description\":\"Led Decorations for Home and Garden\",\"publisher\":{\"@id\":\"https:\\\/\\\/decolights.eu\\\/#organization\"},\"alternateName\":\"decolights.eu\",\"potentialAction\":[{\"@type\":\"SearchAction\",\"target\":{\"@type\":\"EntryPoint\",\"urlTemplate\":\"https:\\\/\\\/decolights.eu\\\/?s={search_term_string}\"},\"query-input\":{\"@type\":\"PropertyValueSpecification\",\"valueRequired\":true,\"valueName\":\"search_term_string\"}}],\"inLanguage\":\"cs\"},{\"@type\":\"Organization\",\"@id\":\"https:\\\/\\\/decolights.eu\\\/#organization\",\"name\":\"decolights\",\"url\":\"https:\\\/\\\/decolights.eu\\\/\",\"logo\":{\"@type\":\"ImageObject\",\"inLanguage\":\"cs\",\"@id\":\"https:\\\/\\\/decolights.eu\\\/#\\\/schema\\\/logo\\\/image\\\/\",\"url\":\"https:\\\/\\\/decolights.eu\\\/wp-content\\\/uploads\\\/2023\\\/07\\\/cropped-decolight-siteicon.png\",\"contentUrl\":\"https:\\\/\\\/decolights.eu\\\/wp-content\\\/uploads\\\/2023\\\/07\\\/cropped-decolight-siteicon.png\",\"width\":512,\"height\":512,\"caption\":\"decolights\"},\"image\":{\"@id\":\"https:\\\/\\\/decolights.eu\\\/#\\\/schema\\\/logo\\\/image\\\/\"}}]}<\/script>\n<!-- \/ Yoast SEO plugin. -->","yoast_head_json":{"title":"LED lamp E27 TA60 Plain Amber - Best price - Decolights.eu","description":"LED Lamp Plain Amber je dekorativn\u00ed \u017e\u00e1rovka vhodn\u00e1 do patice E27. Dod\u00e1 va\u0161\u00ed lamp\u011b a designu p\u011bkn\u00fd n\u00e1dech. Nenechte si uj\u00edt nejlep\u0161\u00ed cenu, kupte nyn\u00ed!","robots":{"index":"index","follow":"follow","max-snippet":"max-snippet:-1","max-image-preview":"max-image-preview:large","max-video-preview":"max-video-preview:-1"},"canonical":"https:\/\/decolights.eu\/cs\/produkt-2\/led-lamp-e27-ta60-plain-amber\/","og_locale":"cs_CZ","og_type":"article","og_title":"LED lamp E27 TA60 Plain Amber - Best price - Decolights.eu","og_description":"LED Lamp Plain Amber is a decorative bulb suitable for E27 socket. Will add a nice touch to your lamp and design. Don't miss the best price, buy now!","og_url":"https:\/\/decolights.eu\/cs\/produkt-2\/led-lamp-e27-ta60-plain-amber\/","og_site_name":"Decolights.eu","article_modified_time":"2023-04-22T15:28:09+00:00","og_image":[{"width":600,"height":600,"url":"https:\/\/decolights.eu\/wp-content\/uploads\/2023\/04\/355-49-1_MN.png","type":"image\/png"}],"twitter_card":"summary_large_image","twitter_misc":{"Odhadovan\u00e1 doba \u010dten\u00ed":"1 minuta"},"schema":{"@context":"https:\/\/schema.org","@graph":[{"@type":"WebPage","@id":"https:\/\/decolights.eu\/product\/led-lamp-e27-ta60-plain-amber\/","url":"https:\/\/decolights.eu\/product\/led-lamp-e27-ta60-plain-amber\/","name":"LED lamp E27 TA60 Plain Amber - Best price - Decolights.eu","isPartOf":{"@id":"https:\/\/decolights.eu\/#website"},"primaryImageOfPage":{"@id":"https:\/\/decolights.eu\/product\/led-lamp-e27-ta60-plain-amber\/#primaryimage"},"image":{"@id":"https:\/\/decolights.eu\/product\/led-lamp-e27-ta60-plain-amber\/#primaryimage"},"thumbnailUrl":"https:\/\/decolights.eu\/wp-content\/uploads\/2023\/04\/355-49-1_MN.png","datePublished":"2023-04-01T04:35:17+00:00","dateModified":"2023-04-22T15:28:09+00:00","description":"LED Lamp Plain Amber je dekorativn\u00ed \u017e\u00e1rovka vhodn\u00e1 do patice E27. Dod\u00e1 va\u0161\u00ed lamp\u011b a designu p\u011bkn\u00fd n\u00e1dech. Nenechte si uj\u00edt nejlep\u0161\u00ed cenu, kupte nyn\u00ed!","breadcrumb":{"@id":"https:\/\/decolights.eu\/product\/led-lamp-e27-ta60-plain-amber\/#breadcrumb"},"inLanguage":"cs","potentialAction":[{"@type":"ReadAction","target":["https:\/\/decolights.eu\/product\/led-lamp-e27-ta60-plain-amber\/"]}]},{"@type":"ImageObject","inLanguage":"cs","@id":"https:\/\/decolights.eu\/product\/led-lamp-e27-ta60-plain-amber\/#primaryimage","url":"https:\/\/decolights.eu\/wp-content\/uploads\/2023\/04\/355-49-1_MN.png","contentUrl":"https:\/\/decolights.eu\/wp-content\/uploads\/2023\/04\/355-49-1_MN.png","width":600,"height":600},{"@type":"BreadcrumbList","@id":"https:\/\/decolights.eu\/product\/led-lamp-e27-ta60-plain-amber\/#breadcrumb","itemListElement":[{"@type":"ListItem","position":1,"name":"Shop","item":"https:\/\/decolights.eu\/shop\/"},{"@type":"ListItem","position":2,"name":"LED lamp E27 TA60 Plain Amber"}]},{"@type":"WebSite","@id":"https:\/\/decolights.eu\/#website","url":"https:\/\/decolights.eu\/","name":"decolights","description":"Led dekorace pro d\u016fm a zahradu","publisher":{"@id":"https:\/\/decolights.eu\/#organization"},"alternateName":"decolights.eu","potentialAction":[{"@type":"SearchAction","target":{"@type":"EntryPoint","urlTemplate":"https:\/\/decolights.eu\/?s={search_term_string}"},"query-input":{"@type":"PropertyValueSpecification","valueRequired":true,"valueName":"search_term_string"}}],"inLanguage":"cs"},{"@type":"Organization","@id":"https:\/\/decolights.eu\/#organization","name":"decolights","url":"https:\/\/decolights.eu\/","logo":{"@type":"ImageObject","inLanguage":"cs","@id":"https:\/\/decolights.eu\/#\/schema\/logo\/image\/","url":"https:\/\/decolights.eu\/wp-content\/uploads\/2023\/07\/cropped-decolight-siteicon.png","contentUrl":"https:\/\/decolights.eu\/wp-content\/uploads\/2023\/07\/cropped-decolight-siteicon.png","width":512,"height":512,"caption":"decolights"},"image":{"@id":"https:\/\/decolights.eu\/#\/schema\/logo\/image\/"}}]}},"jetpack_sharing_enabled":true,"_links":{"self":[{"href":"https:\/\/decolights.eu\/cs\/wp-json\/wp\/v2\/product\/5743","targetHints":{"allow":["GET"]}}],"collection":[{"href":"https:\/\/decolights.eu\/cs\/wp-json\/wp\/v2\/product"}],"about":[{"href":"https:\/\/decolights.eu\/cs\/wp-json\/wp\/v2\/types\/product"}],"replies":[{"embeddable":true,"href":"https:\/\/decolights.eu\/cs\/wp-json\/wp\/v2\/comments?post=5743"}],"wp:featuredmedia":[{"embeddable":true,"href":"https:\/\/decolights.eu\/cs\/wp-json\/wp\/v2\/media\/5872"}],"wp:attachment":[{"href":"https:\/\/decolights.eu\/cs\/wp-json\/wp\/v2\/media?parent=5743"}],"wp:term":[{"taxonomy":"product_brand","embeddable":true,"href":"https:\/\/decolights.eu\/cs\/wp-json\/wp\/v2\/product_brand?post=5743"},{"taxonomy":"product_cat","embeddable":true,"href":"https:\/\/decolights.eu\/cs\/wp-json\/wp\/v2\/product_cat?post=5743"},{"taxonomy":"product_tag","embeddable":true,"href":"https:\/\/decolights.eu\/cs\/wp-json\/wp\/v2\/product_tag?post=5743"}],"curies":[{"name":"wp","href":"https:\/\/api.w.org\/{rel}","templated":true}]}}