{"id":5853,"date":"2023-04-01T04:37:17","date_gmt":"2023-04-01T04:37:17","guid":{"rendered":"https:\/\/decolights.eu\/?post_type=product&#038;p=5853"},"modified":"2023-04-17T15:01:23","modified_gmt":"2023-04-17T15:01:23","slug":"solar-decoration-dew-drop-water-can","status":"publish","type":"product","link":"https:\/\/decolights.eu\/cs\/produkt-2\/solar-decoration-dew-drop-water-can\/","title":{"rendered":"Sol\u00e1rn\u00ed dekorace kapka rosy vodn\u00ed plechovka"},"content":{"rendered":"<p>Sol\u00e1rn\u00ed dekorace ve tvaru konve, kde kapky rosy vyt\u00e9kaj\u00ed z hubi\u010dky.<\/p>\n<ul>\n<li><strong>Barva:\u00a0<\/strong>\u0160ed\u00e1<\/li>\n<li><strong>Barva LED:<\/strong> tepl\u00e1 b\u00edl\u00e1<\/li>\n<li><strong>Velikost: <\/strong>24 (\u0161\u00ed\u0159ka) x 80 (v\u00fd\u0161ka) CM<\/li>\n<li><strong>IP hodnocen\u00ed: <\/strong>IP44<\/li>\n<li><strong>Zdroj energie:\u00a0<\/strong>Slune\u010dn\u00ed<\/li>\n<li><strong>\u010casova\u010d:\u00a0<\/strong>Sv\u00edt\u00ed ve tm\u011b<\/li>\n<li><strong>CE certifikov\u00e1no:\u00a0<\/strong>Ano<\/li>\n<li>1,2V DC<\/li>\n<\/ul>\n<div class=\"woocommerce-tabs wc-tabs-wrapper container tabbed-content\">\n<div class=\"tab-panels\">\n<div id=\"tab-reviews\" class=\"woocommerce-Tabs-panel woocommerce-Tabs-panel--reviews panel entry-content\" role=\"tabpanel\" aria-labelledby=\"tab-title-reviews\">\n<div id=\"reviews\" class=\"woocommerce-Reviews row\">\n<div id=\"review_form_wrapper\" class=\"large-12 col\">\n<div id=\"review_form\" class=\"col-inner\"><\/div>\n<\/div>\n<\/div>\n<\/div>\n<\/div>\n<\/div>","protected":false},"excerpt":{"rendered":"<p>Solar decoration in the shape of a watering can where the dew drops runs out from the spout. Colour:\u00a0grey LED colour: warm white Size: 24 (width) x 80 (height) CM IP Rating: IP44 Power source:\u00a0Solar Timer:\u00a0Lit in the dark CE Certified:\u00a0Yes 1,2V DC<\/p>","protected":false},"featured_media":6010,"comment_status":"open","ping_status":"closed","template":"","meta":[],"product_brand":[],"product_cat":[226,231,194,171],"product_tag":[],"class_list":{"0":"post-5853","1":"product","2":"type-product","3":"status-publish","4":"has-post-thumbnail","6":"product_cat-outdoor-lights","7":"product_cat-solar-decking-lights-outdoor-lights","8":"product_cat-solar-decking-lights","9":"product_cat-solar-lights","10":"pa_brand-deco","11":"pa_led-colour-warm-white","13":"first","14":"instock","15":"sale","16":"shipping-taxable","17":"purchasable","18":"product-type-simple"},"yoast_head":"<!-- This site is optimized with the Yoast SEO plugin v27.3 - https:\/\/yoast.com\/product\/yoast-seo-wordpress\/ -->\n<title>Solar Decoration Dew Drop Water Can - Decolights.eu<\/title>\n<meta name=\"description\" content=\"Beautiful solar decoration water can will create magical atmosphere in your garden. Do not miss out best prices and purchase solar water can with LED today!\" \/>\n<meta name=\"robots\" content=\"index, follow, max-snippet:-1, max-image-preview:large, max-video-preview:-1\" \/>\n<link rel=\"canonical\" href=\"https:\/\/decolights.eu\/cs\/produkt-2\/solar-decoration-dew-drop-water-can\/\" \/>\n<meta property=\"og:locale\" content=\"cs_CZ\" \/>\n<meta property=\"og:type\" content=\"article\" \/>\n<meta property=\"og:title\" content=\"Solar Decoration Dew Drop Water Can - Decolights.eu\" \/>\n<meta property=\"og:description\" content=\"Beautiful solar decoration water can will create magical atmosphere in your garden. Do not miss out best prices and purchase solar water can with LED today!\" \/>\n<meta property=\"og:url\" content=\"https:\/\/decolights.eu\/cs\/produkt-2\/solar-decoration-dew-drop-water-can\/\" \/>\n<meta property=\"og:site_name\" content=\"Decolights.eu\" \/>\n<meta property=\"article:modified_time\" content=\"2023-04-17T15:01:23+00:00\" \/>\n<meta property=\"og:image\" content=\"https:\/\/decolights.eu\/wp-content\/uploads\/2023\/04\/480-33_M2.png\" \/>\n\t<meta property=\"og:image:width\" content=\"600\" \/>\n\t<meta property=\"og:image:height\" content=\"602\" \/>\n\t<meta property=\"og:image:type\" content=\"image\/png\" \/>\n<meta name=\"twitter:card\" content=\"summary_large_image\" \/>\n<meta name=\"twitter:label1\" content=\"Odhadovan\u00e1 doba \u010dten\u00ed\" \/>\n\t<meta name=\"twitter:data1\" content=\"1 minuta\" \/>\n<script type=\"application\/ld+json\" class=\"yoast-schema-graph\">{\"@context\":\"https:\\\/\\\/schema.org\",\"@graph\":[{\"@type\":\"WebPage\",\"@id\":\"https:\\\/\\\/decolights.eu\\\/product\\\/solar-decoration-dew-drop-water-can\\\/\",\"url\":\"https:\\\/\\\/decolights.eu\\\/product\\\/solar-decoration-dew-drop-water-can\\\/\",\"name\":\"Solar Decoration Dew Drop Water Can - Decolights.eu\",\"isPartOf\":{\"@id\":\"https:\\\/\\\/decolights.eu\\\/#website\"},\"primaryImageOfPage\":{\"@id\":\"https:\\\/\\\/decolights.eu\\\/product\\\/solar-decoration-dew-drop-water-can\\\/#primaryimage\"},\"image\":{\"@id\":\"https:\\\/\\\/decolights.eu\\\/product\\\/solar-decoration-dew-drop-water-can\\\/#primaryimage\"},\"thumbnailUrl\":\"https:\\\/\\\/decolights.eu\\\/wp-content\\\/uploads\\\/2023\\\/04\\\/480-33_M2.png\",\"datePublished\":\"2023-04-01T04:37:17+00:00\",\"dateModified\":\"2023-04-17T15:01:23+00:00\",\"description\":\"Beautiful solar decoration water can will create magical atmosphere in your garden. Do not miss out best prices and purchase solar water can with LED today!\",\"breadcrumb\":{\"@id\":\"https:\\\/\\\/decolights.eu\\\/product\\\/solar-decoration-dew-drop-water-can\\\/#breadcrumb\"},\"inLanguage\":\"cs\",\"potentialAction\":[{\"@type\":\"ReadAction\",\"target\":[\"https:\\\/\\\/decolights.eu\\\/product\\\/solar-decoration-dew-drop-water-can\\\/\"]}]},{\"@type\":\"ImageObject\",\"inLanguage\":\"cs\",\"@id\":\"https:\\\/\\\/decolights.eu\\\/product\\\/solar-decoration-dew-drop-water-can\\\/#primaryimage\",\"url\":\"https:\\\/\\\/decolights.eu\\\/wp-content\\\/uploads\\\/2023\\\/04\\\/480-33_M2.png\",\"contentUrl\":\"https:\\\/\\\/decolights.eu\\\/wp-content\\\/uploads\\\/2023\\\/04\\\/480-33_M2.png\",\"width\":600,\"height\":602},{\"@type\":\"BreadcrumbList\",\"@id\":\"https:\\\/\\\/decolights.eu\\\/product\\\/solar-decoration-dew-drop-water-can\\\/#breadcrumb\",\"itemListElement\":[{\"@type\":\"ListItem\",\"position\":1,\"name\":\"Shop\",\"item\":\"https:\\\/\\\/decolights.eu\\\/shop\\\/\"},{\"@type\":\"ListItem\",\"position\":2,\"name\":\"Solar Decoration Dew Drop Water Can\"}]},{\"@type\":\"WebSite\",\"@id\":\"https:\\\/\\\/decolights.eu\\\/#website\",\"url\":\"https:\\\/\\\/decolights.eu\\\/\",\"name\":\"decolights\",\"description\":\"Led Decorations for Home and Garden\",\"publisher\":{\"@id\":\"https:\\\/\\\/decolights.eu\\\/#organization\"},\"alternateName\":\"decolights.eu\",\"potentialAction\":[{\"@type\":\"SearchAction\",\"target\":{\"@type\":\"EntryPoint\",\"urlTemplate\":\"https:\\\/\\\/decolights.eu\\\/?s={search_term_string}\"},\"query-input\":{\"@type\":\"PropertyValueSpecification\",\"valueRequired\":true,\"valueName\":\"search_term_string\"}}],\"inLanguage\":\"cs\"},{\"@type\":\"Organization\",\"@id\":\"https:\\\/\\\/decolights.eu\\\/#organization\",\"name\":\"decolights\",\"url\":\"https:\\\/\\\/decolights.eu\\\/\",\"logo\":{\"@type\":\"ImageObject\",\"inLanguage\":\"cs\",\"@id\":\"https:\\\/\\\/decolights.eu\\\/#\\\/schema\\\/logo\\\/image\\\/\",\"url\":\"https:\\\/\\\/decolights.eu\\\/wp-content\\\/uploads\\\/2023\\\/07\\\/cropped-decolight-siteicon.png\",\"contentUrl\":\"https:\\\/\\\/decolights.eu\\\/wp-content\\\/uploads\\\/2023\\\/07\\\/cropped-decolight-siteicon.png\",\"width\":512,\"height\":512,\"caption\":\"decolights\"},\"image\":{\"@id\":\"https:\\\/\\\/decolights.eu\\\/#\\\/schema\\\/logo\\\/image\\\/\"}}]}<\/script>\n<!-- \/ Yoast SEO plugin. -->","yoast_head_json":{"title":"Sol\u00e1rn\u00ed dekorace Dew Drop Water Can - Decolights.eu","description":"Kr\u00e1sn\u00e1 sol\u00e1rn\u00ed dekora\u010dn\u00ed d\u00f3za na vodu vytvo\u0159\u00ed kouzelnou atmosf\u00e9ru na va\u0161\u00ed zahrad\u011b. Nenechte si uj\u00edt nejlep\u0161\u00ed ceny a kupte si sol\u00e1rn\u00ed n\u00e1dobu na vodu s LED je\u0161t\u011b dnes!","robots":{"index":"index","follow":"follow","max-snippet":"max-snippet:-1","max-image-preview":"max-image-preview:large","max-video-preview":"max-video-preview:-1"},"canonical":"https:\/\/decolights.eu\/cs\/produkt-2\/solar-decoration-dew-drop-water-can\/","og_locale":"cs_CZ","og_type":"article","og_title":"Solar Decoration Dew Drop Water Can - Decolights.eu","og_description":"Beautiful solar decoration water can will create magical atmosphere in your garden. Do not miss out best prices and purchase solar water can with LED today!","og_url":"https:\/\/decolights.eu\/cs\/produkt-2\/solar-decoration-dew-drop-water-can\/","og_site_name":"Decolights.eu","article_modified_time":"2023-04-17T15:01:23+00:00","og_image":[{"width":600,"height":602,"url":"https:\/\/decolights.eu\/wp-content\/uploads\/2023\/04\/480-33_M2.png","type":"image\/png"}],"twitter_card":"summary_large_image","twitter_misc":{"Odhadovan\u00e1 doba \u010dten\u00ed":"1 minuta"},"schema":{"@context":"https:\/\/schema.org","@graph":[{"@type":"WebPage","@id":"https:\/\/decolights.eu\/product\/solar-decoration-dew-drop-water-can\/","url":"https:\/\/decolights.eu\/product\/solar-decoration-dew-drop-water-can\/","name":"Sol\u00e1rn\u00ed dekorace Dew Drop Water Can - Decolights.eu","isPartOf":{"@id":"https:\/\/decolights.eu\/#website"},"primaryImageOfPage":{"@id":"https:\/\/decolights.eu\/product\/solar-decoration-dew-drop-water-can\/#primaryimage"},"image":{"@id":"https:\/\/decolights.eu\/product\/solar-decoration-dew-drop-water-can\/#primaryimage"},"thumbnailUrl":"https:\/\/decolights.eu\/wp-content\/uploads\/2023\/04\/480-33_M2.png","datePublished":"2023-04-01T04:37:17+00:00","dateModified":"2023-04-17T15:01:23+00:00","description":"Kr\u00e1sn\u00e1 sol\u00e1rn\u00ed dekora\u010dn\u00ed d\u00f3za na vodu vytvo\u0159\u00ed kouzelnou atmosf\u00e9ru na va\u0161\u00ed zahrad\u011b. Nenechte si uj\u00edt nejlep\u0161\u00ed ceny a kupte si sol\u00e1rn\u00ed n\u00e1dobu na vodu s LED je\u0161t\u011b dnes!","breadcrumb":{"@id":"https:\/\/decolights.eu\/product\/solar-decoration-dew-drop-water-can\/#breadcrumb"},"inLanguage":"cs","potentialAction":[{"@type":"ReadAction","target":["https:\/\/decolights.eu\/product\/solar-decoration-dew-drop-water-can\/"]}]},{"@type":"ImageObject","inLanguage":"cs","@id":"https:\/\/decolights.eu\/product\/solar-decoration-dew-drop-water-can\/#primaryimage","url":"https:\/\/decolights.eu\/wp-content\/uploads\/2023\/04\/480-33_M2.png","contentUrl":"https:\/\/decolights.eu\/wp-content\/uploads\/2023\/04\/480-33_M2.png","width":600,"height":602},{"@type":"BreadcrumbList","@id":"https:\/\/decolights.eu\/product\/solar-decoration-dew-drop-water-can\/#breadcrumb","itemListElement":[{"@type":"ListItem","position":1,"name":"Shop","item":"https:\/\/decolights.eu\/shop\/"},{"@type":"ListItem","position":2,"name":"Solar Decoration Dew Drop Water Can"}]},{"@type":"WebSite","@id":"https:\/\/decolights.eu\/#website","url":"https:\/\/decolights.eu\/","name":"decolights","description":"Led dekorace pro d\u016fm a zahradu","publisher":{"@id":"https:\/\/decolights.eu\/#organization"},"alternateName":"decolights.eu","potentialAction":[{"@type":"SearchAction","target":{"@type":"EntryPoint","urlTemplate":"https:\/\/decolights.eu\/?s={search_term_string}"},"query-input":{"@type":"PropertyValueSpecification","valueRequired":true,"valueName":"search_term_string"}}],"inLanguage":"cs"},{"@type":"Organization","@id":"https:\/\/decolights.eu\/#organization","name":"decolights","url":"https:\/\/decolights.eu\/","logo":{"@type":"ImageObject","inLanguage":"cs","@id":"https:\/\/decolights.eu\/#\/schema\/logo\/image\/","url":"https:\/\/decolights.eu\/wp-content\/uploads\/2023\/07\/cropped-decolight-siteicon.png","contentUrl":"https:\/\/decolights.eu\/wp-content\/uploads\/2023\/07\/cropped-decolight-siteicon.png","width":512,"height":512,"caption":"decolights"},"image":{"@id":"https:\/\/decolights.eu\/#\/schema\/logo\/image\/"}}]}},"jetpack_sharing_enabled":true,"_links":{"self":[{"href":"https:\/\/decolights.eu\/cs\/wp-json\/wp\/v2\/product\/5853","targetHints":{"allow":["GET"]}}],"collection":[{"href":"https:\/\/decolights.eu\/cs\/wp-json\/wp\/v2\/product"}],"about":[{"href":"https:\/\/decolights.eu\/cs\/wp-json\/wp\/v2\/types\/product"}],"replies":[{"embeddable":true,"href":"https:\/\/decolights.eu\/cs\/wp-json\/wp\/v2\/comments?post=5853"}],"wp:featuredmedia":[{"embeddable":true,"href":"https:\/\/decolights.eu\/cs\/wp-json\/wp\/v2\/media\/6010"}],"wp:attachment":[{"href":"https:\/\/decolights.eu\/cs\/wp-json\/wp\/v2\/media?parent=5853"}],"wp:term":[{"taxonomy":"product_brand","embeddable":true,"href":"https:\/\/decolights.eu\/cs\/wp-json\/wp\/v2\/product_brand?post=5853"},{"taxonomy":"product_cat","embeddable":true,"href":"https:\/\/decolights.eu\/cs\/wp-json\/wp\/v2\/product_cat?post=5853"},{"taxonomy":"product_tag","embeddable":true,"href":"https:\/\/decolights.eu\/cs\/wp-json\/wp\/v2\/product_tag?post=5853"}],"curies":[{"name":"wp","href":"https:\/\/api.w.org\/{rel}","templated":true}]}}