{"id":5855,"date":"2023-04-01T04:37:17","date_gmt":"2023-04-01T04:37:17","guid":{"rendered":"https:\/\/decolights.eu\/?post_type=product&#038;p=5855"},"modified":"2023-05-10T08:43:39","modified_gmt":"2023-05-10T08:43:39","slug":"solar-decoration-owl","status":"publish","type":"product","link":"https:\/\/decolights.eu\/cs\/produkt-2\/solar-decoration-owl\/","title":{"rendered":"Slune\u010dn\u00ed dekorace sova"},"content":{"rendered":"<p>Na\u0161e kr\u00e1sn\u00e1 dekorace na sol\u00e1rn\u00ed pohon Sova se ve tm\u011b rozsv\u00edt\u00ed teplou b\u00edlou z\u00e1\u0159\u00ed. Tato sol\u00e1rn\u00ed dekorace je p\u011bkn\u00e1 na ozdobu na zahrad\u011b nebo na balk\u00f3n\u011b. Samotn\u00e1 panelov\u00e1 \u010d\u00e1st m\u016f\u017ee b\u00fdt naklon\u011bna tak, aby slunce mohlo snadno nab\u00edjet baterii, kter\u00e1 je s n\u00ed dod\u00e1v\u00e1na.<\/p>\n<ul>\n<li><strong>Barva:\u00a0<\/strong>\u0160ed\u00e1<\/li>\n<li><strong>Barva LED:<\/strong> tepl\u00e1 b\u00edl\u00e1<\/li>\n<li><strong>Velikost: <\/strong>10 (\u0161\u00ed\u0159ka) x 13 (hloubka) x 33 (celkov\u00e1 v\u00fd\u0161ka v\u010detn\u011b rukojeti) CM<\/li>\n<li><strong>IP hodnocen\u00ed: <\/strong>IP44<\/li>\n<li><strong>Zdroj energie:\u00a0<\/strong>Slune\u010dn\u00ed<\/li>\n<li><strong>\u010casova\u010d:\u00a0<\/strong>Sv\u00edt\u00ed ve tm\u011b<\/li>\n<li><strong>CE certifikov\u00e1no:\u00a0<\/strong>Ano<\/li>\n<li>1,2V DC<\/li>\n<\/ul>\n<div class=\"woocommerce-tabs wc-tabs-wrapper container tabbed-content\">\n<div class=\"tab-panels\">\n<div id=\"tab-reviews\" class=\"woocommerce-Tabs-panel woocommerce-Tabs-panel--reviews panel entry-content\" role=\"tabpanel\" aria-labelledby=\"tab-title-reviews\">\n<div id=\"reviews\" class=\"woocommerce-Reviews row\">\n<div id=\"review_form_wrapper\" class=\"large-12 col\">\n<div id=\"review_form\" class=\"col-inner\"><\/div>\n<\/div>\n<\/div>\n<\/div>\n<\/div>\n<\/div>","protected":false},"excerpt":{"rendered":"<p>Our beautiful solar-powered decoration Owl lights up in the dark with a warm white glow. This solar decoration is nice to decorate with in the garden or on a balcony. The panel part itself can be angled so that the sun easily can charge the battery that comes with it. Colour:\u00a0grey LED colour: warm white [&#8230;]\n","protected":false},"featured_media":6018,"comment_status":"open","ping_status":"closed","template":"","meta":[],"product_brand":[],"product_cat":[226,231,194,171],"product_tag":[],"class_list":{"0":"post-5855","1":"product","2":"type-product","3":"status-publish","4":"has-post-thumbnail","6":"product_cat-outdoor-lights","7":"product_cat-solar-decking-lights-outdoor-lights","8":"product_cat-solar-decking-lights","9":"product_cat-solar-lights","10":"pa_brand-deco","11":"pa_led-colour-warm-white","13":"first","14":"instock","15":"sale","16":"shipping-taxable","17":"purchasable","18":"product-type-simple"},"yoast_head":"<!-- This site is optimized with the Yoast SEO plugin v27.3 - https:\/\/yoast.com\/product\/yoast-seo-wordpress\/ -->\n<title>Solar Decoration Owl - The best price guaranteed - Decolights.eu<\/title>\n<meta name=\"description\" content=\"Beautiful solar decoration owl will create magical atmosphere in your garden. Do not miss out best prices and purchase solar owl with LED today!\" \/>\n<meta name=\"robots\" content=\"index, follow, max-snippet:-1, max-image-preview:large, max-video-preview:-1\" \/>\n<link rel=\"canonical\" href=\"https:\/\/decolights.eu\/cs\/produkt-2\/solar-decoration-owl\/\" \/>\n<meta property=\"og:locale\" content=\"cs_CZ\" \/>\n<meta property=\"og:type\" content=\"article\" \/>\n<meta property=\"og:title\" content=\"Solar Decoration Owl - The best price guaranteed - Decolights.eu\" \/>\n<meta property=\"og:description\" content=\"Beautiful solar decoration owl will create magical atmosphere in your garden. Do not miss out best prices and purchase solar owl with LED today!\" \/>\n<meta property=\"og:url\" content=\"https:\/\/decolights.eu\/cs\/produkt-2\/solar-decoration-owl\/\" \/>\n<meta property=\"og:site_name\" content=\"Decolights.eu\" \/>\n<meta property=\"article:modified_time\" content=\"2023-05-10T08:43:39+00:00\" \/>\n<meta property=\"og:image\" content=\"https:\/\/decolights.eu\/wp-content\/uploads\/2023\/04\/482-25_MB_002.png\" \/>\n\t<meta property=\"og:image:width\" content=\"600\" \/>\n\t<meta property=\"og:image:height\" content=\"600\" \/>\n\t<meta property=\"og:image:type\" content=\"image\/png\" \/>\n<meta name=\"twitter:card\" content=\"summary_large_image\" \/>\n<meta name=\"twitter:label1\" content=\"Odhadovan\u00e1 doba \u010dten\u00ed\" \/>\n\t<meta name=\"twitter:data1\" content=\"1 minuta\" \/>\n<script type=\"application\/ld+json\" class=\"yoast-schema-graph\">{\"@context\":\"https:\\\/\\\/schema.org\",\"@graph\":[{\"@type\":\"WebPage\",\"@id\":\"https:\\\/\\\/decolights.eu\\\/product\\\/solar-decoration-owl\\\/\",\"url\":\"https:\\\/\\\/decolights.eu\\\/product\\\/solar-decoration-owl\\\/\",\"name\":\"Solar Decoration Owl - The best price guaranteed - Decolights.eu\",\"isPartOf\":{\"@id\":\"https:\\\/\\\/decolights.eu\\\/#website\"},\"primaryImageOfPage\":{\"@id\":\"https:\\\/\\\/decolights.eu\\\/product\\\/solar-decoration-owl\\\/#primaryimage\"},\"image\":{\"@id\":\"https:\\\/\\\/decolights.eu\\\/product\\\/solar-decoration-owl\\\/#primaryimage\"},\"thumbnailUrl\":\"https:\\\/\\\/decolights.eu\\\/wp-content\\\/uploads\\\/2023\\\/04\\\/482-25_MB_002.png\",\"datePublished\":\"2023-04-01T04:37:17+00:00\",\"dateModified\":\"2023-05-10T08:43:39+00:00\",\"description\":\"Beautiful solar decoration owl will create magical atmosphere in your garden. Do not miss out best prices and purchase solar owl with LED today!\",\"breadcrumb\":{\"@id\":\"https:\\\/\\\/decolights.eu\\\/product\\\/solar-decoration-owl\\\/#breadcrumb\"},\"inLanguage\":\"cs\",\"potentialAction\":[{\"@type\":\"ReadAction\",\"target\":[\"https:\\\/\\\/decolights.eu\\\/product\\\/solar-decoration-owl\\\/\"]}]},{\"@type\":\"ImageObject\",\"inLanguage\":\"cs\",\"@id\":\"https:\\\/\\\/decolights.eu\\\/product\\\/solar-decoration-owl\\\/#primaryimage\",\"url\":\"https:\\\/\\\/decolights.eu\\\/wp-content\\\/uploads\\\/2023\\\/04\\\/482-25_MB_002.png\",\"contentUrl\":\"https:\\\/\\\/decolights.eu\\\/wp-content\\\/uploads\\\/2023\\\/04\\\/482-25_MB_002.png\",\"width\":600,\"height\":600},{\"@type\":\"BreadcrumbList\",\"@id\":\"https:\\\/\\\/decolights.eu\\\/product\\\/solar-decoration-owl\\\/#breadcrumb\",\"itemListElement\":[{\"@type\":\"ListItem\",\"position\":1,\"name\":\"Shop\",\"item\":\"https:\\\/\\\/decolights.eu\\\/shop\\\/\"},{\"@type\":\"ListItem\",\"position\":2,\"name\":\"Solar Decoration Owl\"}]},{\"@type\":\"WebSite\",\"@id\":\"https:\\\/\\\/decolights.eu\\\/#website\",\"url\":\"https:\\\/\\\/decolights.eu\\\/\",\"name\":\"decolights\",\"description\":\"Led Decorations for Home and Garden\",\"publisher\":{\"@id\":\"https:\\\/\\\/decolights.eu\\\/#organization\"},\"alternateName\":\"decolights.eu\",\"potentialAction\":[{\"@type\":\"SearchAction\",\"target\":{\"@type\":\"EntryPoint\",\"urlTemplate\":\"https:\\\/\\\/decolights.eu\\\/?s={search_term_string}\"},\"query-input\":{\"@type\":\"PropertyValueSpecification\",\"valueRequired\":true,\"valueName\":\"search_term_string\"}}],\"inLanguage\":\"cs\"},{\"@type\":\"Organization\",\"@id\":\"https:\\\/\\\/decolights.eu\\\/#organization\",\"name\":\"decolights\",\"url\":\"https:\\\/\\\/decolights.eu\\\/\",\"logo\":{\"@type\":\"ImageObject\",\"inLanguage\":\"cs\",\"@id\":\"https:\\\/\\\/decolights.eu\\\/#\\\/schema\\\/logo\\\/image\\\/\",\"url\":\"https:\\\/\\\/decolights.eu\\\/wp-content\\\/uploads\\\/2023\\\/07\\\/cropped-decolight-siteicon.png\",\"contentUrl\":\"https:\\\/\\\/decolights.eu\\\/wp-content\\\/uploads\\\/2023\\\/07\\\/cropped-decolight-siteicon.png\",\"width\":512,\"height\":512,\"caption\":\"decolights\"},\"image\":{\"@id\":\"https:\\\/\\\/decolights.eu\\\/#\\\/schema\\\/logo\\\/image\\\/\"}}]}<\/script>\n<!-- \/ Yoast SEO plugin. -->","yoast_head_json":{"title":"Sol\u00e1rn\u00ed dekorace Sova - Zaru\u010den\u00e1 nejlep\u0161\u00ed cena - Decolights.eu","description":"Kr\u00e1sn\u00e1 sol\u00e1rn\u00ed dekorace sova vytvo\u0159\u00ed kouzelnou atmosf\u00e9ru na va\u0161\u00ed zahrad\u011b. Nenechte si uj\u00edt nejlep\u0161\u00ed ceny a kupte si sol\u00e1rn\u00ed sovu s LED je\u0161t\u011b dnes!","robots":{"index":"index","follow":"follow","max-snippet":"max-snippet:-1","max-image-preview":"max-image-preview:large","max-video-preview":"max-video-preview:-1"},"canonical":"https:\/\/decolights.eu\/cs\/produkt-2\/solar-decoration-owl\/","og_locale":"cs_CZ","og_type":"article","og_title":"Solar Decoration Owl - The best price guaranteed - Decolights.eu","og_description":"Beautiful solar decoration owl will create magical atmosphere in your garden. Do not miss out best prices and purchase solar owl with LED today!","og_url":"https:\/\/decolights.eu\/cs\/produkt-2\/solar-decoration-owl\/","og_site_name":"Decolights.eu","article_modified_time":"2023-05-10T08:43:39+00:00","og_image":[{"width":600,"height":600,"url":"https:\/\/decolights.eu\/wp-content\/uploads\/2023\/04\/482-25_MB_002.png","type":"image\/png"}],"twitter_card":"summary_large_image","twitter_misc":{"Odhadovan\u00e1 doba \u010dten\u00ed":"1 minuta"},"schema":{"@context":"https:\/\/schema.org","@graph":[{"@type":"WebPage","@id":"https:\/\/decolights.eu\/product\/solar-decoration-owl\/","url":"https:\/\/decolights.eu\/product\/solar-decoration-owl\/","name":"Sol\u00e1rn\u00ed dekorace Sova - Zaru\u010den\u00e1 nejlep\u0161\u00ed cena - Decolights.eu","isPartOf":{"@id":"https:\/\/decolights.eu\/#website"},"primaryImageOfPage":{"@id":"https:\/\/decolights.eu\/product\/solar-decoration-owl\/#primaryimage"},"image":{"@id":"https:\/\/decolights.eu\/product\/solar-decoration-owl\/#primaryimage"},"thumbnailUrl":"https:\/\/decolights.eu\/wp-content\/uploads\/2023\/04\/482-25_MB_002.png","datePublished":"2023-04-01T04:37:17+00:00","dateModified":"2023-05-10T08:43:39+00:00","description":"Kr\u00e1sn\u00e1 sol\u00e1rn\u00ed dekorace sova vytvo\u0159\u00ed kouzelnou atmosf\u00e9ru na va\u0161\u00ed zahrad\u011b. Nenechte si uj\u00edt nejlep\u0161\u00ed ceny a kupte si sol\u00e1rn\u00ed sovu s LED je\u0161t\u011b dnes!","breadcrumb":{"@id":"https:\/\/decolights.eu\/product\/solar-decoration-owl\/#breadcrumb"},"inLanguage":"cs","potentialAction":[{"@type":"ReadAction","target":["https:\/\/decolights.eu\/product\/solar-decoration-owl\/"]}]},{"@type":"ImageObject","inLanguage":"cs","@id":"https:\/\/decolights.eu\/product\/solar-decoration-owl\/#primaryimage","url":"https:\/\/decolights.eu\/wp-content\/uploads\/2023\/04\/482-25_MB_002.png","contentUrl":"https:\/\/decolights.eu\/wp-content\/uploads\/2023\/04\/482-25_MB_002.png","width":600,"height":600},{"@type":"BreadcrumbList","@id":"https:\/\/decolights.eu\/product\/solar-decoration-owl\/#breadcrumb","itemListElement":[{"@type":"ListItem","position":1,"name":"Shop","item":"https:\/\/decolights.eu\/shop\/"},{"@type":"ListItem","position":2,"name":"Solar Decoration Owl"}]},{"@type":"WebSite","@id":"https:\/\/decolights.eu\/#website","url":"https:\/\/decolights.eu\/","name":"decolights","description":"Led dekorace pro d\u016fm a zahradu","publisher":{"@id":"https:\/\/decolights.eu\/#organization"},"alternateName":"decolights.eu","potentialAction":[{"@type":"SearchAction","target":{"@type":"EntryPoint","urlTemplate":"https:\/\/decolights.eu\/?s={search_term_string}"},"query-input":{"@type":"PropertyValueSpecification","valueRequired":true,"valueName":"search_term_string"}}],"inLanguage":"cs"},{"@type":"Organization","@id":"https:\/\/decolights.eu\/#organization","name":"decolights","url":"https:\/\/decolights.eu\/","logo":{"@type":"ImageObject","inLanguage":"cs","@id":"https:\/\/decolights.eu\/#\/schema\/logo\/image\/","url":"https:\/\/decolights.eu\/wp-content\/uploads\/2023\/07\/cropped-decolight-siteicon.png","contentUrl":"https:\/\/decolights.eu\/wp-content\/uploads\/2023\/07\/cropped-decolight-siteicon.png","width":512,"height":512,"caption":"decolights"},"image":{"@id":"https:\/\/decolights.eu\/#\/schema\/logo\/image\/"}}]}},"jetpack_sharing_enabled":true,"_links":{"self":[{"href":"https:\/\/decolights.eu\/cs\/wp-json\/wp\/v2\/product\/5855","targetHints":{"allow":["GET"]}}],"collection":[{"href":"https:\/\/decolights.eu\/cs\/wp-json\/wp\/v2\/product"}],"about":[{"href":"https:\/\/decolights.eu\/cs\/wp-json\/wp\/v2\/types\/product"}],"replies":[{"embeddable":true,"href":"https:\/\/decolights.eu\/cs\/wp-json\/wp\/v2\/comments?post=5855"}],"wp:featuredmedia":[{"embeddable":true,"href":"https:\/\/decolights.eu\/cs\/wp-json\/wp\/v2\/media\/6018"}],"wp:attachment":[{"href":"https:\/\/decolights.eu\/cs\/wp-json\/wp\/v2\/media?parent=5855"}],"wp:term":[{"taxonomy":"product_brand","embeddable":true,"href":"https:\/\/decolights.eu\/cs\/wp-json\/wp\/v2\/product_brand?post=5855"},{"taxonomy":"product_cat","embeddable":true,"href":"https:\/\/decolights.eu\/cs\/wp-json\/wp\/v2\/product_cat?post=5855"},{"taxonomy":"product_tag","embeddable":true,"href":"https:\/\/decolights.eu\/cs\/wp-json\/wp\/v2\/product_tag?post=5855"}],"curies":[{"name":"wp","href":"https:\/\/api.w.org\/{rel}","templated":true}]}}