{"id":6009,"date":"2023-04-01T04:39:14","date_gmt":"2023-04-01T04:39:14","guid":{"rendered":"https:\/\/decolights.eu\/?post_type=product&#038;p=6009"},"modified":"2023-04-22T02:39:38","modified_gmt":"2023-04-22T02:39:38","slug":"pro-led-rope-splitter-2","status":"publish","type":"product","link":"https:\/\/decolights.eu\/cs\/produkt-2\/pro-led-rope-splitter-2\/","title":{"rendered":"PRO LED \u0161t\u00edpa\u010dka lana"},"content":{"rendered":"<p>Rozdvojka pro lanov\u00e9 sv\u011btlo PRO LED. Pom\u016f\u017ee v\u00e1m vyzdobit v\u00e1\u0161 domov.<\/p>\n<p>Vhodn\u00e9 pouze pro na\u0161e LED lanov\u00e9 sv\u011btlo PRO IP65.<\/p>","protected":false},"excerpt":{"rendered":"<p>Splitter for PRO LED rope light. It will help you to decorate your home. Suitable only for our PRO IP65 LED Rope light.<\/p>","protected":false},"featured_media":6120,"comment_status":"open","ping_status":"closed","template":"","meta":[],"product_brand":[],"product_cat":[212],"product_tag":[],"class_list":{"0":"post-6009","1":"product","2":"type-product","3":"status-publish","4":"has-post-thumbnail","6":"product_cat-pro-accessories","7":"pa_brand-deco","9":"first","10":"instock","11":"sale","12":"shipping-taxable","13":"purchasable","14":"product-type-simple"},"yoast_head":"<!-- This site is optimized with the Yoast SEO plugin v27.3 - https:\/\/yoast.com\/product\/yoast-seo-wordpress\/ -->\n<title>PRO LED rope splitter - Best price guaranteed - Decolights.eu<\/title>\n<meta name=\"description\" content=\"Splitter for PRO LED rope light. It will help you to decorate your home.\u00a0Suitable only for our PRO IP65 LED Rope light.\u00a0Buy now LED Rope and splitter!\" \/>\n<meta name=\"robots\" content=\"index, follow, max-snippet:-1, max-image-preview:large, max-video-preview:-1\" \/>\n<link rel=\"canonical\" href=\"https:\/\/decolights.eu\/cs\/produkt-2\/pro-led-rope-splitter-2\/\" \/>\n<meta property=\"og:locale\" content=\"cs_CZ\" \/>\n<meta property=\"og:type\" content=\"article\" \/>\n<meta property=\"og:title\" content=\"PRO LED rope splitter - Best price guaranteed - Decolights.eu\" \/>\n<meta property=\"og:description\" content=\"Splitter for PRO LED rope light. It will help you to decorate your home.\u00a0Suitable only for our PRO IP65 LED Rope light.\u00a0Buy now LED Rope and splitter!\" \/>\n<meta property=\"og:url\" content=\"https:\/\/decolights.eu\/cs\/produkt-2\/pro-led-rope-splitter-2\/\" \/>\n<meta property=\"og:site_name\" content=\"Decolights.eu\" \/>\n<meta property=\"article:modified_time\" content=\"2023-04-22T02:39:38+00:00\" \/>\n<meta property=\"og:image\" content=\"https:\/\/decolights.eu\/wp-content\/uploads\/2023\/04\/0-02-05-b7920a3fe61f82709b6cb15c03159a161eb20cc1fe1a4370173067b34fedb6d1_221b0508ad3d8625.jpg\" \/>\n\t<meta property=\"og:image:width\" content=\"1726\" \/>\n\t<meta property=\"og:image:height\" content=\"1667\" \/>\n\t<meta property=\"og:image:type\" content=\"image\/jpeg\" \/>\n<meta name=\"twitter:card\" content=\"summary_large_image\" \/>\n<meta name=\"twitter:label1\" content=\"Odhadovan\u00e1 doba \u010dten\u00ed\" \/>\n\t<meta name=\"twitter:data1\" content=\"1 minuta\" \/>\n<script type=\"application\/ld+json\" class=\"yoast-schema-graph\">{\"@context\":\"https:\\\/\\\/schema.org\",\"@graph\":[{\"@type\":\"WebPage\",\"@id\":\"https:\\\/\\\/decolights.eu\\\/product\\\/pro-led-rope-splitter-2\\\/\",\"url\":\"https:\\\/\\\/decolights.eu\\\/product\\\/pro-led-rope-splitter-2\\\/\",\"name\":\"PRO LED rope splitter - Best price guaranteed - Decolights.eu\",\"isPartOf\":{\"@id\":\"https:\\\/\\\/decolights.eu\\\/#website\"},\"primaryImageOfPage\":{\"@id\":\"https:\\\/\\\/decolights.eu\\\/product\\\/pro-led-rope-splitter-2\\\/#primaryimage\"},\"image\":{\"@id\":\"https:\\\/\\\/decolights.eu\\\/product\\\/pro-led-rope-splitter-2\\\/#primaryimage\"},\"thumbnailUrl\":\"https:\\\/\\\/decolights.eu\\\/wp-content\\\/uploads\\\/2023\\\/04\\\/0-02-05-b7920a3fe61f82709b6cb15c03159a161eb20cc1fe1a4370173067b34fedb6d1_221b0508ad3d8625.jpg\",\"datePublished\":\"2023-04-01T04:39:14+00:00\",\"dateModified\":\"2023-04-22T02:39:38+00:00\",\"description\":\"Splitter for PRO LED rope light. It will help you to decorate your home.\u00a0Suitable only for our PRO IP65 LED Rope light.\u00a0Buy now LED Rope and splitter!\",\"breadcrumb\":{\"@id\":\"https:\\\/\\\/decolights.eu\\\/product\\\/pro-led-rope-splitter-2\\\/#breadcrumb\"},\"inLanguage\":\"cs\",\"potentialAction\":[{\"@type\":\"ReadAction\",\"target\":[\"https:\\\/\\\/decolights.eu\\\/product\\\/pro-led-rope-splitter-2\\\/\"]}]},{\"@type\":\"ImageObject\",\"inLanguage\":\"cs\",\"@id\":\"https:\\\/\\\/decolights.eu\\\/product\\\/pro-led-rope-splitter-2\\\/#primaryimage\",\"url\":\"https:\\\/\\\/decolights.eu\\\/wp-content\\\/uploads\\\/2023\\\/04\\\/0-02-05-b7920a3fe61f82709b6cb15c03159a161eb20cc1fe1a4370173067b34fedb6d1_221b0508ad3d8625.jpg\",\"contentUrl\":\"https:\\\/\\\/decolights.eu\\\/wp-content\\\/uploads\\\/2023\\\/04\\\/0-02-05-b7920a3fe61f82709b6cb15c03159a161eb20cc1fe1a4370173067b34fedb6d1_221b0508ad3d8625.jpg\",\"width\":1726,\"height\":1667},{\"@type\":\"BreadcrumbList\",\"@id\":\"https:\\\/\\\/decolights.eu\\\/product\\\/pro-led-rope-splitter-2\\\/#breadcrumb\",\"itemListElement\":[{\"@type\":\"ListItem\",\"position\":1,\"name\":\"Shop\",\"item\":\"https:\\\/\\\/decolights.eu\\\/shop\\\/\"},{\"@type\":\"ListItem\",\"position\":2,\"name\":\"PRO LED rope splitter\"}]},{\"@type\":\"WebSite\",\"@id\":\"https:\\\/\\\/decolights.eu\\\/#website\",\"url\":\"https:\\\/\\\/decolights.eu\\\/\",\"name\":\"decolights\",\"description\":\"Led Decorations for Home and Garden\",\"publisher\":{\"@id\":\"https:\\\/\\\/decolights.eu\\\/#organization\"},\"alternateName\":\"decolights.eu\",\"potentialAction\":[{\"@type\":\"SearchAction\",\"target\":{\"@type\":\"EntryPoint\",\"urlTemplate\":\"https:\\\/\\\/decolights.eu\\\/?s={search_term_string}\"},\"query-input\":{\"@type\":\"PropertyValueSpecification\",\"valueRequired\":true,\"valueName\":\"search_term_string\"}}],\"inLanguage\":\"cs\"},{\"@type\":\"Organization\",\"@id\":\"https:\\\/\\\/decolights.eu\\\/#organization\",\"name\":\"decolights\",\"url\":\"https:\\\/\\\/decolights.eu\\\/\",\"logo\":{\"@type\":\"ImageObject\",\"inLanguage\":\"cs\",\"@id\":\"https:\\\/\\\/decolights.eu\\\/#\\\/schema\\\/logo\\\/image\\\/\",\"url\":\"https:\\\/\\\/decolights.eu\\\/wp-content\\\/uploads\\\/2023\\\/07\\\/cropped-decolight-siteicon.png\",\"contentUrl\":\"https:\\\/\\\/decolights.eu\\\/wp-content\\\/uploads\\\/2023\\\/07\\\/cropped-decolight-siteicon.png\",\"width\":512,\"height\":512,\"caption\":\"decolights\"},\"image\":{\"@id\":\"https:\\\/\\\/decolights.eu\\\/#\\\/schema\\\/logo\\\/image\\\/\"}}]}<\/script>\n<!-- \/ Yoast SEO plugin. -->","yoast_head_json":{"title":"PRO LED \u0161t\u00edpa\u010dka lana - Garance nejni\u017e\u0161\u00ed ceny - Decolights.eu","description":"Rozdvojka pro lanov\u00e9 sv\u011btlo PRO LED. Pom\u016f\u017ee v\u00e1m vyzdobit v\u00e1\u0161 domov. Vhodn\u00e9 pouze pro na\u0161e LED lanov\u00e9 sv\u011btlo PRO IP65. Koupit LED lano a rozbo\u010dova\u010d!","robots":{"index":"index","follow":"follow","max-snippet":"max-snippet:-1","max-image-preview":"max-image-preview:large","max-video-preview":"max-video-preview:-1"},"canonical":"https:\/\/decolights.eu\/cs\/produkt-2\/pro-led-rope-splitter-2\/","og_locale":"cs_CZ","og_type":"article","og_title":"PRO LED rope splitter - Best price guaranteed - Decolights.eu","og_description":"Splitter for PRO LED rope light. It will help you to decorate your home.\u00a0Suitable only for our PRO IP65 LED Rope light.\u00a0Buy now LED Rope and splitter!","og_url":"https:\/\/decolights.eu\/cs\/produkt-2\/pro-led-rope-splitter-2\/","og_site_name":"Decolights.eu","article_modified_time":"2023-04-22T02:39:38+00:00","og_image":[{"width":1726,"height":1667,"url":"https:\/\/decolights.eu\/wp-content\/uploads\/2023\/04\/0-02-05-b7920a3fe61f82709b6cb15c03159a161eb20cc1fe1a4370173067b34fedb6d1_221b0508ad3d8625.jpg","type":"image\/jpeg"}],"twitter_card":"summary_large_image","twitter_misc":{"Odhadovan\u00e1 doba \u010dten\u00ed":"1 minuta"},"schema":{"@context":"https:\/\/schema.org","@graph":[{"@type":"WebPage","@id":"https:\/\/decolights.eu\/product\/pro-led-rope-splitter-2\/","url":"https:\/\/decolights.eu\/product\/pro-led-rope-splitter-2\/","name":"PRO LED \u0161t\u00edpa\u010dka lana - Garance nejni\u017e\u0161\u00ed ceny - Decolights.eu","isPartOf":{"@id":"https:\/\/decolights.eu\/#website"},"primaryImageOfPage":{"@id":"https:\/\/decolights.eu\/product\/pro-led-rope-splitter-2\/#primaryimage"},"image":{"@id":"https:\/\/decolights.eu\/product\/pro-led-rope-splitter-2\/#primaryimage"},"thumbnailUrl":"https:\/\/decolights.eu\/wp-content\/uploads\/2023\/04\/0-02-05-b7920a3fe61f82709b6cb15c03159a161eb20cc1fe1a4370173067b34fedb6d1_221b0508ad3d8625.jpg","datePublished":"2023-04-01T04:39:14+00:00","dateModified":"2023-04-22T02:39:38+00:00","description":"Rozdvojka pro lanov\u00e9 sv\u011btlo PRO LED. Pom\u016f\u017ee v\u00e1m vyzdobit v\u00e1\u0161 domov. Vhodn\u00e9 pouze pro na\u0161e LED lanov\u00e9 sv\u011btlo PRO IP65. Koupit LED lano a rozbo\u010dova\u010d!","breadcrumb":{"@id":"https:\/\/decolights.eu\/product\/pro-led-rope-splitter-2\/#breadcrumb"},"inLanguage":"cs","potentialAction":[{"@type":"ReadAction","target":["https:\/\/decolights.eu\/product\/pro-led-rope-splitter-2\/"]}]},{"@type":"ImageObject","inLanguage":"cs","@id":"https:\/\/decolights.eu\/product\/pro-led-rope-splitter-2\/#primaryimage","url":"https:\/\/decolights.eu\/wp-content\/uploads\/2023\/04\/0-02-05-b7920a3fe61f82709b6cb15c03159a161eb20cc1fe1a4370173067b34fedb6d1_221b0508ad3d8625.jpg","contentUrl":"https:\/\/decolights.eu\/wp-content\/uploads\/2023\/04\/0-02-05-b7920a3fe61f82709b6cb15c03159a161eb20cc1fe1a4370173067b34fedb6d1_221b0508ad3d8625.jpg","width":1726,"height":1667},{"@type":"BreadcrumbList","@id":"https:\/\/decolights.eu\/product\/pro-led-rope-splitter-2\/#breadcrumb","itemListElement":[{"@type":"ListItem","position":1,"name":"Shop","item":"https:\/\/decolights.eu\/shop\/"},{"@type":"ListItem","position":2,"name":"PRO LED rope splitter"}]},{"@type":"WebSite","@id":"https:\/\/decolights.eu\/#website","url":"https:\/\/decolights.eu\/","name":"decolights","description":"Led dekorace pro d\u016fm a zahradu","publisher":{"@id":"https:\/\/decolights.eu\/#organization"},"alternateName":"decolights.eu","potentialAction":[{"@type":"SearchAction","target":{"@type":"EntryPoint","urlTemplate":"https:\/\/decolights.eu\/?s={search_term_string}"},"query-input":{"@type":"PropertyValueSpecification","valueRequired":true,"valueName":"search_term_string"}}],"inLanguage":"cs"},{"@type":"Organization","@id":"https:\/\/decolights.eu\/#organization","name":"decolights","url":"https:\/\/decolights.eu\/","logo":{"@type":"ImageObject","inLanguage":"cs","@id":"https:\/\/decolights.eu\/#\/schema\/logo\/image\/","url":"https:\/\/decolights.eu\/wp-content\/uploads\/2023\/07\/cropped-decolight-siteicon.png","contentUrl":"https:\/\/decolights.eu\/wp-content\/uploads\/2023\/07\/cropped-decolight-siteicon.png","width":512,"height":512,"caption":"decolights"},"image":{"@id":"https:\/\/decolights.eu\/#\/schema\/logo\/image\/"}}]}},"jetpack_sharing_enabled":true,"_links":{"self":[{"href":"https:\/\/decolights.eu\/cs\/wp-json\/wp\/v2\/product\/6009","targetHints":{"allow":["GET"]}}],"collection":[{"href":"https:\/\/decolights.eu\/cs\/wp-json\/wp\/v2\/product"}],"about":[{"href":"https:\/\/decolights.eu\/cs\/wp-json\/wp\/v2\/types\/product"}],"replies":[{"embeddable":true,"href":"https:\/\/decolights.eu\/cs\/wp-json\/wp\/v2\/comments?post=6009"}],"wp:featuredmedia":[{"embeddable":true,"href":"https:\/\/decolights.eu\/cs\/wp-json\/wp\/v2\/media\/6120"}],"wp:attachment":[{"href":"https:\/\/decolights.eu\/cs\/wp-json\/wp\/v2\/media?parent=6009"}],"wp:term":[{"taxonomy":"product_brand","embeddable":true,"href":"https:\/\/decolights.eu\/cs\/wp-json\/wp\/v2\/product_brand?post=6009"},{"taxonomy":"product_cat","embeddable":true,"href":"https:\/\/decolights.eu\/cs\/wp-json\/wp\/v2\/product_cat?post=6009"},{"taxonomy":"product_tag","embeddable":true,"href":"https:\/\/decolights.eu\/cs\/wp-json\/wp\/v2\/product_tag?post=6009"}],"curies":[{"name":"wp","href":"https:\/\/api.w.org\/{rel}","templated":true}]}}