{"id":6286,"date":"2023-04-01T04:43:12","date_gmt":"2023-04-01T04:43:12","guid":{"rendered":"https:\/\/decolights.eu\/?post_type=product&#038;p=6286"},"modified":"2023-05-09T12:17:33","modified_gmt":"2023-05-09T12:17:33","slug":"on-off-timer","status":"publish","type":"product","link":"https:\/\/decolights.eu\/cs\/produkt-2\/on-off-timer\/","title":{"rendered":"\u010casova\u010d zapnut\u00ed\/vypnut\u00ed"},"content":{"rendered":"<div>\n<p><strong>\u010cASOVA\u010c<\/strong> \u2013 jedn\u00e1 se o mimo\u0159\u00e1dn\u011b praktick\u00e9 za\u0159\u00edzen\u00ed, kter\u00e9 v\u00e1m umo\u017en\u00ed pln\u011b ovl\u00e1dat elektrick\u00e9 za\u0159\u00edzen\u00ed ve va\u0161\u00ed dom\u00e1cnosti. D\u00edky tomu automatizujete mnoho ka\u017edodenn\u00edch \u010dinnost\u00ed, na kter\u00e9 \u010dasto zapom\u00edn\u00e1te zhasnout lampu, vypnout topen\u00ed, klimatizaci nebo bojler. M\u016f\u017eete k n\u011bmu p\u0159ipojit nab\u00edje\u010dku telefonu nebo v\u00e1no\u010dn\u00ed osv\u011btlen\u00ed. Program\u00e1tor vypne nebo vypne za\u0159\u00edzen\u00ed k n\u011bmu p\u0159ipojen\u00e9 v p\u0159edem stanoven\u00fd \u010das. N\u00e1\u0161 program\u00e1tor m\u00e1 schopnost \u0159\u00eddit sekvence zap\u00edn\u00e1n\u00ed a vyp\u00edn\u00e1n\u00ed na t\u00fddenn\u00ed b\u00e1zi.<\/p>\n<p><strong>\u0160ET\u0158\u00cd ENERGII<\/strong> \u2013 d\u00edky \u010dasova\u010di m\u016f\u017eete doma sn\u00ed\u017eit spot\u0159ebu energie. Nemus\u00edte se b\u00e1t nechat zapnut\u00fd spot\u0159ebi\u010d p\u0159ed odchodem do pr\u00e1ce nebo odchodem, co\u017e se projev\u00ed na va\u0161em \u00fa\u010dtu za elekt\u0159inu. Je ide\u00e1ln\u00ed jak doma, v kancel\u00e1\u0159i, tak i v obchod\u011b, nap\u0159\u00edklad b\u011bhem dovolen\u00e9, kdy chceme, aby v\u00fdloha z\u016fstala po zav\u0159en\u00ed osv\u011btlen\u00e1.<\/p>\n<p><strong>SNADN\u00c9 POU\u017dIT\u00cd<\/strong> \u2013 Program\u00e1tor se velmi snadno pou\u017e\u00edv\u00e1. Disponuje 4 tla\u010d\u00edtky, d\u00edky kter\u00fdm m\u016f\u017eete rychle naprogramovat chod za\u0159\u00edzen\u00ed u v\u00e1s doma nebo v kancel\u00e1\u0159i na konkr\u00e9tn\u00ed den, hodinu nebo i minutu.<\/p>\n<\/div>\n<ul>\n<li><strong>Barva \u010dasova\u010de:\u00a0<\/strong>b\u00edl\u00fd<\/li>\n<li><strong>Maxim\u00e1ln\u00ed W: <\/strong>3680W<\/li>\n<li><strong>Maximum A:\u00a0<\/strong>16A<\/li>\n<li><strong>Pracovn\u00ed teplota: <\/strong>0 a\u017e +50 \u00b0C<\/li>\n<li><strong>re\u017eimy:\u00a0<\/strong>24\/12h, letn\u00ed\/zimn\u00ed \u010das<\/li>\n<li><strong>Velikost:\u00a0<\/strong>11,20 cm (d\u00e9lka) x 7,50 cm (\u0161\u00ed\u0159ka) x 5,50 cm (v\u00fd\u0161ka)<\/li>\n<\/ul>","protected":false},"excerpt":{"rendered":"<p>TIMER &#8211; this is an extremely practical device that allows you to fully control the electrical equipment in your home. Thanks to this, you automate many daily activities that you often forget turning off the lamp, turning off the heater, air conditioner or boiler. You can connect a phone charger or Christmas lights to it. [&#8230;]\n","protected":false},"featured_media":6408,"comment_status":"open","ping_status":"closed","template":"","meta":[],"product_brand":[],"product_cat":[211,225,214,226,212],"product_tag":[],"class_list":{"0":"post-6286","1":"product","2":"type-product","3":"status-publish","4":"has-post-thumbnail","6":"product_cat-accessories","7":"product_cat-accessories-indoor-lights","8":"product_cat-indoor-lights","9":"product_cat-outdoor-lights","10":"product_cat-pro-accessories","11":"pa_brand-deco","13":"first","14":"instock","15":"sale","16":"shipping-taxable","17":"purchasable","18":"product-type-simple"},"yoast_head":"<!-- This site is optimized with the Yoast SEO plugin v27.3 - https:\/\/yoast.com\/product\/yoast-seo-wordpress\/ -->\n<title>ON\/OFF Timer - Best price guarantee - Decolights.eu<\/title>\n<meta name=\"description\" content=\"ON\/OFF timer is an extremely practical device that allows you to fully control the electrical equipment in your home. Reduces electricity cost. Buy now!\" \/>\n<meta name=\"robots\" content=\"index, follow, max-snippet:-1, max-image-preview:large, max-video-preview:-1\" \/>\n<link rel=\"canonical\" href=\"https:\/\/decolights.eu\/cs\/produkt-2\/on-off-timer\/\" \/>\n<meta property=\"og:locale\" content=\"cs_CZ\" \/>\n<meta property=\"og:type\" content=\"article\" \/>\n<meta property=\"og:title\" content=\"ON\/OFF Timer - Best price guarantee - Decolights.eu\" \/>\n<meta property=\"og:description\" content=\"ON\/OFF timer is an extremely practical device that allows you to fully control the electrical equipment in your home. Reduces electricity cost. Buy now!\" \/>\n<meta property=\"og:url\" content=\"https:\/\/decolights.eu\/cs\/produkt-2\/on-off-timer\/\" \/>\n<meta property=\"og:site_name\" content=\"Decolights.eu\" \/>\n<meta property=\"article:modified_time\" content=\"2023-05-09T12:17:33+00:00\" \/>\n<meta property=\"og:image\" content=\"https:\/\/decolights.eu\/wp-content\/uploads\/2023\/04\/eng_pl_19923-on-off-timer-16360_1.jpg\" \/>\n\t<meta property=\"og:image:width\" content=\"500\" \/>\n\t<meta property=\"og:image:height\" content=\"500\" \/>\n\t<meta property=\"og:image:type\" content=\"image\/jpeg\" \/>\n<meta name=\"twitter:card\" content=\"summary_large_image\" \/>\n<meta name=\"twitter:label1\" content=\"Odhadovan\u00e1 doba \u010dten\u00ed\" \/>\n\t<meta name=\"twitter:data1\" content=\"1 minuta\" \/>\n<script type=\"application\/ld+json\" class=\"yoast-schema-graph\">{\"@context\":\"https:\\\/\\\/schema.org\",\"@graph\":[{\"@type\":\"WebPage\",\"@id\":\"https:\\\/\\\/decolights.eu\\\/product\\\/on-off-timer\\\/\",\"url\":\"https:\\\/\\\/decolights.eu\\\/product\\\/on-off-timer\\\/\",\"name\":\"ON\\\/OFF Timer - Best price guarantee - Decolights.eu\",\"isPartOf\":{\"@id\":\"https:\\\/\\\/decolights.eu\\\/#website\"},\"primaryImageOfPage\":{\"@id\":\"https:\\\/\\\/decolights.eu\\\/product\\\/on-off-timer\\\/#primaryimage\"},\"image\":{\"@id\":\"https:\\\/\\\/decolights.eu\\\/product\\\/on-off-timer\\\/#primaryimage\"},\"thumbnailUrl\":\"https:\\\/\\\/decolights.eu\\\/wp-content\\\/uploads\\\/2023\\\/04\\\/eng_pl_19923-on-off-timer-16360_1.jpg\",\"datePublished\":\"2023-04-01T04:43:12+00:00\",\"dateModified\":\"2023-05-09T12:17:33+00:00\",\"description\":\"ON\\\/OFF timer is an extremely practical device that allows you to fully control the electrical equipment in your home. Reduces electricity cost. Buy now!\",\"breadcrumb\":{\"@id\":\"https:\\\/\\\/decolights.eu\\\/product\\\/on-off-timer\\\/#breadcrumb\"},\"inLanguage\":\"cs\",\"potentialAction\":[{\"@type\":\"ReadAction\",\"target\":[\"https:\\\/\\\/decolights.eu\\\/product\\\/on-off-timer\\\/\"]}]},{\"@type\":\"ImageObject\",\"inLanguage\":\"cs\",\"@id\":\"https:\\\/\\\/decolights.eu\\\/product\\\/on-off-timer\\\/#primaryimage\",\"url\":\"https:\\\/\\\/decolights.eu\\\/wp-content\\\/uploads\\\/2023\\\/04\\\/eng_pl_19923-on-off-timer-16360_1.jpg\",\"contentUrl\":\"https:\\\/\\\/decolights.eu\\\/wp-content\\\/uploads\\\/2023\\\/04\\\/eng_pl_19923-on-off-timer-16360_1.jpg\",\"width\":500,\"height\":500},{\"@type\":\"BreadcrumbList\",\"@id\":\"https:\\\/\\\/decolights.eu\\\/product\\\/on-off-timer\\\/#breadcrumb\",\"itemListElement\":[{\"@type\":\"ListItem\",\"position\":1,\"name\":\"Shop\",\"item\":\"https:\\\/\\\/decolights.eu\\\/shop\\\/\"},{\"@type\":\"ListItem\",\"position\":2,\"name\":\"ON\\\/OFF Timer\"}]},{\"@type\":\"WebSite\",\"@id\":\"https:\\\/\\\/decolights.eu\\\/#website\",\"url\":\"https:\\\/\\\/decolights.eu\\\/\",\"name\":\"decolights\",\"description\":\"Led Decorations for Home and Garden\",\"publisher\":{\"@id\":\"https:\\\/\\\/decolights.eu\\\/#organization\"},\"alternateName\":\"decolights.eu\",\"potentialAction\":[{\"@type\":\"SearchAction\",\"target\":{\"@type\":\"EntryPoint\",\"urlTemplate\":\"https:\\\/\\\/decolights.eu\\\/?s={search_term_string}\"},\"query-input\":{\"@type\":\"PropertyValueSpecification\",\"valueRequired\":true,\"valueName\":\"search_term_string\"}}],\"inLanguage\":\"cs\"},{\"@type\":\"Organization\",\"@id\":\"https:\\\/\\\/decolights.eu\\\/#organization\",\"name\":\"decolights\",\"url\":\"https:\\\/\\\/decolights.eu\\\/\",\"logo\":{\"@type\":\"ImageObject\",\"inLanguage\":\"cs\",\"@id\":\"https:\\\/\\\/decolights.eu\\\/#\\\/schema\\\/logo\\\/image\\\/\",\"url\":\"https:\\\/\\\/decolights.eu\\\/wp-content\\\/uploads\\\/2023\\\/07\\\/cropped-decolight-siteicon.png\",\"contentUrl\":\"https:\\\/\\\/decolights.eu\\\/wp-content\\\/uploads\\\/2023\\\/07\\\/cropped-decolight-siteicon.png\",\"width\":512,\"height\":512,\"caption\":\"decolights\"},\"image\":{\"@id\":\"https:\\\/\\\/decolights.eu\\\/#\\\/schema\\\/logo\\\/image\\\/\"}}]}<\/script>\n<!-- \/ Yoast SEO plugin. -->","yoast_head_json":{"title":"ON\/OFF Timer - Z\u00e1ruka nejni\u017e\u0161\u00ed ceny - Decolights.eu","description":"\u010casova\u010d ON\/OFF je mimo\u0159\u00e1dn\u011b praktick\u00e9 za\u0159\u00edzen\u00ed, kter\u00e9 v\u00e1m umo\u017en\u00ed pln\u011b ovl\u00e1dat elektrick\u00e9 za\u0159\u00edzen\u00ed ve va\u0161\u00ed dom\u00e1cnosti. Sni\u017euje n\u00e1klady na elekt\u0159inu. Kup te\u010f!","robots":{"index":"index","follow":"follow","max-snippet":"max-snippet:-1","max-image-preview":"max-image-preview:large","max-video-preview":"max-video-preview:-1"},"canonical":"https:\/\/decolights.eu\/cs\/produkt-2\/on-off-timer\/","og_locale":"cs_CZ","og_type":"article","og_title":"ON\/OFF Timer - Best price guarantee - Decolights.eu","og_description":"ON\/OFF timer is an extremely practical device that allows you to fully control the electrical equipment in your home. Reduces electricity cost. Buy now!","og_url":"https:\/\/decolights.eu\/cs\/produkt-2\/on-off-timer\/","og_site_name":"Decolights.eu","article_modified_time":"2023-05-09T12:17:33+00:00","og_image":[{"width":500,"height":500,"url":"https:\/\/decolights.eu\/wp-content\/uploads\/2023\/04\/eng_pl_19923-on-off-timer-16360_1.jpg","type":"image\/jpeg"}],"twitter_card":"summary_large_image","twitter_misc":{"Odhadovan\u00e1 doba \u010dten\u00ed":"1 minuta"},"schema":{"@context":"https:\/\/schema.org","@graph":[{"@type":"WebPage","@id":"https:\/\/decolights.eu\/product\/on-off-timer\/","url":"https:\/\/decolights.eu\/product\/on-off-timer\/","name":"ON\/OFF Timer - Z\u00e1ruka nejni\u017e\u0161\u00ed ceny - Decolights.eu","isPartOf":{"@id":"https:\/\/decolights.eu\/#website"},"primaryImageOfPage":{"@id":"https:\/\/decolights.eu\/product\/on-off-timer\/#primaryimage"},"image":{"@id":"https:\/\/decolights.eu\/product\/on-off-timer\/#primaryimage"},"thumbnailUrl":"https:\/\/decolights.eu\/wp-content\/uploads\/2023\/04\/eng_pl_19923-on-off-timer-16360_1.jpg","datePublished":"2023-04-01T04:43:12+00:00","dateModified":"2023-05-09T12:17:33+00:00","description":"\u010casova\u010d ON\/OFF je mimo\u0159\u00e1dn\u011b praktick\u00e9 za\u0159\u00edzen\u00ed, kter\u00e9 v\u00e1m umo\u017en\u00ed pln\u011b ovl\u00e1dat elektrick\u00e9 za\u0159\u00edzen\u00ed ve va\u0161\u00ed dom\u00e1cnosti. Sni\u017euje n\u00e1klady na elekt\u0159inu. Kup te\u010f!","breadcrumb":{"@id":"https:\/\/decolights.eu\/product\/on-off-timer\/#breadcrumb"},"inLanguage":"cs","potentialAction":[{"@type":"ReadAction","target":["https:\/\/decolights.eu\/product\/on-off-timer\/"]}]},{"@type":"ImageObject","inLanguage":"cs","@id":"https:\/\/decolights.eu\/product\/on-off-timer\/#primaryimage","url":"https:\/\/decolights.eu\/wp-content\/uploads\/2023\/04\/eng_pl_19923-on-off-timer-16360_1.jpg","contentUrl":"https:\/\/decolights.eu\/wp-content\/uploads\/2023\/04\/eng_pl_19923-on-off-timer-16360_1.jpg","width":500,"height":500},{"@type":"BreadcrumbList","@id":"https:\/\/decolights.eu\/product\/on-off-timer\/#breadcrumb","itemListElement":[{"@type":"ListItem","position":1,"name":"Shop","item":"https:\/\/decolights.eu\/shop\/"},{"@type":"ListItem","position":2,"name":"ON\/OFF Timer"}]},{"@type":"WebSite","@id":"https:\/\/decolights.eu\/#website","url":"https:\/\/decolights.eu\/","name":"decolights","description":"Led dekorace pro d\u016fm a zahradu","publisher":{"@id":"https:\/\/decolights.eu\/#organization"},"alternateName":"decolights.eu","potentialAction":[{"@type":"SearchAction","target":{"@type":"EntryPoint","urlTemplate":"https:\/\/decolights.eu\/?s={search_term_string}"},"query-input":{"@type":"PropertyValueSpecification","valueRequired":true,"valueName":"search_term_string"}}],"inLanguage":"cs"},{"@type":"Organization","@id":"https:\/\/decolights.eu\/#organization","name":"decolights","url":"https:\/\/decolights.eu\/","logo":{"@type":"ImageObject","inLanguage":"cs","@id":"https:\/\/decolights.eu\/#\/schema\/logo\/image\/","url":"https:\/\/decolights.eu\/wp-content\/uploads\/2023\/07\/cropped-decolight-siteicon.png","contentUrl":"https:\/\/decolights.eu\/wp-content\/uploads\/2023\/07\/cropped-decolight-siteicon.png","width":512,"height":512,"caption":"decolights"},"image":{"@id":"https:\/\/decolights.eu\/#\/schema\/logo\/image\/"}}]}},"jetpack_sharing_enabled":true,"_links":{"self":[{"href":"https:\/\/decolights.eu\/cs\/wp-json\/wp\/v2\/product\/6286","targetHints":{"allow":["GET"]}}],"collection":[{"href":"https:\/\/decolights.eu\/cs\/wp-json\/wp\/v2\/product"}],"about":[{"href":"https:\/\/decolights.eu\/cs\/wp-json\/wp\/v2\/types\/product"}],"replies":[{"embeddable":true,"href":"https:\/\/decolights.eu\/cs\/wp-json\/wp\/v2\/comments?post=6286"}],"wp:featuredmedia":[{"embeddable":true,"href":"https:\/\/decolights.eu\/cs\/wp-json\/wp\/v2\/media\/6408"}],"wp:attachment":[{"href":"https:\/\/decolights.eu\/cs\/wp-json\/wp\/v2\/media?parent=6286"}],"wp:term":[{"taxonomy":"product_brand","embeddable":true,"href":"https:\/\/decolights.eu\/cs\/wp-json\/wp\/v2\/product_brand?post=6286"},{"taxonomy":"product_cat","embeddable":true,"href":"https:\/\/decolights.eu\/cs\/wp-json\/wp\/v2\/product_cat?post=6286"},{"taxonomy":"product_tag","embeddable":true,"href":"https:\/\/decolights.eu\/cs\/wp-json\/wp\/v2\/product_tag?post=6286"}],"curies":[{"name":"wp","href":"https:\/\/api.w.org\/{rel}","templated":true}]}}