{"id":6374,"date":"2023-04-01T04:44:31","date_gmt":"2023-04-01T04:44:31","guid":{"rendered":"https:\/\/decolights.eu\/?post_type=product&#038;p=6374"},"modified":"2023-04-16T15:56:39","modified_gmt":"2023-04-16T15:56:39","slug":"garland-cherry-flower","status":"publish","type":"product","link":"https:\/\/decolights.eu\/cs\/produkt-2\/garland-cherry-flower\/","title":{"rendered":"V\u011bnec t\u0159e\u0161\u0148ov\u00fd kv\u011bt"},"content":{"rendered":"<p>Dekorativn\u00ed girlanda s um\u011bl\u00fdmi t\u0159e\u0161\u0148ov\u00fdmi kv\u011bty v \u010dist\u00e9 r\u016f\u017eov\u00e9 barv\u011b pro vnit\u0159n\u00ed pou\u017eit\u00ed. Tenk\u00fd sv\u011bteln\u00fd \u0159et\u011bz se 48 tepl\u00fdmi b\u00edl\u00fdmi sv\u011bteln\u00fdmi body omotan\u00fdmi kolem kv\u011btin. Kr\u00e1sn\u00e1 dekorace do dom\u00e1cnosti, t\u0159eba na prost\u00edr\u00e1n\u00ed.<\/p>\n<ul>\n<li dir=\"ltr\" data-placeholder=\"Translation\"><strong>Barva LED sv\u011btla:<\/strong> tepl\u00e1 b\u00edl\u00e1<\/li>\n<li dir=\"ltr\" data-placeholder=\"Translation\"><strong>Po\u010det LED diod: <\/strong>48 LED<\/li>\n<li dir=\"ltr\" data-placeholder=\"Translation\"><strong>Barva kabelu:\u00a0<\/strong>hn\u011bd\u00fd<\/li>\n<li dir=\"ltr\" data-placeholder=\"Translation\"><strong>Velikost:<\/strong> Rozm\u011br 6 x 180 cm<\/li>\n<li dir=\"ltr\" data-placeholder=\"Translation\"><strong>D\u00e9lka nap\u00e1jec\u00edho kabelu:<\/strong> 30CM<\/li>\n<li dir=\"ltr\" data-placeholder=\"Translation\"><strong>Vzd\u00e1lenost mezi \u017e\u00e1rovkami:<\/strong> 15CM<\/li>\n<li dir=\"ltr\" data-placeholder=\"Translation\"><strong>Zdroj energie:<\/strong> 3 x AA baterie (nejsou sou\u010d\u00e1st\u00ed balen\u00ed)<\/li>\n<li dir=\"ltr\" data-placeholder=\"Translation\"><strong>\u010casova\u010d:<\/strong> 6h zapnuto\/18h vypnuto, opakujte<\/li>\n<li dir=\"ltr\" data-placeholder=\"Translation\"><strong>Hodnocen\u00ed IP<\/strong>: IP20<\/li>\n<li dir=\"ltr\" data-placeholder=\"Translation\"><strong>P\u0159ipojiteln\u00e9:\u00a0<\/strong>Ne<\/li>\n<li dir=\"ltr\" data-placeholder=\"Translation\"><strong>Materi\u00e1l kabelu:\u00a0<\/strong>PVC<\/li>\n<li dir=\"ltr\" data-placeholder=\"Translation\"><strong>CE certifikov\u00e1no:<\/strong> Ano<\/li>\n<li dir=\"ltr\" data-placeholder=\"Translation\">4,5V DC<\/li>\n<\/ul>","protected":false},"excerpt":{"rendered":"<p>Decorative garland with artificial cherry blossoms in sheer pink for indoor use. Thin light chain with 48 warm white light points wrapped around the flowers. A beautiful decoration for the home, for example for table settings. LED Light Colour: warm white Number of LEDs: 48LED Cable colour:\u00a0brown Size: 6 x 180CM Power lead cable length: [&#8230;]\n","protected":false},"featured_media":6487,"comment_status":"open","ping_status":"closed","template":"","meta":[],"product_brand":[],"product_cat":[218,214],"product_tag":[],"class_list":{"0":"post-6374","1":"product","2":"type-product","3":"status-publish","4":"has-post-thumbnail","6":"product_cat-decorative-led-lights","7":"product_cat-indoor-lights","8":"pa_brand-deco","9":"pa_led-colour-warm-white","11":"first","12":"instock","13":"sale","14":"shipping-taxable","15":"purchasable","16":"product-type-simple"},"yoast_head":"<!-- This site is optimized with the Yoast SEO plugin v27.3 - https:\/\/yoast.com\/product\/yoast-seo-wordpress\/ -->\n<title>Garland Cherry flower - Decolights.eu<\/title>\n<meta name=\"description\" content=\"Decorative cherry flower garland is a perfect decoration for table or patio. Enjoy the warm white glow and amazing ambience. Do not hesitate, buy now!\" \/>\n<meta name=\"robots\" content=\"index, follow, max-snippet:-1, max-image-preview:large, max-video-preview:-1\" \/>\n<link rel=\"canonical\" href=\"https:\/\/decolights.eu\/cs\/produkt-2\/garland-cherry-flower\/\" \/>\n<meta property=\"og:locale\" content=\"cs_CZ\" \/>\n<meta property=\"og:type\" content=\"article\" \/>\n<meta property=\"og:title\" content=\"Garland Cherry flower - Decolights.eu\" \/>\n<meta property=\"og:description\" content=\"Decorative cherry flower garland is a perfect decoration for table or patio. Enjoy the warm white glow and amazing ambience. Do not hesitate, buy now!\" \/>\n<meta property=\"og:url\" content=\"https:\/\/decolights.eu\/cs\/produkt-2\/garland-cherry-flower\/\" \/>\n<meta property=\"og:site_name\" content=\"Decolights.eu\" \/>\n<meta property=\"article:modified_time\" content=\"2023-04-16T15:56:39+00:00\" \/>\n<meta property=\"og:image\" content=\"https:\/\/decolights.eu\/wp-content\/uploads\/2023\/04\/581-33_M2.png\" \/>\n\t<meta property=\"og:image:width\" content=\"600\" \/>\n\t<meta property=\"og:image:height\" content=\"602\" \/>\n\t<meta property=\"og:image:type\" content=\"image\/png\" \/>\n<meta name=\"twitter:card\" content=\"summary_large_image\" \/>\n<meta name=\"twitter:label1\" content=\"Odhadovan\u00e1 doba \u010dten\u00ed\" \/>\n\t<meta name=\"twitter:data1\" content=\"1 minuta\" \/>\n<script type=\"application\/ld+json\" class=\"yoast-schema-graph\">{\"@context\":\"https:\\\/\\\/schema.org\",\"@graph\":[{\"@type\":\"WebPage\",\"@id\":\"https:\\\/\\\/decolights.eu\\\/product\\\/garland-cherry-flower\\\/\",\"url\":\"https:\\\/\\\/decolights.eu\\\/product\\\/garland-cherry-flower\\\/\",\"name\":\"Garland Cherry flower - Decolights.eu\",\"isPartOf\":{\"@id\":\"https:\\\/\\\/decolights.eu\\\/#website\"},\"primaryImageOfPage\":{\"@id\":\"https:\\\/\\\/decolights.eu\\\/product\\\/garland-cherry-flower\\\/#primaryimage\"},\"image\":{\"@id\":\"https:\\\/\\\/decolights.eu\\\/product\\\/garland-cherry-flower\\\/#primaryimage\"},\"thumbnailUrl\":\"https:\\\/\\\/decolights.eu\\\/wp-content\\\/uploads\\\/2023\\\/04\\\/581-33_M2.png\",\"datePublished\":\"2023-04-01T04:44:31+00:00\",\"dateModified\":\"2023-04-16T15:56:39+00:00\",\"description\":\"Decorative cherry flower garland is a perfect decoration for table or patio. Enjoy the warm white glow and amazing ambience. Do not hesitate, buy now!\",\"breadcrumb\":{\"@id\":\"https:\\\/\\\/decolights.eu\\\/product\\\/garland-cherry-flower\\\/#breadcrumb\"},\"inLanguage\":\"cs\",\"potentialAction\":[{\"@type\":\"ReadAction\",\"target\":[\"https:\\\/\\\/decolights.eu\\\/product\\\/garland-cherry-flower\\\/\"]}]},{\"@type\":\"ImageObject\",\"inLanguage\":\"cs\",\"@id\":\"https:\\\/\\\/decolights.eu\\\/product\\\/garland-cherry-flower\\\/#primaryimage\",\"url\":\"https:\\\/\\\/decolights.eu\\\/wp-content\\\/uploads\\\/2023\\\/04\\\/581-33_M2.png\",\"contentUrl\":\"https:\\\/\\\/decolights.eu\\\/wp-content\\\/uploads\\\/2023\\\/04\\\/581-33_M2.png\",\"width\":600,\"height\":602},{\"@type\":\"BreadcrumbList\",\"@id\":\"https:\\\/\\\/decolights.eu\\\/product\\\/garland-cherry-flower\\\/#breadcrumb\",\"itemListElement\":[{\"@type\":\"ListItem\",\"position\":1,\"name\":\"Shop\",\"item\":\"https:\\\/\\\/decolights.eu\\\/shop\\\/\"},{\"@type\":\"ListItem\",\"position\":2,\"name\":\"Garland Cherry flower\"}]},{\"@type\":\"WebSite\",\"@id\":\"https:\\\/\\\/decolights.eu\\\/#website\",\"url\":\"https:\\\/\\\/decolights.eu\\\/\",\"name\":\"decolights\",\"description\":\"Led Decorations for Home and Garden\",\"publisher\":{\"@id\":\"https:\\\/\\\/decolights.eu\\\/#organization\"},\"alternateName\":\"decolights.eu\",\"potentialAction\":[{\"@type\":\"SearchAction\",\"target\":{\"@type\":\"EntryPoint\",\"urlTemplate\":\"https:\\\/\\\/decolights.eu\\\/?s={search_term_string}\"},\"query-input\":{\"@type\":\"PropertyValueSpecification\",\"valueRequired\":true,\"valueName\":\"search_term_string\"}}],\"inLanguage\":\"cs\"},{\"@type\":\"Organization\",\"@id\":\"https:\\\/\\\/decolights.eu\\\/#organization\",\"name\":\"decolights\",\"url\":\"https:\\\/\\\/decolights.eu\\\/\",\"logo\":{\"@type\":\"ImageObject\",\"inLanguage\":\"cs\",\"@id\":\"https:\\\/\\\/decolights.eu\\\/#\\\/schema\\\/logo\\\/image\\\/\",\"url\":\"https:\\\/\\\/decolights.eu\\\/wp-content\\\/uploads\\\/2023\\\/07\\\/cropped-decolight-siteicon.png\",\"contentUrl\":\"https:\\\/\\\/decolights.eu\\\/wp-content\\\/uploads\\\/2023\\\/07\\\/cropped-decolight-siteicon.png\",\"width\":512,\"height\":512,\"caption\":\"decolights\"},\"image\":{\"@id\":\"https:\\\/\\\/decolights.eu\\\/#\\\/schema\\\/logo\\\/image\\\/\"}}]}<\/script>\n<!-- \/ Yoast SEO plugin. -->","yoast_head_json":{"title":"Garland Cherry flower - Decolights.eu","description":"Dekorativn\u00ed girlanda z t\u0159e\u0161\u0148ov\u00fdch kv\u011bt\u016f je perfektn\u00ed dekorac\u00ed na st\u016fl nebo terasu. U\u017eijte si teplou b\u00edlou z\u00e1\u0159i a \u00fa\u017easnou atmosf\u00e9ru. Nev\u00e1hejte a kupte nyn\u00ed!","robots":{"index":"index","follow":"follow","max-snippet":"max-snippet:-1","max-image-preview":"max-image-preview:large","max-video-preview":"max-video-preview:-1"},"canonical":"https:\/\/decolights.eu\/cs\/produkt-2\/garland-cherry-flower\/","og_locale":"cs_CZ","og_type":"article","og_title":"Garland Cherry flower - Decolights.eu","og_description":"Decorative cherry flower garland is a perfect decoration for table or patio. Enjoy the warm white glow and amazing ambience. Do not hesitate, buy now!","og_url":"https:\/\/decolights.eu\/cs\/produkt-2\/garland-cherry-flower\/","og_site_name":"Decolights.eu","article_modified_time":"2023-04-16T15:56:39+00:00","og_image":[{"width":600,"height":602,"url":"https:\/\/decolights.eu\/wp-content\/uploads\/2023\/04\/581-33_M2.png","type":"image\/png"}],"twitter_card":"summary_large_image","twitter_misc":{"Odhadovan\u00e1 doba \u010dten\u00ed":"1 minuta"},"schema":{"@context":"https:\/\/schema.org","@graph":[{"@type":"WebPage","@id":"https:\/\/decolights.eu\/product\/garland-cherry-flower\/","url":"https:\/\/decolights.eu\/product\/garland-cherry-flower\/","name":"Garland Cherry flower - Decolights.eu","isPartOf":{"@id":"https:\/\/decolights.eu\/#website"},"primaryImageOfPage":{"@id":"https:\/\/decolights.eu\/product\/garland-cherry-flower\/#primaryimage"},"image":{"@id":"https:\/\/decolights.eu\/product\/garland-cherry-flower\/#primaryimage"},"thumbnailUrl":"https:\/\/decolights.eu\/wp-content\/uploads\/2023\/04\/581-33_M2.png","datePublished":"2023-04-01T04:44:31+00:00","dateModified":"2023-04-16T15:56:39+00:00","description":"Dekorativn\u00ed girlanda z t\u0159e\u0161\u0148ov\u00fdch kv\u011bt\u016f je perfektn\u00ed dekorac\u00ed na st\u016fl nebo terasu. U\u017eijte si teplou b\u00edlou z\u00e1\u0159i a \u00fa\u017easnou atmosf\u00e9ru. Nev\u00e1hejte a kupte nyn\u00ed!","breadcrumb":{"@id":"https:\/\/decolights.eu\/product\/garland-cherry-flower\/#breadcrumb"},"inLanguage":"cs","potentialAction":[{"@type":"ReadAction","target":["https:\/\/decolights.eu\/product\/garland-cherry-flower\/"]}]},{"@type":"ImageObject","inLanguage":"cs","@id":"https:\/\/decolights.eu\/product\/garland-cherry-flower\/#primaryimage","url":"https:\/\/decolights.eu\/wp-content\/uploads\/2023\/04\/581-33_M2.png","contentUrl":"https:\/\/decolights.eu\/wp-content\/uploads\/2023\/04\/581-33_M2.png","width":600,"height":602},{"@type":"BreadcrumbList","@id":"https:\/\/decolights.eu\/product\/garland-cherry-flower\/#breadcrumb","itemListElement":[{"@type":"ListItem","position":1,"name":"Shop","item":"https:\/\/decolights.eu\/shop\/"},{"@type":"ListItem","position":2,"name":"Garland Cherry flower"}]},{"@type":"WebSite","@id":"https:\/\/decolights.eu\/#website","url":"https:\/\/decolights.eu\/","name":"decolights","description":"Led dekorace pro d\u016fm a zahradu","publisher":{"@id":"https:\/\/decolights.eu\/#organization"},"alternateName":"decolights.eu","potentialAction":[{"@type":"SearchAction","target":{"@type":"EntryPoint","urlTemplate":"https:\/\/decolights.eu\/?s={search_term_string}"},"query-input":{"@type":"PropertyValueSpecification","valueRequired":true,"valueName":"search_term_string"}}],"inLanguage":"cs"},{"@type":"Organization","@id":"https:\/\/decolights.eu\/#organization","name":"decolights","url":"https:\/\/decolights.eu\/","logo":{"@type":"ImageObject","inLanguage":"cs","@id":"https:\/\/decolights.eu\/#\/schema\/logo\/image\/","url":"https:\/\/decolights.eu\/wp-content\/uploads\/2023\/07\/cropped-decolight-siteicon.png","contentUrl":"https:\/\/decolights.eu\/wp-content\/uploads\/2023\/07\/cropped-decolight-siteicon.png","width":512,"height":512,"caption":"decolights"},"image":{"@id":"https:\/\/decolights.eu\/#\/schema\/logo\/image\/"}}]}},"jetpack_sharing_enabled":true,"_links":{"self":[{"href":"https:\/\/decolights.eu\/cs\/wp-json\/wp\/v2\/product\/6374","targetHints":{"allow":["GET"]}}],"collection":[{"href":"https:\/\/decolights.eu\/cs\/wp-json\/wp\/v2\/product"}],"about":[{"href":"https:\/\/decolights.eu\/cs\/wp-json\/wp\/v2\/types\/product"}],"replies":[{"embeddable":true,"href":"https:\/\/decolights.eu\/cs\/wp-json\/wp\/v2\/comments?post=6374"}],"wp:featuredmedia":[{"embeddable":true,"href":"https:\/\/decolights.eu\/cs\/wp-json\/wp\/v2\/media\/6487"}],"wp:attachment":[{"href":"https:\/\/decolights.eu\/cs\/wp-json\/wp\/v2\/media?parent=6374"}],"wp:term":[{"taxonomy":"product_brand","embeddable":true,"href":"https:\/\/decolights.eu\/cs\/wp-json\/wp\/v2\/product_brand?post=6374"},{"taxonomy":"product_cat","embeddable":true,"href":"https:\/\/decolights.eu\/cs\/wp-json\/wp\/v2\/product_cat?post=6374"},{"taxonomy":"product_tag","embeddable":true,"href":"https:\/\/decolights.eu\/cs\/wp-json\/wp\/v2\/product_tag?post=6374"}],"curies":[{"name":"wp","href":"https:\/\/api.w.org\/{rel}","templated":true}]}}