{"id":6375,"date":"2023-04-01T04:44:31","date_gmt":"2023-04-01T04:44:31","guid":{"rendered":"https:\/\/decolights.eu\/?post_type=product&#038;p=6375"},"modified":"2023-04-16T14:31:20","modified_gmt":"2023-04-16T14:31:20","slug":"solar-lantern-leafy","status":"publish","type":"product","link":"https:\/\/decolights.eu\/cs\/produkt-2\/solar-lantern-leafy\/","title":{"rendered":"Slune\u010dn\u00ed lucerna listov\u00e1"},"content":{"rendered":"<p>Na\u0161e jemn\u00e1 lucerna Leafy je se sol\u00e1rn\u00edm panelem a je vyrobena z \u010dern\u00e9ho kovu. Tepl\u00e9 b\u00edl\u00e9 sv\u011btlo kr\u00e1sn\u011b prosv\u00edt\u00e1 vzorem d\u011brovan\u00e9ho listu a tvo\u0159\u00ed kr\u00e1sn\u00fd sv\u011bteln\u00fd obraz. Lucernu je vhodn\u00e9 um\u00edstit na terasu, pov\u011bsit na strom nebo na balk\u00f3n. Um\u00edst\u011bte dekoraci sol\u00e1rn\u00edho \u010dl\u00e1nku tam, kde m\u016f\u017ee slunce b\u011bhem dne dos\u00e1hnout na panel, abyste z\u00edskali maxim\u00e1ln\u00ed nabit\u00ed sol\u00e1rn\u00ed baterie.<\/p>\n<ul>\n<li><strong>Barva<\/strong>: \u010cern\u00e1<\/li>\n<li><strong>Barva LED:\u00a0<\/strong>tepl\u00e1 b\u00edl\u00e1<\/li>\n<li><strong>Velikost: <\/strong>11,50 (\u0161\u00ed\u0159ka) x 17 (v\u00fd\u0161ka) x 11,50 (hloubka) CM<\/li>\n<li><strong>\u010casova\u010d:\u00a0<\/strong>Sv\u00edt\u00ed ve tm\u011b<\/li>\n<li><strong>IP hodnocen\u00ed: <\/strong>IP44<\/li>\n<li><strong>Zdroj energie:\u00a0<\/strong>Slune\u010dn\u00ed<\/li>\n<li><strong>V\u00ed\u010dko\/z\u00e1suvka: <\/strong>Nevym\u011bniteln\u00e9<\/li>\n<li><strong>CE certifikov\u00e1no:\u00a0<\/strong>Ano<\/li>\n<li>1,2V DC<\/li>\n<\/ul>","protected":false},"excerpt":{"rendered":"<p>Our fine lantern Leafy is with solar panel and made in black metal. The warm white light shines beautifully through the punched leaf pattern and forms a beautiful light image. The lantern is fine to place in on your patio, hanging in a tree or on a balcony. Place the solar cell decoration where the [&#8230;]\n","protected":false},"featured_media":6495,"comment_status":"open","ping_status":"closed","template":"","meta":[],"product_brand":[],"product_cat":[226,233,196,171],"product_tag":[],"class_list":{"0":"post-6375","1":"product","2":"type-product","3":"status-publish","4":"has-post-thumbnail","6":"product_cat-outdoor-lights","7":"product_cat-solar-lanterns-outdoor-lights","8":"product_cat-solar-lanterns","9":"product_cat-solar-lights","10":"pa_brand-deco","11":"pa_led-colour-warm-white","13":"first","14":"instock","15":"sale","16":"shipping-taxable","17":"purchasable","18":"product-type-simple"},"yoast_head":"<!-- This site is optimized with the Yoast SEO plugin v27.3 - https:\/\/yoast.com\/product\/yoast-seo-wordpress\/ -->\n<title>Solar Lantern Leafy - Best price guaranteed - Decolights.eu<\/title>\n<meta name=\"description\" content=\"The warm white light of solar lantern Leafy shines beautifully through the punched leaf pattern and forms a beautiful light image. Do not hesitate, buy now!\" \/>\n<meta name=\"robots\" content=\"index, follow, max-snippet:-1, max-image-preview:large, max-video-preview:-1\" \/>\n<link rel=\"canonical\" href=\"https:\/\/decolights.eu\/cs\/produkt-2\/solar-lantern-leafy\/\" \/>\n<meta property=\"og:locale\" content=\"cs_CZ\" \/>\n<meta property=\"og:type\" content=\"article\" \/>\n<meta property=\"og:title\" content=\"Solar Lantern Leafy - Best price guaranteed - Decolights.eu\" \/>\n<meta property=\"og:description\" content=\"The warm white light of solar lantern Leafy shines beautifully through the punched leaf pattern and forms a beautiful light image. Do not hesitate, buy now!\" \/>\n<meta property=\"og:url\" content=\"https:\/\/decolights.eu\/cs\/produkt-2\/solar-lantern-leafy\/\" \/>\n<meta property=\"og:site_name\" content=\"Decolights.eu\" \/>\n<meta property=\"article:modified_time\" content=\"2023-04-16T14:31:20+00:00\" \/>\n<meta property=\"og:image\" content=\"https:\/\/decolights.eu\/wp-content\/uploads\/2023\/04\/482-66_M2.png\" \/>\n\t<meta property=\"og:image:width\" content=\"600\" \/>\n\t<meta property=\"og:image:height\" content=\"600\" \/>\n\t<meta property=\"og:image:type\" content=\"image\/png\" \/>\n<meta name=\"twitter:card\" content=\"summary_large_image\" \/>\n<meta name=\"twitter:label1\" content=\"Odhadovan\u00e1 doba \u010dten\u00ed\" \/>\n\t<meta name=\"twitter:data1\" content=\"1 minuta\" \/>\n<script type=\"application\/ld+json\" class=\"yoast-schema-graph\">{\"@context\":\"https:\\\/\\\/schema.org\",\"@graph\":[{\"@type\":\"WebPage\",\"@id\":\"https:\\\/\\\/decolights.eu\\\/product\\\/solar-lantern-leafy\\\/\",\"url\":\"https:\\\/\\\/decolights.eu\\\/product\\\/solar-lantern-leafy\\\/\",\"name\":\"Solar Lantern Leafy - Best price guaranteed - Decolights.eu\",\"isPartOf\":{\"@id\":\"https:\\\/\\\/decolights.eu\\\/#website\"},\"primaryImageOfPage\":{\"@id\":\"https:\\\/\\\/decolights.eu\\\/product\\\/solar-lantern-leafy\\\/#primaryimage\"},\"image\":{\"@id\":\"https:\\\/\\\/decolights.eu\\\/product\\\/solar-lantern-leafy\\\/#primaryimage\"},\"thumbnailUrl\":\"https:\\\/\\\/decolights.eu\\\/wp-content\\\/uploads\\\/2023\\\/04\\\/482-66_M2.png\",\"datePublished\":\"2023-04-01T04:44:31+00:00\",\"dateModified\":\"2023-04-16T14:31:20+00:00\",\"description\":\"The warm white light of solar lantern Leafy shines beautifully through the punched leaf pattern and forms a beautiful light image. Do not hesitate, buy now!\",\"breadcrumb\":{\"@id\":\"https:\\\/\\\/decolights.eu\\\/product\\\/solar-lantern-leafy\\\/#breadcrumb\"},\"inLanguage\":\"cs\",\"potentialAction\":[{\"@type\":\"ReadAction\",\"target\":[\"https:\\\/\\\/decolights.eu\\\/product\\\/solar-lantern-leafy\\\/\"]}]},{\"@type\":\"ImageObject\",\"inLanguage\":\"cs\",\"@id\":\"https:\\\/\\\/decolights.eu\\\/product\\\/solar-lantern-leafy\\\/#primaryimage\",\"url\":\"https:\\\/\\\/decolights.eu\\\/wp-content\\\/uploads\\\/2023\\\/04\\\/482-66_M2.png\",\"contentUrl\":\"https:\\\/\\\/decolights.eu\\\/wp-content\\\/uploads\\\/2023\\\/04\\\/482-66_M2.png\",\"width\":600,\"height\":600},{\"@type\":\"BreadcrumbList\",\"@id\":\"https:\\\/\\\/decolights.eu\\\/product\\\/solar-lantern-leafy\\\/#breadcrumb\",\"itemListElement\":[{\"@type\":\"ListItem\",\"position\":1,\"name\":\"Shop\",\"item\":\"https:\\\/\\\/decolights.eu\\\/shop\\\/\"},{\"@type\":\"ListItem\",\"position\":2,\"name\":\"Solar Lantern Leafy\"}]},{\"@type\":\"WebSite\",\"@id\":\"https:\\\/\\\/decolights.eu\\\/#website\",\"url\":\"https:\\\/\\\/decolights.eu\\\/\",\"name\":\"decolights\",\"description\":\"Led Decorations for Home and Garden\",\"publisher\":{\"@id\":\"https:\\\/\\\/decolights.eu\\\/#organization\"},\"alternateName\":\"decolights.eu\",\"potentialAction\":[{\"@type\":\"SearchAction\",\"target\":{\"@type\":\"EntryPoint\",\"urlTemplate\":\"https:\\\/\\\/decolights.eu\\\/?s={search_term_string}\"},\"query-input\":{\"@type\":\"PropertyValueSpecification\",\"valueRequired\":true,\"valueName\":\"search_term_string\"}}],\"inLanguage\":\"cs\"},{\"@type\":\"Organization\",\"@id\":\"https:\\\/\\\/decolights.eu\\\/#organization\",\"name\":\"decolights\",\"url\":\"https:\\\/\\\/decolights.eu\\\/\",\"logo\":{\"@type\":\"ImageObject\",\"inLanguage\":\"cs\",\"@id\":\"https:\\\/\\\/decolights.eu\\\/#\\\/schema\\\/logo\\\/image\\\/\",\"url\":\"https:\\\/\\\/decolights.eu\\\/wp-content\\\/uploads\\\/2023\\\/07\\\/cropped-decolight-siteicon.png\",\"contentUrl\":\"https:\\\/\\\/decolights.eu\\\/wp-content\\\/uploads\\\/2023\\\/07\\\/cropped-decolight-siteicon.png\",\"width\":512,\"height\":512,\"caption\":\"decolights\"},\"image\":{\"@id\":\"https:\\\/\\\/decolights.eu\\\/#\\\/schema\\\/logo\\\/image\\\/\"}}]}<\/script>\n<!-- \/ Yoast SEO plugin. -->","yoast_head_json":{"title":"Solar Lantern Leafy - Garance nejni\u017e\u0161\u00ed ceny - Decolights.eu","description":"Tepl\u00e9 b\u00edl\u00e9 sv\u011btlo sol\u00e1rn\u00ed lucerny Leafy kr\u00e1sn\u011b prosv\u00edt\u00e1 skrz d\u011brovan\u00fd vzor listu a tvo\u0159\u00ed kr\u00e1sn\u00fd sv\u011bteln\u00fd obraz. Nev\u00e1hejte a kupte nyn\u00ed!","robots":{"index":"index","follow":"follow","max-snippet":"max-snippet:-1","max-image-preview":"max-image-preview:large","max-video-preview":"max-video-preview:-1"},"canonical":"https:\/\/decolights.eu\/cs\/produkt-2\/solar-lantern-leafy\/","og_locale":"cs_CZ","og_type":"article","og_title":"Solar Lantern Leafy - Best price guaranteed - Decolights.eu","og_description":"The warm white light of solar lantern Leafy shines beautifully through the punched leaf pattern and forms a beautiful light image. Do not hesitate, buy now!","og_url":"https:\/\/decolights.eu\/cs\/produkt-2\/solar-lantern-leafy\/","og_site_name":"Decolights.eu","article_modified_time":"2023-04-16T14:31:20+00:00","og_image":[{"width":600,"height":600,"url":"https:\/\/decolights.eu\/wp-content\/uploads\/2023\/04\/482-66_M2.png","type":"image\/png"}],"twitter_card":"summary_large_image","twitter_misc":{"Odhadovan\u00e1 doba \u010dten\u00ed":"1 minuta"},"schema":{"@context":"https:\/\/schema.org","@graph":[{"@type":"WebPage","@id":"https:\/\/decolights.eu\/product\/solar-lantern-leafy\/","url":"https:\/\/decolights.eu\/product\/solar-lantern-leafy\/","name":"Solar Lantern Leafy - Garance nejni\u017e\u0161\u00ed ceny - Decolights.eu","isPartOf":{"@id":"https:\/\/decolights.eu\/#website"},"primaryImageOfPage":{"@id":"https:\/\/decolights.eu\/product\/solar-lantern-leafy\/#primaryimage"},"image":{"@id":"https:\/\/decolights.eu\/product\/solar-lantern-leafy\/#primaryimage"},"thumbnailUrl":"https:\/\/decolights.eu\/wp-content\/uploads\/2023\/04\/482-66_M2.png","datePublished":"2023-04-01T04:44:31+00:00","dateModified":"2023-04-16T14:31:20+00:00","description":"Tepl\u00e9 b\u00edl\u00e9 sv\u011btlo sol\u00e1rn\u00ed lucerny Leafy kr\u00e1sn\u011b prosv\u00edt\u00e1 skrz d\u011brovan\u00fd vzor listu a tvo\u0159\u00ed kr\u00e1sn\u00fd sv\u011bteln\u00fd obraz. Nev\u00e1hejte a kupte nyn\u00ed!","breadcrumb":{"@id":"https:\/\/decolights.eu\/product\/solar-lantern-leafy\/#breadcrumb"},"inLanguage":"cs","potentialAction":[{"@type":"ReadAction","target":["https:\/\/decolights.eu\/product\/solar-lantern-leafy\/"]}]},{"@type":"ImageObject","inLanguage":"cs","@id":"https:\/\/decolights.eu\/product\/solar-lantern-leafy\/#primaryimage","url":"https:\/\/decolights.eu\/wp-content\/uploads\/2023\/04\/482-66_M2.png","contentUrl":"https:\/\/decolights.eu\/wp-content\/uploads\/2023\/04\/482-66_M2.png","width":600,"height":600},{"@type":"BreadcrumbList","@id":"https:\/\/decolights.eu\/product\/solar-lantern-leafy\/#breadcrumb","itemListElement":[{"@type":"ListItem","position":1,"name":"Shop","item":"https:\/\/decolights.eu\/shop\/"},{"@type":"ListItem","position":2,"name":"Solar Lantern Leafy"}]},{"@type":"WebSite","@id":"https:\/\/decolights.eu\/#website","url":"https:\/\/decolights.eu\/","name":"decolights","description":"Led dekorace pro d\u016fm a zahradu","publisher":{"@id":"https:\/\/decolights.eu\/#organization"},"alternateName":"decolights.eu","potentialAction":[{"@type":"SearchAction","target":{"@type":"EntryPoint","urlTemplate":"https:\/\/decolights.eu\/?s={search_term_string}"},"query-input":{"@type":"PropertyValueSpecification","valueRequired":true,"valueName":"search_term_string"}}],"inLanguage":"cs"},{"@type":"Organization","@id":"https:\/\/decolights.eu\/#organization","name":"decolights","url":"https:\/\/decolights.eu\/","logo":{"@type":"ImageObject","inLanguage":"cs","@id":"https:\/\/decolights.eu\/#\/schema\/logo\/image\/","url":"https:\/\/decolights.eu\/wp-content\/uploads\/2023\/07\/cropped-decolight-siteicon.png","contentUrl":"https:\/\/decolights.eu\/wp-content\/uploads\/2023\/07\/cropped-decolight-siteicon.png","width":512,"height":512,"caption":"decolights"},"image":{"@id":"https:\/\/decolights.eu\/#\/schema\/logo\/image\/"}}]}},"jetpack_sharing_enabled":true,"_links":{"self":[{"href":"https:\/\/decolights.eu\/cs\/wp-json\/wp\/v2\/product\/6375","targetHints":{"allow":["GET"]}}],"collection":[{"href":"https:\/\/decolights.eu\/cs\/wp-json\/wp\/v2\/product"}],"about":[{"href":"https:\/\/decolights.eu\/cs\/wp-json\/wp\/v2\/types\/product"}],"replies":[{"embeddable":true,"href":"https:\/\/decolights.eu\/cs\/wp-json\/wp\/v2\/comments?post=6375"}],"wp:featuredmedia":[{"embeddable":true,"href":"https:\/\/decolights.eu\/cs\/wp-json\/wp\/v2\/media\/6495"}],"wp:attachment":[{"href":"https:\/\/decolights.eu\/cs\/wp-json\/wp\/v2\/media?parent=6375"}],"wp:term":[{"taxonomy":"product_brand","embeddable":true,"href":"https:\/\/decolights.eu\/cs\/wp-json\/wp\/v2\/product_brand?post=6375"},{"taxonomy":"product_cat","embeddable":true,"href":"https:\/\/decolights.eu\/cs\/wp-json\/wp\/v2\/product_cat?post=6375"},{"taxonomy":"product_tag","embeddable":true,"href":"https:\/\/decolights.eu\/cs\/wp-json\/wp\/v2\/product_tag?post=6375"}],"curies":[{"name":"wp","href":"https:\/\/api.w.org\/{rel}","templated":true}]}}