{"id":6392,"date":"2023-04-01T04:44:52","date_gmt":"2023-04-01T04:44:52","guid":{"rendered":"https:\/\/decolights.eu\/?post_type=product&#038;p=6392"},"modified":"2023-04-16T14:13:48","modified_gmt":"2023-04-16T14:13:48","slug":"led-candle-decoration","status":"publish","type":"product","link":"https:\/\/decolights.eu\/cs\/produkt-2\/led-candle-decoration\/","title":{"rendered":"LED dekorace na sv\u00ed\u010dku"},"content":{"rendered":"<p>28cm stoln\u00ed prsten z mosazn\u00e9ho kovu, v\u010detn\u011b na\u0161\u00ed p\u011bkn\u00e9 staro\u017eitn\u00e9 sv\u00ed\u010dky Flamme in 15cm. Moc p\u011bkn\u00e9 na zdoben\u00ed!<\/p>\n<ul>\n<li><strong>Barva<\/strong>: mosaz<\/li>\n<li><strong>Barva LED:\u00a0<\/strong>tepl\u00e1 b\u00edl\u00e1<\/li>\n<li><strong>Velikost: <\/strong>28,50 (\u0161\u00ed\u0159ka) x 28 (v\u00fd\u0161ka) x 4 (hloubka) CM<\/li>\n<li dir=\"ltr\" data-placeholder=\"Translation\"><strong>Zdroj energie:<\/strong> 1 x AA baterie (nejsou sou\u010d\u00e1st\u00ed balen\u00ed)<\/li>\n<li dir=\"ltr\" data-placeholder=\"Translation\"><strong>\u010casova\u010d:<\/strong> 6h zapnuto\/18h vypnuto, opakujte<\/li>\n<li><strong>IP hodnocen\u00ed: <\/strong>IP20<\/li>\n<li><strong>CE certifikov\u00e1no:\u00a0<\/strong>Ano<\/li>\n<li>1,5V DC<\/li>\n<\/ul>","protected":false},"excerpt":{"rendered":"<p>28cm table ring in brass-plated metal, with our nice antique candle Flamme in 15cm included. Very nice to decorate with! Colour: Brass LED Colour:\u00a0warm white Size: 28.50 (width) x 28 (height) x 4 (depth) CM Power source: 1 x AA batteries (not included) Timer: 6H on\/18H off, repeat IP Rating: IP20 CE Certified:\u00a0Yes 1,5V DC<\/p>","protected":false},"featured_media":4465,"comment_status":"open","ping_status":"closed","template":"","meta":[],"product_brand":[],"product_cat":[214,216],"product_tag":[],"class_list":{"0":"post-6392","1":"product","2":"type-product","3":"status-publish","4":"has-post-thumbnail","6":"product_cat-indoor-lights","7":"product_cat-led-candles","8":"pa_brand-deco","9":"pa_led-colour-warm-white","11":"first","12":"instock","13":"sale","14":"shipping-taxable","15":"purchasable","16":"product-type-simple"},"yoast_head":"<!-- This site is optimized with the Yoast SEO plugin v27.3 - https:\/\/yoast.com\/product\/yoast-seo-wordpress\/ -->\n<title>LED Candle decoration - Best price guaranteed - Decolights.eu<\/title>\n<meta name=\"description\" content=\"LED Candle in a very nice ring is a perfect decoration for your home. Light it up and enjoy magical and cozy atmosphere. Buy now for getting the best price!\" \/>\n<meta name=\"robots\" content=\"index, follow, max-snippet:-1, max-image-preview:large, max-video-preview:-1\" \/>\n<link rel=\"canonical\" href=\"https:\/\/decolights.eu\/cs\/produkt-2\/led-candle-decoration\/\" \/>\n<meta property=\"og:locale\" content=\"cs_CZ\" \/>\n<meta property=\"og:type\" content=\"article\" \/>\n<meta property=\"og:title\" content=\"LED Candle decoration - Best price guaranteed - Decolights.eu\" \/>\n<meta property=\"og:description\" content=\"LED Candle in a very nice ring is a perfect decoration for your home. Light it up and enjoy magical and cozy atmosphere. Buy now for getting the best price!\" \/>\n<meta property=\"og:url\" content=\"https:\/\/decolights.eu\/cs\/produkt-2\/led-candle-decoration\/\" \/>\n<meta property=\"og:site_name\" content=\"Decolights.eu\" \/>\n<meta property=\"article:modified_time\" content=\"2023-04-16T14:13:48+00:00\" \/>\n<meta property=\"og:image\" content=\"https:\/\/decolights.eu\/wp-content\/uploads\/2023\/04\/063-45_M2.png\" \/>\n\t<meta property=\"og:image:width\" content=\"600\" \/>\n\t<meta property=\"og:image:height\" content=\"602\" \/>\n\t<meta property=\"og:image:type\" content=\"image\/png\" \/>\n<meta name=\"twitter:card\" content=\"summary_large_image\" \/>\n<meta name=\"twitter:label1\" content=\"Odhadovan\u00e1 doba \u010dten\u00ed\" \/>\n\t<meta name=\"twitter:data1\" content=\"1 minuta\" \/>\n<script type=\"application\/ld+json\" class=\"yoast-schema-graph\">{\"@context\":\"https:\\\/\\\/schema.org\",\"@graph\":[{\"@type\":\"WebPage\",\"@id\":\"https:\\\/\\\/decolights.eu\\\/product\\\/led-candle-decoration\\\/\",\"url\":\"https:\\\/\\\/decolights.eu\\\/product\\\/led-candle-decoration\\\/\",\"name\":\"LED Candle decoration - Best price guaranteed - Decolights.eu\",\"isPartOf\":{\"@id\":\"https:\\\/\\\/decolights.eu\\\/#website\"},\"primaryImageOfPage\":{\"@id\":\"https:\\\/\\\/decolights.eu\\\/product\\\/led-candle-decoration\\\/#primaryimage\"},\"image\":{\"@id\":\"https:\\\/\\\/decolights.eu\\\/product\\\/led-candle-decoration\\\/#primaryimage\"},\"thumbnailUrl\":\"https:\\\/\\\/decolights.eu\\\/wp-content\\\/uploads\\\/2023\\\/04\\\/063-45_M2.png\",\"datePublished\":\"2023-04-01T04:44:52+00:00\",\"dateModified\":\"2023-04-16T14:13:48+00:00\",\"description\":\"LED Candle in a very nice ring is a perfect decoration for your home. Light it up and enjoy magical and cozy atmosphere. Buy now for getting the best price!\",\"breadcrumb\":{\"@id\":\"https:\\\/\\\/decolights.eu\\\/product\\\/led-candle-decoration\\\/#breadcrumb\"},\"inLanguage\":\"cs\",\"potentialAction\":[{\"@type\":\"ReadAction\",\"target\":[\"https:\\\/\\\/decolights.eu\\\/product\\\/led-candle-decoration\\\/\"]}]},{\"@type\":\"ImageObject\",\"inLanguage\":\"cs\",\"@id\":\"https:\\\/\\\/decolights.eu\\\/product\\\/led-candle-decoration\\\/#primaryimage\",\"url\":\"https:\\\/\\\/decolights.eu\\\/wp-content\\\/uploads\\\/2023\\\/04\\\/063-45_M2.png\",\"contentUrl\":\"https:\\\/\\\/decolights.eu\\\/wp-content\\\/uploads\\\/2023\\\/04\\\/063-45_M2.png\",\"width\":600,\"height\":602},{\"@type\":\"BreadcrumbList\",\"@id\":\"https:\\\/\\\/decolights.eu\\\/product\\\/led-candle-decoration\\\/#breadcrumb\",\"itemListElement\":[{\"@type\":\"ListItem\",\"position\":1,\"name\":\"Shop\",\"item\":\"https:\\\/\\\/decolights.eu\\\/shop\\\/\"},{\"@type\":\"ListItem\",\"position\":2,\"name\":\"LED Candle decoration\"}]},{\"@type\":\"WebSite\",\"@id\":\"https:\\\/\\\/decolights.eu\\\/#website\",\"url\":\"https:\\\/\\\/decolights.eu\\\/\",\"name\":\"decolights\",\"description\":\"Led Decorations for Home and Garden\",\"publisher\":{\"@id\":\"https:\\\/\\\/decolights.eu\\\/#organization\"},\"alternateName\":\"decolights.eu\",\"potentialAction\":[{\"@type\":\"SearchAction\",\"target\":{\"@type\":\"EntryPoint\",\"urlTemplate\":\"https:\\\/\\\/decolights.eu\\\/?s={search_term_string}\"},\"query-input\":{\"@type\":\"PropertyValueSpecification\",\"valueRequired\":true,\"valueName\":\"search_term_string\"}}],\"inLanguage\":\"cs\"},{\"@type\":\"Organization\",\"@id\":\"https:\\\/\\\/decolights.eu\\\/#organization\",\"name\":\"decolights\",\"url\":\"https:\\\/\\\/decolights.eu\\\/\",\"logo\":{\"@type\":\"ImageObject\",\"inLanguage\":\"cs\",\"@id\":\"https:\\\/\\\/decolights.eu\\\/#\\\/schema\\\/logo\\\/image\\\/\",\"url\":\"https:\\\/\\\/decolights.eu\\\/wp-content\\\/uploads\\\/2023\\\/07\\\/cropped-decolight-siteicon.png\",\"contentUrl\":\"https:\\\/\\\/decolights.eu\\\/wp-content\\\/uploads\\\/2023\\\/07\\\/cropped-decolight-siteicon.png\",\"width\":512,\"height\":512,\"caption\":\"decolights\"},\"image\":{\"@id\":\"https:\\\/\\\/decolights.eu\\\/#\\\/schema\\\/logo\\\/image\\\/\"}}]}<\/script>\n<!-- \/ Yoast SEO plugin. -->","yoast_head_json":{"title":"LED dekorace na sv\u00ed\u010dky - Garance nejni\u017e\u0161\u00ed ceny - Decolights.eu","description":"LED sv\u00ed\u010dka ve velmi p\u011bkn\u00e9m prstenu je perfektn\u00ed dekorac\u00ed do va\u0161eho domova. Rozsvi\u0165te a vychutnejte si kouzelnou a \u00fatulnou atmosf\u00e9ru. Kupte nyn\u00ed a z\u00edskejte nejlep\u0161\u00ed cenu!","robots":{"index":"index","follow":"follow","max-snippet":"max-snippet:-1","max-image-preview":"max-image-preview:large","max-video-preview":"max-video-preview:-1"},"canonical":"https:\/\/decolights.eu\/cs\/produkt-2\/led-candle-decoration\/","og_locale":"cs_CZ","og_type":"article","og_title":"LED Candle decoration - Best price guaranteed - Decolights.eu","og_description":"LED Candle in a very nice ring is a perfect decoration for your home. Light it up and enjoy magical and cozy atmosphere. Buy now for getting the best price!","og_url":"https:\/\/decolights.eu\/cs\/produkt-2\/led-candle-decoration\/","og_site_name":"Decolights.eu","article_modified_time":"2023-04-16T14:13:48+00:00","og_image":[{"width":600,"height":602,"url":"https:\/\/decolights.eu\/wp-content\/uploads\/2023\/04\/063-45_M2.png","type":"image\/png"}],"twitter_card":"summary_large_image","twitter_misc":{"Odhadovan\u00e1 doba \u010dten\u00ed":"1 minuta"},"schema":{"@context":"https:\/\/schema.org","@graph":[{"@type":"WebPage","@id":"https:\/\/decolights.eu\/product\/led-candle-decoration\/","url":"https:\/\/decolights.eu\/product\/led-candle-decoration\/","name":"LED dekorace na sv\u00ed\u010dky - Garance nejni\u017e\u0161\u00ed ceny - Decolights.eu","isPartOf":{"@id":"https:\/\/decolights.eu\/#website"},"primaryImageOfPage":{"@id":"https:\/\/decolights.eu\/product\/led-candle-decoration\/#primaryimage"},"image":{"@id":"https:\/\/decolights.eu\/product\/led-candle-decoration\/#primaryimage"},"thumbnailUrl":"https:\/\/decolights.eu\/wp-content\/uploads\/2023\/04\/063-45_M2.png","datePublished":"2023-04-01T04:44:52+00:00","dateModified":"2023-04-16T14:13:48+00:00","description":"LED sv\u00ed\u010dka ve velmi p\u011bkn\u00e9m prstenu je perfektn\u00ed dekorac\u00ed do va\u0161eho domova. Rozsvi\u0165te a vychutnejte si kouzelnou a \u00fatulnou atmosf\u00e9ru. Kupte nyn\u00ed a z\u00edskejte nejlep\u0161\u00ed cenu!","breadcrumb":{"@id":"https:\/\/decolights.eu\/product\/led-candle-decoration\/#breadcrumb"},"inLanguage":"cs","potentialAction":[{"@type":"ReadAction","target":["https:\/\/decolights.eu\/product\/led-candle-decoration\/"]}]},{"@type":"ImageObject","inLanguage":"cs","@id":"https:\/\/decolights.eu\/product\/led-candle-decoration\/#primaryimage","url":"https:\/\/decolights.eu\/wp-content\/uploads\/2023\/04\/063-45_M2.png","contentUrl":"https:\/\/decolights.eu\/wp-content\/uploads\/2023\/04\/063-45_M2.png","width":600,"height":602},{"@type":"BreadcrumbList","@id":"https:\/\/decolights.eu\/product\/led-candle-decoration\/#breadcrumb","itemListElement":[{"@type":"ListItem","position":1,"name":"Shop","item":"https:\/\/decolights.eu\/shop\/"},{"@type":"ListItem","position":2,"name":"LED Candle decoration"}]},{"@type":"WebSite","@id":"https:\/\/decolights.eu\/#website","url":"https:\/\/decolights.eu\/","name":"decolights","description":"Led dekorace pro d\u016fm a zahradu","publisher":{"@id":"https:\/\/decolights.eu\/#organization"},"alternateName":"decolights.eu","potentialAction":[{"@type":"SearchAction","target":{"@type":"EntryPoint","urlTemplate":"https:\/\/decolights.eu\/?s={search_term_string}"},"query-input":{"@type":"PropertyValueSpecification","valueRequired":true,"valueName":"search_term_string"}}],"inLanguage":"cs"},{"@type":"Organization","@id":"https:\/\/decolights.eu\/#organization","name":"decolights","url":"https:\/\/decolights.eu\/","logo":{"@type":"ImageObject","inLanguage":"cs","@id":"https:\/\/decolights.eu\/#\/schema\/logo\/image\/","url":"https:\/\/decolights.eu\/wp-content\/uploads\/2023\/07\/cropped-decolight-siteicon.png","contentUrl":"https:\/\/decolights.eu\/wp-content\/uploads\/2023\/07\/cropped-decolight-siteicon.png","width":512,"height":512,"caption":"decolights"},"image":{"@id":"https:\/\/decolights.eu\/#\/schema\/logo\/image\/"}}]}},"jetpack_sharing_enabled":true,"_links":{"self":[{"href":"https:\/\/decolights.eu\/cs\/wp-json\/wp\/v2\/product\/6392","targetHints":{"allow":["GET"]}}],"collection":[{"href":"https:\/\/decolights.eu\/cs\/wp-json\/wp\/v2\/product"}],"about":[{"href":"https:\/\/decolights.eu\/cs\/wp-json\/wp\/v2\/types\/product"}],"replies":[{"embeddable":true,"href":"https:\/\/decolights.eu\/cs\/wp-json\/wp\/v2\/comments?post=6392"}],"wp:featuredmedia":[{"embeddable":true,"href":"https:\/\/decolights.eu\/cs\/wp-json\/wp\/v2\/media\/4465"}],"wp:attachment":[{"href":"https:\/\/decolights.eu\/cs\/wp-json\/wp\/v2\/media?parent=6392"}],"wp:term":[{"taxonomy":"product_brand","embeddable":true,"href":"https:\/\/decolights.eu\/cs\/wp-json\/wp\/v2\/product_brand?post=6392"},{"taxonomy":"product_cat","embeddable":true,"href":"https:\/\/decolights.eu\/cs\/wp-json\/wp\/v2\/product_cat?post=6392"},{"taxonomy":"product_tag","embeddable":true,"href":"https:\/\/decolights.eu\/cs\/wp-json\/wp\/v2\/product_tag?post=6392"}],"curies":[{"name":"wp","href":"https:\/\/api.w.org\/{rel}","templated":true}]}}