{"id":6451,"date":"2023-04-01T04:45:45","date_gmt":"2023-04-01T04:45:45","guid":{"rendered":"https:\/\/decolights.eu\/?post_type=product&#038;p=6451"},"modified":"2023-04-16T10:51:25","modified_gmt":"2023-04-16T10:51:25","slug":"neon-led-silhouette-grafico-2","status":"publish","type":"product","link":"https:\/\/decolights.eu\/cs\/produkt-2\/neon-led-silhouette-grafico-2\/","title":{"rendered":"Neon LED Silhouette Grafico"},"content":{"rendered":"<p>Stylov\u00e1 silueta v grafick\u00e9m designu pro venkovn\u00ed nebo vnit\u0159n\u00ed pou\u017eit\u00ed. Tepl\u00e9 b\u00edl\u00e9 LED sv\u011btlo, kter\u00e9 vytvo\u0159\u00ed p\u0159\u00edjemnou atmosf\u00e9ru na va\u0161\u00ed zahrad\u011b nebo terase. Silueta je vysok\u00e1 cca 86 cm se 168 sv\u011btly. Kovov\u00fd r\u00e1m v \u010dern\u00e9 barv\u011b.<\/p>\n<ul>\n<li><strong>Barva LED:<\/strong> tepl\u00e1 b\u00edl\u00e1<\/li>\n<li><strong>Po\u010det LED diod: <\/strong>168LED<\/li>\n<li><strong>D\u00e9lka nap\u00e1jec\u00edho kabelu:<\/strong> 5 mil<\/li>\n<li dir=\"ltr\" data-placeholder=\"Translation\"><strong>Velikost:<\/strong> Rozm\u011bry 40 x 86 x 10 cm<\/li>\n<li dir=\"ltr\" data-placeholder=\"Translation\"><strong>Zdroj energie:<\/strong> Zapojit<\/li>\n<li><strong>Barva kabelu:<\/strong> Pr\u016fhledn\u00fd<\/li>\n<li><strong>P\u0159ipojiteln\u00e9:\u00a0<\/strong>Ne<\/li>\n<li dir=\"ltr\" data-placeholder=\"Translation\"><strong>Hodnocen\u00ed IP<\/strong>: IP44<\/li>\n<li dir=\"ltr\" data-placeholder=\"Translation\"><strong>CE certifikov\u00e1no:<\/strong> Ano<\/li>\n<li>24V DC 6W<\/li>\n<\/ul>","protected":false},"excerpt":{"rendered":"<p>Stylish silhouette in graphic design for outdoor or indoor use. Warm white LED light that creates a lovely atmosphere in your garden or patio. The silhouette is about 86 cm high with 168 lights. Metal frame in black. LED Colour: warm white Number of LEDs: 168LED Power lead cable length: 5M Size: 40 x 86 [&#8230;]\n","protected":false},"featured_media":6562,"comment_status":"open","ping_status":"closed","template":"","meta":[],"product_brand":[],"product_cat":[218,214,226,230],"product_tag":[],"class_list":{"0":"post-6451","1":"product","2":"type-product","3":"status-publish","4":"has-post-thumbnail","6":"product_cat-decorative-led-lights","7":"product_cat-indoor-lights","8":"product_cat-outdoor-lights","9":"product_cat-patio-lights","10":"pa_brand-deco","11":"pa_led-colour-warm-white","13":"first","14":"instock","15":"sale","16":"shipping-taxable","17":"purchasable","18":"product-type-simple"},"yoast_head":"<!-- This site is optimized with the Yoast SEO plugin v27.3 - https:\/\/yoast.com\/product\/yoast-seo-wordpress\/ -->\n<title>Neon LED Silhouette Grafico - Decolights.eu<\/title>\n<meta name=\"description\" content=\"Stylish silhouette in graphic design for outdoor or indoor use. Buy now for the best price to create a lovely atmosphere in your garden or patio.\" \/>\n<meta name=\"robots\" content=\"index, follow, max-snippet:-1, max-image-preview:large, max-video-preview:-1\" \/>\n<link rel=\"canonical\" href=\"https:\/\/decolights.eu\/cs\/produkt-2\/neon-led-silhouette-grafico-2\/\" \/>\n<meta property=\"og:locale\" content=\"cs_CZ\" \/>\n<meta property=\"og:type\" content=\"article\" \/>\n<meta property=\"og:title\" content=\"Neon LED Silhouette Grafico - Decolights.eu\" \/>\n<meta property=\"og:description\" content=\"Stylish silhouette in graphic design for outdoor or indoor use. Buy now for the best price to create a lovely atmosphere in your garden or patio.\" \/>\n<meta property=\"og:url\" content=\"https:\/\/decolights.eu\/cs\/produkt-2\/neon-led-silhouette-grafico-2\/\" \/>\n<meta property=\"og:site_name\" content=\"Decolights.eu\" \/>\n<meta property=\"article:modified_time\" content=\"2023-04-16T10:51:25+00:00\" \/>\n<meta property=\"og:image\" content=\"https:\/\/decolights.eu\/wp-content\/uploads\/2023\/04\/807-63_M2.png\" \/>\n\t<meta property=\"og:image:width\" content=\"600\" \/>\n\t<meta property=\"og:image:height\" content=\"602\" \/>\n\t<meta property=\"og:image:type\" content=\"image\/png\" \/>\n<meta name=\"twitter:card\" content=\"summary_large_image\" \/>\n<meta name=\"twitter:label1\" content=\"Odhadovan\u00e1 doba \u010dten\u00ed\" \/>\n\t<meta name=\"twitter:data1\" content=\"1 minuta\" \/>\n<script type=\"application\/ld+json\" class=\"yoast-schema-graph\">{\"@context\":\"https:\\\/\\\/schema.org\",\"@graph\":[{\"@type\":\"WebPage\",\"@id\":\"https:\\\/\\\/decolights.eu\\\/product\\\/neon-led-silhouette-grafico-2\\\/\",\"url\":\"https:\\\/\\\/decolights.eu\\\/product\\\/neon-led-silhouette-grafico-2\\\/\",\"name\":\"Neon LED Silhouette Grafico - Decolights.eu\",\"isPartOf\":{\"@id\":\"https:\\\/\\\/decolights.eu\\\/#website\"},\"primaryImageOfPage\":{\"@id\":\"https:\\\/\\\/decolights.eu\\\/product\\\/neon-led-silhouette-grafico-2\\\/#primaryimage\"},\"image\":{\"@id\":\"https:\\\/\\\/decolights.eu\\\/product\\\/neon-led-silhouette-grafico-2\\\/#primaryimage\"},\"thumbnailUrl\":\"https:\\\/\\\/decolights.eu\\\/wp-content\\\/uploads\\\/2023\\\/04\\\/807-63_M2.png\",\"datePublished\":\"2023-04-01T04:45:45+00:00\",\"dateModified\":\"2023-04-16T10:51:25+00:00\",\"description\":\"Stylish silhouette in graphic design for outdoor or indoor use. Buy now for the best price to create a lovely atmosphere in your garden or patio.\",\"breadcrumb\":{\"@id\":\"https:\\\/\\\/decolights.eu\\\/product\\\/neon-led-silhouette-grafico-2\\\/#breadcrumb\"},\"inLanguage\":\"cs\",\"potentialAction\":[{\"@type\":\"ReadAction\",\"target\":[\"https:\\\/\\\/decolights.eu\\\/product\\\/neon-led-silhouette-grafico-2\\\/\"]}]},{\"@type\":\"ImageObject\",\"inLanguage\":\"cs\",\"@id\":\"https:\\\/\\\/decolights.eu\\\/product\\\/neon-led-silhouette-grafico-2\\\/#primaryimage\",\"url\":\"https:\\\/\\\/decolights.eu\\\/wp-content\\\/uploads\\\/2023\\\/04\\\/807-63_M2.png\",\"contentUrl\":\"https:\\\/\\\/decolights.eu\\\/wp-content\\\/uploads\\\/2023\\\/04\\\/807-63_M2.png\",\"width\":600,\"height\":602},{\"@type\":\"BreadcrumbList\",\"@id\":\"https:\\\/\\\/decolights.eu\\\/product\\\/neon-led-silhouette-grafico-2\\\/#breadcrumb\",\"itemListElement\":[{\"@type\":\"ListItem\",\"position\":1,\"name\":\"Shop\",\"item\":\"https:\\\/\\\/decolights.eu\\\/shop\\\/\"},{\"@type\":\"ListItem\",\"position\":2,\"name\":\"Neon LED Silhouette Grafico\"}]},{\"@type\":\"WebSite\",\"@id\":\"https:\\\/\\\/decolights.eu\\\/#website\",\"url\":\"https:\\\/\\\/decolights.eu\\\/\",\"name\":\"decolights\",\"description\":\"Led Decorations for Home and Garden\",\"publisher\":{\"@id\":\"https:\\\/\\\/decolights.eu\\\/#organization\"},\"alternateName\":\"decolights.eu\",\"potentialAction\":[{\"@type\":\"SearchAction\",\"target\":{\"@type\":\"EntryPoint\",\"urlTemplate\":\"https:\\\/\\\/decolights.eu\\\/?s={search_term_string}\"},\"query-input\":{\"@type\":\"PropertyValueSpecification\",\"valueRequired\":true,\"valueName\":\"search_term_string\"}}],\"inLanguage\":\"cs\"},{\"@type\":\"Organization\",\"@id\":\"https:\\\/\\\/decolights.eu\\\/#organization\",\"name\":\"decolights\",\"url\":\"https:\\\/\\\/decolights.eu\\\/\",\"logo\":{\"@type\":\"ImageObject\",\"inLanguage\":\"cs\",\"@id\":\"https:\\\/\\\/decolights.eu\\\/#\\\/schema\\\/logo\\\/image\\\/\",\"url\":\"https:\\\/\\\/decolights.eu\\\/wp-content\\\/uploads\\\/2023\\\/07\\\/cropped-decolight-siteicon.png\",\"contentUrl\":\"https:\\\/\\\/decolights.eu\\\/wp-content\\\/uploads\\\/2023\\\/07\\\/cropped-decolight-siteicon.png\",\"width\":512,\"height\":512,\"caption\":\"decolights\"},\"image\":{\"@id\":\"https:\\\/\\\/decolights.eu\\\/#\\\/schema\\\/logo\\\/image\\\/\"}}]}<\/script>\n<!-- \/ Yoast SEO plugin. -->","yoast_head_json":{"title":"Neonov\u00e9 LED Silhouette Grafico - Decolights.eu","description":"Stylov\u00e1 silueta v grafick\u00e9m designu pro venkovn\u00ed nebo vnit\u0159n\u00ed pou\u017eit\u00ed. Nakupte nyn\u00ed za nejlep\u0161\u00ed cenu a vytvo\u0159te si na sv\u00e9 zahrad\u011b nebo terase p\u0159\u00edjemnou atmosf\u00e9ru.","robots":{"index":"index","follow":"follow","max-snippet":"max-snippet:-1","max-image-preview":"max-image-preview:large","max-video-preview":"max-video-preview:-1"},"canonical":"https:\/\/decolights.eu\/cs\/produkt-2\/neon-led-silhouette-grafico-2\/","og_locale":"cs_CZ","og_type":"article","og_title":"Neon LED Silhouette Grafico - Decolights.eu","og_description":"Stylish silhouette in graphic design for outdoor or indoor use. Buy now for the best price to create a lovely atmosphere in your garden or patio.","og_url":"https:\/\/decolights.eu\/cs\/produkt-2\/neon-led-silhouette-grafico-2\/","og_site_name":"Decolights.eu","article_modified_time":"2023-04-16T10:51:25+00:00","og_image":[{"url":"https:\/\/decolights.eu\/wp-content\/uploads\/2023\/04\/807-63_M2.png","width":600,"height":602,"type":"image\/png"}],"twitter_card":"summary_large_image","twitter_misc":{"Odhadovan\u00e1 doba \u010dten\u00ed":"1 minuta"},"schema":{"@context":"https:\/\/schema.org","@graph":[{"@type":"WebPage","@id":"https:\/\/decolights.eu\/product\/neon-led-silhouette-grafico-2\/","url":"https:\/\/decolights.eu\/product\/neon-led-silhouette-grafico-2\/","name":"Neonov\u00e9 LED Silhouette Grafico - Decolights.eu","isPartOf":{"@id":"https:\/\/decolights.eu\/#website"},"primaryImageOfPage":{"@id":"https:\/\/decolights.eu\/product\/neon-led-silhouette-grafico-2\/#primaryimage"},"image":{"@id":"https:\/\/decolights.eu\/product\/neon-led-silhouette-grafico-2\/#primaryimage"},"thumbnailUrl":"https:\/\/decolights.eu\/wp-content\/uploads\/2023\/04\/807-63_M2.png","datePublished":"2023-04-01T04:45:45+00:00","dateModified":"2023-04-16T10:51:25+00:00","description":"Stylov\u00e1 silueta v grafick\u00e9m designu pro venkovn\u00ed nebo vnit\u0159n\u00ed pou\u017eit\u00ed. Nakupte nyn\u00ed za nejlep\u0161\u00ed cenu a vytvo\u0159te si na sv\u00e9 zahrad\u011b nebo terase p\u0159\u00edjemnou atmosf\u00e9ru.","breadcrumb":{"@id":"https:\/\/decolights.eu\/product\/neon-led-silhouette-grafico-2\/#breadcrumb"},"inLanguage":"cs","potentialAction":[{"@type":"ReadAction","target":["https:\/\/decolights.eu\/product\/neon-led-silhouette-grafico-2\/"]}]},{"@type":"ImageObject","inLanguage":"cs","@id":"https:\/\/decolights.eu\/product\/neon-led-silhouette-grafico-2\/#primaryimage","url":"https:\/\/decolights.eu\/wp-content\/uploads\/2023\/04\/807-63_M2.png","contentUrl":"https:\/\/decolights.eu\/wp-content\/uploads\/2023\/04\/807-63_M2.png","width":600,"height":602},{"@type":"BreadcrumbList","@id":"https:\/\/decolights.eu\/product\/neon-led-silhouette-grafico-2\/#breadcrumb","itemListElement":[{"@type":"ListItem","position":1,"name":"Shop","item":"https:\/\/decolights.eu\/shop\/"},{"@type":"ListItem","position":2,"name":"Neon LED Silhouette Grafico"}]},{"@type":"WebSite","@id":"https:\/\/decolights.eu\/#website","url":"https:\/\/decolights.eu\/","name":"decolights","description":"Led dekorace pro d\u016fm a zahradu","publisher":{"@id":"https:\/\/decolights.eu\/#organization"},"alternateName":"decolights.eu","potentialAction":[{"@type":"SearchAction","target":{"@type":"EntryPoint","urlTemplate":"https:\/\/decolights.eu\/?s={search_term_string}"},"query-input":{"@type":"PropertyValueSpecification","valueRequired":true,"valueName":"search_term_string"}}],"inLanguage":"cs"},{"@type":"Organization","@id":"https:\/\/decolights.eu\/#organization","name":"decolights","url":"https:\/\/decolights.eu\/","logo":{"@type":"ImageObject","inLanguage":"cs","@id":"https:\/\/decolights.eu\/#\/schema\/logo\/image\/","url":"https:\/\/decolights.eu\/wp-content\/uploads\/2023\/07\/cropped-decolight-siteicon.png","contentUrl":"https:\/\/decolights.eu\/wp-content\/uploads\/2023\/07\/cropped-decolight-siteicon.png","width":512,"height":512,"caption":"decolights"},"image":{"@id":"https:\/\/decolights.eu\/#\/schema\/logo\/image\/"}}]}},"jetpack_sharing_enabled":true,"_links":{"self":[{"href":"https:\/\/decolights.eu\/cs\/wp-json\/wp\/v2\/product\/6451","targetHints":{"allow":["GET"]}}],"collection":[{"href":"https:\/\/decolights.eu\/cs\/wp-json\/wp\/v2\/product"}],"about":[{"href":"https:\/\/decolights.eu\/cs\/wp-json\/wp\/v2\/types\/product"}],"replies":[{"embeddable":true,"href":"https:\/\/decolights.eu\/cs\/wp-json\/wp\/v2\/comments?post=6451"}],"wp:featuredmedia":[{"embeddable":true,"href":"https:\/\/decolights.eu\/cs\/wp-json\/wp\/v2\/media\/6562"}],"wp:attachment":[{"href":"https:\/\/decolights.eu\/cs\/wp-json\/wp\/v2\/media?parent=6451"}],"wp:term":[{"taxonomy":"product_brand","embeddable":true,"href":"https:\/\/decolights.eu\/cs\/wp-json\/wp\/v2\/product_brand?post=6451"},{"taxonomy":"product_cat","embeddable":true,"href":"https:\/\/decolights.eu\/cs\/wp-json\/wp\/v2\/product_cat?post=6451"},{"taxonomy":"product_tag","embeddable":true,"href":"https:\/\/decolights.eu\/cs\/wp-json\/wp\/v2\/product_tag?post=6451"}],"curies":[{"name":"wp","href":"https:\/\/api.w.org\/{rel}","templated":true}]}}