{"id":6452,"date":"2023-04-01T04:45:45","date_gmt":"2023-04-01T04:45:45","guid":{"rendered":"https:\/\/decolights.eu\/?post_type=product&#038;p=6452"},"modified":"2023-04-17T06:56:30","modified_gmt":"2023-04-17T06:56:30","slug":"table-lamp-kreta","status":"publish","type":"product","link":"https:\/\/decolights.eu\/cs\/produkt-2\/table-lamp-kreta\/","title":{"rendered":"Stoln\u00ed lampa Kreta"},"content":{"rendered":"<p>P\u011bkn\u00e1 p\u0159enosn\u00e1 stoln\u00ed lampa s teplou b\u00edlou LED diodou, kterou m\u016f\u017eete nastavit, jasn\u00e9 nebo m\u011bkk\u00e9 sv\u011btlo, zata\u017een\u00edm za z\u00e1v\u011bsn\u00fd prov\u00e1zek. Nab\u00edjec\u00ed baterie, kterou nab\u00edj\u00edte pomoc\u00ed p\u0159ilo\u017een\u00e9ho USB kabelu. Pro vnit\u0159n\u00ed i venkovn\u00ed pou\u017eit\u00ed. Poskytuje p\u0159\u00edjemn\u00e9 dopl\u0148kov\u00e9 osv\u011btlen\u00ed za kr\u00e1sn\u00fdch letn\u00edch ve\u010der\u016f na zahrad\u011b nebo na balk\u00f3n\u011b. Po \u00fapln\u00e9m nabit\u00ed sv\u00edt\u00ed cca 6-7 hodin.<\/p>\n<ul>\n<li><strong>Barva:\u00a0<\/strong>b\u00edl\u00fd<\/li>\n<li><strong>Barva LED:<\/strong> tepl\u00e1 b\u00edl\u00e1<\/li>\n<li>2 r\u016fzn\u00e9 funkce osv\u011btlen\u00ed<\/li>\n<li><strong>Velikost: <\/strong>16 (\u0161\u00ed\u0159ka) x 26,5 (v\u00fd\u0161ka) x 16 (hloubka) CM<\/li>\n<li><strong>IP hodnocen\u00ed: <\/strong>IP44<\/li>\n<li><strong>Zdroj energie:\u00a0<\/strong>USB (USB adapt\u00e9r nen\u00ed sou\u010d\u00e1st\u00ed dod\u00e1vky)<\/li>\n<li><strong>CE certifikov\u00e1no:\u00a0<\/strong>Ano<\/li>\n<li>2W<\/li>\n<\/ul>","protected":false},"excerpt":{"rendered":"<p>Nice portable table lamp with warm white LED that you can adjust, bright or soft light, by pulling the hanging string. Rechargeable battery that you charge with attached USB cable. For both indoor and outdoor use. Provides pleasant additional lighting on lovely summer evenings in the garden or on the balcony. After fully charging it [&#8230;]\n","protected":false},"featured_media":6565,"comment_status":"open","ping_status":"closed","template":"","meta":[],"product_brand":[],"product_cat":[218,214,226,230],"product_tag":[],"class_list":{"0":"post-6452","1":"product","2":"type-product","3":"status-publish","4":"has-post-thumbnail","6":"product_cat-decorative-led-lights","7":"product_cat-indoor-lights","8":"product_cat-outdoor-lights","9":"product_cat-patio-lights","11":"first","12":"instock","13":"sale","14":"shipping-taxable","15":"purchasable","16":"product-type-simple"},"yoast_head":"<!-- This site is optimized with the Yoast SEO plugin v27.3 - https:\/\/yoast.com\/product\/yoast-seo-wordpress\/ -->\n<title>Table Lamp Kreta - Decolights.eu<\/title>\n<meta name=\"description\" content=\"Nice portable table lamp with adjustable warm white LED. Buy now for the best price and enjoy lovely summer evenings in the garden or on the balcony.\" \/>\n<meta name=\"robots\" content=\"index, follow, max-snippet:-1, max-image-preview:large, max-video-preview:-1\" \/>\n<link rel=\"canonical\" href=\"https:\/\/decolights.eu\/cs\/produkt-2\/table-lamp-kreta\/\" \/>\n<meta property=\"og:locale\" content=\"cs_CZ\" \/>\n<meta property=\"og:type\" content=\"article\" \/>\n<meta property=\"og:title\" content=\"Table Lamp Kreta - Decolights.eu\" \/>\n<meta property=\"og:description\" content=\"Nice portable table lamp with adjustable warm white LED. Buy now for the best price and enjoy lovely summer evenings in the garden or on the balcony.\" \/>\n<meta property=\"og:url\" content=\"https:\/\/decolights.eu\/cs\/produkt-2\/table-lamp-kreta\/\" \/>\n<meta property=\"og:site_name\" content=\"Decolights.eu\" \/>\n<meta property=\"article:modified_time\" content=\"2023-04-17T06:56:30+00:00\" \/>\n<meta property=\"og:image\" content=\"https:\/\/decolights.eu\/wp-content\/uploads\/2023\/04\/803-69_M2.png\" \/>\n\t<meta property=\"og:image:width\" content=\"600\" \/>\n\t<meta property=\"og:image:height\" content=\"602\" \/>\n\t<meta property=\"og:image:type\" content=\"image\/png\" \/>\n<meta name=\"twitter:card\" content=\"summary_large_image\" \/>\n<meta name=\"twitter:label1\" content=\"Odhadovan\u00e1 doba \u010dten\u00ed\" \/>\n\t<meta name=\"twitter:data1\" content=\"1 minuta\" \/>\n<script type=\"application\/ld+json\" class=\"yoast-schema-graph\">{\"@context\":\"https:\\\/\\\/schema.org\",\"@graph\":[{\"@type\":\"WebPage\",\"@id\":\"https:\\\/\\\/decolights.eu\\\/product\\\/table-lamp-kreta\\\/\",\"url\":\"https:\\\/\\\/decolights.eu\\\/product\\\/table-lamp-kreta\\\/\",\"name\":\"Table Lamp Kreta - Decolights.eu\",\"isPartOf\":{\"@id\":\"https:\\\/\\\/decolights.eu\\\/#website\"},\"primaryImageOfPage\":{\"@id\":\"https:\\\/\\\/decolights.eu\\\/product\\\/table-lamp-kreta\\\/#primaryimage\"},\"image\":{\"@id\":\"https:\\\/\\\/decolights.eu\\\/product\\\/table-lamp-kreta\\\/#primaryimage\"},\"thumbnailUrl\":\"https:\\\/\\\/decolights.eu\\\/wp-content\\\/uploads\\\/2023\\\/04\\\/803-69_M2.png\",\"datePublished\":\"2023-04-01T04:45:45+00:00\",\"dateModified\":\"2023-04-17T06:56:30+00:00\",\"description\":\"Nice portable table lamp with adjustable warm white LED. Buy now for the best price and enjoy lovely summer evenings in the garden or on the balcony.\",\"breadcrumb\":{\"@id\":\"https:\\\/\\\/decolights.eu\\\/product\\\/table-lamp-kreta\\\/#breadcrumb\"},\"inLanguage\":\"cs\",\"potentialAction\":[{\"@type\":\"ReadAction\",\"target\":[\"https:\\\/\\\/decolights.eu\\\/product\\\/table-lamp-kreta\\\/\"]}]},{\"@type\":\"ImageObject\",\"inLanguage\":\"cs\",\"@id\":\"https:\\\/\\\/decolights.eu\\\/product\\\/table-lamp-kreta\\\/#primaryimage\",\"url\":\"https:\\\/\\\/decolights.eu\\\/wp-content\\\/uploads\\\/2023\\\/04\\\/803-69_M2.png\",\"contentUrl\":\"https:\\\/\\\/decolights.eu\\\/wp-content\\\/uploads\\\/2023\\\/04\\\/803-69_M2.png\",\"width\":600,\"height\":602},{\"@type\":\"BreadcrumbList\",\"@id\":\"https:\\\/\\\/decolights.eu\\\/product\\\/table-lamp-kreta\\\/#breadcrumb\",\"itemListElement\":[{\"@type\":\"ListItem\",\"position\":1,\"name\":\"Shop\",\"item\":\"https:\\\/\\\/decolights.eu\\\/shop\\\/\"},{\"@type\":\"ListItem\",\"position\":2,\"name\":\"Table Lamp Kreta\"}]},{\"@type\":\"WebSite\",\"@id\":\"https:\\\/\\\/decolights.eu\\\/#website\",\"url\":\"https:\\\/\\\/decolights.eu\\\/\",\"name\":\"decolights\",\"description\":\"Led Decorations for Home and Garden\",\"publisher\":{\"@id\":\"https:\\\/\\\/decolights.eu\\\/#organization\"},\"alternateName\":\"decolights.eu\",\"potentialAction\":[{\"@type\":\"SearchAction\",\"target\":{\"@type\":\"EntryPoint\",\"urlTemplate\":\"https:\\\/\\\/decolights.eu\\\/?s={search_term_string}\"},\"query-input\":{\"@type\":\"PropertyValueSpecification\",\"valueRequired\":true,\"valueName\":\"search_term_string\"}}],\"inLanguage\":\"cs\"},{\"@type\":\"Organization\",\"@id\":\"https:\\\/\\\/decolights.eu\\\/#organization\",\"name\":\"decolights\",\"url\":\"https:\\\/\\\/decolights.eu\\\/\",\"logo\":{\"@type\":\"ImageObject\",\"inLanguage\":\"cs\",\"@id\":\"https:\\\/\\\/decolights.eu\\\/#\\\/schema\\\/logo\\\/image\\\/\",\"url\":\"https:\\\/\\\/decolights.eu\\\/wp-content\\\/uploads\\\/2023\\\/07\\\/cropped-decolight-siteicon.png\",\"contentUrl\":\"https:\\\/\\\/decolights.eu\\\/wp-content\\\/uploads\\\/2023\\\/07\\\/cropped-decolight-siteicon.png\",\"width\":512,\"height\":512,\"caption\":\"decolights\"},\"image\":{\"@id\":\"https:\\\/\\\/decolights.eu\\\/#\\\/schema\\\/logo\\\/image\\\/\"}}]}<\/script>\n<!-- \/ Yoast SEO plugin. -->","yoast_head_json":{"title":"Stoln\u00ed lampa Kreta - Decolights.eu","description":"P\u011bkn\u00e1 p\u0159enosn\u00e1 stoln\u00ed lampa s nastavitelnou teplou b\u00edlou LED. Nakupte nyn\u00ed za nejlep\u0161\u00ed cenu a u\u017eijte si kr\u00e1sn\u00e9 letn\u00ed ve\u010dery na zahrad\u011b nebo balkon\u011b.","robots":{"index":"index","follow":"follow","max-snippet":"max-snippet:-1","max-image-preview":"max-image-preview:large","max-video-preview":"max-video-preview:-1"},"canonical":"https:\/\/decolights.eu\/cs\/produkt-2\/table-lamp-kreta\/","og_locale":"cs_CZ","og_type":"article","og_title":"Table Lamp Kreta - Decolights.eu","og_description":"Nice portable table lamp with adjustable warm white LED. Buy now for the best price and enjoy lovely summer evenings in the garden or on the balcony.","og_url":"https:\/\/decolights.eu\/cs\/produkt-2\/table-lamp-kreta\/","og_site_name":"Decolights.eu","article_modified_time":"2023-04-17T06:56:30+00:00","og_image":[{"width":600,"height":602,"url":"https:\/\/decolights.eu\/wp-content\/uploads\/2023\/04\/803-69_M2.png","type":"image\/png"}],"twitter_card":"summary_large_image","twitter_misc":{"Odhadovan\u00e1 doba \u010dten\u00ed":"1 minuta"},"schema":{"@context":"https:\/\/schema.org","@graph":[{"@type":"WebPage","@id":"https:\/\/decolights.eu\/product\/table-lamp-kreta\/","url":"https:\/\/decolights.eu\/product\/table-lamp-kreta\/","name":"Stoln\u00ed lampa Kreta - Decolights.eu","isPartOf":{"@id":"https:\/\/decolights.eu\/#website"},"primaryImageOfPage":{"@id":"https:\/\/decolights.eu\/product\/table-lamp-kreta\/#primaryimage"},"image":{"@id":"https:\/\/decolights.eu\/product\/table-lamp-kreta\/#primaryimage"},"thumbnailUrl":"https:\/\/decolights.eu\/wp-content\/uploads\/2023\/04\/803-69_M2.png","datePublished":"2023-04-01T04:45:45+00:00","dateModified":"2023-04-17T06:56:30+00:00","description":"P\u011bkn\u00e1 p\u0159enosn\u00e1 stoln\u00ed lampa s nastavitelnou teplou b\u00edlou LED. Nakupte nyn\u00ed za nejlep\u0161\u00ed cenu a u\u017eijte si kr\u00e1sn\u00e9 letn\u00ed ve\u010dery na zahrad\u011b nebo balkon\u011b.","breadcrumb":{"@id":"https:\/\/decolights.eu\/product\/table-lamp-kreta\/#breadcrumb"},"inLanguage":"cs","potentialAction":[{"@type":"ReadAction","target":["https:\/\/decolights.eu\/product\/table-lamp-kreta\/"]}]},{"@type":"ImageObject","inLanguage":"cs","@id":"https:\/\/decolights.eu\/product\/table-lamp-kreta\/#primaryimage","url":"https:\/\/decolights.eu\/wp-content\/uploads\/2023\/04\/803-69_M2.png","contentUrl":"https:\/\/decolights.eu\/wp-content\/uploads\/2023\/04\/803-69_M2.png","width":600,"height":602},{"@type":"BreadcrumbList","@id":"https:\/\/decolights.eu\/product\/table-lamp-kreta\/#breadcrumb","itemListElement":[{"@type":"ListItem","position":1,"name":"Shop","item":"https:\/\/decolights.eu\/shop\/"},{"@type":"ListItem","position":2,"name":"Table Lamp Kreta"}]},{"@type":"WebSite","@id":"https:\/\/decolights.eu\/#website","url":"https:\/\/decolights.eu\/","name":"decolights","description":"Led dekorace pro d\u016fm a zahradu","publisher":{"@id":"https:\/\/decolights.eu\/#organization"},"alternateName":"decolights.eu","potentialAction":[{"@type":"SearchAction","target":{"@type":"EntryPoint","urlTemplate":"https:\/\/decolights.eu\/?s={search_term_string}"},"query-input":{"@type":"PropertyValueSpecification","valueRequired":true,"valueName":"search_term_string"}}],"inLanguage":"cs"},{"@type":"Organization","@id":"https:\/\/decolights.eu\/#organization","name":"decolights","url":"https:\/\/decolights.eu\/","logo":{"@type":"ImageObject","inLanguage":"cs","@id":"https:\/\/decolights.eu\/#\/schema\/logo\/image\/","url":"https:\/\/decolights.eu\/wp-content\/uploads\/2023\/07\/cropped-decolight-siteicon.png","contentUrl":"https:\/\/decolights.eu\/wp-content\/uploads\/2023\/07\/cropped-decolight-siteicon.png","width":512,"height":512,"caption":"decolights"},"image":{"@id":"https:\/\/decolights.eu\/#\/schema\/logo\/image\/"}}]}},"jetpack_sharing_enabled":true,"_links":{"self":[{"href":"https:\/\/decolights.eu\/cs\/wp-json\/wp\/v2\/product\/6452","targetHints":{"allow":["GET"]}}],"collection":[{"href":"https:\/\/decolights.eu\/cs\/wp-json\/wp\/v2\/product"}],"about":[{"href":"https:\/\/decolights.eu\/cs\/wp-json\/wp\/v2\/types\/product"}],"replies":[{"embeddable":true,"href":"https:\/\/decolights.eu\/cs\/wp-json\/wp\/v2\/comments?post=6452"}],"wp:featuredmedia":[{"embeddable":true,"href":"https:\/\/decolights.eu\/cs\/wp-json\/wp\/v2\/media\/6565"}],"wp:attachment":[{"href":"https:\/\/decolights.eu\/cs\/wp-json\/wp\/v2\/media?parent=6452"}],"wp:term":[{"taxonomy":"product_brand","embeddable":true,"href":"https:\/\/decolights.eu\/cs\/wp-json\/wp\/v2\/product_brand?post=6452"},{"taxonomy":"product_cat","embeddable":true,"href":"https:\/\/decolights.eu\/cs\/wp-json\/wp\/v2\/product_cat?post=6452"},{"taxonomy":"product_tag","embeddable":true,"href":"https:\/\/decolights.eu\/cs\/wp-json\/wp\/v2\/product_tag?post=6452"}],"curies":[{"name":"wp","href":"https:\/\/api.w.org\/{rel}","templated":true}]}}