{"id":43744,"date":"2023-04-26T14:00:38","date_gmt":"2023-04-26T14:00:38","guid":{"rendered":"https:\/\/decolights.eu\/?post_type=product&#038;p=43744"},"modified":"2023-06-09T09:52:05","modified_gmt":"2023-06-09T09:52:05","slug":"festoon-led-lights-with-hanging-bulbs-12-5m-15-bulbs","status":"publish","type":"product","link":"https:\/\/decolights.eu\/de\/produkt-2\/festoon-led-lights-with-hanging-bulbs-12-5m-15-bulbs\/","title":{"rendered":"Soffitten-LED-Leuchten mit h\u00e4ngenden Gl\u00fchbirnen, 12,5 m, 15 Gl\u00fchbirnen"},"content":{"rendered":"<p>Die H\u00e4ngelampe ist ein bemerkenswertes Produkt, das sich perfekt f\u00fcr die dekorative und praktische Beleuchtung im Garten oder auf einem Grundst\u00fcck eignet. Es eignet sich auch sehr gut als Beleuchtungsk\u00f6rper f\u00fcr die Dekoration eines Restaurants oder B\u00fcros. Es zieht die Aufmerksamkeit auf sich und sorgt f\u00fcr ein sehr sch\u00f6nes Ergebnis und eine sehr sch\u00f6ne Stimmung.<\/p>\n<ul>\n<li>Gesamtl\u00e4nge des Produkts: 14 m<\/li>\n<li>Gesamtzahl der Nester: 15 Stk<\/li>\n<li>Steckdosen: 15 Stk<\/li>\n<li>Lampenleistung: 0,8 W.<\/li>\n<li>Gl\u00fchbirnendurchmesser: 4 cm<\/li>\n<li>L\u00e4nge der h\u00e4ngenden Teile: 25 cm<\/li>\n<li>Abstand zwischen den Nestern: 0,9 m<\/li>\n<li>L\u00e4nge des Netzkabels: 1,5 m<\/li>\n<li>Wasserdichtigkeitsklasse: IP65<\/li>\n<li>Blei: PVC<\/li>\n<li>Leiterfarbe: Schwarz<\/li>\n<li>Ausgangsstrom: 12V<\/li>\n<li>Kontinuierlich: Ja, bis zu 5 S\u00e4tze.<\/li>\n<\/ul>\n<p>Hinweis: Es handelt sich hierbei um ein komplettes Set inklusive Lampenkette und Leuchtmittel! Die Leuchtmittel sind austauschbar.<\/p>","protected":false},"excerpt":{"rendered":"<p>The hanging light bulb is a remarkable product that is perfect for decorative and practical lighting in the garden or on a plot. It&#8217;s also a very good lighting fixture for decorating a restaurant or office. It draws attention to itself and creates a very beautiful result and mood. Total length of product: 14M Total [&#8230;]\n","protected":false},"featured_media":43784,"comment_status":"open","ping_status":"closed","template":"","meta":[],"product_brand":[],"product_cat":[15,227,226],"product_tag":[],"class_list":{"0":"post-43744","1":"product","2":"type-product","3":"status-publish","4":"has-post-thumbnail","6":"product_cat-festoon-lights","7":"product_cat-led-festoon-lights-outdoor-lights","8":"product_cat-outdoor-lights","9":"pa_led-colour-warm-white","11":"first","12":"instock","13":"sale","14":"shipping-taxable","15":"purchasable","16":"product-type-simple"},"yoast_head":"<!-- This site is optimized with the Yoast SEO plugin v27.3 - https:\/\/yoast.com\/product\/yoast-seo-wordpress\/ -->\n<title>Festoon LED Lights with hanging bulbs 12.5m 15 bulbs - Decolights.eu<\/title>\n<meta name=\"description\" content=\"LED Lambikett ripuvate pesadega on suve terasside lahutamatu osa! Kaunista sellega nii oma koduaed kui ka restorani v\u00f5i kontori hoov. Osta kohe!\" \/>\n<meta name=\"robots\" content=\"index, follow, max-snippet:-1, max-image-preview:large, max-video-preview:-1\" \/>\n<link rel=\"canonical\" href=\"https:\/\/decolights.eu\/de\/produkt-2\/festoon-led-lights-with-hanging-bulbs-12-5m-15-bulbs\/\" \/>\n<meta property=\"og:locale\" content=\"de_DE\" \/>\n<meta property=\"og:type\" content=\"article\" \/>\n<meta property=\"og:title\" content=\"Festoon LED Lights with hanging bulbs 12.5m 15 bulbs - Decolights.eu\" \/>\n<meta property=\"og:description\" content=\"LED Lambikett ripuvate pesadega on suve terasside lahutamatu osa! Kaunista sellega nii oma koduaed kui ka restorani v\u00f5i kontori hoov. Osta kohe!\" \/>\n<meta property=\"og:url\" content=\"https:\/\/decolights.eu\/de\/produkt-2\/festoon-led-lights-with-hanging-bulbs-12-5m-15-bulbs\/\" \/>\n<meta property=\"og:site_name\" content=\"Decolights.eu\" \/>\n<meta property=\"article:modified_time\" content=\"2023-06-09T09:52:05+00:00\" \/>\n<meta property=\"og:image\" content=\"https:\/\/decolights.eu\/wp-content\/uploads\/2023\/05\/img_5374.jpeg\" \/>\n\t<meta property=\"og:image:width\" content=\"960\" \/>\n\t<meta property=\"og:image:height\" content=\"960\" \/>\n\t<meta property=\"og:image:type\" content=\"image\/jpeg\" \/>\n<meta name=\"twitter:card\" content=\"summary_large_image\" \/>\n<meta name=\"twitter:label1\" content=\"Gesch\u00e4tzte Lesezeit\" \/>\n\t<meta name=\"twitter:data1\" content=\"1\u00a0Minute\" \/>\n<script type=\"application\/ld+json\" class=\"yoast-schema-graph\">{\"@context\":\"https:\\\/\\\/schema.org\",\"@graph\":[{\"@type\":\"WebPage\",\"@id\":\"https:\\\/\\\/decolights.eu\\\/product\\\/festoon-led-lights-with-hanging-bulbs-12-5m-15-bulbs\\\/\",\"url\":\"https:\\\/\\\/decolights.eu\\\/product\\\/festoon-led-lights-with-hanging-bulbs-12-5m-15-bulbs\\\/\",\"name\":\"Festoon LED Lights with hanging bulbs 12.5m 15 bulbs - Decolights.eu\",\"isPartOf\":{\"@id\":\"https:\\\/\\\/decolights.eu\\\/#website\"},\"primaryImageOfPage\":{\"@id\":\"https:\\\/\\\/decolights.eu\\\/product\\\/festoon-led-lights-with-hanging-bulbs-12-5m-15-bulbs\\\/#primaryimage\"},\"image\":{\"@id\":\"https:\\\/\\\/decolights.eu\\\/product\\\/festoon-led-lights-with-hanging-bulbs-12-5m-15-bulbs\\\/#primaryimage\"},\"thumbnailUrl\":\"https:\\\/\\\/decolights.eu\\\/wp-content\\\/uploads\\\/2023\\\/05\\\/img_5374.jpeg\",\"datePublished\":\"2023-04-26T14:00:38+00:00\",\"dateModified\":\"2023-06-09T09:52:05+00:00\",\"description\":\"LED Lambikett ripuvate pesadega on suve terasside lahutamatu osa! Kaunista sellega nii oma koduaed kui ka restorani v\u00f5i kontori hoov. Osta kohe!\",\"breadcrumb\":{\"@id\":\"https:\\\/\\\/decolights.eu\\\/product\\\/festoon-led-lights-with-hanging-bulbs-12-5m-15-bulbs\\\/#breadcrumb\"},\"inLanguage\":\"de\",\"potentialAction\":[{\"@type\":\"ReadAction\",\"target\":[\"https:\\\/\\\/decolights.eu\\\/product\\\/festoon-led-lights-with-hanging-bulbs-12-5m-15-bulbs\\\/\"]}]},{\"@type\":\"ImageObject\",\"inLanguage\":\"de\",\"@id\":\"https:\\\/\\\/decolights.eu\\\/product\\\/festoon-led-lights-with-hanging-bulbs-12-5m-15-bulbs\\\/#primaryimage\",\"url\":\"https:\\\/\\\/decolights.eu\\\/wp-content\\\/uploads\\\/2023\\\/05\\\/img_5374.jpeg\",\"contentUrl\":\"https:\\\/\\\/decolights.eu\\\/wp-content\\\/uploads\\\/2023\\\/05\\\/img_5374.jpeg\",\"width\":960,\"height\":960},{\"@type\":\"BreadcrumbList\",\"@id\":\"https:\\\/\\\/decolights.eu\\\/product\\\/festoon-led-lights-with-hanging-bulbs-12-5m-15-bulbs\\\/#breadcrumb\",\"itemListElement\":[{\"@type\":\"ListItem\",\"position\":1,\"name\":\"Shop\",\"item\":\"https:\\\/\\\/decolights.eu\\\/shop\\\/\"},{\"@type\":\"ListItem\",\"position\":2,\"name\":\"Festoon LED Lights with hanging bulbs 12.5m 15 bulbs\"}]},{\"@type\":\"WebSite\",\"@id\":\"https:\\\/\\\/decolights.eu\\\/#website\",\"url\":\"https:\\\/\\\/decolights.eu\\\/\",\"name\":\"decolights\",\"description\":\"Led Decorations for Home and Garden\",\"publisher\":{\"@id\":\"https:\\\/\\\/decolights.eu\\\/#organization\"},\"alternateName\":\"decolights.eu\",\"potentialAction\":[{\"@type\":\"SearchAction\",\"target\":{\"@type\":\"EntryPoint\",\"urlTemplate\":\"https:\\\/\\\/decolights.eu\\\/?s={search_term_string}\"},\"query-input\":{\"@type\":\"PropertyValueSpecification\",\"valueRequired\":true,\"valueName\":\"search_term_string\"}}],\"inLanguage\":\"de\"},{\"@type\":\"Organization\",\"@id\":\"https:\\\/\\\/decolights.eu\\\/#organization\",\"name\":\"decolights\",\"url\":\"https:\\\/\\\/decolights.eu\\\/\",\"logo\":{\"@type\":\"ImageObject\",\"inLanguage\":\"de\",\"@id\":\"https:\\\/\\\/decolights.eu\\\/#\\\/schema\\\/logo\\\/image\\\/\",\"url\":\"https:\\\/\\\/decolights.eu\\\/wp-content\\\/uploads\\\/2023\\\/07\\\/cropped-decolight-siteicon.png\",\"contentUrl\":\"https:\\\/\\\/decolights.eu\\\/wp-content\\\/uploads\\\/2023\\\/07\\\/cropped-decolight-siteicon.png\",\"width\":512,\"height\":512,\"caption\":\"decolights\"},\"image\":{\"@id\":\"https:\\\/\\\/decolights.eu\\\/#\\\/schema\\\/logo\\\/image\\\/\"}}]}<\/script>\n<!-- \/ Yoast SEO plugin. -->","yoast_head_json":{"title":"Soffitten-LED-Leuchten mit h\u00e4ngenden Gl\u00fchbirnen, 12,5 m, 15 Gl\u00fchbirnen \u2013 Decolights.eu","description":"LED-Lambikett rei\u00dft die Sonne auf die sch\u00f6ne Terrasse! Kaunista verkaufte keine Zeit, um die Restaurierung oder das Konto zu \u00fcbernehmen. Osta kohe!","robots":{"index":"index","follow":"follow","max-snippet":"max-snippet:-1","max-image-preview":"max-image-preview:large","max-video-preview":"max-video-preview:-1"},"canonical":"https:\/\/decolights.eu\/de\/produkt-2\/festoon-led-lights-with-hanging-bulbs-12-5m-15-bulbs\/","og_locale":"de_DE","og_type":"article","og_title":"Festoon LED Lights with hanging bulbs 12.5m 15 bulbs - Decolights.eu","og_description":"LED Lambikett ripuvate pesadega on suve terasside lahutamatu osa! Kaunista sellega nii oma koduaed kui ka restorani v\u00f5i kontori hoov. Osta kohe!","og_url":"https:\/\/decolights.eu\/de\/produkt-2\/festoon-led-lights-with-hanging-bulbs-12-5m-15-bulbs\/","og_site_name":"Decolights.eu","article_modified_time":"2023-06-09T09:52:05+00:00","og_image":[{"width":960,"height":960,"url":"https:\/\/decolights.eu\/wp-content\/uploads\/2023\/05\/img_5374.jpeg","type":"image\/jpeg"}],"twitter_card":"summary_large_image","twitter_misc":{"Gesch\u00e4tzte Lesezeit":"1\u00a0Minute"},"schema":{"@context":"https:\/\/schema.org","@graph":[{"@type":"WebPage","@id":"https:\/\/decolights.eu\/product\/festoon-led-lights-with-hanging-bulbs-12-5m-15-bulbs\/","url":"https:\/\/decolights.eu\/product\/festoon-led-lights-with-hanging-bulbs-12-5m-15-bulbs\/","name":"Soffitten-LED-Leuchten mit h\u00e4ngenden Gl\u00fchbirnen, 12,5 m, 15 Gl\u00fchbirnen \u2013 Decolights.eu","isPartOf":{"@id":"https:\/\/decolights.eu\/#website"},"primaryImageOfPage":{"@id":"https:\/\/decolights.eu\/product\/festoon-led-lights-with-hanging-bulbs-12-5m-15-bulbs\/#primaryimage"},"image":{"@id":"https:\/\/decolights.eu\/product\/festoon-led-lights-with-hanging-bulbs-12-5m-15-bulbs\/#primaryimage"},"thumbnailUrl":"https:\/\/decolights.eu\/wp-content\/uploads\/2023\/05\/img_5374.jpeg","datePublished":"2023-04-26T14:00:38+00:00","dateModified":"2023-06-09T09:52:05+00:00","description":"LED-Lambikett rei\u00dft die Sonne auf die sch\u00f6ne Terrasse! Kaunista verkaufte keine Zeit, um die Restaurierung oder das Konto zu \u00fcbernehmen. Osta kohe!","breadcrumb":{"@id":"https:\/\/decolights.eu\/product\/festoon-led-lights-with-hanging-bulbs-12-5m-15-bulbs\/#breadcrumb"},"inLanguage":"de","potentialAction":[{"@type":"ReadAction","target":["https:\/\/decolights.eu\/product\/festoon-led-lights-with-hanging-bulbs-12-5m-15-bulbs\/"]}]},{"@type":"ImageObject","inLanguage":"de","@id":"https:\/\/decolights.eu\/product\/festoon-led-lights-with-hanging-bulbs-12-5m-15-bulbs\/#primaryimage","url":"https:\/\/decolights.eu\/wp-content\/uploads\/2023\/05\/img_5374.jpeg","contentUrl":"https:\/\/decolights.eu\/wp-content\/uploads\/2023\/05\/img_5374.jpeg","width":960,"height":960},{"@type":"BreadcrumbList","@id":"https:\/\/decolights.eu\/product\/festoon-led-lights-with-hanging-bulbs-12-5m-15-bulbs\/#breadcrumb","itemListElement":[{"@type":"ListItem","position":1,"name":"Shop","item":"https:\/\/decolights.eu\/shop\/"},{"@type":"ListItem","position":2,"name":"Festoon LED Lights with hanging bulbs 12.5m 15 bulbs"}]},{"@type":"WebSite","@id":"https:\/\/decolights.eu\/#website","url":"https:\/\/decolights.eu\/","name":"Dekolichter","description":"LED-Dekorationen f\u00fcr Haus und Garten","publisher":{"@id":"https:\/\/decolights.eu\/#organization"},"alternateName":"decolights.eu","potentialAction":[{"@type":"SearchAction","target":{"@type":"EntryPoint","urlTemplate":"https:\/\/decolights.eu\/?s={search_term_string}"},"query-input":{"@type":"PropertyValueSpecification","valueRequired":true,"valueName":"search_term_string"}}],"inLanguage":"de"},{"@type":"Organization","@id":"https:\/\/decolights.eu\/#organization","name":"Dekolichter","url":"https:\/\/decolights.eu\/","logo":{"@type":"ImageObject","inLanguage":"de","@id":"https:\/\/decolights.eu\/#\/schema\/logo\/image\/","url":"https:\/\/decolights.eu\/wp-content\/uploads\/2023\/07\/cropped-decolight-siteicon.png","contentUrl":"https:\/\/decolights.eu\/wp-content\/uploads\/2023\/07\/cropped-decolight-siteicon.png","width":512,"height":512,"caption":"decolights"},"image":{"@id":"https:\/\/decolights.eu\/#\/schema\/logo\/image\/"}}]}},"jetpack_sharing_enabled":true,"_links":{"self":[{"href":"https:\/\/decolights.eu\/de\/wp-json\/wp\/v2\/product\/43744","targetHints":{"allow":["GET"]}}],"collection":[{"href":"https:\/\/decolights.eu\/de\/wp-json\/wp\/v2\/product"}],"about":[{"href":"https:\/\/decolights.eu\/de\/wp-json\/wp\/v2\/types\/product"}],"replies":[{"embeddable":true,"href":"https:\/\/decolights.eu\/de\/wp-json\/wp\/v2\/comments?post=43744"}],"wp:featuredmedia":[{"embeddable":true,"href":"https:\/\/decolights.eu\/de\/wp-json\/wp\/v2\/media\/43784"}],"wp:attachment":[{"href":"https:\/\/decolights.eu\/de\/wp-json\/wp\/v2\/media?parent=43744"}],"wp:term":[{"taxonomy":"product_brand","embeddable":true,"href":"https:\/\/decolights.eu\/de\/wp-json\/wp\/v2\/product_brand?post=43744"},{"taxonomy":"product_cat","embeddable":true,"href":"https:\/\/decolights.eu\/de\/wp-json\/wp\/v2\/product_cat?post=43744"},{"taxonomy":"product_tag","embeddable":true,"href":"https:\/\/decolights.eu\/de\/wp-json\/wp\/v2\/product_tag?post=43744"}],"curies":[{"name":"wp","href":"https:\/\/api.w.org\/{rel}","templated":true}]}}