{"id":44636,"date":"2023-07-29T15:01:06","date_gmt":"2023-07-29T15:01:06","guid":{"rendered":"https:\/\/decolights.eu\/?post_type=product&#038;p=44636"},"modified":"2023-08-11T15:20:21","modified_gmt":"2023-08-11T15:20:21","slug":"solar-latern-lumiz-round30-marrakesh-petrol","status":"publish","type":"product","link":"https:\/\/decolights.eu\/de\/produkt-2\/solar-latern-lumiz-round30-marrakesh-petrol\/","title":{"rendered":"Solarlaterne Lumiz Round30 Marrakesh Petrol"},"content":{"rendered":"<p><strong>Gr\u00f6\u00dfe: \u00d8 30 cm x K 29 cm<\/strong><\/p>\n<p><strong>Farbe: Blau (Petrol)<\/strong><\/p>\n<p><strong><img loading=\"lazy\" decoding=\"async\" src=\"https:\/\/lumiz.nl\/wp-content\/uploads\/2021\/04\/LUMIZ_PATRON_Marakesh-119x300.jpg\" alt=\"LUMIZ_PATRON_Marakesh\" width=\"76\" height=\"191\" \/>\u00a0<img loading=\"lazy\" decoding=\"async\" src=\"https:\/\/lumiz.nl\/wp-content\/uploads\/2022\/02\/petrol-2.png\" width=\"163\" height=\"163\" \/><\/strong><\/p>\n<p><strong>Schaffen Sie eine magische Atmosph\u00e4re mit Lumiz-Solarlaternen.<\/strong><\/p>\n<p><strong>Der perfekte Weg, um in jedem Garten, Hinterhof oder auf der Veranda eine magische Atmosph\u00e4re zu schaffen. Es gibt sie in einer Vielzahl k\u00f6stlicher Farben, Formen und Muster. Lassen Sie Ihrer Kreativit\u00e4t freien Lauf \u2013 diese Laternen k\u00f6nnen gemischt und kombiniert werden, um die perfekte Atmosph\u00e4re zu schaffen.<\/strong><\/p>\n<p>Lumizi-Solarlaternen k\u00f6nnen das ganze Jahr \u00fcber im Freien verwendet werden. H\u00e4ngen Sie sie in die Sonne und die Laternen sorgen abends f\u00fcr zauberhaftes Licht.<\/p>\n<p><strong>Lumiz ist eine nachhaltige LED-Laterne<\/strong> Hergestellt aus starkem, wetterfestem und recycelbarem Tyvek, einem patentierten Material. Tyvek ist ein hochwertiges Material, was bedeutet, dass die Laternen lange halten.<\/p>\n<p><strong>Bei der Solarlaterne handelt es sich um eine LED-Laterne, die den ganzen Tag \u00fcber durch Solarbatterien aufgeladen wird.<\/strong> Das Solarbatteriemodul in der Laterne ist farblich passend zum Tyvek gefertigt und sorgt f\u00fcr eine warme LED-Lichtfarbe. Um die Laterne optimal zum Leuchten zu bringen, hat Lumiz beschlossen, ein eigenes Solarmodul zu entwickeln. Das Modul enth\u00e4lt wiederaufladbare AAA-Batterien, die bei Sonnenlicht optimal aufgeladen werden.<\/p>\n<p><strong>Bei optimalen Sonnenbedingungen kann die Laterne 6-8 Stunden lang leuchten. Die Intensit\u00e4t des Lichts kann nach 5\u20136 Stunden nachlassen.<\/strong><\/p>\n<p><strong>Ladetipp<\/strong>: H\u00e4ngen Sie die Laterne so auf, dass die Sonne direkt auf das Solarpanel scheinen kann.<\/p>\n<p><strong>Wartung<\/strong>: Reinigen Sie das Solarpanel mit einem weichen, feuchten Tuch. Die Sonnenenergieabsorption bleibt dann auf maximalem Niveau. Das Tyvek-Material kann bei Bedarf mit einem weichen, feuchten Tuch abgewischt werden.<\/p>\n<p>Wenn Sie die Laterne im Winter verstauen m\u00f6chten, k\u00f6nnen Sie sie einfach zusammenfalten, sodass sie v\u00f6llig flach ist. Wir empfehlen, die Batterien aus dem Solarmodul zu entfernen. (Wenn die Batterien \u00fcber einen l\u00e4ngeren Zeitraum im Solarpanel belassen werden, kann dies zu Auslaufen und Sch\u00e4den an den elektronischen Bauteilen f\u00fchren.)<\/p>","protected":false},"excerpt":{"rendered":"<p>Size: \u00d8\u00a0 30 cm x K 29 cm Colour: Blue (Petrol) \u00a0 Create a magical atmosphere with Lumiz solar lanterns. The perfect way to create a magical atmosphere in any garden, backyard or porch. They come in a wide variety of delicious colours, shapes and patterns. Let your creativity flow &#8211; these lanterns can be [&#8230;]\n","protected":false},"featured_media":44637,"comment_status":"open","ping_status":"closed","template":"","meta":[],"product_brand":[],"product_cat":[381],"product_tag":[],"class_list":{"0":"post-44636","1":"product","2":"type-product","3":"status-publish","4":"has-post-thumbnail","6":"product_cat-lumiz","8":"first","9":"instock","10":"sale","11":"shipping-taxable","12":"purchasable","13":"product-type-simple"},"yoast_head":"<!-- This site is optimized with the Yoast SEO plugin v27.3 - https:\/\/yoast.com\/product\/yoast-seo-wordpress\/ -->\n<title>Solar Latern Lumiz Round30 Marrakesh Petrol - Decolights.eu<\/title>\n<meta name=\"description\" content=\"Buy Solar Latern Lumiz Round30 Marrakesh Petrol for . Browse our range of . Buy for the best price today and enjoy cozy atmosphere.\" \/>\n<meta name=\"robots\" content=\"index, follow, max-snippet:-1, max-image-preview:large, max-video-preview:-1\" \/>\n<link rel=\"canonical\" href=\"https:\/\/decolights.eu\/de\/produkt-2\/solar-latern-lumiz-round30-marrakesh-petrol\/\" \/>\n<meta property=\"og:locale\" content=\"de_DE\" \/>\n<meta property=\"og:type\" content=\"article\" \/>\n<meta property=\"og:title\" content=\"Solar Latern Lumiz Round30 Marrakesh Petrol - Decolights.eu\" \/>\n<meta property=\"og:description\" content=\"Buy Solar Latern Lumiz Round30 Marrakesh Petrol for . Browse our range of . Buy for the best price today and enjoy cozy atmosphere.\" \/>\n<meta property=\"og:url\" content=\"https:\/\/decolights.eu\/de\/produkt-2\/solar-latern-lumiz-round30-marrakesh-petrol\/\" \/>\n<meta property=\"og:site_name\" content=\"Decolights.eu\" \/>\n<meta property=\"article:modified_time\" content=\"2023-08-11T15:20:21+00:00\" \/>\n<meta property=\"og:image\" content=\"https:\/\/decolights.eu\/wp-content\/uploads\/2023\/08\/23.-Round-30-Marrakesh-Petrol.jpg\" \/>\n\t<meta property=\"og:image:width\" content=\"1173\" \/>\n\t<meta property=\"og:image:height\" content=\"1638\" \/>\n\t<meta property=\"og:image:type\" content=\"image\/jpeg\" \/>\n<meta name=\"twitter:card\" content=\"summary_large_image\" \/>\n<meta name=\"twitter:label1\" content=\"Gesch\u00e4tzte Lesezeit\" \/>\n\t<meta name=\"twitter:data1\" content=\"2\u00a0Minuten\" \/>\n<script type=\"application\/ld+json\" class=\"yoast-schema-graph\">{\"@context\":\"https:\\\/\\\/schema.org\",\"@graph\":[{\"@type\":\"WebPage\",\"@id\":\"https:\\\/\\\/decolights.eu\\\/product\\\/solar-latern-lumiz-round30-marrakesh-petrol\\\/\",\"url\":\"https:\\\/\\\/decolights.eu\\\/product\\\/solar-latern-lumiz-round30-marrakesh-petrol\\\/\",\"name\":\"Solar Latern Lumiz Round30 Marrakesh Petrol - Decolights.eu\",\"isPartOf\":{\"@id\":\"https:\\\/\\\/decolights.eu\\\/#website\"},\"primaryImageOfPage\":{\"@id\":\"https:\\\/\\\/decolights.eu\\\/product\\\/solar-latern-lumiz-round30-marrakesh-petrol\\\/#primaryimage\"},\"image\":{\"@id\":\"https:\\\/\\\/decolights.eu\\\/product\\\/solar-latern-lumiz-round30-marrakesh-petrol\\\/#primaryimage\"},\"thumbnailUrl\":\"https:\\\/\\\/decolights.eu\\\/wp-content\\\/uploads\\\/2023\\\/08\\\/23.-Round-30-Marrakesh-Petrol.jpg\",\"datePublished\":\"2023-07-29T15:01:06+00:00\",\"dateModified\":\"2023-08-11T15:20:21+00:00\",\"description\":\"Buy Solar Latern Lumiz Round30 Marrakesh Petrol for . Browse our range of . Buy for the best price today and enjoy cozy atmosphere.\",\"breadcrumb\":{\"@id\":\"https:\\\/\\\/decolights.eu\\\/product\\\/solar-latern-lumiz-round30-marrakesh-petrol\\\/#breadcrumb\"},\"inLanguage\":\"de\",\"potentialAction\":[{\"@type\":\"ReadAction\",\"target\":[\"https:\\\/\\\/decolights.eu\\\/product\\\/solar-latern-lumiz-round30-marrakesh-petrol\\\/\"]}]},{\"@type\":\"ImageObject\",\"inLanguage\":\"de\",\"@id\":\"https:\\\/\\\/decolights.eu\\\/product\\\/solar-latern-lumiz-round30-marrakesh-petrol\\\/#primaryimage\",\"url\":\"https:\\\/\\\/decolights.eu\\\/wp-content\\\/uploads\\\/2023\\\/08\\\/23.-Round-30-Marrakesh-Petrol.jpg\",\"contentUrl\":\"https:\\\/\\\/decolights.eu\\\/wp-content\\\/uploads\\\/2023\\\/08\\\/23.-Round-30-Marrakesh-Petrol.jpg\",\"width\":1173,\"height\":1638},{\"@type\":\"BreadcrumbList\",\"@id\":\"https:\\\/\\\/decolights.eu\\\/product\\\/solar-latern-lumiz-round30-marrakesh-petrol\\\/#breadcrumb\",\"itemListElement\":[{\"@type\":\"ListItem\",\"position\":1,\"name\":\"Shop\",\"item\":\"https:\\\/\\\/decolights.eu\\\/shop\\\/\"},{\"@type\":\"ListItem\",\"position\":2,\"name\":\"Solar Latern Lumiz Round30 Marrakesh Petrol\"}]},{\"@type\":\"WebSite\",\"@id\":\"https:\\\/\\\/decolights.eu\\\/#website\",\"url\":\"https:\\\/\\\/decolights.eu\\\/\",\"name\":\"decolights\",\"description\":\"Led Decorations for Home and Garden\",\"publisher\":{\"@id\":\"https:\\\/\\\/decolights.eu\\\/#organization\"},\"alternateName\":\"decolights.eu\",\"potentialAction\":[{\"@type\":\"SearchAction\",\"target\":{\"@type\":\"EntryPoint\",\"urlTemplate\":\"https:\\\/\\\/decolights.eu\\\/?s={search_term_string}\"},\"query-input\":{\"@type\":\"PropertyValueSpecification\",\"valueRequired\":true,\"valueName\":\"search_term_string\"}}],\"inLanguage\":\"de\"},{\"@type\":\"Organization\",\"@id\":\"https:\\\/\\\/decolights.eu\\\/#organization\",\"name\":\"decolights\",\"url\":\"https:\\\/\\\/decolights.eu\\\/\",\"logo\":{\"@type\":\"ImageObject\",\"inLanguage\":\"de\",\"@id\":\"https:\\\/\\\/decolights.eu\\\/#\\\/schema\\\/logo\\\/image\\\/\",\"url\":\"https:\\\/\\\/decolights.eu\\\/wp-content\\\/uploads\\\/2023\\\/07\\\/cropped-decolight-siteicon.png\",\"contentUrl\":\"https:\\\/\\\/decolights.eu\\\/wp-content\\\/uploads\\\/2023\\\/07\\\/cropped-decolight-siteicon.png\",\"width\":512,\"height\":512,\"caption\":\"decolights\"},\"image\":{\"@id\":\"https:\\\/\\\/decolights.eu\\\/#\\\/schema\\\/logo\\\/image\\\/\"}}]}<\/script>\n<!-- \/ Yoast SEO plugin. -->","yoast_head_json":{"title":"Solar Latern Lumiz Round30 Marrakesh Petrol - Decolights.eu","description":"Buy Solar Latern Lumiz Round30 Marrakesh Petrol for . Browse our range of . Buy for the best price today and enjoy cozy atmosphere.","robots":{"index":"index","follow":"follow","max-snippet":"max-snippet:-1","max-image-preview":"max-image-preview:large","max-video-preview":"max-video-preview:-1"},"canonical":"https:\/\/decolights.eu\/de\/produkt-2\/solar-latern-lumiz-round30-marrakesh-petrol\/","og_locale":"de_DE","og_type":"article","og_title":"Solar Latern Lumiz Round30 Marrakesh Petrol - Decolights.eu","og_description":"Buy Solar Latern Lumiz Round30 Marrakesh Petrol for . Browse our range of . Buy for the best price today and enjoy cozy atmosphere.","og_url":"https:\/\/decolights.eu\/de\/produkt-2\/solar-latern-lumiz-round30-marrakesh-petrol\/","og_site_name":"Decolights.eu","article_modified_time":"2023-08-11T15:20:21+00:00","og_image":[{"width":1173,"height":1638,"url":"https:\/\/decolights.eu\/wp-content\/uploads\/2023\/08\/23.-Round-30-Marrakesh-Petrol.jpg","type":"image\/jpeg"}],"twitter_card":"summary_large_image","twitter_misc":{"Gesch\u00e4tzte Lesezeit":"2\u00a0Minuten"},"schema":{"@context":"https:\/\/schema.org","@graph":[{"@type":"WebPage","@id":"https:\/\/decolights.eu\/product\/solar-latern-lumiz-round30-marrakesh-petrol\/","url":"https:\/\/decolights.eu\/product\/solar-latern-lumiz-round30-marrakesh-petrol\/","name":"Solar Latern Lumiz Round30 Marrakesh Petrol - Decolights.eu","isPartOf":{"@id":"https:\/\/decolights.eu\/#website"},"primaryImageOfPage":{"@id":"https:\/\/decolights.eu\/product\/solar-latern-lumiz-round30-marrakesh-petrol\/#primaryimage"},"image":{"@id":"https:\/\/decolights.eu\/product\/solar-latern-lumiz-round30-marrakesh-petrol\/#primaryimage"},"thumbnailUrl":"https:\/\/decolights.eu\/wp-content\/uploads\/2023\/08\/23.-Round-30-Marrakesh-Petrol.jpg","datePublished":"2023-07-29T15:01:06+00:00","dateModified":"2023-08-11T15:20:21+00:00","description":"Buy Solar Latern Lumiz Round30 Marrakesh Petrol for . Browse our range of . Buy for the best price today and enjoy cozy atmosphere.","breadcrumb":{"@id":"https:\/\/decolights.eu\/product\/solar-latern-lumiz-round30-marrakesh-petrol\/#breadcrumb"},"inLanguage":"de","potentialAction":[{"@type":"ReadAction","target":["https:\/\/decolights.eu\/product\/solar-latern-lumiz-round30-marrakesh-petrol\/"]}]},{"@type":"ImageObject","inLanguage":"de","@id":"https:\/\/decolights.eu\/product\/solar-latern-lumiz-round30-marrakesh-petrol\/#primaryimage","url":"https:\/\/decolights.eu\/wp-content\/uploads\/2023\/08\/23.-Round-30-Marrakesh-Petrol.jpg","contentUrl":"https:\/\/decolights.eu\/wp-content\/uploads\/2023\/08\/23.-Round-30-Marrakesh-Petrol.jpg","width":1173,"height":1638},{"@type":"BreadcrumbList","@id":"https:\/\/decolights.eu\/product\/solar-latern-lumiz-round30-marrakesh-petrol\/#breadcrumb","itemListElement":[{"@type":"ListItem","position":1,"name":"Shop","item":"https:\/\/decolights.eu\/shop\/"},{"@type":"ListItem","position":2,"name":"Solar Latern Lumiz Round30 Marrakesh Petrol"}]},{"@type":"WebSite","@id":"https:\/\/decolights.eu\/#website","url":"https:\/\/decolights.eu\/","name":"Dekolichter","description":"LED-Dekorationen f\u00fcr Haus und Garten","publisher":{"@id":"https:\/\/decolights.eu\/#organization"},"alternateName":"decolights.eu","potentialAction":[{"@type":"SearchAction","target":{"@type":"EntryPoint","urlTemplate":"https:\/\/decolights.eu\/?s={search_term_string}"},"query-input":{"@type":"PropertyValueSpecification","valueRequired":true,"valueName":"search_term_string"}}],"inLanguage":"de"},{"@type":"Organization","@id":"https:\/\/decolights.eu\/#organization","name":"Dekolichter","url":"https:\/\/decolights.eu\/","logo":{"@type":"ImageObject","inLanguage":"de","@id":"https:\/\/decolights.eu\/#\/schema\/logo\/image\/","url":"https:\/\/decolights.eu\/wp-content\/uploads\/2023\/07\/cropped-decolight-siteicon.png","contentUrl":"https:\/\/decolights.eu\/wp-content\/uploads\/2023\/07\/cropped-decolight-siteicon.png","width":512,"height":512,"caption":"decolights"},"image":{"@id":"https:\/\/decolights.eu\/#\/schema\/logo\/image\/"}}]}},"jetpack_sharing_enabled":true,"_links":{"self":[{"href":"https:\/\/decolights.eu\/de\/wp-json\/wp\/v2\/product\/44636","targetHints":{"allow":["GET"]}}],"collection":[{"href":"https:\/\/decolights.eu\/de\/wp-json\/wp\/v2\/product"}],"about":[{"href":"https:\/\/decolights.eu\/de\/wp-json\/wp\/v2\/types\/product"}],"replies":[{"embeddable":true,"href":"https:\/\/decolights.eu\/de\/wp-json\/wp\/v2\/comments?post=44636"}],"wp:featuredmedia":[{"embeddable":true,"href":"https:\/\/decolights.eu\/de\/wp-json\/wp\/v2\/media\/44637"}],"wp:attachment":[{"href":"https:\/\/decolights.eu\/de\/wp-json\/wp\/v2\/media?parent=44636"}],"wp:term":[{"taxonomy":"product_brand","embeddable":true,"href":"https:\/\/decolights.eu\/de\/wp-json\/wp\/v2\/product_brand?post=44636"},{"taxonomy":"product_cat","embeddable":true,"href":"https:\/\/decolights.eu\/de\/wp-json\/wp\/v2\/product_cat?post=44636"},{"taxonomy":"product_tag","embeddable":true,"href":"https:\/\/decolights.eu\/de\/wp-json\/wp\/v2\/product_tag?post=44636"}],"curies":[{"name":"wp","href":"https:\/\/api.w.org\/{rel}","templated":true}]}}