{"id":4612,"date":"2023-04-01T04:21:46","date_gmt":"2023-04-01T04:21:46","guid":{"rendered":"https:\/\/decolights.eu\/?post_type=product&#038;p=4612"},"modified":"2023-04-29T08:39:14","modified_gmt":"2023-04-29T08:39:14","slug":"2-in-1-rechargeable-mosquito-repellent-lamp-and-insect-killing-racquet","status":"publish","type":"product","link":"https:\/\/decolights.eu\/de\/produkt-2\/2-in-1-rechargeable-mosquito-repellent-lamp-and-insect-killing-racquet\/","title":{"rendered":"2-in-1-wiederaufladbare M\u00fcckenschutzlampe und Insektenvernichtungsschl\u00e4ger"},"content":{"rendered":"<p>Eine originale M\u00fcckenschutzlampe mit Lichtsensor und ein Insektenvernichtungsschl\u00e4ger mit einem Knopf am Griff zum Aktivieren des Netzes, immer in v\u00f6lliger Sicherheit. Da es wiederaufladbar und tragbar ist, kann es \u00fcberall verwendet werden. Das UV-Licht schaltet sich bei Dunkelheit automatisch ein und tags\u00fcber aus. Es verf\u00fcgt au\u00dferdem \u00fcber einen Schalter zum Aktivieren oder Deaktivieren des UV-Nachtlichts und des Netzes. Ideal, um Fliegen, M\u00fccken und andere Insekten einfach und umweltfreundlicher und ohne den Einsatz chemischer Produkte loszuwerden. Der Schl\u00e4ger und die Basis k\u00f6nnen miteinander verriegelt und als Lampe und als Kindersicherungsma\u00dfnahme aufgeh\u00e4ngt werden.<\/p>\n<ul>\n<li><strong>Material:<\/strong> Abs<\/li>\n<li><strong>Farbe:\u00a0<\/strong>Weiss<\/li>\n<li><strong>Gr\u00f6\u00dfe:<\/strong>17,5 x 29 x 5,5 cm<\/li>\n<li>Innovatives und funktionales Design<\/li>\n<li><strong>Typ:<\/strong>\n<ul>\n<li>Elektrisch<\/li>\n<li>Wiederaufladbar<\/li>\n<\/ul>\n<\/li>\n<li><strong>Doppelfunktion:<\/strong>\n<ul>\n<li>Beleuchtung<\/li>\n<li>Elektrischer M\u00fcckenschutz<\/li>\n<\/ul>\n<\/li>\n<li><strong>UV-Lampe:<\/strong>\n<ul>\n<li>Lichtsensor<\/li>\n<li>3 x 0,06 W<\/li>\n<li>360-400 nm<\/li>\n<\/ul>\n<\/li>\n<li>Sicherheitsblock<\/li>\n<li>Externer Sto\u00dfschutz<\/li>\n<li>Wasserdicht: IPX4<\/li>\n<li>Verwendung im Innen- und Au\u00dfenbereich<\/li>\n<li>Ausziehbare Grifff\u00fc\u00dfe<\/li>\n<li>Kordel zum Aufh\u00e4ngen<\/li>\n<li>Keine Ger\u00fcche oder Chemikalien<\/li>\n<li>Bequeme, einfache und sichere Anwendung<\/li>\n<li>Leicht zu transportieren und zu lagern<\/li>\n<li><strong>Beinhaltet:<\/strong>\n<ul>\n<li>USB-Kabel auf Micro-USB<\/li>\n<li>LED-Ladeanzeige<\/li>\n<\/ul>\n<\/li>\n<li><strong>Leistung:<\/strong> 1000 V<\/li>\n<li><strong>Batterie:<\/strong> 130 mAh \/ 3,7 V<\/li>\n<li><strong>Eingang:<\/strong> 40 mA \u2013 5 V<\/li>\n<\/ul>\n<p><iframe loading=\"lazy\" title=\"InnovaGoods Insektenschutzlampe und -klatsche\" width=\"1020\" height=\"574\" src=\"https:\/\/www.youtube.com\/embed\/I1wOFoEZyQw?feature=oembed\" frameborder=\"0\" allow=\"accelerometer; autoplay; clipboard-write; encrypted-media; gyroscope; picture-in-picture; web-share\" allowfullscreen><\/iframe><\/p>","protected":false},"excerpt":{"rendered":"<p>An original mosquito-repellent lamp with light sensor and an insect-killing racquet with a button on the handle to activate the mesh, always in complete safety. As it is rechargeable and portable, it is convenient for use anywhere. The UV light will automatically switch on in the dark and switch off during the day. It also [&#8230;]\n","protected":false},"featured_media":4645,"comment_status":"open","ping_status":"closed","template":"","meta":[],"product_brand":[],"product_cat":[276,226],"product_tag":[],"class_list":{"0":"post-4612","1":"product","2":"type-product","3":"status-publish","4":"has-post-thumbnail","6":"product_cat-mosquito-lamps-and-net","7":"product_cat-outdoor-lights","8":"pa_brand-deco","10":"first","11":"instock","12":"sale","13":"shipping-taxable","14":"purchasable","15":"product-type-simple"},"yoast_head":"<!-- This site is optimized with the Yoast SEO plugin v27.3 - https:\/\/yoast.com\/product\/yoast-seo-wordpress\/ -->\n<title>2 in 1 rechargeable mosquito repellent lamp and insect-killing racquet - Decolights.eu<\/title>\n<meta name=\"description\" content=\"A mosquito racquet and lamp is a very practical and effective device for removing insects(flies, mosquitoes, bees etc). Buy now to get the best price!\" \/>\n<meta name=\"robots\" content=\"index, follow, max-snippet:-1, max-image-preview:large, max-video-preview:-1\" \/>\n<link rel=\"canonical\" href=\"https:\/\/decolights.eu\/de\/produkt-2\/2-in-1-rechargeable-mosquito-repellent-lamp-and-insect-killing-racquet\/\" \/>\n<meta property=\"og:locale\" content=\"de_DE\" \/>\n<meta property=\"og:type\" content=\"article\" \/>\n<meta property=\"og:title\" content=\"2 in 1 rechargeable mosquito repellent lamp and insect-killing racquet - Decolights.eu\" \/>\n<meta property=\"og:description\" content=\"A mosquito racquet and lamp is a very practical and effective device for removing insects(flies, mosquitoes, bees etc). Buy now to get the best price!\" \/>\n<meta property=\"og:url\" content=\"https:\/\/decolights.eu\/de\/produkt-2\/2-in-1-rechargeable-mosquito-repellent-lamp-and-insect-killing-racquet\/\" \/>\n<meta property=\"og:site_name\" content=\"Decolights.eu\" \/>\n<meta property=\"article:modified_time\" content=\"2023-04-29T08:39:14+00:00\" \/>\n<meta property=\"og:image\" content=\"https:\/\/decolights.eu\/wp-content\/uploads\/2023\/04\/kaks-uhes-taaslaetav-saasetorjelamp-ja-putukate-tapmise-reket-swateck-innovagoods_121597.jpg\" \/>\n\t<meta property=\"og:image:width\" content=\"600\" \/>\n\t<meta property=\"og:image:height\" content=\"600\" \/>\n\t<meta property=\"og:image:type\" content=\"image\/jpeg\" \/>\n<meta name=\"twitter:card\" content=\"summary_large_image\" \/>\n<meta name=\"twitter:label1\" content=\"Gesch\u00e4tzte Lesezeit\" \/>\n\t<meta name=\"twitter:data1\" content=\"1\u00a0Minute\" \/>\n<script type=\"application\/ld+json\" class=\"yoast-schema-graph\">{\"@context\":\"https:\\\/\\\/schema.org\",\"@graph\":[{\"@type\":\"WebPage\",\"@id\":\"https:\\\/\\\/decolights.eu\\\/product\\\/2-in-1-rechargeable-mosquito-repellent-lamp-and-insect-killing-racquet\\\/\",\"url\":\"https:\\\/\\\/decolights.eu\\\/product\\\/2-in-1-rechargeable-mosquito-repellent-lamp-and-insect-killing-racquet\\\/\",\"name\":\"2 in 1 rechargeable mosquito repellent lamp and insect-killing racquet - Decolights.eu\",\"isPartOf\":{\"@id\":\"https:\\\/\\\/decolights.eu\\\/#website\"},\"primaryImageOfPage\":{\"@id\":\"https:\\\/\\\/decolights.eu\\\/product\\\/2-in-1-rechargeable-mosquito-repellent-lamp-and-insect-killing-racquet\\\/#primaryimage\"},\"image\":{\"@id\":\"https:\\\/\\\/decolights.eu\\\/product\\\/2-in-1-rechargeable-mosquito-repellent-lamp-and-insect-killing-racquet\\\/#primaryimage\"},\"thumbnailUrl\":\"https:\\\/\\\/decolights.eu\\\/wp-content\\\/uploads\\\/2023\\\/04\\\/kaks-uhes-taaslaetav-saasetorjelamp-ja-putukate-tapmise-reket-swateck-innovagoods_121597.jpg\",\"datePublished\":\"2023-04-01T04:21:46+00:00\",\"dateModified\":\"2023-04-29T08:39:14+00:00\",\"description\":\"A mosquito racquet and lamp is a very practical and effective device for removing insects(flies, mosquitoes, bees etc). Buy now to get the best price!\",\"breadcrumb\":{\"@id\":\"https:\\\/\\\/decolights.eu\\\/product\\\/2-in-1-rechargeable-mosquito-repellent-lamp-and-insect-killing-racquet\\\/#breadcrumb\"},\"inLanguage\":\"de\",\"potentialAction\":[{\"@type\":\"ReadAction\",\"target\":[\"https:\\\/\\\/decolights.eu\\\/product\\\/2-in-1-rechargeable-mosquito-repellent-lamp-and-insect-killing-racquet\\\/\"]}]},{\"@type\":\"ImageObject\",\"inLanguage\":\"de\",\"@id\":\"https:\\\/\\\/decolights.eu\\\/product\\\/2-in-1-rechargeable-mosquito-repellent-lamp-and-insect-killing-racquet\\\/#primaryimage\",\"url\":\"https:\\\/\\\/decolights.eu\\\/wp-content\\\/uploads\\\/2023\\\/04\\\/kaks-uhes-taaslaetav-saasetorjelamp-ja-putukate-tapmise-reket-swateck-innovagoods_121597.jpg\",\"contentUrl\":\"https:\\\/\\\/decolights.eu\\\/wp-content\\\/uploads\\\/2023\\\/04\\\/kaks-uhes-taaslaetav-saasetorjelamp-ja-putukate-tapmise-reket-swateck-innovagoods_121597.jpg\",\"width\":600,\"height\":600},{\"@type\":\"BreadcrumbList\",\"@id\":\"https:\\\/\\\/decolights.eu\\\/product\\\/2-in-1-rechargeable-mosquito-repellent-lamp-and-insect-killing-racquet\\\/#breadcrumb\",\"itemListElement\":[{\"@type\":\"ListItem\",\"position\":1,\"name\":\"Shop\",\"item\":\"https:\\\/\\\/decolights.eu\\\/shop\\\/\"},{\"@type\":\"ListItem\",\"position\":2,\"name\":\"2 in 1 rechargeable mosquito repellent lamp and insect-killing racquet\"}]},{\"@type\":\"WebSite\",\"@id\":\"https:\\\/\\\/decolights.eu\\\/#website\",\"url\":\"https:\\\/\\\/decolights.eu\\\/\",\"name\":\"decolights\",\"description\":\"Led Decorations for Home and Garden\",\"publisher\":{\"@id\":\"https:\\\/\\\/decolights.eu\\\/#organization\"},\"alternateName\":\"decolights.eu\",\"potentialAction\":[{\"@type\":\"SearchAction\",\"target\":{\"@type\":\"EntryPoint\",\"urlTemplate\":\"https:\\\/\\\/decolights.eu\\\/?s={search_term_string}\"},\"query-input\":{\"@type\":\"PropertyValueSpecification\",\"valueRequired\":true,\"valueName\":\"search_term_string\"}}],\"inLanguage\":\"de\"},{\"@type\":\"Organization\",\"@id\":\"https:\\\/\\\/decolights.eu\\\/#organization\",\"name\":\"decolights\",\"url\":\"https:\\\/\\\/decolights.eu\\\/\",\"logo\":{\"@type\":\"ImageObject\",\"inLanguage\":\"de\",\"@id\":\"https:\\\/\\\/decolights.eu\\\/#\\\/schema\\\/logo\\\/image\\\/\",\"url\":\"https:\\\/\\\/decolights.eu\\\/wp-content\\\/uploads\\\/2023\\\/07\\\/cropped-decolight-siteicon.png\",\"contentUrl\":\"https:\\\/\\\/decolights.eu\\\/wp-content\\\/uploads\\\/2023\\\/07\\\/cropped-decolight-siteicon.png\",\"width\":512,\"height\":512,\"caption\":\"decolights\"},\"image\":{\"@id\":\"https:\\\/\\\/decolights.eu\\\/#\\\/schema\\\/logo\\\/image\\\/\"}}]}<\/script>\n<!-- \/ Yoast SEO plugin. -->","yoast_head_json":{"title":"2-in-1-wiederaufladbare M\u00fcckenschutzlampe und Insektenvernichtungsschl\u00e4ger - Decolights.eu","description":"Ein M\u00fcckenschl\u00e4ger und eine Lampe sind ein sehr praktisches und effektives Ger\u00e4t zum Entfernen von Insekten (Fliegen, M\u00fccken, Bienen usw.). Kaufen Sie jetzt, um den besten Preis zu erhalten!","robots":{"index":"index","follow":"follow","max-snippet":"max-snippet:-1","max-image-preview":"max-image-preview:large","max-video-preview":"max-video-preview:-1"},"canonical":"https:\/\/decolights.eu\/de\/produkt-2\/2-in-1-rechargeable-mosquito-repellent-lamp-and-insect-killing-racquet\/","og_locale":"de_DE","og_type":"article","og_title":"2 in 1 rechargeable mosquito repellent lamp and insect-killing racquet - Decolights.eu","og_description":"A mosquito racquet and lamp is a very practical and effective device for removing insects(flies, mosquitoes, bees etc). Buy now to get the best price!","og_url":"https:\/\/decolights.eu\/de\/produkt-2\/2-in-1-rechargeable-mosquito-repellent-lamp-and-insect-killing-racquet\/","og_site_name":"Decolights.eu","article_modified_time":"2023-04-29T08:39:14+00:00","og_image":[{"width":600,"height":600,"url":"https:\/\/decolights.eu\/wp-content\/uploads\/2023\/04\/kaks-uhes-taaslaetav-saasetorjelamp-ja-putukate-tapmise-reket-swateck-innovagoods_121597.jpg","type":"image\/jpeg"}],"twitter_card":"summary_large_image","twitter_misc":{"Gesch\u00e4tzte Lesezeit":"1\u00a0Minute"},"schema":{"@context":"https:\/\/schema.org","@graph":[{"@type":"WebPage","@id":"https:\/\/decolights.eu\/product\/2-in-1-rechargeable-mosquito-repellent-lamp-and-insect-killing-racquet\/","url":"https:\/\/decolights.eu\/product\/2-in-1-rechargeable-mosquito-repellent-lamp-and-insect-killing-racquet\/","name":"2-in-1-wiederaufladbare M\u00fcckenschutzlampe und Insektenvernichtungsschl\u00e4ger - Decolights.eu","isPartOf":{"@id":"https:\/\/decolights.eu\/#website"},"primaryImageOfPage":{"@id":"https:\/\/decolights.eu\/product\/2-in-1-rechargeable-mosquito-repellent-lamp-and-insect-killing-racquet\/#primaryimage"},"image":{"@id":"https:\/\/decolights.eu\/product\/2-in-1-rechargeable-mosquito-repellent-lamp-and-insect-killing-racquet\/#primaryimage"},"thumbnailUrl":"https:\/\/decolights.eu\/wp-content\/uploads\/2023\/04\/kaks-uhes-taaslaetav-saasetorjelamp-ja-putukate-tapmise-reket-swateck-innovagoods_121597.jpg","datePublished":"2023-04-01T04:21:46+00:00","dateModified":"2023-04-29T08:39:14+00:00","description":"Ein M\u00fcckenschl\u00e4ger und eine Lampe sind ein sehr praktisches und effektives Ger\u00e4t zum Entfernen von Insekten (Fliegen, M\u00fccken, Bienen usw.). Kaufen Sie jetzt, um den besten Preis zu erhalten!","breadcrumb":{"@id":"https:\/\/decolights.eu\/product\/2-in-1-rechargeable-mosquito-repellent-lamp-and-insect-killing-racquet\/#breadcrumb"},"inLanguage":"de","potentialAction":[{"@type":"ReadAction","target":["https:\/\/decolights.eu\/product\/2-in-1-rechargeable-mosquito-repellent-lamp-and-insect-killing-racquet\/"]}]},{"@type":"ImageObject","inLanguage":"de","@id":"https:\/\/decolights.eu\/product\/2-in-1-rechargeable-mosquito-repellent-lamp-and-insect-killing-racquet\/#primaryimage","url":"https:\/\/decolights.eu\/wp-content\/uploads\/2023\/04\/kaks-uhes-taaslaetav-saasetorjelamp-ja-putukate-tapmise-reket-swateck-innovagoods_121597.jpg","contentUrl":"https:\/\/decolights.eu\/wp-content\/uploads\/2023\/04\/kaks-uhes-taaslaetav-saasetorjelamp-ja-putukate-tapmise-reket-swateck-innovagoods_121597.jpg","width":600,"height":600},{"@type":"BreadcrumbList","@id":"https:\/\/decolights.eu\/product\/2-in-1-rechargeable-mosquito-repellent-lamp-and-insect-killing-racquet\/#breadcrumb","itemListElement":[{"@type":"ListItem","position":1,"name":"Shop","item":"https:\/\/decolights.eu\/shop\/"},{"@type":"ListItem","position":2,"name":"2 in 1 rechargeable mosquito repellent lamp and insect-killing racquet"}]},{"@type":"WebSite","@id":"https:\/\/decolights.eu\/#website","url":"https:\/\/decolights.eu\/","name":"Dekolichter","description":"LED-Dekorationen f\u00fcr Haus und Garten","publisher":{"@id":"https:\/\/decolights.eu\/#organization"},"alternateName":"decolights.eu","potentialAction":[{"@type":"SearchAction","target":{"@type":"EntryPoint","urlTemplate":"https:\/\/decolights.eu\/?s={search_term_string}"},"query-input":{"@type":"PropertyValueSpecification","valueRequired":true,"valueName":"search_term_string"}}],"inLanguage":"de"},{"@type":"Organization","@id":"https:\/\/decolights.eu\/#organization","name":"Dekolichter","url":"https:\/\/decolights.eu\/","logo":{"@type":"ImageObject","inLanguage":"de","@id":"https:\/\/decolights.eu\/#\/schema\/logo\/image\/","url":"https:\/\/decolights.eu\/wp-content\/uploads\/2023\/07\/cropped-decolight-siteicon.png","contentUrl":"https:\/\/decolights.eu\/wp-content\/uploads\/2023\/07\/cropped-decolight-siteicon.png","width":512,"height":512,"caption":"decolights"},"image":{"@id":"https:\/\/decolights.eu\/#\/schema\/logo\/image\/"}}]}},"jetpack_sharing_enabled":true,"_links":{"self":[{"href":"https:\/\/decolights.eu\/de\/wp-json\/wp\/v2\/product\/4612","targetHints":{"allow":["GET"]}}],"collection":[{"href":"https:\/\/decolights.eu\/de\/wp-json\/wp\/v2\/product"}],"about":[{"href":"https:\/\/decolights.eu\/de\/wp-json\/wp\/v2\/types\/product"}],"replies":[{"embeddable":true,"href":"https:\/\/decolights.eu\/de\/wp-json\/wp\/v2\/comments?post=4612"}],"wp:featuredmedia":[{"embeddable":true,"href":"https:\/\/decolights.eu\/de\/wp-json\/wp\/v2\/media\/4645"}],"wp:attachment":[{"href":"https:\/\/decolights.eu\/de\/wp-json\/wp\/v2\/media?parent=4612"}],"wp:term":[{"taxonomy":"product_brand","embeddable":true,"href":"https:\/\/decolights.eu\/de\/wp-json\/wp\/v2\/product_brand?post=4612"},{"taxonomy":"product_cat","embeddable":true,"href":"https:\/\/decolights.eu\/de\/wp-json\/wp\/v2\/product_cat?post=4612"},{"taxonomy":"product_tag","embeddable":true,"href":"https:\/\/decolights.eu\/de\/wp-json\/wp\/v2\/product_tag?post=4612"}],"curies":[{"name":"wp","href":"https:\/\/api.w.org\/{rel}","templated":true}]}}