{"id":4660,"date":"2023-04-01T04:22:13","date_gmt":"2023-04-01T04:22:13","guid":{"rendered":"https:\/\/decolights.eu\/?post_type=product&#038;p=4660"},"modified":"2023-05-02T03:15:20","modified_gmt":"2023-05-02T03:15:20","slug":"pro-festoon-led-lights-21-5m-20-sockets-bulbs-not-included-2","status":"publish","type":"product","link":"https:\/\/decolights.eu\/de\/produkt-2\/pro-festoon-led-lights-21-5m-20-sockets-bulbs-not-included-2\/","title":{"rendered":"PRO Girlanden-LED-Leuchten, 21,5 m, 20 Fassungen (Leuchtmittel nicht im Lieferumfang enthalten)"},"content":{"rendered":"<p>Unsere PRO-Linie ist eine hochwertige und langlebige Leuchtenserie. Girlanden sind mit UV-best\u00e4ndigem Kabel ausgestattet und k\u00f6nnen das ganze Jahr \u00fcber drau\u00dfen verwendet werden.<\/p>\n<p>Die LED-Lichterkette PRO Festoon mit 20 Fassungen ist ein bemerkenswertes Produkt, das sich perfekt f\u00fcr die dekorative und praktische Beleuchtung im Garten oder auf der Terrasse eignet. W\u00e4hlen Sie separat Ihre bevorzugten LED-Lampen und genie\u00dfen Sie das perfekte Ergebnis mit ma\u00dfgeschneidertem und perfektem Soffittenlicht.<\/p>\n<ul>\n<li><strong>Anzahl der Steckdosen<\/strong><strong>: <\/strong>20 St\u00fcck<\/li>\n<li><strong>Gesamtl\u00e4nge (inkl. Stromkabel): <\/strong>21,50 Mio<\/li>\n<li><strong>L\u00e4nge des beleuchteten Teils: <\/strong>20M<\/li>\n<li><strong>Netzkabel:<\/strong> 1,50 Mio<\/li>\n<li><strong>L\u00e4nge des h\u00e4ngenden Teils: <\/strong>10CM<\/li>\n<li><strong>Abstand zwischen den Steckdosen:<\/strong> 1M<\/li>\n<li><strong>Kabelfarbe: <\/strong>Schwarz<\/li>\n<li><strong>IP-Bewertung: <\/strong>IP44<\/li>\n<li><strong>Energiequelle:\u00a0<\/strong>Einstecken<\/li>\n<li><strong>Kabelmaterial:\u00a0<\/strong>PVC-Gummikabel<\/li>\n<li><strong>Anschlie\u00dfbar:\u00a0<\/strong>Ja<\/li>\n<li><strong>Kappe\/Sockel:\u00a0<\/strong>Austauschbare E27-Gl\u00fchbirnen<\/li>\n<li><strong>CE-zertifiziert:\u00a0<\/strong>Ja<\/li>\n<li>220-240V<\/li>\n<\/ul>\n<p><strong>ACHTUNG! Gl\u00fchbirnen sind nicht im Lieferumfang enthalten. <a href=\"https:\/\/decolights.eu\/de\/produkt-kategorie-2\/outdoor-lights\/bulbs\/\"><span style=\"color: #ed1c24;\">Klicken Sie hier, um Ihre Lieblingsbirnen zu finden.<\/span><\/a><\/strong><\/p>","protected":false},"excerpt":{"rendered":"<p>Our PRO line is a high quality and long lasting light series. Garlands are with UV-proof cable and can be used outside all year around. PRO Festoon LED light chain with 20 sockets is a remarkable product that is perfect for decorative and practical lighting in the garden or patio. Choose separately your favourite LED [&#8230;]\n","protected":false},"featured_media":4723,"comment_status":"open","ping_status":"closed","template":"","meta":[],"product_brand":[],"product_cat":[226,228],"product_tag":[],"class_list":{"0":"post-4660","1":"product","2":"type-product","3":"status-publish","4":"has-post-thumbnail","6":"product_cat-outdoor-lights","7":"product_cat-pro-festoon-lights","8":"pa_brand-deco","10":"first","11":"instock","12":"sale","13":"shipping-taxable","14":"purchasable","15":"product-type-simple"},"yoast_head":"<!-- This site is optimized with the Yoast SEO plugin v27.3 - https:\/\/yoast.com\/product\/yoast-seo-wordpress\/ -->\n<title>PRO Festoon LED lights 21.5M 20 sockets (bulbs not included) - Best price - Decolights.eu<\/title>\n<meta name=\"description\" content=\"Decorate your patio with a high quality PRO festoon LED lights 21.5M 20 sockets to get cozy atmosphere. Buy now the get the best price!\" \/>\n<meta name=\"robots\" content=\"index, follow, max-snippet:-1, max-image-preview:large, max-video-preview:-1\" \/>\n<link rel=\"canonical\" href=\"https:\/\/decolights.eu\/de\/produkt-2\/pro-festoon-led-lights-21-5m-20-sockets-bulbs-not-included-2\/\" \/>\n<meta property=\"og:locale\" content=\"de_DE\" \/>\n<meta property=\"og:type\" content=\"article\" \/>\n<meta property=\"og:title\" content=\"PRO Festoon LED lights 21.5M 20 sockets (bulbs not included) - Best price - Decolights.eu\" \/>\n<meta property=\"og:description\" content=\"Decorate your patio with a high quality PRO festoon LED lights 21.5M 20 sockets to get cozy atmosphere. Buy now the get the best price!\" \/>\n<meta property=\"og:url\" content=\"https:\/\/decolights.eu\/de\/produkt-2\/pro-festoon-led-lights-21-5m-20-sockets-bulbs-not-included-2\/\" \/>\n<meta property=\"og:site_name\" content=\"Decolights.eu\" \/>\n<meta property=\"article:modified_time\" content=\"2023-05-02T03:15:20+00:00\" \/>\n<meta property=\"og:image\" content=\"https:\/\/decolights.eu\/wp-content\/uploads\/2023\/04\/lambikett-Joulutuled.ee_.jpeg\" \/>\n\t<meta property=\"og:image:width\" content=\"720\" \/>\n\t<meta property=\"og:image:height\" content=\"720\" \/>\n\t<meta property=\"og:image:type\" content=\"image\/jpeg\" \/>\n<meta name=\"twitter:card\" content=\"summary_large_image\" \/>\n<meta name=\"twitter:label1\" content=\"Gesch\u00e4tzte Lesezeit\" \/>\n\t<meta name=\"twitter:data1\" content=\"1\u00a0Minute\" \/>\n<script type=\"application\/ld+json\" class=\"yoast-schema-graph\">{\"@context\":\"https:\\\/\\\/schema.org\",\"@graph\":[{\"@type\":\"WebPage\",\"@id\":\"https:\\\/\\\/decolights.eu\\\/product\\\/pro-festoon-led-lights-21-5m-20-sockets-bulbs-not-included-2\\\/\",\"url\":\"https:\\\/\\\/decolights.eu\\\/product\\\/pro-festoon-led-lights-21-5m-20-sockets-bulbs-not-included-2\\\/\",\"name\":\"PRO Festoon LED lights 21.5M 20 sockets (bulbs not included) - Best price - Decolights.eu\",\"isPartOf\":{\"@id\":\"https:\\\/\\\/decolights.eu\\\/#website\"},\"primaryImageOfPage\":{\"@id\":\"https:\\\/\\\/decolights.eu\\\/product\\\/pro-festoon-led-lights-21-5m-20-sockets-bulbs-not-included-2\\\/#primaryimage\"},\"image\":{\"@id\":\"https:\\\/\\\/decolights.eu\\\/product\\\/pro-festoon-led-lights-21-5m-20-sockets-bulbs-not-included-2\\\/#primaryimage\"},\"thumbnailUrl\":\"https:\\\/\\\/decolights.eu\\\/wp-content\\\/uploads\\\/2023\\\/04\\\/lambikett-Joulutuled.ee_.jpeg\",\"datePublished\":\"2023-04-01T04:22:13+00:00\",\"dateModified\":\"2023-05-02T03:15:20+00:00\",\"description\":\"Decorate your patio with a high quality PRO festoon LED lights 21.5M 20 sockets to get cozy atmosphere. Buy now the get the best price!\",\"breadcrumb\":{\"@id\":\"https:\\\/\\\/decolights.eu\\\/product\\\/pro-festoon-led-lights-21-5m-20-sockets-bulbs-not-included-2\\\/#breadcrumb\"},\"inLanguage\":\"de\",\"potentialAction\":[{\"@type\":\"ReadAction\",\"target\":[\"https:\\\/\\\/decolights.eu\\\/product\\\/pro-festoon-led-lights-21-5m-20-sockets-bulbs-not-included-2\\\/\"]}]},{\"@type\":\"ImageObject\",\"inLanguage\":\"de\",\"@id\":\"https:\\\/\\\/decolights.eu\\\/product\\\/pro-festoon-led-lights-21-5m-20-sockets-bulbs-not-included-2\\\/#primaryimage\",\"url\":\"https:\\\/\\\/decolights.eu\\\/wp-content\\\/uploads\\\/2023\\\/04\\\/lambikett-Joulutuled.ee_.jpeg\",\"contentUrl\":\"https:\\\/\\\/decolights.eu\\\/wp-content\\\/uploads\\\/2023\\\/04\\\/lambikett-Joulutuled.ee_.jpeg\",\"width\":720,\"height\":720},{\"@type\":\"BreadcrumbList\",\"@id\":\"https:\\\/\\\/decolights.eu\\\/product\\\/pro-festoon-led-lights-21-5m-20-sockets-bulbs-not-included-2\\\/#breadcrumb\",\"itemListElement\":[{\"@type\":\"ListItem\",\"position\":1,\"name\":\"Shop\",\"item\":\"https:\\\/\\\/decolights.eu\\\/shop\\\/\"},{\"@type\":\"ListItem\",\"position\":2,\"name\":\"PRO Festoon LED lights 21.5M 20 sockets (bulbs not included)\"}]},{\"@type\":\"WebSite\",\"@id\":\"https:\\\/\\\/decolights.eu\\\/#website\",\"url\":\"https:\\\/\\\/decolights.eu\\\/\",\"name\":\"decolights\",\"description\":\"Led Decorations for Home and Garden\",\"publisher\":{\"@id\":\"https:\\\/\\\/decolights.eu\\\/#organization\"},\"alternateName\":\"decolights.eu\",\"potentialAction\":[{\"@type\":\"SearchAction\",\"target\":{\"@type\":\"EntryPoint\",\"urlTemplate\":\"https:\\\/\\\/decolights.eu\\\/?s={search_term_string}\"},\"query-input\":{\"@type\":\"PropertyValueSpecification\",\"valueRequired\":true,\"valueName\":\"search_term_string\"}}],\"inLanguage\":\"de\"},{\"@type\":\"Organization\",\"@id\":\"https:\\\/\\\/decolights.eu\\\/#organization\",\"name\":\"decolights\",\"url\":\"https:\\\/\\\/decolights.eu\\\/\",\"logo\":{\"@type\":\"ImageObject\",\"inLanguage\":\"de\",\"@id\":\"https:\\\/\\\/decolights.eu\\\/#\\\/schema\\\/logo\\\/image\\\/\",\"url\":\"https:\\\/\\\/decolights.eu\\\/wp-content\\\/uploads\\\/2023\\\/07\\\/cropped-decolight-siteicon.png\",\"contentUrl\":\"https:\\\/\\\/decolights.eu\\\/wp-content\\\/uploads\\\/2023\\\/07\\\/cropped-decolight-siteicon.png\",\"width\":512,\"height\":512,\"caption\":\"decolights\"},\"image\":{\"@id\":\"https:\\\/\\\/decolights.eu\\\/#\\\/schema\\\/logo\\\/image\\\/\"}}]}<\/script>\n<!-- \/ Yoast SEO plugin. -->","yoast_head_json":{"title":"PRO Soffitten-LED-Leuchten 21,5 m, 20 Fassungen (Leuchtmittel nicht im Lieferumfang enthalten) \u2013 Bester Preis \u2013 Decolights.eu","description":"Dekorieren Sie Ihre Terrasse mit hochwertigen PRO-Girlanden-LED-Leuchten, 21,5 m, 20 Fassungen, um eine gem\u00fctliche Atmosph\u00e4re zu schaffen. Kaufen Sie jetzt und erhalten Sie den besten Preis!","robots":{"index":"index","follow":"follow","max-snippet":"max-snippet:-1","max-image-preview":"max-image-preview:large","max-video-preview":"max-video-preview:-1"},"canonical":"https:\/\/decolights.eu\/de\/produkt-2\/pro-festoon-led-lights-21-5m-20-sockets-bulbs-not-included-2\/","og_locale":"de_DE","og_type":"article","og_title":"PRO Festoon LED lights 21.5M 20 sockets (bulbs not included) - Best price - Decolights.eu","og_description":"Decorate your patio with a high quality PRO festoon LED lights 21.5M 20 sockets to get cozy atmosphere. Buy now the get the best price!","og_url":"https:\/\/decolights.eu\/de\/produkt-2\/pro-festoon-led-lights-21-5m-20-sockets-bulbs-not-included-2\/","og_site_name":"Decolights.eu","article_modified_time":"2023-05-02T03:15:20+00:00","og_image":[{"width":720,"height":720,"url":"https:\/\/decolights.eu\/wp-content\/uploads\/2023\/04\/lambikett-Joulutuled.ee_.jpeg","type":"image\/jpeg"}],"twitter_card":"summary_large_image","twitter_misc":{"Gesch\u00e4tzte Lesezeit":"1\u00a0Minute"},"schema":{"@context":"https:\/\/schema.org","@graph":[{"@type":"WebPage","@id":"https:\/\/decolights.eu\/product\/pro-festoon-led-lights-21-5m-20-sockets-bulbs-not-included-2\/","url":"https:\/\/decolights.eu\/product\/pro-festoon-led-lights-21-5m-20-sockets-bulbs-not-included-2\/","name":"PRO Soffitten-LED-Leuchten 21,5 m, 20 Fassungen (Leuchtmittel nicht im Lieferumfang enthalten) \u2013 Bester Preis \u2013 Decolights.eu","isPartOf":{"@id":"https:\/\/decolights.eu\/#website"},"primaryImageOfPage":{"@id":"https:\/\/decolights.eu\/product\/pro-festoon-led-lights-21-5m-20-sockets-bulbs-not-included-2\/#primaryimage"},"image":{"@id":"https:\/\/decolights.eu\/product\/pro-festoon-led-lights-21-5m-20-sockets-bulbs-not-included-2\/#primaryimage"},"thumbnailUrl":"https:\/\/decolights.eu\/wp-content\/uploads\/2023\/04\/lambikett-Joulutuled.ee_.jpeg","datePublished":"2023-04-01T04:22:13+00:00","dateModified":"2023-05-02T03:15:20+00:00","description":"Dekorieren Sie Ihre Terrasse mit hochwertigen PRO-Girlanden-LED-Leuchten, 21,5 m, 20 Fassungen, um eine gem\u00fctliche Atmosph\u00e4re zu schaffen. Kaufen Sie jetzt und erhalten Sie den besten Preis!","breadcrumb":{"@id":"https:\/\/decolights.eu\/product\/pro-festoon-led-lights-21-5m-20-sockets-bulbs-not-included-2\/#breadcrumb"},"inLanguage":"de","potentialAction":[{"@type":"ReadAction","target":["https:\/\/decolights.eu\/product\/pro-festoon-led-lights-21-5m-20-sockets-bulbs-not-included-2\/"]}]},{"@type":"ImageObject","inLanguage":"de","@id":"https:\/\/decolights.eu\/product\/pro-festoon-led-lights-21-5m-20-sockets-bulbs-not-included-2\/#primaryimage","url":"https:\/\/decolights.eu\/wp-content\/uploads\/2023\/04\/lambikett-Joulutuled.ee_.jpeg","contentUrl":"https:\/\/decolights.eu\/wp-content\/uploads\/2023\/04\/lambikett-Joulutuled.ee_.jpeg","width":720,"height":720},{"@type":"BreadcrumbList","@id":"https:\/\/decolights.eu\/product\/pro-festoon-led-lights-21-5m-20-sockets-bulbs-not-included-2\/#breadcrumb","itemListElement":[{"@type":"ListItem","position":1,"name":"Shop","item":"https:\/\/decolights.eu\/shop\/"},{"@type":"ListItem","position":2,"name":"PRO Festoon LED lights 21.5M 20 sockets (bulbs not included)"}]},{"@type":"WebSite","@id":"https:\/\/decolights.eu\/#website","url":"https:\/\/decolights.eu\/","name":"Dekolichter","description":"LED-Dekorationen f\u00fcr Haus und Garten","publisher":{"@id":"https:\/\/decolights.eu\/#organization"},"alternateName":"decolights.eu","potentialAction":[{"@type":"SearchAction","target":{"@type":"EntryPoint","urlTemplate":"https:\/\/decolights.eu\/?s={search_term_string}"},"query-input":{"@type":"PropertyValueSpecification","valueRequired":true,"valueName":"search_term_string"}}],"inLanguage":"de"},{"@type":"Organization","@id":"https:\/\/decolights.eu\/#organization","name":"Dekolichter","url":"https:\/\/decolights.eu\/","logo":{"@type":"ImageObject","inLanguage":"de","@id":"https:\/\/decolights.eu\/#\/schema\/logo\/image\/","url":"https:\/\/decolights.eu\/wp-content\/uploads\/2023\/07\/cropped-decolight-siteicon.png","contentUrl":"https:\/\/decolights.eu\/wp-content\/uploads\/2023\/07\/cropped-decolight-siteicon.png","width":512,"height":512,"caption":"decolights"},"image":{"@id":"https:\/\/decolights.eu\/#\/schema\/logo\/image\/"}}]}},"jetpack_sharing_enabled":true,"_links":{"self":[{"href":"https:\/\/decolights.eu\/de\/wp-json\/wp\/v2\/product\/4660","targetHints":{"allow":["GET"]}}],"collection":[{"href":"https:\/\/decolights.eu\/de\/wp-json\/wp\/v2\/product"}],"about":[{"href":"https:\/\/decolights.eu\/de\/wp-json\/wp\/v2\/types\/product"}],"replies":[{"embeddable":true,"href":"https:\/\/decolights.eu\/de\/wp-json\/wp\/v2\/comments?post=4660"}],"wp:featuredmedia":[{"embeddable":true,"href":"https:\/\/decolights.eu\/de\/wp-json\/wp\/v2\/media\/4723"}],"wp:attachment":[{"href":"https:\/\/decolights.eu\/de\/wp-json\/wp\/v2\/media?parent=4660"}],"wp:term":[{"taxonomy":"product_brand","embeddable":true,"href":"https:\/\/decolights.eu\/de\/wp-json\/wp\/v2\/product_brand?post=4660"},{"taxonomy":"product_cat","embeddable":true,"href":"https:\/\/decolights.eu\/de\/wp-json\/wp\/v2\/product_cat?post=4660"},{"taxonomy":"product_tag","embeddable":true,"href":"https:\/\/decolights.eu\/de\/wp-json\/wp\/v2\/product_tag?post=4660"}],"curies":[{"name":"wp","href":"https:\/\/api.w.org\/{rel}","templated":true}]}}