{"id":4699,"date":"2023-04-01T04:22:36","date_gmt":"2023-04-01T04:22:36","guid":{"rendered":"https:\/\/decolights.eu\/?post_type=product&#038;p=4699"},"modified":"2023-05-12T06:21:33","modified_gmt":"2023-05-12T06:21:33","slug":"pro-led-rope-light","status":"publish","type":"product","link":"https:\/\/decolights.eu\/de\/produkt-2\/pro-led-rope-light\/","title":{"rendered":"PRO LED-Lichtschlauch"},"content":{"rendered":"<div>\n<p>Unsere PRO-Linie ist eine hochwertige und langlebige LED-Leuchtenserie. Girlanden sind mit UV-best\u00e4ndigem Gummikabel ausgestattet und k\u00f6nnen das ganze Jahr \u00fcber drau\u00dfen verwendet werden.<\/p>\n<p>Die LED-Lichterkette PRO eignet sich perfekt zur Dekoration von Fassaden, Balkonen oder Wegen. Einige Ideen finden Sie in der Galerie. Verleiht einen hellen und fabelhaften Lichteffekt und l\u00e4sst Ihr Zuhause noch sch\u00f6ner und au\u00dfergew\u00f6hnlicher aussehen.<\/p>\n<p>Der Lichtschlauch kann alle 1 m zugeschnitten werden. Wenn Sie also eine Sonderl\u00e4nge oder einen RGB-Lichtschlauch ben\u00f6tigen, z\u00f6gern Sie nicht, uns zu kontaktieren <a href=\"mailto:info@decolights.eu\">info@decolights.eu<\/a> (5M ist die Mindestl\u00e4nge).<\/p>\n<\/div>\n<div>\n<ul>\n<li><strong>Anzahl der Lampen<\/strong><strong>: <\/strong>36LEDs pro Meter DIP<\/li>\n<li><b>Durchmesser des Seils:\u00a0<\/b>13MM<\/li>\n<li><strong>Abstand zwischen den LEDs:\u00a0<\/strong>30MM<\/li>\n<li><strong>L\u00e4nge des Stromkabels:\u00a0<\/strong>1,50 Mio<\/li>\n<li><strong>Kabelfarbe: <\/strong>Schwarz<\/li>\n<li><strong>IP-Bewertung: <\/strong>IP67<\/li>\n<li><strong>Energiequelle:\u00a0<\/strong>Einstecken<\/li>\n<li><strong>Kabelmaterial:\u00a0<\/strong>Gummi<\/li>\n<li><strong>Anschlie\u00dfbar:\u00a0<\/strong>NEIN<\/li>\n<li><strong>CE-zertifiziert:\u00a0<\/strong>Ja<\/li>\n<li>230V, 3,45W\/m<\/li>\n<\/ul>\n<\/div>\n<div class=\"product_details_parameter_groups spoiler_component\">\n<div class=\"product_details_parameter_group\"><\/div>\n<\/div>","protected":false},"excerpt":{"rendered":"<p>Our PRO line is a high quality and long lasting LED light series. Garlands are with UV-proof, rubber cable and can be used outside all year around. PRO LED Rope light is perfect for decorating facades, balconies or pathways. Please find some ideas in the gallery.\u00a0Gives a bright and fabulous lightning effect and will make [&#8230;]\n","protected":false},"featured_media":4760,"comment_status":"open","ping_status":"closed","template":"","meta":[],"product_brand":[],"product_cat":[238,226,239],"product_tag":[],"class_list":{"0":"post-4699","1":"product","2":"type-product","3":"status-publish","4":"has-post-thumbnail","6":"product_cat-led-rope-lights-outdoor-lights","7":"product_cat-outdoor-lights","8":"product_cat-pro-christmas-lights","9":"pa_available-colours-cold-white","10":"pa_available-colours-warm-white","11":"pa_brand-deco","12":"pa_led-colour-cold-white","13":"pa_led-colour-warm-white","15":"first","16":"instock","17":"sale","18":"shipping-taxable","19":"purchasable","20":"product-type-variable"},"yoast_head":"<!-- This site is optimized with the Yoast SEO plugin v27.3 - https:\/\/yoast.com\/product\/yoast-seo-wordpress\/ -->\n<title>PRO LED Rope light - Best quality and price - Decolights.eu<\/title>\n<meta name=\"description\" content=\"PRO LED rope light is traditional festive decoration and is perfect for decorating facades, balconies and pathways. Buy now for the best price!\" \/>\n<meta name=\"robots\" content=\"index, follow, max-snippet:-1, max-image-preview:large, max-video-preview:-1\" \/>\n<link rel=\"canonical\" href=\"https:\/\/decolights.eu\/de\/produkt-2\/pro-led-rope-light\/\" \/>\n<meta property=\"og:locale\" content=\"de_DE\" \/>\n<meta property=\"og:type\" content=\"article\" \/>\n<meta property=\"og:title\" content=\"PRO LED Rope light - Best quality and price - Decolights.eu\" \/>\n<meta property=\"og:description\" content=\"PRO LED rope light is traditional festive decoration and is perfect for decorating facades, balconies and pathways. Buy now for the best price!\" \/>\n<meta property=\"og:url\" content=\"https:\/\/decolights.eu\/de\/produkt-2\/pro-led-rope-light\/\" \/>\n<meta property=\"og:site_name\" content=\"Decolights.eu\" \/>\n<meta property=\"article:modified_time\" content=\"2023-05-12T06:21:33+00:00\" \/>\n<meta property=\"og:image\" content=\"https:\/\/decolights.eu\/wp-content\/uploads\/2023\/04\/Valgusvoolik-soevalge-1.jpg\" \/>\n\t<meta property=\"og:image:width\" content=\"650\" \/>\n\t<meta property=\"og:image:height\" content=\"366\" \/>\n\t<meta property=\"og:image:type\" content=\"image\/jpeg\" \/>\n<meta name=\"twitter:card\" content=\"summary_large_image\" \/>\n<meta name=\"twitter:label1\" content=\"Gesch\u00e4tzte Lesezeit\" \/>\n\t<meta name=\"twitter:data1\" content=\"1\u00a0Minute\" \/>\n<script type=\"application\/ld+json\" class=\"yoast-schema-graph\">{\"@context\":\"https:\\\/\\\/schema.org\",\"@graph\":[{\"@type\":\"WebPage\",\"@id\":\"https:\\\/\\\/decolights.eu\\\/product\\\/pro-led-rope-light\\\/\",\"url\":\"https:\\\/\\\/decolights.eu\\\/product\\\/pro-led-rope-light\\\/\",\"name\":\"PRO LED Rope light - Best quality and price - Decolights.eu\",\"isPartOf\":{\"@id\":\"https:\\\/\\\/decolights.eu\\\/#website\"},\"primaryImageOfPage\":{\"@id\":\"https:\\\/\\\/decolights.eu\\\/product\\\/pro-led-rope-light\\\/#primaryimage\"},\"image\":{\"@id\":\"https:\\\/\\\/decolights.eu\\\/product\\\/pro-led-rope-light\\\/#primaryimage\"},\"thumbnailUrl\":\"https:\\\/\\\/decolights.eu\\\/wp-content\\\/uploads\\\/2023\\\/04\\\/Valgusvoolik-soevalge-1.jpg\",\"datePublished\":\"2023-04-01T04:22:36+00:00\",\"dateModified\":\"2023-05-12T06:21:33+00:00\",\"description\":\"PRO LED rope light is traditional festive decoration and is perfect for decorating facades, balconies and pathways. Buy now for the best price!\",\"breadcrumb\":{\"@id\":\"https:\\\/\\\/decolights.eu\\\/product\\\/pro-led-rope-light\\\/#breadcrumb\"},\"inLanguage\":\"de\",\"potentialAction\":[{\"@type\":\"ReadAction\",\"target\":[\"https:\\\/\\\/decolights.eu\\\/product\\\/pro-led-rope-light\\\/\"]}]},{\"@type\":\"ImageObject\",\"inLanguage\":\"de\",\"@id\":\"https:\\\/\\\/decolights.eu\\\/product\\\/pro-led-rope-light\\\/#primaryimage\",\"url\":\"https:\\\/\\\/decolights.eu\\\/wp-content\\\/uploads\\\/2023\\\/04\\\/Valgusvoolik-soevalge-1.jpg\",\"contentUrl\":\"https:\\\/\\\/decolights.eu\\\/wp-content\\\/uploads\\\/2023\\\/04\\\/Valgusvoolik-soevalge-1.jpg\",\"width\":650,\"height\":366},{\"@type\":\"BreadcrumbList\",\"@id\":\"https:\\\/\\\/decolights.eu\\\/product\\\/pro-led-rope-light\\\/#breadcrumb\",\"itemListElement\":[{\"@type\":\"ListItem\",\"position\":1,\"name\":\"Shop\",\"item\":\"https:\\\/\\\/decolights.eu\\\/shop\\\/\"},{\"@type\":\"ListItem\",\"position\":2,\"name\":\"PRO LED Rope light\"}]},{\"@type\":\"WebSite\",\"@id\":\"https:\\\/\\\/decolights.eu\\\/#website\",\"url\":\"https:\\\/\\\/decolights.eu\\\/\",\"name\":\"decolights\",\"description\":\"Led Decorations for Home and Garden\",\"publisher\":{\"@id\":\"https:\\\/\\\/decolights.eu\\\/#organization\"},\"alternateName\":\"decolights.eu\",\"potentialAction\":[{\"@type\":\"SearchAction\",\"target\":{\"@type\":\"EntryPoint\",\"urlTemplate\":\"https:\\\/\\\/decolights.eu\\\/?s={search_term_string}\"},\"query-input\":{\"@type\":\"PropertyValueSpecification\",\"valueRequired\":true,\"valueName\":\"search_term_string\"}}],\"inLanguage\":\"de\"},{\"@type\":\"Organization\",\"@id\":\"https:\\\/\\\/decolights.eu\\\/#organization\",\"name\":\"decolights\",\"url\":\"https:\\\/\\\/decolights.eu\\\/\",\"logo\":{\"@type\":\"ImageObject\",\"inLanguage\":\"de\",\"@id\":\"https:\\\/\\\/decolights.eu\\\/#\\\/schema\\\/logo\\\/image\\\/\",\"url\":\"https:\\\/\\\/decolights.eu\\\/wp-content\\\/uploads\\\/2023\\\/07\\\/cropped-decolight-siteicon.png\",\"contentUrl\":\"https:\\\/\\\/decolights.eu\\\/wp-content\\\/uploads\\\/2023\\\/07\\\/cropped-decolight-siteicon.png\",\"width\":512,\"height\":512,\"caption\":\"decolights\"},\"image\":{\"@id\":\"https:\\\/\\\/decolights.eu\\\/#\\\/schema\\\/logo\\\/image\\\/\"}}]}<\/script>\n<!-- \/ Yoast SEO plugin. -->","yoast_head_json":{"title":"PRO LED-Lichtschlauch \u2013 Beste Qualit\u00e4t und Preis \u2013 Decolights.eu","description":"Die LED-Lichterkette PRO ist eine traditionelle festliche Dekoration und eignet sich perfekt f\u00fcr die Dekoration von Fassaden, Balkonen und Wegen. Jetzt zum besten Preis kaufen!","robots":{"index":"index","follow":"follow","max-snippet":"max-snippet:-1","max-image-preview":"max-image-preview:large","max-video-preview":"max-video-preview:-1"},"canonical":"https:\/\/decolights.eu\/de\/produkt-2\/pro-led-rope-light\/","og_locale":"de_DE","og_type":"article","og_title":"PRO LED Rope light - Best quality and price - Decolights.eu","og_description":"PRO LED rope light is traditional festive decoration and is perfect for decorating facades, balconies and pathways. Buy now for the best price!","og_url":"https:\/\/decolights.eu\/de\/produkt-2\/pro-led-rope-light\/","og_site_name":"Decolights.eu","article_modified_time":"2023-05-12T06:21:33+00:00","og_image":[{"width":650,"height":366,"url":"https:\/\/decolights.eu\/wp-content\/uploads\/2023\/04\/Valgusvoolik-soevalge-1.jpg","type":"image\/jpeg"}],"twitter_card":"summary_large_image","twitter_misc":{"Gesch\u00e4tzte Lesezeit":"1\u00a0Minute"},"schema":{"@context":"https:\/\/schema.org","@graph":[{"@type":"WebPage","@id":"https:\/\/decolights.eu\/product\/pro-led-rope-light\/","url":"https:\/\/decolights.eu\/product\/pro-led-rope-light\/","name":"PRO LED-Lichtschlauch \u2013 Beste Qualit\u00e4t und Preis \u2013 Decolights.eu","isPartOf":{"@id":"https:\/\/decolights.eu\/#website"},"primaryImageOfPage":{"@id":"https:\/\/decolights.eu\/product\/pro-led-rope-light\/#primaryimage"},"image":{"@id":"https:\/\/decolights.eu\/product\/pro-led-rope-light\/#primaryimage"},"thumbnailUrl":"https:\/\/decolights.eu\/wp-content\/uploads\/2023\/04\/Valgusvoolik-soevalge-1.jpg","datePublished":"2023-04-01T04:22:36+00:00","dateModified":"2023-05-12T06:21:33+00:00","description":"Die LED-Lichterkette PRO ist eine traditionelle festliche Dekoration und eignet sich perfekt f\u00fcr die Dekoration von Fassaden, Balkonen und Wegen. Jetzt zum besten Preis kaufen!","breadcrumb":{"@id":"https:\/\/decolights.eu\/product\/pro-led-rope-light\/#breadcrumb"},"inLanguage":"de","potentialAction":[{"@type":"ReadAction","target":["https:\/\/decolights.eu\/product\/pro-led-rope-light\/"]}]},{"@type":"ImageObject","inLanguage":"de","@id":"https:\/\/decolights.eu\/product\/pro-led-rope-light\/#primaryimage","url":"https:\/\/decolights.eu\/wp-content\/uploads\/2023\/04\/Valgusvoolik-soevalge-1.jpg","contentUrl":"https:\/\/decolights.eu\/wp-content\/uploads\/2023\/04\/Valgusvoolik-soevalge-1.jpg","width":650,"height":366},{"@type":"BreadcrumbList","@id":"https:\/\/decolights.eu\/product\/pro-led-rope-light\/#breadcrumb","itemListElement":[{"@type":"ListItem","position":1,"name":"Shop","item":"https:\/\/decolights.eu\/shop\/"},{"@type":"ListItem","position":2,"name":"PRO LED Rope light"}]},{"@type":"WebSite","@id":"https:\/\/decolights.eu\/#website","url":"https:\/\/decolights.eu\/","name":"Dekolichter","description":"LED-Dekorationen f\u00fcr Haus und Garten","publisher":{"@id":"https:\/\/decolights.eu\/#organization"},"alternateName":"decolights.eu","potentialAction":[{"@type":"SearchAction","target":{"@type":"EntryPoint","urlTemplate":"https:\/\/decolights.eu\/?s={search_term_string}"},"query-input":{"@type":"PropertyValueSpecification","valueRequired":true,"valueName":"search_term_string"}}],"inLanguage":"de"},{"@type":"Organization","@id":"https:\/\/decolights.eu\/#organization","name":"Dekolichter","url":"https:\/\/decolights.eu\/","logo":{"@type":"ImageObject","inLanguage":"de","@id":"https:\/\/decolights.eu\/#\/schema\/logo\/image\/","url":"https:\/\/decolights.eu\/wp-content\/uploads\/2023\/07\/cropped-decolight-siteicon.png","contentUrl":"https:\/\/decolights.eu\/wp-content\/uploads\/2023\/07\/cropped-decolight-siteicon.png","width":512,"height":512,"caption":"decolights"},"image":{"@id":"https:\/\/decolights.eu\/#\/schema\/logo\/image\/"}}]}},"jetpack_sharing_enabled":true,"_links":{"self":[{"href":"https:\/\/decolights.eu\/de\/wp-json\/wp\/v2\/product\/4699","targetHints":{"allow":["GET"]}}],"collection":[{"href":"https:\/\/decolights.eu\/de\/wp-json\/wp\/v2\/product"}],"about":[{"href":"https:\/\/decolights.eu\/de\/wp-json\/wp\/v2\/types\/product"}],"replies":[{"embeddable":true,"href":"https:\/\/decolights.eu\/de\/wp-json\/wp\/v2\/comments?post=4699"}],"wp:featuredmedia":[{"embeddable":true,"href":"https:\/\/decolights.eu\/de\/wp-json\/wp\/v2\/media\/4760"}],"wp:attachment":[{"href":"https:\/\/decolights.eu\/de\/wp-json\/wp\/v2\/media?parent=4699"}],"wp:term":[{"taxonomy":"product_brand","embeddable":true,"href":"https:\/\/decolights.eu\/de\/wp-json\/wp\/v2\/product_brand?post=4699"},{"taxonomy":"product_cat","embeddable":true,"href":"https:\/\/decolights.eu\/de\/wp-json\/wp\/v2\/product_cat?post=4699"},{"taxonomy":"product_tag","embeddable":true,"href":"https:\/\/decolights.eu\/de\/wp-json\/wp\/v2\/product_tag?post=4699"}],"curies":[{"name":"wp","href":"https:\/\/api.w.org\/{rel}","templated":true}]}}