{"id":4740,"date":"2023-04-01T04:22:58","date_gmt":"2023-04-01T04:22:58","guid":{"rendered":"https:\/\/decolights.eu\/?post_type=product&#038;p=4740"},"modified":"2023-05-12T06:38:09","modified_gmt":"2023-05-12T06:38:09","slug":"pro-string-led-light-with-cold-white-flash","status":"publish","type":"product","link":"https:\/\/decolights.eu\/de\/produkt-2\/pro-string-led-light-with-cold-white-flash\/","title":{"rendered":"PRO String LED-Licht mit kaltwei\u00dfem Blitz"},"content":{"rendered":"<div class=\"spoiler_component_content_wrapper\">\n<div class=\"product_details_parameters spoiler_component_content\">\n<div class=\"spoiler_component_content_wrapper\">\n<div class=\"product_details_parameters spoiler_component_content\">\n<p>Unsere PRO-Linie ist eine hochwertige und langlebige LED-Leuchtenserie. Girlanden sind mit UV-best\u00e4ndigem Gummikabel ausgestattet und k\u00f6nnen das ganze Jahr \u00fcber drau\u00dfen verwendet werden.<\/p>\n<p>PRO String LED-Licht mit kaltwei\u00dfem Blitz eignet sich perfekt zum Dekorieren von Fassaden, Balkonen oder B\u00e4umen. Verleiht einen hellen und fabelhaften Lichteffekt und l\u00e4sst Ihr Zuhause noch sch\u00f6ner und au\u00dfergew\u00f6hnlicher aussehen.<\/p>\n<p>Bei Interesse an einer anderen LED- oder Kabelfarbe k\u00f6nnen Sie sich gerne an uns wenden <a href=\"mailto:info@decolights.eu\">info@decolights.eu<\/a>.<\/p>\n<\/div>\n<\/div>\n<ul>\n<li><strong>Anzahl der LEDs<\/strong><strong>: <\/strong>100LED (80 + 20 kaltwei\u00df blinkende LEDs)<\/li>\n<li><strong>Gesamtl\u00e4nge (inkl. Stromkabel): <\/strong>11,5 Mio<\/li>\n<li><strong>L\u00e4nge des beleuchteten Teils: <\/strong>10M (Besteht aus zwei verbundenen Teilen 5+5M)<\/li>\n<li><strong>Netzkabel:<\/strong> 1,50 Mio<\/li>\n<li><strong>Abstand zwischen den Gl\u00fchbirnen:<\/strong> 10CM<\/li>\n<li><strong>Gr\u00f6\u00dfe der LED:<\/strong> 8MM<\/li>\n<li><strong>Blinken:\u00a0<\/strong>Ja (nicht abschaltbar)<\/li>\n<li><strong>IP-Bewertung: <\/strong>IP65<\/li>\n<li><strong>Energiequelle:\u00a0<\/strong>Einstecken<\/li>\n<li><strong>Kabelmaterial:\u00a0<\/strong>Gummi 3,2 mm<\/li>\n<li><strong>Anschlie\u00dfbar:\u00a0<\/strong>Ja (maximal 10 S\u00e4tze)<\/li>\n<li><strong>CE-zertifiziert:\u00a0<\/strong>Ja<\/li>\n<li>220\u2013240 V, 9,2 W<\/li>\n<\/ul>\n<\/div>\n<\/div>","protected":false},"excerpt":{"rendered":"<p>Our PRO line is a high quality and long lasting LED light series. Garlands are with UV-proof, rubber cable and can be used outside all year around. PRO String LED light with cold white flash is perfect for decorating facades, balconies or trees. Gives a bright and fabulous lightning effect and will make your home [&#8230;]\n","protected":false},"featured_media":4799,"comment_status":"open","ping_status":"closed","template":"","meta":[],"product_brand":[],"product_cat":[226,239],"product_tag":[],"class_list":{"0":"post-4740","1":"product","2":"type-product","3":"status-publish","4":"has-post-thumbnail","6":"product_cat-outdoor-lights","7":"product_cat-pro-christmas-lights","8":"pa_available-colours-cold-white","9":"pa_available-colours-warm-white","10":"pa_brand-deco","11":"pa_led-colour-cold-white","12":"pa_led-colour-warm-white","14":"first","15":"onbackorder","16":"sale","17":"shipping-taxable","18":"purchasable","19":"product-type-variable"},"yoast_head":"<!-- This site is optimized with the Yoast SEO plugin v27.3 - https:\/\/yoast.com\/product\/yoast-seo-wordpress\/ -->\n<title>PRO String LED light with cold white flash - Decolights.eu<\/title>\n<meta name=\"description\" content=\"PRO String LED light with cold white flash will create a magical atmosphere. Festive mood in guaranteed! Buy now to get the best price.\" \/>\n<meta name=\"robots\" content=\"index, follow, max-snippet:-1, max-image-preview:large, max-video-preview:-1\" \/>\n<link rel=\"canonical\" href=\"https:\/\/decolights.eu\/de\/termek\/pro-string-led-light-with-cold-white-flash\/\" \/>\n<meta property=\"og:locale\" content=\"de_DE\" \/>\n<meta property=\"og:type\" content=\"article\" \/>\n<meta property=\"og:title\" content=\"PRO String LED light with cold white flash - Decolights.eu\" \/>\n<meta property=\"og:description\" content=\"PRO String LED light with cold white flash will create a magical atmosphere. Festive mood in guaranteed! Buy now to get the best price.\" \/>\n<meta property=\"og:url\" content=\"https:\/\/decolights.eu\/de\/termek\/pro-string-led-light-with-cold-white-flash\/\" \/>\n<meta property=\"og:site_name\" content=\"Decolights.eu\" \/>\n<meta property=\"article:modified_time\" content=\"2023-05-12T06:38:09+00:00\" \/>\n<meta property=\"og:image\" content=\"https:\/\/decolights.eu\/wp-content\/uploads\/2023\/04\/tuled-flash-pro.jpg\" \/>\n\t<meta property=\"og:image:width\" content=\"574\" \/>\n\t<meta property=\"og:image:height\" content=\"578\" \/>\n\t<meta property=\"og:image:type\" content=\"image\/jpeg\" \/>\n<meta name=\"twitter:card\" content=\"summary_large_image\" \/>\n<meta name=\"twitter:label1\" content=\"Gesch\u00e4tzte Lesezeit\" \/>\n\t<meta name=\"twitter:data1\" content=\"1\u00a0Minute\" \/>\n<script type=\"application\/ld+json\" class=\"yoast-schema-graph\">{\"@context\":\"https:\\\/\\\/schema.org\",\"@graph\":[{\"@type\":\"WebPage\",\"@id\":\"https:\\\/\\\/decolights.eu\\\/hu\\\/termek\\\/pro-string-led-light-with-cold-white-flash\\\/\",\"url\":\"https:\\\/\\\/decolights.eu\\\/hu\\\/termek\\\/pro-string-led-light-with-cold-white-flash\\\/\",\"name\":\"PRO String LED light with cold white flash - Decolights.eu\",\"isPartOf\":{\"@id\":\"https:\\\/\\\/decolights.eu\\\/#website\"},\"primaryImageOfPage\":{\"@id\":\"https:\\\/\\\/decolights.eu\\\/hu\\\/termek\\\/pro-string-led-light-with-cold-white-flash\\\/#primaryimage\"},\"image\":{\"@id\":\"https:\\\/\\\/decolights.eu\\\/hu\\\/termek\\\/pro-string-led-light-with-cold-white-flash\\\/#primaryimage\"},\"thumbnailUrl\":\"https:\\\/\\\/decolights.eu\\\/wp-content\\\/uploads\\\/2023\\\/04\\\/tuled-flash-pro.jpg\",\"datePublished\":\"2023-04-01T04:22:58+00:00\",\"dateModified\":\"2023-05-12T06:38:09+00:00\",\"description\":\"PRO String LED light with cold white flash will create a magical atmosphere. Festive mood in guaranteed! Buy now to get the best price.\",\"breadcrumb\":{\"@id\":\"https:\\\/\\\/decolights.eu\\\/hu\\\/termek\\\/pro-string-led-light-with-cold-white-flash\\\/#breadcrumb\"},\"inLanguage\":\"de\",\"potentialAction\":[{\"@type\":\"ReadAction\",\"target\":[\"https:\\\/\\\/decolights.eu\\\/hu\\\/termek\\\/pro-string-led-light-with-cold-white-flash\\\/\"]}]},{\"@type\":\"ImageObject\",\"inLanguage\":\"de\",\"@id\":\"https:\\\/\\\/decolights.eu\\\/hu\\\/termek\\\/pro-string-led-light-with-cold-white-flash\\\/#primaryimage\",\"url\":\"https:\\\/\\\/decolights.eu\\\/wp-content\\\/uploads\\\/2023\\\/04\\\/tuled-flash-pro.jpg\",\"contentUrl\":\"https:\\\/\\\/decolights.eu\\\/wp-content\\\/uploads\\\/2023\\\/04\\\/tuled-flash-pro.jpg\",\"width\":574,\"height\":578},{\"@type\":\"BreadcrumbList\",\"@id\":\"https:\\\/\\\/decolights.eu\\\/hu\\\/termek\\\/pro-string-led-light-with-cold-white-flash\\\/#breadcrumb\",\"itemListElement\":[{\"@type\":\"ListItem\",\"position\":1,\"name\":\"Shop\",\"item\":\"https:\\\/\\\/decolights.eu\\\/shop\\\/\"},{\"@type\":\"ListItem\",\"position\":2,\"name\":\"PRO String LED light with cold white flash\"}]},{\"@type\":\"WebSite\",\"@id\":\"https:\\\/\\\/decolights.eu\\\/#website\",\"url\":\"https:\\\/\\\/decolights.eu\\\/\",\"name\":\"decolights\",\"description\":\"Led Decorations for Home and Garden\",\"publisher\":{\"@id\":\"https:\\\/\\\/decolights.eu\\\/#organization\"},\"alternateName\":\"decolights.eu\",\"potentialAction\":[{\"@type\":\"SearchAction\",\"target\":{\"@type\":\"EntryPoint\",\"urlTemplate\":\"https:\\\/\\\/decolights.eu\\\/?s={search_term_string}\"},\"query-input\":{\"@type\":\"PropertyValueSpecification\",\"valueRequired\":true,\"valueName\":\"search_term_string\"}}],\"inLanguage\":\"de\"},{\"@type\":\"Organization\",\"@id\":\"https:\\\/\\\/decolights.eu\\\/#organization\",\"name\":\"decolights\",\"url\":\"https:\\\/\\\/decolights.eu\\\/\",\"logo\":{\"@type\":\"ImageObject\",\"inLanguage\":\"de\",\"@id\":\"https:\\\/\\\/decolights.eu\\\/#\\\/schema\\\/logo\\\/image\\\/\",\"url\":\"https:\\\/\\\/decolights.eu\\\/wp-content\\\/uploads\\\/2023\\\/07\\\/cropped-decolight-siteicon.png\",\"contentUrl\":\"https:\\\/\\\/decolights.eu\\\/wp-content\\\/uploads\\\/2023\\\/07\\\/cropped-decolight-siteicon.png\",\"width\":512,\"height\":512,\"caption\":\"decolights\"},\"image\":{\"@id\":\"https:\\\/\\\/decolights.eu\\\/#\\\/schema\\\/logo\\\/image\\\/\"}}]}<\/script>\n<!-- \/ Yoast SEO plugin. -->","yoast_head_json":{"title":"PRO String LED-Licht mit kaltwei\u00dfem Blitz - Decolights.eu","description":"PRO String LED-Licht mit kaltwei\u00dfem Blitz sorgt f\u00fcr eine magische Atmosph\u00e4re. Festliche Stimmung garantiert! Kaufen Sie jetzt, um den besten Preis zu erhalten.","robots":{"index":"index","follow":"follow","max-snippet":"max-snippet:-1","max-image-preview":"max-image-preview:large","max-video-preview":"max-video-preview:-1"},"canonical":"https:\/\/decolights.eu\/de\/termek\/pro-string-led-light-with-cold-white-flash\/","og_locale":"de_DE","og_type":"article","og_title":"PRO String LED light with cold white flash - Decolights.eu","og_description":"PRO String LED light with cold white flash will create a magical atmosphere. Festive mood in guaranteed! Buy now to get the best price.","og_url":"https:\/\/decolights.eu\/de\/termek\/pro-string-led-light-with-cold-white-flash\/","og_site_name":"Decolights.eu","article_modified_time":"2023-05-12T06:38:09+00:00","og_image":[{"width":574,"height":578,"url":"https:\/\/decolights.eu\/wp-content\/uploads\/2023\/04\/tuled-flash-pro.jpg","type":"image\/jpeg"}],"twitter_card":"summary_large_image","twitter_misc":{"Gesch\u00e4tzte Lesezeit":"1\u00a0Minute"},"schema":{"@context":"https:\/\/schema.org","@graph":[{"@type":"WebPage","@id":"https:\/\/decolights.eu\/hu\/termek\/pro-string-led-light-with-cold-white-flash\/","url":"https:\/\/decolights.eu\/hu\/termek\/pro-string-led-light-with-cold-white-flash\/","name":"PRO String LED-Licht mit kaltwei\u00dfem Blitz - Decolights.eu","isPartOf":{"@id":"https:\/\/decolights.eu\/#website"},"primaryImageOfPage":{"@id":"https:\/\/decolights.eu\/hu\/termek\/pro-string-led-light-with-cold-white-flash\/#primaryimage"},"image":{"@id":"https:\/\/decolights.eu\/hu\/termek\/pro-string-led-light-with-cold-white-flash\/#primaryimage"},"thumbnailUrl":"https:\/\/decolights.eu\/wp-content\/uploads\/2023\/04\/tuled-flash-pro.jpg","datePublished":"2023-04-01T04:22:58+00:00","dateModified":"2023-05-12T06:38:09+00:00","description":"PRO String LED-Licht mit kaltwei\u00dfem Blitz sorgt f\u00fcr eine magische Atmosph\u00e4re. Festliche Stimmung garantiert! Kaufen Sie jetzt, um den besten Preis zu erhalten.","breadcrumb":{"@id":"https:\/\/decolights.eu\/hu\/termek\/pro-string-led-light-with-cold-white-flash\/#breadcrumb"},"inLanguage":"de","potentialAction":[{"@type":"ReadAction","target":["https:\/\/decolights.eu\/hu\/termek\/pro-string-led-light-with-cold-white-flash\/"]}]},{"@type":"ImageObject","inLanguage":"de","@id":"https:\/\/decolights.eu\/hu\/termek\/pro-string-led-light-with-cold-white-flash\/#primaryimage","url":"https:\/\/decolights.eu\/wp-content\/uploads\/2023\/04\/tuled-flash-pro.jpg","contentUrl":"https:\/\/decolights.eu\/wp-content\/uploads\/2023\/04\/tuled-flash-pro.jpg","width":574,"height":578},{"@type":"BreadcrumbList","@id":"https:\/\/decolights.eu\/hu\/termek\/pro-string-led-light-with-cold-white-flash\/#breadcrumb","itemListElement":[{"@type":"ListItem","position":1,"name":"Shop","item":"https:\/\/decolights.eu\/shop\/"},{"@type":"ListItem","position":2,"name":"PRO String LED light with cold white flash"}]},{"@type":"WebSite","@id":"https:\/\/decolights.eu\/#website","url":"https:\/\/decolights.eu\/","name":"Dekolichter","description":"LED-Dekorationen f\u00fcr Haus und Garten","publisher":{"@id":"https:\/\/decolights.eu\/#organization"},"alternateName":"decolights.eu","potentialAction":[{"@type":"SearchAction","target":{"@type":"EntryPoint","urlTemplate":"https:\/\/decolights.eu\/?s={search_term_string}"},"query-input":{"@type":"PropertyValueSpecification","valueRequired":true,"valueName":"search_term_string"}}],"inLanguage":"de"},{"@type":"Organization","@id":"https:\/\/decolights.eu\/#organization","name":"Dekolichter","url":"https:\/\/decolights.eu\/","logo":{"@type":"ImageObject","inLanguage":"de","@id":"https:\/\/decolights.eu\/#\/schema\/logo\/image\/","url":"https:\/\/decolights.eu\/wp-content\/uploads\/2023\/07\/cropped-decolight-siteicon.png","contentUrl":"https:\/\/decolights.eu\/wp-content\/uploads\/2023\/07\/cropped-decolight-siteicon.png","width":512,"height":512,"caption":"decolights"},"image":{"@id":"https:\/\/decolights.eu\/#\/schema\/logo\/image\/"}}]}},"jetpack_sharing_enabled":true,"_links":{"self":[{"href":"https:\/\/decolights.eu\/de\/wp-json\/wp\/v2\/product\/4740","targetHints":{"allow":["GET"]}}],"collection":[{"href":"https:\/\/decolights.eu\/de\/wp-json\/wp\/v2\/product"}],"about":[{"href":"https:\/\/decolights.eu\/de\/wp-json\/wp\/v2\/types\/product"}],"replies":[{"embeddable":true,"href":"https:\/\/decolights.eu\/de\/wp-json\/wp\/v2\/comments?post=4740"}],"wp:featuredmedia":[{"embeddable":true,"href":"https:\/\/decolights.eu\/de\/wp-json\/wp\/v2\/media\/4799"}],"wp:attachment":[{"href":"https:\/\/decolights.eu\/de\/wp-json\/wp\/v2\/media?parent=4740"}],"wp:term":[{"taxonomy":"product_brand","embeddable":true,"href":"https:\/\/decolights.eu\/de\/wp-json\/wp\/v2\/product_brand?post=4740"},{"taxonomy":"product_cat","embeddable":true,"href":"https:\/\/decolights.eu\/de\/wp-json\/wp\/v2\/product_cat?post=4740"},{"taxonomy":"product_tag","embeddable":true,"href":"https:\/\/decolights.eu\/de\/wp-json\/wp\/v2\/product_tag?post=4740"}],"curies":[{"name":"wp","href":"https:\/\/api.w.org\/{rel}","templated":true}]}}