{"id":5007,"date":"2023-04-01T04:25:43","date_gmt":"2023-04-01T04:25:43","guid":{"rendered":"https:\/\/decolights.eu\/?post_type=product&#038;p=5007"},"modified":"2023-05-01T15:24:54","modified_gmt":"2023-05-01T15:24:54","slug":"festoon-filament-led-lights-8-5m-10-hanging-bulbs","status":"publish","type":"product","link":"https:\/\/decolights.eu\/de\/produkt-2\/festoon-filament-led-lights-8-5m-10-hanging-bulbs\/","title":{"rendered":"Girlanden-Filament-LED-Leuchten, 8,5 m, 10 h\u00e4ngende Gl\u00fchbirnen"},"content":{"rendered":"<p>Partylicht mit 10 transparenten Abdeckungen mit LED-Filament im Inneren. Sch\u00f6ne Lichterkette zum Dekorieren f\u00fcr Partys und den Alltag. Erzeugt ein sch\u00f6nes Licht im Dunkeln.<\/p>\n<ul>\n<li><strong>LED-Farbe<\/strong>: warmwei\u00dfes Filament<\/li>\n<li><strong>Anzahl der Lampen<\/strong><strong>: <\/strong>10 St\u00fcck<\/li>\n<li><strong>Gesamtl\u00e4nge (inkl. Stromkabel): <\/strong>8,50 Mio.<\/li>\n<li><strong>Netzkabel:<\/strong> 5M<\/li>\n<li><strong>Gl\u00fchbirnengr\u00f6\u00dfe: <\/strong>4,50 cm<\/li>\n<li><strong>L\u00e4nge des H\u00e4ngeteils: <\/strong>30CM<\/li>\n<li><strong>Birne:\u00a0<\/strong>0,40 W<\/li>\n<li><strong>Abstand zwischen den Gl\u00fchbirnen:<\/strong> 40CM<\/li>\n<li><strong>Kabelfarbe: <\/strong>Schwarz<\/li>\n<li><strong>IP-Bewertung: <\/strong>IP44<\/li>\n<li><strong>Energiequelle:\u00a0<\/strong>Einstecken<\/li>\n<li><strong>Kabelmaterial:\u00a0<\/strong>PVC<\/li>\n<li><strong>Anschlie\u00dfbar:\u00a0<\/strong>NEIN<\/li>\n<li><strong>Kappe\/Sockel:\u00a0<\/strong>Nicht austauschbar<\/li>\n<li><strong>CE-zertifiziert:\u00a0<\/strong>Ja<\/li>\n<li>24V DC 1,8W<\/li>\n<\/ul>","protected":false},"excerpt":{"rendered":"<p>Party light with 10 pcs clear covers with LED Filament inside. Lovely light chain to decorate with for party and everyday. Creates a beautiful light in the dark. LED colour: warm white filament Number of lamps: 10pcs Total length (included power lead cable): 8.50M Power lead cable: 5M Bulb size: 4.50CM Hanging part length: 30CM [&#8230;]\n","protected":false},"featured_media":5048,"comment_status":"open","ping_status":"closed","template":"","meta":[],"product_brand":[],"product_cat":[227,226,230],"product_tag":[],"class_list":{"0":"post-5007","1":"product","2":"type-product","3":"status-publish","4":"has-post-thumbnail","6":"product_cat-led-festoon-lights-outdoor-lights","7":"product_cat-outdoor-lights","8":"product_cat-patio-lights","9":"pa_brand-deco","10":"pa_led-colour-warm-white","12":"first","13":"instock","14":"sale","15":"shipping-taxable","16":"purchasable","17":"product-type-simple"},"yoast_head":"<!-- This site is optimized with the Yoast SEO plugin v27.3 - https:\/\/yoast.com\/product\/yoast-seo-wordpress\/ -->\n<title>Festoon Filament LED lights 8.5M 10 hanging bulbs - Best price - Decolights.eu<\/title>\n<meta name=\"description\" content=\"Decorate your patio or garden with a nice festoon LED lights with hanging bulbs to get cozy atmosphere. Do not hesitate and buy now the get the best price!\" \/>\n<meta name=\"robots\" content=\"index, follow, max-snippet:-1, max-image-preview:large, max-video-preview:-1\" \/>\n<link rel=\"canonical\" href=\"https:\/\/decolights.eu\/de\/produkt-2\/festoon-filament-led-lights-8-5m-10-hanging-bulbs\/\" \/>\n<meta property=\"og:locale\" content=\"de_DE\" \/>\n<meta property=\"og:type\" content=\"article\" \/>\n<meta property=\"og:title\" content=\"Festoon Filament LED lights 8.5M 10 hanging bulbs - Best price - Decolights.eu\" \/>\n<meta property=\"og:description\" content=\"Decorate your patio or garden with a nice festoon LED lights with hanging bulbs to get cozy atmosphere. Do not hesitate and buy now the get the best price!\" \/>\n<meta property=\"og:url\" content=\"https:\/\/decolights.eu\/de\/produkt-2\/festoon-filament-led-lights-8-5m-10-hanging-bulbs\/\" \/>\n<meta property=\"og:site_name\" content=\"Decolights.eu\" \/>\n<meta property=\"article:modified_time\" content=\"2023-05-01T15:24:54+00:00\" \/>\n<meta property=\"og:image\" content=\"https:\/\/decolights.eu\/wp-content\/uploads\/2023\/04\/HR-JPG_476-94_M2.jpg\" \/>\n\t<meta property=\"og:image:width\" content=\"1000\" \/>\n\t<meta property=\"og:image:height\" content=\"1000\" \/>\n\t<meta property=\"og:image:type\" content=\"image\/jpeg\" \/>\n<meta name=\"twitter:card\" content=\"summary_large_image\" \/>\n<meta name=\"twitter:label1\" content=\"Gesch\u00e4tzte Lesezeit\" \/>\n\t<meta name=\"twitter:data1\" content=\"1\u00a0Minute\" \/>\n<script type=\"application\/ld+json\" class=\"yoast-schema-graph\">{\"@context\":\"https:\\\/\\\/schema.org\",\"@graph\":[{\"@type\":\"WebPage\",\"@id\":\"https:\\\/\\\/decolights.eu\\\/product\\\/festoon-filament-led-lights-8-5m-10-hanging-bulbs\\\/\",\"url\":\"https:\\\/\\\/decolights.eu\\\/product\\\/festoon-filament-led-lights-8-5m-10-hanging-bulbs\\\/\",\"name\":\"Festoon Filament LED lights 8.5M 10 hanging bulbs - Best price - Decolights.eu\",\"isPartOf\":{\"@id\":\"https:\\\/\\\/decolights.eu\\\/#website\"},\"primaryImageOfPage\":{\"@id\":\"https:\\\/\\\/decolights.eu\\\/product\\\/festoon-filament-led-lights-8-5m-10-hanging-bulbs\\\/#primaryimage\"},\"image\":{\"@id\":\"https:\\\/\\\/decolights.eu\\\/product\\\/festoon-filament-led-lights-8-5m-10-hanging-bulbs\\\/#primaryimage\"},\"thumbnailUrl\":\"https:\\\/\\\/decolights.eu\\\/wp-content\\\/uploads\\\/2023\\\/04\\\/HR-JPG_476-94_M2.jpg\",\"datePublished\":\"2023-04-01T04:25:43+00:00\",\"dateModified\":\"2023-05-01T15:24:54+00:00\",\"description\":\"Decorate your patio or garden with a nice festoon LED lights with hanging bulbs to get cozy atmosphere. Do not hesitate and buy now the get the best price!\",\"breadcrumb\":{\"@id\":\"https:\\\/\\\/decolights.eu\\\/product\\\/festoon-filament-led-lights-8-5m-10-hanging-bulbs\\\/#breadcrumb\"},\"inLanguage\":\"de\",\"potentialAction\":[{\"@type\":\"ReadAction\",\"target\":[\"https:\\\/\\\/decolights.eu\\\/product\\\/festoon-filament-led-lights-8-5m-10-hanging-bulbs\\\/\"]}]},{\"@type\":\"ImageObject\",\"inLanguage\":\"de\",\"@id\":\"https:\\\/\\\/decolights.eu\\\/product\\\/festoon-filament-led-lights-8-5m-10-hanging-bulbs\\\/#primaryimage\",\"url\":\"https:\\\/\\\/decolights.eu\\\/wp-content\\\/uploads\\\/2023\\\/04\\\/HR-JPG_476-94_M2.jpg\",\"contentUrl\":\"https:\\\/\\\/decolights.eu\\\/wp-content\\\/uploads\\\/2023\\\/04\\\/HR-JPG_476-94_M2.jpg\",\"width\":1000,\"height\":1000},{\"@type\":\"BreadcrumbList\",\"@id\":\"https:\\\/\\\/decolights.eu\\\/product\\\/festoon-filament-led-lights-8-5m-10-hanging-bulbs\\\/#breadcrumb\",\"itemListElement\":[{\"@type\":\"ListItem\",\"position\":1,\"name\":\"Shop\",\"item\":\"https:\\\/\\\/decolights.eu\\\/shop\\\/\"},{\"@type\":\"ListItem\",\"position\":2,\"name\":\"Festoon Filament LED lights 8.5M 10 hanging bulbs\"}]},{\"@type\":\"WebSite\",\"@id\":\"https:\\\/\\\/decolights.eu\\\/#website\",\"url\":\"https:\\\/\\\/decolights.eu\\\/\",\"name\":\"decolights\",\"description\":\"Led Decorations for Home and Garden\",\"publisher\":{\"@id\":\"https:\\\/\\\/decolights.eu\\\/#organization\"},\"alternateName\":\"decolights.eu\",\"potentialAction\":[{\"@type\":\"SearchAction\",\"target\":{\"@type\":\"EntryPoint\",\"urlTemplate\":\"https:\\\/\\\/decolights.eu\\\/?s={search_term_string}\"},\"query-input\":{\"@type\":\"PropertyValueSpecification\",\"valueRequired\":true,\"valueName\":\"search_term_string\"}}],\"inLanguage\":\"de\"},{\"@type\":\"Organization\",\"@id\":\"https:\\\/\\\/decolights.eu\\\/#organization\",\"name\":\"decolights\",\"url\":\"https:\\\/\\\/decolights.eu\\\/\",\"logo\":{\"@type\":\"ImageObject\",\"inLanguage\":\"de\",\"@id\":\"https:\\\/\\\/decolights.eu\\\/#\\\/schema\\\/logo\\\/image\\\/\",\"url\":\"https:\\\/\\\/decolights.eu\\\/wp-content\\\/uploads\\\/2023\\\/07\\\/cropped-decolight-siteicon.png\",\"contentUrl\":\"https:\\\/\\\/decolights.eu\\\/wp-content\\\/uploads\\\/2023\\\/07\\\/cropped-decolight-siteicon.png\",\"width\":512,\"height\":512,\"caption\":\"decolights\"},\"image\":{\"@id\":\"https:\\\/\\\/decolights.eu\\\/#\\\/schema\\\/logo\\\/image\\\/\"}}]}<\/script>\n<!-- \/ Yoast SEO plugin. -->","yoast_head_json":{"title":"Filament-LED-Festoon-Leuchten 8,5 m, 10 H\u00e4ngebirnen - Bester Preis - Decolights.eu","description":"Dekorieren Sie Ihre Terrasse oder Ihren Garten mit sch\u00f6nen Girlanden-LED-Lichtern mit h\u00e4ngenden Gl\u00fchbirnen, um eine gem\u00fctliche Atmosph\u00e4re zu schaffen. Z\u00f6gern Sie nicht und kaufen Sie jetzt zum besten Preis!","robots":{"index":"index","follow":"follow","max-snippet":"max-snippet:-1","max-image-preview":"max-image-preview:large","max-video-preview":"max-video-preview:-1"},"canonical":"https:\/\/decolights.eu\/de\/produkt-2\/festoon-filament-led-lights-8-5m-10-hanging-bulbs\/","og_locale":"de_DE","og_type":"article","og_title":"Festoon Filament LED lights 8.5M 10 hanging bulbs - Best price - Decolights.eu","og_description":"Decorate your patio or garden with a nice festoon LED lights with hanging bulbs to get cozy atmosphere. Do not hesitate and buy now the get the best price!","og_url":"https:\/\/decolights.eu\/de\/produkt-2\/festoon-filament-led-lights-8-5m-10-hanging-bulbs\/","og_site_name":"Decolights.eu","article_modified_time":"2023-05-01T15:24:54+00:00","og_image":[{"width":1000,"height":1000,"url":"https:\/\/decolights.eu\/wp-content\/uploads\/2023\/04\/HR-JPG_476-94_M2.jpg","type":"image\/jpeg"}],"twitter_card":"summary_large_image","twitter_misc":{"Gesch\u00e4tzte Lesezeit":"1\u00a0Minute"},"schema":{"@context":"https:\/\/schema.org","@graph":[{"@type":"WebPage","@id":"https:\/\/decolights.eu\/product\/festoon-filament-led-lights-8-5m-10-hanging-bulbs\/","url":"https:\/\/decolights.eu\/product\/festoon-filament-led-lights-8-5m-10-hanging-bulbs\/","name":"Filament-LED-Festoon-Leuchten 8,5 m, 10 H\u00e4ngebirnen - Bester Preis - Decolights.eu","isPartOf":{"@id":"https:\/\/decolights.eu\/#website"},"primaryImageOfPage":{"@id":"https:\/\/decolights.eu\/product\/festoon-filament-led-lights-8-5m-10-hanging-bulbs\/#primaryimage"},"image":{"@id":"https:\/\/decolights.eu\/product\/festoon-filament-led-lights-8-5m-10-hanging-bulbs\/#primaryimage"},"thumbnailUrl":"https:\/\/decolights.eu\/wp-content\/uploads\/2023\/04\/HR-JPG_476-94_M2.jpg","datePublished":"2023-04-01T04:25:43+00:00","dateModified":"2023-05-01T15:24:54+00:00","description":"Dekorieren Sie Ihre Terrasse oder Ihren Garten mit sch\u00f6nen Girlanden-LED-Lichtern mit h\u00e4ngenden Gl\u00fchbirnen, um eine gem\u00fctliche Atmosph\u00e4re zu schaffen. Z\u00f6gern Sie nicht und kaufen Sie jetzt zum besten Preis!","breadcrumb":{"@id":"https:\/\/decolights.eu\/product\/festoon-filament-led-lights-8-5m-10-hanging-bulbs\/#breadcrumb"},"inLanguage":"de","potentialAction":[{"@type":"ReadAction","target":["https:\/\/decolights.eu\/product\/festoon-filament-led-lights-8-5m-10-hanging-bulbs\/"]}]},{"@type":"ImageObject","inLanguage":"de","@id":"https:\/\/decolights.eu\/product\/festoon-filament-led-lights-8-5m-10-hanging-bulbs\/#primaryimage","url":"https:\/\/decolights.eu\/wp-content\/uploads\/2023\/04\/HR-JPG_476-94_M2.jpg","contentUrl":"https:\/\/decolights.eu\/wp-content\/uploads\/2023\/04\/HR-JPG_476-94_M2.jpg","width":1000,"height":1000},{"@type":"BreadcrumbList","@id":"https:\/\/decolights.eu\/product\/festoon-filament-led-lights-8-5m-10-hanging-bulbs\/#breadcrumb","itemListElement":[{"@type":"ListItem","position":1,"name":"Shop","item":"https:\/\/decolights.eu\/shop\/"},{"@type":"ListItem","position":2,"name":"Festoon Filament LED lights 8.5M 10 hanging bulbs"}]},{"@type":"WebSite","@id":"https:\/\/decolights.eu\/#website","url":"https:\/\/decolights.eu\/","name":"Dekolichter","description":"LED-Dekorationen f\u00fcr Haus und Garten","publisher":{"@id":"https:\/\/decolights.eu\/#organization"},"alternateName":"decolights.eu","potentialAction":[{"@type":"SearchAction","target":{"@type":"EntryPoint","urlTemplate":"https:\/\/decolights.eu\/?s={search_term_string}"},"query-input":{"@type":"PropertyValueSpecification","valueRequired":true,"valueName":"search_term_string"}}],"inLanguage":"de"},{"@type":"Organization","@id":"https:\/\/decolights.eu\/#organization","name":"Dekolichter","url":"https:\/\/decolights.eu\/","logo":{"@type":"ImageObject","inLanguage":"de","@id":"https:\/\/decolights.eu\/#\/schema\/logo\/image\/","url":"https:\/\/decolights.eu\/wp-content\/uploads\/2023\/07\/cropped-decolight-siteicon.png","contentUrl":"https:\/\/decolights.eu\/wp-content\/uploads\/2023\/07\/cropped-decolight-siteicon.png","width":512,"height":512,"caption":"decolights"},"image":{"@id":"https:\/\/decolights.eu\/#\/schema\/logo\/image\/"}}]}},"jetpack_sharing_enabled":true,"_links":{"self":[{"href":"https:\/\/decolights.eu\/de\/wp-json\/wp\/v2\/product\/5007","targetHints":{"allow":["GET"]}}],"collection":[{"href":"https:\/\/decolights.eu\/de\/wp-json\/wp\/v2\/product"}],"about":[{"href":"https:\/\/decolights.eu\/de\/wp-json\/wp\/v2\/types\/product"}],"replies":[{"embeddable":true,"href":"https:\/\/decolights.eu\/de\/wp-json\/wp\/v2\/comments?post=5007"}],"wp:featuredmedia":[{"embeddable":true,"href":"https:\/\/decolights.eu\/de\/wp-json\/wp\/v2\/media\/5048"}],"wp:attachment":[{"href":"https:\/\/decolights.eu\/de\/wp-json\/wp\/v2\/media?parent=5007"}],"wp:term":[{"taxonomy":"product_brand","embeddable":true,"href":"https:\/\/decolights.eu\/de\/wp-json\/wp\/v2\/product_brand?post=5007"},{"taxonomy":"product_cat","embeddable":true,"href":"https:\/\/decolights.eu\/de\/wp-json\/wp\/v2\/product_cat?post=5007"},{"taxonomy":"product_tag","embeddable":true,"href":"https:\/\/decolights.eu\/de\/wp-json\/wp\/v2\/product_tag?post=5007"}],"curies":[{"name":"wp","href":"https:\/\/api.w.org\/{rel}","templated":true}]}}