{"id":5189,"date":"2023-04-01T04:27:42","date_gmt":"2023-04-01T04:27:42","guid":{"rendered":"https:\/\/decolights.eu\/?post_type=product&#038;p=5189"},"modified":"2023-05-01T07:59:39","modified_gmt":"2023-05-01T07:59:39","slug":"led-decoration-deer","status":"publish","type":"product","link":"https:\/\/decolights.eu\/de\/produkt-2\/led-decoration-deer\/","title":{"rendered":"LED-Deko Hirsch"},"content":{"rendered":"<div>\n<div class=\"product-detail__description\">Sch\u00f6nes Outdoor-Produkt f\u00fcr Ihren Garten oder Ihre Terrasse. 55 cm gro\u00dfer brauner Hirsch mit 24 LED-Leuchten. Batteriebetrieben mit Timerfunktion.<\/div>\n<div>\n<ul>\n<li><strong>Farbe: <\/strong>braun<\/li>\n<li><strong>Drahtfarbe: <\/strong>braun<\/li>\n<li><strong>LED-Farbe:\u00a0<\/strong>Warmwei\u00df<\/li>\n<li><strong>Anzahl der LEDs:\u00a0<\/strong>24LED<\/li>\n<li><strong>Gr\u00f6\u00dfe: <\/strong>55 x 36M<\/li>\n<li><strong>Netzkabel:<\/strong> 5M<\/li>\n<li dir=\"ltr\" data-placeholder=\"Translation\"><strong>Energiequelle:<\/strong> 3 x AA-Batterien (nicht im Lieferumfang enthalten)<\/li>\n<li dir=\"ltr\" data-placeholder=\"Translation\"><strong>Timer:<\/strong> 8 Stunden an\/16 Stunden aus, wiederholen<\/li>\n<li><strong>Fernbedienung:\u00a0<\/strong>NEIN<\/li>\n<li><b>IP-Bewertung:\u00a0<\/b>IP44<\/li>\n<li><strong>CE-Zertifikat:\u00a0<\/strong>Ja<\/li>\n<li>3V, 4,5DC, 0,06W<\/li>\n<\/ul>\n<\/div>\n<\/div>","protected":false},"excerpt":{"rendered":"<p>Very nice outdoor product for your garden or patio. 55 cm high brown deer with 24 LED-lights. Battery operated with timer function. Colour: brown Wire colour: brown LED colour:\u00a0warm white Amount of LED:\u00a024LED Size: 55 x 36M Power lead cable: 5M Power source: 3 x AA batteries (not included) Timer: 8H on\/16H off, repeat Remote [&#8230;]\n","protected":false},"featured_media":5241,"comment_status":"open","ping_status":"closed","template":"","meta":[],"product_brand":[],"product_cat":[217,214,223],"product_tag":[],"class_list":{"0":"post-5189","1":"product","2":"type-product","3":"status-publish","4":"has-post-thumbnail","6":"product_cat-battery-operated-led-lights","7":"product_cat-indoor-lights","8":"product_cat-led-animals-indoor-lights","9":"pa_brand-deco","10":"pa_led-colour-warm-white","12":"first","13":"instock","14":"sale","15":"shipping-taxable","16":"purchasable","17":"product-type-simple"},"yoast_head":"<!-- This site is optimized with the Yoast SEO plugin v27.3 - https:\/\/yoast.com\/product\/yoast-seo-wordpress\/ -->\n<title>LED Decoration Deer - Best price guarantee - Decolights.eu<\/title>\n<meta name=\"description\" content=\"LED Decoration Deer is perfect decorative animal for inside and outside. Will create festive mood in the Christmas and also summer time. Buy now!\" \/>\n<meta name=\"robots\" content=\"index, follow, max-snippet:-1, max-image-preview:large, max-video-preview:-1\" \/>\n<link rel=\"canonical\" href=\"https:\/\/decolights.eu\/de\/produkt-2\/led-decoration-deer\/\" \/>\n<meta property=\"og:locale\" content=\"de_DE\" \/>\n<meta property=\"og:type\" content=\"article\" \/>\n<meta property=\"og:title\" content=\"LED Decoration Deer - Best price guarantee - Decolights.eu\" \/>\n<meta property=\"og:description\" content=\"LED Decoration Deer is perfect decorative animal for inside and outside. Will create festive mood in the Christmas and also summer time. Buy now!\" \/>\n<meta property=\"og:url\" content=\"https:\/\/decolights.eu\/de\/produkt-2\/led-decoration-deer\/\" \/>\n<meta property=\"og:site_name\" content=\"Decolights.eu\" \/>\n<meta property=\"article:modified_time\" content=\"2023-05-01T07:59:39+00:00\" \/>\n<meta property=\"og:image\" content=\"https:\/\/decolights.eu\/wp-content\/uploads\/2023\/04\/803-60_FL_001.png\" \/>\n\t<meta property=\"og:image:width\" content=\"600\" \/>\n\t<meta property=\"og:image:height\" content=\"600\" \/>\n\t<meta property=\"og:image:type\" content=\"image\/png\" \/>\n<meta name=\"twitter:card\" content=\"summary_large_image\" \/>\n<meta name=\"twitter:label1\" content=\"Gesch\u00e4tzte Lesezeit\" \/>\n\t<meta name=\"twitter:data1\" content=\"1\u00a0Minute\" \/>\n<script type=\"application\/ld+json\" class=\"yoast-schema-graph\">{\"@context\":\"https:\\\/\\\/schema.org\",\"@graph\":[{\"@type\":\"WebPage\",\"@id\":\"https:\\\/\\\/decolights.eu\\\/product\\\/led-decoration-deer\\\/\",\"url\":\"https:\\\/\\\/decolights.eu\\\/product\\\/led-decoration-deer\\\/\",\"name\":\"LED Decoration Deer - Best price guarantee - Decolights.eu\",\"isPartOf\":{\"@id\":\"https:\\\/\\\/decolights.eu\\\/#website\"},\"primaryImageOfPage\":{\"@id\":\"https:\\\/\\\/decolights.eu\\\/product\\\/led-decoration-deer\\\/#primaryimage\"},\"image\":{\"@id\":\"https:\\\/\\\/decolights.eu\\\/product\\\/led-decoration-deer\\\/#primaryimage\"},\"thumbnailUrl\":\"https:\\\/\\\/decolights.eu\\\/wp-content\\\/uploads\\\/2023\\\/04\\\/803-60_FL_001.png\",\"datePublished\":\"2023-04-01T04:27:42+00:00\",\"dateModified\":\"2023-05-01T07:59:39+00:00\",\"description\":\"LED Decoration Deer is perfect decorative animal for inside and outside. Will create festive mood in the Christmas and also summer time. Buy now!\",\"breadcrumb\":{\"@id\":\"https:\\\/\\\/decolights.eu\\\/product\\\/led-decoration-deer\\\/#breadcrumb\"},\"inLanguage\":\"de\",\"potentialAction\":[{\"@type\":\"ReadAction\",\"target\":[\"https:\\\/\\\/decolights.eu\\\/product\\\/led-decoration-deer\\\/\"]}]},{\"@type\":\"ImageObject\",\"inLanguage\":\"de\",\"@id\":\"https:\\\/\\\/decolights.eu\\\/product\\\/led-decoration-deer\\\/#primaryimage\",\"url\":\"https:\\\/\\\/decolights.eu\\\/wp-content\\\/uploads\\\/2023\\\/04\\\/803-60_FL_001.png\",\"contentUrl\":\"https:\\\/\\\/decolights.eu\\\/wp-content\\\/uploads\\\/2023\\\/04\\\/803-60_FL_001.png\",\"width\":600,\"height\":600},{\"@type\":\"BreadcrumbList\",\"@id\":\"https:\\\/\\\/decolights.eu\\\/product\\\/led-decoration-deer\\\/#breadcrumb\",\"itemListElement\":[{\"@type\":\"ListItem\",\"position\":1,\"name\":\"Shop\",\"item\":\"https:\\\/\\\/decolights.eu\\\/shop\\\/\"},{\"@type\":\"ListItem\",\"position\":2,\"name\":\"LED Decoration Deer\"}]},{\"@type\":\"WebSite\",\"@id\":\"https:\\\/\\\/decolights.eu\\\/#website\",\"url\":\"https:\\\/\\\/decolights.eu\\\/\",\"name\":\"decolights\",\"description\":\"Led Decorations for Home and Garden\",\"publisher\":{\"@id\":\"https:\\\/\\\/decolights.eu\\\/#organization\"},\"alternateName\":\"decolights.eu\",\"potentialAction\":[{\"@type\":\"SearchAction\",\"target\":{\"@type\":\"EntryPoint\",\"urlTemplate\":\"https:\\\/\\\/decolights.eu\\\/?s={search_term_string}\"},\"query-input\":{\"@type\":\"PropertyValueSpecification\",\"valueRequired\":true,\"valueName\":\"search_term_string\"}}],\"inLanguage\":\"de\"},{\"@type\":\"Organization\",\"@id\":\"https:\\\/\\\/decolights.eu\\\/#organization\",\"name\":\"decolights\",\"url\":\"https:\\\/\\\/decolights.eu\\\/\",\"logo\":{\"@type\":\"ImageObject\",\"inLanguage\":\"de\",\"@id\":\"https:\\\/\\\/decolights.eu\\\/#\\\/schema\\\/logo\\\/image\\\/\",\"url\":\"https:\\\/\\\/decolights.eu\\\/wp-content\\\/uploads\\\/2023\\\/07\\\/cropped-decolight-siteicon.png\",\"contentUrl\":\"https:\\\/\\\/decolights.eu\\\/wp-content\\\/uploads\\\/2023\\\/07\\\/cropped-decolight-siteicon.png\",\"width\":512,\"height\":512,\"caption\":\"decolights\"},\"image\":{\"@id\":\"https:\\\/\\\/decolights.eu\\\/#\\\/schema\\\/logo\\\/image\\\/\"}}]}<\/script>\n<!-- \/ Yoast SEO plugin. -->","yoast_head_json":{"title":"LED Deko Hirsch - Bestpreisgarantie - Decolights.eu","description":"Der LED-Deko-Hirsch ist das perfekte Dekotier f\u00fcr drinnen und drau\u00dfen. Er sorgt f\u00fcr festliche Stimmung zu Weihnachten und im Sommer. Jetzt kaufen!","robots":{"index":"index","follow":"follow","max-snippet":"max-snippet:-1","max-image-preview":"max-image-preview:large","max-video-preview":"max-video-preview:-1"},"canonical":"https:\/\/decolights.eu\/de\/produkt-2\/led-decoration-deer\/","og_locale":"de_DE","og_type":"article","og_title":"LED Decoration Deer - Best price guarantee - Decolights.eu","og_description":"LED Decoration Deer is perfect decorative animal for inside and outside. Will create festive mood in the Christmas and also summer time. Buy now!","og_url":"https:\/\/decolights.eu\/de\/produkt-2\/led-decoration-deer\/","og_site_name":"Decolights.eu","article_modified_time":"2023-05-01T07:59:39+00:00","og_image":[{"width":600,"height":600,"url":"https:\/\/decolights.eu\/wp-content\/uploads\/2023\/04\/803-60_FL_001.png","type":"image\/png"}],"twitter_card":"summary_large_image","twitter_misc":{"Gesch\u00e4tzte Lesezeit":"1\u00a0Minute"},"schema":{"@context":"https:\/\/schema.org","@graph":[{"@type":"WebPage","@id":"https:\/\/decolights.eu\/product\/led-decoration-deer\/","url":"https:\/\/decolights.eu\/product\/led-decoration-deer\/","name":"LED Deko Hirsch - Bestpreisgarantie - Decolights.eu","isPartOf":{"@id":"https:\/\/decolights.eu\/#website"},"primaryImageOfPage":{"@id":"https:\/\/decolights.eu\/product\/led-decoration-deer\/#primaryimage"},"image":{"@id":"https:\/\/decolights.eu\/product\/led-decoration-deer\/#primaryimage"},"thumbnailUrl":"https:\/\/decolights.eu\/wp-content\/uploads\/2023\/04\/803-60_FL_001.png","datePublished":"2023-04-01T04:27:42+00:00","dateModified":"2023-05-01T07:59:39+00:00","description":"Der LED-Deko-Hirsch ist das perfekte Dekotier f\u00fcr drinnen und drau\u00dfen. Er sorgt f\u00fcr festliche Stimmung zu Weihnachten und im Sommer. Jetzt kaufen!","breadcrumb":{"@id":"https:\/\/decolights.eu\/product\/led-decoration-deer\/#breadcrumb"},"inLanguage":"de","potentialAction":[{"@type":"ReadAction","target":["https:\/\/decolights.eu\/product\/led-decoration-deer\/"]}]},{"@type":"ImageObject","inLanguage":"de","@id":"https:\/\/decolights.eu\/product\/led-decoration-deer\/#primaryimage","url":"https:\/\/decolights.eu\/wp-content\/uploads\/2023\/04\/803-60_FL_001.png","contentUrl":"https:\/\/decolights.eu\/wp-content\/uploads\/2023\/04\/803-60_FL_001.png","width":600,"height":600},{"@type":"BreadcrumbList","@id":"https:\/\/decolights.eu\/product\/led-decoration-deer\/#breadcrumb","itemListElement":[{"@type":"ListItem","position":1,"name":"Shop","item":"https:\/\/decolights.eu\/shop\/"},{"@type":"ListItem","position":2,"name":"LED Decoration Deer"}]},{"@type":"WebSite","@id":"https:\/\/decolights.eu\/#website","url":"https:\/\/decolights.eu\/","name":"Dekolichter","description":"LED-Dekorationen f\u00fcr Haus und Garten","publisher":{"@id":"https:\/\/decolights.eu\/#organization"},"alternateName":"decolights.eu","potentialAction":[{"@type":"SearchAction","target":{"@type":"EntryPoint","urlTemplate":"https:\/\/decolights.eu\/?s={search_term_string}"},"query-input":{"@type":"PropertyValueSpecification","valueRequired":true,"valueName":"search_term_string"}}],"inLanguage":"de"},{"@type":"Organization","@id":"https:\/\/decolights.eu\/#organization","name":"Dekolichter","url":"https:\/\/decolights.eu\/","logo":{"@type":"ImageObject","inLanguage":"de","@id":"https:\/\/decolights.eu\/#\/schema\/logo\/image\/","url":"https:\/\/decolights.eu\/wp-content\/uploads\/2023\/07\/cropped-decolight-siteicon.png","contentUrl":"https:\/\/decolights.eu\/wp-content\/uploads\/2023\/07\/cropped-decolight-siteicon.png","width":512,"height":512,"caption":"decolights"},"image":{"@id":"https:\/\/decolights.eu\/#\/schema\/logo\/image\/"}}]}},"jetpack_sharing_enabled":true,"_links":{"self":[{"href":"https:\/\/decolights.eu\/de\/wp-json\/wp\/v2\/product\/5189","targetHints":{"allow":["GET"]}}],"collection":[{"href":"https:\/\/decolights.eu\/de\/wp-json\/wp\/v2\/product"}],"about":[{"href":"https:\/\/decolights.eu\/de\/wp-json\/wp\/v2\/types\/product"}],"replies":[{"embeddable":true,"href":"https:\/\/decolights.eu\/de\/wp-json\/wp\/v2\/comments?post=5189"}],"wp:featuredmedia":[{"embeddable":true,"href":"https:\/\/decolights.eu\/de\/wp-json\/wp\/v2\/media\/5241"}],"wp:attachment":[{"href":"https:\/\/decolights.eu\/de\/wp-json\/wp\/v2\/media?parent=5189"}],"wp:term":[{"taxonomy":"product_brand","embeddable":true,"href":"https:\/\/decolights.eu\/de\/wp-json\/wp\/v2\/product_brand?post=5189"},{"taxonomy":"product_cat","embeddable":true,"href":"https:\/\/decolights.eu\/de\/wp-json\/wp\/v2\/product_cat?post=5189"},{"taxonomy":"product_tag","embeddable":true,"href":"https:\/\/decolights.eu\/de\/wp-json\/wp\/v2\/product_tag?post=5189"}],"curies":[{"name":"wp","href":"https:\/\/api.w.org\/{rel}","templated":true}]}}