{"id":5353,"date":"2023-04-01T04:29:38","date_gmt":"2023-04-01T04:29:38","guid":{"rendered":"https:\/\/decolights.eu\/?post_type=product&#038;p=5353"},"modified":"2023-04-29T14:10:52","modified_gmt":"2023-04-29T14:10:52","slug":"net-led-light-3x3m","status":"publish","type":"product","link":"https:\/\/decolights.eu\/de\/produkt-2\/net-led-light-3x3m\/","title":{"rendered":"Netz-LED-Licht 3x3M"},"content":{"rendered":"<p>Lichternetz mit 200 goldenen warmwei\u00dfen LED-Birnen mit wundersch\u00f6nem Licht. Perfekt zur Dekoration in Ihrem Garten.<\/p>\n<ul>\n<li><strong>LED-Farbe: <\/strong>goldenes Warmwei\u00df<\/li>\n<li><strong>Drahtfarbe: <\/strong>Schwarz<\/li>\n<li><strong>Gr\u00f6\u00dfe:<\/strong> 3 x 3M<\/li>\n<li><strong>Netzkabel:<\/strong> 5M<\/li>\n<li><strong>Fernbedienung:\u00a0<\/strong>NEIN<\/li>\n<li><strong>Funktionen:\u00a0<\/strong>NEIN<\/li>\n<li><b>IP-Bewertung:\u00a0<\/b>IP44<\/li>\n<li><strong>Anschlie\u00dfbar:\u00a0<\/strong>NEIN<\/li>\n<li><strong>Energiequelle:\u00a0<\/strong>einstecken<\/li>\n<li><strong>CE-Zertifikat:\u00a0<\/strong>Ja<\/li>\n<li>3,2 V, 31 V Gleichstrom, 3,10 W<\/li>\n<\/ul>","protected":false},"excerpt":{"rendered":"<p>Net light with 200 golden warm white LED bulbs with beautiful light. Perfect for decoration in your garden. LED Colour: golden warm white Wire colour: Black Size: 3 x 3M Power lead cable: 5M Remote control:\u00a0No Functions:\u00a0No IP Rating:\u00a0IP44 Connectable:\u00a0No Power source:\u00a0plug in CE Certificate:\u00a0Yes 3.2V, 31V DC, 3.10W<\/p>","protected":false},"featured_media":5429,"comment_status":"open","ping_status":"closed","template":"","meta":[],"product_brand":[],"product_cat":[236,226],"product_tag":[],"class_list":{"0":"post-5353","1":"product","2":"type-product","3":"status-publish","4":"has-post-thumbnail","6":"product_cat-led-string-lights-outdoor-lights","7":"product_cat-outdoor-lights","8":"pa_brand-deco","9":"pa_led-colour-golden-warm-white","11":"first","12":"instock","13":"sale","14":"shipping-taxable","15":"purchasable","16":"product-type-simple"},"yoast_head":"<!-- This site is optimized with the Yoast SEO plugin v27.3 - https:\/\/yoast.com\/product\/yoast-seo-wordpress\/ -->\n<title>Net LED Light 3x3M - Best price guarantee - Decolights.eu<\/title>\n<meta name=\"description\" content=\"Net LED Light 3x3M is perfect festive light for decorating trees, bushes, walls and ceilings. Buy now to get the best price!\" \/>\n<meta name=\"robots\" content=\"index, follow, max-snippet:-1, max-image-preview:large, max-video-preview:-1\" \/>\n<link rel=\"canonical\" href=\"https:\/\/decolights.eu\/de\/produkt-2\/net-led-light-3x3m\/\" \/>\n<meta property=\"og:locale\" content=\"de_DE\" \/>\n<meta property=\"og:type\" content=\"article\" \/>\n<meta property=\"og:title\" content=\"Net LED Light 3x3M - Best price guarantee - Decolights.eu\" \/>\n<meta property=\"og:description\" content=\"Net LED Light 3x3M is perfect festive light for decorating trees, bushes, walls and ceilings. Buy now to get the best price!\" \/>\n<meta property=\"og:url\" content=\"https:\/\/decolights.eu\/de\/produkt-2\/net-led-light-3x3m\/\" \/>\n<meta property=\"og:site_name\" content=\"Decolights.eu\" \/>\n<meta property=\"article:modified_time\" content=\"2023-04-29T14:10:52+00:00\" \/>\n<meta property=\"og:image\" content=\"https:\/\/decolights.eu\/wp-content\/uploads\/2023\/04\/594-22_M2.png\" \/>\n\t<meta property=\"og:image:width\" content=\"600\" \/>\n\t<meta property=\"og:image:height\" content=\"602\" \/>\n\t<meta property=\"og:image:type\" content=\"image\/png\" \/>\n<meta name=\"twitter:card\" content=\"summary_large_image\" \/>\n<meta name=\"twitter:label1\" content=\"Gesch\u00e4tzte Lesezeit\" \/>\n\t<meta name=\"twitter:data1\" content=\"1\u00a0Minute\" \/>\n<script type=\"application\/ld+json\" class=\"yoast-schema-graph\">{\"@context\":\"https:\\\/\\\/schema.org\",\"@graph\":[{\"@type\":\"WebPage\",\"@id\":\"https:\\\/\\\/decolights.eu\\\/product\\\/net-led-light-3x3m\\\/\",\"url\":\"https:\\\/\\\/decolights.eu\\\/product\\\/net-led-light-3x3m\\\/\",\"name\":\"Net LED Light 3x3M - Best price guarantee - Decolights.eu\",\"isPartOf\":{\"@id\":\"https:\\\/\\\/decolights.eu\\\/#website\"},\"primaryImageOfPage\":{\"@id\":\"https:\\\/\\\/decolights.eu\\\/product\\\/net-led-light-3x3m\\\/#primaryimage\"},\"image\":{\"@id\":\"https:\\\/\\\/decolights.eu\\\/product\\\/net-led-light-3x3m\\\/#primaryimage\"},\"thumbnailUrl\":\"https:\\\/\\\/decolights.eu\\\/wp-content\\\/uploads\\\/2023\\\/04\\\/594-22_M2.png\",\"datePublished\":\"2023-04-01T04:29:38+00:00\",\"dateModified\":\"2023-04-29T14:10:52+00:00\",\"description\":\"Net LED Light 3x3M is perfect festive light for decorating trees, bushes, walls and ceilings. Buy now to get the best price!\",\"breadcrumb\":{\"@id\":\"https:\\\/\\\/decolights.eu\\\/product\\\/net-led-light-3x3m\\\/#breadcrumb\"},\"inLanguage\":\"de\",\"potentialAction\":[{\"@type\":\"ReadAction\",\"target\":[\"https:\\\/\\\/decolights.eu\\\/product\\\/net-led-light-3x3m\\\/\"]}]},{\"@type\":\"ImageObject\",\"inLanguage\":\"de\",\"@id\":\"https:\\\/\\\/decolights.eu\\\/product\\\/net-led-light-3x3m\\\/#primaryimage\",\"url\":\"https:\\\/\\\/decolights.eu\\\/wp-content\\\/uploads\\\/2023\\\/04\\\/594-22_M2.png\",\"contentUrl\":\"https:\\\/\\\/decolights.eu\\\/wp-content\\\/uploads\\\/2023\\\/04\\\/594-22_M2.png\",\"width\":600,\"height\":602},{\"@type\":\"BreadcrumbList\",\"@id\":\"https:\\\/\\\/decolights.eu\\\/product\\\/net-led-light-3x3m\\\/#breadcrumb\",\"itemListElement\":[{\"@type\":\"ListItem\",\"position\":1,\"name\":\"Shop\",\"item\":\"https:\\\/\\\/decolights.eu\\\/shop\\\/\"},{\"@type\":\"ListItem\",\"position\":2,\"name\":\"Net LED Light 3x3M\"}]},{\"@type\":\"WebSite\",\"@id\":\"https:\\\/\\\/decolights.eu\\\/#website\",\"url\":\"https:\\\/\\\/decolights.eu\\\/\",\"name\":\"decolights\",\"description\":\"Led Decorations for Home and Garden\",\"publisher\":{\"@id\":\"https:\\\/\\\/decolights.eu\\\/#organization\"},\"alternateName\":\"decolights.eu\",\"potentialAction\":[{\"@type\":\"SearchAction\",\"target\":{\"@type\":\"EntryPoint\",\"urlTemplate\":\"https:\\\/\\\/decolights.eu\\\/?s={search_term_string}\"},\"query-input\":{\"@type\":\"PropertyValueSpecification\",\"valueRequired\":true,\"valueName\":\"search_term_string\"}}],\"inLanguage\":\"de\"},{\"@type\":\"Organization\",\"@id\":\"https:\\\/\\\/decolights.eu\\\/#organization\",\"name\":\"decolights\",\"url\":\"https:\\\/\\\/decolights.eu\\\/\",\"logo\":{\"@type\":\"ImageObject\",\"inLanguage\":\"de\",\"@id\":\"https:\\\/\\\/decolights.eu\\\/#\\\/schema\\\/logo\\\/image\\\/\",\"url\":\"https:\\\/\\\/decolights.eu\\\/wp-content\\\/uploads\\\/2023\\\/07\\\/cropped-decolight-siteicon.png\",\"contentUrl\":\"https:\\\/\\\/decolights.eu\\\/wp-content\\\/uploads\\\/2023\\\/07\\\/cropped-decolight-siteicon.png\",\"width\":512,\"height\":512,\"caption\":\"decolights\"},\"image\":{\"@id\":\"https:\\\/\\\/decolights.eu\\\/#\\\/schema\\\/logo\\\/image\\\/\"}}]}<\/script>\n<!-- \/ Yoast SEO plugin. -->","yoast_head_json":{"title":"LED-Lichternetz 3x3M - Bestpreisgarantie - Decolights.eu","description":"Das 3 x 3 m lange LED-Lichternetz eignet sich perfekt zur festlichen Dekoration von B\u00e4umen, B\u00fcschen, W\u00e4nden und Decken. Jetzt kaufen und zum besten Preis!","robots":{"index":"index","follow":"follow","max-snippet":"max-snippet:-1","max-image-preview":"max-image-preview:large","max-video-preview":"max-video-preview:-1"},"canonical":"https:\/\/decolights.eu\/de\/produkt-2\/net-led-light-3x3m\/","og_locale":"de_DE","og_type":"article","og_title":"Net LED Light 3x3M - Best price guarantee - Decolights.eu","og_description":"Net LED Light 3x3M is perfect festive light for decorating trees, bushes, walls and ceilings. Buy now to get the best price!","og_url":"https:\/\/decolights.eu\/de\/produkt-2\/net-led-light-3x3m\/","og_site_name":"Decolights.eu","article_modified_time":"2023-04-29T14:10:52+00:00","og_image":[{"width":600,"height":602,"url":"https:\/\/decolights.eu\/wp-content\/uploads\/2023\/04\/594-22_M2.png","type":"image\/png"}],"twitter_card":"summary_large_image","twitter_misc":{"Gesch\u00e4tzte Lesezeit":"1\u00a0Minute"},"schema":{"@context":"https:\/\/schema.org","@graph":[{"@type":"WebPage","@id":"https:\/\/decolights.eu\/product\/net-led-light-3x3m\/","url":"https:\/\/decolights.eu\/product\/net-led-light-3x3m\/","name":"LED-Lichternetz 3x3M - Bestpreisgarantie - Decolights.eu","isPartOf":{"@id":"https:\/\/decolights.eu\/#website"},"primaryImageOfPage":{"@id":"https:\/\/decolights.eu\/product\/net-led-light-3x3m\/#primaryimage"},"image":{"@id":"https:\/\/decolights.eu\/product\/net-led-light-3x3m\/#primaryimage"},"thumbnailUrl":"https:\/\/decolights.eu\/wp-content\/uploads\/2023\/04\/594-22_M2.png","datePublished":"2023-04-01T04:29:38+00:00","dateModified":"2023-04-29T14:10:52+00:00","description":"Das 3 x 3 m lange LED-Lichternetz eignet sich perfekt zur festlichen Dekoration von B\u00e4umen, B\u00fcschen, W\u00e4nden und Decken. Jetzt kaufen und zum besten Preis!","breadcrumb":{"@id":"https:\/\/decolights.eu\/product\/net-led-light-3x3m\/#breadcrumb"},"inLanguage":"de","potentialAction":[{"@type":"ReadAction","target":["https:\/\/decolights.eu\/product\/net-led-light-3x3m\/"]}]},{"@type":"ImageObject","inLanguage":"de","@id":"https:\/\/decolights.eu\/product\/net-led-light-3x3m\/#primaryimage","url":"https:\/\/decolights.eu\/wp-content\/uploads\/2023\/04\/594-22_M2.png","contentUrl":"https:\/\/decolights.eu\/wp-content\/uploads\/2023\/04\/594-22_M2.png","width":600,"height":602},{"@type":"BreadcrumbList","@id":"https:\/\/decolights.eu\/product\/net-led-light-3x3m\/#breadcrumb","itemListElement":[{"@type":"ListItem","position":1,"name":"Shop","item":"https:\/\/decolights.eu\/shop\/"},{"@type":"ListItem","position":2,"name":"Net LED Light 3x3M"}]},{"@type":"WebSite","@id":"https:\/\/decolights.eu\/#website","url":"https:\/\/decolights.eu\/","name":"Dekolichter","description":"LED-Dekorationen f\u00fcr Haus und Garten","publisher":{"@id":"https:\/\/decolights.eu\/#organization"},"alternateName":"decolights.eu","potentialAction":[{"@type":"SearchAction","target":{"@type":"EntryPoint","urlTemplate":"https:\/\/decolights.eu\/?s={search_term_string}"},"query-input":{"@type":"PropertyValueSpecification","valueRequired":true,"valueName":"search_term_string"}}],"inLanguage":"de"},{"@type":"Organization","@id":"https:\/\/decolights.eu\/#organization","name":"Dekolichter","url":"https:\/\/decolights.eu\/","logo":{"@type":"ImageObject","inLanguage":"de","@id":"https:\/\/decolights.eu\/#\/schema\/logo\/image\/","url":"https:\/\/decolights.eu\/wp-content\/uploads\/2023\/07\/cropped-decolight-siteicon.png","contentUrl":"https:\/\/decolights.eu\/wp-content\/uploads\/2023\/07\/cropped-decolight-siteicon.png","width":512,"height":512,"caption":"decolights"},"image":{"@id":"https:\/\/decolights.eu\/#\/schema\/logo\/image\/"}}]}},"jetpack_sharing_enabled":true,"_links":{"self":[{"href":"https:\/\/decolights.eu\/de\/wp-json\/wp\/v2\/product\/5353","targetHints":{"allow":["GET"]}}],"collection":[{"href":"https:\/\/decolights.eu\/de\/wp-json\/wp\/v2\/product"}],"about":[{"href":"https:\/\/decolights.eu\/de\/wp-json\/wp\/v2\/types\/product"}],"replies":[{"embeddable":true,"href":"https:\/\/decolights.eu\/de\/wp-json\/wp\/v2\/comments?post=5353"}],"wp:featuredmedia":[{"embeddable":true,"href":"https:\/\/decolights.eu\/de\/wp-json\/wp\/v2\/media\/5429"}],"wp:attachment":[{"href":"https:\/\/decolights.eu\/de\/wp-json\/wp\/v2\/media?parent=5353"}],"wp:term":[{"taxonomy":"product_brand","embeddable":true,"href":"https:\/\/decolights.eu\/de\/wp-json\/wp\/v2\/product_brand?post=5353"},{"taxonomy":"product_cat","embeddable":true,"href":"https:\/\/decolights.eu\/de\/wp-json\/wp\/v2\/product_cat?post=5353"},{"taxonomy":"product_tag","embeddable":true,"href":"https:\/\/decolights.eu\/de\/wp-json\/wp\/v2\/product_tag?post=5353"}],"curies":[{"name":"wp","href":"https:\/\/api.w.org\/{rel}","templated":true}]}}