{"id":5702,"date":"2023-04-01T04:34:53","date_gmt":"2023-04-01T04:34:53","guid":{"rendered":"https:\/\/decolights.eu\/?post_type=product&#038;p=5702"},"modified":"2023-04-23T09:54:01","modified_gmt":"2023-04-23T09:54:01","slug":"light-chain-clippy","status":"publish","type":"product","link":"https:\/\/decolights.eu\/de\/produkt-2\/light-chain-clippy\/","title":{"rendered":"Lichterkette Clippy"},"content":{"rendered":"<p>Batteriebetriebene Lichterkette mit Clips. Dekorieren Sie Ihre Party oder h\u00e4ngen Sie Ihre sch\u00f6nsten Erinnerungen und Bilder auf. 10 Clips mit LED-Licht.<\/p>\n<ul>\n<li><strong>LED-Farbe<\/strong>: Warmwei\u00df<\/li>\n<li><strong>Anzahl der Clips mit LEDs<\/strong><strong>: <\/strong>10 St\u00fcck<\/li>\n<li><strong>Gesamtl\u00e4nge (inkl. Stromkabel): <\/strong>1,65 Mio<\/li>\n<li><strong>Beleuchtete L\u00e4nge: <\/strong>1,35 Mio.<\/li>\n<li><strong>Netzkabel:<\/strong> 30CM<\/li>\n<li><strong>Abstand zwischen den Gl\u00fchbirnen:<\/strong> 15 cm<\/li>\n<li><strong>Kabelfarbe: <\/strong>transparent<\/li>\n<li><strong>IP-Bewertung: <\/strong>IP20<\/li>\n<li dir=\"ltr\" data-placeholder=\"Translation\"><strong>Energiequelle:<\/strong> 3 x AA-Batterien (nicht im Lieferumfang enthalten)<\/li>\n<li dir=\"ltr\" data-placeholder=\"Translation\"><strong>Timer:<\/strong> 6 Stunden an\/18 Stunden aus, wiederholen<\/li>\n<li><strong>Anschlie\u00dfbar:\u00a0<\/strong>NEIN<\/li>\n<li><strong>CE-zertifiziert:\u00a0<\/strong>Ja<\/li>\n<li>4,5V DC<\/li>\n<\/ul>","protected":false},"excerpt":{"rendered":"<p>Battery operated light chain with clips. Decorate your party or hang up your favourite memories and pictures. 10 pcs clips with LED light. LED colour: warm white Number of clips with LEDs: 10pcs Total length (included power lead cable): 1.65M Lit length: 1.35M Power lead cable: 30CM Spacing between bulbs: 15CM Cable colour: transparent IP [&#8230;]\n","protected":false},"featured_media":5748,"comment_status":"open","ping_status":"closed","template":"","meta":[],"product_brand":[],"product_cat":[217,218],"product_tag":[],"class_list":{"0":"post-5702","1":"product","2":"type-product","3":"status-publish","4":"has-post-thumbnail","6":"product_cat-battery-operated-led-lights","7":"product_cat-decorative-led-lights","8":"pa_brand-deco","9":"pa_led-colour-warm-white","11":"first","12":"instock","13":"sale","14":"shipping-taxable","15":"purchasable","16":"product-type-simple"},"yoast_head":"<!-- This site is optimized with the Yoast SEO plugin v27.3 - https:\/\/yoast.com\/product\/yoast-seo-wordpress\/ -->\n<title>Light chain Clippy - Decolights.eu<\/title>\n<meta name=\"description\" content=\"Decorate your bedroom with a nice LED light chain with clips to get a cosy atmosphere. Do not hesitate and buy now the get the best price!\" \/>\n<meta name=\"robots\" content=\"index, follow, max-snippet:-1, max-image-preview:large, max-video-preview:-1\" \/>\n<link rel=\"canonical\" href=\"https:\/\/decolights.eu\/de\/produkt-2\/light-chain-clippy\/\" \/>\n<meta property=\"og:locale\" content=\"de_DE\" \/>\n<meta property=\"og:type\" content=\"article\" \/>\n<meta property=\"og:title\" content=\"Light chain Clippy - Decolights.eu\" \/>\n<meta property=\"og:description\" content=\"Decorate your bedroom with a nice LED light chain with clips to get a cosy atmosphere. Do not hesitate and buy now the get the best price!\" \/>\n<meta property=\"og:url\" content=\"https:\/\/decolights.eu\/de\/produkt-2\/light-chain-clippy\/\" \/>\n<meta property=\"og:site_name\" content=\"Decolights.eu\" \/>\n<meta property=\"article:modified_time\" content=\"2023-04-23T09:54:01+00:00\" \/>\n<meta property=\"og:image\" content=\"https:\/\/decolights.eu\/wp-content\/uploads\/2023\/04\/728-79_M2.png\" \/>\n\t<meta property=\"og:image:width\" content=\"600\" \/>\n\t<meta property=\"og:image:height\" content=\"602\" \/>\n\t<meta property=\"og:image:type\" content=\"image\/png\" \/>\n<meta name=\"twitter:card\" content=\"summary_large_image\" \/>\n<meta name=\"twitter:label1\" content=\"Gesch\u00e4tzte Lesezeit\" \/>\n\t<meta name=\"twitter:data1\" content=\"1\u00a0Minute\" \/>\n<script type=\"application\/ld+json\" class=\"yoast-schema-graph\">{\"@context\":\"https:\\\/\\\/schema.org\",\"@graph\":[{\"@type\":\"WebPage\",\"@id\":\"https:\\\/\\\/decolights.eu\\\/product\\\/light-chain-clippy\\\/\",\"url\":\"https:\\\/\\\/decolights.eu\\\/product\\\/light-chain-clippy\\\/\",\"name\":\"Light chain Clippy - Decolights.eu\",\"isPartOf\":{\"@id\":\"https:\\\/\\\/decolights.eu\\\/#website\"},\"primaryImageOfPage\":{\"@id\":\"https:\\\/\\\/decolights.eu\\\/product\\\/light-chain-clippy\\\/#primaryimage\"},\"image\":{\"@id\":\"https:\\\/\\\/decolights.eu\\\/product\\\/light-chain-clippy\\\/#primaryimage\"},\"thumbnailUrl\":\"https:\\\/\\\/decolights.eu\\\/wp-content\\\/uploads\\\/2023\\\/04\\\/728-79_M2.png\",\"datePublished\":\"2023-04-01T04:34:53+00:00\",\"dateModified\":\"2023-04-23T09:54:01+00:00\",\"description\":\"Decorate your bedroom with a nice LED light chain with clips to get a cosy atmosphere. Do not hesitate and buy now the get the best price!\",\"breadcrumb\":{\"@id\":\"https:\\\/\\\/decolights.eu\\\/product\\\/light-chain-clippy\\\/#breadcrumb\"},\"inLanguage\":\"de\",\"potentialAction\":[{\"@type\":\"ReadAction\",\"target\":[\"https:\\\/\\\/decolights.eu\\\/product\\\/light-chain-clippy\\\/\"]}]},{\"@type\":\"ImageObject\",\"inLanguage\":\"de\",\"@id\":\"https:\\\/\\\/decolights.eu\\\/product\\\/light-chain-clippy\\\/#primaryimage\",\"url\":\"https:\\\/\\\/decolights.eu\\\/wp-content\\\/uploads\\\/2023\\\/04\\\/728-79_M2.png\",\"contentUrl\":\"https:\\\/\\\/decolights.eu\\\/wp-content\\\/uploads\\\/2023\\\/04\\\/728-79_M2.png\",\"width\":600,\"height\":602},{\"@type\":\"BreadcrumbList\",\"@id\":\"https:\\\/\\\/decolights.eu\\\/product\\\/light-chain-clippy\\\/#breadcrumb\",\"itemListElement\":[{\"@type\":\"ListItem\",\"position\":1,\"name\":\"Shop\",\"item\":\"https:\\\/\\\/decolights.eu\\\/shop\\\/\"},{\"@type\":\"ListItem\",\"position\":2,\"name\":\"Light chain Clippy\"}]},{\"@type\":\"WebSite\",\"@id\":\"https:\\\/\\\/decolights.eu\\\/#website\",\"url\":\"https:\\\/\\\/decolights.eu\\\/\",\"name\":\"decolights\",\"description\":\"Led Decorations for Home and Garden\",\"publisher\":{\"@id\":\"https:\\\/\\\/decolights.eu\\\/#organization\"},\"alternateName\":\"decolights.eu\",\"potentialAction\":[{\"@type\":\"SearchAction\",\"target\":{\"@type\":\"EntryPoint\",\"urlTemplate\":\"https:\\\/\\\/decolights.eu\\\/?s={search_term_string}\"},\"query-input\":{\"@type\":\"PropertyValueSpecification\",\"valueRequired\":true,\"valueName\":\"search_term_string\"}}],\"inLanguage\":\"de\"},{\"@type\":\"Organization\",\"@id\":\"https:\\\/\\\/decolights.eu\\\/#organization\",\"name\":\"decolights\",\"url\":\"https:\\\/\\\/decolights.eu\\\/\",\"logo\":{\"@type\":\"ImageObject\",\"inLanguage\":\"de\",\"@id\":\"https:\\\/\\\/decolights.eu\\\/#\\\/schema\\\/logo\\\/image\\\/\",\"url\":\"https:\\\/\\\/decolights.eu\\\/wp-content\\\/uploads\\\/2023\\\/07\\\/cropped-decolight-siteicon.png\",\"contentUrl\":\"https:\\\/\\\/decolights.eu\\\/wp-content\\\/uploads\\\/2023\\\/07\\\/cropped-decolight-siteicon.png\",\"width\":512,\"height\":512,\"caption\":\"decolights\"},\"image\":{\"@id\":\"https:\\\/\\\/decolights.eu\\\/#\\\/schema\\\/logo\\\/image\\\/\"}}]}<\/script>\n<!-- \/ Yoast SEO plugin. -->","yoast_head_json":{"title":"Lichterkette Clippy - Decolights.eu","description":"Dekorieren Sie Ihr Schlafzimmer mit einer sch\u00f6nen LED-Lichterkette mit Clips und schaffen Sie so eine gem\u00fctliche Atmosph\u00e4re. Z\u00f6gern Sie nicht und sichern Sie sich jetzt den besten Preis!","robots":{"index":"index","follow":"follow","max-snippet":"max-snippet:-1","max-image-preview":"max-image-preview:large","max-video-preview":"max-video-preview:-1"},"canonical":"https:\/\/decolights.eu\/de\/produkt-2\/light-chain-clippy\/","og_locale":"de_DE","og_type":"article","og_title":"Light chain Clippy - Decolights.eu","og_description":"Decorate your bedroom with a nice LED light chain with clips to get a cosy atmosphere. Do not hesitate and buy now the get the best price!","og_url":"https:\/\/decolights.eu\/de\/produkt-2\/light-chain-clippy\/","og_site_name":"Decolights.eu","article_modified_time":"2023-04-23T09:54:01+00:00","og_image":[{"width":600,"height":602,"url":"https:\/\/decolights.eu\/wp-content\/uploads\/2023\/04\/728-79_M2.png","type":"image\/png"}],"twitter_card":"summary_large_image","twitter_misc":{"Gesch\u00e4tzte Lesezeit":"1\u00a0Minute"},"schema":{"@context":"https:\/\/schema.org","@graph":[{"@type":"WebPage","@id":"https:\/\/decolights.eu\/product\/light-chain-clippy\/","url":"https:\/\/decolights.eu\/product\/light-chain-clippy\/","name":"Lichterkette Clippy - Decolights.eu","isPartOf":{"@id":"https:\/\/decolights.eu\/#website"},"primaryImageOfPage":{"@id":"https:\/\/decolights.eu\/product\/light-chain-clippy\/#primaryimage"},"image":{"@id":"https:\/\/decolights.eu\/product\/light-chain-clippy\/#primaryimage"},"thumbnailUrl":"https:\/\/decolights.eu\/wp-content\/uploads\/2023\/04\/728-79_M2.png","datePublished":"2023-04-01T04:34:53+00:00","dateModified":"2023-04-23T09:54:01+00:00","description":"Dekorieren Sie Ihr Schlafzimmer mit einer sch\u00f6nen LED-Lichterkette mit Clips und schaffen Sie so eine gem\u00fctliche Atmosph\u00e4re. Z\u00f6gern Sie nicht und sichern Sie sich jetzt den besten Preis!","breadcrumb":{"@id":"https:\/\/decolights.eu\/product\/light-chain-clippy\/#breadcrumb"},"inLanguage":"de","potentialAction":[{"@type":"ReadAction","target":["https:\/\/decolights.eu\/product\/light-chain-clippy\/"]}]},{"@type":"ImageObject","inLanguage":"de","@id":"https:\/\/decolights.eu\/product\/light-chain-clippy\/#primaryimage","url":"https:\/\/decolights.eu\/wp-content\/uploads\/2023\/04\/728-79_M2.png","contentUrl":"https:\/\/decolights.eu\/wp-content\/uploads\/2023\/04\/728-79_M2.png","width":600,"height":602},{"@type":"BreadcrumbList","@id":"https:\/\/decolights.eu\/product\/light-chain-clippy\/#breadcrumb","itemListElement":[{"@type":"ListItem","position":1,"name":"Shop","item":"https:\/\/decolights.eu\/shop\/"},{"@type":"ListItem","position":2,"name":"Light chain Clippy"}]},{"@type":"WebSite","@id":"https:\/\/decolights.eu\/#website","url":"https:\/\/decolights.eu\/","name":"Dekolichter","description":"LED-Dekorationen f\u00fcr Haus und Garten","publisher":{"@id":"https:\/\/decolights.eu\/#organization"},"alternateName":"decolights.eu","potentialAction":[{"@type":"SearchAction","target":{"@type":"EntryPoint","urlTemplate":"https:\/\/decolights.eu\/?s={search_term_string}"},"query-input":{"@type":"PropertyValueSpecification","valueRequired":true,"valueName":"search_term_string"}}],"inLanguage":"de"},{"@type":"Organization","@id":"https:\/\/decolights.eu\/#organization","name":"Dekolichter","url":"https:\/\/decolights.eu\/","logo":{"@type":"ImageObject","inLanguage":"de","@id":"https:\/\/decolights.eu\/#\/schema\/logo\/image\/","url":"https:\/\/decolights.eu\/wp-content\/uploads\/2023\/07\/cropped-decolight-siteicon.png","contentUrl":"https:\/\/decolights.eu\/wp-content\/uploads\/2023\/07\/cropped-decolight-siteicon.png","width":512,"height":512,"caption":"decolights"},"image":{"@id":"https:\/\/decolights.eu\/#\/schema\/logo\/image\/"}}]}},"jetpack_sharing_enabled":true,"_links":{"self":[{"href":"https:\/\/decolights.eu\/de\/wp-json\/wp\/v2\/product\/5702","targetHints":{"allow":["GET"]}}],"collection":[{"href":"https:\/\/decolights.eu\/de\/wp-json\/wp\/v2\/product"}],"about":[{"href":"https:\/\/decolights.eu\/de\/wp-json\/wp\/v2\/types\/product"}],"replies":[{"embeddable":true,"href":"https:\/\/decolights.eu\/de\/wp-json\/wp\/v2\/comments?post=5702"}],"wp:featuredmedia":[{"embeddable":true,"href":"https:\/\/decolights.eu\/de\/wp-json\/wp\/v2\/media\/5748"}],"wp:attachment":[{"href":"https:\/\/decolights.eu\/de\/wp-json\/wp\/v2\/media?parent=5702"}],"wp:term":[{"taxonomy":"product_brand","embeddable":true,"href":"https:\/\/decolights.eu\/de\/wp-json\/wp\/v2\/product_brand?post=5702"},{"taxonomy":"product_cat","embeddable":true,"href":"https:\/\/decolights.eu\/de\/wp-json\/wp\/v2\/product_cat?post=5702"},{"taxonomy":"product_tag","embeddable":true,"href":"https:\/\/decolights.eu\/de\/wp-json\/wp\/v2\/product_tag?post=5702"}],"curies":[{"name":"wp","href":"https:\/\/api.w.org\/{rel}","templated":true}]}}