{"id":5758,"date":"2023-04-01T04:35:39","date_gmt":"2023-04-01T04:35:39","guid":{"rendered":"https:\/\/decolights.eu\/?post_type=product&#038;p=5758"},"modified":"2023-04-22T13:45:27","modified_gmt":"2023-04-22T13:45:27","slug":"led-lamp-e27-ta60-plain-smoke","status":"publish","type":"product","link":"https:\/\/decolights.eu\/de\/produkt-2\/led-lamp-e27-ta60-plain-smoke\/","title":{"rendered":"LED-Lampe E27 TA60 Plain Smoke"},"content":{"rendered":"<p>Deko-LED-Lampe aus Rauchglas mit warmwei\u00dfem Lichtschein.<\/p>\n<ul>\n<li><strong>Sockel\/Kappe:<\/strong> E27<\/li>\n<li><strong>LED-Farbe: <\/strong>Warmwei\u00df<\/li>\n<li><strong>Farbtemperatur:<\/strong> 2100k<\/li>\n<li><strong>Gr\u00f6\u00dfe: <\/strong>6 x 10,90 x 6 cm<\/li>\n<li><strong>Lumen:<\/strong> 60lm<\/li>\n<li><strong>Lebensdauer:<\/strong> 25000h<\/li>\n<li><strong>IP-Bewertung:\u00a0<\/strong>IP44<\/li>\n<li><strong>EU-zertifiziert:\u00a0<\/strong>Ja<\/li>\n<li>Energie sparen<\/li>\n<li>220\u2013240 V Wechselstrom, 2 W<\/li>\n<\/ul>","protected":false},"excerpt":{"rendered":"<p>Decoration LED-lamp in smoke glass with a warm white glow. Socket\/Cap: E27 LED Colour: warm white Colour temperature: 2100k Size: 6 x 10.90 x 6 CM Lumen: 60 lm Lifetime: 25000h IP Rating:\u00a0IP44 EU Certified:\u00a0Yes Energy saving 220-240V AC 2W<\/p>","protected":false},"featured_media":5879,"comment_status":"open","ping_status":"closed","template":"","meta":[],"product_brand":[],"product_cat":[229,226],"product_tag":[],"class_list":{"0":"post-5758","1":"product","2":"type-product","3":"status-publish","4":"has-post-thumbnail","6":"product_cat-bulbs","7":"product_cat-outdoor-lights","8":"pa_brand-deco","9":"pa_led-colour-golden-warm-white","11":"first","12":"instock","13":"sale","14":"shipping-taxable","15":"purchasable","16":"product-type-simple"},"yoast_head":"<!-- This site is optimized with the Yoast SEO plugin v27.3 - https:\/\/yoast.com\/product\/yoast-seo-wordpress\/ -->\n<title>LED lamp E27 TA60 Plain Smoke - Decolights.eu<\/title>\n<meta name=\"description\" content=\"LED Lamp Plain Smoke is a decorative bulb suitable for E27 socket. Will add a nice touch to your lamp and design. Don&#039;t miss the best price, buy now!\" \/>\n<meta name=\"robots\" content=\"index, follow, max-snippet:-1, max-image-preview:large, max-video-preview:-1\" \/>\n<link rel=\"canonical\" href=\"https:\/\/decolights.eu\/de\/tuote\/led-lamp-e27-ta60-plain-smoke\/\" \/>\n<meta property=\"og:locale\" content=\"de_DE\" \/>\n<meta property=\"og:type\" content=\"article\" \/>\n<meta property=\"og:title\" content=\"LED lamp E27 TA60 Plain Smoke - Decolights.eu\" \/>\n<meta property=\"og:description\" content=\"LED Lamp Plain Smoke is a decorative bulb suitable for E27 socket. Will add a nice touch to your lamp and design. Don&#039;t miss the best price, buy now!\" \/>\n<meta property=\"og:url\" content=\"https:\/\/decolights.eu\/de\/tuote\/led-lamp-e27-ta60-plain-smoke\/\" \/>\n<meta property=\"og:site_name\" content=\"Decolights.eu\" \/>\n<meta property=\"article:modified_time\" content=\"2023-04-22T13:45:27+00:00\" \/>\n<meta property=\"og:image\" content=\"https:\/\/decolights.eu\/wp-content\/uploads\/2023\/04\/355-80_MN.png\" \/>\n\t<meta property=\"og:image:width\" content=\"600\" \/>\n\t<meta property=\"og:image:height\" content=\"600\" \/>\n\t<meta property=\"og:image:type\" content=\"image\/png\" \/>\n<meta name=\"twitter:card\" content=\"summary_large_image\" \/>\n<meta name=\"twitter:label1\" content=\"Gesch\u00e4tzte Lesezeit\" \/>\n\t<meta name=\"twitter:data1\" content=\"1\u00a0Minute\" \/>\n<script type=\"application\/ld+json\" class=\"yoast-schema-graph\">{\"@context\":\"https:\\\/\\\/schema.org\",\"@graph\":[{\"@type\":\"WebPage\",\"@id\":\"https:\\\/\\\/decolights.eu\\\/fi\\\/tuote\\\/led-lamp-e27-ta60-plain-smoke\\\/\",\"url\":\"https:\\\/\\\/decolights.eu\\\/fi\\\/tuote\\\/led-lamp-e27-ta60-plain-smoke\\\/\",\"name\":\"LED lamp E27 TA60 Plain Smoke - Decolights.eu\",\"isPartOf\":{\"@id\":\"https:\\\/\\\/decolights.eu\\\/#website\"},\"primaryImageOfPage\":{\"@id\":\"https:\\\/\\\/decolights.eu\\\/fi\\\/tuote\\\/led-lamp-e27-ta60-plain-smoke\\\/#primaryimage\"},\"image\":{\"@id\":\"https:\\\/\\\/decolights.eu\\\/fi\\\/tuote\\\/led-lamp-e27-ta60-plain-smoke\\\/#primaryimage\"},\"thumbnailUrl\":\"https:\\\/\\\/decolights.eu\\\/wp-content\\\/uploads\\\/2023\\\/04\\\/355-80_MN.png\",\"datePublished\":\"2023-04-01T04:35:39+00:00\",\"dateModified\":\"2023-04-22T13:45:27+00:00\",\"description\":\"LED Lamp Plain Smoke is a decorative bulb suitable for E27 socket. Will add a nice touch to your lamp and design. Don't miss the best price, buy now!\",\"breadcrumb\":{\"@id\":\"https:\\\/\\\/decolights.eu\\\/fi\\\/tuote\\\/led-lamp-e27-ta60-plain-smoke\\\/#breadcrumb\"},\"inLanguage\":\"de\",\"potentialAction\":[{\"@type\":\"ReadAction\",\"target\":[\"https:\\\/\\\/decolights.eu\\\/fi\\\/tuote\\\/led-lamp-e27-ta60-plain-smoke\\\/\"]}]},{\"@type\":\"ImageObject\",\"inLanguage\":\"de\",\"@id\":\"https:\\\/\\\/decolights.eu\\\/fi\\\/tuote\\\/led-lamp-e27-ta60-plain-smoke\\\/#primaryimage\",\"url\":\"https:\\\/\\\/decolights.eu\\\/wp-content\\\/uploads\\\/2023\\\/04\\\/355-80_MN.png\",\"contentUrl\":\"https:\\\/\\\/decolights.eu\\\/wp-content\\\/uploads\\\/2023\\\/04\\\/355-80_MN.png\",\"width\":600,\"height\":600},{\"@type\":\"BreadcrumbList\",\"@id\":\"https:\\\/\\\/decolights.eu\\\/fi\\\/tuote\\\/led-lamp-e27-ta60-plain-smoke\\\/#breadcrumb\",\"itemListElement\":[{\"@type\":\"ListItem\",\"position\":1,\"name\":\"Shop\",\"item\":\"https:\\\/\\\/decolights.eu\\\/shop\\\/\"},{\"@type\":\"ListItem\",\"position\":2,\"name\":\"LED lamp E27 TA60 Plain Smoke\"}]},{\"@type\":\"WebSite\",\"@id\":\"https:\\\/\\\/decolights.eu\\\/#website\",\"url\":\"https:\\\/\\\/decolights.eu\\\/\",\"name\":\"decolights\",\"description\":\"Led Decorations for Home and Garden\",\"publisher\":{\"@id\":\"https:\\\/\\\/decolights.eu\\\/#organization\"},\"alternateName\":\"decolights.eu\",\"potentialAction\":[{\"@type\":\"SearchAction\",\"target\":{\"@type\":\"EntryPoint\",\"urlTemplate\":\"https:\\\/\\\/decolights.eu\\\/?s={search_term_string}\"},\"query-input\":{\"@type\":\"PropertyValueSpecification\",\"valueRequired\":true,\"valueName\":\"search_term_string\"}}],\"inLanguage\":\"de\"},{\"@type\":\"Organization\",\"@id\":\"https:\\\/\\\/decolights.eu\\\/#organization\",\"name\":\"decolights\",\"url\":\"https:\\\/\\\/decolights.eu\\\/\",\"logo\":{\"@type\":\"ImageObject\",\"inLanguage\":\"de\",\"@id\":\"https:\\\/\\\/decolights.eu\\\/#\\\/schema\\\/logo\\\/image\\\/\",\"url\":\"https:\\\/\\\/decolights.eu\\\/wp-content\\\/uploads\\\/2023\\\/07\\\/cropped-decolight-siteicon.png\",\"contentUrl\":\"https:\\\/\\\/decolights.eu\\\/wp-content\\\/uploads\\\/2023\\\/07\\\/cropped-decolight-siteicon.png\",\"width\":512,\"height\":512,\"caption\":\"decolights\"},\"image\":{\"@id\":\"https:\\\/\\\/decolights.eu\\\/#\\\/schema\\\/logo\\\/image\\\/\"}}]}<\/script>\n<!-- \/ Yoast SEO plugin. -->","yoast_head_json":{"title":"LED-Lampe E27 TA60 Plain Smoke - Decolights.eu","description":"Die LED-Lampe Plain Smoke ist eine dekorative Gl\u00fchbirne, die f\u00fcr die E27-Fassung geeignet ist. Verleiht Ihrer Lampe und Ihrem Design eine sch\u00f6ne Note. Verpassen Sie nicht den besten Preis, kaufen Sie jetzt!","robots":{"index":"index","follow":"follow","max-snippet":"max-snippet:-1","max-image-preview":"max-image-preview:large","max-video-preview":"max-video-preview:-1"},"canonical":"https:\/\/decolights.eu\/de\/tuote\/led-lamp-e27-ta60-plain-smoke\/","og_locale":"de_DE","og_type":"article","og_title":"LED lamp E27 TA60 Plain Smoke - Decolights.eu","og_description":"LED Lamp Plain Smoke is a decorative bulb suitable for E27 socket. Will add a nice touch to your lamp and design. Don't miss the best price, buy now!","og_url":"https:\/\/decolights.eu\/de\/tuote\/led-lamp-e27-ta60-plain-smoke\/","og_site_name":"Decolights.eu","article_modified_time":"2023-04-22T13:45:27+00:00","og_image":[{"width":600,"height":600,"url":"https:\/\/decolights.eu\/wp-content\/uploads\/2023\/04\/355-80_MN.png","type":"image\/png"}],"twitter_card":"summary_large_image","twitter_misc":{"Gesch\u00e4tzte Lesezeit":"1\u00a0Minute"},"schema":{"@context":"https:\/\/schema.org","@graph":[{"@type":"WebPage","@id":"https:\/\/decolights.eu\/fi\/tuote\/led-lamp-e27-ta60-plain-smoke\/","url":"https:\/\/decolights.eu\/fi\/tuote\/led-lamp-e27-ta60-plain-smoke\/","name":"LED-Lampe E27 TA60 Plain Smoke - Decolights.eu","isPartOf":{"@id":"https:\/\/decolights.eu\/#website"},"primaryImageOfPage":{"@id":"https:\/\/decolights.eu\/fi\/tuote\/led-lamp-e27-ta60-plain-smoke\/#primaryimage"},"image":{"@id":"https:\/\/decolights.eu\/fi\/tuote\/led-lamp-e27-ta60-plain-smoke\/#primaryimage"},"thumbnailUrl":"https:\/\/decolights.eu\/wp-content\/uploads\/2023\/04\/355-80_MN.png","datePublished":"2023-04-01T04:35:39+00:00","dateModified":"2023-04-22T13:45:27+00:00","description":"Die LED-Lampe Plain Smoke ist eine dekorative Gl\u00fchbirne, die f\u00fcr die E27-Fassung geeignet ist. Verleiht Ihrer Lampe und Ihrem Design eine sch\u00f6ne Note. Verpassen Sie nicht den besten Preis, kaufen Sie jetzt!","breadcrumb":{"@id":"https:\/\/decolights.eu\/fi\/tuote\/led-lamp-e27-ta60-plain-smoke\/#breadcrumb"},"inLanguage":"de","potentialAction":[{"@type":"ReadAction","target":["https:\/\/decolights.eu\/fi\/tuote\/led-lamp-e27-ta60-plain-smoke\/"]}]},{"@type":"ImageObject","inLanguage":"de","@id":"https:\/\/decolights.eu\/fi\/tuote\/led-lamp-e27-ta60-plain-smoke\/#primaryimage","url":"https:\/\/decolights.eu\/wp-content\/uploads\/2023\/04\/355-80_MN.png","contentUrl":"https:\/\/decolights.eu\/wp-content\/uploads\/2023\/04\/355-80_MN.png","width":600,"height":600},{"@type":"BreadcrumbList","@id":"https:\/\/decolights.eu\/fi\/tuote\/led-lamp-e27-ta60-plain-smoke\/#breadcrumb","itemListElement":[{"@type":"ListItem","position":1,"name":"Shop","item":"https:\/\/decolights.eu\/shop\/"},{"@type":"ListItem","position":2,"name":"LED lamp E27 TA60 Plain Smoke"}]},{"@type":"WebSite","@id":"https:\/\/decolights.eu\/#website","url":"https:\/\/decolights.eu\/","name":"Dekolichter","description":"LED-Dekorationen f\u00fcr Haus und Garten","publisher":{"@id":"https:\/\/decolights.eu\/#organization"},"alternateName":"decolights.eu","potentialAction":[{"@type":"SearchAction","target":{"@type":"EntryPoint","urlTemplate":"https:\/\/decolights.eu\/?s={search_term_string}"},"query-input":{"@type":"PropertyValueSpecification","valueRequired":true,"valueName":"search_term_string"}}],"inLanguage":"de"},{"@type":"Organization","@id":"https:\/\/decolights.eu\/#organization","name":"Dekolichter","url":"https:\/\/decolights.eu\/","logo":{"@type":"ImageObject","inLanguage":"de","@id":"https:\/\/decolights.eu\/#\/schema\/logo\/image\/","url":"https:\/\/decolights.eu\/wp-content\/uploads\/2023\/07\/cropped-decolight-siteicon.png","contentUrl":"https:\/\/decolights.eu\/wp-content\/uploads\/2023\/07\/cropped-decolight-siteicon.png","width":512,"height":512,"caption":"decolights"},"image":{"@id":"https:\/\/decolights.eu\/#\/schema\/logo\/image\/"}}]}},"jetpack_sharing_enabled":true,"_links":{"self":[{"href":"https:\/\/decolights.eu\/de\/wp-json\/wp\/v2\/product\/5758","targetHints":{"allow":["GET"]}}],"collection":[{"href":"https:\/\/decolights.eu\/de\/wp-json\/wp\/v2\/product"}],"about":[{"href":"https:\/\/decolights.eu\/de\/wp-json\/wp\/v2\/types\/product"}],"replies":[{"embeddable":true,"href":"https:\/\/decolights.eu\/de\/wp-json\/wp\/v2\/comments?post=5758"}],"wp:featuredmedia":[{"embeddable":true,"href":"https:\/\/decolights.eu\/de\/wp-json\/wp\/v2\/media\/5879"}],"wp:attachment":[{"href":"https:\/\/decolights.eu\/de\/wp-json\/wp\/v2\/media?parent=5758"}],"wp:term":[{"taxonomy":"product_brand","embeddable":true,"href":"https:\/\/decolights.eu\/de\/wp-json\/wp\/v2\/product_brand?post=5758"},{"taxonomy":"product_cat","embeddable":true,"href":"https:\/\/decolights.eu\/de\/wp-json\/wp\/v2\/product_cat?post=5758"},{"taxonomy":"product_tag","embeddable":true,"href":"https:\/\/decolights.eu\/de\/wp-json\/wp\/v2\/product_tag?post=5758"}],"curies":[{"name":"wp","href":"https:\/\/api.w.org\/{rel}","templated":true}]}}