{"id":5781,"date":"2023-04-01T04:36:01","date_gmt":"2023-04-01T04:36:01","guid":{"rendered":"https:\/\/decolights.eu\/?post_type=product&#038;p=5781"},"modified":"2023-05-10T09:19:32","modified_gmt":"2023-05-10T09:19:32","slug":"solar-wall-lights-with-sensor-2","status":"publish","type":"product","link":"https:\/\/decolights.eu\/de\/produkt-2\/solar-wall-lights-with-sensor-2\/","title":{"rendered":"Solarwandleuchten mit Sensor"},"content":{"rendered":"<p><strong>KOSTENLOSE NUTZUNG \u2013\u00a0<\/strong>Das Solarpanel und der Akku liefern Strom, der eine wartungsfreie und kostenfreie Nutzung des Ger\u00e4tes erm\u00f6glicht.\u00a0<strong>Es ben\u00f6tigt keine zus\u00e4tzliche Energiequelle, ist sparsam und sparsam<\/strong>\u00a0.<\/p>\n<p><strong>PIR-BEWEGUNGS- UND D\u00c4MMERUNGSSENSOR<\/strong> \u2013 Laterne verf\u00fcgt \u00fcber einen eingebauten Bewegungs- und D\u00e4mmerungssensor, dank dessen, je nach Modus <strong>Es leuchtet erst nach Einbruch der Dunkelheit auf, wenn es eine Bewegung in der unmittelbaren Umgebung erkennt.<\/strong><\/p>\n<p><strong>FERNBEDIENUNG + 4 BETRIEBSMODI\u00a0<\/strong>\u2013 Die bequeme Steuerung der Lampe erfolgt \u00fcber die Fernbedienung. Es verf\u00fcgt \u00fcber Aus- und Ein-Tasten. Die ON-Taste leuchtet st\u00e4ndig mit 100% und es gibt 3 Schaltmodi: \u2022 MODUS 1 \u2013 Modus 1: Wenn eine Bewegung erkannt wird, leuchtet die Lampe 20 Sekunden lang mit 100% maximaler Leistung auf. MODUS 2 \u2013 Modus 2: Die Lampe ist mit 30% ihrer Leistung eingeschaltet. Nach der Bewegungserkennung ist die Lampe 20 Sekunden lang mit 100% ihrer maximalen Leistung eingeschaltet. MODUS 3 \u2013 Modus 3: Die Lampe ist die ganze Zeit \u00fcber mit maximaler Leistung eingeschaltet.<\/p>\n<p><strong>WASSERDICHT -\u00a0<\/strong>Die Lampe ist wasserdicht, daher beeintr\u00e4chtigen widrige Wetterbedingungen ihre Funktionalit\u00e4t nicht. Es hat\u00a0<strong>ein IP6<\/strong><strong>5<\/strong>\u00a0Wasserdichtigkeitsklasse.<\/p>\n<ul>\n<li><strong>Farbe:<\/strong> Schwarz<\/li>\n<li><strong>LED-Farbe:<\/strong> neutralwei\u00df<\/li>\n<li><strong>Anzahl der LEDs:\u00a0<\/strong>120LED<\/li>\n<li><strong>Gr\u00f6\u00dfe:\u00a0<\/strong>23,5\u00d711,5x4cm<\/li>\n<li><strong>PIR-Bewegungssensor:<\/strong> Ja<\/li>\n<li><strong>Energiequelle:\u00a0<\/strong>Solar<\/li>\n<li><strong>Timer: <\/strong>6h<\/li>\n<li><strong>IP-Bewertung: <\/strong>IP65<\/li>\n<li><strong>Fernbedienung:\u00a0<\/strong>Inbegriffen<\/li>\n<li>36 W 5 V<\/li>\n<\/ul>","protected":false},"excerpt":{"rendered":"<p>COST-FREE USE &#8211;\u00a0the solar panel and the battery provide power that enables maintenance-free and cost-free use of the device.\u00a0It does not require an additional source of energy, it is economical and economical\u00a0. PIR MOTION AND TWILIGHT SENSOR &#8211; lantern has a built-in motion and twilight sensor, thanks to which, depending on the mode it will [&#8230;]\n","protected":false},"featured_media":5908,"comment_status":"open","ping_status":"closed","template":"","meta":[],"product_brand":[],"product_cat":[226,194,231,171,197,277],"product_tag":[],"class_list":{"0":"post-5781","1":"product","2":"type-product","3":"status-publish","4":"has-post-thumbnail","6":"product_cat-outdoor-lights","7":"product_cat-solar-decking-lights","8":"product_cat-solar-decking-lights-outdoor-lights","9":"product_cat-solar-lights","10":"product_cat-solar-spotlight","11":"product_cat-solar-spotlight-outdoor-lights","12":"pa_brand-deco","13":"pa_led-colour-neutral-white","15":"first","16":"instock","17":"sale","18":"shipping-taxable","19":"purchasable","20":"product-type-simple"},"yoast_head":"<!-- This site is optimized with the Yoast SEO plugin v27.3 - https:\/\/yoast.com\/product\/yoast-seo-wordpress\/ -->\n<title>Solar wall lights with sensor - Best price guaranteed - Decolights.eu<\/title>\n<meta name=\"description\" content=\"Solar wall light gives maintenance-free and cost-free lightning to your home or office. Very comfortable and cheap to use! Do not hesitate, buy now!\" \/>\n<meta name=\"robots\" content=\"index, follow, max-snippet:-1, max-image-preview:large, max-video-preview:-1\" \/>\n<link rel=\"canonical\" href=\"https:\/\/decolights.eu\/de\/produkt-2\/solar-wall-lights-with-sensor-2\/\" \/>\n<meta property=\"og:locale\" content=\"de_DE\" \/>\n<meta property=\"og:type\" content=\"article\" \/>\n<meta property=\"og:title\" content=\"Solar wall lights with sensor - Best price guaranteed - Decolights.eu\" \/>\n<meta property=\"og:description\" content=\"Solar wall light gives maintenance-free and cost-free lightning to your home or office. Very comfortable and cheap to use! Do not hesitate, buy now!\" \/>\n<meta property=\"og:url\" content=\"https:\/\/decolights.eu\/de\/produkt-2\/solar-wall-lights-with-sensor-2\/\" \/>\n<meta property=\"og:site_name\" content=\"Decolights.eu\" \/>\n<meta property=\"article:modified_time\" content=\"2023-05-10T09:19:32+00:00\" \/>\n<meta property=\"og:image\" content=\"https:\/\/decolights.eu\/wp-content\/uploads\/2023\/04\/eng_pl_120-LED-Izoxis-19443-solar-lamp-16167_1.jpg\" \/>\n\t<meta property=\"og:image:width\" content=\"500\" \/>\n\t<meta property=\"og:image:height\" content=\"500\" \/>\n\t<meta property=\"og:image:type\" content=\"image\/jpeg\" \/>\n<meta name=\"twitter:card\" content=\"summary_large_image\" \/>\n<meta name=\"twitter:label1\" content=\"Gesch\u00e4tzte Lesezeit\" \/>\n\t<meta name=\"twitter:data1\" content=\"1\u00a0Minute\" \/>\n<script type=\"application\/ld+json\" class=\"yoast-schema-graph\">{\"@context\":\"https:\\\/\\\/schema.org\",\"@graph\":[{\"@type\":\"WebPage\",\"@id\":\"https:\\\/\\\/decolights.eu\\\/product\\\/solar-wall-lights-with-sensor-2\\\/\",\"url\":\"https:\\\/\\\/decolights.eu\\\/product\\\/solar-wall-lights-with-sensor-2\\\/\",\"name\":\"Solar wall lights with sensor - Best price guaranteed - Decolights.eu\",\"isPartOf\":{\"@id\":\"https:\\\/\\\/decolights.eu\\\/#website\"},\"primaryImageOfPage\":{\"@id\":\"https:\\\/\\\/decolights.eu\\\/product\\\/solar-wall-lights-with-sensor-2\\\/#primaryimage\"},\"image\":{\"@id\":\"https:\\\/\\\/decolights.eu\\\/product\\\/solar-wall-lights-with-sensor-2\\\/#primaryimage\"},\"thumbnailUrl\":\"https:\\\/\\\/decolights.eu\\\/wp-content\\\/uploads\\\/2023\\\/04\\\/eng_pl_120-LED-Izoxis-19443-solar-lamp-16167_1.jpg\",\"datePublished\":\"2023-04-01T04:36:01+00:00\",\"dateModified\":\"2023-05-10T09:19:32+00:00\",\"description\":\"Solar wall light gives maintenance-free and cost-free lightning to your home or office. Very comfortable and cheap to use! Do not hesitate, buy now!\",\"breadcrumb\":{\"@id\":\"https:\\\/\\\/decolights.eu\\\/product\\\/solar-wall-lights-with-sensor-2\\\/#breadcrumb\"},\"inLanguage\":\"de\",\"potentialAction\":[{\"@type\":\"ReadAction\",\"target\":[\"https:\\\/\\\/decolights.eu\\\/product\\\/solar-wall-lights-with-sensor-2\\\/\"]}]},{\"@type\":\"ImageObject\",\"inLanguage\":\"de\",\"@id\":\"https:\\\/\\\/decolights.eu\\\/product\\\/solar-wall-lights-with-sensor-2\\\/#primaryimage\",\"url\":\"https:\\\/\\\/decolights.eu\\\/wp-content\\\/uploads\\\/2023\\\/04\\\/eng_pl_120-LED-Izoxis-19443-solar-lamp-16167_1.jpg\",\"contentUrl\":\"https:\\\/\\\/decolights.eu\\\/wp-content\\\/uploads\\\/2023\\\/04\\\/eng_pl_120-LED-Izoxis-19443-solar-lamp-16167_1.jpg\",\"width\":500,\"height\":500},{\"@type\":\"BreadcrumbList\",\"@id\":\"https:\\\/\\\/decolights.eu\\\/product\\\/solar-wall-lights-with-sensor-2\\\/#breadcrumb\",\"itemListElement\":[{\"@type\":\"ListItem\",\"position\":1,\"name\":\"Shop\",\"item\":\"https:\\\/\\\/decolights.eu\\\/shop\\\/\"},{\"@type\":\"ListItem\",\"position\":2,\"name\":\"Solar wall lights with sensor\"}]},{\"@type\":\"WebSite\",\"@id\":\"https:\\\/\\\/decolights.eu\\\/#website\",\"url\":\"https:\\\/\\\/decolights.eu\\\/\",\"name\":\"decolights\",\"description\":\"Led Decorations for Home and Garden\",\"publisher\":{\"@id\":\"https:\\\/\\\/decolights.eu\\\/#organization\"},\"alternateName\":\"decolights.eu\",\"potentialAction\":[{\"@type\":\"SearchAction\",\"target\":{\"@type\":\"EntryPoint\",\"urlTemplate\":\"https:\\\/\\\/decolights.eu\\\/?s={search_term_string}\"},\"query-input\":{\"@type\":\"PropertyValueSpecification\",\"valueRequired\":true,\"valueName\":\"search_term_string\"}}],\"inLanguage\":\"de\"},{\"@type\":\"Organization\",\"@id\":\"https:\\\/\\\/decolights.eu\\\/#organization\",\"name\":\"decolights\",\"url\":\"https:\\\/\\\/decolights.eu\\\/\",\"logo\":{\"@type\":\"ImageObject\",\"inLanguage\":\"de\",\"@id\":\"https:\\\/\\\/decolights.eu\\\/#\\\/schema\\\/logo\\\/image\\\/\",\"url\":\"https:\\\/\\\/decolights.eu\\\/wp-content\\\/uploads\\\/2023\\\/07\\\/cropped-decolight-siteicon.png\",\"contentUrl\":\"https:\\\/\\\/decolights.eu\\\/wp-content\\\/uploads\\\/2023\\\/07\\\/cropped-decolight-siteicon.png\",\"width\":512,\"height\":512,\"caption\":\"decolights\"},\"image\":{\"@id\":\"https:\\\/\\\/decolights.eu\\\/#\\\/schema\\\/logo\\\/image\\\/\"}}]}<\/script>\n<!-- \/ Yoast SEO plugin. -->","yoast_head_json":{"title":"Solar-Wandleuchten mit Sensor \u2013 Bester Preis garantiert \u2013 Decolights.eu","description":"Solar-Wandleuchten sorgen f\u00fcr eine wartungsfreie und kostenlose Beleuchtung Ihres Zuhauses oder B\u00fcros. Sehr komfortabel und g\u00fcnstig in der Anwendung! Z\u00f6gern Sie nicht, kaufen Sie jetzt!","robots":{"index":"index","follow":"follow","max-snippet":"max-snippet:-1","max-image-preview":"max-image-preview:large","max-video-preview":"max-video-preview:-1"},"canonical":"https:\/\/decolights.eu\/de\/produkt-2\/solar-wall-lights-with-sensor-2\/","og_locale":"de_DE","og_type":"article","og_title":"Solar wall lights with sensor - Best price guaranteed - Decolights.eu","og_description":"Solar wall light gives maintenance-free and cost-free lightning to your home or office. Very comfortable and cheap to use! Do not hesitate, buy now!","og_url":"https:\/\/decolights.eu\/de\/produkt-2\/solar-wall-lights-with-sensor-2\/","og_site_name":"Decolights.eu","article_modified_time":"2023-05-10T09:19:32+00:00","og_image":[{"width":500,"height":500,"url":"https:\/\/decolights.eu\/wp-content\/uploads\/2023\/04\/eng_pl_120-LED-Izoxis-19443-solar-lamp-16167_1.jpg","type":"image\/jpeg"}],"twitter_card":"summary_large_image","twitter_misc":{"Gesch\u00e4tzte Lesezeit":"1\u00a0Minute"},"schema":{"@context":"https:\/\/schema.org","@graph":[{"@type":"WebPage","@id":"https:\/\/decolights.eu\/product\/solar-wall-lights-with-sensor-2\/","url":"https:\/\/decolights.eu\/product\/solar-wall-lights-with-sensor-2\/","name":"Solar-Wandleuchten mit Sensor \u2013 Bester Preis garantiert \u2013 Decolights.eu","isPartOf":{"@id":"https:\/\/decolights.eu\/#website"},"primaryImageOfPage":{"@id":"https:\/\/decolights.eu\/product\/solar-wall-lights-with-sensor-2\/#primaryimage"},"image":{"@id":"https:\/\/decolights.eu\/product\/solar-wall-lights-with-sensor-2\/#primaryimage"},"thumbnailUrl":"https:\/\/decolights.eu\/wp-content\/uploads\/2023\/04\/eng_pl_120-LED-Izoxis-19443-solar-lamp-16167_1.jpg","datePublished":"2023-04-01T04:36:01+00:00","dateModified":"2023-05-10T09:19:32+00:00","description":"Solar-Wandleuchten sorgen f\u00fcr eine wartungsfreie und kostenlose Beleuchtung Ihres Zuhauses oder B\u00fcros. Sehr komfortabel und g\u00fcnstig in der Anwendung! Z\u00f6gern Sie nicht, kaufen Sie jetzt!","breadcrumb":{"@id":"https:\/\/decolights.eu\/product\/solar-wall-lights-with-sensor-2\/#breadcrumb"},"inLanguage":"de","potentialAction":[{"@type":"ReadAction","target":["https:\/\/decolights.eu\/product\/solar-wall-lights-with-sensor-2\/"]}]},{"@type":"ImageObject","inLanguage":"de","@id":"https:\/\/decolights.eu\/product\/solar-wall-lights-with-sensor-2\/#primaryimage","url":"https:\/\/decolights.eu\/wp-content\/uploads\/2023\/04\/eng_pl_120-LED-Izoxis-19443-solar-lamp-16167_1.jpg","contentUrl":"https:\/\/decolights.eu\/wp-content\/uploads\/2023\/04\/eng_pl_120-LED-Izoxis-19443-solar-lamp-16167_1.jpg","width":500,"height":500},{"@type":"BreadcrumbList","@id":"https:\/\/decolights.eu\/product\/solar-wall-lights-with-sensor-2\/#breadcrumb","itemListElement":[{"@type":"ListItem","position":1,"name":"Shop","item":"https:\/\/decolights.eu\/shop\/"},{"@type":"ListItem","position":2,"name":"Solar wall lights with sensor"}]},{"@type":"WebSite","@id":"https:\/\/decolights.eu\/#website","url":"https:\/\/decolights.eu\/","name":"Dekolichter","description":"LED-Dekorationen f\u00fcr Haus und Garten","publisher":{"@id":"https:\/\/decolights.eu\/#organization"},"alternateName":"decolights.eu","potentialAction":[{"@type":"SearchAction","target":{"@type":"EntryPoint","urlTemplate":"https:\/\/decolights.eu\/?s={search_term_string}"},"query-input":{"@type":"PropertyValueSpecification","valueRequired":true,"valueName":"search_term_string"}}],"inLanguage":"de"},{"@type":"Organization","@id":"https:\/\/decolights.eu\/#organization","name":"Dekolichter","url":"https:\/\/decolights.eu\/","logo":{"@type":"ImageObject","inLanguage":"de","@id":"https:\/\/decolights.eu\/#\/schema\/logo\/image\/","url":"https:\/\/decolights.eu\/wp-content\/uploads\/2023\/07\/cropped-decolight-siteicon.png","contentUrl":"https:\/\/decolights.eu\/wp-content\/uploads\/2023\/07\/cropped-decolight-siteicon.png","width":512,"height":512,"caption":"decolights"},"image":{"@id":"https:\/\/decolights.eu\/#\/schema\/logo\/image\/"}}]}},"jetpack_sharing_enabled":true,"_links":{"self":[{"href":"https:\/\/decolights.eu\/de\/wp-json\/wp\/v2\/product\/5781","targetHints":{"allow":["GET"]}}],"collection":[{"href":"https:\/\/decolights.eu\/de\/wp-json\/wp\/v2\/product"}],"about":[{"href":"https:\/\/decolights.eu\/de\/wp-json\/wp\/v2\/types\/product"}],"replies":[{"embeddable":true,"href":"https:\/\/decolights.eu\/de\/wp-json\/wp\/v2\/comments?post=5781"}],"wp:featuredmedia":[{"embeddable":true,"href":"https:\/\/decolights.eu\/de\/wp-json\/wp\/v2\/media\/5908"}],"wp:attachment":[{"href":"https:\/\/decolights.eu\/de\/wp-json\/wp\/v2\/media?parent=5781"}],"wp:term":[{"taxonomy":"product_brand","embeddable":true,"href":"https:\/\/decolights.eu\/de\/wp-json\/wp\/v2\/product_brand?post=5781"},{"taxonomy":"product_cat","embeddable":true,"href":"https:\/\/decolights.eu\/de\/wp-json\/wp\/v2\/product_cat?post=5781"},{"taxonomy":"product_tag","embeddable":true,"href":"https:\/\/decolights.eu\/de\/wp-json\/wp\/v2\/product_tag?post=5781"}],"curies":[{"name":"wp","href":"https:\/\/api.w.org\/{rel}","templated":true}]}}