{"id":615,"date":"2018-10-22T23:11:43","date_gmt":"2018-10-22T23:11:43","guid":{"rendered":"https:\/\/decolights.eu\/?post_type=product&#038;p=615"},"modified":"2023-05-12T07:44:43","modified_gmt":"2023-05-12T07:44:43","slug":"100led-pallikujulised-tuled-varviline-8-5m","status":"publish","type":"product","link":"https:\/\/decolights.eu\/de\/produkt-2\/100led-pallikujulised-tuled-varviline-8-5m\/","title":{"rendered":"100LED pallikojulisierter Tulpenstrahler 8,5M"},"content":{"rendered":"<div id=\"titlediv\"><\/div>\n<div id=\"postdivrich\" class=\"postarea wp-editor-expand\">\n<div id=\"wp-content-wrap\" class=\"wp-core-ui wp-editor-wrap tmce-active has-dfw\">\n<div id=\"wp-content-editor-tools\" class=\"wp-editor-tools hide-if-no-js\">\n<ul>\n<li class=\"wp-editor-tabs\"><span style=\"color: #282828;\">V\u00e4rvus: <strong>\u00a0v\u00e4rviline<\/strong><\/span><\/li>\n<li class=\"wp-editor-tabs\"><span style=\"color: #282828;\">Pikkus: <strong>8,5 Mio<\/strong><\/span><\/li>\n<li class=\"wp-editor-tabs\"><strong>8 Erinevat-Valgus-Programme<\/strong> (Kombinatsioon, laineline, erinev vilkumine, aeglaselt s\u00e4rav, vilkumine, aeglaselt kustuv, vilkumine, stabiilselt p\u00f5lev)<\/li>\n<li class=\"wp-editor-tabs\">Funktsiooni karbil pole m\u00e4lu! Wenn Sie das Gef\u00fchl haben, dass dies der Fall ist, werden Ihnen die Funktionen nicht entgehen<\/li>\n<li class=\"wp-editor-tabs\"><span style=\"color: #282828;\">Andmed: <strong>230 V, 50 Hz max., 4,28 W<\/strong><\/span><\/li>\n<li class=\"wp-editor-tabs\"><span style=\"color: #282828;\">Veekindlusaste: <strong>IP44 (saab kasutada nii toas kui v\u00e4litingimustes)<\/strong><\/span><\/li>\n<\/ul>\n<\/div>\n<\/div>\n<\/div>\n<p>&nbsp;<\/p>\n<p><span style=\"font-weight: 700 !important; color: #282828;\">ACHTUNG! Gef\u00fcllt mit 10 Komplekti.<\/span><\/p>\n<p><strong>ACHTUNG! Vooluv\u00f5rk ning funktsiooni karp \u00e4ra isoleerida otsese vihma ja lume eest!<\/strong><\/p>","protected":false},"excerpt":{"rendered":"<p><a href=\"https:\/\/www.joulutuled.ee\/wp-content\/uploads\/2022\/10\/2022.jpg\"><img loading=\"lazy\" decoding=\"async\" class=\"alignnone size-medium wp-image-39128\" src=\"https:\/\/www.joulutuled.ee\/wp-content\/uploads\/2022\/10\/2022-800x276.jpg\" alt=\"\" width=\"800\" height=\"276\" \/><\/a><img decoding=\"async\" src=\"https:\/\/www.joulutuled.ee\/wp-content\/uploads\/2021\/09\/EST-banner-transport.jpg\" \/><\/p>","protected":false},"featured_media":7339,"comment_status":"open","ping_status":"closed","template":"","meta":[],"product_brand":[],"product_cat":[15],"product_tag":[314,315,289,316,290,291,292,317],"class_list":{"0":"post-615","1":"product","2":"type-product","3":"status-publish","4":"has-post-thumbnail","6":"product_cat-festoon-lights","7":"product_tag-cotton-balls","8":"product_tag-joulu-pallikesed","9":"product_tag-joulud","10":"product_tag-joulupallid","11":"product_tag-joulutuled","12":"product_tag-kodu-kaunistus","13":"product_tag-led","14":"product_tag-pallikujulised-jouluehted","16":"first","17":"outofstock","18":"sale","19":"featured","20":"shipping-taxable","21":"purchasable","22":"product-type-simple"},"yoast_head":"<!-- This site is optimized with the Yoast SEO plugin v27.3 - https:\/\/yoast.com\/product\/yoast-seo-wordpress\/ -->\n<title>100LED pallikujulised tuled v\u00e4rviline 8.5M - Decolights.eu<\/title>\n<meta name=\"description\" content=\"Buy 100LED pallikujulised tuled v\u00e4rviline 8.5M for . Browse our range of . Buy for the best price today and enjoy cozy atmosphere.\" \/>\n<meta name=\"robots\" content=\"index, follow, max-snippet:-1, max-image-preview:large, max-video-preview:-1\" \/>\n<link rel=\"canonical\" href=\"https:\/\/decolights.eu\/de\/produkt-2\/100led-pallikujulised-tuled-varviline-8-5m\/\" \/>\n<meta property=\"og:locale\" content=\"de_DE\" \/>\n<meta property=\"og:type\" content=\"article\" \/>\n<meta property=\"og:title\" content=\"100LED pallikujulised tuled v\u00e4rviline 8.5M - Decolights.eu\" \/>\n<meta property=\"og:description\" content=\"Buy 100LED pallikujulised tuled v\u00e4rviline 8.5M for . Browse our range of . Buy for the best price today and enjoy cozy atmosphere.\" \/>\n<meta property=\"og:url\" content=\"https:\/\/decolights.eu\/de\/produkt-2\/100led-pallikujulised-tuled-varviline-8-5m\/\" \/>\n<meta property=\"og:site_name\" content=\"Decolights.eu\" \/>\n<meta property=\"article:modified_time\" content=\"2023-05-12T07:44:43+00:00\" \/>\n<meta property=\"og:image\" content=\"https:\/\/decolights.eu\/wp-content\/uploads\/2023\/05\/Pallikujulised-varvilise-joulutuled-1.jpg\" \/>\n\t<meta property=\"og:image:width\" content=\"811\" \/>\n\t<meta property=\"og:image:height\" content=\"800\" \/>\n\t<meta property=\"og:image:type\" content=\"image\/jpeg\" \/>\n<meta name=\"twitter:card\" content=\"summary_large_image\" \/>\n<meta name=\"twitter:label1\" content=\"Gesch\u00e4tzte Lesezeit\" \/>\n\t<meta name=\"twitter:data1\" content=\"1\u00a0Minute\" \/>\n<script type=\"application\/ld+json\" class=\"yoast-schema-graph\">{\"@context\":\"https:\\\/\\\/schema.org\",\"@graph\":[{\"@type\":\"WebPage\",\"@id\":\"https:\\\/\\\/decolights.eu\\\/product\\\/100led-pallikujulised-tuled-varviline-8-5m\\\/\",\"url\":\"https:\\\/\\\/decolights.eu\\\/product\\\/100led-pallikujulised-tuled-varviline-8-5m\\\/\",\"name\":\"100LED pallikujulised tuled v\u00e4rviline 8.5M - Decolights.eu\",\"isPartOf\":{\"@id\":\"https:\\\/\\\/decolights.eu\\\/#website\"},\"primaryImageOfPage\":{\"@id\":\"https:\\\/\\\/decolights.eu\\\/product\\\/100led-pallikujulised-tuled-varviline-8-5m\\\/#primaryimage\"},\"image\":{\"@id\":\"https:\\\/\\\/decolights.eu\\\/product\\\/100led-pallikujulised-tuled-varviline-8-5m\\\/#primaryimage\"},\"thumbnailUrl\":\"https:\\\/\\\/decolights.eu\\\/wp-content\\\/uploads\\\/2023\\\/05\\\/Pallikujulised-varvilise-joulutuled-1.jpg\",\"datePublished\":\"2018-10-22T23:11:43+00:00\",\"dateModified\":\"2023-05-12T07:44:43+00:00\",\"description\":\"Buy 100LED pallikujulised tuled v\u00e4rviline 8.5M for . Browse our range of . Buy for the best price today and enjoy cozy atmosphere.\",\"breadcrumb\":{\"@id\":\"https:\\\/\\\/decolights.eu\\\/product\\\/100led-pallikujulised-tuled-varviline-8-5m\\\/#breadcrumb\"},\"inLanguage\":\"de\",\"potentialAction\":[{\"@type\":\"ReadAction\",\"target\":[\"https:\\\/\\\/decolights.eu\\\/product\\\/100led-pallikujulised-tuled-varviline-8-5m\\\/\"]}]},{\"@type\":\"ImageObject\",\"inLanguage\":\"de\",\"@id\":\"https:\\\/\\\/decolights.eu\\\/product\\\/100led-pallikujulised-tuled-varviline-8-5m\\\/#primaryimage\",\"url\":\"https:\\\/\\\/decolights.eu\\\/wp-content\\\/uploads\\\/2023\\\/05\\\/Pallikujulised-varvilise-joulutuled-1.jpg\",\"contentUrl\":\"https:\\\/\\\/decolights.eu\\\/wp-content\\\/uploads\\\/2023\\\/05\\\/Pallikujulised-varvilise-joulutuled-1.jpg\",\"width\":811,\"height\":800},{\"@type\":\"BreadcrumbList\",\"@id\":\"https:\\\/\\\/decolights.eu\\\/product\\\/100led-pallikujulised-tuled-varviline-8-5m\\\/#breadcrumb\",\"itemListElement\":[{\"@type\":\"ListItem\",\"position\":1,\"name\":\"Shop\",\"item\":\"https:\\\/\\\/decolights.eu\\\/shop\\\/\"},{\"@type\":\"ListItem\",\"position\":2,\"name\":\"100LED pallikujulised tuled v\u00e4rviline 8.5M\"}]},{\"@type\":\"WebSite\",\"@id\":\"https:\\\/\\\/decolights.eu\\\/#website\",\"url\":\"https:\\\/\\\/decolights.eu\\\/\",\"name\":\"decolights\",\"description\":\"Led Decorations for Home and Garden\",\"publisher\":{\"@id\":\"https:\\\/\\\/decolights.eu\\\/#organization\"},\"alternateName\":\"decolights.eu\",\"potentialAction\":[{\"@type\":\"SearchAction\",\"target\":{\"@type\":\"EntryPoint\",\"urlTemplate\":\"https:\\\/\\\/decolights.eu\\\/?s={search_term_string}\"},\"query-input\":{\"@type\":\"PropertyValueSpecification\",\"valueRequired\":true,\"valueName\":\"search_term_string\"}}],\"inLanguage\":\"de\"},{\"@type\":\"Organization\",\"@id\":\"https:\\\/\\\/decolights.eu\\\/#organization\",\"name\":\"decolights\",\"url\":\"https:\\\/\\\/decolights.eu\\\/\",\"logo\":{\"@type\":\"ImageObject\",\"inLanguage\":\"de\",\"@id\":\"https:\\\/\\\/decolights.eu\\\/#\\\/schema\\\/logo\\\/image\\\/\",\"url\":\"https:\\\/\\\/decolights.eu\\\/wp-content\\\/uploads\\\/2023\\\/07\\\/cropped-decolight-siteicon.png\",\"contentUrl\":\"https:\\\/\\\/decolights.eu\\\/wp-content\\\/uploads\\\/2023\\\/07\\\/cropped-decolight-siteicon.png\",\"width\":512,\"height\":512,\"caption\":\"decolights\"},\"image\":{\"@id\":\"https:\\\/\\\/decolights.eu\\\/#\\\/schema\\\/logo\\\/image\\\/\"}}]}<\/script>\n<!-- \/ Yoast SEO plugin. -->","yoast_head_json":{"title":"100LED Pallikujulised Tuled V\u00e4rviline 8,5M - Decolights.eu","description":"Kaufen Sie 100LED pallikujulisierte Tuled V\u00e4rviline 8,5M f\u00fcr . St\u00f6bern Sie in unserem Sortiment. Kaufen Sie noch heute zum besten Preis und genie\u00dfen Sie die gem\u00fctliche Atmosph\u00e4re.","robots":{"index":"index","follow":"follow","max-snippet":"max-snippet:-1","max-image-preview":"max-image-preview:large","max-video-preview":"max-video-preview:-1"},"canonical":"https:\/\/decolights.eu\/de\/produkt-2\/100led-pallikujulised-tuled-varviline-8-5m\/","og_locale":"de_DE","og_type":"article","og_title":"100LED pallikujulised tuled v\u00e4rviline 8.5M - Decolights.eu","og_description":"Buy 100LED pallikujulised tuled v\u00e4rviline 8.5M for . Browse our range of . Buy for the best price today and enjoy cozy atmosphere.","og_url":"https:\/\/decolights.eu\/de\/produkt-2\/100led-pallikujulised-tuled-varviline-8-5m\/","og_site_name":"Decolights.eu","article_modified_time":"2023-05-12T07:44:43+00:00","og_image":[{"width":811,"height":800,"url":"https:\/\/decolights.eu\/wp-content\/uploads\/2023\/05\/Pallikujulised-varvilise-joulutuled-1.jpg","type":"image\/jpeg"}],"twitter_card":"summary_large_image","twitter_misc":{"Gesch\u00e4tzte Lesezeit":"1\u00a0Minute"},"schema":{"@context":"https:\/\/schema.org","@graph":[{"@type":"WebPage","@id":"https:\/\/decolights.eu\/product\/100led-pallikujulised-tuled-varviline-8-5m\/","url":"https:\/\/decolights.eu\/product\/100led-pallikujulised-tuled-varviline-8-5m\/","name":"100LED Pallikujulised Tuled V\u00e4rviline 8,5M - Decolights.eu","isPartOf":{"@id":"https:\/\/decolights.eu\/#website"},"primaryImageOfPage":{"@id":"https:\/\/decolights.eu\/product\/100led-pallikujulised-tuled-varviline-8-5m\/#primaryimage"},"image":{"@id":"https:\/\/decolights.eu\/product\/100led-pallikujulised-tuled-varviline-8-5m\/#primaryimage"},"thumbnailUrl":"https:\/\/decolights.eu\/wp-content\/uploads\/2023\/05\/Pallikujulised-varvilise-joulutuled-1.jpg","datePublished":"2018-10-22T23:11:43+00:00","dateModified":"2023-05-12T07:44:43+00:00","description":"Kaufen Sie 100LED pallikujulisierte Tuled V\u00e4rviline 8,5M f\u00fcr . St\u00f6bern Sie in unserem Sortiment. Kaufen Sie noch heute zum besten Preis und genie\u00dfen Sie die gem\u00fctliche Atmosph\u00e4re.","breadcrumb":{"@id":"https:\/\/decolights.eu\/product\/100led-pallikujulised-tuled-varviline-8-5m\/#breadcrumb"},"inLanguage":"de","potentialAction":[{"@type":"ReadAction","target":["https:\/\/decolights.eu\/product\/100led-pallikujulised-tuled-varviline-8-5m\/"]}]},{"@type":"ImageObject","inLanguage":"de","@id":"https:\/\/decolights.eu\/product\/100led-pallikujulised-tuled-varviline-8-5m\/#primaryimage","url":"https:\/\/decolights.eu\/wp-content\/uploads\/2023\/05\/Pallikujulised-varvilise-joulutuled-1.jpg","contentUrl":"https:\/\/decolights.eu\/wp-content\/uploads\/2023\/05\/Pallikujulised-varvilise-joulutuled-1.jpg","width":811,"height":800},{"@type":"BreadcrumbList","@id":"https:\/\/decolights.eu\/product\/100led-pallikujulised-tuled-varviline-8-5m\/#breadcrumb","itemListElement":[{"@type":"ListItem","position":1,"name":"Shop","item":"https:\/\/decolights.eu\/shop\/"},{"@type":"ListItem","position":2,"name":"100LED pallikujulised tuled v\u00e4rviline 8.5M"}]},{"@type":"WebSite","@id":"https:\/\/decolights.eu\/#website","url":"https:\/\/decolights.eu\/","name":"Dekolichter","description":"LED-Dekorationen f\u00fcr Haus und Garten","publisher":{"@id":"https:\/\/decolights.eu\/#organization"},"alternateName":"decolights.eu","potentialAction":[{"@type":"SearchAction","target":{"@type":"EntryPoint","urlTemplate":"https:\/\/decolights.eu\/?s={search_term_string}"},"query-input":{"@type":"PropertyValueSpecification","valueRequired":true,"valueName":"search_term_string"}}],"inLanguage":"de"},{"@type":"Organization","@id":"https:\/\/decolights.eu\/#organization","name":"Dekolichter","url":"https:\/\/decolights.eu\/","logo":{"@type":"ImageObject","inLanguage":"de","@id":"https:\/\/decolights.eu\/#\/schema\/logo\/image\/","url":"https:\/\/decolights.eu\/wp-content\/uploads\/2023\/07\/cropped-decolight-siteicon.png","contentUrl":"https:\/\/decolights.eu\/wp-content\/uploads\/2023\/07\/cropped-decolight-siteicon.png","width":512,"height":512,"caption":"decolights"},"image":{"@id":"https:\/\/decolights.eu\/#\/schema\/logo\/image\/"}}]}},"jetpack_sharing_enabled":true,"_links":{"self":[{"href":"https:\/\/decolights.eu\/de\/wp-json\/wp\/v2\/product\/615","targetHints":{"allow":["GET"]}}],"collection":[{"href":"https:\/\/decolights.eu\/de\/wp-json\/wp\/v2\/product"}],"about":[{"href":"https:\/\/decolights.eu\/de\/wp-json\/wp\/v2\/types\/product"}],"replies":[{"embeddable":true,"href":"https:\/\/decolights.eu\/de\/wp-json\/wp\/v2\/comments?post=615"}],"wp:featuredmedia":[{"embeddable":true,"href":"https:\/\/decolights.eu\/de\/wp-json\/wp\/v2\/media\/7339"}],"wp:attachment":[{"href":"https:\/\/decolights.eu\/de\/wp-json\/wp\/v2\/media?parent=615"}],"wp:term":[{"taxonomy":"product_brand","embeddable":true,"href":"https:\/\/decolights.eu\/de\/wp-json\/wp\/v2\/product_brand?post=615"},{"taxonomy":"product_cat","embeddable":true,"href":"https:\/\/decolights.eu\/de\/wp-json\/wp\/v2\/product_cat?post=615"},{"taxonomy":"product_tag","embeddable":true,"href":"https:\/\/decolights.eu\/de\/wp-json\/wp\/v2\/product_tag?post=615"}],"curies":[{"name":"wp","href":"https:\/\/api.w.org\/{rel}","templated":true}]}}