{"id":6287,"date":"2023-04-01T04:43:12","date_gmt":"2023-04-01T04:43:12","guid":{"rendered":"https:\/\/decolights.eu\/?post_type=product&#038;p=6287"},"modified":"2023-04-17T07:25:11","modified_gmt":"2023-04-17T07:25:11","slug":"led-table-lamp-with-wireless-charger","status":"publish","type":"product","link":"https:\/\/decolights.eu\/de\/produkt-2\/led-table-lamp-with-wireless-charger\/","title":{"rendered":"LED-Tischleuchte mit kabellosem Ladeger\u00e4t"},"content":{"rendered":"<div><strong>KABELLOSES LADEGER\u00c4T<\/strong> \u2013 Die vorgestellte multifunktionale Tischleuchte f\u00fcr B\u00fcro oder Zuhause verf\u00fcgt \u00fcber ein induktives Telefonladeger\u00e4t, mit dem Sie Ihr Mobiltelefon schnell und problemlos aufladen k\u00f6nnen. Zus\u00e4tzlich verf\u00fcgt sie \u00fcber einen USB-Anschluss. Zum Laden des Telefons muss die Leuchte an Schnellladeger\u00e4te angeschlossen werden.<\/div>\n<div><strong>3 ARTEN VON BELEUCHTUNGSMODI<\/strong> \u2013 die B\u00fcrolampe mit Telefonst\u00e4nder ist mit 3 Beleuchtungsmodi ausgestattet \u2013 Kaltwei\u00df, Warmwei\u00df und Neutralwei\u00df.<br \/>\nSANFTES DIMMEN UND AUFHELLUNG - Die multifunktionale B\u00fcrolampe verf\u00fcgt \u00fcber eine sanfte Dimm- und Aufhellungsfunktion, dank der jeder sie nach seinen individuellen Bed\u00fcrfnissen und Vorlieben einstellen kann.<\/div>\n<div><strong>STILVOLLES DESIGN<\/strong> \u2013 die B\u00fcrolampe mit Platz f\u00fcr das Telefon ist ein kompaktes Accessoire mit zeitlosem Design, das perfekt in jedes Interieur passt.<\/div>\n<div>\n<ul>\n<li><strong>LED-Farbe<\/strong>: warmwei\u00df, kaltwei\u00df, neutralwei\u00df<\/li>\n<li><strong>Gesamtl\u00e4nge (inkl. Stromkabel): <\/strong>8,50 Mio.<\/li>\n<li><b>Gr\u00f6\u00dfe:\u00a0<\/b>12 cm x 17 cm x 33 cm<\/li>\n<li><strong>Kabelfarbe: <\/strong>Schwarz<\/li>\n<li><strong>L\u00e4nge des Stromkabels:\u00a0<\/strong>110 cm<\/li>\n<li><strong>IP-Bewertung: <\/strong>IP44<\/li>\n<li><strong>Energiequelle: <\/strong>USB (USB-Adapter nicht im Lieferumfang enthalten)<\/li>\n<li>Mit kabellosem Telefonladeger\u00e4t (Telefon sollte \u00fcber eine QI-Ladefunktion verf\u00fcgen)<\/li>\n<li><strong>Kabelmaterial:\u00a0<\/strong>PVC<\/li>\n<li><strong>Kappe\/Sockel:\u00a0<\/strong>Nicht austauschbar<\/li>\n<li><strong>CE-zertifiziert:\u00a0<\/strong>Ja<\/li>\n<li>10 W<\/li>\n<\/ul>\n<\/div>\n<div><\/div>","protected":false},"excerpt":{"rendered":"<p>WIRELESS CHARGER &#8211; the presented multifunctional office or home table lamp has an inductive phone charger with which you can charge your mobile phone quickly and without problems. In addition, it has a USB port. When charging the phone, the light must be connected to fast charging devices. 3 TYPES OF LIGHTING MODES &#8211; the [&#8230;]\n","protected":false},"featured_media":6410,"comment_status":"open","ping_status":"closed","template":"","meta":[],"product_brand":[],"product_cat":[218,214],"product_tag":[],"class_list":{"0":"post-6287","1":"product","2":"type-product","3":"status-publish","4":"has-post-thumbnail","6":"product_cat-decorative-led-lights","7":"product_cat-indoor-lights","8":"pa_brand-deco","9":"pa_led-colour-cold-white","10":"pa_led-colour-neutral-white","11":"pa_led-colour-warm-white","13":"first","14":"instock","15":"sale","16":"shipping-taxable","17":"purchasable","18":"product-type-simple"},"yoast_head":"<!-- This site is optimized with the Yoast SEO plugin v27.3 - https:\/\/yoast.com\/product\/yoast-seo-wordpress\/ -->\n<title>LED table lamp with wireless charger - Best price guarantee - Decolights.eu<\/title>\n<meta name=\"description\" content=\"LED lamp with wireless charger and 3 different white tones is a perfect table lamp for home or office. Do not hesitate, buy now for the best price!\" \/>\n<meta name=\"robots\" content=\"index, follow, max-snippet:-1, max-image-preview:large, max-video-preview:-1\" \/>\n<link rel=\"canonical\" href=\"https:\/\/decolights.eu\/de\/produkt-2\/led-table-lamp-with-wireless-charger\/\" \/>\n<meta property=\"og:locale\" content=\"de_DE\" \/>\n<meta property=\"og:type\" content=\"article\" \/>\n<meta property=\"og:title\" content=\"LED table lamp with wireless charger - Best price guarantee - Decolights.eu\" \/>\n<meta property=\"og:description\" content=\"LED lamp with wireless charger and 3 different white tones is a perfect table lamp for home or office. Do not hesitate, buy now for the best price!\" \/>\n<meta property=\"og:url\" content=\"https:\/\/decolights.eu\/de\/produkt-2\/led-table-lamp-with-wireless-charger\/\" \/>\n<meta property=\"og:site_name\" content=\"Decolights.eu\" \/>\n<meta property=\"article:modified_time\" content=\"2023-04-17T07:25:11+00:00\" \/>\n<meta property=\"og:image\" content=\"https:\/\/decolights.eu\/wp-content\/uploads\/2023\/04\/eng_pl_LED-desk-lamp-with-inductive-charger-15333_10.jpg\" \/>\n\t<meta property=\"og:image:width\" content=\"500\" \/>\n\t<meta property=\"og:image:height\" content=\"500\" \/>\n\t<meta property=\"og:image:type\" content=\"image\/jpeg\" \/>\n<meta name=\"twitter:card\" content=\"summary_large_image\" \/>\n<meta name=\"twitter:label1\" content=\"Gesch\u00e4tzte Lesezeit\" \/>\n\t<meta name=\"twitter:data1\" content=\"1\u00a0Minute\" \/>\n<script type=\"application\/ld+json\" class=\"yoast-schema-graph\">{\"@context\":\"https:\\\/\\\/schema.org\",\"@graph\":[{\"@type\":\"WebPage\",\"@id\":\"https:\\\/\\\/decolights.eu\\\/product\\\/led-table-lamp-with-wireless-charger\\\/\",\"url\":\"https:\\\/\\\/decolights.eu\\\/product\\\/led-table-lamp-with-wireless-charger\\\/\",\"name\":\"LED table lamp with wireless charger - Best price guarantee - Decolights.eu\",\"isPartOf\":{\"@id\":\"https:\\\/\\\/decolights.eu\\\/#website\"},\"primaryImageOfPage\":{\"@id\":\"https:\\\/\\\/decolights.eu\\\/product\\\/led-table-lamp-with-wireless-charger\\\/#primaryimage\"},\"image\":{\"@id\":\"https:\\\/\\\/decolights.eu\\\/product\\\/led-table-lamp-with-wireless-charger\\\/#primaryimage\"},\"thumbnailUrl\":\"https:\\\/\\\/decolights.eu\\\/wp-content\\\/uploads\\\/2023\\\/04\\\/eng_pl_LED-desk-lamp-with-inductive-charger-15333_10.jpg\",\"datePublished\":\"2023-04-01T04:43:12+00:00\",\"dateModified\":\"2023-04-17T07:25:11+00:00\",\"description\":\"LED lamp with wireless charger and 3 different white tones is a perfect table lamp for home or office. Do not hesitate, buy now for the best price!\",\"breadcrumb\":{\"@id\":\"https:\\\/\\\/decolights.eu\\\/product\\\/led-table-lamp-with-wireless-charger\\\/#breadcrumb\"},\"inLanguage\":\"de\",\"potentialAction\":[{\"@type\":\"ReadAction\",\"target\":[\"https:\\\/\\\/decolights.eu\\\/product\\\/led-table-lamp-with-wireless-charger\\\/\"]}]},{\"@type\":\"ImageObject\",\"inLanguage\":\"de\",\"@id\":\"https:\\\/\\\/decolights.eu\\\/product\\\/led-table-lamp-with-wireless-charger\\\/#primaryimage\",\"url\":\"https:\\\/\\\/decolights.eu\\\/wp-content\\\/uploads\\\/2023\\\/04\\\/eng_pl_LED-desk-lamp-with-inductive-charger-15333_10.jpg\",\"contentUrl\":\"https:\\\/\\\/decolights.eu\\\/wp-content\\\/uploads\\\/2023\\\/04\\\/eng_pl_LED-desk-lamp-with-inductive-charger-15333_10.jpg\",\"width\":500,\"height\":500},{\"@type\":\"BreadcrumbList\",\"@id\":\"https:\\\/\\\/decolights.eu\\\/product\\\/led-table-lamp-with-wireless-charger\\\/#breadcrumb\",\"itemListElement\":[{\"@type\":\"ListItem\",\"position\":1,\"name\":\"Shop\",\"item\":\"https:\\\/\\\/decolights.eu\\\/shop\\\/\"},{\"@type\":\"ListItem\",\"position\":2,\"name\":\"LED table lamp with wireless charger\"}]},{\"@type\":\"WebSite\",\"@id\":\"https:\\\/\\\/decolights.eu\\\/#website\",\"url\":\"https:\\\/\\\/decolights.eu\\\/\",\"name\":\"decolights\",\"description\":\"Led Decorations for Home and Garden\",\"publisher\":{\"@id\":\"https:\\\/\\\/decolights.eu\\\/#organization\"},\"alternateName\":\"decolights.eu\",\"potentialAction\":[{\"@type\":\"SearchAction\",\"target\":{\"@type\":\"EntryPoint\",\"urlTemplate\":\"https:\\\/\\\/decolights.eu\\\/?s={search_term_string}\"},\"query-input\":{\"@type\":\"PropertyValueSpecification\",\"valueRequired\":true,\"valueName\":\"search_term_string\"}}],\"inLanguage\":\"de\"},{\"@type\":\"Organization\",\"@id\":\"https:\\\/\\\/decolights.eu\\\/#organization\",\"name\":\"decolights\",\"url\":\"https:\\\/\\\/decolights.eu\\\/\",\"logo\":{\"@type\":\"ImageObject\",\"inLanguage\":\"de\",\"@id\":\"https:\\\/\\\/decolights.eu\\\/#\\\/schema\\\/logo\\\/image\\\/\",\"url\":\"https:\\\/\\\/decolights.eu\\\/wp-content\\\/uploads\\\/2023\\\/07\\\/cropped-decolight-siteicon.png\",\"contentUrl\":\"https:\\\/\\\/decolights.eu\\\/wp-content\\\/uploads\\\/2023\\\/07\\\/cropped-decolight-siteicon.png\",\"width\":512,\"height\":512,\"caption\":\"decolights\"},\"image\":{\"@id\":\"https:\\\/\\\/decolights.eu\\\/#\\\/schema\\\/logo\\\/image\\\/\"}}]}<\/script>\n<!-- \/ Yoast SEO plugin. -->","yoast_head_json":{"title":"LED-Tischleuchte mit kabellosem Ladeger\u00e4t - Bestpreisgarantie - Decolights.eu","description":"Die LED-Lampe mit kabellosem Ladeger\u00e4t und 3 verschiedenen Wei\u00dft\u00f6nen ist eine perfekte Tischlampe f\u00fcr Zuhause oder das B\u00fcro. Z\u00f6gern Sie nicht, kaufen Sie jetzt zum besten Preis!","robots":{"index":"index","follow":"follow","max-snippet":"max-snippet:-1","max-image-preview":"max-image-preview:large","max-video-preview":"max-video-preview:-1"},"canonical":"https:\/\/decolights.eu\/de\/produkt-2\/led-table-lamp-with-wireless-charger\/","og_locale":"de_DE","og_type":"article","og_title":"LED table lamp with wireless charger - Best price guarantee - Decolights.eu","og_description":"LED lamp with wireless charger and 3 different white tones is a perfect table lamp for home or office. Do not hesitate, buy now for the best price!","og_url":"https:\/\/decolights.eu\/de\/produkt-2\/led-table-lamp-with-wireless-charger\/","og_site_name":"Decolights.eu","article_modified_time":"2023-04-17T07:25:11+00:00","og_image":[{"width":500,"height":500,"url":"https:\/\/decolights.eu\/wp-content\/uploads\/2023\/04\/eng_pl_LED-desk-lamp-with-inductive-charger-15333_10.jpg","type":"image\/jpeg"}],"twitter_card":"summary_large_image","twitter_misc":{"Gesch\u00e4tzte Lesezeit":"1\u00a0Minute"},"schema":{"@context":"https:\/\/schema.org","@graph":[{"@type":"WebPage","@id":"https:\/\/decolights.eu\/product\/led-table-lamp-with-wireless-charger\/","url":"https:\/\/decolights.eu\/product\/led-table-lamp-with-wireless-charger\/","name":"LED-Tischleuchte mit kabellosem Ladeger\u00e4t - Bestpreisgarantie - Decolights.eu","isPartOf":{"@id":"https:\/\/decolights.eu\/#website"},"primaryImageOfPage":{"@id":"https:\/\/decolights.eu\/product\/led-table-lamp-with-wireless-charger\/#primaryimage"},"image":{"@id":"https:\/\/decolights.eu\/product\/led-table-lamp-with-wireless-charger\/#primaryimage"},"thumbnailUrl":"https:\/\/decolights.eu\/wp-content\/uploads\/2023\/04\/eng_pl_LED-desk-lamp-with-inductive-charger-15333_10.jpg","datePublished":"2023-04-01T04:43:12+00:00","dateModified":"2023-04-17T07:25:11+00:00","description":"Die LED-Lampe mit kabellosem Ladeger\u00e4t und 3 verschiedenen Wei\u00dft\u00f6nen ist eine perfekte Tischlampe f\u00fcr Zuhause oder das B\u00fcro. Z\u00f6gern Sie nicht, kaufen Sie jetzt zum besten Preis!","breadcrumb":{"@id":"https:\/\/decolights.eu\/product\/led-table-lamp-with-wireless-charger\/#breadcrumb"},"inLanguage":"de","potentialAction":[{"@type":"ReadAction","target":["https:\/\/decolights.eu\/product\/led-table-lamp-with-wireless-charger\/"]}]},{"@type":"ImageObject","inLanguage":"de","@id":"https:\/\/decolights.eu\/product\/led-table-lamp-with-wireless-charger\/#primaryimage","url":"https:\/\/decolights.eu\/wp-content\/uploads\/2023\/04\/eng_pl_LED-desk-lamp-with-inductive-charger-15333_10.jpg","contentUrl":"https:\/\/decolights.eu\/wp-content\/uploads\/2023\/04\/eng_pl_LED-desk-lamp-with-inductive-charger-15333_10.jpg","width":500,"height":500},{"@type":"BreadcrumbList","@id":"https:\/\/decolights.eu\/product\/led-table-lamp-with-wireless-charger\/#breadcrumb","itemListElement":[{"@type":"ListItem","position":1,"name":"Shop","item":"https:\/\/decolights.eu\/shop\/"},{"@type":"ListItem","position":2,"name":"LED table lamp with wireless charger"}]},{"@type":"WebSite","@id":"https:\/\/decolights.eu\/#website","url":"https:\/\/decolights.eu\/","name":"Dekolichter","description":"LED-Dekorationen f\u00fcr Haus und Garten","publisher":{"@id":"https:\/\/decolights.eu\/#organization"},"alternateName":"decolights.eu","potentialAction":[{"@type":"SearchAction","target":{"@type":"EntryPoint","urlTemplate":"https:\/\/decolights.eu\/?s={search_term_string}"},"query-input":{"@type":"PropertyValueSpecification","valueRequired":true,"valueName":"search_term_string"}}],"inLanguage":"de"},{"@type":"Organization","@id":"https:\/\/decolights.eu\/#organization","name":"Dekolichter","url":"https:\/\/decolights.eu\/","logo":{"@type":"ImageObject","inLanguage":"de","@id":"https:\/\/decolights.eu\/#\/schema\/logo\/image\/","url":"https:\/\/decolights.eu\/wp-content\/uploads\/2023\/07\/cropped-decolight-siteicon.png","contentUrl":"https:\/\/decolights.eu\/wp-content\/uploads\/2023\/07\/cropped-decolight-siteicon.png","width":512,"height":512,"caption":"decolights"},"image":{"@id":"https:\/\/decolights.eu\/#\/schema\/logo\/image\/"}}]}},"jetpack_sharing_enabled":true,"_links":{"self":[{"href":"https:\/\/decolights.eu\/de\/wp-json\/wp\/v2\/product\/6287","targetHints":{"allow":["GET"]}}],"collection":[{"href":"https:\/\/decolights.eu\/de\/wp-json\/wp\/v2\/product"}],"about":[{"href":"https:\/\/decolights.eu\/de\/wp-json\/wp\/v2\/types\/product"}],"replies":[{"embeddable":true,"href":"https:\/\/decolights.eu\/de\/wp-json\/wp\/v2\/comments?post=6287"}],"wp:featuredmedia":[{"embeddable":true,"href":"https:\/\/decolights.eu\/de\/wp-json\/wp\/v2\/media\/6410"}],"wp:attachment":[{"href":"https:\/\/decolights.eu\/de\/wp-json\/wp\/v2\/media?parent=6287"}],"wp:term":[{"taxonomy":"product_brand","embeddable":true,"href":"https:\/\/decolights.eu\/de\/wp-json\/wp\/v2\/product_brand?post=6287"},{"taxonomy":"product_cat","embeddable":true,"href":"https:\/\/decolights.eu\/de\/wp-json\/wp\/v2\/product_cat?post=6287"},{"taxonomy":"product_tag","embeddable":true,"href":"https:\/\/decolights.eu\/de\/wp-json\/wp\/v2\/product_tag?post=6287"}],"curies":[{"name":"wp","href":"https:\/\/api.w.org\/{rel}","templated":true}]}}