{"id":6311,"date":"2023-04-01T04:43:35","date_gmt":"2023-04-01T04:43:35","guid":{"rendered":"https:\/\/decolights.eu\/?post_type=product&#038;p=6311"},"modified":"2023-05-10T09:01:48","modified_gmt":"2023-05-10T09:01:48","slug":"decorative-olive-tree","status":"publish","type":"product","link":"https:\/\/decolights.eu\/de\/produkt-2\/decorative-olive-tree\/","title":{"rendered":"Dekorativer Olivenbaum"},"content":{"rendered":"<p>Kreieren Sie mediterranes Feeling mit diesem naturgetreuen Kunstbaum mit Olivenbl\u00e4ttern und Oliven, 120 cm hoch mit 108 warmwei\u00dfen Lichtpunkten. Verleiht einen wunderbaren Glanz und schafft eine tolle, gem\u00fctliche und entspannende Atmosph\u00e4re in Ihrem Gesch\u00e4ft, B\u00fcro oder Ihrer Terrasse.<\/p>\n<ul>\n<li><strong>Farbe des Olivenbaums:<\/strong> Gr\u00fcn<\/li>\n<li><strong>LED-Farbe<\/strong>: Warmwei\u00df<\/li>\n<li><strong>Anzahl der LEDs<\/strong><strong>: <\/strong>108LED<\/li>\n<li><b>Gr\u00f6\u00dfe:\u00a0<\/b>80cm x 120cm<\/li>\n<li><strong>Netzkabel:<\/strong> 5M<\/li>\n<li><strong>Kabelfarbe: <\/strong>braun<\/li>\n<li><strong>IP-Bewertung: <\/strong>IP44<\/li>\n<li><strong>Energiequelle:\u00a0<\/strong>Einstecken<\/li>\n<li><strong>Kabelmaterial:\u00a0<\/strong>PVC<\/li>\n<li><strong>Anschlie\u00dfbar:\u00a0<\/strong>NEIN<\/li>\n<li><strong>Kappe\/Sockel:\u00a0<\/strong>Nicht austauschbar<\/li>\n<li><strong>CE-zertifiziert:\u00a0<\/strong>Ja<\/li>\n<li>5V DC 3W Schuko-Stecker<\/li>\n<\/ul>","protected":false},"excerpt":{"rendered":"<p>Create a Mediterranean feeling with this true-to-nature artificial tree with olive leaves and olives, 120 cm high with 108 warm white light points. Gives a wonderful glow and create an amazing, cozy and relaxing atmosphere to your shop, office or patio. Olive tree colour: green LED colour: warm white Number of LEDs: 108LED Size:\u00a080cm x [&#8230;]\n","protected":false},"featured_media":6430,"comment_status":"open","ping_status":"closed","template":"","meta":[],"product_brand":[],"product_cat":[218,214,226,230],"product_tag":[],"class_list":{"0":"post-6311","1":"product","2":"type-product","3":"status-publish","4":"has-post-thumbnail","6":"product_cat-decorative-led-lights","7":"product_cat-indoor-lights","8":"product_cat-outdoor-lights","9":"product_cat-patio-lights","10":"pa_brand-deco","11":"pa_led-colour-warm-white","13":"first","14":"instock","15":"sale","16":"shipping-taxable","17":"purchasable","18":"product-type-simple"},"yoast_head":"<!-- This site is optimized with the Yoast SEO plugin v27.3 - https:\/\/yoast.com\/product\/yoast-seo-wordpress\/ -->\n<title>Decorative Olive tree - Best price guarantee - Decolights.eu<\/title>\n<meta name=\"description\" content=\"Create a Mediterranean and cozy feeling with true-to-nature artificial tree at your shop, office or patio. Buy now to get the best price!\" \/>\n<meta name=\"robots\" content=\"index, follow, max-snippet:-1, max-image-preview:large, max-video-preview:-1\" \/>\n<link rel=\"canonical\" href=\"https:\/\/decolights.eu\/de\/produkt-2\/decorative-olive-tree\/\" \/>\n<meta property=\"og:locale\" content=\"de_DE\" \/>\n<meta property=\"og:type\" content=\"article\" \/>\n<meta property=\"og:title\" content=\"Decorative Olive tree - Best price guarantee - Decolights.eu\" \/>\n<meta property=\"og:description\" content=\"Create a Mediterranean and cozy feeling with true-to-nature artificial tree at your shop, office or patio. Buy now to get the best price!\" \/>\n<meta property=\"og:url\" content=\"https:\/\/decolights.eu\/de\/produkt-2\/decorative-olive-tree\/\" \/>\n<meta property=\"og:site_name\" content=\"Decolights.eu\" \/>\n<meta property=\"article:modified_time\" content=\"2023-05-10T09:01:48+00:00\" \/>\n<meta property=\"og:image\" content=\"https:\/\/decolights.eu\/wp-content\/uploads\/2023\/04\/860-52_M2.png\" \/>\n\t<meta property=\"og:image:width\" content=\"600\" \/>\n\t<meta property=\"og:image:height\" content=\"602\" \/>\n\t<meta property=\"og:image:type\" content=\"image\/png\" \/>\n<meta name=\"twitter:card\" content=\"summary_large_image\" \/>\n<meta name=\"twitter:label1\" content=\"Gesch\u00e4tzte Lesezeit\" \/>\n\t<meta name=\"twitter:data1\" content=\"1\u00a0Minute\" \/>\n<script type=\"application\/ld+json\" class=\"yoast-schema-graph\">{\"@context\":\"https:\\\/\\\/schema.org\",\"@graph\":[{\"@type\":\"WebPage\",\"@id\":\"https:\\\/\\\/decolights.eu\\\/product\\\/decorative-olive-tree\\\/\",\"url\":\"https:\\\/\\\/decolights.eu\\\/product\\\/decorative-olive-tree\\\/\",\"name\":\"Decorative Olive tree - Best price guarantee - Decolights.eu\",\"isPartOf\":{\"@id\":\"https:\\\/\\\/decolights.eu\\\/#website\"},\"primaryImageOfPage\":{\"@id\":\"https:\\\/\\\/decolights.eu\\\/product\\\/decorative-olive-tree\\\/#primaryimage\"},\"image\":{\"@id\":\"https:\\\/\\\/decolights.eu\\\/product\\\/decorative-olive-tree\\\/#primaryimage\"},\"thumbnailUrl\":\"https:\\\/\\\/decolights.eu\\\/wp-content\\\/uploads\\\/2023\\\/04\\\/860-52_M2.png\",\"datePublished\":\"2023-04-01T04:43:35+00:00\",\"dateModified\":\"2023-05-10T09:01:48+00:00\",\"description\":\"Create a Mediterranean and cozy feeling with true-to-nature artificial tree at your shop, office or patio. Buy now to get the best price!\",\"breadcrumb\":{\"@id\":\"https:\\\/\\\/decolights.eu\\\/product\\\/decorative-olive-tree\\\/#breadcrumb\"},\"inLanguage\":\"de\",\"potentialAction\":[{\"@type\":\"ReadAction\",\"target\":[\"https:\\\/\\\/decolights.eu\\\/product\\\/decorative-olive-tree\\\/\"]}]},{\"@type\":\"ImageObject\",\"inLanguage\":\"de\",\"@id\":\"https:\\\/\\\/decolights.eu\\\/product\\\/decorative-olive-tree\\\/#primaryimage\",\"url\":\"https:\\\/\\\/decolights.eu\\\/wp-content\\\/uploads\\\/2023\\\/04\\\/860-52_M2.png\",\"contentUrl\":\"https:\\\/\\\/decolights.eu\\\/wp-content\\\/uploads\\\/2023\\\/04\\\/860-52_M2.png\",\"width\":600,\"height\":602},{\"@type\":\"BreadcrumbList\",\"@id\":\"https:\\\/\\\/decolights.eu\\\/product\\\/decorative-olive-tree\\\/#breadcrumb\",\"itemListElement\":[{\"@type\":\"ListItem\",\"position\":1,\"name\":\"Shop\",\"item\":\"https:\\\/\\\/decolights.eu\\\/shop\\\/\"},{\"@type\":\"ListItem\",\"position\":2,\"name\":\"Decorative Olive tree\"}]},{\"@type\":\"WebSite\",\"@id\":\"https:\\\/\\\/decolights.eu\\\/#website\",\"url\":\"https:\\\/\\\/decolights.eu\\\/\",\"name\":\"decolights\",\"description\":\"Led Decorations for Home and Garden\",\"publisher\":{\"@id\":\"https:\\\/\\\/decolights.eu\\\/#organization\"},\"alternateName\":\"decolights.eu\",\"potentialAction\":[{\"@type\":\"SearchAction\",\"target\":{\"@type\":\"EntryPoint\",\"urlTemplate\":\"https:\\\/\\\/decolights.eu\\\/?s={search_term_string}\"},\"query-input\":{\"@type\":\"PropertyValueSpecification\",\"valueRequired\":true,\"valueName\":\"search_term_string\"}}],\"inLanguage\":\"de\"},{\"@type\":\"Organization\",\"@id\":\"https:\\\/\\\/decolights.eu\\\/#organization\",\"name\":\"decolights\",\"url\":\"https:\\\/\\\/decolights.eu\\\/\",\"logo\":{\"@type\":\"ImageObject\",\"inLanguage\":\"de\",\"@id\":\"https:\\\/\\\/decolights.eu\\\/#\\\/schema\\\/logo\\\/image\\\/\",\"url\":\"https:\\\/\\\/decolights.eu\\\/wp-content\\\/uploads\\\/2023\\\/07\\\/cropped-decolight-siteicon.png\",\"contentUrl\":\"https:\\\/\\\/decolights.eu\\\/wp-content\\\/uploads\\\/2023\\\/07\\\/cropped-decolight-siteicon.png\",\"width\":512,\"height\":512,\"caption\":\"decolights\"},\"image\":{\"@id\":\"https:\\\/\\\/decolights.eu\\\/#\\\/schema\\\/logo\\\/image\\\/\"}}]}<\/script>\n<!-- \/ Yoast SEO plugin. -->","yoast_head_json":{"title":"Dekorativer Olivenbaum - Bestpreisgarantie - Decolights.eu","description":"Schaffen Sie eine mediterrane und gem\u00fctliche Atmosph\u00e4re mit einem naturgetreuen Kunstbaum in Ihrem Gesch\u00e4ft, B\u00fcro oder auf der Terrasse. Kaufen Sie jetzt, um den besten Preis zu erhalten!","robots":{"index":"index","follow":"follow","max-snippet":"max-snippet:-1","max-image-preview":"max-image-preview:large","max-video-preview":"max-video-preview:-1"},"canonical":"https:\/\/decolights.eu\/de\/produkt-2\/decorative-olive-tree\/","og_locale":"de_DE","og_type":"article","og_title":"Decorative Olive tree - Best price guarantee - Decolights.eu","og_description":"Create a Mediterranean and cozy feeling with true-to-nature artificial tree at your shop, office or patio. Buy now to get the best price!","og_url":"https:\/\/decolights.eu\/de\/produkt-2\/decorative-olive-tree\/","og_site_name":"Decolights.eu","article_modified_time":"2023-05-10T09:01:48+00:00","og_image":[{"width":600,"height":602,"url":"https:\/\/decolights.eu\/wp-content\/uploads\/2023\/04\/860-52_M2.png","type":"image\/png"}],"twitter_card":"summary_large_image","twitter_misc":{"Gesch\u00e4tzte Lesezeit":"1\u00a0Minute"},"schema":{"@context":"https:\/\/schema.org","@graph":[{"@type":"WebPage","@id":"https:\/\/decolights.eu\/product\/decorative-olive-tree\/","url":"https:\/\/decolights.eu\/product\/decorative-olive-tree\/","name":"Dekorativer Olivenbaum - Bestpreisgarantie - Decolights.eu","isPartOf":{"@id":"https:\/\/decolights.eu\/#website"},"primaryImageOfPage":{"@id":"https:\/\/decolights.eu\/product\/decorative-olive-tree\/#primaryimage"},"image":{"@id":"https:\/\/decolights.eu\/product\/decorative-olive-tree\/#primaryimage"},"thumbnailUrl":"https:\/\/decolights.eu\/wp-content\/uploads\/2023\/04\/860-52_M2.png","datePublished":"2023-04-01T04:43:35+00:00","dateModified":"2023-05-10T09:01:48+00:00","description":"Schaffen Sie eine mediterrane und gem\u00fctliche Atmosph\u00e4re mit einem naturgetreuen Kunstbaum in Ihrem Gesch\u00e4ft, B\u00fcro oder auf der Terrasse. Kaufen Sie jetzt, um den besten Preis zu erhalten!","breadcrumb":{"@id":"https:\/\/decolights.eu\/product\/decorative-olive-tree\/#breadcrumb"},"inLanguage":"de","potentialAction":[{"@type":"ReadAction","target":["https:\/\/decolights.eu\/product\/decorative-olive-tree\/"]}]},{"@type":"ImageObject","inLanguage":"de","@id":"https:\/\/decolights.eu\/product\/decorative-olive-tree\/#primaryimage","url":"https:\/\/decolights.eu\/wp-content\/uploads\/2023\/04\/860-52_M2.png","contentUrl":"https:\/\/decolights.eu\/wp-content\/uploads\/2023\/04\/860-52_M2.png","width":600,"height":602},{"@type":"BreadcrumbList","@id":"https:\/\/decolights.eu\/product\/decorative-olive-tree\/#breadcrumb","itemListElement":[{"@type":"ListItem","position":1,"name":"Shop","item":"https:\/\/decolights.eu\/shop\/"},{"@type":"ListItem","position":2,"name":"Decorative Olive tree"}]},{"@type":"WebSite","@id":"https:\/\/decolights.eu\/#website","url":"https:\/\/decolights.eu\/","name":"Dekolichter","description":"LED-Dekorationen f\u00fcr Haus und Garten","publisher":{"@id":"https:\/\/decolights.eu\/#organization"},"alternateName":"decolights.eu","potentialAction":[{"@type":"SearchAction","target":{"@type":"EntryPoint","urlTemplate":"https:\/\/decolights.eu\/?s={search_term_string}"},"query-input":{"@type":"PropertyValueSpecification","valueRequired":true,"valueName":"search_term_string"}}],"inLanguage":"de"},{"@type":"Organization","@id":"https:\/\/decolights.eu\/#organization","name":"Dekolichter","url":"https:\/\/decolights.eu\/","logo":{"@type":"ImageObject","inLanguage":"de","@id":"https:\/\/decolights.eu\/#\/schema\/logo\/image\/","url":"https:\/\/decolights.eu\/wp-content\/uploads\/2023\/07\/cropped-decolight-siteicon.png","contentUrl":"https:\/\/decolights.eu\/wp-content\/uploads\/2023\/07\/cropped-decolight-siteicon.png","width":512,"height":512,"caption":"decolights"},"image":{"@id":"https:\/\/decolights.eu\/#\/schema\/logo\/image\/"}}]}},"jetpack_sharing_enabled":true,"_links":{"self":[{"href":"https:\/\/decolights.eu\/de\/wp-json\/wp\/v2\/product\/6311","targetHints":{"allow":["GET"]}}],"collection":[{"href":"https:\/\/decolights.eu\/de\/wp-json\/wp\/v2\/product"}],"about":[{"href":"https:\/\/decolights.eu\/de\/wp-json\/wp\/v2\/types\/product"}],"replies":[{"embeddable":true,"href":"https:\/\/decolights.eu\/de\/wp-json\/wp\/v2\/comments?post=6311"}],"wp:featuredmedia":[{"embeddable":true,"href":"https:\/\/decolights.eu\/de\/wp-json\/wp\/v2\/media\/6430"}],"wp:attachment":[{"href":"https:\/\/decolights.eu\/de\/wp-json\/wp\/v2\/media?parent=6311"}],"wp:term":[{"taxonomy":"product_brand","embeddable":true,"href":"https:\/\/decolights.eu\/de\/wp-json\/wp\/v2\/product_brand?post=6311"},{"taxonomy":"product_cat","embeddable":true,"href":"https:\/\/decolights.eu\/de\/wp-json\/wp\/v2\/product_cat?post=6311"},{"taxonomy":"product_tag","embeddable":true,"href":"https:\/\/decolights.eu\/de\/wp-json\/wp\/v2\/product_tag?post=6311"}],"curies":[{"name":"wp","href":"https:\/\/api.w.org\/{rel}","templated":true}]}}