{"id":6368,"date":"2023-04-01T04:44:31","date_gmt":"2023-04-01T04:44:31","guid":{"rendered":"https:\/\/decolights.eu\/?post_type=product&#038;p=6368"},"modified":"2023-04-16T16:07:33","modified_gmt":"2023-04-16T16:07:33","slug":"solar-decoration-fountain","status":"publish","type":"product","link":"https:\/\/decolights.eu\/de\/produkt-2\/solar-decoration-fountain\/","title":{"rendered":"Solar-Dekorationsbrunnen"},"content":{"rendered":"<p>Dieser Brunnen wird mit Solarenergie betrieben, die den mitgelieferten Akku aufl\u00e4dt, und eignet sich f\u00fcr Vogelb\u00e4der oder einen kleinen Teich. W\u00e4hlen Sie die gew\u00fcnschte D\u00fcse aus den f\u00fcnf verschiedenen Teilen. Die Pumpe befindet sich unten am Panelteil, und der Pumpenstecker wird in das Panel eingesteckt. Positionieren Sie den Brunnen so, dass das Pumpenteil vollst\u00e4ndig mit Wasser bedeckt ist und das Panel mit der D\u00fcse nach oben zeigt.<\/p>\n<p><strong>Beachten Sie, dass die Pumpe NICHT installiert werden sollte, bevor sie in das Vogelbad oder den Teich eingesetzt wird.<\/strong>Wenn die Sonne das Panel aufl\u00e4dt, beginnt das Wasser zu sprudeln. Bei Einbruch der Dunkelheit leuchtet der Brunnen zus\u00e4tzlich mit verschiedenfarbigen LED-Lichtern. Der Brunnen funktioniert nur, wenn die Sonne auf das Panel scheint.<\/p>\n<ul>\n<li><strong>Farbe:\u00a0<\/strong>Schwarz<\/li>\n<li><strong>LED-Farbe:<\/strong> RGB<\/li>\n<li><strong>Anzahl der LEDs:\u00a0<\/strong>4<\/li>\n<li><strong>Funktionen:\u00a0<\/strong>5<\/li>\n<li><strong>Gr\u00f6\u00dfe: <\/strong>16 (Breite) x 10 (H\u00f6he) x 16 (Tiefe) cm<\/li>\n<li><strong>IP-Bewertung: <\/strong>IP68<\/li>\n<li><strong>Energiequelle: <\/strong>Solar<\/li>\n<li><strong>Timer:\u00a0<\/strong>Im Dunkeln beleuchtet<\/li>\n<li><strong>Kabelmaterial:\u00a0<\/strong>PVC<\/li>\n<li><strong>CE-zertifiziert:\u00a0<\/strong>Ja<\/li>\n<li>3,7V DC 0,30W<\/li>\n<\/ul>","protected":false},"excerpt":{"rendered":"<p>This fountain is powered by solar energy that charges the included battery and is suitable for bird baths or a small pond. Select the nozzle you want, it comes with 5 different pieces, the pump is placed at the bottom of the panel part and finally the plug from the pump is inserted into the [&#8230;]\n","protected":false},"featured_media":6439,"comment_status":"open","ping_status":"closed","template":"","meta":[],"product_brand":[],"product_cat":[226,194,231,171],"product_tag":[],"class_list":{"0":"post-6368","1":"product","2":"type-product","3":"status-publish","4":"has-post-thumbnail","6":"product_cat-outdoor-lights","7":"product_cat-solar-decking-lights","8":"product_cat-solar-decking-lights-outdoor-lights","9":"product_cat-solar-lights","10":"pa_brand-deco","11":"pa_led-colour-warm-white","13":"first","14":"instock","15":"sale","16":"shipping-taxable","17":"purchasable","18":"product-type-simple"},"yoast_head":"<!-- This site is optimized with the Yoast SEO plugin v27.3 - https:\/\/yoast.com\/product\/yoast-seo-wordpress\/ -->\n<title>Solar Decoration Fountain - The best price guaranteed - Decolights.eu<\/title>\n<meta name=\"description\" content=\"Amazing solar decoration fountain is perfect for bird baths or a small pond. It has RGB LEDs and different functions. Buy now for the best price!\" \/>\n<meta name=\"robots\" content=\"index, follow, max-snippet:-1, max-image-preview:large, max-video-preview:-1\" \/>\n<link rel=\"canonical\" href=\"https:\/\/decolights.eu\/de\/produkt-2\/solar-decoration-fountain\/\" \/>\n<meta property=\"og:locale\" content=\"de_DE\" \/>\n<meta property=\"og:type\" content=\"article\" \/>\n<meta property=\"og:title\" content=\"Solar Decoration Fountain - The best price guaranteed - Decolights.eu\" \/>\n<meta property=\"og:description\" content=\"Amazing solar decoration fountain is perfect for bird baths or a small pond. It has RGB LEDs and different functions. Buy now for the best price!\" \/>\n<meta property=\"og:url\" content=\"https:\/\/decolights.eu\/de\/produkt-2\/solar-decoration-fountain\/\" \/>\n<meta property=\"og:site_name\" content=\"Decolights.eu\" \/>\n<meta property=\"article:modified_time\" content=\"2023-04-16T16:07:33+00:00\" \/>\n<meta property=\"og:image\" content=\"https:\/\/decolights.eu\/wp-content\/uploads\/2023\/04\/482-82_M2.png\" \/>\n\t<meta property=\"og:image:width\" content=\"600\" \/>\n\t<meta property=\"og:image:height\" content=\"600\" \/>\n\t<meta property=\"og:image:type\" content=\"image\/png\" \/>\n<meta name=\"twitter:card\" content=\"summary_large_image\" \/>\n<meta name=\"twitter:label1\" content=\"Gesch\u00e4tzte Lesezeit\" \/>\n\t<meta name=\"twitter:data1\" content=\"1\u00a0Minute\" \/>\n<script type=\"application\/ld+json\" class=\"yoast-schema-graph\">{\"@context\":\"https:\\\/\\\/schema.org\",\"@graph\":[{\"@type\":\"WebPage\",\"@id\":\"https:\\\/\\\/decolights.eu\\\/product\\\/solar-decoration-fountain\\\/\",\"url\":\"https:\\\/\\\/decolights.eu\\\/product\\\/solar-decoration-fountain\\\/\",\"name\":\"Solar Decoration Fountain - The best price guaranteed - Decolights.eu\",\"isPartOf\":{\"@id\":\"https:\\\/\\\/decolights.eu\\\/#website\"},\"primaryImageOfPage\":{\"@id\":\"https:\\\/\\\/decolights.eu\\\/product\\\/solar-decoration-fountain\\\/#primaryimage\"},\"image\":{\"@id\":\"https:\\\/\\\/decolights.eu\\\/product\\\/solar-decoration-fountain\\\/#primaryimage\"},\"thumbnailUrl\":\"https:\\\/\\\/decolights.eu\\\/wp-content\\\/uploads\\\/2023\\\/04\\\/482-82_M2.png\",\"datePublished\":\"2023-04-01T04:44:31+00:00\",\"dateModified\":\"2023-04-16T16:07:33+00:00\",\"description\":\"Amazing solar decoration fountain is perfect for bird baths or a small pond. It has RGB LEDs and different functions. Buy now for the best price!\",\"breadcrumb\":{\"@id\":\"https:\\\/\\\/decolights.eu\\\/product\\\/solar-decoration-fountain\\\/#breadcrumb\"},\"inLanguage\":\"de\",\"potentialAction\":[{\"@type\":\"ReadAction\",\"target\":[\"https:\\\/\\\/decolights.eu\\\/product\\\/solar-decoration-fountain\\\/\"]}]},{\"@type\":\"ImageObject\",\"inLanguage\":\"de\",\"@id\":\"https:\\\/\\\/decolights.eu\\\/product\\\/solar-decoration-fountain\\\/#primaryimage\",\"url\":\"https:\\\/\\\/decolights.eu\\\/wp-content\\\/uploads\\\/2023\\\/04\\\/482-82_M2.png\",\"contentUrl\":\"https:\\\/\\\/decolights.eu\\\/wp-content\\\/uploads\\\/2023\\\/04\\\/482-82_M2.png\",\"width\":600,\"height\":600},{\"@type\":\"BreadcrumbList\",\"@id\":\"https:\\\/\\\/decolights.eu\\\/product\\\/solar-decoration-fountain\\\/#breadcrumb\",\"itemListElement\":[{\"@type\":\"ListItem\",\"position\":1,\"name\":\"Shop\",\"item\":\"https:\\\/\\\/decolights.eu\\\/shop\\\/\"},{\"@type\":\"ListItem\",\"position\":2,\"name\":\"Solar Decoration Fountain\"}]},{\"@type\":\"WebSite\",\"@id\":\"https:\\\/\\\/decolights.eu\\\/#website\",\"url\":\"https:\\\/\\\/decolights.eu\\\/\",\"name\":\"decolights\",\"description\":\"Led Decorations for Home and Garden\",\"publisher\":{\"@id\":\"https:\\\/\\\/decolights.eu\\\/#organization\"},\"alternateName\":\"decolights.eu\",\"potentialAction\":[{\"@type\":\"SearchAction\",\"target\":{\"@type\":\"EntryPoint\",\"urlTemplate\":\"https:\\\/\\\/decolights.eu\\\/?s={search_term_string}\"},\"query-input\":{\"@type\":\"PropertyValueSpecification\",\"valueRequired\":true,\"valueName\":\"search_term_string\"}}],\"inLanguage\":\"de\"},{\"@type\":\"Organization\",\"@id\":\"https:\\\/\\\/decolights.eu\\\/#organization\",\"name\":\"decolights\",\"url\":\"https:\\\/\\\/decolights.eu\\\/\",\"logo\":{\"@type\":\"ImageObject\",\"inLanguage\":\"de\",\"@id\":\"https:\\\/\\\/decolights.eu\\\/#\\\/schema\\\/logo\\\/image\\\/\",\"url\":\"https:\\\/\\\/decolights.eu\\\/wp-content\\\/uploads\\\/2023\\\/07\\\/cropped-decolight-siteicon.png\",\"contentUrl\":\"https:\\\/\\\/decolights.eu\\\/wp-content\\\/uploads\\\/2023\\\/07\\\/cropped-decolight-siteicon.png\",\"width\":512,\"height\":512,\"caption\":\"decolights\"},\"image\":{\"@id\":\"https:\\\/\\\/decolights.eu\\\/#\\\/schema\\\/logo\\\/image\\\/\"}}]}<\/script>\n<!-- \/ Yoast SEO plugin. -->","yoast_head_json":{"title":"Solar Dekobrunnen - Bestpreisgarantie - Decolights.eu","description":"Dieser wundersch\u00f6ne Solar-Dekobrunnen eignet sich perfekt f\u00fcr Vogelb\u00e4der oder einen kleinen Teich. Er verf\u00fcgt \u00fcber RGB-LEDs und verschiedene Funktionen. Jetzt zum besten Preis kaufen!","robots":{"index":"index","follow":"follow","max-snippet":"max-snippet:-1","max-image-preview":"max-image-preview:large","max-video-preview":"max-video-preview:-1"},"canonical":"https:\/\/decolights.eu\/de\/produkt-2\/solar-decoration-fountain\/","og_locale":"de_DE","og_type":"article","og_title":"Solar Decoration Fountain - The best price guaranteed - Decolights.eu","og_description":"Amazing solar decoration fountain is perfect for bird baths or a small pond. It has RGB LEDs and different functions. Buy now for the best price!","og_url":"https:\/\/decolights.eu\/de\/produkt-2\/solar-decoration-fountain\/","og_site_name":"Decolights.eu","article_modified_time":"2023-04-16T16:07:33+00:00","og_image":[{"url":"https:\/\/decolights.eu\/wp-content\/uploads\/2023\/04\/482-82_M2.png","width":600,"height":600,"type":"image\/png"}],"twitter_card":"summary_large_image","twitter_misc":{"Gesch\u00e4tzte Lesezeit":"1\u00a0Minute"},"schema":{"@context":"https:\/\/schema.org","@graph":[{"@type":"WebPage","@id":"https:\/\/decolights.eu\/product\/solar-decoration-fountain\/","url":"https:\/\/decolights.eu\/product\/solar-decoration-fountain\/","name":"Solar Dekobrunnen - Bestpreisgarantie - Decolights.eu","isPartOf":{"@id":"https:\/\/decolights.eu\/#website"},"primaryImageOfPage":{"@id":"https:\/\/decolights.eu\/product\/solar-decoration-fountain\/#primaryimage"},"image":{"@id":"https:\/\/decolights.eu\/product\/solar-decoration-fountain\/#primaryimage"},"thumbnailUrl":"https:\/\/decolights.eu\/wp-content\/uploads\/2023\/04\/482-82_M2.png","datePublished":"2023-04-01T04:44:31+00:00","dateModified":"2023-04-16T16:07:33+00:00","description":"Dieser wundersch\u00f6ne Solar-Dekobrunnen eignet sich perfekt f\u00fcr Vogelb\u00e4der oder einen kleinen Teich. Er verf\u00fcgt \u00fcber RGB-LEDs und verschiedene Funktionen. Jetzt zum besten Preis kaufen!","breadcrumb":{"@id":"https:\/\/decolights.eu\/product\/solar-decoration-fountain\/#breadcrumb"},"inLanguage":"de","potentialAction":[{"@type":"ReadAction","target":["https:\/\/decolights.eu\/product\/solar-decoration-fountain\/"]}]},{"@type":"ImageObject","inLanguage":"de","@id":"https:\/\/decolights.eu\/product\/solar-decoration-fountain\/#primaryimage","url":"https:\/\/decolights.eu\/wp-content\/uploads\/2023\/04\/482-82_M2.png","contentUrl":"https:\/\/decolights.eu\/wp-content\/uploads\/2023\/04\/482-82_M2.png","width":600,"height":600},{"@type":"BreadcrumbList","@id":"https:\/\/decolights.eu\/product\/solar-decoration-fountain\/#breadcrumb","itemListElement":[{"@type":"ListItem","position":1,"name":"Shop","item":"https:\/\/decolights.eu\/shop\/"},{"@type":"ListItem","position":2,"name":"Solar Decoration Fountain"}]},{"@type":"WebSite","@id":"https:\/\/decolights.eu\/#website","url":"https:\/\/decolights.eu\/","name":"Dekolichter","description":"LED-Dekorationen f\u00fcr Haus und Garten","publisher":{"@id":"https:\/\/decolights.eu\/#organization"},"alternateName":"decolights.eu","potentialAction":[{"@type":"SearchAction","target":{"@type":"EntryPoint","urlTemplate":"https:\/\/decolights.eu\/?s={search_term_string}"},"query-input":{"@type":"PropertyValueSpecification","valueRequired":true,"valueName":"search_term_string"}}],"inLanguage":"de"},{"@type":"Organization","@id":"https:\/\/decolights.eu\/#organization","name":"Dekolichter","url":"https:\/\/decolights.eu\/","logo":{"@type":"ImageObject","inLanguage":"de","@id":"https:\/\/decolights.eu\/#\/schema\/logo\/image\/","url":"https:\/\/decolights.eu\/wp-content\/uploads\/2023\/07\/cropped-decolight-siteicon.png","contentUrl":"https:\/\/decolights.eu\/wp-content\/uploads\/2023\/07\/cropped-decolight-siteicon.png","width":512,"height":512,"caption":"decolights"},"image":{"@id":"https:\/\/decolights.eu\/#\/schema\/logo\/image\/"}}]}},"jetpack_sharing_enabled":true,"_links":{"self":[{"href":"https:\/\/decolights.eu\/de\/wp-json\/wp\/v2\/product\/6368","targetHints":{"allow":["GET"]}}],"collection":[{"href":"https:\/\/decolights.eu\/de\/wp-json\/wp\/v2\/product"}],"about":[{"href":"https:\/\/decolights.eu\/de\/wp-json\/wp\/v2\/types\/product"}],"replies":[{"embeddable":true,"href":"https:\/\/decolights.eu\/de\/wp-json\/wp\/v2\/comments?post=6368"}],"wp:featuredmedia":[{"embeddable":true,"href":"https:\/\/decolights.eu\/de\/wp-json\/wp\/v2\/media\/6439"}],"wp:attachment":[{"href":"https:\/\/decolights.eu\/de\/wp-json\/wp\/v2\/media?parent=6368"}],"wp:term":[{"taxonomy":"product_brand","embeddable":true,"href":"https:\/\/decolights.eu\/de\/wp-json\/wp\/v2\/product_brand?post=6368"},{"taxonomy":"product_cat","embeddable":true,"href":"https:\/\/decolights.eu\/de\/wp-json\/wp\/v2\/product_cat?post=6368"},{"taxonomy":"product_tag","embeddable":true,"href":"https:\/\/decolights.eu\/de\/wp-json\/wp\/v2\/product_tag?post=6368"}],"curies":[{"name":"wp","href":"https:\/\/api.w.org\/{rel}","templated":true}]}}