{"id":6373,"date":"2023-04-01T04:44:31","date_gmt":"2023-04-01T04:44:31","guid":{"rendered":"https:\/\/decolights.eu\/?post_type=product&#038;p=6373"},"modified":"2023-04-16T14:25:54","modified_gmt":"2023-04-16T14:25:54","slug":"led-lantern-rgbww","status":"publish","type":"product","link":"https:\/\/decolights.eu\/de\/produkt-2\/led-lantern-rgbww\/","title":{"rendered":"LED-Laterne RGB+WW"},"content":{"rendered":"<p>Sch\u00f6ne tragbare Laterne mit mehreren Farboptionen, Warmwei\u00df oder RGB. W\u00e4hlen Sie die gew\u00fcnschte Farbe aus, indem Sie auf die Schaltfl\u00e4che unten klicken. 3 Sekunden lang dr\u00fccken, um die Laterne auszuschalten. Wiederaufladbarer Akku, den Sie mit dem angeschlossenen Adapter aufladen. Sowohl f\u00fcr den Innen- als auch f\u00fcr den Au\u00dfenbereich geeignet. Leicht zu transportieren und sorgt f\u00fcr angenehme Zusatzbeleuchtung an sch\u00f6nen Sommerabenden im Garten, auf dem Balkon oder am Strand.<\/p>\n<ul>\n<li><strong>Farbe:\u00a0<\/strong>Weiss<\/li>\n<li><strong>LED-Farbe:<\/strong> RGB+WW (Warmwei\u00df)<\/li>\n<li><strong>Gr\u00f6\u00dfe: <\/strong>12 (Breite) x 26 (H\u00f6he) x 10 (Tiefe) CM<\/li>\n<li><strong>IP-Bewertung: <\/strong>IP44<\/li>\n<li><strong>Energiequelle:\u00a0<\/strong>USB (USB-Adapter ist nicht im Lieferumfang enthalten)<\/li>\n<li><strong>Batterieinfo:<\/strong> 1 Akku 18650Li-IonRechargeable im Lieferumfang enthalten<\/li>\n<li><strong>Kabelmaterial:\u00a0<\/strong>PVC<\/li>\n<li><strong>CE-zertifiziert:\u00a0<\/strong>Ja<\/li>\n<li>3,7V DC<\/li>\n<\/ul>\n<p><iframe loading=\"lazy\" title=\"803-59\" width=\"1020\" height=\"574\" src=\"https:\/\/www.youtube.com\/embed\/ufXtUV6611o?feature=oembed\" frameborder=\"0\" allow=\"accelerometer; autoplay; clipboard-write; encrypted-media; gyroscope; picture-in-picture; web-share\" allowfullscreen><\/iframe><\/p>","protected":false},"excerpt":{"rendered":"<p>Nice portable Lantern with multi colour choices, warm white or RGB. Choose which colour you want by pushing the button at the bottom. Push for 3 seconds to turn the lantern off. Rechargeable battery that you charge with attached adapter. For both indoor and outdoor use. Easy to carry around and provides pleasant additional lighting [&#8230;]\n","protected":false},"featured_media":6478,"comment_status":"open","ping_status":"closed","template":"","meta":[],"product_brand":[],"product_cat":[218,214,226,230],"product_tag":[],"class_list":{"0":"post-6373","1":"product","2":"type-product","3":"status-publish","4":"has-post-thumbnail","6":"product_cat-decorative-led-lights","7":"product_cat-indoor-lights","8":"product_cat-outdoor-lights","9":"product_cat-patio-lights","10":"pa_brand-deco","11":"pa_led-colour-multi-coloured","12":"pa_led-colour-warm-white","14":"first","15":"instock","16":"sale","17":"shipping-taxable","18":"purchasable","19":"product-type-simple"},"yoast_head":"<!-- This site is optimized with the Yoast SEO plugin v27.3 - https:\/\/yoast.com\/product\/yoast-seo-wordpress\/ -->\n<title>LED Lantern RGB+WW - Decolights.eu<\/title>\n<meta name=\"description\" content=\"Nice portable Lantern with RGB or warm white choices. Easy to carry around. Buy now for the best price and enjoy light of the lantern in the evenings.\" \/>\n<meta name=\"robots\" content=\"index, follow, max-snippet:-1, max-image-preview:large, max-video-preview:-1\" \/>\n<link rel=\"canonical\" href=\"https:\/\/decolights.eu\/de\/produkt-2\/led-lantern-rgbww\/\" \/>\n<meta property=\"og:locale\" content=\"de_DE\" \/>\n<meta property=\"og:type\" content=\"article\" \/>\n<meta property=\"og:title\" content=\"LED Lantern RGB+WW - Decolights.eu\" \/>\n<meta property=\"og:description\" content=\"Nice portable Lantern with RGB or warm white choices. Easy to carry around. Buy now for the best price and enjoy light of the lantern in the evenings.\" \/>\n<meta property=\"og:url\" content=\"https:\/\/decolights.eu\/de\/produkt-2\/led-lantern-rgbww\/\" \/>\n<meta property=\"og:site_name\" content=\"Decolights.eu\" \/>\n<meta property=\"article:modified_time\" content=\"2023-04-16T14:25:54+00:00\" \/>\n<meta property=\"og:image\" content=\"https:\/\/decolights.eu\/wp-content\/uploads\/2023\/04\/803-59_M2.png\" \/>\n\t<meta property=\"og:image:width\" content=\"602\" \/>\n\t<meta property=\"og:image:height\" content=\"600\" \/>\n\t<meta property=\"og:image:type\" content=\"image\/png\" \/>\n<meta name=\"twitter:card\" content=\"summary_large_image\" \/>\n<meta name=\"twitter:label1\" content=\"Gesch\u00e4tzte Lesezeit\" \/>\n\t<meta name=\"twitter:data1\" content=\"1\u00a0Minute\" \/>\n<script type=\"application\/ld+json\" class=\"yoast-schema-graph\">{\"@context\":\"https:\\\/\\\/schema.org\",\"@graph\":[{\"@type\":\"WebPage\",\"@id\":\"https:\\\/\\\/decolights.eu\\\/product\\\/led-lantern-rgbww\\\/\",\"url\":\"https:\\\/\\\/decolights.eu\\\/product\\\/led-lantern-rgbww\\\/\",\"name\":\"LED Lantern RGB+WW - Decolights.eu\",\"isPartOf\":{\"@id\":\"https:\\\/\\\/decolights.eu\\\/#website\"},\"primaryImageOfPage\":{\"@id\":\"https:\\\/\\\/decolights.eu\\\/product\\\/led-lantern-rgbww\\\/#primaryimage\"},\"image\":{\"@id\":\"https:\\\/\\\/decolights.eu\\\/product\\\/led-lantern-rgbww\\\/#primaryimage\"},\"thumbnailUrl\":\"https:\\\/\\\/decolights.eu\\\/wp-content\\\/uploads\\\/2023\\\/04\\\/803-59_M2.png\",\"datePublished\":\"2023-04-01T04:44:31+00:00\",\"dateModified\":\"2023-04-16T14:25:54+00:00\",\"description\":\"Nice portable Lantern with RGB or warm white choices. Easy to carry around. Buy now for the best price and enjoy light of the lantern in the evenings.\",\"breadcrumb\":{\"@id\":\"https:\\\/\\\/decolights.eu\\\/product\\\/led-lantern-rgbww\\\/#breadcrumb\"},\"inLanguage\":\"de\",\"potentialAction\":[{\"@type\":\"ReadAction\",\"target\":[\"https:\\\/\\\/decolights.eu\\\/product\\\/led-lantern-rgbww\\\/\"]}]},{\"@type\":\"ImageObject\",\"inLanguage\":\"de\",\"@id\":\"https:\\\/\\\/decolights.eu\\\/product\\\/led-lantern-rgbww\\\/#primaryimage\",\"url\":\"https:\\\/\\\/decolights.eu\\\/wp-content\\\/uploads\\\/2023\\\/04\\\/803-59_M2.png\",\"contentUrl\":\"https:\\\/\\\/decolights.eu\\\/wp-content\\\/uploads\\\/2023\\\/04\\\/803-59_M2.png\",\"width\":602,\"height\":600},{\"@type\":\"BreadcrumbList\",\"@id\":\"https:\\\/\\\/decolights.eu\\\/product\\\/led-lantern-rgbww\\\/#breadcrumb\",\"itemListElement\":[{\"@type\":\"ListItem\",\"position\":1,\"name\":\"Shop\",\"item\":\"https:\\\/\\\/decolights.eu\\\/shop\\\/\"},{\"@type\":\"ListItem\",\"position\":2,\"name\":\"LED Lantern RGB+WW\"}]},{\"@type\":\"WebSite\",\"@id\":\"https:\\\/\\\/decolights.eu\\\/#website\",\"url\":\"https:\\\/\\\/decolights.eu\\\/\",\"name\":\"decolights\",\"description\":\"Led Decorations for Home and Garden\",\"publisher\":{\"@id\":\"https:\\\/\\\/decolights.eu\\\/#organization\"},\"alternateName\":\"decolights.eu\",\"potentialAction\":[{\"@type\":\"SearchAction\",\"target\":{\"@type\":\"EntryPoint\",\"urlTemplate\":\"https:\\\/\\\/decolights.eu\\\/?s={search_term_string}\"},\"query-input\":{\"@type\":\"PropertyValueSpecification\",\"valueRequired\":true,\"valueName\":\"search_term_string\"}}],\"inLanguage\":\"de\"},{\"@type\":\"Organization\",\"@id\":\"https:\\\/\\\/decolights.eu\\\/#organization\",\"name\":\"decolights\",\"url\":\"https:\\\/\\\/decolights.eu\\\/\",\"logo\":{\"@type\":\"ImageObject\",\"inLanguage\":\"de\",\"@id\":\"https:\\\/\\\/decolights.eu\\\/#\\\/schema\\\/logo\\\/image\\\/\",\"url\":\"https:\\\/\\\/decolights.eu\\\/wp-content\\\/uploads\\\/2023\\\/07\\\/cropped-decolight-siteicon.png\",\"contentUrl\":\"https:\\\/\\\/decolights.eu\\\/wp-content\\\/uploads\\\/2023\\\/07\\\/cropped-decolight-siteicon.png\",\"width\":512,\"height\":512,\"caption\":\"decolights\"},\"image\":{\"@id\":\"https:\\\/\\\/decolights.eu\\\/#\\\/schema\\\/logo\\\/image\\\/\"}}]}<\/script>\n<!-- \/ Yoast SEO plugin. -->","yoast_head_json":{"title":"LED-Laterne RGB+WW - Decolights.eu","description":"Sch\u00f6ne tragbare Laterne mit RGB- oder Warmwei\u00df-Auswahl. Leicht zu transportieren. Kaufen Sie jetzt zum besten Preis und genie\u00dfen Sie abends das Licht der Laterne.","robots":{"index":"index","follow":"follow","max-snippet":"max-snippet:-1","max-image-preview":"max-image-preview:large","max-video-preview":"max-video-preview:-1"},"canonical":"https:\/\/decolights.eu\/de\/produkt-2\/led-lantern-rgbww\/","og_locale":"de_DE","og_type":"article","og_title":"LED Lantern RGB+WW - Decolights.eu","og_description":"Nice portable Lantern with RGB or warm white choices. Easy to carry around. Buy now for the best price and enjoy light of the lantern in the evenings.","og_url":"https:\/\/decolights.eu\/de\/produkt-2\/led-lantern-rgbww\/","og_site_name":"Decolights.eu","article_modified_time":"2023-04-16T14:25:54+00:00","og_image":[{"width":602,"height":600,"url":"https:\/\/decolights.eu\/wp-content\/uploads\/2023\/04\/803-59_M2.png","type":"image\/png"}],"twitter_card":"summary_large_image","twitter_misc":{"Gesch\u00e4tzte Lesezeit":"1\u00a0Minute"},"schema":{"@context":"https:\/\/schema.org","@graph":[{"@type":"WebPage","@id":"https:\/\/decolights.eu\/product\/led-lantern-rgbww\/","url":"https:\/\/decolights.eu\/product\/led-lantern-rgbww\/","name":"LED-Laterne RGB+WW - Decolights.eu","isPartOf":{"@id":"https:\/\/decolights.eu\/#website"},"primaryImageOfPage":{"@id":"https:\/\/decolights.eu\/product\/led-lantern-rgbww\/#primaryimage"},"image":{"@id":"https:\/\/decolights.eu\/product\/led-lantern-rgbww\/#primaryimage"},"thumbnailUrl":"https:\/\/decolights.eu\/wp-content\/uploads\/2023\/04\/803-59_M2.png","datePublished":"2023-04-01T04:44:31+00:00","dateModified":"2023-04-16T14:25:54+00:00","description":"Sch\u00f6ne tragbare Laterne mit RGB- oder Warmwei\u00df-Auswahl. Leicht zu transportieren. Kaufen Sie jetzt zum besten Preis und genie\u00dfen Sie abends das Licht der Laterne.","breadcrumb":{"@id":"https:\/\/decolights.eu\/product\/led-lantern-rgbww\/#breadcrumb"},"inLanguage":"de","potentialAction":[{"@type":"ReadAction","target":["https:\/\/decolights.eu\/product\/led-lantern-rgbww\/"]}]},{"@type":"ImageObject","inLanguage":"de","@id":"https:\/\/decolights.eu\/product\/led-lantern-rgbww\/#primaryimage","url":"https:\/\/decolights.eu\/wp-content\/uploads\/2023\/04\/803-59_M2.png","contentUrl":"https:\/\/decolights.eu\/wp-content\/uploads\/2023\/04\/803-59_M2.png","width":602,"height":600},{"@type":"BreadcrumbList","@id":"https:\/\/decolights.eu\/product\/led-lantern-rgbww\/#breadcrumb","itemListElement":[{"@type":"ListItem","position":1,"name":"Shop","item":"https:\/\/decolights.eu\/shop\/"},{"@type":"ListItem","position":2,"name":"LED Lantern RGB+WW"}]},{"@type":"WebSite","@id":"https:\/\/decolights.eu\/#website","url":"https:\/\/decolights.eu\/","name":"Dekolichter","description":"LED-Dekorationen f\u00fcr Haus und Garten","publisher":{"@id":"https:\/\/decolights.eu\/#organization"},"alternateName":"decolights.eu","potentialAction":[{"@type":"SearchAction","target":{"@type":"EntryPoint","urlTemplate":"https:\/\/decolights.eu\/?s={search_term_string}"},"query-input":{"@type":"PropertyValueSpecification","valueRequired":true,"valueName":"search_term_string"}}],"inLanguage":"de"},{"@type":"Organization","@id":"https:\/\/decolights.eu\/#organization","name":"Dekolichter","url":"https:\/\/decolights.eu\/","logo":{"@type":"ImageObject","inLanguage":"de","@id":"https:\/\/decolights.eu\/#\/schema\/logo\/image\/","url":"https:\/\/decolights.eu\/wp-content\/uploads\/2023\/07\/cropped-decolight-siteicon.png","contentUrl":"https:\/\/decolights.eu\/wp-content\/uploads\/2023\/07\/cropped-decolight-siteicon.png","width":512,"height":512,"caption":"decolights"},"image":{"@id":"https:\/\/decolights.eu\/#\/schema\/logo\/image\/"}}]}},"jetpack_sharing_enabled":true,"_links":{"self":[{"href":"https:\/\/decolights.eu\/de\/wp-json\/wp\/v2\/product\/6373","targetHints":{"allow":["GET"]}}],"collection":[{"href":"https:\/\/decolights.eu\/de\/wp-json\/wp\/v2\/product"}],"about":[{"href":"https:\/\/decolights.eu\/de\/wp-json\/wp\/v2\/types\/product"}],"replies":[{"embeddable":true,"href":"https:\/\/decolights.eu\/de\/wp-json\/wp\/v2\/comments?post=6373"}],"wp:featuredmedia":[{"embeddable":true,"href":"https:\/\/decolights.eu\/de\/wp-json\/wp\/v2\/media\/6478"}],"wp:attachment":[{"href":"https:\/\/decolights.eu\/de\/wp-json\/wp\/v2\/media?parent=6373"}],"wp:term":[{"taxonomy":"product_brand","embeddable":true,"href":"https:\/\/decolights.eu\/de\/wp-json\/wp\/v2\/product_brand?post=6373"},{"taxonomy":"product_cat","embeddable":true,"href":"https:\/\/decolights.eu\/de\/wp-json\/wp\/v2\/product_cat?post=6373"},{"taxonomy":"product_tag","embeddable":true,"href":"https:\/\/decolights.eu\/de\/wp-json\/wp\/v2\/product_tag?post=6373"}],"curies":[{"name":"wp","href":"https:\/\/api.w.org\/{rel}","templated":true}]}}