{"id":6374,"date":"2023-04-01T04:44:31","date_gmt":"2023-04-01T04:44:31","guid":{"rendered":"https:\/\/decolights.eu\/?post_type=product&#038;p=6374"},"modified":"2023-04-16T15:56:39","modified_gmt":"2023-04-16T15:56:39","slug":"garland-cherry-flower","status":"publish","type":"product","link":"https:\/\/decolights.eu\/de\/produkt-2\/garland-cherry-flower\/","title":{"rendered":"Girlande Kirschbl\u00fcte"},"content":{"rendered":"<p>Dekorative Girlande mit k\u00fcnstlichen Kirschbl\u00fcten in zartem Rosa f\u00fcr den Innenbereich. Eine d\u00fcnne Lichterkette mit 48 warmwei\u00dfen Lichtpunkten um die Bl\u00fcten gewickelt. Eine sch\u00f6ne Dekoration f\u00fcr Zuhause, zum Beispiel f\u00fcr Tischdekorationen.<\/p>\n<ul>\n<li dir=\"ltr\" data-placeholder=\"Translation\"><strong>LED-Lichtfarbe:<\/strong> Warmwei\u00df<\/li>\n<li dir=\"ltr\" data-placeholder=\"Translation\"><strong>Anzahl der LEDs: <\/strong>48LED<\/li>\n<li dir=\"ltr\" data-placeholder=\"Translation\"><strong>Kabelfarbe:\u00a0<\/strong>braun<\/li>\n<li dir=\"ltr\" data-placeholder=\"Translation\"><strong>Gr\u00f6\u00dfe:<\/strong> 6 x 180CM<\/li>\n<li dir=\"ltr\" data-placeholder=\"Translation\"><strong>L\u00e4nge des Stromkabels:<\/strong> 30CM<\/li>\n<li dir=\"ltr\" data-placeholder=\"Translation\"><strong>Abstand zwischen den Gl\u00fchbirnen:<\/strong> 15 cm<\/li>\n<li dir=\"ltr\" data-placeholder=\"Translation\"><strong>Energiequelle:<\/strong> 3 x AA-Batterien (nicht im Lieferumfang enthalten)<\/li>\n<li dir=\"ltr\" data-placeholder=\"Translation\"><strong>Timer:<\/strong> 6 Stunden an\/18 Stunden aus, wiederholen<\/li>\n<li dir=\"ltr\" data-placeholder=\"Translation\"><strong>IP-Bewertung<\/strong>: IP20<\/li>\n<li dir=\"ltr\" data-placeholder=\"Translation\"><strong>Anschlie\u00dfbar:\u00a0<\/strong>NEIN<\/li>\n<li dir=\"ltr\" data-placeholder=\"Translation\"><strong>Kabelmaterial:\u00a0<\/strong>PVC<\/li>\n<li dir=\"ltr\" data-placeholder=\"Translation\"><strong>CE-zertifiziert:<\/strong> Ja<\/li>\n<li dir=\"ltr\" data-placeholder=\"Translation\">4,5V DC<\/li>\n<\/ul>","protected":false},"excerpt":{"rendered":"<p>Decorative garland with artificial cherry blossoms in sheer pink for indoor use. Thin light chain with 48 warm white light points wrapped around the flowers. A beautiful decoration for the home, for example for table settings. LED Light Colour: warm white Number of LEDs: 48LED Cable colour:\u00a0brown Size: 6 x 180CM Power lead cable length: [&#8230;]\n","protected":false},"featured_media":6487,"comment_status":"open","ping_status":"closed","template":"","meta":[],"product_brand":[],"product_cat":[218,214],"product_tag":[],"class_list":{"0":"post-6374","1":"product","2":"type-product","3":"status-publish","4":"has-post-thumbnail","6":"product_cat-decorative-led-lights","7":"product_cat-indoor-lights","8":"pa_brand-deco","9":"pa_led-colour-warm-white","11":"first","12":"instock","13":"sale","14":"shipping-taxable","15":"purchasable","16":"product-type-simple"},"yoast_head":"<!-- This site is optimized with the Yoast SEO plugin v27.3 - https:\/\/yoast.com\/product\/yoast-seo-wordpress\/ -->\n<title>Garland Cherry flower - Decolights.eu<\/title>\n<meta name=\"description\" content=\"Decorative cherry flower garland is a perfect decoration for table or patio. Enjoy the warm white glow and amazing ambience. Do not hesitate, buy now!\" \/>\n<meta name=\"robots\" content=\"index, follow, max-snippet:-1, max-image-preview:large, max-video-preview:-1\" \/>\n<link rel=\"canonical\" href=\"https:\/\/decolights.eu\/de\/produkt-2\/garland-cherry-flower\/\" \/>\n<meta property=\"og:locale\" content=\"de_DE\" \/>\n<meta property=\"og:type\" content=\"article\" \/>\n<meta property=\"og:title\" content=\"Garland Cherry flower - Decolights.eu\" \/>\n<meta property=\"og:description\" content=\"Decorative cherry flower garland is a perfect decoration for table or patio. Enjoy the warm white glow and amazing ambience. Do not hesitate, buy now!\" \/>\n<meta property=\"og:url\" content=\"https:\/\/decolights.eu\/de\/produkt-2\/garland-cherry-flower\/\" \/>\n<meta property=\"og:site_name\" content=\"Decolights.eu\" \/>\n<meta property=\"article:modified_time\" content=\"2023-04-16T15:56:39+00:00\" \/>\n<meta property=\"og:image\" content=\"https:\/\/decolights.eu\/wp-content\/uploads\/2023\/04\/581-33_M2.png\" \/>\n\t<meta property=\"og:image:width\" content=\"600\" \/>\n\t<meta property=\"og:image:height\" content=\"602\" \/>\n\t<meta property=\"og:image:type\" content=\"image\/png\" \/>\n<meta name=\"twitter:card\" content=\"summary_large_image\" \/>\n<meta name=\"twitter:label1\" content=\"Gesch\u00e4tzte Lesezeit\" \/>\n\t<meta name=\"twitter:data1\" content=\"1\u00a0Minute\" \/>\n<script type=\"application\/ld+json\" class=\"yoast-schema-graph\">{\"@context\":\"https:\\\/\\\/schema.org\",\"@graph\":[{\"@type\":\"WebPage\",\"@id\":\"https:\\\/\\\/decolights.eu\\\/product\\\/garland-cherry-flower\\\/\",\"url\":\"https:\\\/\\\/decolights.eu\\\/product\\\/garland-cherry-flower\\\/\",\"name\":\"Garland Cherry flower - Decolights.eu\",\"isPartOf\":{\"@id\":\"https:\\\/\\\/decolights.eu\\\/#website\"},\"primaryImageOfPage\":{\"@id\":\"https:\\\/\\\/decolights.eu\\\/product\\\/garland-cherry-flower\\\/#primaryimage\"},\"image\":{\"@id\":\"https:\\\/\\\/decolights.eu\\\/product\\\/garland-cherry-flower\\\/#primaryimage\"},\"thumbnailUrl\":\"https:\\\/\\\/decolights.eu\\\/wp-content\\\/uploads\\\/2023\\\/04\\\/581-33_M2.png\",\"datePublished\":\"2023-04-01T04:44:31+00:00\",\"dateModified\":\"2023-04-16T15:56:39+00:00\",\"description\":\"Decorative cherry flower garland is a perfect decoration for table or patio. Enjoy the warm white glow and amazing ambience. Do not hesitate, buy now!\",\"breadcrumb\":{\"@id\":\"https:\\\/\\\/decolights.eu\\\/product\\\/garland-cherry-flower\\\/#breadcrumb\"},\"inLanguage\":\"de\",\"potentialAction\":[{\"@type\":\"ReadAction\",\"target\":[\"https:\\\/\\\/decolights.eu\\\/product\\\/garland-cherry-flower\\\/\"]}]},{\"@type\":\"ImageObject\",\"inLanguage\":\"de\",\"@id\":\"https:\\\/\\\/decolights.eu\\\/product\\\/garland-cherry-flower\\\/#primaryimage\",\"url\":\"https:\\\/\\\/decolights.eu\\\/wp-content\\\/uploads\\\/2023\\\/04\\\/581-33_M2.png\",\"contentUrl\":\"https:\\\/\\\/decolights.eu\\\/wp-content\\\/uploads\\\/2023\\\/04\\\/581-33_M2.png\",\"width\":600,\"height\":602},{\"@type\":\"BreadcrumbList\",\"@id\":\"https:\\\/\\\/decolights.eu\\\/product\\\/garland-cherry-flower\\\/#breadcrumb\",\"itemListElement\":[{\"@type\":\"ListItem\",\"position\":1,\"name\":\"Shop\",\"item\":\"https:\\\/\\\/decolights.eu\\\/shop\\\/\"},{\"@type\":\"ListItem\",\"position\":2,\"name\":\"Garland Cherry flower\"}]},{\"@type\":\"WebSite\",\"@id\":\"https:\\\/\\\/decolights.eu\\\/#website\",\"url\":\"https:\\\/\\\/decolights.eu\\\/\",\"name\":\"decolights\",\"description\":\"Led Decorations for Home and Garden\",\"publisher\":{\"@id\":\"https:\\\/\\\/decolights.eu\\\/#organization\"},\"alternateName\":\"decolights.eu\",\"potentialAction\":[{\"@type\":\"SearchAction\",\"target\":{\"@type\":\"EntryPoint\",\"urlTemplate\":\"https:\\\/\\\/decolights.eu\\\/?s={search_term_string}\"},\"query-input\":{\"@type\":\"PropertyValueSpecification\",\"valueRequired\":true,\"valueName\":\"search_term_string\"}}],\"inLanguage\":\"de\"},{\"@type\":\"Organization\",\"@id\":\"https:\\\/\\\/decolights.eu\\\/#organization\",\"name\":\"decolights\",\"url\":\"https:\\\/\\\/decolights.eu\\\/\",\"logo\":{\"@type\":\"ImageObject\",\"inLanguage\":\"de\",\"@id\":\"https:\\\/\\\/decolights.eu\\\/#\\\/schema\\\/logo\\\/image\\\/\",\"url\":\"https:\\\/\\\/decolights.eu\\\/wp-content\\\/uploads\\\/2023\\\/07\\\/cropped-decolight-siteicon.png\",\"contentUrl\":\"https:\\\/\\\/decolights.eu\\\/wp-content\\\/uploads\\\/2023\\\/07\\\/cropped-decolight-siteicon.png\",\"width\":512,\"height\":512,\"caption\":\"decolights\"},\"image\":{\"@id\":\"https:\\\/\\\/decolights.eu\\\/#\\\/schema\\\/logo\\\/image\\\/\"}}]}<\/script>\n<!-- \/ Yoast SEO plugin. -->","yoast_head_json":{"title":"Girlande Kirschbl\u00fcte - Decolights.eu","description":"Die dekorative Kirschbl\u00fctengirlande ist eine perfekte Dekoration f\u00fcr Tisch oder Terrasse. Genie\u00dfen Sie das warmwei\u00dfe Leuchten und die tolle Atmosph\u00e4re. Z\u00f6gern Sie nicht und kaufen Sie jetzt!","robots":{"index":"index","follow":"follow","max-snippet":"max-snippet:-1","max-image-preview":"max-image-preview:large","max-video-preview":"max-video-preview:-1"},"canonical":"https:\/\/decolights.eu\/de\/produkt-2\/garland-cherry-flower\/","og_locale":"de_DE","og_type":"article","og_title":"Garland Cherry flower - Decolights.eu","og_description":"Decorative cherry flower garland is a perfect decoration for table or patio. Enjoy the warm white glow and amazing ambience. Do not hesitate, buy now!","og_url":"https:\/\/decolights.eu\/de\/produkt-2\/garland-cherry-flower\/","og_site_name":"Decolights.eu","article_modified_time":"2023-04-16T15:56:39+00:00","og_image":[{"width":600,"height":602,"url":"https:\/\/decolights.eu\/wp-content\/uploads\/2023\/04\/581-33_M2.png","type":"image\/png"}],"twitter_card":"summary_large_image","twitter_misc":{"Gesch\u00e4tzte Lesezeit":"1\u00a0Minute"},"schema":{"@context":"https:\/\/schema.org","@graph":[{"@type":"WebPage","@id":"https:\/\/decolights.eu\/product\/garland-cherry-flower\/","url":"https:\/\/decolights.eu\/product\/garland-cherry-flower\/","name":"Girlande Kirschbl\u00fcte - Decolights.eu","isPartOf":{"@id":"https:\/\/decolights.eu\/#website"},"primaryImageOfPage":{"@id":"https:\/\/decolights.eu\/product\/garland-cherry-flower\/#primaryimage"},"image":{"@id":"https:\/\/decolights.eu\/product\/garland-cherry-flower\/#primaryimage"},"thumbnailUrl":"https:\/\/decolights.eu\/wp-content\/uploads\/2023\/04\/581-33_M2.png","datePublished":"2023-04-01T04:44:31+00:00","dateModified":"2023-04-16T15:56:39+00:00","description":"Die dekorative Kirschbl\u00fctengirlande ist eine perfekte Dekoration f\u00fcr Tisch oder Terrasse. Genie\u00dfen Sie das warmwei\u00dfe Leuchten und die tolle Atmosph\u00e4re. Z\u00f6gern Sie nicht und kaufen Sie jetzt!","breadcrumb":{"@id":"https:\/\/decolights.eu\/product\/garland-cherry-flower\/#breadcrumb"},"inLanguage":"de","potentialAction":[{"@type":"ReadAction","target":["https:\/\/decolights.eu\/product\/garland-cherry-flower\/"]}]},{"@type":"ImageObject","inLanguage":"de","@id":"https:\/\/decolights.eu\/product\/garland-cherry-flower\/#primaryimage","url":"https:\/\/decolights.eu\/wp-content\/uploads\/2023\/04\/581-33_M2.png","contentUrl":"https:\/\/decolights.eu\/wp-content\/uploads\/2023\/04\/581-33_M2.png","width":600,"height":602},{"@type":"BreadcrumbList","@id":"https:\/\/decolights.eu\/product\/garland-cherry-flower\/#breadcrumb","itemListElement":[{"@type":"ListItem","position":1,"name":"Shop","item":"https:\/\/decolights.eu\/shop\/"},{"@type":"ListItem","position":2,"name":"Garland Cherry flower"}]},{"@type":"WebSite","@id":"https:\/\/decolights.eu\/#website","url":"https:\/\/decolights.eu\/","name":"Dekolichter","description":"LED-Dekorationen f\u00fcr Haus und Garten","publisher":{"@id":"https:\/\/decolights.eu\/#organization"},"alternateName":"decolights.eu","potentialAction":[{"@type":"SearchAction","target":{"@type":"EntryPoint","urlTemplate":"https:\/\/decolights.eu\/?s={search_term_string}"},"query-input":{"@type":"PropertyValueSpecification","valueRequired":true,"valueName":"search_term_string"}}],"inLanguage":"de"},{"@type":"Organization","@id":"https:\/\/decolights.eu\/#organization","name":"Dekolichter","url":"https:\/\/decolights.eu\/","logo":{"@type":"ImageObject","inLanguage":"de","@id":"https:\/\/decolights.eu\/#\/schema\/logo\/image\/","url":"https:\/\/decolights.eu\/wp-content\/uploads\/2023\/07\/cropped-decolight-siteicon.png","contentUrl":"https:\/\/decolights.eu\/wp-content\/uploads\/2023\/07\/cropped-decolight-siteicon.png","width":512,"height":512,"caption":"decolights"},"image":{"@id":"https:\/\/decolights.eu\/#\/schema\/logo\/image\/"}}]}},"jetpack_sharing_enabled":true,"_links":{"self":[{"href":"https:\/\/decolights.eu\/de\/wp-json\/wp\/v2\/product\/6374","targetHints":{"allow":["GET"]}}],"collection":[{"href":"https:\/\/decolights.eu\/de\/wp-json\/wp\/v2\/product"}],"about":[{"href":"https:\/\/decolights.eu\/de\/wp-json\/wp\/v2\/types\/product"}],"replies":[{"embeddable":true,"href":"https:\/\/decolights.eu\/de\/wp-json\/wp\/v2\/comments?post=6374"}],"wp:featuredmedia":[{"embeddable":true,"href":"https:\/\/decolights.eu\/de\/wp-json\/wp\/v2\/media\/6487"}],"wp:attachment":[{"href":"https:\/\/decolights.eu\/de\/wp-json\/wp\/v2\/media?parent=6374"}],"wp:term":[{"taxonomy":"product_brand","embeddable":true,"href":"https:\/\/decolights.eu\/de\/wp-json\/wp\/v2\/product_brand?post=6374"},{"taxonomy":"product_cat","embeddable":true,"href":"https:\/\/decolights.eu\/de\/wp-json\/wp\/v2\/product_cat?post=6374"},{"taxonomy":"product_tag","embeddable":true,"href":"https:\/\/decolights.eu\/de\/wp-json\/wp\/v2\/product_tag?post=6374"}],"curies":[{"name":"wp","href":"https:\/\/api.w.org\/{rel}","templated":true}]}}