{"id":6377,"date":"2023-04-01T04:44:31","date_gmt":"2023-04-01T04:44:31","guid":{"rendered":"https:\/\/decolights.eu\/?post_type=product&#038;p=6377"},"modified":"2023-04-16T15:28:36","modified_gmt":"2023-04-16T15:28:36","slug":"solar-lantern-runda","status":"publish","type":"product","link":"https:\/\/decolights.eu\/de\/produkt-2\/solar-lantern-runda\/","title":{"rendered":"Solarlaterne Runda"},"content":{"rendered":"<p>Unsere sch\u00f6ne Laterne Runda ist eine Solarbeleuchtung aus gewickeltem schwarzem PE-Draht und einem Griff aus Metall. Das warmwei\u00dfe Licht scheint wundersch\u00f6n durch den Draht und erzeugt ein wundersch\u00f6nes Lichtbild. Die Laterne l\u00e4sst sich gut in Ihrem Garten oder auf einem Balkon platzieren. Platzieren Sie die Solardekoration dort, wo die Sonne tags\u00fcber das Panel erreichen kann, um die Solarbatterie optimal aufzuladen.<\/p>\n<ul>\n<li><strong>Farbe<\/strong>: Schwarz<\/li>\n<li><strong>LED-Farbe:\u00a0<\/strong>Warmwei\u00df<\/li>\n<li><strong>Gr\u00f6\u00dfe: <\/strong>15 (Breite) x 15 (H\u00f6he) x 15 (Tiefe) CM<\/li>\n<li><strong>Timer:\u00a0<\/strong>Im Dunkeln beleuchtet<\/li>\n<li><strong>IP-Bewertung: <\/strong>IP44<\/li>\n<li><strong>Energiequelle:\u00a0<\/strong>Solar<\/li>\n<li><strong>Kappe\/Sockel: <\/strong>Nicht austauschbar<\/li>\n<li><strong>CE-zertifiziert:\u00a0<\/strong>Ja<\/li>\n<li>1,4V DC<\/li>\n<\/ul>\n<p>&nbsp;<\/p>","protected":false},"excerpt":{"rendered":"<p>Our beautiful lantern Runda is a solar lighting made of wound black PE wire and a handle in metal. The warm white light shines beautifully through the wire and forms a beautiful light image. The lantern is nice to place in your garden or on a balcony. Place the solar decoration where the sun can [&#8230;]\n","protected":false},"featured_media":6500,"comment_status":"open","ping_status":"closed","template":"","meta":[],"product_brand":[],"product_cat":[226,196,233,171],"product_tag":[],"class_list":{"0":"post-6377","1":"product","2":"type-product","3":"status-publish","4":"has-post-thumbnail","6":"product_cat-outdoor-lights","7":"product_cat-solar-lanterns","8":"product_cat-solar-lanterns-outdoor-lights","9":"product_cat-solar-lights","10":"pa_brand-deco","11":"pa_led-colour-warm-white","13":"first","14":"instock","15":"sale","16":"shipping-taxable","17":"purchasable","18":"product-type-simple"},"yoast_head":"<!-- This site is optimized with the Yoast SEO plugin v27.3 - https:\/\/yoast.com\/product\/yoast-seo-wordpress\/ -->\n<title>Solar lantern Runda - Best price guaranteed - Decolights.eu<\/title>\n<meta name=\"description\" content=\"The warm white light of solar lantern shines beautifully through the wire and forms a beautiful light image. Do not hesitate, buy now for the best price!\" \/>\n<meta name=\"robots\" content=\"index, follow, max-snippet:-1, max-image-preview:large, max-video-preview:-1\" \/>\n<link rel=\"canonical\" href=\"https:\/\/decolights.eu\/de\/produkt-2\/solar-lantern-runda\/\" \/>\n<meta property=\"og:locale\" content=\"de_DE\" \/>\n<meta property=\"og:type\" content=\"article\" \/>\n<meta property=\"og:title\" content=\"Solar lantern Runda - Best price guaranteed - Decolights.eu\" \/>\n<meta property=\"og:description\" content=\"The warm white light of solar lantern shines beautifully through the wire and forms a beautiful light image. Do not hesitate, buy now for the best price!\" \/>\n<meta property=\"og:url\" content=\"https:\/\/decolights.eu\/de\/produkt-2\/solar-lantern-runda\/\" \/>\n<meta property=\"og:site_name\" content=\"Decolights.eu\" \/>\n<meta property=\"article:modified_time\" content=\"2023-04-16T15:28:36+00:00\" \/>\n<meta property=\"og:image\" content=\"https:\/\/decolights.eu\/wp-content\/uploads\/2023\/04\/482-74_M2.png\" \/>\n\t<meta property=\"og:image:width\" content=\"600\" \/>\n\t<meta property=\"og:image:height\" content=\"602\" \/>\n\t<meta property=\"og:image:type\" content=\"image\/png\" \/>\n<meta name=\"twitter:card\" content=\"summary_large_image\" \/>\n<meta name=\"twitter:label1\" content=\"Gesch\u00e4tzte Lesezeit\" \/>\n\t<meta name=\"twitter:data1\" content=\"1\u00a0Minute\" \/>\n<script type=\"application\/ld+json\" class=\"yoast-schema-graph\">{\"@context\":\"https:\\\/\\\/schema.org\",\"@graph\":[{\"@type\":\"WebPage\",\"@id\":\"https:\\\/\\\/decolights.eu\\\/product\\\/solar-lantern-runda\\\/\",\"url\":\"https:\\\/\\\/decolights.eu\\\/product\\\/solar-lantern-runda\\\/\",\"name\":\"Solar lantern Runda - Best price guaranteed - Decolights.eu\",\"isPartOf\":{\"@id\":\"https:\\\/\\\/decolights.eu\\\/#website\"},\"primaryImageOfPage\":{\"@id\":\"https:\\\/\\\/decolights.eu\\\/product\\\/solar-lantern-runda\\\/#primaryimage\"},\"image\":{\"@id\":\"https:\\\/\\\/decolights.eu\\\/product\\\/solar-lantern-runda\\\/#primaryimage\"},\"thumbnailUrl\":\"https:\\\/\\\/decolights.eu\\\/wp-content\\\/uploads\\\/2023\\\/04\\\/482-74_M2.png\",\"datePublished\":\"2023-04-01T04:44:31+00:00\",\"dateModified\":\"2023-04-16T15:28:36+00:00\",\"description\":\"The warm white light of solar lantern shines beautifully through the wire and forms a beautiful light image. Do not hesitate, buy now for the best price!\",\"breadcrumb\":{\"@id\":\"https:\\\/\\\/decolights.eu\\\/product\\\/solar-lantern-runda\\\/#breadcrumb\"},\"inLanguage\":\"de\",\"potentialAction\":[{\"@type\":\"ReadAction\",\"target\":[\"https:\\\/\\\/decolights.eu\\\/product\\\/solar-lantern-runda\\\/\"]}]},{\"@type\":\"ImageObject\",\"inLanguage\":\"de\",\"@id\":\"https:\\\/\\\/decolights.eu\\\/product\\\/solar-lantern-runda\\\/#primaryimage\",\"url\":\"https:\\\/\\\/decolights.eu\\\/wp-content\\\/uploads\\\/2023\\\/04\\\/482-74_M2.png\",\"contentUrl\":\"https:\\\/\\\/decolights.eu\\\/wp-content\\\/uploads\\\/2023\\\/04\\\/482-74_M2.png\",\"width\":600,\"height\":602},{\"@type\":\"BreadcrumbList\",\"@id\":\"https:\\\/\\\/decolights.eu\\\/product\\\/solar-lantern-runda\\\/#breadcrumb\",\"itemListElement\":[{\"@type\":\"ListItem\",\"position\":1,\"name\":\"Shop\",\"item\":\"https:\\\/\\\/decolights.eu\\\/shop\\\/\"},{\"@type\":\"ListItem\",\"position\":2,\"name\":\"Solar lantern Runda\"}]},{\"@type\":\"WebSite\",\"@id\":\"https:\\\/\\\/decolights.eu\\\/#website\",\"url\":\"https:\\\/\\\/decolights.eu\\\/\",\"name\":\"decolights\",\"description\":\"Led Decorations for Home and Garden\",\"publisher\":{\"@id\":\"https:\\\/\\\/decolights.eu\\\/#organization\"},\"alternateName\":\"decolights.eu\",\"potentialAction\":[{\"@type\":\"SearchAction\",\"target\":{\"@type\":\"EntryPoint\",\"urlTemplate\":\"https:\\\/\\\/decolights.eu\\\/?s={search_term_string}\"},\"query-input\":{\"@type\":\"PropertyValueSpecification\",\"valueRequired\":true,\"valueName\":\"search_term_string\"}}],\"inLanguage\":\"de\"},{\"@type\":\"Organization\",\"@id\":\"https:\\\/\\\/decolights.eu\\\/#organization\",\"name\":\"decolights\",\"url\":\"https:\\\/\\\/decolights.eu\\\/\",\"logo\":{\"@type\":\"ImageObject\",\"inLanguage\":\"de\",\"@id\":\"https:\\\/\\\/decolights.eu\\\/#\\\/schema\\\/logo\\\/image\\\/\",\"url\":\"https:\\\/\\\/decolights.eu\\\/wp-content\\\/uploads\\\/2023\\\/07\\\/cropped-decolight-siteicon.png\",\"contentUrl\":\"https:\\\/\\\/decolights.eu\\\/wp-content\\\/uploads\\\/2023\\\/07\\\/cropped-decolight-siteicon.png\",\"width\":512,\"height\":512,\"caption\":\"decolights\"},\"image\":{\"@id\":\"https:\\\/\\\/decolights.eu\\\/#\\\/schema\\\/logo\\\/image\\\/\"}}]}<\/script>\n<!-- \/ Yoast SEO plugin. -->","yoast_head_json":{"title":"Solarlaterne Runda - Bester Preis garantiert - Decolights.eu","description":"Das warmwei\u00dfe Licht der Solarlaterne scheint wundersch\u00f6n durch den Draht und erzeugt ein wundersch\u00f6nes Lichtbild. Z\u00f6gern Sie nicht, kaufen Sie jetzt zum besten Preis!","robots":{"index":"index","follow":"follow","max-snippet":"max-snippet:-1","max-image-preview":"max-image-preview:large","max-video-preview":"max-video-preview:-1"},"canonical":"https:\/\/decolights.eu\/de\/produkt-2\/solar-lantern-runda\/","og_locale":"de_DE","og_type":"article","og_title":"Solar lantern Runda - Best price guaranteed - Decolights.eu","og_description":"The warm white light of solar lantern shines beautifully through the wire and forms a beautiful light image. Do not hesitate, buy now for the best price!","og_url":"https:\/\/decolights.eu\/de\/produkt-2\/solar-lantern-runda\/","og_site_name":"Decolights.eu","article_modified_time":"2023-04-16T15:28:36+00:00","og_image":[{"width":600,"height":602,"url":"https:\/\/decolights.eu\/wp-content\/uploads\/2023\/04\/482-74_M2.png","type":"image\/png"}],"twitter_card":"summary_large_image","twitter_misc":{"Gesch\u00e4tzte Lesezeit":"1\u00a0Minute"},"schema":{"@context":"https:\/\/schema.org","@graph":[{"@type":"WebPage","@id":"https:\/\/decolights.eu\/product\/solar-lantern-runda\/","url":"https:\/\/decolights.eu\/product\/solar-lantern-runda\/","name":"Solarlaterne Runda - Bester Preis garantiert - Decolights.eu","isPartOf":{"@id":"https:\/\/decolights.eu\/#website"},"primaryImageOfPage":{"@id":"https:\/\/decolights.eu\/product\/solar-lantern-runda\/#primaryimage"},"image":{"@id":"https:\/\/decolights.eu\/product\/solar-lantern-runda\/#primaryimage"},"thumbnailUrl":"https:\/\/decolights.eu\/wp-content\/uploads\/2023\/04\/482-74_M2.png","datePublished":"2023-04-01T04:44:31+00:00","dateModified":"2023-04-16T15:28:36+00:00","description":"Das warmwei\u00dfe Licht der Solarlaterne scheint wundersch\u00f6n durch den Draht und erzeugt ein wundersch\u00f6nes Lichtbild. Z\u00f6gern Sie nicht, kaufen Sie jetzt zum besten Preis!","breadcrumb":{"@id":"https:\/\/decolights.eu\/product\/solar-lantern-runda\/#breadcrumb"},"inLanguage":"de","potentialAction":[{"@type":"ReadAction","target":["https:\/\/decolights.eu\/product\/solar-lantern-runda\/"]}]},{"@type":"ImageObject","inLanguage":"de","@id":"https:\/\/decolights.eu\/product\/solar-lantern-runda\/#primaryimage","url":"https:\/\/decolights.eu\/wp-content\/uploads\/2023\/04\/482-74_M2.png","contentUrl":"https:\/\/decolights.eu\/wp-content\/uploads\/2023\/04\/482-74_M2.png","width":600,"height":602},{"@type":"BreadcrumbList","@id":"https:\/\/decolights.eu\/product\/solar-lantern-runda\/#breadcrumb","itemListElement":[{"@type":"ListItem","position":1,"name":"Shop","item":"https:\/\/decolights.eu\/shop\/"},{"@type":"ListItem","position":2,"name":"Solar lantern Runda"}]},{"@type":"WebSite","@id":"https:\/\/decolights.eu\/#website","url":"https:\/\/decolights.eu\/","name":"Dekolichter","description":"LED-Dekorationen f\u00fcr Haus und Garten","publisher":{"@id":"https:\/\/decolights.eu\/#organization"},"alternateName":"decolights.eu","potentialAction":[{"@type":"SearchAction","target":{"@type":"EntryPoint","urlTemplate":"https:\/\/decolights.eu\/?s={search_term_string}"},"query-input":{"@type":"PropertyValueSpecification","valueRequired":true,"valueName":"search_term_string"}}],"inLanguage":"de"},{"@type":"Organization","@id":"https:\/\/decolights.eu\/#organization","name":"Dekolichter","url":"https:\/\/decolights.eu\/","logo":{"@type":"ImageObject","inLanguage":"de","@id":"https:\/\/decolights.eu\/#\/schema\/logo\/image\/","url":"https:\/\/decolights.eu\/wp-content\/uploads\/2023\/07\/cropped-decolight-siteicon.png","contentUrl":"https:\/\/decolights.eu\/wp-content\/uploads\/2023\/07\/cropped-decolight-siteicon.png","width":512,"height":512,"caption":"decolights"},"image":{"@id":"https:\/\/decolights.eu\/#\/schema\/logo\/image\/"}}]}},"jetpack_sharing_enabled":true,"_links":{"self":[{"href":"https:\/\/decolights.eu\/de\/wp-json\/wp\/v2\/product\/6377","targetHints":{"allow":["GET"]}}],"collection":[{"href":"https:\/\/decolights.eu\/de\/wp-json\/wp\/v2\/product"}],"about":[{"href":"https:\/\/decolights.eu\/de\/wp-json\/wp\/v2\/types\/product"}],"replies":[{"embeddable":true,"href":"https:\/\/decolights.eu\/de\/wp-json\/wp\/v2\/comments?post=6377"}],"wp:featuredmedia":[{"embeddable":true,"href":"https:\/\/decolights.eu\/de\/wp-json\/wp\/v2\/media\/6500"}],"wp:attachment":[{"href":"https:\/\/decolights.eu\/de\/wp-json\/wp\/v2\/media?parent=6377"}],"wp:term":[{"taxonomy":"product_brand","embeddable":true,"href":"https:\/\/decolights.eu\/de\/wp-json\/wp\/v2\/product_brand?post=6377"},{"taxonomy":"product_cat","embeddable":true,"href":"https:\/\/decolights.eu\/de\/wp-json\/wp\/v2\/product_cat?post=6377"},{"taxonomy":"product_tag","embeddable":true,"href":"https:\/\/decolights.eu\/de\/wp-json\/wp\/v2\/product_tag?post=6377"}],"curies":[{"name":"wp","href":"https:\/\/api.w.org\/{rel}","templated":true}]}}