{"id":6379,"date":"2023-04-01T04:44:31","date_gmt":"2023-04-01T04:44:31","guid":{"rendered":"https:\/\/decolights.eu\/?post_type=product&#038;p=6379"},"modified":"2023-04-16T14:38:16","modified_gmt":"2023-04-16T14:38:16","slug":"decorative-solar-stones-stonecube-2pcs","status":"publish","type":"product","link":"https:\/\/decolights.eu\/de\/produkt-2\/decorative-solar-stones-stonecube-2pcs\/","title":{"rendered":"Deko-Solarsteine \u201eStonecube\u201c 2St"},"content":{"rendered":"<p>Diese solarbetriebenen Steine leuchten nachts warmwei\u00df. Sie lassen sich leicht in Fluren, auf Rasenfl\u00e4chen, Balkonen oder als Dekoration platzieren. Die Solarlampen sind dunkelbraungrau und f\u00fcgen sich daher harmonisch in Ihren Garten ein. Achten Sie darauf, sie so zu platzieren, dass die Sonne die Solarbatterie tags\u00fcber aufl\u00e4dt.<\/p>\n<ul>\n<li><strong>Farbe<\/strong>: grau<\/li>\n<li><strong>LED-Farbe:\u00a0<\/strong>Warmwei\u00df<\/li>\n<li>2 Wegeleuchten inklusive<\/li>\n<li><strong>Gr\u00f6\u00dfe:\u00a0 <\/strong>8 (Breite) x 8,50 (H\u00f6he) x 8 (Tiefe) cm<\/li>\n<li><strong>Timer:\u00a0<\/strong>Im Dunkeln beleuchtet<\/li>\n<li><strong>Energiequelle:\u00a0<\/strong>Solar<\/li>\n<li><strong>IP-Bewertung: <\/strong>IP44<\/li>\n<li><strong>CE-zertifiziert:\u00a0<\/strong>Ja<\/li>\n<li>1,2V DC<\/li>\n<\/ul>","protected":false},"excerpt":{"rendered":"<p>These stones powered with solar battery illuminate during the night with warm white light. They are easy to place in hallways, lawns, balconies or as other decoration. The solar lamps are dark brownish grey, which makes them easily blend into your garden. Remember to place them so the sun can charge the solar battery during [&#8230;]\n","protected":false},"featured_media":6505,"comment_status":"open","ping_status":"closed","template":"","meta":[],"product_brand":[],"product_cat":[226,231,194,171],"product_tag":[],"class_list":{"0":"post-6379","1":"product","2":"type-product","3":"status-publish","4":"has-post-thumbnail","6":"product_cat-outdoor-lights","7":"product_cat-solar-decking-lights-outdoor-lights","8":"product_cat-solar-decking-lights","9":"product_cat-solar-lights","10":"pa_brand-deco","11":"pa_led-colour-warm-white","13":"first","14":"instock","15":"sale","16":"shipping-taxable","17":"purchasable","18":"product-type-simple"},"yoast_head":"<!-- This site is optimized with the Yoast SEO plugin v27.3 - https:\/\/yoast.com\/product\/yoast-seo-wordpress\/ -->\n<title>Decorative solar stones &quot;Stonecube&quot; 2pcs - For best price - Decolights.eu<\/title>\n<meta name=\"description\" content=\"Decorative solar stones are easy to place in hallways, lawns, balconies or as other decoration. They will light up your way! Don&#039;t hesitate, buy now!\" \/>\n<meta name=\"robots\" content=\"index, follow, max-snippet:-1, max-image-preview:large, max-video-preview:-1\" \/>\n<link rel=\"canonical\" href=\"https:\/\/decolights.eu\/de\/produkt-2\/decorative-solar-stones-stonecube-2pcs\/\" \/>\n<meta property=\"og:locale\" content=\"de_DE\" \/>\n<meta property=\"og:type\" content=\"article\" \/>\n<meta property=\"og:title\" content=\"Decorative solar stones &quot;Stonecube&quot; 2pcs - For best price - Decolights.eu\" \/>\n<meta property=\"og:description\" content=\"Decorative solar stones are easy to place in hallways, lawns, balconies or as other decoration. They will light up your way! Don&#039;t hesitate, buy now!\" \/>\n<meta property=\"og:url\" content=\"https:\/\/decolights.eu\/de\/produkt-2\/decorative-solar-stones-stonecube-2pcs\/\" \/>\n<meta property=\"og:site_name\" content=\"Decolights.eu\" \/>\n<meta property=\"article:modified_time\" content=\"2023-04-16T14:38:16+00:00\" \/>\n<meta property=\"og:image\" content=\"https:\/\/decolights.eu\/wp-content\/uploads\/2023\/04\/482-63_M2.png\" \/>\n\t<meta property=\"og:image:width\" content=\"600\" \/>\n\t<meta property=\"og:image:height\" content=\"602\" \/>\n\t<meta property=\"og:image:type\" content=\"image\/png\" \/>\n<meta name=\"twitter:card\" content=\"summary_large_image\" \/>\n<meta name=\"twitter:label1\" content=\"Gesch\u00e4tzte Lesezeit\" \/>\n\t<meta name=\"twitter:data1\" content=\"1\u00a0Minute\" \/>\n<script type=\"application\/ld+json\" class=\"yoast-schema-graph\">{\"@context\":\"https:\\\/\\\/schema.org\",\"@graph\":[{\"@type\":\"WebPage\",\"@id\":\"https:\\\/\\\/decolights.eu\\\/product\\\/decorative-solar-stones-stonecube-2pcs\\\/\",\"url\":\"https:\\\/\\\/decolights.eu\\\/product\\\/decorative-solar-stones-stonecube-2pcs\\\/\",\"name\":\"Decorative solar stones \\\"Stonecube\\\" 2pcs - For best price - Decolights.eu\",\"isPartOf\":{\"@id\":\"https:\\\/\\\/decolights.eu\\\/#website\"},\"primaryImageOfPage\":{\"@id\":\"https:\\\/\\\/decolights.eu\\\/product\\\/decorative-solar-stones-stonecube-2pcs\\\/#primaryimage\"},\"image\":{\"@id\":\"https:\\\/\\\/decolights.eu\\\/product\\\/decorative-solar-stones-stonecube-2pcs\\\/#primaryimage\"},\"thumbnailUrl\":\"https:\\\/\\\/decolights.eu\\\/wp-content\\\/uploads\\\/2023\\\/04\\\/482-63_M2.png\",\"datePublished\":\"2023-04-01T04:44:31+00:00\",\"dateModified\":\"2023-04-16T14:38:16+00:00\",\"description\":\"Decorative solar stones are easy to place in hallways, lawns, balconies or as other decoration. They will light up your way! Don't hesitate, buy now!\",\"breadcrumb\":{\"@id\":\"https:\\\/\\\/decolights.eu\\\/product\\\/decorative-solar-stones-stonecube-2pcs\\\/#breadcrumb\"},\"inLanguage\":\"de\",\"potentialAction\":[{\"@type\":\"ReadAction\",\"target\":[\"https:\\\/\\\/decolights.eu\\\/product\\\/decorative-solar-stones-stonecube-2pcs\\\/\"]}]},{\"@type\":\"ImageObject\",\"inLanguage\":\"de\",\"@id\":\"https:\\\/\\\/decolights.eu\\\/product\\\/decorative-solar-stones-stonecube-2pcs\\\/#primaryimage\",\"url\":\"https:\\\/\\\/decolights.eu\\\/wp-content\\\/uploads\\\/2023\\\/04\\\/482-63_M2.png\",\"contentUrl\":\"https:\\\/\\\/decolights.eu\\\/wp-content\\\/uploads\\\/2023\\\/04\\\/482-63_M2.png\",\"width\":600,\"height\":602},{\"@type\":\"BreadcrumbList\",\"@id\":\"https:\\\/\\\/decolights.eu\\\/product\\\/decorative-solar-stones-stonecube-2pcs\\\/#breadcrumb\",\"itemListElement\":[{\"@type\":\"ListItem\",\"position\":1,\"name\":\"Shop\",\"item\":\"https:\\\/\\\/decolights.eu\\\/shop\\\/\"},{\"@type\":\"ListItem\",\"position\":2,\"name\":\"Decorative solar stones &#8220;Stonecube&#8221; 2pcs\"}]},{\"@type\":\"WebSite\",\"@id\":\"https:\\\/\\\/decolights.eu\\\/#website\",\"url\":\"https:\\\/\\\/decolights.eu\\\/\",\"name\":\"decolights\",\"description\":\"Led Decorations for Home and Garden\",\"publisher\":{\"@id\":\"https:\\\/\\\/decolights.eu\\\/#organization\"},\"alternateName\":\"decolights.eu\",\"potentialAction\":[{\"@type\":\"SearchAction\",\"target\":{\"@type\":\"EntryPoint\",\"urlTemplate\":\"https:\\\/\\\/decolights.eu\\\/?s={search_term_string}\"},\"query-input\":{\"@type\":\"PropertyValueSpecification\",\"valueRequired\":true,\"valueName\":\"search_term_string\"}}],\"inLanguage\":\"de\"},{\"@type\":\"Organization\",\"@id\":\"https:\\\/\\\/decolights.eu\\\/#organization\",\"name\":\"decolights\",\"url\":\"https:\\\/\\\/decolights.eu\\\/\",\"logo\":{\"@type\":\"ImageObject\",\"inLanguage\":\"de\",\"@id\":\"https:\\\/\\\/decolights.eu\\\/#\\\/schema\\\/logo\\\/image\\\/\",\"url\":\"https:\\\/\\\/decolights.eu\\\/wp-content\\\/uploads\\\/2023\\\/07\\\/cropped-decolight-siteicon.png\",\"contentUrl\":\"https:\\\/\\\/decolights.eu\\\/wp-content\\\/uploads\\\/2023\\\/07\\\/cropped-decolight-siteicon.png\",\"width\":512,\"height\":512,\"caption\":\"decolights\"},\"image\":{\"@id\":\"https:\\\/\\\/decolights.eu\\\/#\\\/schema\\\/logo\\\/image\\\/\"}}]}<\/script>\n<!-- \/ Yoast SEO plugin. -->","yoast_head_json":{"title":"Dekorative Solarsteine &quot;Stonecube&quot; 2er-Set - Zum Bestpreis - Decolights.eu","description":"Dekorative Solarsteine lassen sich einfach in Fluren, auf Rasenfl\u00e4chen, Balkonen oder als Dekoration platzieren. Sie werden Ihren Weg erleuchten! Z\u00f6gern Sie nicht, kaufen Sie jetzt!","robots":{"index":"index","follow":"follow","max-snippet":"max-snippet:-1","max-image-preview":"max-image-preview:large","max-video-preview":"max-video-preview:-1"},"canonical":"https:\/\/decolights.eu\/de\/produkt-2\/decorative-solar-stones-stonecube-2pcs\/","og_locale":"de_DE","og_type":"article","og_title":"Decorative solar stones \"Stonecube\" 2pcs - For best price - Decolights.eu","og_description":"Decorative solar stones are easy to place in hallways, lawns, balconies or as other decoration. They will light up your way! Don't hesitate, buy now!","og_url":"https:\/\/decolights.eu\/de\/produkt-2\/decorative-solar-stones-stonecube-2pcs\/","og_site_name":"Decolights.eu","article_modified_time":"2023-04-16T14:38:16+00:00","og_image":[{"url":"https:\/\/decolights.eu\/wp-content\/uploads\/2023\/04\/482-63_M2.png","width":600,"height":602,"type":"image\/png"}],"twitter_card":"summary_large_image","twitter_misc":{"Gesch\u00e4tzte Lesezeit":"1\u00a0Minute"},"schema":{"@context":"https:\/\/schema.org","@graph":[{"@type":"WebPage","@id":"https:\/\/decolights.eu\/product\/decorative-solar-stones-stonecube-2pcs\/","url":"https:\/\/decolights.eu\/product\/decorative-solar-stones-stonecube-2pcs\/","name":"Dekorative Solarsteine &quot;Stonecube&quot; 2er-Set - Zum Bestpreis - Decolights.eu","isPartOf":{"@id":"https:\/\/decolights.eu\/#website"},"primaryImageOfPage":{"@id":"https:\/\/decolights.eu\/product\/decorative-solar-stones-stonecube-2pcs\/#primaryimage"},"image":{"@id":"https:\/\/decolights.eu\/product\/decorative-solar-stones-stonecube-2pcs\/#primaryimage"},"thumbnailUrl":"https:\/\/decolights.eu\/wp-content\/uploads\/2023\/04\/482-63_M2.png","datePublished":"2023-04-01T04:44:31+00:00","dateModified":"2023-04-16T14:38:16+00:00","description":"Dekorative Solarsteine lassen sich einfach in Fluren, auf Rasenfl\u00e4chen, Balkonen oder als Dekoration platzieren. Sie werden Ihren Weg erleuchten! Z\u00f6gern Sie nicht, kaufen Sie jetzt!","breadcrumb":{"@id":"https:\/\/decolights.eu\/product\/decorative-solar-stones-stonecube-2pcs\/#breadcrumb"},"inLanguage":"de","potentialAction":[{"@type":"ReadAction","target":["https:\/\/decolights.eu\/product\/decorative-solar-stones-stonecube-2pcs\/"]}]},{"@type":"ImageObject","inLanguage":"de","@id":"https:\/\/decolights.eu\/product\/decorative-solar-stones-stonecube-2pcs\/#primaryimage","url":"https:\/\/decolights.eu\/wp-content\/uploads\/2023\/04\/482-63_M2.png","contentUrl":"https:\/\/decolights.eu\/wp-content\/uploads\/2023\/04\/482-63_M2.png","width":600,"height":602},{"@type":"BreadcrumbList","@id":"https:\/\/decolights.eu\/product\/decorative-solar-stones-stonecube-2pcs\/#breadcrumb","itemListElement":[{"@type":"ListItem","position":1,"name":"Shop","item":"https:\/\/decolights.eu\/shop\/"},{"@type":"ListItem","position":2,"name":"Decorative solar stones &#8220;Stonecube&#8221; 2pcs"}]},{"@type":"WebSite","@id":"https:\/\/decolights.eu\/#website","url":"https:\/\/decolights.eu\/","name":"Dekolichter","description":"LED-Dekorationen f\u00fcr Haus und Garten","publisher":{"@id":"https:\/\/decolights.eu\/#organization"},"alternateName":"decolights.eu","potentialAction":[{"@type":"SearchAction","target":{"@type":"EntryPoint","urlTemplate":"https:\/\/decolights.eu\/?s={search_term_string}"},"query-input":{"@type":"PropertyValueSpecification","valueRequired":true,"valueName":"search_term_string"}}],"inLanguage":"de"},{"@type":"Organization","@id":"https:\/\/decolights.eu\/#organization","name":"Dekolichter","url":"https:\/\/decolights.eu\/","logo":{"@type":"ImageObject","inLanguage":"de","@id":"https:\/\/decolights.eu\/#\/schema\/logo\/image\/","url":"https:\/\/decolights.eu\/wp-content\/uploads\/2023\/07\/cropped-decolight-siteicon.png","contentUrl":"https:\/\/decolights.eu\/wp-content\/uploads\/2023\/07\/cropped-decolight-siteicon.png","width":512,"height":512,"caption":"decolights"},"image":{"@id":"https:\/\/decolights.eu\/#\/schema\/logo\/image\/"}}]}},"jetpack_sharing_enabled":true,"_links":{"self":[{"href":"https:\/\/decolights.eu\/de\/wp-json\/wp\/v2\/product\/6379","targetHints":{"allow":["GET"]}}],"collection":[{"href":"https:\/\/decolights.eu\/de\/wp-json\/wp\/v2\/product"}],"about":[{"href":"https:\/\/decolights.eu\/de\/wp-json\/wp\/v2\/types\/product"}],"replies":[{"embeddable":true,"href":"https:\/\/decolights.eu\/de\/wp-json\/wp\/v2\/comments?post=6379"}],"wp:featuredmedia":[{"embeddable":true,"href":"https:\/\/decolights.eu\/de\/wp-json\/wp\/v2\/media\/6505"}],"wp:attachment":[{"href":"https:\/\/decolights.eu\/de\/wp-json\/wp\/v2\/media?parent=6379"}],"wp:term":[{"taxonomy":"product_brand","embeddable":true,"href":"https:\/\/decolights.eu\/de\/wp-json\/wp\/v2\/product_brand?post=6379"},{"taxonomy":"product_cat","embeddable":true,"href":"https:\/\/decolights.eu\/de\/wp-json\/wp\/v2\/product_cat?post=6379"},{"taxonomy":"product_tag","embeddable":true,"href":"https:\/\/decolights.eu\/de\/wp-json\/wp\/v2\/product_tag?post=6379"}],"curies":[{"name":"wp","href":"https:\/\/api.w.org\/{rel}","templated":true}]}}