{"id":6424,"date":"2023-04-01T04:45:16","date_gmt":"2023-04-01T04:45:16","guid":{"rendered":"https:\/\/decolights.eu\/?post_type=product&#038;p=6424"},"modified":"2023-04-16T12:04:35","modified_gmt":"2023-04-16T12:04:35","slug":"decorative-neon-led-silhouette-flamingo","status":"publish","type":"product","link":"https:\/\/decolights.eu\/de\/produkt-2\/decorative-neon-led-silhouette-flamingo\/","title":{"rendered":"Dekorativer Neon-LED-Silhouette-Flamingo"},"content":{"rendered":"<p>Wir pr\u00e4sentieren unsere leuchtende und auff\u00e4llige Neon-LED-Leuchte \u201eFlamingo\u201c! Verleihen Sie Ihrem Zuhause oder B\u00fcro mit dieser fantastischen rosa Flamingo-Leuchte einen tropischen Touch. Dank hochwertiger LED-Technologie ist die Leuchte energieeffizient und strahlt ein helles, warmes Licht aus. Dank ihrer robusten Acrylkonstruktion ist sie jahrelang haltbar. Perfekt, um in jedem Raum eine verspielte und fr\u00f6hliche Atmosph\u00e4re zu schaffen, sorgt diese Flamingo-Leuchte garantiert f\u00fcr Gespr\u00e4chsstoff. Diese einfach zu installierende und zu bedienende Neon-LED-Leuchte ist ein Muss f\u00fcr alle, die ihren R\u00e4umen Farbe und Pers\u00f6nlichkeit verleihen m\u00f6chten.<\/p>\n<ul>\n<li><strong>LED-Farbe:<\/strong> Rosa<\/li>\n<li><strong>Gr\u00f6\u00dfe: <\/strong>14,5 (Breite) x 28,50 (H\u00f6he) x 2 (L\u00e4nge) cm<\/li>\n<li><strong>Netzkabel:<\/strong> 1M<\/li>\n<li><strong>Kabelfarbe: <\/strong>transparent<\/li>\n<li><strong>IP-Bewertung: <\/strong>IP20<\/li>\n<li><strong>Energiequelle:<\/strong> 3 x AA-Batterien (nicht im Lieferumfang enthalten)<\/li>\n<li><strong>Timer:<\/strong> 6 Stunden an\/18 Stunden aus, wiederholen<\/li>\n<li><strong>Anschlie\u00dfbar:<\/strong> NEIN<\/li>\n<li><strong>CE-zertifiziert:\u00a0<\/strong>Ja<\/li>\n<li>4,5V DC<\/li>\n<\/ul>","protected":false},"excerpt":{"rendered":"<p>Introducing our vibrant and eye-catching neon LED light &#8220;Flamingo&#8221;! Add a tropical touch to your home or office with this amazing pink flamingo light. Made with high-quality LED technology, the light is energy efficient and emits a bright and warm glow. Its durable acrylic construction ensures it will last for years. Perfect for creating a [&#8230;]\n","protected":false},"featured_media":6526,"comment_status":"open","ping_status":"closed","template":"","meta":[],"product_brand":[],"product_cat":[217,218,214],"product_tag":[],"class_list":{"0":"post-6424","1":"product","2":"type-product","3":"status-publish","4":"has-post-thumbnail","6":"product_cat-battery-operated-led-lights","7":"product_cat-decorative-led-lights","8":"product_cat-indoor-lights","9":"pa_brand-deco","10":"pa_led-colour-pink","12":"first","13":"instock","14":"sale","15":"shipping-taxable","16":"purchasable","17":"product-type-simple"},"yoast_head":"<!-- This site is optimized with the Yoast SEO plugin v27.3 - https:\/\/yoast.com\/product\/yoast-seo-wordpress\/ -->\n<title>Decorative neon LED Silhouette Flamingo - Best price - Decolights.eu<\/title>\n<meta name=\"description\" content=\"Neon LED silhouette Flamingo is a lovely decoration for your summer party or a modern touch for your room. Buy now to enjoy great result for the best price.\" \/>\n<meta name=\"robots\" content=\"index, follow, max-snippet:-1, max-image-preview:large, max-video-preview:-1\" \/>\n<link rel=\"canonical\" href=\"https:\/\/decolights.eu\/de\/produkt-2\/decorative-neon-led-silhouette-flamingo\/\" \/>\n<meta property=\"og:locale\" content=\"de_DE\" \/>\n<meta property=\"og:type\" content=\"article\" \/>\n<meta property=\"og:title\" content=\"Decorative neon LED Silhouette Flamingo - Best price - Decolights.eu\" \/>\n<meta property=\"og:description\" content=\"Neon LED silhouette Flamingo is a lovely decoration for your summer party or a modern touch for your room. Buy now to enjoy great result for the best price.\" \/>\n<meta property=\"og:url\" content=\"https:\/\/decolights.eu\/de\/produkt-2\/decorative-neon-led-silhouette-flamingo\/\" \/>\n<meta property=\"og:site_name\" content=\"Decolights.eu\" \/>\n<meta property=\"article:modified_time\" content=\"2023-04-16T12:04:35+00:00\" \/>\n<meta property=\"og:image\" content=\"https:\/\/decolights.eu\/wp-content\/uploads\/2023\/04\/700-66_M2.png\" \/>\n\t<meta property=\"og:image:width\" content=\"600\" \/>\n\t<meta property=\"og:image:height\" content=\"602\" \/>\n\t<meta property=\"og:image:type\" content=\"image\/png\" \/>\n<meta name=\"twitter:card\" content=\"summary_large_image\" \/>\n<meta name=\"twitter:label1\" content=\"Gesch\u00e4tzte Lesezeit\" \/>\n\t<meta name=\"twitter:data1\" content=\"1\u00a0Minute\" \/>\n<script type=\"application\/ld+json\" class=\"yoast-schema-graph\">{\"@context\":\"https:\\\/\\\/schema.org\",\"@graph\":[{\"@type\":\"WebPage\",\"@id\":\"https:\\\/\\\/decolights.eu\\\/product\\\/decorative-neon-led-silhouette-flamingo\\\/\",\"url\":\"https:\\\/\\\/decolights.eu\\\/product\\\/decorative-neon-led-silhouette-flamingo\\\/\",\"name\":\"Decorative neon LED Silhouette Flamingo - Best price - Decolights.eu\",\"isPartOf\":{\"@id\":\"https:\\\/\\\/decolights.eu\\\/#website\"},\"primaryImageOfPage\":{\"@id\":\"https:\\\/\\\/decolights.eu\\\/product\\\/decorative-neon-led-silhouette-flamingo\\\/#primaryimage\"},\"image\":{\"@id\":\"https:\\\/\\\/decolights.eu\\\/product\\\/decorative-neon-led-silhouette-flamingo\\\/#primaryimage\"},\"thumbnailUrl\":\"https:\\\/\\\/decolights.eu\\\/wp-content\\\/uploads\\\/2023\\\/04\\\/700-66_M2.png\",\"datePublished\":\"2023-04-01T04:45:16+00:00\",\"dateModified\":\"2023-04-16T12:04:35+00:00\",\"description\":\"Neon LED silhouette Flamingo is a lovely decoration for your summer party or a modern touch for your room. Buy now to enjoy great result for the best price.\",\"breadcrumb\":{\"@id\":\"https:\\\/\\\/decolights.eu\\\/product\\\/decorative-neon-led-silhouette-flamingo\\\/#breadcrumb\"},\"inLanguage\":\"de\",\"potentialAction\":[{\"@type\":\"ReadAction\",\"target\":[\"https:\\\/\\\/decolights.eu\\\/product\\\/decorative-neon-led-silhouette-flamingo\\\/\"]}]},{\"@type\":\"ImageObject\",\"inLanguage\":\"de\",\"@id\":\"https:\\\/\\\/decolights.eu\\\/product\\\/decorative-neon-led-silhouette-flamingo\\\/#primaryimage\",\"url\":\"https:\\\/\\\/decolights.eu\\\/wp-content\\\/uploads\\\/2023\\\/04\\\/700-66_M2.png\",\"contentUrl\":\"https:\\\/\\\/decolights.eu\\\/wp-content\\\/uploads\\\/2023\\\/04\\\/700-66_M2.png\",\"width\":600,\"height\":602},{\"@type\":\"BreadcrumbList\",\"@id\":\"https:\\\/\\\/decolights.eu\\\/product\\\/decorative-neon-led-silhouette-flamingo\\\/#breadcrumb\",\"itemListElement\":[{\"@type\":\"ListItem\",\"position\":1,\"name\":\"Shop\",\"item\":\"https:\\\/\\\/decolights.eu\\\/shop\\\/\"},{\"@type\":\"ListItem\",\"position\":2,\"name\":\"Decorative neon LED Silhouette Flamingo\"}]},{\"@type\":\"WebSite\",\"@id\":\"https:\\\/\\\/decolights.eu\\\/#website\",\"url\":\"https:\\\/\\\/decolights.eu\\\/\",\"name\":\"decolights\",\"description\":\"Led Decorations for Home and Garden\",\"publisher\":{\"@id\":\"https:\\\/\\\/decolights.eu\\\/#organization\"},\"alternateName\":\"decolights.eu\",\"potentialAction\":[{\"@type\":\"SearchAction\",\"target\":{\"@type\":\"EntryPoint\",\"urlTemplate\":\"https:\\\/\\\/decolights.eu\\\/?s={search_term_string}\"},\"query-input\":{\"@type\":\"PropertyValueSpecification\",\"valueRequired\":true,\"valueName\":\"search_term_string\"}}],\"inLanguage\":\"de\"},{\"@type\":\"Organization\",\"@id\":\"https:\\\/\\\/decolights.eu\\\/#organization\",\"name\":\"decolights\",\"url\":\"https:\\\/\\\/decolights.eu\\\/\",\"logo\":{\"@type\":\"ImageObject\",\"inLanguage\":\"de\",\"@id\":\"https:\\\/\\\/decolights.eu\\\/#\\\/schema\\\/logo\\\/image\\\/\",\"url\":\"https:\\\/\\\/decolights.eu\\\/wp-content\\\/uploads\\\/2023\\\/07\\\/cropped-decolight-siteicon.png\",\"contentUrl\":\"https:\\\/\\\/decolights.eu\\\/wp-content\\\/uploads\\\/2023\\\/07\\\/cropped-decolight-siteicon.png\",\"width\":512,\"height\":512,\"caption\":\"decolights\"},\"image\":{\"@id\":\"https:\\\/\\\/decolights.eu\\\/#\\\/schema\\\/logo\\\/image\\\/\"}}]}<\/script>\n<!-- \/ Yoast SEO plugin. -->","yoast_head_json":{"title":"Dekorative Neon LED Silhouette Flamingo - Bester Preis - Decolights.eu","description":"Die neonfarbene LED-Silhouette des Flamingos ist eine sch\u00f6ne Dekoration f\u00fcr Ihre Sommerparty oder verleiht Ihrem Zimmer eine moderne Note. Kaufen Sie jetzt und profitieren Sie von einem tollen Ergebnis zum besten Preis.","robots":{"index":"index","follow":"follow","max-snippet":"max-snippet:-1","max-image-preview":"max-image-preview:large","max-video-preview":"max-video-preview:-1"},"canonical":"https:\/\/decolights.eu\/de\/produkt-2\/decorative-neon-led-silhouette-flamingo\/","og_locale":"de_DE","og_type":"article","og_title":"Decorative neon LED Silhouette Flamingo - Best price - Decolights.eu","og_description":"Neon LED silhouette Flamingo is a lovely decoration for your summer party or a modern touch for your room. Buy now to enjoy great result for the best price.","og_url":"https:\/\/decolights.eu\/de\/produkt-2\/decorative-neon-led-silhouette-flamingo\/","og_site_name":"Decolights.eu","article_modified_time":"2023-04-16T12:04:35+00:00","og_image":[{"width":600,"height":602,"url":"https:\/\/decolights.eu\/wp-content\/uploads\/2023\/04\/700-66_M2.png","type":"image\/png"}],"twitter_card":"summary_large_image","twitter_misc":{"Gesch\u00e4tzte Lesezeit":"1\u00a0Minute"},"schema":{"@context":"https:\/\/schema.org","@graph":[{"@type":"WebPage","@id":"https:\/\/decolights.eu\/product\/decorative-neon-led-silhouette-flamingo\/","url":"https:\/\/decolights.eu\/product\/decorative-neon-led-silhouette-flamingo\/","name":"Dekorative Neon LED Silhouette Flamingo - Bester Preis - Decolights.eu","isPartOf":{"@id":"https:\/\/decolights.eu\/#website"},"primaryImageOfPage":{"@id":"https:\/\/decolights.eu\/product\/decorative-neon-led-silhouette-flamingo\/#primaryimage"},"image":{"@id":"https:\/\/decolights.eu\/product\/decorative-neon-led-silhouette-flamingo\/#primaryimage"},"thumbnailUrl":"https:\/\/decolights.eu\/wp-content\/uploads\/2023\/04\/700-66_M2.png","datePublished":"2023-04-01T04:45:16+00:00","dateModified":"2023-04-16T12:04:35+00:00","description":"Die neonfarbene LED-Silhouette des Flamingos ist eine sch\u00f6ne Dekoration f\u00fcr Ihre Sommerparty oder verleiht Ihrem Zimmer eine moderne Note. Kaufen Sie jetzt und profitieren Sie von einem tollen Ergebnis zum besten Preis.","breadcrumb":{"@id":"https:\/\/decolights.eu\/product\/decorative-neon-led-silhouette-flamingo\/#breadcrumb"},"inLanguage":"de","potentialAction":[{"@type":"ReadAction","target":["https:\/\/decolights.eu\/product\/decorative-neon-led-silhouette-flamingo\/"]}]},{"@type":"ImageObject","inLanguage":"de","@id":"https:\/\/decolights.eu\/product\/decorative-neon-led-silhouette-flamingo\/#primaryimage","url":"https:\/\/decolights.eu\/wp-content\/uploads\/2023\/04\/700-66_M2.png","contentUrl":"https:\/\/decolights.eu\/wp-content\/uploads\/2023\/04\/700-66_M2.png","width":600,"height":602},{"@type":"BreadcrumbList","@id":"https:\/\/decolights.eu\/product\/decorative-neon-led-silhouette-flamingo\/#breadcrumb","itemListElement":[{"@type":"ListItem","position":1,"name":"Shop","item":"https:\/\/decolights.eu\/shop\/"},{"@type":"ListItem","position":2,"name":"Decorative neon LED Silhouette Flamingo"}]},{"@type":"WebSite","@id":"https:\/\/decolights.eu\/#website","url":"https:\/\/decolights.eu\/","name":"Dekolichter","description":"LED-Dekorationen f\u00fcr Haus und Garten","publisher":{"@id":"https:\/\/decolights.eu\/#organization"},"alternateName":"decolights.eu","potentialAction":[{"@type":"SearchAction","target":{"@type":"EntryPoint","urlTemplate":"https:\/\/decolights.eu\/?s={search_term_string}"},"query-input":{"@type":"PropertyValueSpecification","valueRequired":true,"valueName":"search_term_string"}}],"inLanguage":"de"},{"@type":"Organization","@id":"https:\/\/decolights.eu\/#organization","name":"Dekolichter","url":"https:\/\/decolights.eu\/","logo":{"@type":"ImageObject","inLanguage":"de","@id":"https:\/\/decolights.eu\/#\/schema\/logo\/image\/","url":"https:\/\/decolights.eu\/wp-content\/uploads\/2023\/07\/cropped-decolight-siteicon.png","contentUrl":"https:\/\/decolights.eu\/wp-content\/uploads\/2023\/07\/cropped-decolight-siteicon.png","width":512,"height":512,"caption":"decolights"},"image":{"@id":"https:\/\/decolights.eu\/#\/schema\/logo\/image\/"}}]}},"jetpack_sharing_enabled":true,"_links":{"self":[{"href":"https:\/\/decolights.eu\/de\/wp-json\/wp\/v2\/product\/6424","targetHints":{"allow":["GET"]}}],"collection":[{"href":"https:\/\/decolights.eu\/de\/wp-json\/wp\/v2\/product"}],"about":[{"href":"https:\/\/decolights.eu\/de\/wp-json\/wp\/v2\/types\/product"}],"replies":[{"embeddable":true,"href":"https:\/\/decolights.eu\/de\/wp-json\/wp\/v2\/comments?post=6424"}],"wp:featuredmedia":[{"embeddable":true,"href":"https:\/\/decolights.eu\/de\/wp-json\/wp\/v2\/media\/6526"}],"wp:attachment":[{"href":"https:\/\/decolights.eu\/de\/wp-json\/wp\/v2\/media?parent=6424"}],"wp:term":[{"taxonomy":"product_brand","embeddable":true,"href":"https:\/\/decolights.eu\/de\/wp-json\/wp\/v2\/product_brand?post=6424"},{"taxonomy":"product_cat","embeddable":true,"href":"https:\/\/decolights.eu\/de\/wp-json\/wp\/v2\/product_cat?post=6424"},{"taxonomy":"product_tag","embeddable":true,"href":"https:\/\/decolights.eu\/de\/wp-json\/wp\/v2\/product_tag?post=6424"}],"curies":[{"name":"wp","href":"https:\/\/api.w.org\/{rel}","templated":true}]}}