{"id":6454,"date":"2023-04-01T04:45:45","date_gmt":"2023-04-01T04:45:45","guid":{"rendered":"https:\/\/decolights.eu\/?post_type=product&#038;p=6454"},"modified":"2023-05-10T08:49:45","modified_gmt":"2023-05-10T08:49:45","slug":"solar-decoration-squirrel","status":"publish","type":"product","link":"https:\/\/decolights.eu\/de\/produkt-2\/solar-decoration-squirrel\/","title":{"rendered":"Solardekoration Eichh\u00f6rnchen"},"content":{"rendered":"<p>Solardekoration in Form eines Eichh\u00f6rnchens. Gibt nachts ein warmwei\u00dfes Licht.<\/p>\n<ul>\n<li><strong>Farbe:\u00a0<\/strong>braun<\/li>\n<li><strong>LED-Farbe:<\/strong> Warmwei\u00df<\/li>\n<li><strong>Gr\u00f6\u00dfe: <\/strong>12 (Breite) x 16,5 (H\u00f6he) x 8 (Tiefe) CM<\/li>\n<li><strong>IP-Bewertung: <\/strong>IP44<\/li>\n<li><strong>Energiequelle:\u00a0<\/strong>Solar<\/li>\n<li><strong>Timer:\u00a0<\/strong>Im Dunkeln beleuchtet<\/li>\n<li><strong>CE-zertifiziert:\u00a0<\/strong>Ja<\/li>\n<li>1,2V DC<\/li>\n<\/ul>","protected":false},"excerpt":{"rendered":"<p>Solar decoration in the shape of a squirrel. Gives a warm white light in the night time. Colour:\u00a0brown LED colour: warm white Size: 12 (width) x 16.5 (height) x 8 (depth) CM IP Rating: IP44 Power source:\u00a0Solar Timer:\u00a0Lit in the dark CE Certified:\u00a0Yes 1,2V DC<\/p>","protected":false},"featured_media":6579,"comment_status":"open","ping_status":"closed","template":"","meta":[],"product_brand":[],"product_cat":[226,194,231,171],"product_tag":[],"class_list":{"0":"post-6454","1":"product","2":"type-product","3":"status-publish","4":"has-post-thumbnail","6":"product_cat-outdoor-lights","7":"product_cat-solar-decking-lights","8":"product_cat-solar-decking-lights-outdoor-lights","9":"product_cat-solar-lights","10":"pa_brand-deco","11":"pa_led-colour-warm-white","13":"first","14":"instock","15":"sale","16":"shipping-taxable","17":"purchasable","18":"product-type-simple"},"yoast_head":"<!-- This site is optimized with the Yoast SEO plugin v27.3 - https:\/\/yoast.com\/product\/yoast-seo-wordpress\/ -->\n<title>Solar Decoration Squirrel - Best Price Guaranteed - Decolights.eu<\/title>\n<meta name=\"description\" content=\"Beautiful solar decoration squirrel will create magical atmosphere in your garden. Do not miss out best prices and purchase solar squirrel today!\" \/>\n<meta name=\"robots\" content=\"index, follow, max-snippet:-1, max-image-preview:large, max-video-preview:-1\" \/>\n<link rel=\"canonical\" href=\"https:\/\/decolights.eu\/de\/produkt-2\/solar-decoration-squirrel\/\" \/>\n<meta property=\"og:locale\" content=\"de_DE\" \/>\n<meta property=\"og:type\" content=\"article\" \/>\n<meta property=\"og:title\" content=\"Solar Decoration Squirrel - Best Price Guaranteed - Decolights.eu\" \/>\n<meta property=\"og:description\" content=\"Beautiful solar decoration squirrel will create magical atmosphere in your garden. Do not miss out best prices and purchase solar squirrel today!\" \/>\n<meta property=\"og:url\" content=\"https:\/\/decolights.eu\/de\/produkt-2\/solar-decoration-squirrel\/\" \/>\n<meta property=\"og:site_name\" content=\"Decolights.eu\" \/>\n<meta property=\"article:modified_time\" content=\"2023-05-10T08:49:45+00:00\" \/>\n<meta property=\"og:image\" content=\"https:\/\/decolights.eu\/wp-content\/uploads\/2023\/04\/480-73_MB_002.png\" \/>\n\t<meta property=\"og:image:width\" content=\"600\" \/>\n\t<meta property=\"og:image:height\" content=\"600\" \/>\n\t<meta property=\"og:image:type\" content=\"image\/png\" \/>\n<meta name=\"twitter:card\" content=\"summary_large_image\" \/>\n<meta name=\"twitter:label1\" content=\"Gesch\u00e4tzte Lesezeit\" \/>\n\t<meta name=\"twitter:data1\" content=\"1\u00a0Minute\" \/>\n<script type=\"application\/ld+json\" class=\"yoast-schema-graph\">{\"@context\":\"https:\\\/\\\/schema.org\",\"@graph\":[{\"@type\":\"WebPage\",\"@id\":\"https:\\\/\\\/decolights.eu\\\/product\\\/solar-decoration-squirrel\\\/\",\"url\":\"https:\\\/\\\/decolights.eu\\\/product\\\/solar-decoration-squirrel\\\/\",\"name\":\"Solar Decoration Squirrel - Best Price Guaranteed - Decolights.eu\",\"isPartOf\":{\"@id\":\"https:\\\/\\\/decolights.eu\\\/#website\"},\"primaryImageOfPage\":{\"@id\":\"https:\\\/\\\/decolights.eu\\\/product\\\/solar-decoration-squirrel\\\/#primaryimage\"},\"image\":{\"@id\":\"https:\\\/\\\/decolights.eu\\\/product\\\/solar-decoration-squirrel\\\/#primaryimage\"},\"thumbnailUrl\":\"https:\\\/\\\/decolights.eu\\\/wp-content\\\/uploads\\\/2023\\\/04\\\/480-73_MB_002.png\",\"datePublished\":\"2023-04-01T04:45:45+00:00\",\"dateModified\":\"2023-05-10T08:49:45+00:00\",\"description\":\"Beautiful solar decoration squirrel will create magical atmosphere in your garden. Do not miss out best prices and purchase solar squirrel today!\",\"breadcrumb\":{\"@id\":\"https:\\\/\\\/decolights.eu\\\/product\\\/solar-decoration-squirrel\\\/#breadcrumb\"},\"inLanguage\":\"de\",\"potentialAction\":[{\"@type\":\"ReadAction\",\"target\":[\"https:\\\/\\\/decolights.eu\\\/product\\\/solar-decoration-squirrel\\\/\"]}]},{\"@type\":\"ImageObject\",\"inLanguage\":\"de\",\"@id\":\"https:\\\/\\\/decolights.eu\\\/product\\\/solar-decoration-squirrel\\\/#primaryimage\",\"url\":\"https:\\\/\\\/decolights.eu\\\/wp-content\\\/uploads\\\/2023\\\/04\\\/480-73_MB_002.png\",\"contentUrl\":\"https:\\\/\\\/decolights.eu\\\/wp-content\\\/uploads\\\/2023\\\/04\\\/480-73_MB_002.png\",\"width\":600,\"height\":600},{\"@type\":\"BreadcrumbList\",\"@id\":\"https:\\\/\\\/decolights.eu\\\/product\\\/solar-decoration-squirrel\\\/#breadcrumb\",\"itemListElement\":[{\"@type\":\"ListItem\",\"position\":1,\"name\":\"Shop\",\"item\":\"https:\\\/\\\/decolights.eu\\\/shop\\\/\"},{\"@type\":\"ListItem\",\"position\":2,\"name\":\"Solar Decoration Squirrel\"}]},{\"@type\":\"WebSite\",\"@id\":\"https:\\\/\\\/decolights.eu\\\/#website\",\"url\":\"https:\\\/\\\/decolights.eu\\\/\",\"name\":\"decolights\",\"description\":\"Led Decorations for Home and Garden\",\"publisher\":{\"@id\":\"https:\\\/\\\/decolights.eu\\\/#organization\"},\"alternateName\":\"decolights.eu\",\"potentialAction\":[{\"@type\":\"SearchAction\",\"target\":{\"@type\":\"EntryPoint\",\"urlTemplate\":\"https:\\\/\\\/decolights.eu\\\/?s={search_term_string}\"},\"query-input\":{\"@type\":\"PropertyValueSpecification\",\"valueRequired\":true,\"valueName\":\"search_term_string\"}}],\"inLanguage\":\"de\"},{\"@type\":\"Organization\",\"@id\":\"https:\\\/\\\/decolights.eu\\\/#organization\",\"name\":\"decolights\",\"url\":\"https:\\\/\\\/decolights.eu\\\/\",\"logo\":{\"@type\":\"ImageObject\",\"inLanguage\":\"de\",\"@id\":\"https:\\\/\\\/decolights.eu\\\/#\\\/schema\\\/logo\\\/image\\\/\",\"url\":\"https:\\\/\\\/decolights.eu\\\/wp-content\\\/uploads\\\/2023\\\/07\\\/cropped-decolight-siteicon.png\",\"contentUrl\":\"https:\\\/\\\/decolights.eu\\\/wp-content\\\/uploads\\\/2023\\\/07\\\/cropped-decolight-siteicon.png\",\"width\":512,\"height\":512,\"caption\":\"decolights\"},\"image\":{\"@id\":\"https:\\\/\\\/decolights.eu\\\/#\\\/schema\\\/logo\\\/image\\\/\"}}]}<\/script>\n<!-- \/ Yoast SEO plugin. -->","yoast_head_json":{"title":"Solardekoration Eichh\u00f6rnchen - Bester Preis garantiert - Decolights.eu","description":"Die wundersch\u00f6ne Solardekoration Eichh\u00f6rnchen wird eine magische Atmosph\u00e4re in Ihrem Garten schaffen. Verpassen Sie nicht die besten Preise und kaufen Sie noch heute Solar-Eichh\u00f6rnchen!","robots":{"index":"index","follow":"follow","max-snippet":"max-snippet:-1","max-image-preview":"max-image-preview:large","max-video-preview":"max-video-preview:-1"},"canonical":"https:\/\/decolights.eu\/de\/produkt-2\/solar-decoration-squirrel\/","og_locale":"de_DE","og_type":"article","og_title":"Solar Decoration Squirrel - Best Price Guaranteed - Decolights.eu","og_description":"Beautiful solar decoration squirrel will create magical atmosphere in your garden. Do not miss out best prices and purchase solar squirrel today!","og_url":"https:\/\/decolights.eu\/de\/produkt-2\/solar-decoration-squirrel\/","og_site_name":"Decolights.eu","article_modified_time":"2023-05-10T08:49:45+00:00","og_image":[{"width":600,"height":600,"url":"https:\/\/decolights.eu\/wp-content\/uploads\/2023\/04\/480-73_MB_002.png","type":"image\/png"}],"twitter_card":"summary_large_image","twitter_misc":{"Gesch\u00e4tzte Lesezeit":"1\u00a0Minute"},"schema":{"@context":"https:\/\/schema.org","@graph":[{"@type":"WebPage","@id":"https:\/\/decolights.eu\/product\/solar-decoration-squirrel\/","url":"https:\/\/decolights.eu\/product\/solar-decoration-squirrel\/","name":"Solardekoration Eichh\u00f6rnchen - Bester Preis garantiert - Decolights.eu","isPartOf":{"@id":"https:\/\/decolights.eu\/#website"},"primaryImageOfPage":{"@id":"https:\/\/decolights.eu\/product\/solar-decoration-squirrel\/#primaryimage"},"image":{"@id":"https:\/\/decolights.eu\/product\/solar-decoration-squirrel\/#primaryimage"},"thumbnailUrl":"https:\/\/decolights.eu\/wp-content\/uploads\/2023\/04\/480-73_MB_002.png","datePublished":"2023-04-01T04:45:45+00:00","dateModified":"2023-05-10T08:49:45+00:00","description":"Die wundersch\u00f6ne Solardekoration Eichh\u00f6rnchen wird eine magische Atmosph\u00e4re in Ihrem Garten schaffen. Verpassen Sie nicht die besten Preise und kaufen Sie noch heute Solar-Eichh\u00f6rnchen!","breadcrumb":{"@id":"https:\/\/decolights.eu\/product\/solar-decoration-squirrel\/#breadcrumb"},"inLanguage":"de","potentialAction":[{"@type":"ReadAction","target":["https:\/\/decolights.eu\/product\/solar-decoration-squirrel\/"]}]},{"@type":"ImageObject","inLanguage":"de","@id":"https:\/\/decolights.eu\/product\/solar-decoration-squirrel\/#primaryimage","url":"https:\/\/decolights.eu\/wp-content\/uploads\/2023\/04\/480-73_MB_002.png","contentUrl":"https:\/\/decolights.eu\/wp-content\/uploads\/2023\/04\/480-73_MB_002.png","width":600,"height":600},{"@type":"BreadcrumbList","@id":"https:\/\/decolights.eu\/product\/solar-decoration-squirrel\/#breadcrumb","itemListElement":[{"@type":"ListItem","position":1,"name":"Shop","item":"https:\/\/decolights.eu\/shop\/"},{"@type":"ListItem","position":2,"name":"Solar Decoration Squirrel"}]},{"@type":"WebSite","@id":"https:\/\/decolights.eu\/#website","url":"https:\/\/decolights.eu\/","name":"Dekolichter","description":"LED-Dekorationen f\u00fcr Haus und Garten","publisher":{"@id":"https:\/\/decolights.eu\/#organization"},"alternateName":"decolights.eu","potentialAction":[{"@type":"SearchAction","target":{"@type":"EntryPoint","urlTemplate":"https:\/\/decolights.eu\/?s={search_term_string}"},"query-input":{"@type":"PropertyValueSpecification","valueRequired":true,"valueName":"search_term_string"}}],"inLanguage":"de"},{"@type":"Organization","@id":"https:\/\/decolights.eu\/#organization","name":"Dekolichter","url":"https:\/\/decolights.eu\/","logo":{"@type":"ImageObject","inLanguage":"de","@id":"https:\/\/decolights.eu\/#\/schema\/logo\/image\/","url":"https:\/\/decolights.eu\/wp-content\/uploads\/2023\/07\/cropped-decolight-siteicon.png","contentUrl":"https:\/\/decolights.eu\/wp-content\/uploads\/2023\/07\/cropped-decolight-siteicon.png","width":512,"height":512,"caption":"decolights"},"image":{"@id":"https:\/\/decolights.eu\/#\/schema\/logo\/image\/"}}]}},"jetpack_sharing_enabled":true,"_links":{"self":[{"href":"https:\/\/decolights.eu\/de\/wp-json\/wp\/v2\/product\/6454","targetHints":{"allow":["GET"]}}],"collection":[{"href":"https:\/\/decolights.eu\/de\/wp-json\/wp\/v2\/product"}],"about":[{"href":"https:\/\/decolights.eu\/de\/wp-json\/wp\/v2\/types\/product"}],"replies":[{"embeddable":true,"href":"https:\/\/decolights.eu\/de\/wp-json\/wp\/v2\/comments?post=6454"}],"wp:featuredmedia":[{"embeddable":true,"href":"https:\/\/decolights.eu\/de\/wp-json\/wp\/v2\/media\/6579"}],"wp:attachment":[{"href":"https:\/\/decolights.eu\/de\/wp-json\/wp\/v2\/media?parent=6454"}],"wp:term":[{"taxonomy":"product_brand","embeddable":true,"href":"https:\/\/decolights.eu\/de\/wp-json\/wp\/v2\/product_brand?post=6454"},{"taxonomy":"product_cat","embeddable":true,"href":"https:\/\/decolights.eu\/de\/wp-json\/wp\/v2\/product_cat?post=6454"},{"taxonomy":"product_tag","embeddable":true,"href":"https:\/\/decolights.eu\/de\/wp-json\/wp\/v2\/product_tag?post=6454"}],"curies":[{"name":"wp","href":"https:\/\/api.w.org\/{rel}","templated":true}]}}