{"id":6474,"date":"2023-04-01T04:46:12","date_gmt":"2023-04-01T04:46:12","guid":{"rendered":"https:\/\/decolights.eu\/?post_type=product&#038;p=6474"},"modified":"2023-05-10T09:14:58","modified_gmt":"2023-05-10T09:14:58","slug":"memorial-led-candle-transparent","status":"publish","type":"product","link":"https:\/\/decolights.eu\/de\/produkt-2\/memorial-led-candle-transparent\/","title":{"rendered":"Gedenk-LED-Kerze transparent"},"content":{"rendered":"<p>Grabkerze in mattierter Farbe mit warmwei\u00dfem LED-Licht. Die Kerze hat eine besonders lange Brenndauer (1000 Stunden).<\/p>\n<ul>\n<li><strong>Kerzenfarbe:<\/strong> Weiss<\/li>\n<li dir=\"ltr\" data-placeholder=\"Translation\"><strong>LED-Farbe:<\/strong> Warmwei\u00df<\/li>\n<li dir=\"ltr\" data-placeholder=\"Translation\"><strong>Gr\u00f6\u00dfe: <\/strong>15,5 cm<\/li>\n<li dir=\"ltr\" data-placeholder=\"Translation\"><strong>Stromquelle:<\/strong> 2 x AA-Batterien (nicht im Lieferumfang enthalten)<\/li>\n<li dir=\"ltr\" data-placeholder=\"Translation\"><strong>IP-Bewertung:<\/strong> IP44<\/li>\n<li dir=\"ltr\" data-placeholder=\"Translation\"><strong>CE-zertifiziert:<\/strong> Ja<\/li>\n<\/ul>\n<p>&nbsp;<\/p>","protected":false},"excerpt":{"rendered":"<p>Grave candle in frosted colour with a warm white LED light. Candle has extra long burning time (1000 hours). Candle colour: white LED Colour: warm white Size: 15.5 cm Power souce: 2 x AA batteries (not included) IP Rating: IP44 CE certified: Yes &nbsp;<\/p>","protected":false},"featured_media":4478,"comment_status":"open","ping_status":"closed","template":"","meta":[],"product_brand":[],"product_cat":[226,234],"product_tag":[],"class_list":{"0":"post-6474","1":"product","2":"type-product","3":"status-publish","4":"has-post-thumbnail","6":"product_cat-outdoor-lights","7":"product_cat-outside-led-candles","8":"pa_brand-deco","9":"pa_led-colour-warm-white","11":"first","12":"instock","13":"sale","14":"shipping-taxable","15":"purchasable","16":"product-type-simple"},"yoast_head":"<!-- This site is optimized with the Yoast SEO plugin v27.3 - https:\/\/yoast.com\/product\/yoast-seo-wordpress\/ -->\n<title>Memorial LED Candle transparent - Decolights.eu<\/title>\n<meta name=\"description\" content=\"The memorial LED Candle has long burn time and gives a nice light. It is safe option for the graves. Buy LED Candles today for the best prices!\" \/>\n<meta name=\"robots\" content=\"index, follow, max-snippet:-1, max-image-preview:large, max-video-preview:-1\" \/>\n<link rel=\"canonical\" href=\"https:\/\/decolights.eu\/de\/produkt-2\/memorial-led-candle-transparent\/\" \/>\n<meta property=\"og:locale\" content=\"de_DE\" \/>\n<meta property=\"og:type\" content=\"article\" \/>\n<meta property=\"og:title\" content=\"Memorial LED Candle transparent - Decolights.eu\" \/>\n<meta property=\"og:description\" content=\"The memorial LED Candle has long burn time and gives a nice light. It is safe option for the graves. Buy LED Candles today for the best prices!\" \/>\n<meta property=\"og:url\" content=\"https:\/\/decolights.eu\/de\/produkt-2\/memorial-led-candle-transparent\/\" \/>\n<meta property=\"og:site_name\" content=\"Decolights.eu\" \/>\n<meta property=\"article:modified_time\" content=\"2023-05-10T09:14:58+00:00\" \/>\n<meta property=\"og:image\" content=\"https:\/\/decolights.eu\/wp-content\/uploads\/2023\/04\/068-99-60_M2.png\" \/>\n\t<meta property=\"og:image:width\" content=\"600\" \/>\n\t<meta property=\"og:image:height\" content=\"602\" \/>\n\t<meta property=\"og:image:type\" content=\"image\/png\" \/>\n<meta name=\"twitter:card\" content=\"summary_large_image\" \/>\n<meta name=\"twitter:label1\" content=\"Gesch\u00e4tzte Lesezeit\" \/>\n\t<meta name=\"twitter:data1\" content=\"1\u00a0Minute\" \/>\n<script type=\"application\/ld+json\" class=\"yoast-schema-graph\">{\"@context\":\"https:\\\/\\\/schema.org\",\"@graph\":[{\"@type\":\"WebPage\",\"@id\":\"https:\\\/\\\/decolights.eu\\\/product\\\/memorial-led-candle-transparent\\\/\",\"url\":\"https:\\\/\\\/decolights.eu\\\/product\\\/memorial-led-candle-transparent\\\/\",\"name\":\"Memorial LED Candle transparent - Decolights.eu\",\"isPartOf\":{\"@id\":\"https:\\\/\\\/decolights.eu\\\/#website\"},\"primaryImageOfPage\":{\"@id\":\"https:\\\/\\\/decolights.eu\\\/product\\\/memorial-led-candle-transparent\\\/#primaryimage\"},\"image\":{\"@id\":\"https:\\\/\\\/decolights.eu\\\/product\\\/memorial-led-candle-transparent\\\/#primaryimage\"},\"thumbnailUrl\":\"https:\\\/\\\/decolights.eu\\\/wp-content\\\/uploads\\\/2023\\\/04\\\/068-99-60_M2.png\",\"datePublished\":\"2023-04-01T04:46:12+00:00\",\"dateModified\":\"2023-05-10T09:14:58+00:00\",\"description\":\"The memorial LED Candle has long burn time and gives a nice light. It is safe option for the graves. Buy LED Candles today for the best prices!\",\"breadcrumb\":{\"@id\":\"https:\\\/\\\/decolights.eu\\\/product\\\/memorial-led-candle-transparent\\\/#breadcrumb\"},\"inLanguage\":\"de\",\"potentialAction\":[{\"@type\":\"ReadAction\",\"target\":[\"https:\\\/\\\/decolights.eu\\\/product\\\/memorial-led-candle-transparent\\\/\"]}]},{\"@type\":\"ImageObject\",\"inLanguage\":\"de\",\"@id\":\"https:\\\/\\\/decolights.eu\\\/product\\\/memorial-led-candle-transparent\\\/#primaryimage\",\"url\":\"https:\\\/\\\/decolights.eu\\\/wp-content\\\/uploads\\\/2023\\\/04\\\/068-99-60_M2.png\",\"contentUrl\":\"https:\\\/\\\/decolights.eu\\\/wp-content\\\/uploads\\\/2023\\\/04\\\/068-99-60_M2.png\",\"width\":600,\"height\":602},{\"@type\":\"BreadcrumbList\",\"@id\":\"https:\\\/\\\/decolights.eu\\\/product\\\/memorial-led-candle-transparent\\\/#breadcrumb\",\"itemListElement\":[{\"@type\":\"ListItem\",\"position\":1,\"name\":\"Shop\",\"item\":\"https:\\\/\\\/decolights.eu\\\/shop\\\/\"},{\"@type\":\"ListItem\",\"position\":2,\"name\":\"Memorial LED Candle transparent\"}]},{\"@type\":\"WebSite\",\"@id\":\"https:\\\/\\\/decolights.eu\\\/#website\",\"url\":\"https:\\\/\\\/decolights.eu\\\/\",\"name\":\"decolights\",\"description\":\"Led Decorations for Home and Garden\",\"publisher\":{\"@id\":\"https:\\\/\\\/decolights.eu\\\/#organization\"},\"alternateName\":\"decolights.eu\",\"potentialAction\":[{\"@type\":\"SearchAction\",\"target\":{\"@type\":\"EntryPoint\",\"urlTemplate\":\"https:\\\/\\\/decolights.eu\\\/?s={search_term_string}\"},\"query-input\":{\"@type\":\"PropertyValueSpecification\",\"valueRequired\":true,\"valueName\":\"search_term_string\"}}],\"inLanguage\":\"de\"},{\"@type\":\"Organization\",\"@id\":\"https:\\\/\\\/decolights.eu\\\/#organization\",\"name\":\"decolights\",\"url\":\"https:\\\/\\\/decolights.eu\\\/\",\"logo\":{\"@type\":\"ImageObject\",\"inLanguage\":\"de\",\"@id\":\"https:\\\/\\\/decolights.eu\\\/#\\\/schema\\\/logo\\\/image\\\/\",\"url\":\"https:\\\/\\\/decolights.eu\\\/wp-content\\\/uploads\\\/2023\\\/07\\\/cropped-decolight-siteicon.png\",\"contentUrl\":\"https:\\\/\\\/decolights.eu\\\/wp-content\\\/uploads\\\/2023\\\/07\\\/cropped-decolight-siteicon.png\",\"width\":512,\"height\":512,\"caption\":\"decolights\"},\"image\":{\"@id\":\"https:\\\/\\\/decolights.eu\\\/#\\\/schema\\\/logo\\\/image\\\/\"}}]}<\/script>\n<!-- \/ Yoast SEO plugin. -->","yoast_head_json":{"title":"LED-Ged\u00e4chtniskerze transparent - Decolights.eu","description":"Die LED-Gedenkkerze hat eine lange Brenndauer und gibt ein sch\u00f6nes Licht. Es ist eine sichere Option f\u00fcr die Gr\u00e4ber. Kaufen Sie noch heute LED-Kerzen zu den besten Preisen!","robots":{"index":"index","follow":"follow","max-snippet":"max-snippet:-1","max-image-preview":"max-image-preview:large","max-video-preview":"max-video-preview:-1"},"canonical":"https:\/\/decolights.eu\/de\/produkt-2\/memorial-led-candle-transparent\/","og_locale":"de_DE","og_type":"article","og_title":"Memorial LED Candle transparent - Decolights.eu","og_description":"The memorial LED Candle has long burn time and gives a nice light. It is safe option for the graves. Buy LED Candles today for the best prices!","og_url":"https:\/\/decolights.eu\/de\/produkt-2\/memorial-led-candle-transparent\/","og_site_name":"Decolights.eu","article_modified_time":"2023-05-10T09:14:58+00:00","og_image":[{"width":600,"height":602,"url":"https:\/\/decolights.eu\/wp-content\/uploads\/2023\/04\/068-99-60_M2.png","type":"image\/png"}],"twitter_card":"summary_large_image","twitter_misc":{"Gesch\u00e4tzte Lesezeit":"1\u00a0Minute"},"schema":{"@context":"https:\/\/schema.org","@graph":[{"@type":"WebPage","@id":"https:\/\/decolights.eu\/product\/memorial-led-candle-transparent\/","url":"https:\/\/decolights.eu\/product\/memorial-led-candle-transparent\/","name":"LED-Ged\u00e4chtniskerze transparent - Decolights.eu","isPartOf":{"@id":"https:\/\/decolights.eu\/#website"},"primaryImageOfPage":{"@id":"https:\/\/decolights.eu\/product\/memorial-led-candle-transparent\/#primaryimage"},"image":{"@id":"https:\/\/decolights.eu\/product\/memorial-led-candle-transparent\/#primaryimage"},"thumbnailUrl":"https:\/\/decolights.eu\/wp-content\/uploads\/2023\/04\/068-99-60_M2.png","datePublished":"2023-04-01T04:46:12+00:00","dateModified":"2023-05-10T09:14:58+00:00","description":"Die LED-Gedenkkerze hat eine lange Brenndauer und gibt ein sch\u00f6nes Licht. Es ist eine sichere Option f\u00fcr die Gr\u00e4ber. Kaufen Sie noch heute LED-Kerzen zu den besten Preisen!","breadcrumb":{"@id":"https:\/\/decolights.eu\/product\/memorial-led-candle-transparent\/#breadcrumb"},"inLanguage":"de","potentialAction":[{"@type":"ReadAction","target":["https:\/\/decolights.eu\/product\/memorial-led-candle-transparent\/"]}]},{"@type":"ImageObject","inLanguage":"de","@id":"https:\/\/decolights.eu\/product\/memorial-led-candle-transparent\/#primaryimage","url":"https:\/\/decolights.eu\/wp-content\/uploads\/2023\/04\/068-99-60_M2.png","contentUrl":"https:\/\/decolights.eu\/wp-content\/uploads\/2023\/04\/068-99-60_M2.png","width":600,"height":602},{"@type":"BreadcrumbList","@id":"https:\/\/decolights.eu\/product\/memorial-led-candle-transparent\/#breadcrumb","itemListElement":[{"@type":"ListItem","position":1,"name":"Shop","item":"https:\/\/decolights.eu\/shop\/"},{"@type":"ListItem","position":2,"name":"Memorial LED Candle transparent"}]},{"@type":"WebSite","@id":"https:\/\/decolights.eu\/#website","url":"https:\/\/decolights.eu\/","name":"Dekolichter","description":"LED-Dekorationen f\u00fcr Haus und Garten","publisher":{"@id":"https:\/\/decolights.eu\/#organization"},"alternateName":"decolights.eu","potentialAction":[{"@type":"SearchAction","target":{"@type":"EntryPoint","urlTemplate":"https:\/\/decolights.eu\/?s={search_term_string}"},"query-input":{"@type":"PropertyValueSpecification","valueRequired":true,"valueName":"search_term_string"}}],"inLanguage":"de"},{"@type":"Organization","@id":"https:\/\/decolights.eu\/#organization","name":"Dekolichter","url":"https:\/\/decolights.eu\/","logo":{"@type":"ImageObject","inLanguage":"de","@id":"https:\/\/decolights.eu\/#\/schema\/logo\/image\/","url":"https:\/\/decolights.eu\/wp-content\/uploads\/2023\/07\/cropped-decolight-siteicon.png","contentUrl":"https:\/\/decolights.eu\/wp-content\/uploads\/2023\/07\/cropped-decolight-siteicon.png","width":512,"height":512,"caption":"decolights"},"image":{"@id":"https:\/\/decolights.eu\/#\/schema\/logo\/image\/"}}]}},"jetpack_sharing_enabled":true,"_links":{"self":[{"href":"https:\/\/decolights.eu\/de\/wp-json\/wp\/v2\/product\/6474","targetHints":{"allow":["GET"]}}],"collection":[{"href":"https:\/\/decolights.eu\/de\/wp-json\/wp\/v2\/product"}],"about":[{"href":"https:\/\/decolights.eu\/de\/wp-json\/wp\/v2\/types\/product"}],"replies":[{"embeddable":true,"href":"https:\/\/decolights.eu\/de\/wp-json\/wp\/v2\/comments?post=6474"}],"wp:featuredmedia":[{"embeddable":true,"href":"https:\/\/decolights.eu\/de\/wp-json\/wp\/v2\/media\/4478"}],"wp:attachment":[{"href":"https:\/\/decolights.eu\/de\/wp-json\/wp\/v2\/media?parent=6474"}],"wp:term":[{"taxonomy":"product_brand","embeddable":true,"href":"https:\/\/decolights.eu\/de\/wp-json\/wp\/v2\/product_brand?post=6474"},{"taxonomy":"product_cat","embeddable":true,"href":"https:\/\/decolights.eu\/de\/wp-json\/wp\/v2\/product_cat?post=6474"},{"taxonomy":"product_tag","embeddable":true,"href":"https:\/\/decolights.eu\/de\/wp-json\/wp\/v2\/product_tag?post=6474"}],"curies":[{"name":"wp","href":"https:\/\/api.w.org\/{rel}","templated":true}]}}