{"id":43724,"date":"2023-04-24T14:39:05","date_gmt":"2023-04-24T14:39:05","guid":{"rendered":"https:\/\/decolights.eu\/?post_type=product&#038;p=43724"},"modified":"2023-06-09T09:54:45","modified_gmt":"2023-06-09T09:54:45","slug":"led-lambiketi-komplekt-rippuvate-pesadega-4-5m-10-pirni-paikesepaneeliga","status":"publish","type":"product","link":"https:\/\/decolights.eu\/es\/producto-2\/led-lambiketi-komplekt-rippuvate-pesadega-4-5m-10-pirni-paikesepaneeliga\/","title":{"rendered":"Luces LED tipo fest\u00f3n con bombillas colgantes Energ\u00eda solar 4,5 m 10 bombillas"},"content":{"rendered":"<p>La bombilla colgante es un producto extraordinario, perfecto para una iluminaci\u00f3n decorativa y pr\u00e1ctica en el jard\u00edn o en una parcela. Tambi\u00e9n es un muy buen accesorio de iluminaci\u00f3n para decorar un restaurante u oficina. Llama la atenci\u00f3n sobre s\u00ed mismo y crea un resultado y un estado de \u00e1nimo muy hermosos.<\/p>\n<p>El producto tiene un panel solar que lo hace eficiente energ\u00e9ticamente. \u00a1Coloca el panel solar en un lugar soleado y disfruta del resultado todas las noches!<\/p>\n<ul>\n<li>Longitud total del producto: 6,6 M<\/li>\n<li>N\u00famero de celdas: 10 piezas<\/li>\n<li>Z\u00f3calos: E27 \/ G45<\/li>\n<li>Bombillas: 10 bombillas blancas c\u00e1lidas E27.<\/li>\n<li>Potencia de la bombilla: 1W<\/li>\n<li>Di\u00e1metro de la bombilla: 4 cm<\/li>\n<li>Longitud de las partes colgantes: 25 cm<\/li>\n<li>Espaciado entre enchufes: 0,5 M<\/li>\n<li>Longitud del cable de alimentaci\u00f3n: 1,6 M<\/li>\n<li>Clasificaci\u00f3n de resistencia al agua: IP44<\/li>\n<li>Plomo: PVC<\/li>\n<li>Color del cable: Negro<\/li>\n<li>Corriente de salida: 24V<\/li>\n<li>Continuo: S\u00ed, hasta 5<\/li>\n<\/ul>\n<p>NB: \u00a1Este es un juego completo, que incluye cadena de l\u00e1mparas y bombillas! Las bombillas son intercambiables.<\/p>","protected":false},"excerpt":{"rendered":"<p>The hanging light bulb is a remarkable product that is perfect for decorative and practical lighting in the garden or on a plot. It&#8217;s also a very good lighting fixture for decorating a restaurant or office. It draws attention to itself and creates a very beautiful result and mood. The product has a solar panel [&#8230;]\n","protected":false},"featured_media":43791,"comment_status":"open","ping_status":"closed","template":"","meta":[],"product_brand":[],"product_cat":[226,232,195,171],"product_tag":[],"class_list":{"0":"post-43724","1":"product","2":"type-product","3":"status-publish","4":"has-post-thumbnail","6":"product_cat-outdoor-lights","7":"product_cat-solar-festoon-lights-outdoor-lights","8":"product_cat-solar-festoon-lights","9":"product_cat-solar-lights","11":"first","12":"instock","13":"sale","14":"shipping-taxable","15":"purchasable","16":"product-type-simple"},"yoast_head":"<!-- This site is optimized with the Yoast SEO plugin v27.3 - https:\/\/yoast.com\/product\/yoast-seo-wordpress\/ -->\n<title>Festoon LED Lights with hanging bulbs Solarpowered 4.5m 10 bulbs - Decolights.eu<\/title>\n<meta name=\"description\" content=\"P\u00e4ikesepaneeliga LED lambikett on suve terasside lahutamatu osa! Kaunista sellega nii oma koduaed kui ka restorani v\u00f5i kontori hoov. Osta kohe!\" \/>\n<meta name=\"robots\" content=\"index, follow, max-snippet:-1, max-image-preview:large, max-video-preview:-1\" \/>\n<link rel=\"canonical\" href=\"https:\/\/decolights.eu\/es\/producto-2\/led-lambiketi-komplekt-rippuvate-pesadega-4-5m-10-pirni-paikesepaneeliga\/\" \/>\n<meta property=\"og:locale\" content=\"es_ES\" \/>\n<meta property=\"og:type\" content=\"article\" \/>\n<meta property=\"og:title\" content=\"Festoon LED Lights with hanging bulbs Solarpowered 4.5m 10 bulbs - Decolights.eu\" \/>\n<meta property=\"og:description\" content=\"P\u00e4ikesepaneeliga LED lambikett on suve terasside lahutamatu osa! Kaunista sellega nii oma koduaed kui ka restorani v\u00f5i kontori hoov. Osta kohe!\" \/>\n<meta property=\"og:url\" content=\"https:\/\/decolights.eu\/es\/producto-2\/led-lambiketi-komplekt-rippuvate-pesadega-4-5m-10-pirni-paikesepaneeliga\/\" \/>\n<meta property=\"og:site_name\" content=\"Decolights.eu\" \/>\n<meta property=\"article:modified_time\" content=\"2023-06-09T09:54:45+00:00\" \/>\n<meta property=\"og:image\" content=\"https:\/\/decolights.eu\/wp-content\/uploads\/2023\/05\/23534_s.jpg\" \/>\n\t<meta property=\"og:image:width\" content=\"1417\" \/>\n\t<meta property=\"og:image:height\" content=\"1093\" \/>\n\t<meta property=\"og:image:type\" content=\"image\/jpeg\" \/>\n<meta name=\"twitter:card\" content=\"summary_large_image\" \/>\n<meta name=\"twitter:label1\" content=\"Tiempo de lectura\" \/>\n\t<meta name=\"twitter:data1\" content=\"1 minuto\" \/>\n<script type=\"application\/ld+json\" class=\"yoast-schema-graph\">{\"@context\":\"https:\\\/\\\/schema.org\",\"@graph\":[{\"@type\":\"WebPage\",\"@id\":\"https:\\\/\\\/decolights.eu\\\/product\\\/led-lambiketi-komplekt-rippuvate-pesadega-4-5m-10-pirni-paikesepaneeliga\\\/\",\"url\":\"https:\\\/\\\/decolights.eu\\\/product\\\/led-lambiketi-komplekt-rippuvate-pesadega-4-5m-10-pirni-paikesepaneeliga\\\/\",\"name\":\"Festoon LED Lights with hanging bulbs Solarpowered 4.5m 10 bulbs - Decolights.eu\",\"isPartOf\":{\"@id\":\"https:\\\/\\\/decolights.eu\\\/#website\"},\"primaryImageOfPage\":{\"@id\":\"https:\\\/\\\/decolights.eu\\\/product\\\/led-lambiketi-komplekt-rippuvate-pesadega-4-5m-10-pirni-paikesepaneeliga\\\/#primaryimage\"},\"image\":{\"@id\":\"https:\\\/\\\/decolights.eu\\\/product\\\/led-lambiketi-komplekt-rippuvate-pesadega-4-5m-10-pirni-paikesepaneeliga\\\/#primaryimage\"},\"thumbnailUrl\":\"https:\\\/\\\/decolights.eu\\\/wp-content\\\/uploads\\\/2023\\\/05\\\/23534_s.jpg\",\"datePublished\":\"2023-04-24T14:39:05+00:00\",\"dateModified\":\"2023-06-09T09:54:45+00:00\",\"description\":\"P\u00e4ikesepaneeliga LED lambikett on suve terasside lahutamatu osa! Kaunista sellega nii oma koduaed kui ka restorani v\u00f5i kontori hoov. Osta kohe!\",\"breadcrumb\":{\"@id\":\"https:\\\/\\\/decolights.eu\\\/product\\\/led-lambiketi-komplekt-rippuvate-pesadega-4-5m-10-pirni-paikesepaneeliga\\\/#breadcrumb\"},\"inLanguage\":\"es\",\"potentialAction\":[{\"@type\":\"ReadAction\",\"target\":[\"https:\\\/\\\/decolights.eu\\\/product\\\/led-lambiketi-komplekt-rippuvate-pesadega-4-5m-10-pirni-paikesepaneeliga\\\/\"]}]},{\"@type\":\"ImageObject\",\"inLanguage\":\"es\",\"@id\":\"https:\\\/\\\/decolights.eu\\\/product\\\/led-lambiketi-komplekt-rippuvate-pesadega-4-5m-10-pirni-paikesepaneeliga\\\/#primaryimage\",\"url\":\"https:\\\/\\\/decolights.eu\\\/wp-content\\\/uploads\\\/2023\\\/05\\\/23534_s.jpg\",\"contentUrl\":\"https:\\\/\\\/decolights.eu\\\/wp-content\\\/uploads\\\/2023\\\/05\\\/23534_s.jpg\",\"width\":1417,\"height\":1093},{\"@type\":\"BreadcrumbList\",\"@id\":\"https:\\\/\\\/decolights.eu\\\/product\\\/led-lambiketi-komplekt-rippuvate-pesadega-4-5m-10-pirni-paikesepaneeliga\\\/#breadcrumb\",\"itemListElement\":[{\"@type\":\"ListItem\",\"position\":1,\"name\":\"Shop\",\"item\":\"https:\\\/\\\/decolights.eu\\\/shop\\\/\"},{\"@type\":\"ListItem\",\"position\":2,\"name\":\"Festoon LED Lights with hanging bulbs Solarpowered 4.5m 10 bulbs\"}]},{\"@type\":\"WebSite\",\"@id\":\"https:\\\/\\\/decolights.eu\\\/#website\",\"url\":\"https:\\\/\\\/decolights.eu\\\/\",\"name\":\"decolights\",\"description\":\"Led Decorations for Home and Garden\",\"publisher\":{\"@id\":\"https:\\\/\\\/decolights.eu\\\/#organization\"},\"alternateName\":\"decolights.eu\",\"potentialAction\":[{\"@type\":\"SearchAction\",\"target\":{\"@type\":\"EntryPoint\",\"urlTemplate\":\"https:\\\/\\\/decolights.eu\\\/?s={search_term_string}\"},\"query-input\":{\"@type\":\"PropertyValueSpecification\",\"valueRequired\":true,\"valueName\":\"search_term_string\"}}],\"inLanguage\":\"es\"},{\"@type\":\"Organization\",\"@id\":\"https:\\\/\\\/decolights.eu\\\/#organization\",\"name\":\"decolights\",\"url\":\"https:\\\/\\\/decolights.eu\\\/\",\"logo\":{\"@type\":\"ImageObject\",\"inLanguage\":\"es\",\"@id\":\"https:\\\/\\\/decolights.eu\\\/#\\\/schema\\\/logo\\\/image\\\/\",\"url\":\"https:\\\/\\\/decolights.eu\\\/wp-content\\\/uploads\\\/2023\\\/07\\\/cropped-decolight-siteicon.png\",\"contentUrl\":\"https:\\\/\\\/decolights.eu\\\/wp-content\\\/uploads\\\/2023\\\/07\\\/cropped-decolight-siteicon.png\",\"width\":512,\"height\":512,\"caption\":\"decolights\"},\"image\":{\"@id\":\"https:\\\/\\\/decolights.eu\\\/#\\\/schema\\\/logo\\\/image\\\/\"}}]}<\/script>\n<!-- \/ Yoast SEO plugin. -->","yoast_head_json":{"title":"Guirnalda LED con bombillas colgantes Solar 4,5m 10 bombillas - Decolights.eu","description":"P\u00e4ikesepaneeliga LED lambikett on suve terasside lahutamatu osa! Kaunista sellega nii oma koduaed kui ka restaurani v\u00f5i kontori hoov. Osta kohe!","robots":{"index":"index","follow":"follow","max-snippet":"max-snippet:-1","max-image-preview":"max-image-preview:large","max-video-preview":"max-video-preview:-1"},"canonical":"https:\/\/decolights.eu\/es\/producto-2\/led-lambiketi-komplekt-rippuvate-pesadega-4-5m-10-pirni-paikesepaneeliga\/","og_locale":"es_ES","og_type":"article","og_title":"Festoon LED Lights with hanging bulbs Solarpowered 4.5m 10 bulbs - Decolights.eu","og_description":"P\u00e4ikesepaneeliga LED lambikett on suve terasside lahutamatu osa! Kaunista sellega nii oma koduaed kui ka restorani v\u00f5i kontori hoov. Osta kohe!","og_url":"https:\/\/decolights.eu\/es\/producto-2\/led-lambiketi-komplekt-rippuvate-pesadega-4-5m-10-pirni-paikesepaneeliga\/","og_site_name":"Decolights.eu","article_modified_time":"2023-06-09T09:54:45+00:00","og_image":[{"width":1417,"height":1093,"url":"https:\/\/decolights.eu\/wp-content\/uploads\/2023\/05\/23534_s.jpg","type":"image\/jpeg"}],"twitter_card":"summary_large_image","twitter_misc":{"Tiempo de lectura":"1 minuto"},"schema":{"@context":"https:\/\/schema.org","@graph":[{"@type":"WebPage","@id":"https:\/\/decolights.eu\/product\/led-lambiketi-komplekt-rippuvate-pesadega-4-5m-10-pirni-paikesepaneeliga\/","url":"https:\/\/decolights.eu\/product\/led-lambiketi-komplekt-rippuvate-pesadega-4-5m-10-pirni-paikesepaneeliga\/","name":"Guirnalda LED con bombillas colgantes Solar 4,5m 10 bombillas - Decolights.eu","isPartOf":{"@id":"https:\/\/decolights.eu\/#website"},"primaryImageOfPage":{"@id":"https:\/\/decolights.eu\/product\/led-lambiketi-komplekt-rippuvate-pesadega-4-5m-10-pirni-paikesepaneeliga\/#primaryimage"},"image":{"@id":"https:\/\/decolights.eu\/product\/led-lambiketi-komplekt-rippuvate-pesadega-4-5m-10-pirni-paikesepaneeliga\/#primaryimage"},"thumbnailUrl":"https:\/\/decolights.eu\/wp-content\/uploads\/2023\/05\/23534_s.jpg","datePublished":"2023-04-24T14:39:05+00:00","dateModified":"2023-06-09T09:54:45+00:00","description":"P\u00e4ikesepaneeliga LED lambikett on suve terasside lahutamatu osa! Kaunista sellega nii oma koduaed kui ka restaurani v\u00f5i kontori hoov. Osta kohe!","breadcrumb":{"@id":"https:\/\/decolights.eu\/product\/led-lambiketi-komplekt-rippuvate-pesadega-4-5m-10-pirni-paikesepaneeliga\/#breadcrumb"},"inLanguage":"es","potentialAction":[{"@type":"ReadAction","target":["https:\/\/decolights.eu\/product\/led-lambiketi-komplekt-rippuvate-pesadega-4-5m-10-pirni-paikesepaneeliga\/"]}]},{"@type":"ImageObject","inLanguage":"es","@id":"https:\/\/decolights.eu\/product\/led-lambiketi-komplekt-rippuvate-pesadega-4-5m-10-pirni-paikesepaneeliga\/#primaryimage","url":"https:\/\/decolights.eu\/wp-content\/uploads\/2023\/05\/23534_s.jpg","contentUrl":"https:\/\/decolights.eu\/wp-content\/uploads\/2023\/05\/23534_s.jpg","width":1417,"height":1093},{"@type":"BreadcrumbList","@id":"https:\/\/decolights.eu\/product\/led-lambiketi-komplekt-rippuvate-pesadega-4-5m-10-pirni-paikesepaneeliga\/#breadcrumb","itemListElement":[{"@type":"ListItem","position":1,"name":"Shop","item":"https:\/\/decolights.eu\/shop\/"},{"@type":"ListItem","position":2,"name":"Festoon LED Lights with hanging bulbs Solarpowered 4.5m 10 bulbs"}]},{"@type":"WebSite","@id":"https:\/\/decolights.eu\/#website","url":"https:\/\/decolights.eu\/","name":"decoluces","description":"Decoraciones Led para Hogar y Jard\u00edn","publisher":{"@id":"https:\/\/decolights.eu\/#organization"},"alternateName":"decolights.eu","potentialAction":[{"@type":"SearchAction","target":{"@type":"EntryPoint","urlTemplate":"https:\/\/decolights.eu\/?s={search_term_string}"},"query-input":{"@type":"PropertyValueSpecification","valueRequired":true,"valueName":"search_term_string"}}],"inLanguage":"es"},{"@type":"Organization","@id":"https:\/\/decolights.eu\/#organization","name":"decoluces","url":"https:\/\/decolights.eu\/","logo":{"@type":"ImageObject","inLanguage":"es","@id":"https:\/\/decolights.eu\/#\/schema\/logo\/image\/","url":"https:\/\/decolights.eu\/wp-content\/uploads\/2023\/07\/cropped-decolight-siteicon.png","contentUrl":"https:\/\/decolights.eu\/wp-content\/uploads\/2023\/07\/cropped-decolight-siteicon.png","width":512,"height":512,"caption":"decolights"},"image":{"@id":"https:\/\/decolights.eu\/#\/schema\/logo\/image\/"}}]}},"jetpack_sharing_enabled":true,"_links":{"self":[{"href":"https:\/\/decolights.eu\/es\/wp-json\/wp\/v2\/product\/43724","targetHints":{"allow":["GET"]}}],"collection":[{"href":"https:\/\/decolights.eu\/es\/wp-json\/wp\/v2\/product"}],"about":[{"href":"https:\/\/decolights.eu\/es\/wp-json\/wp\/v2\/types\/product"}],"replies":[{"embeddable":true,"href":"https:\/\/decolights.eu\/es\/wp-json\/wp\/v2\/comments?post=43724"}],"wp:featuredmedia":[{"embeddable":true,"href":"https:\/\/decolights.eu\/es\/wp-json\/wp\/v2\/media\/43791"}],"wp:attachment":[{"href":"https:\/\/decolights.eu\/es\/wp-json\/wp\/v2\/media?parent=43724"}],"wp:term":[{"taxonomy":"product_brand","embeddable":true,"href":"https:\/\/decolights.eu\/es\/wp-json\/wp\/v2\/product_brand?post=43724"},{"taxonomy":"product_cat","embeddable":true,"href":"https:\/\/decolights.eu\/es\/wp-json\/wp\/v2\/product_cat?post=43724"},{"taxonomy":"product_tag","embeddable":true,"href":"https:\/\/decolights.eu\/es\/wp-json\/wp\/v2\/product_tag?post=43724"}],"curies":[{"name":"wp","href":"https:\/\/api.w.org\/{rel}","templated":true}]}}