{"id":43744,"date":"2023-04-26T14:00:38","date_gmt":"2023-04-26T14:00:38","guid":{"rendered":"https:\/\/decolights.eu\/?post_type=product&#038;p=43744"},"modified":"2023-06-09T09:52:05","modified_gmt":"2023-06-09T09:52:05","slug":"festoon-led-lights-with-hanging-bulbs-12-5m-15-bulbs","status":"publish","type":"product","link":"https:\/\/decolights.eu\/es\/producto-2\/festoon-led-lights-with-hanging-bulbs-12-5m-15-bulbs\/","title":{"rendered":"Luces LED Festoon con bombillas colgantes 12,5m 15 bombillas"},"content":{"rendered":"<p>La bombilla colgante es un producto extraordinario, perfecto para una iluminaci\u00f3n decorativa y pr\u00e1ctica en el jard\u00edn o en una parcela. Tambi\u00e9n es un muy buen accesorio de iluminaci\u00f3n para decorar un restaurante u oficina. Llama la atenci\u00f3n sobre s\u00ed mismo y crea un resultado y un estado de \u00e1nimo muy hermosos.<\/p>\n<ul>\n<li>Longitud total del producto: 14M<\/li>\n<li>N\u00famero total de nidos: 15 piezas<\/li>\n<li>Z\u00f3calos: 15 piezas<\/li>\n<li>Potencia de la bombilla: 0,8 W.<\/li>\n<li>Di\u00e1metro de la bombilla: 4 cm<\/li>\n<li>Longitud de las partes colgantes: 25 cm<\/li>\n<li>Espaciado entre nidos: 0.9M<\/li>\n<li>Longitud del cable de alimentaci\u00f3n: 1,5 M<\/li>\n<li>Clasificaci\u00f3n de resistencia al agua: IP65<\/li>\n<li>Plomo: PVC<\/li>\n<li>Color del conductor: Negro<\/li>\n<li>Corriente de salida: 12V<\/li>\n<li>Continuo: S\u00ed, hasta 5 series.<\/li>\n<\/ul>\n<p>NB: \u00a1Este es un juego completo, que incluye cadena de l\u00e1mparas y bombillas! Las bombillas son intercambiables.<\/p>","protected":false},"excerpt":{"rendered":"<p>The hanging light bulb is a remarkable product that is perfect for decorative and practical lighting in the garden or on a plot. It&#8217;s also a very good lighting fixture for decorating a restaurant or office. It draws attention to itself and creates a very beautiful result and mood. Total length of product: 14M Total [&#8230;]\n","protected":false},"featured_media":43784,"comment_status":"open","ping_status":"closed","template":"","meta":[],"product_brand":[],"product_cat":[15,227,226],"product_tag":[],"class_list":{"0":"post-43744","1":"product","2":"type-product","3":"status-publish","4":"has-post-thumbnail","6":"product_cat-festoon-lights","7":"product_cat-led-festoon-lights-outdoor-lights","8":"product_cat-outdoor-lights","9":"pa_led-colour-warm-white","11":"first","12":"instock","13":"sale","14":"shipping-taxable","15":"purchasable","16":"product-type-simple"},"yoast_head":"<!-- This site is optimized with the Yoast SEO plugin v27.3 - https:\/\/yoast.com\/product\/yoast-seo-wordpress\/ -->\n<title>Festoon LED Lights with hanging bulbs 12.5m 15 bulbs - Decolights.eu<\/title>\n<meta name=\"description\" content=\"LED Lambikett ripuvate pesadega on suve terasside lahutamatu osa! Kaunista sellega nii oma koduaed kui ka restorani v\u00f5i kontori hoov. Osta kohe!\" \/>\n<meta name=\"robots\" content=\"index, follow, max-snippet:-1, max-image-preview:large, max-video-preview:-1\" \/>\n<link rel=\"canonical\" href=\"https:\/\/decolights.eu\/es\/producto-2\/festoon-led-lights-with-hanging-bulbs-12-5m-15-bulbs\/\" \/>\n<meta property=\"og:locale\" content=\"es_ES\" \/>\n<meta property=\"og:type\" content=\"article\" \/>\n<meta property=\"og:title\" content=\"Festoon LED Lights with hanging bulbs 12.5m 15 bulbs - Decolights.eu\" \/>\n<meta property=\"og:description\" content=\"LED Lambikett ripuvate pesadega on suve terasside lahutamatu osa! Kaunista sellega nii oma koduaed kui ka restorani v\u00f5i kontori hoov. Osta kohe!\" \/>\n<meta property=\"og:url\" content=\"https:\/\/decolights.eu\/es\/producto-2\/festoon-led-lights-with-hanging-bulbs-12-5m-15-bulbs\/\" \/>\n<meta property=\"og:site_name\" content=\"Decolights.eu\" \/>\n<meta property=\"article:modified_time\" content=\"2023-06-09T09:52:05+00:00\" \/>\n<meta property=\"og:image\" content=\"https:\/\/decolights.eu\/wp-content\/uploads\/2023\/05\/img_5374.jpeg\" \/>\n\t<meta property=\"og:image:width\" content=\"960\" \/>\n\t<meta property=\"og:image:height\" content=\"960\" \/>\n\t<meta property=\"og:image:type\" content=\"image\/jpeg\" \/>\n<meta name=\"twitter:card\" content=\"summary_large_image\" \/>\n<meta name=\"twitter:label1\" content=\"Tiempo de lectura\" \/>\n\t<meta name=\"twitter:data1\" content=\"1 minuto\" \/>\n<script type=\"application\/ld+json\" class=\"yoast-schema-graph\">{\"@context\":\"https:\\\/\\\/schema.org\",\"@graph\":[{\"@type\":\"WebPage\",\"@id\":\"https:\\\/\\\/decolights.eu\\\/product\\\/festoon-led-lights-with-hanging-bulbs-12-5m-15-bulbs\\\/\",\"url\":\"https:\\\/\\\/decolights.eu\\\/product\\\/festoon-led-lights-with-hanging-bulbs-12-5m-15-bulbs\\\/\",\"name\":\"Festoon LED Lights with hanging bulbs 12.5m 15 bulbs - Decolights.eu\",\"isPartOf\":{\"@id\":\"https:\\\/\\\/decolights.eu\\\/#website\"},\"primaryImageOfPage\":{\"@id\":\"https:\\\/\\\/decolights.eu\\\/product\\\/festoon-led-lights-with-hanging-bulbs-12-5m-15-bulbs\\\/#primaryimage\"},\"image\":{\"@id\":\"https:\\\/\\\/decolights.eu\\\/product\\\/festoon-led-lights-with-hanging-bulbs-12-5m-15-bulbs\\\/#primaryimage\"},\"thumbnailUrl\":\"https:\\\/\\\/decolights.eu\\\/wp-content\\\/uploads\\\/2023\\\/05\\\/img_5374.jpeg\",\"datePublished\":\"2023-04-26T14:00:38+00:00\",\"dateModified\":\"2023-06-09T09:52:05+00:00\",\"description\":\"LED Lambikett ripuvate pesadega on suve terasside lahutamatu osa! Kaunista sellega nii oma koduaed kui ka restorani v\u00f5i kontori hoov. Osta kohe!\",\"breadcrumb\":{\"@id\":\"https:\\\/\\\/decolights.eu\\\/product\\\/festoon-led-lights-with-hanging-bulbs-12-5m-15-bulbs\\\/#breadcrumb\"},\"inLanguage\":\"es\",\"potentialAction\":[{\"@type\":\"ReadAction\",\"target\":[\"https:\\\/\\\/decolights.eu\\\/product\\\/festoon-led-lights-with-hanging-bulbs-12-5m-15-bulbs\\\/\"]}]},{\"@type\":\"ImageObject\",\"inLanguage\":\"es\",\"@id\":\"https:\\\/\\\/decolights.eu\\\/product\\\/festoon-led-lights-with-hanging-bulbs-12-5m-15-bulbs\\\/#primaryimage\",\"url\":\"https:\\\/\\\/decolights.eu\\\/wp-content\\\/uploads\\\/2023\\\/05\\\/img_5374.jpeg\",\"contentUrl\":\"https:\\\/\\\/decolights.eu\\\/wp-content\\\/uploads\\\/2023\\\/05\\\/img_5374.jpeg\",\"width\":960,\"height\":960},{\"@type\":\"BreadcrumbList\",\"@id\":\"https:\\\/\\\/decolights.eu\\\/product\\\/festoon-led-lights-with-hanging-bulbs-12-5m-15-bulbs\\\/#breadcrumb\",\"itemListElement\":[{\"@type\":\"ListItem\",\"position\":1,\"name\":\"Shop\",\"item\":\"https:\\\/\\\/decolights.eu\\\/shop\\\/\"},{\"@type\":\"ListItem\",\"position\":2,\"name\":\"Festoon LED Lights with hanging bulbs 12.5m 15 bulbs\"}]},{\"@type\":\"WebSite\",\"@id\":\"https:\\\/\\\/decolights.eu\\\/#website\",\"url\":\"https:\\\/\\\/decolights.eu\\\/\",\"name\":\"decolights\",\"description\":\"Led Decorations for Home and Garden\",\"publisher\":{\"@id\":\"https:\\\/\\\/decolights.eu\\\/#organization\"},\"alternateName\":\"decolights.eu\",\"potentialAction\":[{\"@type\":\"SearchAction\",\"target\":{\"@type\":\"EntryPoint\",\"urlTemplate\":\"https:\\\/\\\/decolights.eu\\\/?s={search_term_string}\"},\"query-input\":{\"@type\":\"PropertyValueSpecification\",\"valueRequired\":true,\"valueName\":\"search_term_string\"}}],\"inLanguage\":\"es\"},{\"@type\":\"Organization\",\"@id\":\"https:\\\/\\\/decolights.eu\\\/#organization\",\"name\":\"decolights\",\"url\":\"https:\\\/\\\/decolights.eu\\\/\",\"logo\":{\"@type\":\"ImageObject\",\"inLanguage\":\"es\",\"@id\":\"https:\\\/\\\/decolights.eu\\\/#\\\/schema\\\/logo\\\/image\\\/\",\"url\":\"https:\\\/\\\/decolights.eu\\\/wp-content\\\/uploads\\\/2023\\\/07\\\/cropped-decolight-siteicon.png\",\"contentUrl\":\"https:\\\/\\\/decolights.eu\\\/wp-content\\\/uploads\\\/2023\\\/07\\\/cropped-decolight-siteicon.png\",\"width\":512,\"height\":512,\"caption\":\"decolights\"},\"image\":{\"@id\":\"https:\\\/\\\/decolights.eu\\\/#\\\/schema\\\/logo\\\/image\\\/\"}}]}<\/script>\n<!-- \/ Yoast SEO plugin. -->","yoast_head_json":{"title":"Guirnalda LED con bombillas colgantes 12,5m 15 bombillas - Decolights.eu","description":"LED Lambikett ripuvate pesadega en suve terasside lahutamatu osa! Kaunista sellega nii oma koduaed kui ka restaurani v\u00f5i kontori hoov. Osta kohe!","robots":{"index":"index","follow":"follow","max-snippet":"max-snippet:-1","max-image-preview":"max-image-preview:large","max-video-preview":"max-video-preview:-1"},"canonical":"https:\/\/decolights.eu\/es\/producto-2\/festoon-led-lights-with-hanging-bulbs-12-5m-15-bulbs\/","og_locale":"es_ES","og_type":"article","og_title":"Festoon LED Lights with hanging bulbs 12.5m 15 bulbs - Decolights.eu","og_description":"LED Lambikett ripuvate pesadega on suve terasside lahutamatu osa! Kaunista sellega nii oma koduaed kui ka restorani v\u00f5i kontori hoov. Osta kohe!","og_url":"https:\/\/decolights.eu\/es\/producto-2\/festoon-led-lights-with-hanging-bulbs-12-5m-15-bulbs\/","og_site_name":"Decolights.eu","article_modified_time":"2023-06-09T09:52:05+00:00","og_image":[{"width":960,"height":960,"url":"https:\/\/decolights.eu\/wp-content\/uploads\/2023\/05\/img_5374.jpeg","type":"image\/jpeg"}],"twitter_card":"summary_large_image","twitter_misc":{"Tiempo de lectura":"1 minuto"},"schema":{"@context":"https:\/\/schema.org","@graph":[{"@type":"WebPage","@id":"https:\/\/decolights.eu\/product\/festoon-led-lights-with-hanging-bulbs-12-5m-15-bulbs\/","url":"https:\/\/decolights.eu\/product\/festoon-led-lights-with-hanging-bulbs-12-5m-15-bulbs\/","name":"Guirnalda LED con bombillas colgantes 12,5m 15 bombillas - Decolights.eu","isPartOf":{"@id":"https:\/\/decolights.eu\/#website"},"primaryImageOfPage":{"@id":"https:\/\/decolights.eu\/product\/festoon-led-lights-with-hanging-bulbs-12-5m-15-bulbs\/#primaryimage"},"image":{"@id":"https:\/\/decolights.eu\/product\/festoon-led-lights-with-hanging-bulbs-12-5m-15-bulbs\/#primaryimage"},"thumbnailUrl":"https:\/\/decolights.eu\/wp-content\/uploads\/2023\/05\/img_5374.jpeg","datePublished":"2023-04-26T14:00:38+00:00","dateModified":"2023-06-09T09:52:05+00:00","description":"LED Lambikett ripuvate pesadega en suve terasside lahutamatu osa! Kaunista sellega nii oma koduaed kui ka restaurani v\u00f5i kontori hoov. Osta kohe!","breadcrumb":{"@id":"https:\/\/decolights.eu\/product\/festoon-led-lights-with-hanging-bulbs-12-5m-15-bulbs\/#breadcrumb"},"inLanguage":"es","potentialAction":[{"@type":"ReadAction","target":["https:\/\/decolights.eu\/product\/festoon-led-lights-with-hanging-bulbs-12-5m-15-bulbs\/"]}]},{"@type":"ImageObject","inLanguage":"es","@id":"https:\/\/decolights.eu\/product\/festoon-led-lights-with-hanging-bulbs-12-5m-15-bulbs\/#primaryimage","url":"https:\/\/decolights.eu\/wp-content\/uploads\/2023\/05\/img_5374.jpeg","contentUrl":"https:\/\/decolights.eu\/wp-content\/uploads\/2023\/05\/img_5374.jpeg","width":960,"height":960},{"@type":"BreadcrumbList","@id":"https:\/\/decolights.eu\/product\/festoon-led-lights-with-hanging-bulbs-12-5m-15-bulbs\/#breadcrumb","itemListElement":[{"@type":"ListItem","position":1,"name":"Shop","item":"https:\/\/decolights.eu\/shop\/"},{"@type":"ListItem","position":2,"name":"Festoon LED Lights with hanging bulbs 12.5m 15 bulbs"}]},{"@type":"WebSite","@id":"https:\/\/decolights.eu\/#website","url":"https:\/\/decolights.eu\/","name":"decoluces","description":"Decoraciones Led para Hogar y Jard\u00edn","publisher":{"@id":"https:\/\/decolights.eu\/#organization"},"alternateName":"decolights.eu","potentialAction":[{"@type":"SearchAction","target":{"@type":"EntryPoint","urlTemplate":"https:\/\/decolights.eu\/?s={search_term_string}"},"query-input":{"@type":"PropertyValueSpecification","valueRequired":true,"valueName":"search_term_string"}}],"inLanguage":"es"},{"@type":"Organization","@id":"https:\/\/decolights.eu\/#organization","name":"decoluces","url":"https:\/\/decolights.eu\/","logo":{"@type":"ImageObject","inLanguage":"es","@id":"https:\/\/decolights.eu\/#\/schema\/logo\/image\/","url":"https:\/\/decolights.eu\/wp-content\/uploads\/2023\/07\/cropped-decolight-siteicon.png","contentUrl":"https:\/\/decolights.eu\/wp-content\/uploads\/2023\/07\/cropped-decolight-siteicon.png","width":512,"height":512,"caption":"decolights"},"image":{"@id":"https:\/\/decolights.eu\/#\/schema\/logo\/image\/"}}]}},"jetpack_sharing_enabled":true,"_links":{"self":[{"href":"https:\/\/decolights.eu\/es\/wp-json\/wp\/v2\/product\/43744","targetHints":{"allow":["GET"]}}],"collection":[{"href":"https:\/\/decolights.eu\/es\/wp-json\/wp\/v2\/product"}],"about":[{"href":"https:\/\/decolights.eu\/es\/wp-json\/wp\/v2\/types\/product"}],"replies":[{"embeddable":true,"href":"https:\/\/decolights.eu\/es\/wp-json\/wp\/v2\/comments?post=43744"}],"wp:featuredmedia":[{"embeddable":true,"href":"https:\/\/decolights.eu\/es\/wp-json\/wp\/v2\/media\/43784"}],"wp:attachment":[{"href":"https:\/\/decolights.eu\/es\/wp-json\/wp\/v2\/media?parent=43744"}],"wp:term":[{"taxonomy":"product_brand","embeddable":true,"href":"https:\/\/decolights.eu\/es\/wp-json\/wp\/v2\/product_brand?post=43744"},{"taxonomy":"product_cat","embeddable":true,"href":"https:\/\/decolights.eu\/es\/wp-json\/wp\/v2\/product_cat?post=43744"},{"taxonomy":"product_tag","embeddable":true,"href":"https:\/\/decolights.eu\/es\/wp-json\/wp\/v2\/product_tag?post=43744"}],"curies":[{"name":"wp","href":"https:\/\/api.w.org\/{rel}","templated":true}]}}