{"id":44627,"date":"2023-07-29T14:45:58","date_gmt":"2023-07-29T14:45:58","guid":{"rendered":"https:\/\/decolights.eu\/?post_type=product&#038;p=44627"},"modified":"2023-08-11T15:15:59","modified_gmt":"2023-08-11T15:15:59","slug":"solar-latern-lumiz-round30-ikat-copper","status":"publish","type":"product","link":"https:\/\/decolights.eu\/es\/producto-2\/solar-latern-lumiz-round30-ikat-copper\/","title":{"rendered":"Linterna Solar Lumiz Round30 Ikat Cobre"},"content":{"rendered":"<p><strong>Tama\u00f1o: \u00d8 30 cm x K 29 cm<\/strong><\/p>\n<p><strong>Color: Cobre<\/strong><\/p>\n<p><strong><img loading=\"lazy\" decoding=\"async\" src=\"https:\/\/lumiz.nl\/wp-content\/uploads\/2021\/04\/LUMIZ_PATRON_ikat-119x300.jpg\" alt=\"LUMIZ_PATRON_ikat\" width=\"90\" height=\"227\" \/>\u00a0<img loading=\"lazy\" decoding=\"async\" src=\"https:\/\/lumiz.nl\/wp-content\/uploads\/2022\/02\/kopper-2.png\" width=\"178\" height=\"178\" \/><\/strong><\/p>\n<p><strong>Crea una atm\u00f3sfera m\u00e1gica con las linternas solares Lumiz.<\/strong><\/p>\n<p><strong>La manera perfecta de crear una atm\u00f3sfera m\u00e1gica en cualquier jard\u00edn, patio trasero o porche. Vienen en una amplia variedad de deliciosos colores, formas y dise\u00f1os. Deje fluir su creatividad: estas linternas se pueden mezclar y combinar para crear la atm\u00f3sfera perfecta.<\/strong><\/p>\n<p>Las linternas solares Lumizi se pueden utilizar en exteriores durante todo el a\u00f1o. Cu\u00e9lgalos al sol y las linternas proporcionar\u00e1n una luz m\u00e1gica por la noche.<\/p>\n<p><strong>Lumiz es una linterna LED sostenible<\/strong> hecho de Tyvek resistente, resistente a la intemperie y reciclable 100%, un material patentado. Tyvek es un material de alta calidad, lo que significa que las linternas durar\u00e1n.<\/p>\n<p><strong>La linterna solar es una linterna LED que se carga durante todo el d\u00eda mediante bater\u00edas solares.<\/strong> El m\u00f3dulo de bater\u00eda solar de la linterna est\u00e1 fabricado en un color que combina con el Tyvek y proporciona un color de luz LED c\u00e1lido. Para que la linterna brille al m\u00e1ximo, Lumiz decidi\u00f3 desarrollar su propio m\u00f3dulo solar. El m\u00f3dulo contiene pilas AAA recargables que se cargan de forma \u00f3ptima con la luz solar.<\/p>\n<p><strong>En condiciones \u00f3ptimas de sol, la linterna puede brillar durante 6 a 8 horas. La intensidad de la luz puede disminuir despu\u00e9s de 5-6 horas.<\/strong><\/p>\n<p><strong>Consejo de carga<\/strong>: cuelgue la linterna donde el sol pueda brillar directamente sobre el panel solar.<\/p>\n<p><strong>Mantenimiento<\/strong>: limpie el panel solar con un pa\u00f1o suave h\u00famedo. La absorci\u00f3n de energ\u00eda solar permanecer\u00e1 entonces a su m\u00e1xima capacidad. El material Tyvek se puede limpiar con un pa\u00f1o suave h\u00famedo si es necesario.<\/p>\n<p>Si quieres guardar la linterna en invierno, son f\u00e1ciles de plegar para que queden completamente planas. Recomendamos retirar las bater\u00edas del m\u00f3dulo solar. (Dejar las bater\u00edas en el panel solar por un largo per\u00edodo de tiempo puede causar fugas y da\u00f1os a los componentes electr\u00f3nicos).<\/p>","protected":false},"excerpt":{"rendered":"<p>Size: \u00d8\u00a0 30 cm x K 29 cm Colour: Copper \u00a0 Create a magical atmosphere with Lumiz solar lanterns. The perfect way to create a magical atmosphere in any garden, backyard or porch. They come in a wide variety of delicious colours, shapes and patterns. Let your creativity flow &#8211; these lanterns can be mixed [&#8230;]\n","protected":false},"featured_media":44628,"comment_status":"open","ping_status":"closed","template":"","meta":[],"product_brand":[],"product_cat":[381],"product_tag":[],"class_list":{"0":"post-44627","1":"product","2":"type-product","3":"status-publish","4":"has-post-thumbnail","6":"product_cat-lumiz","8":"first","9":"instock","10":"sale","11":"shipping-taxable","12":"purchasable","13":"product-type-simple"},"yoast_head":"<!-- This site is optimized with the Yoast SEO plugin v27.3 - https:\/\/yoast.com\/product\/yoast-seo-wordpress\/ -->\n<title>Solar Latern Lumiz Round30 Ikat Copper - Decolights.eu<\/title>\n<meta name=\"description\" content=\"Buy Solar Latern Lumiz Round30 Ikat Copper for . Browse our range of . Buy for the best price today and enjoy cozy atmosphere.\" \/>\n<meta name=\"robots\" content=\"index, follow, max-snippet:-1, max-image-preview:large, max-video-preview:-1\" \/>\n<link rel=\"canonical\" href=\"https:\/\/decolights.eu\/es\/producto-2\/solar-latern-lumiz-round30-ikat-copper\/\" \/>\n<meta property=\"og:locale\" content=\"es_ES\" \/>\n<meta property=\"og:type\" content=\"article\" \/>\n<meta property=\"og:title\" content=\"Solar Latern Lumiz Round30 Ikat Copper - Decolights.eu\" \/>\n<meta property=\"og:description\" content=\"Buy Solar Latern Lumiz Round30 Ikat Copper for . Browse our range of . Buy for the best price today and enjoy cozy atmosphere.\" \/>\n<meta property=\"og:url\" content=\"https:\/\/decolights.eu\/es\/producto-2\/solar-latern-lumiz-round30-ikat-copper\/\" \/>\n<meta property=\"og:site_name\" content=\"Decolights.eu\" \/>\n<meta property=\"article:modified_time\" content=\"2023-08-11T15:15:59+00:00\" \/>\n<meta property=\"og:image\" content=\"https:\/\/decolights.eu\/wp-content\/uploads\/2023\/08\/20.-Round-30-Ikat-Koper.jpg\" \/>\n\t<meta property=\"og:image:width\" content=\"838\" \/>\n\t<meta property=\"og:image:height\" content=\"1096\" \/>\n\t<meta property=\"og:image:type\" content=\"image\/jpeg\" \/>\n<meta name=\"twitter:card\" content=\"summary_large_image\" \/>\n<meta name=\"twitter:label1\" content=\"Tiempo de lectura\" \/>\n\t<meta name=\"twitter:data1\" content=\"2 minutos\" \/>\n<script type=\"application\/ld+json\" class=\"yoast-schema-graph\">{\"@context\":\"https:\\\/\\\/schema.org\",\"@graph\":[{\"@type\":\"WebPage\",\"@id\":\"https:\\\/\\\/decolights.eu\\\/product\\\/solar-latern-lumiz-round30-ikat-copper\\\/\",\"url\":\"https:\\\/\\\/decolights.eu\\\/product\\\/solar-latern-lumiz-round30-ikat-copper\\\/\",\"name\":\"Solar Latern Lumiz Round30 Ikat Copper - Decolights.eu\",\"isPartOf\":{\"@id\":\"https:\\\/\\\/decolights.eu\\\/#website\"},\"primaryImageOfPage\":{\"@id\":\"https:\\\/\\\/decolights.eu\\\/product\\\/solar-latern-lumiz-round30-ikat-copper\\\/#primaryimage\"},\"image\":{\"@id\":\"https:\\\/\\\/decolights.eu\\\/product\\\/solar-latern-lumiz-round30-ikat-copper\\\/#primaryimage\"},\"thumbnailUrl\":\"https:\\\/\\\/decolights.eu\\\/wp-content\\\/uploads\\\/2023\\\/08\\\/20.-Round-30-Ikat-Koper.jpg\",\"datePublished\":\"2023-07-29T14:45:58+00:00\",\"dateModified\":\"2023-08-11T15:15:59+00:00\",\"description\":\"Buy Solar Latern Lumiz Round30 Ikat Copper for . Browse our range of . Buy for the best price today and enjoy cozy atmosphere.\",\"breadcrumb\":{\"@id\":\"https:\\\/\\\/decolights.eu\\\/product\\\/solar-latern-lumiz-round30-ikat-copper\\\/#breadcrumb\"},\"inLanguage\":\"es\",\"potentialAction\":[{\"@type\":\"ReadAction\",\"target\":[\"https:\\\/\\\/decolights.eu\\\/product\\\/solar-latern-lumiz-round30-ikat-copper\\\/\"]}]},{\"@type\":\"ImageObject\",\"inLanguage\":\"es\",\"@id\":\"https:\\\/\\\/decolights.eu\\\/product\\\/solar-latern-lumiz-round30-ikat-copper\\\/#primaryimage\",\"url\":\"https:\\\/\\\/decolights.eu\\\/wp-content\\\/uploads\\\/2023\\\/08\\\/20.-Round-30-Ikat-Koper.jpg\",\"contentUrl\":\"https:\\\/\\\/decolights.eu\\\/wp-content\\\/uploads\\\/2023\\\/08\\\/20.-Round-30-Ikat-Koper.jpg\",\"width\":838,\"height\":1096},{\"@type\":\"BreadcrumbList\",\"@id\":\"https:\\\/\\\/decolights.eu\\\/product\\\/solar-latern-lumiz-round30-ikat-copper\\\/#breadcrumb\",\"itemListElement\":[{\"@type\":\"ListItem\",\"position\":1,\"name\":\"Shop\",\"item\":\"https:\\\/\\\/decolights.eu\\\/shop\\\/\"},{\"@type\":\"ListItem\",\"position\":2,\"name\":\"Solar Latern Lumiz Round30 Ikat Copper\"}]},{\"@type\":\"WebSite\",\"@id\":\"https:\\\/\\\/decolights.eu\\\/#website\",\"url\":\"https:\\\/\\\/decolights.eu\\\/\",\"name\":\"decolights\",\"description\":\"Led Decorations for Home and Garden\",\"publisher\":{\"@id\":\"https:\\\/\\\/decolights.eu\\\/#organization\"},\"alternateName\":\"decolights.eu\",\"potentialAction\":[{\"@type\":\"SearchAction\",\"target\":{\"@type\":\"EntryPoint\",\"urlTemplate\":\"https:\\\/\\\/decolights.eu\\\/?s={search_term_string}\"},\"query-input\":{\"@type\":\"PropertyValueSpecification\",\"valueRequired\":true,\"valueName\":\"search_term_string\"}}],\"inLanguage\":\"es\"},{\"@type\":\"Organization\",\"@id\":\"https:\\\/\\\/decolights.eu\\\/#organization\",\"name\":\"decolights\",\"url\":\"https:\\\/\\\/decolights.eu\\\/\",\"logo\":{\"@type\":\"ImageObject\",\"inLanguage\":\"es\",\"@id\":\"https:\\\/\\\/decolights.eu\\\/#\\\/schema\\\/logo\\\/image\\\/\",\"url\":\"https:\\\/\\\/decolights.eu\\\/wp-content\\\/uploads\\\/2023\\\/07\\\/cropped-decolight-siteicon.png\",\"contentUrl\":\"https:\\\/\\\/decolights.eu\\\/wp-content\\\/uploads\\\/2023\\\/07\\\/cropped-decolight-siteicon.png\",\"width\":512,\"height\":512,\"caption\":\"decolights\"},\"image\":{\"@id\":\"https:\\\/\\\/decolights.eu\\\/#\\\/schema\\\/logo\\\/image\\\/\"}}]}<\/script>\n<!-- \/ Yoast SEO plugin. -->","yoast_head_json":{"title":"Linterna solar Lumiz Round30 Ikat Copper - Decolights.eu","description":"Compra la linterna solar Lumiz Round30 Ikat Copper por . Explora nuestra gama. C\u00f3mprala al mejor precio hoy y disfruta de un ambiente acogedor.","robots":{"index":"index","follow":"follow","max-snippet":"max-snippet:-1","max-image-preview":"max-image-preview:large","max-video-preview":"max-video-preview:-1"},"canonical":"https:\/\/decolights.eu\/es\/producto-2\/solar-latern-lumiz-round30-ikat-copper\/","og_locale":"es_ES","og_type":"article","og_title":"Solar Latern Lumiz Round30 Ikat Copper - Decolights.eu","og_description":"Buy Solar Latern Lumiz Round30 Ikat Copper for . Browse our range of . Buy for the best price today and enjoy cozy atmosphere.","og_url":"https:\/\/decolights.eu\/es\/producto-2\/solar-latern-lumiz-round30-ikat-copper\/","og_site_name":"Decolights.eu","article_modified_time":"2023-08-11T15:15:59+00:00","og_image":[{"width":838,"height":1096,"url":"https:\/\/decolights.eu\/wp-content\/uploads\/2023\/08\/20.-Round-30-Ikat-Koper.jpg","type":"image\/jpeg"}],"twitter_card":"summary_large_image","twitter_misc":{"Tiempo de lectura":"2 minutos"},"schema":{"@context":"https:\/\/schema.org","@graph":[{"@type":"WebPage","@id":"https:\/\/decolights.eu\/product\/solar-latern-lumiz-round30-ikat-copper\/","url":"https:\/\/decolights.eu\/product\/solar-latern-lumiz-round30-ikat-copper\/","name":"Linterna solar Lumiz Round30 Ikat Copper - Decolights.eu","isPartOf":{"@id":"https:\/\/decolights.eu\/#website"},"primaryImageOfPage":{"@id":"https:\/\/decolights.eu\/product\/solar-latern-lumiz-round30-ikat-copper\/#primaryimage"},"image":{"@id":"https:\/\/decolights.eu\/product\/solar-latern-lumiz-round30-ikat-copper\/#primaryimage"},"thumbnailUrl":"https:\/\/decolights.eu\/wp-content\/uploads\/2023\/08\/20.-Round-30-Ikat-Koper.jpg","datePublished":"2023-07-29T14:45:58+00:00","dateModified":"2023-08-11T15:15:59+00:00","description":"Compra la linterna solar Lumiz Round30 Ikat Copper por . Explora nuestra gama. C\u00f3mprala al mejor precio hoy y disfruta de un ambiente acogedor.","breadcrumb":{"@id":"https:\/\/decolights.eu\/product\/solar-latern-lumiz-round30-ikat-copper\/#breadcrumb"},"inLanguage":"es","potentialAction":[{"@type":"ReadAction","target":["https:\/\/decolights.eu\/product\/solar-latern-lumiz-round30-ikat-copper\/"]}]},{"@type":"ImageObject","inLanguage":"es","@id":"https:\/\/decolights.eu\/product\/solar-latern-lumiz-round30-ikat-copper\/#primaryimage","url":"https:\/\/decolights.eu\/wp-content\/uploads\/2023\/08\/20.-Round-30-Ikat-Koper.jpg","contentUrl":"https:\/\/decolights.eu\/wp-content\/uploads\/2023\/08\/20.-Round-30-Ikat-Koper.jpg","width":838,"height":1096},{"@type":"BreadcrumbList","@id":"https:\/\/decolights.eu\/product\/solar-latern-lumiz-round30-ikat-copper\/#breadcrumb","itemListElement":[{"@type":"ListItem","position":1,"name":"Shop","item":"https:\/\/decolights.eu\/shop\/"},{"@type":"ListItem","position":2,"name":"Solar Latern Lumiz Round30 Ikat Copper"}]},{"@type":"WebSite","@id":"https:\/\/decolights.eu\/#website","url":"https:\/\/decolights.eu\/","name":"decoluces","description":"Decoraciones Led para Hogar y Jard\u00edn","publisher":{"@id":"https:\/\/decolights.eu\/#organization"},"alternateName":"decolights.eu","potentialAction":[{"@type":"SearchAction","target":{"@type":"EntryPoint","urlTemplate":"https:\/\/decolights.eu\/?s={search_term_string}"},"query-input":{"@type":"PropertyValueSpecification","valueRequired":true,"valueName":"search_term_string"}}],"inLanguage":"es"},{"@type":"Organization","@id":"https:\/\/decolights.eu\/#organization","name":"decoluces","url":"https:\/\/decolights.eu\/","logo":{"@type":"ImageObject","inLanguage":"es","@id":"https:\/\/decolights.eu\/#\/schema\/logo\/image\/","url":"https:\/\/decolights.eu\/wp-content\/uploads\/2023\/07\/cropped-decolight-siteicon.png","contentUrl":"https:\/\/decolights.eu\/wp-content\/uploads\/2023\/07\/cropped-decolight-siteicon.png","width":512,"height":512,"caption":"decolights"},"image":{"@id":"https:\/\/decolights.eu\/#\/schema\/logo\/image\/"}}]}},"jetpack_sharing_enabled":true,"_links":{"self":[{"href":"https:\/\/decolights.eu\/es\/wp-json\/wp\/v2\/product\/44627","targetHints":{"allow":["GET"]}}],"collection":[{"href":"https:\/\/decolights.eu\/es\/wp-json\/wp\/v2\/product"}],"about":[{"href":"https:\/\/decolights.eu\/es\/wp-json\/wp\/v2\/types\/product"}],"replies":[{"embeddable":true,"href":"https:\/\/decolights.eu\/es\/wp-json\/wp\/v2\/comments?post=44627"}],"wp:featuredmedia":[{"embeddable":true,"href":"https:\/\/decolights.eu\/es\/wp-json\/wp\/v2\/media\/44628"}],"wp:attachment":[{"href":"https:\/\/decolights.eu\/es\/wp-json\/wp\/v2\/media?parent=44627"}],"wp:term":[{"taxonomy":"product_brand","embeddable":true,"href":"https:\/\/decolights.eu\/es\/wp-json\/wp\/v2\/product_brand?post=44627"},{"taxonomy":"product_cat","embeddable":true,"href":"https:\/\/decolights.eu\/es\/wp-json\/wp\/v2\/product_cat?post=44627"},{"taxonomy":"product_tag","embeddable":true,"href":"https:\/\/decolights.eu\/es\/wp-json\/wp\/v2\/product_tag?post=44627"}],"curies":[{"name":"wp","href":"https:\/\/api.w.org\/{rel}","templated":true}]}}